{"id":99957,"date":"2025-11-06T17:12:20","date_gmt":"2025-11-06T16:12:20","guid":{"rendered":"https:\/\/sandybrown-lark-277155.hostingersite.com\/?post_type=product&#038;p=99957"},"modified":"2026-04-20T10:17:26","modified_gmt":"2026-04-20T08:17:26","slug":"orecchini-cerchio-13-mm-con-cristalli","status":"publish","type":"product","link":"https:\/\/brandgioielli.it\/fr\/produit\/orecchini-cerchio-13-mm-con-cristalli\/","title":{"rendered":"Cr\u00e9oles 13 mm avec cristaux"},"content":{"rendered":"<h2><strong>Cr\u00e9oles 13 mm avec cristaux\u00a0<\/strong><\/h2>\n<p>Les boucles d'oreilles avec 2 rang\u00e9es de cristaux de #Brand Jewellery sont un accessoire indispensable pour celles qui aiment les bijoux brillants, pratiques et polyvalents. Fabriqu\u00e9es en <strong data-start=\"605\" data-end=\"634\">acier inoxydable<\/strong>, durable et hypoallerg\u00e9nique, est disponible en <strong data-start=\"682\" data-end=\"708\">acier ou finition dor\u00e9e<\/strong>, parfaites pour apporter une touche de lumi\u00e8re et de personnalit\u00e9 \u00e0 n'importe quel look. Id\u00e9ales comme boucles d'oreilles \u00e0 porter au quotidien ou comme cadeau original et \u00e9l\u00e9gant, elles sont con\u00e7ues pour ceux qui recherchent des boucles d'oreilles en acier alliant design minimaliste, confort et un soup\u00e7on d'\u00e9clat. Leur design simple leur permet de s'adapter aussi bien aux looks f\u00e9minins qu'aux looks masculins.<\/p>\n<p><strong>SP\u00c9CIFICATIONS TECHNIQUES<\/strong><\/p>\n<ul>\n<li>Boucles d'oreilles Click avec cristaux blancs<\/li>\n<li>Diam\u00e8tre ext\u00e9rieur : 1,3 cm<\/li>\n<li>\u00c9paisseur : 3,5 mm<\/li>\n<li>Finition : acier ou or PVD<\/li>\n<li>Mat\u00e9riau : acier inoxydable et zircone cubique hypoallerg\u00e9nique<\/li>\n<\/ul>\n<p><em>Tous les bijoux de la marque #Brand sont fabriqu\u00e9s \u00e0 partir de l'acier inoxydable chirurgical le plus pur du march\u00e9, test\u00e9 pour le nickel et con\u00e7u pour \u00eatre port\u00e9 tous les jours sans crainte de d\u00e9coloration ou de signes d'usure.\u00a0<\/em><\/p>","protected":false},"excerpt":{"rendered":"<p>Orecchini Cerchio 13 mm con Cristalli\u00a0 Gli orecchini a cerchio con 2 file di cristalli firmati #Brand Gioielli sono un accessorio essenziale per chi ama i gioielli luminosi, pratici e versatili. Realizzato in acciaio inossidabile, resistente e ipoallergenico, \u00e8 disponibile in finitura acciaio o oro, perfetti per aggiungere un tocco di luce e personalit\u00e0 a [&hellip;]<\/p>\n","protected":false},"featured_media":99903,"template":"","meta":[],"product_brand":[],"product_cat":[460,567,475,476,19,36,24,65,507,39],"product_tag":[536],"class_list":{"0":"post-99957","1":"product","2":"type-product","3":"status-publish","4":"has-post-thumbnail","6":"product_cat-amica","7":"product_cat-brand-carpet","8":"product_cat-comunione-e-cresima","9":"product_cat-coppia","10":"product_cat-donna","11":"product_cat-orecchini","12":"product_cat-orecchini-donna","13":"product_cat-orecchini-uomo","14":"product_cat-sotto-i-30e","15":"product_cat-uomo","16":"product_tag-collezione-elite","18":"first","19":"instock","20":"shipping-taxable","21":"purchasable","22":"product-type-variable"},"yoast_head":"<!-- This site is optimized with the Yoast SEO plugin v27.4 - https:\/\/yoast.com\/product\/yoast-seo-wordpress\/ -->\n<title>Orecchini Cerchio 13 mm con Cristalli - #BrandGioielli<\/title>\n<meta name=\"description\" content=\"Acquista ora su Brand Gioielli: Orecchini Cerchio 13 mm con Cristalli\" \/>\n<meta name=\"robots\" content=\"index, follow, max-snippet:-1, max-image-preview:large, max-video-preview:-1\" \/>\n<link rel=\"canonical\" href=\"https:\/\/brandgioielli.it\/fr\/produit\/orecchini-cerchio-13-mm-con-cristalli\/\" \/>\n<meta property=\"og:locale\" content=\"fr_FR\" \/>\n<meta property=\"og:type\" content=\"article\" \/>\n<meta property=\"og:title\" content=\"Orecchini Cerchio 13 mm con Cristalli - #BrandGioielli\" \/>\n<meta property=\"og:description\" content=\"Acquista ora su Brand Gioielli: Orecchini Cerchio 13 mm con Cristalli\" \/>\n<meta property=\"og:url\" content=\"https:\/\/brandgioielli.it\/fr\/produit\/orecchini-cerchio-13-mm-con-cristalli\/\" \/>\n<meta property=\"og:site_name\" content=\"#BrandGioielli\" \/>\n<meta property=\"article:modified_time\" content=\"2026-04-20T08:17:26+00:00\" \/>\n<meta property=\"og:image\" content=\"https:\/\/brandgioielli.it\/wp-content\/uploads\/2025\/10\/Orecchini-cerchio-cristalli-14-mm-acciaio.jpg\" \/>\n\t<meta property=\"og:image:width\" content=\"800\" \/>\n\t<meta property=\"og:image:height\" content=\"800\" \/>\n\t<meta property=\"og:image:type\" content=\"image\/jpeg\" \/>\n<meta name=\"twitter:card\" content=\"summary_large_image\" \/>\n<meta name=\"twitter:label1\" content=\"Dur\u00e9e de lecture estim\u00e9e\" \/>\n\t<meta name=\"twitter:data1\" content=\"2 minutes\" \/>\n<script type=\"application\/ld+json\" class=\"yoast-schema-graph\">{\"@context\":\"https:\\\/\\\/schema.org\",\"@graph\":[{\"@type\":\"WebPage\",\"@id\":\"https:\\\/\\\/brandgioielli.it\\\/prodotto\\\/orecchini-cerchio-13-mm-con-cristalli\\\/\",\"url\":\"https:\\\/\\\/brandgioielli.it\\\/prodotto\\\/orecchini-cerchio-13-mm-con-cristalli\\\/\",\"name\":\"Orecchini Cerchio 13 mm con Cristalli - #BrandGioielli\",\"isPartOf\":{\"@id\":\"https:\\\/\\\/brandgioielli.it\\\/#website\"},\"primaryImageOfPage\":{\"@id\":\"https:\\\/\\\/brandgioielli.it\\\/prodotto\\\/orecchini-cerchio-13-mm-con-cristalli\\\/#primaryimage\"},\"image\":{\"@id\":\"https:\\\/\\\/brandgioielli.it\\\/prodotto\\\/orecchini-cerchio-13-mm-con-cristalli\\\/#primaryimage\"},\"thumbnailUrl\":\"https:\\\/\\\/brandgioielli.it\\\/wp-content\\\/uploads\\\/2025\\\/10\\\/Orecchini-cerchio-cristalli-14-mm-acciaio.jpg\",\"datePublished\":\"2025-11-06T16:12:20+00:00\",\"dateModified\":\"2026-04-20T08:17:26+00:00\",\"description\":\"Acquista ora su Brand Gioielli: Orecchini Cerchio 13 mm con Cristalli\",\"breadcrumb\":{\"@id\":\"https:\\\/\\\/brandgioielli.it\\\/prodotto\\\/orecchini-cerchio-13-mm-con-cristalli\\\/#breadcrumb\"},\"inLanguage\":\"fr-FR\",\"potentialAction\":[{\"@type\":\"ReadAction\",\"target\":[\"https:\\\/\\\/brandgioielli.it\\\/prodotto\\\/orecchini-cerchio-13-mm-con-cristalli\\\/\"]}]},{\"@type\":\"ImageObject\",\"inLanguage\":\"fr-FR\",\"@id\":\"https:\\\/\\\/brandgioielli.it\\\/prodotto\\\/orecchini-cerchio-13-mm-con-cristalli\\\/#primaryimage\",\"url\":\"https:\\\/\\\/brandgioielli.it\\\/wp-content\\\/uploads\\\/2025\\\/10\\\/Orecchini-cerchio-cristalli-14-mm-acciaio.jpg\",\"contentUrl\":\"https:\\\/\\\/brandgioielli.it\\\/wp-content\\\/uploads\\\/2025\\\/10\\\/Orecchini-cerchio-cristalli-14-mm-acciaio.jpg\",\"width\":800,\"height\":800},{\"@type\":\"BreadcrumbList\",\"@id\":\"https:\\\/\\\/brandgioielli.it\\\/prodotto\\\/orecchini-cerchio-13-mm-con-cristalli\\\/#breadcrumb\",\"itemListElement\":[{\"@type\":\"ListItem\",\"position\":1,\"name\":\"Home\",\"item\":\"https:\\\/\\\/brandgioielli.it\\\/\"},{\"@type\":\"ListItem\",\"position\":2,\"name\":\"Shop\",\"item\":\"https:\\\/\\\/brandgioielli.it\\\/shop\\\/\"},{\"@type\":\"ListItem\",\"position\":3,\"name\":\"Orecchini Cerchio 13 mm con Cristalli\"}]},{\"@type\":\"WebSite\",\"@id\":\"https:\\\/\\\/brandgioielli.it\\\/#website\",\"url\":\"https:\\\/\\\/brandgioielli.it\\\/\",\"name\":\"#BrandGioielli\",\"description\":\"\",\"publisher\":{\"@id\":\"https:\\\/\\\/brandgioielli.it\\\/#organization\"},\"potentialAction\":[{\"@type\":\"SearchAction\",\"target\":{\"@type\":\"EntryPoint\",\"urlTemplate\":\"https:\\\/\\\/brandgioielli.it\\\/?s={search_term_string}\"},\"query-input\":{\"@type\":\"PropertyValueSpecification\",\"valueRequired\":true,\"valueName\":\"search_term_string\"}}],\"inLanguage\":\"fr-FR\"},{\"@type\":\"Organization\",\"@id\":\"https:\\\/\\\/brandgioielli.it\\\/#organization\",\"name\":\"Brand Gioielli\",\"url\":\"https:\\\/\\\/brandgioielli.it\\\/\",\"logo\":{\"@type\":\"ImageObject\",\"inLanguage\":\"fr-FR\",\"@id\":\"https:\\\/\\\/brandgioielli.it\\\/#\\\/schema\\\/logo\\\/image\\\/\",\"url\":\"https:\\\/\\\/brandgioielli.it\\\/wp-content\\\/uploads\\\/2025\\\/07\\\/LogoBrand.png\",\"contentUrl\":\"https:\\\/\\\/brandgioielli.it\\\/wp-content\\\/uploads\\\/2025\\\/07\\\/LogoBrand.png\",\"width\":600,\"height\":170,\"caption\":\"Brand Gioielli\"},\"image\":{\"@id\":\"https:\\\/\\\/brandgioielli.it\\\/#\\\/schema\\\/logo\\\/image\\\/\"}}]}<\/script>\n<!-- \/ Yoast SEO plugin. -->","yoast_head_json":{"title":"Boucles d&#039;oreilles cr\u00e9oles 13 mm avec cristaux - #BrandGioielli","description":"Achetez d\u00e8s maintenant chez Brand Gioielli\u00a0: Boucles d\u2019oreilles cr\u00e9oles 13\u00a0mm orn\u00e9es de cristaux","robots":{"index":"index","follow":"follow","max-snippet":"max-snippet:-1","max-image-preview":"max-image-preview:large","max-video-preview":"max-video-preview:-1"},"canonical":"https:\/\/brandgioielli.it\/fr\/produit\/orecchini-cerchio-13-mm-con-cristalli\/","og_locale":"fr_FR","og_type":"article","og_title":"Orecchini Cerchio 13 mm con Cristalli - #BrandGioielli","og_description":"Acquista ora su Brand Gioielli: Orecchini Cerchio 13 mm con Cristalli","og_url":"https:\/\/brandgioielli.it\/fr\/produit\/orecchini-cerchio-13-mm-con-cristalli\/","og_site_name":"#BrandGioielli","article_modified_time":"2026-04-20T08:17:26+00:00","og_image":[{"width":800,"height":800,"url":"https:\/\/brandgioielli.it\/wp-content\/uploads\/2025\/10\/Orecchini-cerchio-cristalli-14-mm-acciaio.jpg","type":"image\/jpeg"}],"twitter_card":"summary_large_image","twitter_misc":{"Dur\u00e9e de lecture estim\u00e9e":"2 minutes"},"schema":{"@context":"https:\/\/schema.org","@graph":[{"@type":"WebPage","@id":"https:\/\/brandgioielli.it\/prodotto\/orecchini-cerchio-13-mm-con-cristalli\/","url":"https:\/\/brandgioielli.it\/prodotto\/orecchini-cerchio-13-mm-con-cristalli\/","name":"Boucles d&#039;oreilles cr\u00e9oles 13 mm avec cristaux - #BrandGioielli","isPartOf":{"@id":"https:\/\/brandgioielli.it\/#website"},"primaryImageOfPage":{"@id":"https:\/\/brandgioielli.it\/prodotto\/orecchini-cerchio-13-mm-con-cristalli\/#primaryimage"},"image":{"@id":"https:\/\/brandgioielli.it\/prodotto\/orecchini-cerchio-13-mm-con-cristalli\/#primaryimage"},"thumbnailUrl":"https:\/\/brandgioielli.it\/wp-content\/uploads\/2025\/10\/Orecchini-cerchio-cristalli-14-mm-acciaio.jpg","datePublished":"2025-11-06T16:12:20+00:00","dateModified":"2026-04-20T08:17:26+00:00","description":"Achetez d\u00e8s maintenant chez Brand Gioielli\u00a0: Boucles d\u2019oreilles cr\u00e9oles 13\u00a0mm orn\u00e9es de cristaux","breadcrumb":{"@id":"https:\/\/brandgioielli.it\/prodotto\/orecchini-cerchio-13-mm-con-cristalli\/#breadcrumb"},"inLanguage":"fr-FR","potentialAction":[{"@type":"ReadAction","target":["https:\/\/brandgioielli.it\/prodotto\/orecchini-cerchio-13-mm-con-cristalli\/"]}]},{"@type":"ImageObject","inLanguage":"fr-FR","@id":"https:\/\/brandgioielli.it\/prodotto\/orecchini-cerchio-13-mm-con-cristalli\/#primaryimage","url":"https:\/\/brandgioielli.it\/wp-content\/uploads\/2025\/10\/Orecchini-cerchio-cristalli-14-mm-acciaio.jpg","contentUrl":"https:\/\/brandgioielli.it\/wp-content\/uploads\/2025\/10\/Orecchini-cerchio-cristalli-14-mm-acciaio.jpg","width":800,"height":800},{"@type":"BreadcrumbList","@id":"https:\/\/brandgioielli.it\/prodotto\/orecchini-cerchio-13-mm-con-cristalli\/#breadcrumb","itemListElement":[{"@type":"ListItem","position":1,"name":"Home","item":"https:\/\/brandgioielli.it\/"},{"@type":"ListItem","position":2,"name":"Shop","item":"https:\/\/brandgioielli.it\/shop\/"},{"@type":"ListItem","position":3,"name":"Orecchini Cerchio 13 mm con Cristalli"}]},{"@type":"WebSite","@id":"https:\/\/brandgioielli.it\/#website","url":"https:\/\/brandgioielli.it\/","name":"#BrandJewellery","description":"","publisher":{"@id":"https:\/\/brandgioielli.it\/#organization"},"potentialAction":[{"@type":"SearchAction","target":{"@type":"EntryPoint","urlTemplate":"https:\/\/brandgioielli.it\/?s={search_term_string}"},"query-input":{"@type":"PropertyValueSpecification","valueRequired":true,"valueName":"search_term_string"}}],"inLanguage":"fr-FR"},{"@type":"Organization","@id":"https:\/\/brandgioielli.it\/#organization","name":"Bijoux de marque","url":"https:\/\/brandgioielli.it\/","logo":{"@type":"ImageObject","inLanguage":"fr-FR","@id":"https:\/\/brandgioielli.it\/#\/schema\/logo\/image\/","url":"https:\/\/brandgioielli.it\/wp-content\/uploads\/2025\/07\/LogoBrand.png","contentUrl":"https:\/\/brandgioielli.it\/wp-content\/uploads\/2025\/07\/LogoBrand.png","width":600,"height":170,"caption":"Brand Gioielli"},"image":{"@id":"https:\/\/brandgioielli.it\/#\/schema\/logo\/image\/"}}]}},"_links":{"self":[{"href":"https:\/\/brandgioielli.it\/fr\/wp-json\/wp\/v2\/product\/99957","targetHints":{"allow":["GET"]}}],"collection":[{"href":"https:\/\/brandgioielli.it\/fr\/wp-json\/wp\/v2\/product"}],"about":[{"href":"https:\/\/brandgioielli.it\/fr\/wp-json\/wp\/v2\/types\/product"}],"version-history":[{"count":3,"href":"https:\/\/brandgioielli.it\/fr\/wp-json\/wp\/v2\/product\/99957\/revisions"}],"predecessor-version":[{"id":99983,"href":"https:\/\/brandgioielli.it\/fr\/wp-json\/wp\/v2\/product\/99957\/revisions\/99983"}],"wp:featuredmedia":[{"embeddable":true,"href":"https:\/\/brandgioielli.it\/fr\/wp-json\/wp\/v2\/media\/99903"}],"wp:attachment":[{"href":"https:\/\/brandgioielli.it\/fr\/wp-json\/wp\/v2\/media?parent=99957"}],"wp:term":[{"taxonomy":"product_brand","embeddable":true,"href":"https:\/\/brandgioielli.it\/fr\/wp-json\/wp\/v2\/product_brand?post=99957"},{"taxonomy":"product_cat","embeddable":true,"href":"https:\/\/brandgioielli.it\/fr\/wp-json\/wp\/v2\/product_cat?post=99957"},{"taxonomy":"product_tag","embeddable":true,"href":"https:\/\/brandgioielli.it\/fr\/wp-json\/wp\/v2\/product_tag?post=99957"}],"curies":[{"name":"wp","href":"https:\/\/api.w.org\/{rel}","templated":true}]}}