{"id":99931,"date":"2025-10-29T17:20:51","date_gmt":"2025-10-29T16:20:51","guid":{"rendered":"https:\/\/sandybrown-lark-277155.hostingersite.com\/?post_type=product&#038;p=99931"},"modified":"2026-04-17T18:18:48","modified_gmt":"2026-04-17T16:18:48","slug":"specchietto-girls-just-wanna-have-fun","status":"publish","type":"product","link":"https:\/\/brandgioielli.it\/fr\/produit\/specchietto-girls-just-wanna-have-fun\/","title":{"rendered":"Les filles miroirs veulent juste s'amuser"},"content":{"rendered":"<p>Le miroir \u00ab Girls Just Wanna Have Fun \u00bb de la marque Gioielli est con\u00e7u pour vous accompagner avec style partout o\u00f9 vous allez. Petit, pratique et pliable, il se d\u00e9cline en 10 mod\u00e8les \u00e0 d\u00e9couvrir.<\/p>","protected":false},"excerpt":{"rendered":"<p>Le miroir \u00ab Girls Just Wanna Have Fun \u00bb de la marque Gioielli est con\u00e7u pour vous accompagner avec style partout o\u00f9 vous allez. Petit, pratique et pliable, il se d\u00e9cline en 10 mod\u00e8les \u00e0 d\u00e9couvrir.<\/p>","protected":false},"featured_media":99902,"template":"","meta":[],"product_brand":[],"product_cat":[535],"product_tag":[105],"class_list":{"0":"post-99931","1":"product","2":"type-product","3":"status-publish","4":"has-post-thumbnail","6":"product_cat-specchietti","7":"product_tag-gadget","9":"first","10":"instock","11":"shipping-taxable","12":"purchasable","13":"product-type-simple"},"yoast_head":"<!-- This site is optimized with the Yoast SEO plugin v27.4 - https:\/\/yoast.com\/product\/yoast-seo-wordpress\/ -->\n<title>Specchietto Girls Just Wanna Have Fun - Brand Gioielli<\/title>\n<meta name=\"description\" content=\"Scopri tutti i Gadget firmati Brand Gioielli! Specchietti, Portagioie, Travel Box e tutto quel che serve per viaggiare con stile ovunque tu voglia. Li trovi tutti su brandgioielli.it\" \/>\n<meta name=\"robots\" content=\"index, follow, max-snippet:-1, max-image-preview:large, max-video-preview:-1\" \/>\n<link rel=\"canonical\" href=\"https:\/\/brandgioielli.it\/fr\/produit\/specchietto-girls-just-wanna-have-fun\/\" \/>\n<meta property=\"og:locale\" content=\"fr_FR\" \/>\n<meta property=\"og:type\" content=\"article\" \/>\n<meta property=\"og:title\" content=\"Specchietto Girls Just Wanna Have Fun - Brand Gioielli\" \/>\n<meta property=\"og:description\" content=\"Scopri tutti i Gadget firmati Brand Gioielli! Specchietti, Portagioie, Travel Box e tutto quel che serve per viaggiare con stile ovunque tu voglia. Li trovi tutti su brandgioielli.it\" \/>\n<meta property=\"og:url\" content=\"https:\/\/brandgioielli.it\/fr\/produit\/specchietto-girls-just-wanna-have-fun\/\" \/>\n<meta property=\"og:site_name\" content=\"#BrandGioielli\" \/>\n<meta property=\"article:modified_time\" content=\"2026-04-17T16:18:48+00:00\" \/>\n<meta property=\"og:image\" content=\"http:\/\/brandgioielli.it\/wp-content\/uploads\/2025\/10\/EXP015-09-retro.jpg\" \/>\n\t<meta property=\"og:image:width\" content=\"800\" \/>\n\t<meta property=\"og:image:height\" content=\"800\" \/>\n\t<meta property=\"og:image:type\" content=\"image\/jpeg\" \/>\n<meta name=\"twitter:card\" content=\"summary_large_image\" \/>\n<meta name=\"twitter:label1\" content=\"Dur\u00e9e de lecture estim\u00e9e\" \/>\n\t<meta name=\"twitter:data1\" content=\"1 minute\" \/>\n<script type=\"application\/ld+json\" class=\"yoast-schema-graph\">{\"@context\":\"https:\\\/\\\/schema.org\",\"@graph\":[{\"@type\":\"WebPage\",\"@id\":\"https:\\\/\\\/brandgioielli.it\\\/prodotto\\\/specchietto-girls-just-wanna-have-fun\\\/\",\"url\":\"https:\\\/\\\/brandgioielli.it\\\/prodotto\\\/specchietto-girls-just-wanna-have-fun\\\/\",\"name\":\"Specchietto Girls Just Wanna Have Fun - Brand Gioielli\",\"isPartOf\":{\"@id\":\"https:\\\/\\\/brandgioielli.it\\\/#website\"},\"primaryImageOfPage\":{\"@id\":\"https:\\\/\\\/brandgioielli.it\\\/prodotto\\\/specchietto-girls-just-wanna-have-fun\\\/#primaryimage\"},\"image\":{\"@id\":\"https:\\\/\\\/brandgioielli.it\\\/prodotto\\\/specchietto-girls-just-wanna-have-fun\\\/#primaryimage\"},\"thumbnailUrl\":\"https:\\\/\\\/brandgioielli.it\\\/wp-content\\\/uploads\\\/2025\\\/10\\\/EXP015-09-retro.jpg\",\"datePublished\":\"2025-10-29T16:20:51+00:00\",\"dateModified\":\"2026-04-17T16:18:48+00:00\",\"description\":\"Scopri tutti i Gadget firmati Brand Gioielli! Specchietti, Portagioie, Travel Box e tutto quel che serve per viaggiare con stile ovunque tu voglia. Li trovi tutti su brandgioielli.it\",\"breadcrumb\":{\"@id\":\"https:\\\/\\\/brandgioielli.it\\\/prodotto\\\/specchietto-girls-just-wanna-have-fun\\\/#breadcrumb\"},\"inLanguage\":\"fr-FR\",\"potentialAction\":[{\"@type\":\"ReadAction\",\"target\":[\"https:\\\/\\\/brandgioielli.it\\\/prodotto\\\/specchietto-girls-just-wanna-have-fun\\\/\"]}]},{\"@type\":\"ImageObject\",\"inLanguage\":\"fr-FR\",\"@id\":\"https:\\\/\\\/brandgioielli.it\\\/prodotto\\\/specchietto-girls-just-wanna-have-fun\\\/#primaryimage\",\"url\":\"https:\\\/\\\/brandgioielli.it\\\/wp-content\\\/uploads\\\/2025\\\/10\\\/EXP015-09-retro.jpg\",\"contentUrl\":\"https:\\\/\\\/brandgioielli.it\\\/wp-content\\\/uploads\\\/2025\\\/10\\\/EXP015-09-retro.jpg\",\"width\":800,\"height\":800},{\"@type\":\"BreadcrumbList\",\"@id\":\"https:\\\/\\\/brandgioielli.it\\\/prodotto\\\/specchietto-girls-just-wanna-have-fun\\\/#breadcrumb\",\"itemListElement\":[{\"@type\":\"ListItem\",\"position\":1,\"name\":\"Home\",\"item\":\"https:\\\/\\\/brandgioielli.it\\\/\"},{\"@type\":\"ListItem\",\"position\":2,\"name\":\"Shop\",\"item\":\"https:\\\/\\\/brandgioielli.it\\\/shop\\\/\"},{\"@type\":\"ListItem\",\"position\":3,\"name\":\"Specchietto Girls Just Wanna Have Fun\"}]},{\"@type\":\"WebSite\",\"@id\":\"https:\\\/\\\/brandgioielli.it\\\/#website\",\"url\":\"https:\\\/\\\/brandgioielli.it\\\/\",\"name\":\"#BrandGioielli\",\"description\":\"\",\"publisher\":{\"@id\":\"https:\\\/\\\/brandgioielli.it\\\/#organization\"},\"potentialAction\":[{\"@type\":\"SearchAction\",\"target\":{\"@type\":\"EntryPoint\",\"urlTemplate\":\"https:\\\/\\\/brandgioielli.it\\\/?s={search_term_string}\"},\"query-input\":{\"@type\":\"PropertyValueSpecification\",\"valueRequired\":true,\"valueName\":\"search_term_string\"}}],\"inLanguage\":\"fr-FR\"},{\"@type\":\"Organization\",\"@id\":\"https:\\\/\\\/brandgioielli.it\\\/#organization\",\"name\":\"Brand Gioielli\",\"url\":\"https:\\\/\\\/brandgioielli.it\\\/\",\"logo\":{\"@type\":\"ImageObject\",\"inLanguage\":\"fr-FR\",\"@id\":\"https:\\\/\\\/brandgioielli.it\\\/#\\\/schema\\\/logo\\\/image\\\/\",\"url\":\"https:\\\/\\\/brandgioielli.it\\\/wp-content\\\/uploads\\\/2025\\\/07\\\/LogoBrand.png\",\"contentUrl\":\"https:\\\/\\\/brandgioielli.it\\\/wp-content\\\/uploads\\\/2025\\\/07\\\/LogoBrand.png\",\"width\":600,\"height\":170,\"caption\":\"Brand Gioielli\"},\"image\":{\"@id\":\"https:\\\/\\\/brandgioielli.it\\\/#\\\/schema\\\/logo\\\/image\\\/\"}}]}<\/script>\n<!-- \/ Yoast SEO plugin. -->","yoast_head_json":{"title":"Specchietto Girls Just Wanna Have Fun - Brand Gioielli","description":"D\u00e9couvrez tous les accessoires de la marque Gioielli\u00a0! Miroirs, bo\u00eetes \u00e0 bijoux, coffrets de voyage et tout le n\u00e9cessaire pour voyager avec style o\u00f9 que vous alliez. Retrouvez-les sur brandgioielli.it","robots":{"index":"index","follow":"follow","max-snippet":"max-snippet:-1","max-image-preview":"max-image-preview:large","max-video-preview":"max-video-preview:-1"},"canonical":"https:\/\/brandgioielli.it\/fr\/produit\/specchietto-girls-just-wanna-have-fun\/","og_locale":"fr_FR","og_type":"article","og_title":"Specchietto Girls Just Wanna Have Fun - Brand Gioielli","og_description":"Scopri tutti i Gadget firmati Brand Gioielli! Specchietti, Portagioie, Travel Box e tutto quel che serve per viaggiare con stile ovunque tu voglia. Li trovi tutti su brandgioielli.it","og_url":"https:\/\/brandgioielli.it\/fr\/produit\/specchietto-girls-just-wanna-have-fun\/","og_site_name":"#BrandGioielli","article_modified_time":"2026-04-17T16:18:48+00:00","og_image":[{"width":800,"height":800,"url":"http:\/\/brandgioielli.it\/wp-content\/uploads\/2025\/10\/EXP015-09-retro.jpg","type":"image\/jpeg"}],"twitter_card":"summary_large_image","twitter_misc":{"Dur\u00e9e de lecture estim\u00e9e":"1 minute"},"schema":{"@context":"https:\/\/schema.org","@graph":[{"@type":"WebPage","@id":"https:\/\/brandgioielli.it\/prodotto\/specchietto-girls-just-wanna-have-fun\/","url":"https:\/\/brandgioielli.it\/prodotto\/specchietto-girls-just-wanna-have-fun\/","name":"Specchietto Girls Just Wanna Have Fun - Brand Gioielli","isPartOf":{"@id":"https:\/\/brandgioielli.it\/#website"},"primaryImageOfPage":{"@id":"https:\/\/brandgioielli.it\/prodotto\/specchietto-girls-just-wanna-have-fun\/#primaryimage"},"image":{"@id":"https:\/\/brandgioielli.it\/prodotto\/specchietto-girls-just-wanna-have-fun\/#primaryimage"},"thumbnailUrl":"https:\/\/brandgioielli.it\/wp-content\/uploads\/2025\/10\/EXP015-09-retro.jpg","datePublished":"2025-10-29T16:20:51+00:00","dateModified":"2026-04-17T16:18:48+00:00","description":"D\u00e9couvrez tous les accessoires de la marque Gioielli\u00a0! Miroirs, bo\u00eetes \u00e0 bijoux, coffrets de voyage et tout le n\u00e9cessaire pour voyager avec style o\u00f9 que vous alliez. Retrouvez-les sur brandgioielli.it","breadcrumb":{"@id":"https:\/\/brandgioielli.it\/prodotto\/specchietto-girls-just-wanna-have-fun\/#breadcrumb"},"inLanguage":"fr-FR","potentialAction":[{"@type":"ReadAction","target":["https:\/\/brandgioielli.it\/prodotto\/specchietto-girls-just-wanna-have-fun\/"]}]},{"@type":"ImageObject","inLanguage":"fr-FR","@id":"https:\/\/brandgioielli.it\/prodotto\/specchietto-girls-just-wanna-have-fun\/#primaryimage","url":"https:\/\/brandgioielli.it\/wp-content\/uploads\/2025\/10\/EXP015-09-retro.jpg","contentUrl":"https:\/\/brandgioielli.it\/wp-content\/uploads\/2025\/10\/EXP015-09-retro.jpg","width":800,"height":800},{"@type":"BreadcrumbList","@id":"https:\/\/brandgioielli.it\/prodotto\/specchietto-girls-just-wanna-have-fun\/#breadcrumb","itemListElement":[{"@type":"ListItem","position":1,"name":"Home","item":"https:\/\/brandgioielli.it\/"},{"@type":"ListItem","position":2,"name":"Shop","item":"https:\/\/brandgioielli.it\/shop\/"},{"@type":"ListItem","position":3,"name":"Specchietto Girls Just Wanna Have Fun"}]},{"@type":"WebSite","@id":"https:\/\/brandgioielli.it\/#website","url":"https:\/\/brandgioielli.it\/","name":"#BrandJewellery","description":"","publisher":{"@id":"https:\/\/brandgioielli.it\/#organization"},"potentialAction":[{"@type":"SearchAction","target":{"@type":"EntryPoint","urlTemplate":"https:\/\/brandgioielli.it\/?s={search_term_string}"},"query-input":{"@type":"PropertyValueSpecification","valueRequired":true,"valueName":"search_term_string"}}],"inLanguage":"fr-FR"},{"@type":"Organization","@id":"https:\/\/brandgioielli.it\/#organization","name":"Bijoux de marque","url":"https:\/\/brandgioielli.it\/","logo":{"@type":"ImageObject","inLanguage":"fr-FR","@id":"https:\/\/brandgioielli.it\/#\/schema\/logo\/image\/","url":"https:\/\/brandgioielli.it\/wp-content\/uploads\/2025\/07\/LogoBrand.png","contentUrl":"https:\/\/brandgioielli.it\/wp-content\/uploads\/2025\/07\/LogoBrand.png","width":600,"height":170,"caption":"Brand Gioielli"},"image":{"@id":"https:\/\/brandgioielli.it\/#\/schema\/logo\/image\/"}}]}},"_links":{"self":[{"href":"https:\/\/brandgioielli.it\/fr\/wp-json\/wp\/v2\/product\/99931","targetHints":{"allow":["GET"]}}],"collection":[{"href":"https:\/\/brandgioielli.it\/fr\/wp-json\/wp\/v2\/product"}],"about":[{"href":"https:\/\/brandgioielli.it\/fr\/wp-json\/wp\/v2\/types\/product"}],"version-history":[{"count":1,"href":"https:\/\/brandgioielli.it\/fr\/wp-json\/wp\/v2\/product\/99931\/revisions"}],"predecessor-version":[{"id":99940,"href":"https:\/\/brandgioielli.it\/fr\/wp-json\/wp\/v2\/product\/99931\/revisions\/99940"}],"wp:featuredmedia":[{"embeddable":true,"href":"https:\/\/brandgioielli.it\/fr\/wp-json\/wp\/v2\/media\/99902"}],"wp:attachment":[{"href":"https:\/\/brandgioielli.it\/fr\/wp-json\/wp\/v2\/media?parent=99931"}],"wp:term":[{"taxonomy":"product_brand","embeddable":true,"href":"https:\/\/brandgioielli.it\/fr\/wp-json\/wp\/v2\/product_brand?post=99931"},{"taxonomy":"product_cat","embeddable":true,"href":"https:\/\/brandgioielli.it\/fr\/wp-json\/wp\/v2\/product_cat?post=99931"},{"taxonomy":"product_tag","embeddable":true,"href":"https:\/\/brandgioielli.it\/fr\/wp-json\/wp\/v2\/product_tag?post=99931"}],"curies":[{"name":"wp","href":"https:\/\/api.w.org\/{rel}","templated":true}]}}