{"id":9390,"date":"2025-09-19T16:19:58","date_gmt":"2025-09-19T14:19:58","guid":{"rendered":"https:\/\/sandybrown-lark-277155.hostingersite.com\/prodotto\/bracciale-pietre-blu-e-grigie-ed-ematite\/"},"modified":"2026-04-20T13:18:27","modified_gmt":"2026-04-20T11:18:27","slug":"bracciale-pietre-blu-e-grigie-ed-ematite","status":"publish","type":"product","link":"https:\/\/brandgioielli.it\/fr\/produit\/bracciale-pietre-blu-e-grigie-ed-ematite\/","title":{"rendered":"Bracelet de pierres bleues et grises et d'h\u00e9matite"},"content":{"rendered":"<h2>Bracelet pour homme avec pierres bleues et grises et h\u00e9matite fonc\u00e9e<\/h2>\n<p>Le bracelet pour homme de la marque Gioielli (#Brand) se distingue par son design \u00e9l\u00e9gant et harmonieux, orn\u00e9 de pierres bleues et grises et d&#039;h\u00e9matite fonc\u00e9e. Il pr\u00e9sente une alternance de pierres naturelles aux teintes bleues, grises et neutres, rehauss\u00e9e de d\u00e9tails en acier qui soulignent son \u00e9quilibre esth\u00e9tique. Les subtiles nuances cr\u00e9ent un effet raffin\u00e9 et contemporain, tandis que l&#039;\u00e9l\u00e9ment central en acier apporte une touche distinctive. Confectionn\u00e9 dans des mat\u00e9riaux r\u00e9sistants et confortables, il est con\u00e7u pour \u00eatre port\u00e9 au quotidien. Accessoire polyvalent et sophistiqu\u00e9, il est id\u00e9al pour compl\u00e9ter une tenue avec discr\u00e9tion, personnalit\u00e9 et un style intemporel.<\/p>\n<p><strong>SP\u00c9CIFICATIONS TECHNIQUES<\/strong><\/p>\n<ul>\n<li>Bracelet en pierres bleues et grises et h\u00e9matite fonc\u00e9e<\/li>\n<li>Longueur du bracelet : 20 cm + 3 cm d'extension<\/li>\n<li>Finition : acier<\/li>\n<li>Mat\u00e9riaux : Acier inoxydable, h\u00e9matite et pierres naturelles<\/li>\n<\/ul>\n<p><em>Tous les bijoux de la marque #Brand sont fabriqu\u00e9s \u00e0 partir de l'acier inoxydable chirurgical le plus pur du march\u00e9, test\u00e9 pour le nickel et con\u00e7u pour \u00eatre port\u00e9 tous les jours sans crainte de d\u00e9coloration ou de signes d'usure et r\u00e9sistant \u00e0 l'eau.\u00a0<\/em><\/p>","protected":false},"excerpt":{"rendered":"<p>Bracciale da Uomo con Pietre Blu e Grigie ed Ematite Scura Il bracciale da uomo con pietre blu e grigie ed ematite scura firmato #Brand Gioielli si distingue per il suo design elegante e armonioso, caratterizzato dall\u2019alternanza di pietre naturali dalle tonalit\u00e0 blu, grigie e neutre, abbinate a dettagli in acciaio che ne valorizzano l\u2019equilibrio [&hellip;]<\/p>\n","protected":false},"featured_media":101435,"template":"","meta":[],"product_brand":[],"product_cat":[459,38,507,611,39],"product_tag":[146,49],"class_list":{"0":"post-9390","1":"product","2":"type-product","3":"status-publish","4":"has-post-thumbnail","6":"product_cat-bracciali","7":"product_cat-bracciali-uomo","8":"product_cat-sotto-i-30e","9":"product_cat-spring-selection","10":"product_cat-uomo","11":"product_tag-collezione-reef","12":"product_tag-summer-selection","14":"first","15":"instock","16":"shipping-taxable","17":"purchasable","18":"product-type-simple"},"yoast_head":"<!-- This site is optimized with the Yoast SEO plugin v27.4 - https:\/\/yoast.com\/product\/yoast-seo-wordpress\/ -->\n<title>Bracciale Pietre Blu e Grigie ed Ematite - #BrandGioielli<\/title>\n<meta name=\"description\" content=\"Acquista ora su Brand Gioielli: Bracciale Pietre Blu e Grigie ed Ematite\" \/>\n<meta name=\"robots\" content=\"index, follow, max-snippet:-1, max-image-preview:large, max-video-preview:-1\" \/>\n<link rel=\"canonical\" href=\"https:\/\/brandgioielli.it\/fr\/produit\/bracciale-pietre-blu-e-grigie-ed-ematite\/\" \/>\n<meta property=\"og:locale\" content=\"fr_FR\" \/>\n<meta property=\"og:type\" content=\"article\" \/>\n<meta property=\"og:title\" content=\"Bracciale Pietre Blu e Grigie ed Ematite - #BrandGioielli\" \/>\n<meta property=\"og:description\" content=\"Acquista ora su Brand Gioielli: Bracciale Pietre Blu e Grigie ed Ematite\" \/>\n<meta property=\"og:url\" content=\"https:\/\/brandgioielli.it\/fr\/produit\/bracciale-pietre-blu-e-grigie-ed-ematite\/\" \/>\n<meta property=\"og:site_name\" content=\"#BrandGioielli\" \/>\n<meta property=\"article:modified_time\" content=\"2026-04-20T11:18:27+00:00\" \/>\n<meta property=\"og:image\" content=\"https:\/\/brandgioielli.it\/wp-content\/uploads\/2025\/09\/Bracciali-pietre-blu-grigie-ematite.jpg\" \/>\n\t<meta property=\"og:image:width\" content=\"800\" \/>\n\t<meta property=\"og:image:height\" content=\"800\" \/>\n\t<meta property=\"og:image:type\" content=\"image\/jpeg\" \/>\n<meta name=\"twitter:card\" content=\"summary_large_image\" \/>\n<meta name=\"twitter:label1\" content=\"Dur\u00e9e de lecture estim\u00e9e\" \/>\n\t<meta name=\"twitter:data1\" content=\"2 minutes\" \/>\n<script type=\"application\/ld+json\" class=\"yoast-schema-graph\">{\"@context\":\"https:\\\/\\\/schema.org\",\"@graph\":[{\"@type\":\"WebPage\",\"@id\":\"https:\\\/\\\/brandgioielli.it\\\/prodotto\\\/bracciale-pietre-blu-e-grigie-ed-ematite\\\/\",\"url\":\"https:\\\/\\\/brandgioielli.it\\\/prodotto\\\/bracciale-pietre-blu-e-grigie-ed-ematite\\\/\",\"name\":\"Bracciale Pietre Blu e Grigie ed Ematite - #BrandGioielli\",\"isPartOf\":{\"@id\":\"https:\\\/\\\/brandgioielli.it\\\/#website\"},\"primaryImageOfPage\":{\"@id\":\"https:\\\/\\\/brandgioielli.it\\\/prodotto\\\/bracciale-pietre-blu-e-grigie-ed-ematite\\\/#primaryimage\"},\"image\":{\"@id\":\"https:\\\/\\\/brandgioielli.it\\\/prodotto\\\/bracciale-pietre-blu-e-grigie-ed-ematite\\\/#primaryimage\"},\"thumbnailUrl\":\"https:\\\/\\\/brandgioielli.it\\\/wp-content\\\/uploads\\\/2025\\\/09\\\/Bracciali-pietre-blu-grigie-ematite.jpg\",\"datePublished\":\"2025-09-19T14:19:58+00:00\",\"dateModified\":\"2026-04-20T11:18:27+00:00\",\"description\":\"Acquista ora su Brand Gioielli: Bracciale Pietre Blu e Grigie ed Ematite\",\"breadcrumb\":{\"@id\":\"https:\\\/\\\/brandgioielli.it\\\/prodotto\\\/bracciale-pietre-blu-e-grigie-ed-ematite\\\/#breadcrumb\"},\"inLanguage\":\"fr-FR\",\"potentialAction\":[{\"@type\":\"ReadAction\",\"target\":[\"https:\\\/\\\/brandgioielli.it\\\/prodotto\\\/bracciale-pietre-blu-e-grigie-ed-ematite\\\/\"]}]},{\"@type\":\"ImageObject\",\"inLanguage\":\"fr-FR\",\"@id\":\"https:\\\/\\\/brandgioielli.it\\\/prodotto\\\/bracciale-pietre-blu-e-grigie-ed-ematite\\\/#primaryimage\",\"url\":\"https:\\\/\\\/brandgioielli.it\\\/wp-content\\\/uploads\\\/2025\\\/09\\\/Bracciali-pietre-blu-grigie-ematite.jpg\",\"contentUrl\":\"https:\\\/\\\/brandgioielli.it\\\/wp-content\\\/uploads\\\/2025\\\/09\\\/Bracciali-pietre-blu-grigie-ematite.jpg\",\"width\":800,\"height\":800},{\"@type\":\"BreadcrumbList\",\"@id\":\"https:\\\/\\\/brandgioielli.it\\\/prodotto\\\/bracciale-pietre-blu-e-grigie-ed-ematite\\\/#breadcrumb\",\"itemListElement\":[{\"@type\":\"ListItem\",\"position\":1,\"name\":\"Home\",\"item\":\"https:\\\/\\\/brandgioielli.it\\\/\"},{\"@type\":\"ListItem\",\"position\":2,\"name\":\"Shop\",\"item\":\"https:\\\/\\\/brandgioielli.it\\\/shop\\\/\"},{\"@type\":\"ListItem\",\"position\":3,\"name\":\"Bracciale Pietre Blu e Grigie ed Ematite\"}]},{\"@type\":\"WebSite\",\"@id\":\"https:\\\/\\\/brandgioielli.it\\\/#website\",\"url\":\"https:\\\/\\\/brandgioielli.it\\\/\",\"name\":\"#BrandGioielli\",\"description\":\"\",\"publisher\":{\"@id\":\"https:\\\/\\\/brandgioielli.it\\\/#organization\"},\"potentialAction\":[{\"@type\":\"SearchAction\",\"target\":{\"@type\":\"EntryPoint\",\"urlTemplate\":\"https:\\\/\\\/brandgioielli.it\\\/?s={search_term_string}\"},\"query-input\":{\"@type\":\"PropertyValueSpecification\",\"valueRequired\":true,\"valueName\":\"search_term_string\"}}],\"inLanguage\":\"fr-FR\"},{\"@type\":\"Organization\",\"@id\":\"https:\\\/\\\/brandgioielli.it\\\/#organization\",\"name\":\"Brand Gioielli\",\"url\":\"https:\\\/\\\/brandgioielli.it\\\/\",\"logo\":{\"@type\":\"ImageObject\",\"inLanguage\":\"fr-FR\",\"@id\":\"https:\\\/\\\/brandgioielli.it\\\/#\\\/schema\\\/logo\\\/image\\\/\",\"url\":\"https:\\\/\\\/brandgioielli.it\\\/wp-content\\\/uploads\\\/2025\\\/07\\\/LogoBrand.png\",\"contentUrl\":\"https:\\\/\\\/brandgioielli.it\\\/wp-content\\\/uploads\\\/2025\\\/07\\\/LogoBrand.png\",\"width\":600,\"height\":170,\"caption\":\"Brand Gioielli\"},\"image\":{\"@id\":\"https:\\\/\\\/brandgioielli.it\\\/#\\\/schema\\\/logo\\\/image\\\/\"}}]}<\/script>\n<!-- \/ Yoast SEO plugin. -->","yoast_head_json":{"title":"Bracciale Pietre Blu e Grigie ed Ematite - #BrandGioielli","description":"Acquista ora su Brand Gioielli: Bracciale Pietre Blu e Grigie ed Ematite","robots":{"index":"index","follow":"follow","max-snippet":"max-snippet:-1","max-image-preview":"max-image-preview:large","max-video-preview":"max-video-preview:-1"},"canonical":"https:\/\/brandgioielli.it\/fr\/produit\/bracciale-pietre-blu-e-grigie-ed-ematite\/","og_locale":"fr_FR","og_type":"article","og_title":"Bracciale Pietre Blu e Grigie ed Ematite - #BrandGioielli","og_description":"Acquista ora su Brand Gioielli: Bracciale Pietre Blu e Grigie ed Ematite","og_url":"https:\/\/brandgioielli.it\/fr\/produit\/bracciale-pietre-blu-e-grigie-ed-ematite\/","og_site_name":"#BrandGioielli","article_modified_time":"2026-04-20T11:18:27+00:00","og_image":[{"width":800,"height":800,"url":"https:\/\/brandgioielli.it\/wp-content\/uploads\/2025\/09\/Bracciali-pietre-blu-grigie-ematite.jpg","type":"image\/jpeg"}],"twitter_card":"summary_large_image","twitter_misc":{"Dur\u00e9e de lecture estim\u00e9e":"2 minutes"},"schema":{"@context":"https:\/\/schema.org","@graph":[{"@type":"WebPage","@id":"https:\/\/brandgioielli.it\/prodotto\/bracciale-pietre-blu-e-grigie-ed-ematite\/","url":"https:\/\/brandgioielli.it\/prodotto\/bracciale-pietre-blu-e-grigie-ed-ematite\/","name":"Bracciale Pietre Blu e Grigie ed Ematite - #BrandGioielli","isPartOf":{"@id":"https:\/\/brandgioielli.it\/#website"},"primaryImageOfPage":{"@id":"https:\/\/brandgioielli.it\/prodotto\/bracciale-pietre-blu-e-grigie-ed-ematite\/#primaryimage"},"image":{"@id":"https:\/\/brandgioielli.it\/prodotto\/bracciale-pietre-blu-e-grigie-ed-ematite\/#primaryimage"},"thumbnailUrl":"https:\/\/brandgioielli.it\/wp-content\/uploads\/2025\/09\/Bracciali-pietre-blu-grigie-ematite.jpg","datePublished":"2025-09-19T14:19:58+00:00","dateModified":"2026-04-20T11:18:27+00:00","description":"Acquista ora su Brand Gioielli: Bracciale Pietre Blu e Grigie ed Ematite","breadcrumb":{"@id":"https:\/\/brandgioielli.it\/prodotto\/bracciale-pietre-blu-e-grigie-ed-ematite\/#breadcrumb"},"inLanguage":"fr-FR","potentialAction":[{"@type":"ReadAction","target":["https:\/\/brandgioielli.it\/prodotto\/bracciale-pietre-blu-e-grigie-ed-ematite\/"]}]},{"@type":"ImageObject","inLanguage":"fr-FR","@id":"https:\/\/brandgioielli.it\/prodotto\/bracciale-pietre-blu-e-grigie-ed-ematite\/#primaryimage","url":"https:\/\/brandgioielli.it\/wp-content\/uploads\/2025\/09\/Bracciali-pietre-blu-grigie-ematite.jpg","contentUrl":"https:\/\/brandgioielli.it\/wp-content\/uploads\/2025\/09\/Bracciali-pietre-blu-grigie-ematite.jpg","width":800,"height":800},{"@type":"BreadcrumbList","@id":"https:\/\/brandgioielli.it\/prodotto\/bracciale-pietre-blu-e-grigie-ed-ematite\/#breadcrumb","itemListElement":[{"@type":"ListItem","position":1,"name":"Home","item":"https:\/\/brandgioielli.it\/"},{"@type":"ListItem","position":2,"name":"Shop","item":"https:\/\/brandgioielli.it\/shop\/"},{"@type":"ListItem","position":3,"name":"Bracciale Pietre Blu e Grigie ed Ematite"}]},{"@type":"WebSite","@id":"https:\/\/brandgioielli.it\/#website","url":"https:\/\/brandgioielli.it\/","name":"#BrandJewellery","description":"","publisher":{"@id":"https:\/\/brandgioielli.it\/#organization"},"potentialAction":[{"@type":"SearchAction","target":{"@type":"EntryPoint","urlTemplate":"https:\/\/brandgioielli.it\/?s={search_term_string}"},"query-input":{"@type":"PropertyValueSpecification","valueRequired":true,"valueName":"search_term_string"}}],"inLanguage":"fr-FR"},{"@type":"Organization","@id":"https:\/\/brandgioielli.it\/#organization","name":"Bijoux de marque","url":"https:\/\/brandgioielli.it\/","logo":{"@type":"ImageObject","inLanguage":"fr-FR","@id":"https:\/\/brandgioielli.it\/#\/schema\/logo\/image\/","url":"https:\/\/brandgioielli.it\/wp-content\/uploads\/2025\/07\/LogoBrand.png","contentUrl":"https:\/\/brandgioielli.it\/wp-content\/uploads\/2025\/07\/LogoBrand.png","width":600,"height":170,"caption":"Brand Gioielli"},"image":{"@id":"https:\/\/brandgioielli.it\/#\/schema\/logo\/image\/"}}]}},"_links":{"self":[{"href":"https:\/\/brandgioielli.it\/fr\/wp-json\/wp\/v2\/product\/9390","targetHints":{"allow":["GET"]}}],"collection":[{"href":"https:\/\/brandgioielli.it\/fr\/wp-json\/wp\/v2\/product"}],"about":[{"href":"https:\/\/brandgioielli.it\/fr\/wp-json\/wp\/v2\/types\/product"}],"version-history":[{"count":3,"href":"https:\/\/brandgioielli.it\/fr\/wp-json\/wp\/v2\/product\/9390\/revisions"}],"predecessor-version":[{"id":101434,"href":"https:\/\/brandgioielli.it\/fr\/wp-json\/wp\/v2\/product\/9390\/revisions\/101434"}],"wp:featuredmedia":[{"embeddable":true,"href":"https:\/\/brandgioielli.it\/fr\/wp-json\/wp\/v2\/media\/101435"}],"wp:attachment":[{"href":"https:\/\/brandgioielli.it\/fr\/wp-json\/wp\/v2\/media?parent=9390"}],"wp:term":[{"taxonomy":"product_brand","embeddable":true,"href":"https:\/\/brandgioielli.it\/fr\/wp-json\/wp\/v2\/product_brand?post=9390"},{"taxonomy":"product_cat","embeddable":true,"href":"https:\/\/brandgioielli.it\/fr\/wp-json\/wp\/v2\/product_cat?post=9390"},{"taxonomy":"product_tag","embeddable":true,"href":"https:\/\/brandgioielli.it\/fr\/wp-json\/wp\/v2\/product_tag?post=9390"}],"curies":[{"name":"wp","href":"https:\/\/api.w.org\/{rel}","templated":true}]}}