{"id":9206,"date":"2025-09-19T16:15:15","date_gmt":"2025-09-19T14:15:15","guid":{"rendered":"https:\/\/sandybrown-lark-277155.hostingersite.com\/prodotto\/charm-cristallo-cuore-blu\/"},"modified":"2026-04-20T12:18:10","modified_gmt":"2026-04-20T10:18:10","slug":"charm-cristallo-cuore-blu","status":"publish","type":"product","link":"https:\/\/brandgioielli.it\/fr\/produit\/charm-cristallo-cuore-blu\/","title":{"rendered":"Charm Crystal Heart Blue"},"content":{"rendered":"<h2>Breloque coeur en cristal bleu<\/h2>\n<p>Les breloques Crystal Heart de la collection Iris sont con\u00e7ues pour cr\u00e9er votre propre bijou modulable en m\u00e9langeant diff\u00e9rentes formes et couleurs. Elles peuvent enrichir des boucles d'oreilles, des bracelets et des colliers et sont faciles \u00e0 assortir gr\u00e2ce \u00e0 leur design classique et intemporel.<\/p>\n<p><strong>SP\u00c9CIFICATIONS TECHNIQUES<\/strong><\/p>\n<ul>\n<li>Couleur : bleu<\/li>\n<li>Type de cristaux : Zircone cubique<\/li>\n<li>Taille : 6,6 mm<\/li>\n<li>Mat\u00e9riau : acier inoxydable et hypoallerg\u00e9nique<\/li>\n<\/ul>\n<p><em>Tous les bijoux de la marque #Brand sont fabriqu\u00e9s \u00e0 partir de l'acier inoxydable chirurgical le plus pur du march\u00e9, test\u00e9 pour le nickel et con\u00e7u pour \u00eatre port\u00e9 tous les jours sans crainte de d\u00e9coloration ou de signes d'usure.\u00a0<\/em><\/p>","protected":false},"excerpt":{"rendered":"<p>Charm Cuore di Cristallo Blu I Charm a forma di Cuore di Cristallo della Collezione Iris sono pensati per creare il tuo gioiello componibile mixando diverse forme e colori. Possono arricchire orecchini, bracciali e collane e sono facilmente abbinabili, grazie al loro Design classico senza tempo. SPECIFICHE TECNICHE Colore: Blu Tipologia Cristalli: Cubic Zirconia Dimensione: [&hellip;]<\/p>\n","protected":false},"featured_media":56746,"template":"","meta":[],"product_brand":[],"product_cat":[22,471,19,508],"product_tag":[66,541],"class_list":{"0":"post-9206","1":"product","2":"type-product","3":"status-publish","4":"has-post-thumbnail","6":"product_cat-charm","7":"product_cat-charms","8":"product_cat-donna","9":"product_cat-sotto-i-5e","10":"product_tag-collezione-iris","11":"product_tag-componibili","13":"first","14":"instock","15":"shipping-taxable","16":"purchasable","17":"product-type-simple"},"yoast_head":"<!-- This site is optimized with the Yoast SEO plugin v27.4 - https:\/\/yoast.com\/product\/yoast-seo-wordpress\/ -->\n<title>Charm Cuore di Cristallo Blu - Brand Gioielli<\/title>\n<meta name=\"description\" content=\"I Charm di Cristallo a forma di Cuore della Collezione Iris sono pensati per creare il tuo gioiello componibile mixando diverse forme e colori. Possono arricchire orecchini, bracciali e collane e sono facilmente abbinabili, grazie al loro Design classico senza tempo.\" \/>\n<meta name=\"robots\" content=\"index, follow, max-snippet:-1, max-image-preview:large, max-video-preview:-1\" \/>\n<link rel=\"canonical\" href=\"https:\/\/brandgioielli.it\/fr\/produit\/charm-cristallo-cuore-blu\/\" \/>\n<meta property=\"og:locale\" content=\"fr_FR\" \/>\n<meta property=\"og:type\" content=\"article\" \/>\n<meta property=\"og:title\" content=\"Charm Cuore di Cristallo Blu - Brand Gioielli\" \/>\n<meta property=\"og:description\" content=\"I Charm di Cristallo a forma di Cuore della Collezione Iris sono pensati per creare il tuo gioiello componibile mixando diverse forme e colori. Possono arricchire orecchini, bracciali e collane e sono facilmente abbinabili, grazie al loro Design classico senza tempo.\" \/>\n<meta property=\"og:url\" content=\"https:\/\/brandgioielli.it\/fr\/produit\/charm-cristallo-cuore-blu\/\" \/>\n<meta property=\"og:site_name\" content=\"#BrandGioielli\" \/>\n<meta property=\"article:modified_time\" content=\"2026-04-20T10:18:10+00:00\" \/>\n<meta property=\"og:image\" content=\"http:\/\/brandgioielli.it\/wp-content\/uploads\/2025\/09\/charm-cristallo-cuore-blu-1.jpg\" \/>\n\t<meta property=\"og:image:width\" content=\"800\" \/>\n\t<meta property=\"og:image:height\" content=\"800\" \/>\n\t<meta property=\"og:image:type\" content=\"image\/jpeg\" \/>\n<meta name=\"twitter:card\" content=\"summary_large_image\" \/>\n<meta name=\"twitter:label1\" content=\"Dur\u00e9e de lecture estim\u00e9e\" \/>\n\t<meta name=\"twitter:data1\" content=\"1 minute\" \/>\n<script type=\"application\/ld+json\" class=\"yoast-schema-graph\">{\"@context\":\"https:\\\/\\\/schema.org\",\"@graph\":[{\"@type\":\"WebPage\",\"@id\":\"https:\\\/\\\/brandgioielli.it\\\/prodotto\\\/charm-cristallo-cuore-blu\\\/\",\"url\":\"https:\\\/\\\/brandgioielli.it\\\/prodotto\\\/charm-cristallo-cuore-blu\\\/\",\"name\":\"Charm Cuore di Cristallo Blu - Brand Gioielli\",\"isPartOf\":{\"@id\":\"https:\\\/\\\/brandgioielli.it\\\/#website\"},\"primaryImageOfPage\":{\"@id\":\"https:\\\/\\\/brandgioielli.it\\\/prodotto\\\/charm-cristallo-cuore-blu\\\/#primaryimage\"},\"image\":{\"@id\":\"https:\\\/\\\/brandgioielli.it\\\/prodotto\\\/charm-cristallo-cuore-blu\\\/#primaryimage\"},\"thumbnailUrl\":\"https:\\\/\\\/brandgioielli.it\\\/wp-content\\\/uploads\\\/2025\\\/09\\\/charm-cristallo-cuore-blu-1.jpg\",\"datePublished\":\"2025-09-19T14:15:15+00:00\",\"dateModified\":\"2026-04-20T10:18:10+00:00\",\"description\":\"I Charm di Cristallo a forma di Cuore della Collezione Iris sono pensati per creare il tuo gioiello componibile mixando diverse forme e colori. Possono arricchire orecchini, bracciali e collane e sono facilmente abbinabili, grazie al loro Design classico senza tempo.\",\"breadcrumb\":{\"@id\":\"https:\\\/\\\/brandgioielli.it\\\/prodotto\\\/charm-cristallo-cuore-blu\\\/#breadcrumb\"},\"inLanguage\":\"fr-FR\",\"potentialAction\":[{\"@type\":\"ReadAction\",\"target\":[\"https:\\\/\\\/brandgioielli.it\\\/prodotto\\\/charm-cristallo-cuore-blu\\\/\"]}]},{\"@type\":\"ImageObject\",\"inLanguage\":\"fr-FR\",\"@id\":\"https:\\\/\\\/brandgioielli.it\\\/prodotto\\\/charm-cristallo-cuore-blu\\\/#primaryimage\",\"url\":\"https:\\\/\\\/brandgioielli.it\\\/wp-content\\\/uploads\\\/2025\\\/09\\\/charm-cristallo-cuore-blu-1.jpg\",\"contentUrl\":\"https:\\\/\\\/brandgioielli.it\\\/wp-content\\\/uploads\\\/2025\\\/09\\\/charm-cristallo-cuore-blu-1.jpg\",\"width\":800,\"height\":800},{\"@type\":\"BreadcrumbList\",\"@id\":\"https:\\\/\\\/brandgioielli.it\\\/prodotto\\\/charm-cristallo-cuore-blu\\\/#breadcrumb\",\"itemListElement\":[{\"@type\":\"ListItem\",\"position\":1,\"name\":\"Home\",\"item\":\"https:\\\/\\\/brandgioielli.it\\\/\"},{\"@type\":\"ListItem\",\"position\":2,\"name\":\"Shop\",\"item\":\"https:\\\/\\\/brandgioielli.it\\\/shop\\\/\"},{\"@type\":\"ListItem\",\"position\":3,\"name\":\"Charm Cristallo Cuore Blu\"}]},{\"@type\":\"WebSite\",\"@id\":\"https:\\\/\\\/brandgioielli.it\\\/#website\",\"url\":\"https:\\\/\\\/brandgioielli.it\\\/\",\"name\":\"#BrandGioielli\",\"description\":\"\",\"publisher\":{\"@id\":\"https:\\\/\\\/brandgioielli.it\\\/#organization\"},\"potentialAction\":[{\"@type\":\"SearchAction\",\"target\":{\"@type\":\"EntryPoint\",\"urlTemplate\":\"https:\\\/\\\/brandgioielli.it\\\/?s={search_term_string}\"},\"query-input\":{\"@type\":\"PropertyValueSpecification\",\"valueRequired\":true,\"valueName\":\"search_term_string\"}}],\"inLanguage\":\"fr-FR\"},{\"@type\":\"Organization\",\"@id\":\"https:\\\/\\\/brandgioielli.it\\\/#organization\",\"name\":\"Brand Gioielli\",\"url\":\"https:\\\/\\\/brandgioielli.it\\\/\",\"logo\":{\"@type\":\"ImageObject\",\"inLanguage\":\"fr-FR\",\"@id\":\"https:\\\/\\\/brandgioielli.it\\\/#\\\/schema\\\/logo\\\/image\\\/\",\"url\":\"https:\\\/\\\/brandgioielli.it\\\/wp-content\\\/uploads\\\/2025\\\/07\\\/LogoBrand.png\",\"contentUrl\":\"https:\\\/\\\/brandgioielli.it\\\/wp-content\\\/uploads\\\/2025\\\/07\\\/LogoBrand.png\",\"width\":600,\"height\":170,\"caption\":\"Brand Gioielli\"},\"image\":{\"@id\":\"https:\\\/\\\/brandgioielli.it\\\/#\\\/schema\\\/logo\\\/image\\\/\"}}]}<\/script>\n<!-- \/ Yoast SEO plugin. -->","yoast_head_json":{"title":"Breloque c\u0153ur en cristal bleu - Marque de bijoux","description":"Les breloques en cristal en forme de c\u0153ur de la collection Iris sont con\u00e7ues pour cr\u00e9er vos propres bijoux modulables en combinant diff\u00e9rentes formes et couleurs. Elles peuvent sublimer boucles d&#039;oreilles, bracelets et colliers et s&#039;accordent facilement gr\u00e2ce \u00e0 leur design classique et intemporel.","robots":{"index":"index","follow":"follow","max-snippet":"max-snippet:-1","max-image-preview":"max-image-preview:large","max-video-preview":"max-video-preview:-1"},"canonical":"https:\/\/brandgioielli.it\/fr\/produit\/charm-cristallo-cuore-blu\/","og_locale":"fr_FR","og_type":"article","og_title":"Charm Cuore di Cristallo Blu - Brand Gioielli","og_description":"I Charm di Cristallo a forma di Cuore della Collezione Iris sono pensati per creare il tuo gioiello componibile mixando diverse forme e colori. Possono arricchire orecchini, bracciali e collane e sono facilmente abbinabili, grazie al loro Design classico senza tempo.","og_url":"https:\/\/brandgioielli.it\/fr\/produit\/charm-cristallo-cuore-blu\/","og_site_name":"#BrandGioielli","article_modified_time":"2026-04-20T10:18:10+00:00","og_image":[{"width":800,"height":800,"url":"http:\/\/brandgioielli.it\/wp-content\/uploads\/2025\/09\/charm-cristallo-cuore-blu-1.jpg","type":"image\/jpeg"}],"twitter_card":"summary_large_image","twitter_misc":{"Dur\u00e9e de lecture estim\u00e9e":"1 minute"},"schema":{"@context":"https:\/\/schema.org","@graph":[{"@type":"WebPage","@id":"https:\/\/brandgioielli.it\/prodotto\/charm-cristallo-cuore-blu\/","url":"https:\/\/brandgioielli.it\/prodotto\/charm-cristallo-cuore-blu\/","name":"Breloque c\u0153ur en cristal bleu - Marque de bijoux","isPartOf":{"@id":"https:\/\/brandgioielli.it\/#website"},"primaryImageOfPage":{"@id":"https:\/\/brandgioielli.it\/prodotto\/charm-cristallo-cuore-blu\/#primaryimage"},"image":{"@id":"https:\/\/brandgioielli.it\/prodotto\/charm-cristallo-cuore-blu\/#primaryimage"},"thumbnailUrl":"https:\/\/brandgioielli.it\/wp-content\/uploads\/2025\/09\/charm-cristallo-cuore-blu-1.jpg","datePublished":"2025-09-19T14:15:15+00:00","dateModified":"2026-04-20T10:18:10+00:00","description":"Les breloques en cristal en forme de c\u0153ur de la collection Iris sont con\u00e7ues pour cr\u00e9er vos propres bijoux modulables en combinant diff\u00e9rentes formes et couleurs. Elles peuvent sublimer boucles d&#039;oreilles, bracelets et colliers et s&#039;accordent facilement gr\u00e2ce \u00e0 leur design classique et intemporel.","breadcrumb":{"@id":"https:\/\/brandgioielli.it\/prodotto\/charm-cristallo-cuore-blu\/#breadcrumb"},"inLanguage":"fr-FR","potentialAction":[{"@type":"ReadAction","target":["https:\/\/brandgioielli.it\/prodotto\/charm-cristallo-cuore-blu\/"]}]},{"@type":"ImageObject","inLanguage":"fr-FR","@id":"https:\/\/brandgioielli.it\/prodotto\/charm-cristallo-cuore-blu\/#primaryimage","url":"https:\/\/brandgioielli.it\/wp-content\/uploads\/2025\/09\/charm-cristallo-cuore-blu-1.jpg","contentUrl":"https:\/\/brandgioielli.it\/wp-content\/uploads\/2025\/09\/charm-cristallo-cuore-blu-1.jpg","width":800,"height":800},{"@type":"BreadcrumbList","@id":"https:\/\/brandgioielli.it\/prodotto\/charm-cristallo-cuore-blu\/#breadcrumb","itemListElement":[{"@type":"ListItem","position":1,"name":"Home","item":"https:\/\/brandgioielli.it\/"},{"@type":"ListItem","position":2,"name":"Shop","item":"https:\/\/brandgioielli.it\/shop\/"},{"@type":"ListItem","position":3,"name":"Charm Cristallo Cuore Blu"}]},{"@type":"WebSite","@id":"https:\/\/brandgioielli.it\/#website","url":"https:\/\/brandgioielli.it\/","name":"#BrandJewellery","description":"","publisher":{"@id":"https:\/\/brandgioielli.it\/#organization"},"potentialAction":[{"@type":"SearchAction","target":{"@type":"EntryPoint","urlTemplate":"https:\/\/brandgioielli.it\/?s={search_term_string}"},"query-input":{"@type":"PropertyValueSpecification","valueRequired":true,"valueName":"search_term_string"}}],"inLanguage":"fr-FR"},{"@type":"Organization","@id":"https:\/\/brandgioielli.it\/#organization","name":"Bijoux de marque","url":"https:\/\/brandgioielli.it\/","logo":{"@type":"ImageObject","inLanguage":"fr-FR","@id":"https:\/\/brandgioielli.it\/#\/schema\/logo\/image\/","url":"https:\/\/brandgioielli.it\/wp-content\/uploads\/2025\/07\/LogoBrand.png","contentUrl":"https:\/\/brandgioielli.it\/wp-content\/uploads\/2025\/07\/LogoBrand.png","width":600,"height":170,"caption":"Brand Gioielli"},"image":{"@id":"https:\/\/brandgioielli.it\/#\/schema\/logo\/image\/"}}]}},"_links":{"self":[{"href":"https:\/\/brandgioielli.it\/fr\/wp-json\/wp\/v2\/product\/9206","targetHints":{"allow":["GET"]}}],"collection":[{"href":"https:\/\/brandgioielli.it\/fr\/wp-json\/wp\/v2\/product"}],"about":[{"href":"https:\/\/brandgioielli.it\/fr\/wp-json\/wp\/v2\/types\/product"}],"version-history":[{"count":4,"href":"https:\/\/brandgioielli.it\/fr\/wp-json\/wp\/v2\/product\/9206\/revisions"}],"predecessor-version":[{"id":100494,"href":"https:\/\/brandgioielli.it\/fr\/wp-json\/wp\/v2\/product\/9206\/revisions\/100494"}],"wp:featuredmedia":[{"embeddable":true,"href":"https:\/\/brandgioielli.it\/fr\/wp-json\/wp\/v2\/media\/56746"}],"wp:attachment":[{"href":"https:\/\/brandgioielli.it\/fr\/wp-json\/wp\/v2\/media?parent=9206"}],"wp:term":[{"taxonomy":"product_brand","embeddable":true,"href":"https:\/\/brandgioielli.it\/fr\/wp-json\/wp\/v2\/product_brand?post=9206"},{"taxonomy":"product_cat","embeddable":true,"href":"https:\/\/brandgioielli.it\/fr\/wp-json\/wp\/v2\/product_cat?post=9206"},{"taxonomy":"product_tag","embeddable":true,"href":"https:\/\/brandgioielli.it\/fr\/wp-json\/wp\/v2\/product_tag?post=9206"}],"curies":[{"name":"wp","href":"https:\/\/api.w.org\/{rel}","templated":true}]}}