{"id":9204,"date":"2025-09-19T16:15:15","date_gmt":"2025-09-19T14:15:15","guid":{"rendered":"https:\/\/sandybrown-lark-277155.hostingersite.com\/prodotto\/charm-cristallo-verde\/"},"modified":"2026-04-20T11:17:55","modified_gmt":"2026-04-20T09:17:55","slug":"charm-cristallo-verde","status":"publish","type":"product","link":"https:\/\/brandgioielli.it\/fr\/produit\/charm-cristallo-verde\/","title":{"rendered":"Breloque en cristal vert"},"content":{"rendered":"<h2>Charm Crystal Dot Light Green<\/h2>\n<p>Les breloques Crystal Point of Light de la collection Iris sont con\u00e7ues pour cr\u00e9er votre propre bijou modulable en m\u00e9langeant diff\u00e9rentes formes et couleurs. Elles peuvent enrichir des boucles d'oreilles, des bracelets et des colliers et sont faciles \u00e0 assortir gr\u00e2ce \u00e0 leur design classique et intemporel.<\/p>\n<p><strong>SP\u00c9CIFICATIONS TECHNIQUES<\/strong><\/p>\n<ul>\n<li>Couleur : vert<\/li>\n<li>Type de cristaux : Zircone cubique<\/li>\n<li>Taille : 5 mm<\/li>\n<li>Mat\u00e9riau : acier inoxydable et hypoallerg\u00e9nique<\/li>\n<\/ul>\n<p><em>Tous les bijoux de la marque #Brand sont fabriqu\u00e9s \u00e0 partir de l'acier inoxydable chirurgical le plus pur du march\u00e9, test\u00e9 pour le nickel et con\u00e7u pour \u00eatre port\u00e9 tous les jours sans crainte de d\u00e9coloration ou de signes d'usure.\u00a0<\/em><\/p>","protected":false},"excerpt":{"rendered":"<p>Charm Cristallo Punto Luce Verde I Charm Cristallo Punto Luce della Collezione Iris sono pensati per creare il tuo gioiello componibile mixando diverse forme e colori. Possono arricchire orecchini, bracciali e collane e sono facilmente abbinabili, grazie al loro Design classico senza tempo. SPECIFICHE TECNICHE Colore: Verde Tipologia Cristalli: Cubic Zirconia Dimensione: 5mm Materiale: Acciaio [&hellip;]<\/p>\n","protected":false},"featured_media":56745,"template":"","meta":[],"product_brand":[],"product_cat":[22,471,19,508],"product_tag":[66,541],"class_list":{"0":"post-9204","1":"product","2":"type-product","3":"status-publish","4":"has-post-thumbnail","6":"product_cat-charm","7":"product_cat-charms","8":"product_cat-donna","9":"product_cat-sotto-i-5e","10":"product_tag-collezione-iris","11":"product_tag-componibili","13":"first","14":"instock","15":"shipping-taxable","16":"purchasable","17":"product-type-simple"},"yoast_head":"<!-- This site is optimized with the Yoast SEO plugin v27.4 - https:\/\/yoast.com\/product\/yoast-seo-wordpress\/ -->\n<title>Charm Punto Luce Verde - Brand Gioielli<\/title>\n<meta name=\"description\" content=\"I Charm Cristallo Punto Luce della Collezione Iris sono pensati per creare il tuo gioiello componibile mixando diverse forme e colori. Possono arricchire orecchini, bracciali e collane e sono facilmente abbinabili, grazie al loro Design classico senza tempo.\u00a0\" \/>\n<meta name=\"robots\" content=\"index, follow, max-snippet:-1, max-image-preview:large, max-video-preview:-1\" \/>\n<link rel=\"canonical\" href=\"https:\/\/brandgioielli.it\/fr\/produit\/charm-cristallo-verde\/\" \/>\n<meta property=\"og:locale\" content=\"fr_FR\" \/>\n<meta property=\"og:type\" content=\"article\" \/>\n<meta property=\"og:title\" content=\"Charm Punto Luce Verde - Brand Gioielli\" \/>\n<meta property=\"og:description\" content=\"I Charm Cristallo Punto Luce della Collezione Iris sono pensati per creare il tuo gioiello componibile mixando diverse forme e colori. Possono arricchire orecchini, bracciali e collane e sono facilmente abbinabili, grazie al loro Design classico senza tempo.\u00a0\" \/>\n<meta property=\"og:url\" content=\"https:\/\/brandgioielli.it\/fr\/produit\/charm-cristallo-verde\/\" \/>\n<meta property=\"og:site_name\" content=\"#BrandGioielli\" \/>\n<meta property=\"article:modified_time\" content=\"2026-04-20T09:17:55+00:00\" \/>\n<meta property=\"og:image\" content=\"http:\/\/brandgioielli.it\/wp-content\/uploads\/2025\/09\/charm-cristallo-verde-1.jpg\" \/>\n\t<meta property=\"og:image:width\" content=\"800\" \/>\n\t<meta property=\"og:image:height\" content=\"800\" \/>\n\t<meta property=\"og:image:type\" content=\"image\/jpeg\" \/>\n<meta name=\"twitter:card\" content=\"summary_large_image\" \/>\n<meta name=\"twitter:label1\" content=\"Dur\u00e9e de lecture estim\u00e9e\" \/>\n\t<meta name=\"twitter:data1\" content=\"1 minute\" \/>\n<script type=\"application\/ld+json\" class=\"yoast-schema-graph\">{\"@context\":\"https:\\\/\\\/schema.org\",\"@graph\":[{\"@type\":\"WebPage\",\"@id\":\"https:\\\/\\\/brandgioielli.it\\\/prodotto\\\/charm-cristallo-verde\\\/\",\"url\":\"https:\\\/\\\/brandgioielli.it\\\/prodotto\\\/charm-cristallo-verde\\\/\",\"name\":\"Charm Punto Luce Verde - Brand Gioielli\",\"isPartOf\":{\"@id\":\"https:\\\/\\\/brandgioielli.it\\\/#website\"},\"primaryImageOfPage\":{\"@id\":\"https:\\\/\\\/brandgioielli.it\\\/prodotto\\\/charm-cristallo-verde\\\/#primaryimage\"},\"image\":{\"@id\":\"https:\\\/\\\/brandgioielli.it\\\/prodotto\\\/charm-cristallo-verde\\\/#primaryimage\"},\"thumbnailUrl\":\"https:\\\/\\\/brandgioielli.it\\\/wp-content\\\/uploads\\\/2025\\\/09\\\/charm-cristallo-verde-1.jpg\",\"datePublished\":\"2025-09-19T14:15:15+00:00\",\"dateModified\":\"2026-04-20T09:17:55+00:00\",\"description\":\"I Charm Cristallo Punto Luce della Collezione Iris sono pensati per creare il tuo gioiello componibile mixando diverse forme e colori. Possono arricchire orecchini, bracciali e collane e sono facilmente abbinabili, grazie al loro Design classico senza tempo.\u00a0\",\"breadcrumb\":{\"@id\":\"https:\\\/\\\/brandgioielli.it\\\/prodotto\\\/charm-cristallo-verde\\\/#breadcrumb\"},\"inLanguage\":\"fr-FR\",\"potentialAction\":[{\"@type\":\"ReadAction\",\"target\":[\"https:\\\/\\\/brandgioielli.it\\\/prodotto\\\/charm-cristallo-verde\\\/\"]}]},{\"@type\":\"ImageObject\",\"inLanguage\":\"fr-FR\",\"@id\":\"https:\\\/\\\/brandgioielli.it\\\/prodotto\\\/charm-cristallo-verde\\\/#primaryimage\",\"url\":\"https:\\\/\\\/brandgioielli.it\\\/wp-content\\\/uploads\\\/2025\\\/09\\\/charm-cristallo-verde-1.jpg\",\"contentUrl\":\"https:\\\/\\\/brandgioielli.it\\\/wp-content\\\/uploads\\\/2025\\\/09\\\/charm-cristallo-verde-1.jpg\",\"width\":800,\"height\":800},{\"@type\":\"BreadcrumbList\",\"@id\":\"https:\\\/\\\/brandgioielli.it\\\/prodotto\\\/charm-cristallo-verde\\\/#breadcrumb\",\"itemListElement\":[{\"@type\":\"ListItem\",\"position\":1,\"name\":\"Home\",\"item\":\"https:\\\/\\\/brandgioielli.it\\\/\"},{\"@type\":\"ListItem\",\"position\":2,\"name\":\"Shop\",\"item\":\"https:\\\/\\\/brandgioielli.it\\\/shop\\\/\"},{\"@type\":\"ListItem\",\"position\":3,\"name\":\"Charm Cristallo Verde\"}]},{\"@type\":\"WebSite\",\"@id\":\"https:\\\/\\\/brandgioielli.it\\\/#website\",\"url\":\"https:\\\/\\\/brandgioielli.it\\\/\",\"name\":\"#BrandGioielli\",\"description\":\"\",\"publisher\":{\"@id\":\"https:\\\/\\\/brandgioielli.it\\\/#organization\"},\"potentialAction\":[{\"@type\":\"SearchAction\",\"target\":{\"@type\":\"EntryPoint\",\"urlTemplate\":\"https:\\\/\\\/brandgioielli.it\\\/?s={search_term_string}\"},\"query-input\":{\"@type\":\"PropertyValueSpecification\",\"valueRequired\":true,\"valueName\":\"search_term_string\"}}],\"inLanguage\":\"fr-FR\"},{\"@type\":\"Organization\",\"@id\":\"https:\\\/\\\/brandgioielli.it\\\/#organization\",\"name\":\"Brand Gioielli\",\"url\":\"https:\\\/\\\/brandgioielli.it\\\/\",\"logo\":{\"@type\":\"ImageObject\",\"inLanguage\":\"fr-FR\",\"@id\":\"https:\\\/\\\/brandgioielli.it\\\/#\\\/schema\\\/logo\\\/image\\\/\",\"url\":\"https:\\\/\\\/brandgioielli.it\\\/wp-content\\\/uploads\\\/2025\\\/07\\\/LogoBrand.png\",\"contentUrl\":\"https:\\\/\\\/brandgioielli.it\\\/wp-content\\\/uploads\\\/2025\\\/07\\\/LogoBrand.png\",\"width\":600,\"height\":170,\"caption\":\"Brand Gioielli\"},\"image\":{\"@id\":\"https:\\\/\\\/brandgioielli.it\\\/#\\\/schema\\\/logo\\\/image\\\/\"}}]}<\/script>\n<!-- \/ Yoast SEO plugin. -->","yoast_head_json":{"title":"Charm Punto Luce Verde - Brand Gioielli","description":"Les breloques Crystal Point of Light de la collection Iris sont con\u00e7ues pour cr\u00e9er votre propre bijou modulable en m\u00e9langeant diff\u00e9rentes formes et couleurs. Elles peuvent enrichir des boucles d'oreilles, des bracelets et des colliers et sont faciles \u00e0 assortir gr\u00e2ce \u00e0 leur design classique et intemporel.\u00a0","robots":{"index":"index","follow":"follow","max-snippet":"max-snippet:-1","max-image-preview":"max-image-preview:large","max-video-preview":"max-video-preview:-1"},"canonical":"https:\/\/brandgioielli.it\/fr\/produit\/charm-cristallo-verde\/","og_locale":"fr_FR","og_type":"article","og_title":"Charm Punto Luce Verde - Brand Gioielli","og_description":"I Charm Cristallo Punto Luce della Collezione Iris sono pensati per creare il tuo gioiello componibile mixando diverse forme e colori. Possono arricchire orecchini, bracciali e collane e sono facilmente abbinabili, grazie al loro Design classico senza tempo.\u00a0","og_url":"https:\/\/brandgioielli.it\/fr\/produit\/charm-cristallo-verde\/","og_site_name":"#BrandGioielli","article_modified_time":"2026-04-20T09:17:55+00:00","og_image":[{"width":800,"height":800,"url":"http:\/\/brandgioielli.it\/wp-content\/uploads\/2025\/09\/charm-cristallo-verde-1.jpg","type":"image\/jpeg"}],"twitter_card":"summary_large_image","twitter_misc":{"Dur\u00e9e de lecture estim\u00e9e":"1 minute"},"schema":{"@context":"https:\/\/schema.org","@graph":[{"@type":"WebPage","@id":"https:\/\/brandgioielli.it\/prodotto\/charm-cristallo-verde\/","url":"https:\/\/brandgioielli.it\/prodotto\/charm-cristallo-verde\/","name":"Charm Punto Luce Verde - Brand Gioielli","isPartOf":{"@id":"https:\/\/brandgioielli.it\/#website"},"primaryImageOfPage":{"@id":"https:\/\/brandgioielli.it\/prodotto\/charm-cristallo-verde\/#primaryimage"},"image":{"@id":"https:\/\/brandgioielli.it\/prodotto\/charm-cristallo-verde\/#primaryimage"},"thumbnailUrl":"https:\/\/brandgioielli.it\/wp-content\/uploads\/2025\/09\/charm-cristallo-verde-1.jpg","datePublished":"2025-09-19T14:15:15+00:00","dateModified":"2026-04-20T09:17:55+00:00","description":"Les breloques Crystal Point of Light de la collection Iris sont con\u00e7ues pour cr\u00e9er votre propre bijou modulable en m\u00e9langeant diff\u00e9rentes formes et couleurs. Elles peuvent enrichir des boucles d'oreilles, des bracelets et des colliers et sont faciles \u00e0 assortir gr\u00e2ce \u00e0 leur design classique et intemporel.\u00a0","breadcrumb":{"@id":"https:\/\/brandgioielli.it\/prodotto\/charm-cristallo-verde\/#breadcrumb"},"inLanguage":"fr-FR","potentialAction":[{"@type":"ReadAction","target":["https:\/\/brandgioielli.it\/prodotto\/charm-cristallo-verde\/"]}]},{"@type":"ImageObject","inLanguage":"fr-FR","@id":"https:\/\/brandgioielli.it\/prodotto\/charm-cristallo-verde\/#primaryimage","url":"https:\/\/brandgioielli.it\/wp-content\/uploads\/2025\/09\/charm-cristallo-verde-1.jpg","contentUrl":"https:\/\/brandgioielli.it\/wp-content\/uploads\/2025\/09\/charm-cristallo-verde-1.jpg","width":800,"height":800},{"@type":"BreadcrumbList","@id":"https:\/\/brandgioielli.it\/prodotto\/charm-cristallo-verde\/#breadcrumb","itemListElement":[{"@type":"ListItem","position":1,"name":"Home","item":"https:\/\/brandgioielli.it\/"},{"@type":"ListItem","position":2,"name":"Shop","item":"https:\/\/brandgioielli.it\/shop\/"},{"@type":"ListItem","position":3,"name":"Charm Cristallo Verde"}]},{"@type":"WebSite","@id":"https:\/\/brandgioielli.it\/#website","url":"https:\/\/brandgioielli.it\/","name":"#BrandJewellery","description":"","publisher":{"@id":"https:\/\/brandgioielli.it\/#organization"},"potentialAction":[{"@type":"SearchAction","target":{"@type":"EntryPoint","urlTemplate":"https:\/\/brandgioielli.it\/?s={search_term_string}"},"query-input":{"@type":"PropertyValueSpecification","valueRequired":true,"valueName":"search_term_string"}}],"inLanguage":"fr-FR"},{"@type":"Organization","@id":"https:\/\/brandgioielli.it\/#organization","name":"Bijoux de marque","url":"https:\/\/brandgioielli.it\/","logo":{"@type":"ImageObject","inLanguage":"fr-FR","@id":"https:\/\/brandgioielli.it\/#\/schema\/logo\/image\/","url":"https:\/\/brandgioielli.it\/wp-content\/uploads\/2025\/07\/LogoBrand.png","contentUrl":"https:\/\/brandgioielli.it\/wp-content\/uploads\/2025\/07\/LogoBrand.png","width":600,"height":170,"caption":"Brand Gioielli"},"image":{"@id":"https:\/\/brandgioielli.it\/#\/schema\/logo\/image\/"}}]}},"_links":{"self":[{"href":"https:\/\/brandgioielli.it\/fr\/wp-json\/wp\/v2\/product\/9204","targetHints":{"allow":["GET"]}}],"collection":[{"href":"https:\/\/brandgioielli.it\/fr\/wp-json\/wp\/v2\/product"}],"about":[{"href":"https:\/\/brandgioielli.it\/fr\/wp-json\/wp\/v2\/types\/product"}],"version-history":[{"count":3,"href":"https:\/\/brandgioielli.it\/fr\/wp-json\/wp\/v2\/product\/9204\/revisions"}],"predecessor-version":[{"id":100517,"href":"https:\/\/brandgioielli.it\/fr\/wp-json\/wp\/v2\/product\/9204\/revisions\/100517"}],"wp:featuredmedia":[{"embeddable":true,"href":"https:\/\/brandgioielli.it\/fr\/wp-json\/wp\/v2\/media\/56745"}],"wp:attachment":[{"href":"https:\/\/brandgioielli.it\/fr\/wp-json\/wp\/v2\/media?parent=9204"}],"wp:term":[{"taxonomy":"product_brand","embeddable":true,"href":"https:\/\/brandgioielli.it\/fr\/wp-json\/wp\/v2\/product_brand?post=9204"},{"taxonomy":"product_cat","embeddable":true,"href":"https:\/\/brandgioielli.it\/fr\/wp-json\/wp\/v2\/product_cat?post=9204"},{"taxonomy":"product_tag","embeddable":true,"href":"https:\/\/brandgioielli.it\/fr\/wp-json\/wp\/v2\/product_tag?post=9204"}],"curies":[{"name":"wp","href":"https:\/\/api.w.org\/{rel}","templated":true}]}}