{"id":9044,"date":"2025-09-19T16:11:43","date_gmt":"2025-09-19T14:11:43","guid":{"rendered":"https:\/\/sandybrown-lark-277155.hostingersite.com\/prodotto\/circular-barbell-4\/"},"modified":"2026-03-16T12:03:47","modified_gmt":"2026-03-16T11:03:47","slug":"piercing-circular-barbell-medio-16mm","status":"publish","type":"product","link":"https:\/\/brandgioielli.it\/fr\/produit\/piercing-circular-barbell-medio-16mm\/","title":{"rendered":"Piercing halt\u00e8re circulaire moyen 1,6 mm"},"content":{"rendered":"<h2>Piercing Circular Barbell Medio 1,6mm<\/h2>\n<div class=\"flex flex-col text-sm pb-25\">\n<article class=\"text-token-text-primary w-full focus:outline-none [--shadow-height:45px] has-data-writing-block:pointer-events-none has-data-writing-block:-mt-(--shadow-height) has-data-writing-block:pt-(--shadow-height) [&amp;:has([data-writing-block])&gt;*]:pointer-events-auto scroll-mt-[calc(var(--header-height)+min(200px,max(70px,20svh)))]\" dir=\"auto\" tabindex=\"-1\" data-turn-id=\"request-6889f392-8280-8329-8895-28f60b0b39f3-1\" data-testid=\"conversation-turn-78\" data-scroll-anchor=\"true\" data-turn=\"assistant\">\n<div class=\"text-base my-auto mx-auto pb-10 [--thread-content-margin:--spacing(4)] @w-sm\/main:[--thread-content-margin:--spacing(6)] @w-lg\/main:[--thread-content-margin:--spacing(16)] px-(--thread-content-margin)\">\n<div class=\"[--thread-content-max-width:40rem] @w-lg\/main:[--thread-content-max-width:48rem] mx-auto max-w-(--thread-content-max-width) flex-1 group\/turn-messages focus-visible:outline-hidden relative flex w-full min-w-0 flex-col agent-turn\" tabindex=\"-1\">\n<div class=\"flex max-w-full flex-col grow\">\n<div class=\"min-h-8 text-message relative flex w-full flex-col items-end gap-2 text-start break-words whitespace-normal [.text-message+&amp;]:mt-1\" dir=\"auto\" data-message-author-role=\"assistant\" data-message-id=\"53eeb0b0-5d93-4ca6-b17e-03077ccfc717\" data-message-model-slug=\"gpt-5-2\">\n<div class=\"flex w-full flex-col gap-1 empty:hidden first:pt-[1px]\">\n<div class=\"markdown prose dark:prose-invert w-full wrap-break-word dark markdown-new-styling\">\n<p data-start=\"0\" data-end=\"672\" data-is-last-node=\"\" data-is-only-node=\"\">Il piercing circular barbell dal diametro medio di 1,6mm firmato #Brand Gioielli si distingue per il suo design essenziale e contemporaneo, caratterizzato dalla classica forma a \u201cU\u201d con estremit\u00e0 sferiche che donano un look pulito, equilibrato e versatile. La linea armoniosa e la struttura solida lo rendono un gioiello di forte personalit\u00e0, perfetto sia per uno stile minimal e discreto sia per combinazioni pi\u00f9 audaci e di tendenza. La filettatura alle estremit\u00e0 consente di svitare una delle sfere per aprire e chiudere il piercing in modo pratico e sicuro, garantendo stabilit\u00e0 e comfort durante l\u2019utilizzo. Realizzato in acciaio inossidabile e disponibile in diverse finiture, garantisce resistenza, comfort e brillantezza nel tempo, mantenendo inalterato il suo aspetto anche con l\u2019uso quotidiano. Estremamente versatile, pu\u00f2 essere indossato al setto nasale, all\u2019orecchio, al labbro e, in base all\u2019anatomia personale, anche in altre parti del viso e del corpo. Ideale da portare da solo per un effetto essenziale e pulito oppure in abbinamento ad altri piercing per creare mix personalizzati e contemporanei.<\/p>\n<\/div>\n<\/div>\n<\/div>\n<\/div>\n<\/div>\n<\/div>\n<\/article>\n<\/div>\n<div class=\"flex flex-col text-sm pb-25\">\n<article class=\"text-token-text-primary w-full focus:outline-none [--shadow-height:45px] has-data-writing-block:pointer-events-none has-data-writing-block:-mt-(--shadow-height) has-data-writing-block:pt-(--shadow-height) [&amp;:has([data-writing-block])&gt;*]:pointer-events-auto scroll-mt-[calc(var(--header-height)+min(200px,max(70px,20svh)))]\" dir=\"auto\" tabindex=\"-1\" data-turn-id=\"request-693c1ef8-369c-8327-b513-59ed25edd9bb-3\" data-testid=\"conversation-turn-344\" data-scroll-anchor=\"true\" data-turn=\"assistant\">\n<div class=\"text-base my-auto mx-auto pb-10 [--thread-content-margin:--spacing(4)] @w-sm\/main:[--thread-content-margin:--spacing(6)] @w-lg\/main:[--thread-content-margin:--spacing(16)] px-(--thread-content-margin)\">\n<div class=\"[--thread-content-max-width:40rem] @w-lg\/main:[--thread-content-max-width:48rem] mx-auto max-w-(--thread-content-max-width) flex-1 group\/turn-messages focus-visible:outline-hidden relative flex w-full min-w-0 flex-col agent-turn\" tabindex=\"-1\">\n<div class=\"z-0 flex min-h-[46px] justify-start\"><strong>SPECIFICHE TECNICHE<\/strong><\/div>\n<\/div>\n<\/div>\n<\/article>\n<\/div>\n<ul>\n<li>Piercing Circular Barbell Medio<\/li>\n<li>Diametro: 8 mm<\/li>\n<li>Spessore Barra: 1,6 mm<\/li>\n<li>Diametro Sfere: 3 mm<\/li>\n<li>Finitura: Acciaio o Pvd Nero<\/li>\n<li>Materiale: Acciaio Inossidabile<\/li>\n<\/ul>\n<p><strong><b>NOTE UTILI PER L\u2019ACQUISTO<\/b><br aria-hidden=\"true\" \/><\/strong>Per ragioni igieniche e di sicurezza, <strong>non accettiamo resi o cambi per prodotti della categoria <i>piercing<\/i>.<\/strong> Questa politica garantisce che tutti i prodotti sigillati che ricevi siano idonei e sicuri per l\u2019uso, mantenendo i pi\u00f9 alti standard di igiene.<\/p>\n<p><em>Tutti i gioielli #Brand sono realizzati con l\u2019acciaio chirurgico inossidabile pi\u00f9 puro presente sul mercato, testati per il Nichel e progettati per essere indossati ogni giorno senza timore di scolorimento o segni di usura.<\/em><\/p>\n","protected":false},"excerpt":{"rendered":"<p>Piercing Circular Barbell Medio 1,6mm Il piercing circular barbell dal diametro medio di 1,6mm firmato #Brand Gioielli si distingue per il suo design essenziale e contemporaneo, caratterizzato dalla classica forma a \u201cU\u201d con estremit\u00e0 sferiche che donano un look pulito, equilibrato e versatile. La linea armoniosa e la struttura solida lo rendono un gioiello di [&hellip;]<\/p>\n","protected":false},"featured_media":105602,"template":"","meta":[],"product_brand":[],"product_cat":[463,92,500,505,508],"product_tag":[128],"class_list":{"0":"post-9044","1":"product","2":"type-product","3":"status-publish","4":"has-post-thumbnail","6":"product_cat-barbell","7":"product_cat-piercing","8":"product_cat-piercings","9":"product_cat-sotto-i-10e","10":"product_cat-sotto-i-5e","11":"product_tag-piercing","13":"first","14":"instock","15":"shipping-taxable","16":"purchasable","17":"product-type-variable"},"yoast_head":"<!-- This site is optimized with the Yoast SEO plugin v27.4 - https:\/\/yoast.com\/product\/yoast-seo-wordpress\/ -->\n<title>Piercing Circular Barbell Medio 1,6mm - #BrandGioielli<\/title>\n<meta name=\"description\" content=\"Acquista ora su Brand Gioielli: Piercing Circular Barbell Medio 1,6mm\" \/>\n<meta name=\"robots\" content=\"index, follow, max-snippet:-1, max-image-preview:large, max-video-preview:-1\" \/>\n<link rel=\"canonical\" href=\"https:\/\/brandgioielli.it\/fr\/produit\/piercing-circular-barbell-medio-16mm\/\" \/>\n<meta property=\"og:locale\" content=\"fr_FR\" \/>\n<meta property=\"og:type\" content=\"article\" \/>\n<meta property=\"og:title\" content=\"Piercing Circular Barbell Medio 1,6mm - #BrandGioielli\" \/>\n<meta property=\"og:description\" content=\"Acquista ora su Brand Gioielli: Piercing Circular Barbell Medio 1,6mm\" \/>\n<meta property=\"og:url\" content=\"https:\/\/brandgioielli.it\/fr\/produit\/piercing-circular-barbell-medio-16mm\/\" \/>\n<meta property=\"og:site_name\" content=\"#BrandGioielli\" \/>\n<meta property=\"article:modified_time\" content=\"2026-03-16T11:03:47+00:00\" \/>\n<meta property=\"og:image\" content=\"https:\/\/brandgioielli.it\/wp-content\/uploads\/2025\/09\/piercing-circular-barbell-medio-16mm.jpg\" \/>\n\t<meta property=\"og:image:width\" content=\"800\" \/>\n\t<meta property=\"og:image:height\" content=\"800\" \/>\n\t<meta property=\"og:image:type\" content=\"image\/jpeg\" \/>\n<meta name=\"twitter:card\" content=\"summary_large_image\" \/>\n<meta name=\"twitter:label1\" content=\"Dur\u00e9e de lecture estim\u00e9e\" \/>\n\t<meta name=\"twitter:data1\" content=\"2 minutes\" \/>\n<script type=\"application\/ld+json\" class=\"yoast-schema-graph\">{\"@context\":\"https:\\\/\\\/schema.org\",\"@graph\":[{\"@type\":\"WebPage\",\"@id\":\"https:\\\/\\\/brandgioielli.it\\\/prodotto\\\/piercing-circular-barbell-medio-16mm\\\/\",\"url\":\"https:\\\/\\\/brandgioielli.it\\\/prodotto\\\/piercing-circular-barbell-medio-16mm\\\/\",\"name\":\"Piercing Circular Barbell Medio 1,6mm - #BrandGioielli\",\"isPartOf\":{\"@id\":\"https:\\\/\\\/brandgioielli.it\\\/#website\"},\"primaryImageOfPage\":{\"@id\":\"https:\\\/\\\/brandgioielli.it\\\/prodotto\\\/piercing-circular-barbell-medio-16mm\\\/#primaryimage\"},\"image\":{\"@id\":\"https:\\\/\\\/brandgioielli.it\\\/prodotto\\\/piercing-circular-barbell-medio-16mm\\\/#primaryimage\"},\"thumbnailUrl\":\"https:\\\/\\\/brandgioielli.it\\\/wp-content\\\/uploads\\\/2025\\\/09\\\/piercing-circular-barbell-medio-16mm.jpg\",\"datePublished\":\"2025-09-19T14:11:43+00:00\",\"dateModified\":\"2026-03-16T11:03:47+00:00\",\"description\":\"Acquista ora su Brand Gioielli: Piercing Circular Barbell Medio 1,6mm\",\"breadcrumb\":{\"@id\":\"https:\\\/\\\/brandgioielli.it\\\/prodotto\\\/piercing-circular-barbell-medio-16mm\\\/#breadcrumb\"},\"inLanguage\":\"fr-FR\",\"potentialAction\":[{\"@type\":\"ReadAction\",\"target\":[\"https:\\\/\\\/brandgioielli.it\\\/prodotto\\\/piercing-circular-barbell-medio-16mm\\\/\"]}]},{\"@type\":\"ImageObject\",\"inLanguage\":\"fr-FR\",\"@id\":\"https:\\\/\\\/brandgioielli.it\\\/prodotto\\\/piercing-circular-barbell-medio-16mm\\\/#primaryimage\",\"url\":\"https:\\\/\\\/brandgioielli.it\\\/wp-content\\\/uploads\\\/2025\\\/09\\\/piercing-circular-barbell-medio-16mm.jpg\",\"contentUrl\":\"https:\\\/\\\/brandgioielli.it\\\/wp-content\\\/uploads\\\/2025\\\/09\\\/piercing-circular-barbell-medio-16mm.jpg\",\"width\":800,\"height\":800},{\"@type\":\"BreadcrumbList\",\"@id\":\"https:\\\/\\\/brandgioielli.it\\\/prodotto\\\/piercing-circular-barbell-medio-16mm\\\/#breadcrumb\",\"itemListElement\":[{\"@type\":\"ListItem\",\"position\":1,\"name\":\"Home\",\"item\":\"https:\\\/\\\/brandgioielli.it\\\/\"},{\"@type\":\"ListItem\",\"position\":2,\"name\":\"Shop\",\"item\":\"https:\\\/\\\/brandgioielli.it\\\/shop\\\/\"},{\"@type\":\"ListItem\",\"position\":3,\"name\":\"Piercing Circular Barbell Medio 1,6mm\"}]},{\"@type\":\"WebSite\",\"@id\":\"https:\\\/\\\/brandgioielli.it\\\/#website\",\"url\":\"https:\\\/\\\/brandgioielli.it\\\/\",\"name\":\"#BrandGioielli\",\"description\":\"\",\"publisher\":{\"@id\":\"https:\\\/\\\/brandgioielli.it\\\/#organization\"},\"potentialAction\":[{\"@type\":\"SearchAction\",\"target\":{\"@type\":\"EntryPoint\",\"urlTemplate\":\"https:\\\/\\\/brandgioielli.it\\\/?s={search_term_string}\"},\"query-input\":{\"@type\":\"PropertyValueSpecification\",\"valueRequired\":true,\"valueName\":\"search_term_string\"}}],\"inLanguage\":\"fr-FR\"},{\"@type\":\"Organization\",\"@id\":\"https:\\\/\\\/brandgioielli.it\\\/#organization\",\"name\":\"Brand Gioielli\",\"url\":\"https:\\\/\\\/brandgioielli.it\\\/\",\"logo\":{\"@type\":\"ImageObject\",\"inLanguage\":\"fr-FR\",\"@id\":\"https:\\\/\\\/brandgioielli.it\\\/#\\\/schema\\\/logo\\\/image\\\/\",\"url\":\"https:\\\/\\\/brandgioielli.it\\\/wp-content\\\/uploads\\\/2025\\\/07\\\/LogoBrand.png\",\"contentUrl\":\"https:\\\/\\\/brandgioielli.it\\\/wp-content\\\/uploads\\\/2025\\\/07\\\/LogoBrand.png\",\"width\":600,\"height\":170,\"caption\":\"Brand Gioielli\"},\"image\":{\"@id\":\"https:\\\/\\\/brandgioielli.it\\\/#\\\/schema\\\/logo\\\/image\\\/\"}}]}<\/script>\n<!-- \/ Yoast SEO plugin. -->","yoast_head_json":{"title":"Piercing barre circulaire moyenne 1,6 mm - #BrandJewels","description":"Achetez d\u00e8s maintenant chez Brand Gioielli\u00a0: Piercing barre circulaire moyenne de 1,6\u00a0mm","robots":{"index":"index","follow":"follow","max-snippet":"max-snippet:-1","max-image-preview":"max-image-preview:large","max-video-preview":"max-video-preview:-1"},"canonical":"https:\/\/brandgioielli.it\/fr\/produit\/piercing-circular-barbell-medio-16mm\/","og_locale":"fr_FR","og_type":"article","og_title":"Piercing Circular Barbell Medio 1,6mm - #BrandGioielli","og_description":"Acquista ora su Brand Gioielli: Piercing Circular Barbell Medio 1,6mm","og_url":"https:\/\/brandgioielli.it\/fr\/produit\/piercing-circular-barbell-medio-16mm\/","og_site_name":"#BrandGioielli","article_modified_time":"2026-03-16T11:03:47+00:00","og_image":[{"width":800,"height":800,"url":"https:\/\/brandgioielli.it\/wp-content\/uploads\/2025\/09\/piercing-circular-barbell-medio-16mm.jpg","type":"image\/jpeg"}],"twitter_card":"summary_large_image","twitter_misc":{"Dur\u00e9e de lecture estim\u00e9e":"2 minutes"},"schema":{"@context":"https:\/\/schema.org","@graph":[{"@type":"WebPage","@id":"https:\/\/brandgioielli.it\/prodotto\/piercing-circular-barbell-medio-16mm\/","url":"https:\/\/brandgioielli.it\/prodotto\/piercing-circular-barbell-medio-16mm\/","name":"Piercing barre circulaire moyenne 1,6 mm - #BrandJewels","isPartOf":{"@id":"https:\/\/brandgioielli.it\/#website"},"primaryImageOfPage":{"@id":"https:\/\/brandgioielli.it\/prodotto\/piercing-circular-barbell-medio-16mm\/#primaryimage"},"image":{"@id":"https:\/\/brandgioielli.it\/prodotto\/piercing-circular-barbell-medio-16mm\/#primaryimage"},"thumbnailUrl":"https:\/\/brandgioielli.it\/wp-content\/uploads\/2025\/09\/piercing-circular-barbell-medio-16mm.jpg","datePublished":"2025-09-19T14:11:43+00:00","dateModified":"2026-03-16T11:03:47+00:00","description":"Achetez d\u00e8s maintenant chez Brand Gioielli\u00a0: Piercing barre circulaire moyenne de 1,6\u00a0mm","breadcrumb":{"@id":"https:\/\/brandgioielli.it\/prodotto\/piercing-circular-barbell-medio-16mm\/#breadcrumb"},"inLanguage":"fr-FR","potentialAction":[{"@type":"ReadAction","target":["https:\/\/brandgioielli.it\/prodotto\/piercing-circular-barbell-medio-16mm\/"]}]},{"@type":"ImageObject","inLanguage":"fr-FR","@id":"https:\/\/brandgioielli.it\/prodotto\/piercing-circular-barbell-medio-16mm\/#primaryimage","url":"https:\/\/brandgioielli.it\/wp-content\/uploads\/2025\/09\/piercing-circular-barbell-medio-16mm.jpg","contentUrl":"https:\/\/brandgioielli.it\/wp-content\/uploads\/2025\/09\/piercing-circular-barbell-medio-16mm.jpg","width":800,"height":800},{"@type":"BreadcrumbList","@id":"https:\/\/brandgioielli.it\/prodotto\/piercing-circular-barbell-medio-16mm\/#breadcrumb","itemListElement":[{"@type":"ListItem","position":1,"name":"Home","item":"https:\/\/brandgioielli.it\/"},{"@type":"ListItem","position":2,"name":"Shop","item":"https:\/\/brandgioielli.it\/shop\/"},{"@type":"ListItem","position":3,"name":"Piercing Circular Barbell Medio 1,6mm"}]},{"@type":"WebSite","@id":"https:\/\/brandgioielli.it\/#website","url":"https:\/\/brandgioielli.it\/","name":"#BrandJewellery","description":"","publisher":{"@id":"https:\/\/brandgioielli.it\/#organization"},"potentialAction":[{"@type":"SearchAction","target":{"@type":"EntryPoint","urlTemplate":"https:\/\/brandgioielli.it\/?s={search_term_string}"},"query-input":{"@type":"PropertyValueSpecification","valueRequired":true,"valueName":"search_term_string"}}],"inLanguage":"fr-FR"},{"@type":"Organization","@id":"https:\/\/brandgioielli.it\/#organization","name":"Bijoux de marque","url":"https:\/\/brandgioielli.it\/","logo":{"@type":"ImageObject","inLanguage":"fr-FR","@id":"https:\/\/brandgioielli.it\/#\/schema\/logo\/image\/","url":"https:\/\/brandgioielli.it\/wp-content\/uploads\/2025\/07\/LogoBrand.png","contentUrl":"https:\/\/brandgioielli.it\/wp-content\/uploads\/2025\/07\/LogoBrand.png","width":600,"height":170,"caption":"Brand Gioielli"},"image":{"@id":"https:\/\/brandgioielli.it\/#\/schema\/logo\/image\/"}}]}},"_links":{"self":[{"href":"https:\/\/brandgioielli.it\/fr\/wp-json\/wp\/v2\/product\/9044","targetHints":{"allow":["GET"]}}],"collection":[{"href":"https:\/\/brandgioielli.it\/fr\/wp-json\/wp\/v2\/product"}],"about":[{"href":"https:\/\/brandgioielli.it\/fr\/wp-json\/wp\/v2\/types\/product"}],"version-history":[{"count":7,"href":"https:\/\/brandgioielli.it\/fr\/wp-json\/wp\/v2\/product\/9044\/revisions"}],"predecessor-version":[{"id":105738,"href":"https:\/\/brandgioielli.it\/fr\/wp-json\/wp\/v2\/product\/9044\/revisions\/105738"}],"wp:featuredmedia":[{"embeddable":true,"href":"https:\/\/brandgioielli.it\/fr\/wp-json\/wp\/v2\/media\/105602"}],"wp:attachment":[{"href":"https:\/\/brandgioielli.it\/fr\/wp-json\/wp\/v2\/media?parent=9044"}],"wp:term":[{"taxonomy":"product_brand","embeddable":true,"href":"https:\/\/brandgioielli.it\/fr\/wp-json\/wp\/v2\/product_brand?post=9044"},{"taxonomy":"product_cat","embeddable":true,"href":"https:\/\/brandgioielli.it\/fr\/wp-json\/wp\/v2\/product_cat?post=9044"},{"taxonomy":"product_tag","embeddable":true,"href":"https:\/\/brandgioielli.it\/fr\/wp-json\/wp\/v2\/product_tag?post=9044"}],"curies":[{"name":"wp","href":"https:\/\/api.w.org\/{rel}","templated":true}]}}