{"id":8334,"date":"2025-09-19T15:51:26","date_gmt":"2025-09-19T13:51:26","guid":{"rendered":"https:\/\/sandybrown-lark-277155.hostingersite.com\/prodotto\/bracciale-catena-cingolato-acciaio-e-metal-gun\/"},"modified":"2026-04-21T07:21:39","modified_gmt":"2026-04-21T05:21:39","slug":"bracciale-catena-cingolato-acciaio-e-metal-gun","status":"publish","type":"product","link":"https:\/\/brandgioielli.it\/fr\/produit\/bracciale-catena-cingolato-acciaio-e-metal-gun\/","title":{"rendered":"Bracelet de cha\u00eene en acier et m\u00e9tal Gun"},"content":{"rendered":"<h2>Bracelet \u00e0 maillons en acier et m\u00e9tal canon de fusil<\/h2>\n<p data-start=\"36\" data-end=\"382\">Le bracelet \u00e0 maillons en acier et m\u00e9tal canon de fusil de la marque Gioielli (#Brand) est un accessoire moderne et \u00e9l\u00e9gant, confectionn\u00e9 en acier inoxydable et orn\u00e9 d&#039;\u00e9l\u00e9ments \u00e0 la finition canon de fusil. Son design \u00e9voque une cha\u00eene de v\u00e9lo, et l&#039;alternance des finitions acier et canon de fusil cr\u00e9e un contraste raffin\u00e9 et contemporain qui conf\u00e8re au bracelet un caract\u00e8re unique. Gr\u00e2ce \u00e0 son fermoir \u00e0 clip, il garantit praticit\u00e9 et confort. Fabriqu\u00e9 \u00e0 partir de mat\u00e9riaux durables et de haute qualit\u00e9, il est con\u00e7u pour conserver son \u00e9clat et sa robustesse au fil du temps.<\/p>\n<p><strong>SP\u00c9CIFICATIONS TECHNIQUES<\/strong><\/p>\n<ul>\n<li>Bracelet de cha\u00eene en acier et m\u00e9tal Gun<\/li>\n<li>Taille : 21 cm<\/li>\n<li>Finition : Acier, Gris anthracite<\/li>\n<li>Mat\u00e9riau : acier inoxydable<\/li>\n<\/ul>\n<p><em>Tous les bijoux de la marque #Brand sont fabriqu\u00e9s \u00e0 partir de l'acier inoxydable chirurgical le plus pur du march\u00e9, test\u00e9 pour le nickel et con\u00e7u pour \u00eatre port\u00e9 tous les jours sans crainte de d\u00e9coloration ou de signes d'usure et r\u00e9sistant \u00e0 l'eau.<\/em><\/p>","protected":false},"excerpt":{"rendered":"<p>Bracciale Catena Cingolato in Acciaio e Metal Gun Il bracciale catena cingolato in acciaio e metal gun firmato #Brand Gioielli \u00e8 un accessorio dal design moderno ed elegante, realizzato in acciaio inossidabile e impreziosito da elementi finitura metal gun. il design ricorda la catena della bici e i finish acciaio e metal gun alternato creano [&hellip;]<\/p>\n","protected":false},"featured_media":106200,"template":"","meta":[],"product_brand":[],"product_cat":[459,38,499,39],"product_tag":[133],"class_list":{"0":"post-8334","1":"product","2":"type-product","3":"status-publish","4":"has-post-thumbnail","6":"product_cat-bracciali","7":"product_cat-bracciali-uomo","8":"product_cat-papa","9":"product_cat-uomo","10":"product_tag-collezione-rider","12":"first","13":"instock","14":"shipping-taxable","15":"purchasable","16":"product-type-simple"},"yoast_head":"<!-- This site is optimized with the Yoast SEO plugin v27.4 - https:\/\/yoast.com\/product\/yoast-seo-wordpress\/ -->\n<title>Bracciale Catena Cingolato Acciaio e Metal Gun - #BrandGioielli<\/title>\n<meta name=\"description\" content=\"Acquista ora su Brand Gioielli: Bracciale Catena Cingolato Acciaio e Metal Gun\" \/>\n<meta name=\"robots\" content=\"index, follow, max-snippet:-1, max-image-preview:large, max-video-preview:-1\" \/>\n<link rel=\"canonical\" href=\"https:\/\/brandgioielli.it\/fr\/produit\/bracciale-catena-cingolato-acciaio-e-metal-gun\/\" \/>\n<meta property=\"og:locale\" content=\"fr_FR\" \/>\n<meta property=\"og:type\" content=\"article\" \/>\n<meta property=\"og:title\" content=\"Bracciale Catena Cingolato Acciaio e Metal Gun - #BrandGioielli\" \/>\n<meta property=\"og:description\" content=\"Acquista ora su Brand Gioielli: Bracciale Catena Cingolato Acciaio e Metal Gun\" \/>\n<meta property=\"og:url\" content=\"https:\/\/brandgioielli.it\/fr\/produit\/bracciale-catena-cingolato-acciaio-e-metal-gun\/\" \/>\n<meta property=\"og:site_name\" content=\"#BrandGioielli\" \/>\n<meta property=\"article:modified_time\" content=\"2026-04-21T05:21:39+00:00\" \/>\n<meta property=\"og:image\" content=\"https:\/\/brandgioielli.it\/wp-content\/uploads\/2025\/09\/bracciale-catena-bici-metalgun.jpg\" \/>\n\t<meta property=\"og:image:width\" content=\"800\" \/>\n\t<meta property=\"og:image:height\" content=\"800\" \/>\n\t<meta property=\"og:image:type\" content=\"image\/jpeg\" \/>\n<meta name=\"twitter:card\" content=\"summary_large_image\" \/>\n<meta name=\"twitter:label1\" content=\"Dur\u00e9e de lecture estim\u00e9e\" \/>\n\t<meta name=\"twitter:data1\" content=\"2 minutes\" \/>\n<script type=\"application\/ld+json\" class=\"yoast-schema-graph\">{\"@context\":\"https:\\\/\\\/schema.org\",\"@graph\":[{\"@type\":\"WebPage\",\"@id\":\"https:\\\/\\\/brandgioielli.it\\\/prodotto\\\/bracciale-catena-cingolato-acciaio-e-metal-gun\\\/\",\"url\":\"https:\\\/\\\/brandgioielli.it\\\/prodotto\\\/bracciale-catena-cingolato-acciaio-e-metal-gun\\\/\",\"name\":\"Bracciale Catena Cingolato Acciaio e Metal Gun - #BrandGioielli\",\"isPartOf\":{\"@id\":\"https:\\\/\\\/brandgioielli.it\\\/#website\"},\"primaryImageOfPage\":{\"@id\":\"https:\\\/\\\/brandgioielli.it\\\/prodotto\\\/bracciale-catena-cingolato-acciaio-e-metal-gun\\\/#primaryimage\"},\"image\":{\"@id\":\"https:\\\/\\\/brandgioielli.it\\\/prodotto\\\/bracciale-catena-cingolato-acciaio-e-metal-gun\\\/#primaryimage\"},\"thumbnailUrl\":\"https:\\\/\\\/brandgioielli.it\\\/wp-content\\\/uploads\\\/2025\\\/09\\\/bracciale-catena-bici-metalgun.jpg\",\"datePublished\":\"2025-09-19T13:51:26+00:00\",\"dateModified\":\"2026-04-21T05:21:39+00:00\",\"description\":\"Acquista ora su Brand Gioielli: Bracciale Catena Cingolato Acciaio e Metal Gun\",\"breadcrumb\":{\"@id\":\"https:\\\/\\\/brandgioielli.it\\\/prodotto\\\/bracciale-catena-cingolato-acciaio-e-metal-gun\\\/#breadcrumb\"},\"inLanguage\":\"fr-FR\",\"potentialAction\":[{\"@type\":\"ReadAction\",\"target\":[\"https:\\\/\\\/brandgioielli.it\\\/prodotto\\\/bracciale-catena-cingolato-acciaio-e-metal-gun\\\/\"]}]},{\"@type\":\"ImageObject\",\"inLanguage\":\"fr-FR\",\"@id\":\"https:\\\/\\\/brandgioielli.it\\\/prodotto\\\/bracciale-catena-cingolato-acciaio-e-metal-gun\\\/#primaryimage\",\"url\":\"https:\\\/\\\/brandgioielli.it\\\/wp-content\\\/uploads\\\/2025\\\/09\\\/bracciale-catena-bici-metalgun.jpg\",\"contentUrl\":\"https:\\\/\\\/brandgioielli.it\\\/wp-content\\\/uploads\\\/2025\\\/09\\\/bracciale-catena-bici-metalgun.jpg\",\"width\":800,\"height\":800},{\"@type\":\"BreadcrumbList\",\"@id\":\"https:\\\/\\\/brandgioielli.it\\\/prodotto\\\/bracciale-catena-cingolato-acciaio-e-metal-gun\\\/#breadcrumb\",\"itemListElement\":[{\"@type\":\"ListItem\",\"position\":1,\"name\":\"Home\",\"item\":\"https:\\\/\\\/brandgioielli.it\\\/\"},{\"@type\":\"ListItem\",\"position\":2,\"name\":\"Shop\",\"item\":\"https:\\\/\\\/brandgioielli.it\\\/shop\\\/\"},{\"@type\":\"ListItem\",\"position\":3,\"name\":\"Bracciale Catena Cingolato Acciaio e Metal Gun\"}]},{\"@type\":\"WebSite\",\"@id\":\"https:\\\/\\\/brandgioielli.it\\\/#website\",\"url\":\"https:\\\/\\\/brandgioielli.it\\\/\",\"name\":\"#BrandGioielli\",\"description\":\"\",\"publisher\":{\"@id\":\"https:\\\/\\\/brandgioielli.it\\\/#organization\"},\"potentialAction\":[{\"@type\":\"SearchAction\",\"target\":{\"@type\":\"EntryPoint\",\"urlTemplate\":\"https:\\\/\\\/brandgioielli.it\\\/?s={search_term_string}\"},\"query-input\":{\"@type\":\"PropertyValueSpecification\",\"valueRequired\":true,\"valueName\":\"search_term_string\"}}],\"inLanguage\":\"fr-FR\"},{\"@type\":\"Organization\",\"@id\":\"https:\\\/\\\/brandgioielli.it\\\/#organization\",\"name\":\"Brand Gioielli\",\"url\":\"https:\\\/\\\/brandgioielli.it\\\/\",\"logo\":{\"@type\":\"ImageObject\",\"inLanguage\":\"fr-FR\",\"@id\":\"https:\\\/\\\/brandgioielli.it\\\/#\\\/schema\\\/logo\\\/image\\\/\",\"url\":\"https:\\\/\\\/brandgioielli.it\\\/wp-content\\\/uploads\\\/2025\\\/07\\\/LogoBrand.png\",\"contentUrl\":\"https:\\\/\\\/brandgioielli.it\\\/wp-content\\\/uploads\\\/2025\\\/07\\\/LogoBrand.png\",\"width\":600,\"height\":170,\"caption\":\"Brand Gioielli\"},\"image\":{\"@id\":\"https:\\\/\\\/brandgioielli.it\\\/#\\\/schema\\\/logo\\\/image\\\/\"}}]}<\/script>\n<!-- \/ Yoast SEO plugin. -->","yoast_head_json":{"title":"Bracelet \u00e0 maillons en acier et m\u00e9tal canon de fusil - #BrandGioielli","description":"Achetez d\u00e8s maintenant chez Brand Gioielli : Bracelet cha\u00eene en acier et m\u00e9tal canon de fusil","robots":{"index":"index","follow":"follow","max-snippet":"max-snippet:-1","max-image-preview":"max-image-preview:large","max-video-preview":"max-video-preview:-1"},"canonical":"https:\/\/brandgioielli.it\/fr\/produit\/bracciale-catena-cingolato-acciaio-e-metal-gun\/","og_locale":"fr_FR","og_type":"article","og_title":"Bracciale Catena Cingolato Acciaio e Metal Gun - #BrandGioielli","og_description":"Acquista ora su Brand Gioielli: Bracciale Catena Cingolato Acciaio e Metal Gun","og_url":"https:\/\/brandgioielli.it\/fr\/produit\/bracciale-catena-cingolato-acciaio-e-metal-gun\/","og_site_name":"#BrandGioielli","article_modified_time":"2026-04-21T05:21:39+00:00","og_image":[{"width":800,"height":800,"url":"https:\/\/brandgioielli.it\/wp-content\/uploads\/2025\/09\/bracciale-catena-bici-metalgun.jpg","type":"image\/jpeg"}],"twitter_card":"summary_large_image","twitter_misc":{"Dur\u00e9e de lecture estim\u00e9e":"2 minutes"},"schema":{"@context":"https:\/\/schema.org","@graph":[{"@type":"WebPage","@id":"https:\/\/brandgioielli.it\/prodotto\/bracciale-catena-cingolato-acciaio-e-metal-gun\/","url":"https:\/\/brandgioielli.it\/prodotto\/bracciale-catena-cingolato-acciaio-e-metal-gun\/","name":"Bracelet \u00e0 maillons en acier et m\u00e9tal canon de fusil - #BrandGioielli","isPartOf":{"@id":"https:\/\/brandgioielli.it\/#website"},"primaryImageOfPage":{"@id":"https:\/\/brandgioielli.it\/prodotto\/bracciale-catena-cingolato-acciaio-e-metal-gun\/#primaryimage"},"image":{"@id":"https:\/\/brandgioielli.it\/prodotto\/bracciale-catena-cingolato-acciaio-e-metal-gun\/#primaryimage"},"thumbnailUrl":"https:\/\/brandgioielli.it\/wp-content\/uploads\/2025\/09\/bracciale-catena-bici-metalgun.jpg","datePublished":"2025-09-19T13:51:26+00:00","dateModified":"2026-04-21T05:21:39+00:00","description":"Achetez d\u00e8s maintenant chez Brand Gioielli : Bracelet cha\u00eene en acier et m\u00e9tal canon de fusil","breadcrumb":{"@id":"https:\/\/brandgioielli.it\/prodotto\/bracciale-catena-cingolato-acciaio-e-metal-gun\/#breadcrumb"},"inLanguage":"fr-FR","potentialAction":[{"@type":"ReadAction","target":["https:\/\/brandgioielli.it\/prodotto\/bracciale-catena-cingolato-acciaio-e-metal-gun\/"]}]},{"@type":"ImageObject","inLanguage":"fr-FR","@id":"https:\/\/brandgioielli.it\/prodotto\/bracciale-catena-cingolato-acciaio-e-metal-gun\/#primaryimage","url":"https:\/\/brandgioielli.it\/wp-content\/uploads\/2025\/09\/bracciale-catena-bici-metalgun.jpg","contentUrl":"https:\/\/brandgioielli.it\/wp-content\/uploads\/2025\/09\/bracciale-catena-bici-metalgun.jpg","width":800,"height":800},{"@type":"BreadcrumbList","@id":"https:\/\/brandgioielli.it\/prodotto\/bracciale-catena-cingolato-acciaio-e-metal-gun\/#breadcrumb","itemListElement":[{"@type":"ListItem","position":1,"name":"Home","item":"https:\/\/brandgioielli.it\/"},{"@type":"ListItem","position":2,"name":"Shop","item":"https:\/\/brandgioielli.it\/shop\/"},{"@type":"ListItem","position":3,"name":"Bracciale Catena Cingolato Acciaio e Metal Gun"}]},{"@type":"WebSite","@id":"https:\/\/brandgioielli.it\/#website","url":"https:\/\/brandgioielli.it\/","name":"#BrandJewellery","description":"","publisher":{"@id":"https:\/\/brandgioielli.it\/#organization"},"potentialAction":[{"@type":"SearchAction","target":{"@type":"EntryPoint","urlTemplate":"https:\/\/brandgioielli.it\/?s={search_term_string}"},"query-input":{"@type":"PropertyValueSpecification","valueRequired":true,"valueName":"search_term_string"}}],"inLanguage":"fr-FR"},{"@type":"Organization","@id":"https:\/\/brandgioielli.it\/#organization","name":"Bijoux de marque","url":"https:\/\/brandgioielli.it\/","logo":{"@type":"ImageObject","inLanguage":"fr-FR","@id":"https:\/\/brandgioielli.it\/#\/schema\/logo\/image\/","url":"https:\/\/brandgioielli.it\/wp-content\/uploads\/2025\/07\/LogoBrand.png","contentUrl":"https:\/\/brandgioielli.it\/wp-content\/uploads\/2025\/07\/LogoBrand.png","width":600,"height":170,"caption":"Brand Gioielli"},"image":{"@id":"https:\/\/brandgioielli.it\/#\/schema\/logo\/image\/"}}]}},"_links":{"self":[{"href":"https:\/\/brandgioielli.it\/fr\/wp-json\/wp\/v2\/product\/8334","targetHints":{"allow":["GET"]}}],"collection":[{"href":"https:\/\/brandgioielli.it\/fr\/wp-json\/wp\/v2\/product"}],"about":[{"href":"https:\/\/brandgioielli.it\/fr\/wp-json\/wp\/v2\/types\/product"}],"version-history":[{"count":3,"href":"https:\/\/brandgioielli.it\/fr\/wp-json\/wp\/v2\/product\/8334\/revisions"}],"predecessor-version":[{"id":106202,"href":"https:\/\/brandgioielli.it\/fr\/wp-json\/wp\/v2\/product\/8334\/revisions\/106202"}],"wp:featuredmedia":[{"embeddable":true,"href":"https:\/\/brandgioielli.it\/fr\/wp-json\/wp\/v2\/media\/106200"}],"wp:attachment":[{"href":"https:\/\/brandgioielli.it\/fr\/wp-json\/wp\/v2\/media?parent=8334"}],"wp:term":[{"taxonomy":"product_brand","embeddable":true,"href":"https:\/\/brandgioielli.it\/fr\/wp-json\/wp\/v2\/product_brand?post=8334"},{"taxonomy":"product_cat","embeddable":true,"href":"https:\/\/brandgioielli.it\/fr\/wp-json\/wp\/v2\/product_cat?post=8334"},{"taxonomy":"product_tag","embeddable":true,"href":"https:\/\/brandgioielli.it\/fr\/wp-json\/wp\/v2\/product_tag?post=8334"}],"curies":[{"name":"wp","href":"https:\/\/api.w.org\/{rel}","templated":true}]}}