{"id":8105,"date":"2025-09-19T15:46:05","date_gmt":"2025-09-19T13:46:05","guid":{"rendered":"https:\/\/sandybrown-lark-277155.hostingersite.com\/prodotto\/orecchino-singolo-saliscendi-ape-regina\/"},"modified":"2026-04-17T18:17:44","modified_gmt":"2026-04-17T16:17:44","slug":"orecchino-singolo-saliscendi-ape-regina","status":"publish","type":"product","link":"https:\/\/brandgioielli.it\/fr\/produit\/orecchino-singolo-saliscendi-ape-regina\/","title":{"rendered":"Boucle d'oreille simple Reine des abeilles"},"content":{"rendered":"<h2>Boucle d'oreille simple Reine des abeilles<\/h2>\n<p data-start=\"518\" data-end=\"721\">La boucle d&#039;oreille Queen Bee de #Brand Gioielli se distingue par son design frais et ludique. Ses motifs \u00e9maill\u00e9s aux couleurs vives sont associ\u00e9s \u00e0 une fine cha\u00eene qui cr\u00e9e un \u00e9l\u00e9gant effet de mouvement. Cette fine cha\u00eene apporte dynamisme et \u00e9clat \u00e0 chaque mouvement. Confectionn\u00e9e en acier inoxydable avec des d\u00e9tails \u00e9maill\u00e9s, elle allie durabilit\u00e9 et style contemporain. Parfaite pour ajouter une touche de couleur et de personnalit\u00e9 \u00e0 votre look quotidien, elle peut se porter seule pour un effet d\u00e9licat ou associ\u00e9e \u00e0 d&#039;autres boucles d&#039;oreilles pour des combinaisons modernes et originales.<\/p>\n<p><strong>SP\u00c9CIFICATIONS TECHNIQUES<\/strong><\/p>\n<ul>\n<li>Boucle d'oreille simple Reine des abeilles<\/li>\n<li>Longueur de la boucle d'oreille : 6 cm<\/li>\n<li>Finition : acier<\/li>\n<li>Mat\u00e9riaux\u00a0: Acier inoxydable, \u00e9mail<\/li>\n<\/ul>\n<p><em>Tous les bijoux de la marque #Brand sont fabriqu\u00e9s \u00e0 partir de l'acier inoxydable chirurgical le plus pur du march\u00e9, test\u00e9 pour le nickel et con\u00e7u pour \u00eatre port\u00e9 tous les jours sans crainte de d\u00e9coloration ou de signes d'usure et r\u00e9sistant \u00e0 l'eau.<\/em><\/p>","protected":false},"excerpt":{"rendered":"<p>Orecchino Singolo Saliscendi Ape Regina L&#8217;orecchino singolo saliscendi ape regina firmato #Brand Gioielli si distingue per il suo design fresco e giocoso, caratterizzato da soggetti smaltati dai colori vivaci abbinati a una sottile catenina che crea un elegante effetto movimento. La catena sottile dona dinamismo e luminosit\u00e0 ad ogni gesto. Realizzati in acciaio inossidabile e [&hellip;]<\/p>\n","protected":false},"featured_media":105354,"template":"","meta":[],"product_brand":[],"product_cat":[19,36,24,117,505,611],"product_tag":[585],"class_list":{"0":"post-8105","1":"product","2":"type-product","3":"status-publish","4":"has-post-thumbnail","6":"product_cat-donna","7":"product_cat-orecchini","8":"product_cat-orecchini-donna","9":"product_cat-saliscendi","10":"product_cat-sotto-i-10e","11":"product_cat-spring-selection","12":"product_tag-collezione-joy","14":"first","15":"instock","16":"shipping-taxable","17":"purchasable","18":"product-type-simple"},"yoast_head":"<!-- This site is optimized with the Yoast SEO plugin v27.4 - https:\/\/yoast.com\/product\/yoast-seo-wordpress\/ -->\n<title>Orecchino Singolo Saliscendi Ape Regina - #BrandGioielli<\/title>\n<meta name=\"description\" content=\"Acquista ora su Brand Gioielli: Orecchino Singolo Saliscendi Ape Regina\" \/>\n<meta name=\"robots\" content=\"index, follow, max-snippet:-1, max-image-preview:large, max-video-preview:-1\" \/>\n<link rel=\"canonical\" href=\"https:\/\/brandgioielli.it\/fr\/produit\/orecchino-singolo-saliscendi-ape-regina\/\" \/>\n<meta property=\"og:locale\" content=\"fr_FR\" \/>\n<meta property=\"og:type\" content=\"article\" \/>\n<meta property=\"og:title\" content=\"Orecchino Singolo Saliscendi Ape Regina - #BrandGioielli\" \/>\n<meta property=\"og:description\" content=\"Acquista ora su Brand Gioielli: Orecchino Singolo Saliscendi Ape Regina\" \/>\n<meta property=\"og:url\" content=\"https:\/\/brandgioielli.it\/fr\/produit\/orecchino-singolo-saliscendi-ape-regina\/\" \/>\n<meta property=\"og:site_name\" content=\"#BrandGioielli\" \/>\n<meta property=\"article:modified_time\" content=\"2026-04-17T16:17:44+00:00\" \/>\n<meta property=\"og:image\" content=\"https:\/\/brandgioielli.it\/wp-content\/uploads\/2025\/09\/saliscendi-singolo-ape.jpg\" \/>\n\t<meta property=\"og:image:width\" content=\"800\" \/>\n\t<meta property=\"og:image:height\" content=\"800\" \/>\n\t<meta property=\"og:image:type\" content=\"image\/jpeg\" \/>\n<meta name=\"twitter:card\" content=\"summary_large_image\" \/>\n<meta name=\"twitter:label1\" content=\"Dur\u00e9e de lecture estim\u00e9e\" \/>\n\t<meta name=\"twitter:data1\" content=\"1 minute\" \/>\n<script type=\"application\/ld+json\" class=\"yoast-schema-graph\">{\"@context\":\"https:\\\/\\\/schema.org\",\"@graph\":[{\"@type\":\"WebPage\",\"@id\":\"https:\\\/\\\/brandgioielli.it\\\/prodotto\\\/orecchino-singolo-saliscendi-ape-regina\\\/\",\"url\":\"https:\\\/\\\/brandgioielli.it\\\/prodotto\\\/orecchino-singolo-saliscendi-ape-regina\\\/\",\"name\":\"Orecchino Singolo Saliscendi Ape Regina - #BrandGioielli\",\"isPartOf\":{\"@id\":\"https:\\\/\\\/brandgioielli.it\\\/#website\"},\"primaryImageOfPage\":{\"@id\":\"https:\\\/\\\/brandgioielli.it\\\/prodotto\\\/orecchino-singolo-saliscendi-ape-regina\\\/#primaryimage\"},\"image\":{\"@id\":\"https:\\\/\\\/brandgioielli.it\\\/prodotto\\\/orecchino-singolo-saliscendi-ape-regina\\\/#primaryimage\"},\"thumbnailUrl\":\"https:\\\/\\\/brandgioielli.it\\\/wp-content\\\/uploads\\\/2025\\\/09\\\/saliscendi-singolo-ape.jpg\",\"datePublished\":\"2025-09-19T13:46:05+00:00\",\"dateModified\":\"2026-04-17T16:17:44+00:00\",\"description\":\"Acquista ora su Brand Gioielli: Orecchino Singolo Saliscendi Ape Regina\",\"breadcrumb\":{\"@id\":\"https:\\\/\\\/brandgioielli.it\\\/prodotto\\\/orecchino-singolo-saliscendi-ape-regina\\\/#breadcrumb\"},\"inLanguage\":\"fr-FR\",\"potentialAction\":[{\"@type\":\"ReadAction\",\"target\":[\"https:\\\/\\\/brandgioielli.it\\\/prodotto\\\/orecchino-singolo-saliscendi-ape-regina\\\/\"]}]},{\"@type\":\"ImageObject\",\"inLanguage\":\"fr-FR\",\"@id\":\"https:\\\/\\\/brandgioielli.it\\\/prodotto\\\/orecchino-singolo-saliscendi-ape-regina\\\/#primaryimage\",\"url\":\"https:\\\/\\\/brandgioielli.it\\\/wp-content\\\/uploads\\\/2025\\\/09\\\/saliscendi-singolo-ape.jpg\",\"contentUrl\":\"https:\\\/\\\/brandgioielli.it\\\/wp-content\\\/uploads\\\/2025\\\/09\\\/saliscendi-singolo-ape.jpg\",\"width\":800,\"height\":800},{\"@type\":\"BreadcrumbList\",\"@id\":\"https:\\\/\\\/brandgioielli.it\\\/prodotto\\\/orecchino-singolo-saliscendi-ape-regina\\\/#breadcrumb\",\"itemListElement\":[{\"@type\":\"ListItem\",\"position\":1,\"name\":\"Home\",\"item\":\"https:\\\/\\\/brandgioielli.it\\\/\"},{\"@type\":\"ListItem\",\"position\":2,\"name\":\"Shop\",\"item\":\"https:\\\/\\\/brandgioielli.it\\\/shop\\\/\"},{\"@type\":\"ListItem\",\"position\":3,\"name\":\"Orecchino Singolo Saliscendi Ape Regina\"}]},{\"@type\":\"WebSite\",\"@id\":\"https:\\\/\\\/brandgioielli.it\\\/#website\",\"url\":\"https:\\\/\\\/brandgioielli.it\\\/\",\"name\":\"#BrandGioielli\",\"description\":\"\",\"publisher\":{\"@id\":\"https:\\\/\\\/brandgioielli.it\\\/#organization\"},\"potentialAction\":[{\"@type\":\"SearchAction\",\"target\":{\"@type\":\"EntryPoint\",\"urlTemplate\":\"https:\\\/\\\/brandgioielli.it\\\/?s={search_term_string}\"},\"query-input\":{\"@type\":\"PropertyValueSpecification\",\"valueRequired\":true,\"valueName\":\"search_term_string\"}}],\"inLanguage\":\"fr-FR\"},{\"@type\":\"Organization\",\"@id\":\"https:\\\/\\\/brandgioielli.it\\\/#organization\",\"name\":\"Brand Gioielli\",\"url\":\"https:\\\/\\\/brandgioielli.it\\\/\",\"logo\":{\"@type\":\"ImageObject\",\"inLanguage\":\"fr-FR\",\"@id\":\"https:\\\/\\\/brandgioielli.it\\\/#\\\/schema\\\/logo\\\/image\\\/\",\"url\":\"https:\\\/\\\/brandgioielli.it\\\/wp-content\\\/uploads\\\/2025\\\/07\\\/LogoBrand.png\",\"contentUrl\":\"https:\\\/\\\/brandgioielli.it\\\/wp-content\\\/uploads\\\/2025\\\/07\\\/LogoBrand.png\",\"width\":600,\"height\":170,\"caption\":\"Brand Gioielli\"},\"image\":{\"@id\":\"https:\\\/\\\/brandgioielli.it\\\/#\\\/schema\\\/logo\\\/image\\\/\"}}]}<\/script>\n<!-- \/ Yoast SEO plugin. -->","yoast_head_json":{"title":"Orecchino Singolo Saliscendi Ape Regina - #BrandGioielli","description":"Acquista ora su Brand Gioielli: Orecchino Singolo Saliscendi Ape Regina","robots":{"index":"index","follow":"follow","max-snippet":"max-snippet:-1","max-image-preview":"max-image-preview:large","max-video-preview":"max-video-preview:-1"},"canonical":"https:\/\/brandgioielli.it\/fr\/produit\/orecchino-singolo-saliscendi-ape-regina\/","og_locale":"fr_FR","og_type":"article","og_title":"Orecchino Singolo Saliscendi Ape Regina - #BrandGioielli","og_description":"Acquista ora su Brand Gioielli: Orecchino Singolo Saliscendi Ape Regina","og_url":"https:\/\/brandgioielli.it\/fr\/produit\/orecchino-singolo-saliscendi-ape-regina\/","og_site_name":"#BrandGioielli","article_modified_time":"2026-04-17T16:17:44+00:00","og_image":[{"width":800,"height":800,"url":"https:\/\/brandgioielli.it\/wp-content\/uploads\/2025\/09\/saliscendi-singolo-ape.jpg","type":"image\/jpeg"}],"twitter_card":"summary_large_image","twitter_misc":{"Dur\u00e9e de lecture estim\u00e9e":"1 minute"},"schema":{"@context":"https:\/\/schema.org","@graph":[{"@type":"WebPage","@id":"https:\/\/brandgioielli.it\/prodotto\/orecchino-singolo-saliscendi-ape-regina\/","url":"https:\/\/brandgioielli.it\/prodotto\/orecchino-singolo-saliscendi-ape-regina\/","name":"Orecchino Singolo Saliscendi Ape Regina - #BrandGioielli","isPartOf":{"@id":"https:\/\/brandgioielli.it\/#website"},"primaryImageOfPage":{"@id":"https:\/\/brandgioielli.it\/prodotto\/orecchino-singolo-saliscendi-ape-regina\/#primaryimage"},"image":{"@id":"https:\/\/brandgioielli.it\/prodotto\/orecchino-singolo-saliscendi-ape-regina\/#primaryimage"},"thumbnailUrl":"https:\/\/brandgioielli.it\/wp-content\/uploads\/2025\/09\/saliscendi-singolo-ape.jpg","datePublished":"2025-09-19T13:46:05+00:00","dateModified":"2026-04-17T16:17:44+00:00","description":"Acquista ora su Brand Gioielli: Orecchino Singolo Saliscendi Ape Regina","breadcrumb":{"@id":"https:\/\/brandgioielli.it\/prodotto\/orecchino-singolo-saliscendi-ape-regina\/#breadcrumb"},"inLanguage":"fr-FR","potentialAction":[{"@type":"ReadAction","target":["https:\/\/brandgioielli.it\/prodotto\/orecchino-singolo-saliscendi-ape-regina\/"]}]},{"@type":"ImageObject","inLanguage":"fr-FR","@id":"https:\/\/brandgioielli.it\/prodotto\/orecchino-singolo-saliscendi-ape-regina\/#primaryimage","url":"https:\/\/brandgioielli.it\/wp-content\/uploads\/2025\/09\/saliscendi-singolo-ape.jpg","contentUrl":"https:\/\/brandgioielli.it\/wp-content\/uploads\/2025\/09\/saliscendi-singolo-ape.jpg","width":800,"height":800},{"@type":"BreadcrumbList","@id":"https:\/\/brandgioielli.it\/prodotto\/orecchino-singolo-saliscendi-ape-regina\/#breadcrumb","itemListElement":[{"@type":"ListItem","position":1,"name":"Home","item":"https:\/\/brandgioielli.it\/"},{"@type":"ListItem","position":2,"name":"Shop","item":"https:\/\/brandgioielli.it\/shop\/"},{"@type":"ListItem","position":3,"name":"Orecchino Singolo Saliscendi Ape Regina"}]},{"@type":"WebSite","@id":"https:\/\/brandgioielli.it\/#website","url":"https:\/\/brandgioielli.it\/","name":"#BrandJewellery","description":"","publisher":{"@id":"https:\/\/brandgioielli.it\/#organization"},"potentialAction":[{"@type":"SearchAction","target":{"@type":"EntryPoint","urlTemplate":"https:\/\/brandgioielli.it\/?s={search_term_string}"},"query-input":{"@type":"PropertyValueSpecification","valueRequired":true,"valueName":"search_term_string"}}],"inLanguage":"fr-FR"},{"@type":"Organization","@id":"https:\/\/brandgioielli.it\/#organization","name":"Bijoux de marque","url":"https:\/\/brandgioielli.it\/","logo":{"@type":"ImageObject","inLanguage":"fr-FR","@id":"https:\/\/brandgioielli.it\/#\/schema\/logo\/image\/","url":"https:\/\/brandgioielli.it\/wp-content\/uploads\/2025\/07\/LogoBrand.png","contentUrl":"https:\/\/brandgioielli.it\/wp-content\/uploads\/2025\/07\/LogoBrand.png","width":600,"height":170,"caption":"Brand Gioielli"},"image":{"@id":"https:\/\/brandgioielli.it\/#\/schema\/logo\/image\/"}}]}},"_links":{"self":[{"href":"https:\/\/brandgioielli.it\/fr\/wp-json\/wp\/v2\/product\/8105","targetHints":{"allow":["GET"]}}],"collection":[{"href":"https:\/\/brandgioielli.it\/fr\/wp-json\/wp\/v2\/product"}],"about":[{"href":"https:\/\/brandgioielli.it\/fr\/wp-json\/wp\/v2\/types\/product"}],"version-history":[{"count":4,"href":"https:\/\/brandgioielli.it\/fr\/wp-json\/wp\/v2\/product\/8105\/revisions"}],"predecessor-version":[{"id":105389,"href":"https:\/\/brandgioielli.it\/fr\/wp-json\/wp\/v2\/product\/8105\/revisions\/105389"}],"wp:featuredmedia":[{"embeddable":true,"href":"https:\/\/brandgioielli.it\/fr\/wp-json\/wp\/v2\/media\/105354"}],"wp:attachment":[{"href":"https:\/\/brandgioielli.it\/fr\/wp-json\/wp\/v2\/media?parent=8105"}],"wp:term":[{"taxonomy":"product_brand","embeddable":true,"href":"https:\/\/brandgioielli.it\/fr\/wp-json\/wp\/v2\/product_brand?post=8105"},{"taxonomy":"product_cat","embeddable":true,"href":"https:\/\/brandgioielli.it\/fr\/wp-json\/wp\/v2\/product_cat?post=8105"},{"taxonomy":"product_tag","embeddable":true,"href":"https:\/\/brandgioielli.it\/fr\/wp-json\/wp\/v2\/product_tag?post=8105"}],"curies":[{"name":"wp","href":"https:\/\/api.w.org\/{rel}","templated":true}]}}