{"id":6953,"date":"2025-09-20T15:32:24","date_gmt":"2025-09-20T13:32:24","guid":{"rendered":"https:\/\/sandybrown-lark-277155.hostingersite.com\/prodotto\/velvet-box-nera\/"},"modified":"2026-04-21T11:18:35","modified_gmt":"2026-04-21T09:18:35","slug":"portagioie-velvet-box-ovale","status":"publish","type":"product","link":"https:\/\/brandgioielli.it\/fr\/produit\/portagioie-velvet-box-ovale\/","title":{"rendered":"Bo\u00eete en velours Bo\u00eete \u00e0 bijoux ovale"},"content":{"rendered":"<p>D\u00e9couvrez la pratique bo\u00eete ovale en velours \u00e0 compartiments modulables de la marque Gioielli ! Disponible en six couleurs tendance, sa taille compacte (10 x 15 x 5 cm) la rend id\u00e9ale pour votre prochain voyage.<\/p>\n<p>\u00c0 l&#039;int\u00e9rieur, vous trouverez :<\/p>\n<ul>\n<li>6 compartiments pour anneaux<\/li>\n<li>4 compartiments de s\u00e9paration<\/li>\n<li>1 poche qui sauve des vies<\/li>\n<\/ul>\n<p>Fermeture \u00e9clair.<\/p>\n<p>&nbsp;<\/p>","protected":false},"excerpt":{"rendered":"<p>Scopri la comoda Velvet Box ovale con scomparti divisibili firmata Brand Gioielli! Disponibile in sei colori trendy, perfetta per il tuo prossimo viaggio grazie alle sue dimensioni compatte (10x15x5). Al suo interno troverai : 6 scomparti porta anelli 4 scomparti a divisorio 1 taschina salvatutto Chiusura a cerniera. &nbsp;<\/p>","protected":false},"featured_media":64426,"template":"","meta":[],"product_brand":[],"product_cat":[534,19,537,506],"product_tag":[105],"class_list":{"0":"post-6953","1":"product","2":"type-product","3":"status-publish","4":"has-post-thumbnail","6":"product_cat-accessori","7":"product_cat-donna","8":"product_cat-portagioie-accessori","9":"product_cat-sotto-i-20e","10":"product_tag-gadget","12":"first","13":"instock","14":"shipping-taxable","15":"purchasable","16":"product-type-variable"},"yoast_head":"<!-- This site is optimized with the Yoast SEO plugin v27.4 - https:\/\/yoast.com\/product\/yoast-seo-wordpress\/ -->\n<title>Portagioie Velvet Box Ovale e - Brand Gioielli<\/title>\n<meta name=\"description\" content=\"Scopri la comoda Velvet Box ovale con scomparti divisibili firmata Brand Gioielli! Disponibile in sei colori trendy, perfetta per il tuo prossimo viaggio grazie alle sue dimensioni compatte (10x15x5).\" \/>\n<meta name=\"robots\" content=\"index, follow, max-snippet:-1, max-image-preview:large, max-video-preview:-1\" \/>\n<link rel=\"canonical\" href=\"https:\/\/brandgioielli.it\/fr\/produit\/portagioie-velvet-box-ovale\/\" \/>\n<meta property=\"og:locale\" content=\"fr_FR\" \/>\n<meta property=\"og:type\" content=\"article\" \/>\n<meta property=\"og:title\" content=\"Portagioie Velvet Box Ovale e - Brand Gioielli\" \/>\n<meta property=\"og:description\" content=\"Scopri la comoda Velvet Box ovale con scomparti divisibili firmata Brand Gioielli! Disponibile in sei colori trendy, perfetta per il tuo prossimo viaggio grazie alle sue dimensioni compatte (10x15x5).\" \/>\n<meta property=\"og:url\" content=\"https:\/\/brandgioielli.it\/fr\/produit\/portagioie-velvet-box-ovale\/\" \/>\n<meta property=\"og:site_name\" content=\"#BrandGioielli\" \/>\n<meta property=\"article:modified_time\" content=\"2026-04-21T09:18:35+00:00\" \/>\n<meta property=\"og:image\" content=\"http:\/\/brandgioielli.it\/wp-content\/uploads\/2025\/09\/EXP006N.jpg\" \/>\n\t<meta property=\"og:image:width\" content=\"800\" \/>\n\t<meta property=\"og:image:height\" content=\"800\" \/>\n\t<meta property=\"og:image:type\" content=\"image\/jpeg\" \/>\n<meta name=\"twitter:card\" content=\"summary_large_image\" \/>\n<meta name=\"twitter:label1\" content=\"Dur\u00e9e de lecture estim\u00e9e\" \/>\n\t<meta name=\"twitter:data1\" content=\"1 minute\" \/>\n<script type=\"application\/ld+json\" class=\"yoast-schema-graph\">{\"@context\":\"https:\\\/\\\/schema.org\",\"@graph\":[{\"@type\":\"WebPage\",\"@id\":\"https:\\\/\\\/brandgioielli.it\\\/prodotto\\\/portagioie-velvet-box-ovale\\\/\",\"url\":\"https:\\\/\\\/brandgioielli.it\\\/prodotto\\\/portagioie-velvet-box-ovale\\\/\",\"name\":\"Portagioie Velvet Box Ovale e - Brand Gioielli\",\"isPartOf\":{\"@id\":\"https:\\\/\\\/brandgioielli.it\\\/#website\"},\"primaryImageOfPage\":{\"@id\":\"https:\\\/\\\/brandgioielli.it\\\/prodotto\\\/portagioie-velvet-box-ovale\\\/#primaryimage\"},\"image\":{\"@id\":\"https:\\\/\\\/brandgioielli.it\\\/prodotto\\\/portagioie-velvet-box-ovale\\\/#primaryimage\"},\"thumbnailUrl\":\"https:\\\/\\\/brandgioielli.it\\\/wp-content\\\/uploads\\\/2025\\\/09\\\/EXP006N.jpg\",\"datePublished\":\"2025-09-20T13:32:24+00:00\",\"dateModified\":\"2026-04-21T09:18:35+00:00\",\"description\":\"Scopri la comoda Velvet Box ovale con scomparti divisibili firmata Brand Gioielli! Disponibile in sei colori trendy, perfetta per il tuo prossimo viaggio grazie alle sue dimensioni compatte (10x15x5).\",\"breadcrumb\":{\"@id\":\"https:\\\/\\\/brandgioielli.it\\\/prodotto\\\/portagioie-velvet-box-ovale\\\/#breadcrumb\"},\"inLanguage\":\"fr-FR\",\"potentialAction\":[{\"@type\":\"ReadAction\",\"target\":[\"https:\\\/\\\/brandgioielli.it\\\/prodotto\\\/portagioie-velvet-box-ovale\\\/\"]}]},{\"@type\":\"ImageObject\",\"inLanguage\":\"fr-FR\",\"@id\":\"https:\\\/\\\/brandgioielli.it\\\/prodotto\\\/portagioie-velvet-box-ovale\\\/#primaryimage\",\"url\":\"https:\\\/\\\/brandgioielli.it\\\/wp-content\\\/uploads\\\/2025\\\/09\\\/EXP006N.jpg\",\"contentUrl\":\"https:\\\/\\\/brandgioielli.it\\\/wp-content\\\/uploads\\\/2025\\\/09\\\/EXP006N.jpg\",\"width\":800,\"height\":800},{\"@type\":\"BreadcrumbList\",\"@id\":\"https:\\\/\\\/brandgioielli.it\\\/prodotto\\\/portagioie-velvet-box-ovale\\\/#breadcrumb\",\"itemListElement\":[{\"@type\":\"ListItem\",\"position\":1,\"name\":\"Home\",\"item\":\"https:\\\/\\\/brandgioielli.it\\\/\"},{\"@type\":\"ListItem\",\"position\":2,\"name\":\"Shop\",\"item\":\"https:\\\/\\\/brandgioielli.it\\\/shop\\\/\"},{\"@type\":\"ListItem\",\"position\":3,\"name\":\"Portagioie Velvet Box Ovale\"}]},{\"@type\":\"WebSite\",\"@id\":\"https:\\\/\\\/brandgioielli.it\\\/#website\",\"url\":\"https:\\\/\\\/brandgioielli.it\\\/\",\"name\":\"#BrandGioielli\",\"description\":\"\",\"publisher\":{\"@id\":\"https:\\\/\\\/brandgioielli.it\\\/#organization\"},\"potentialAction\":[{\"@type\":\"SearchAction\",\"target\":{\"@type\":\"EntryPoint\",\"urlTemplate\":\"https:\\\/\\\/brandgioielli.it\\\/?s={search_term_string}\"},\"query-input\":{\"@type\":\"PropertyValueSpecification\",\"valueRequired\":true,\"valueName\":\"search_term_string\"}}],\"inLanguage\":\"fr-FR\"},{\"@type\":\"Organization\",\"@id\":\"https:\\\/\\\/brandgioielli.it\\\/#organization\",\"name\":\"Brand Gioielli\",\"url\":\"https:\\\/\\\/brandgioielli.it\\\/\",\"logo\":{\"@type\":\"ImageObject\",\"inLanguage\":\"fr-FR\",\"@id\":\"https:\\\/\\\/brandgioielli.it\\\/#\\\/schema\\\/logo\\\/image\\\/\",\"url\":\"https:\\\/\\\/brandgioielli.it\\\/wp-content\\\/uploads\\\/2025\\\/07\\\/LogoBrand.png\",\"contentUrl\":\"https:\\\/\\\/brandgioielli.it\\\/wp-content\\\/uploads\\\/2025\\\/07\\\/LogoBrand.png\",\"width\":600,\"height\":170,\"caption\":\"Brand Gioielli\"},\"image\":{\"@id\":\"https:\\\/\\\/brandgioielli.it\\\/#\\\/schema\\\/logo\\\/image\\\/\"}}]}<\/script>\n<!-- \/ Yoast SEO plugin. -->","yoast_head_json":{"title":"Portagioie Velvet Box Ovale e - Brand Gioielli","description":"D\u00e9couvrez la pratique bo\u00eete ovale en velours \u00e0 compartiments modulables de la marque Gioielli ! Disponible en six couleurs tendance, sa taille compacte (10 x 15 x 5 cm) la rend id\u00e9ale pour votre prochain voyage.","robots":{"index":"index","follow":"follow","max-snippet":"max-snippet:-1","max-image-preview":"max-image-preview:large","max-video-preview":"max-video-preview:-1"},"canonical":"https:\/\/brandgioielli.it\/fr\/produit\/portagioie-velvet-box-ovale\/","og_locale":"fr_FR","og_type":"article","og_title":"Portagioie Velvet Box Ovale e - Brand Gioielli","og_description":"Scopri la comoda Velvet Box ovale con scomparti divisibili firmata Brand Gioielli! Disponibile in sei colori trendy, perfetta per il tuo prossimo viaggio grazie alle sue dimensioni compatte (10x15x5).","og_url":"https:\/\/brandgioielli.it\/fr\/produit\/portagioie-velvet-box-ovale\/","og_site_name":"#BrandGioielli","article_modified_time":"2026-04-21T09:18:35+00:00","og_image":[{"width":800,"height":800,"url":"http:\/\/brandgioielli.it\/wp-content\/uploads\/2025\/09\/EXP006N.jpg","type":"image\/jpeg"}],"twitter_card":"summary_large_image","twitter_misc":{"Dur\u00e9e de lecture estim\u00e9e":"1 minute"},"schema":{"@context":"https:\/\/schema.org","@graph":[{"@type":"WebPage","@id":"https:\/\/brandgioielli.it\/prodotto\/portagioie-velvet-box-ovale\/","url":"https:\/\/brandgioielli.it\/prodotto\/portagioie-velvet-box-ovale\/","name":"Portagioie Velvet Box Ovale e - Brand Gioielli","isPartOf":{"@id":"https:\/\/brandgioielli.it\/#website"},"primaryImageOfPage":{"@id":"https:\/\/brandgioielli.it\/prodotto\/portagioie-velvet-box-ovale\/#primaryimage"},"image":{"@id":"https:\/\/brandgioielli.it\/prodotto\/portagioie-velvet-box-ovale\/#primaryimage"},"thumbnailUrl":"https:\/\/brandgioielli.it\/wp-content\/uploads\/2025\/09\/EXP006N.jpg","datePublished":"2025-09-20T13:32:24+00:00","dateModified":"2026-04-21T09:18:35+00:00","description":"D\u00e9couvrez la pratique bo\u00eete ovale en velours \u00e0 compartiments modulables de la marque Gioielli ! Disponible en six couleurs tendance, sa taille compacte (10 x 15 x 5 cm) la rend id\u00e9ale pour votre prochain voyage.","breadcrumb":{"@id":"https:\/\/brandgioielli.it\/prodotto\/portagioie-velvet-box-ovale\/#breadcrumb"},"inLanguage":"fr-FR","potentialAction":[{"@type":"ReadAction","target":["https:\/\/brandgioielli.it\/prodotto\/portagioie-velvet-box-ovale\/"]}]},{"@type":"ImageObject","inLanguage":"fr-FR","@id":"https:\/\/brandgioielli.it\/prodotto\/portagioie-velvet-box-ovale\/#primaryimage","url":"https:\/\/brandgioielli.it\/wp-content\/uploads\/2025\/09\/EXP006N.jpg","contentUrl":"https:\/\/brandgioielli.it\/wp-content\/uploads\/2025\/09\/EXP006N.jpg","width":800,"height":800},{"@type":"BreadcrumbList","@id":"https:\/\/brandgioielli.it\/prodotto\/portagioie-velvet-box-ovale\/#breadcrumb","itemListElement":[{"@type":"ListItem","position":1,"name":"Home","item":"https:\/\/brandgioielli.it\/"},{"@type":"ListItem","position":2,"name":"Shop","item":"https:\/\/brandgioielli.it\/shop\/"},{"@type":"ListItem","position":3,"name":"Portagioie Velvet Box Ovale"}]},{"@type":"WebSite","@id":"https:\/\/brandgioielli.it\/#website","url":"https:\/\/brandgioielli.it\/","name":"#BrandJewellery","description":"","publisher":{"@id":"https:\/\/brandgioielli.it\/#organization"},"potentialAction":[{"@type":"SearchAction","target":{"@type":"EntryPoint","urlTemplate":"https:\/\/brandgioielli.it\/?s={search_term_string}"},"query-input":{"@type":"PropertyValueSpecification","valueRequired":true,"valueName":"search_term_string"}}],"inLanguage":"fr-FR"},{"@type":"Organization","@id":"https:\/\/brandgioielli.it\/#organization","name":"Bijoux de marque","url":"https:\/\/brandgioielli.it\/","logo":{"@type":"ImageObject","inLanguage":"fr-FR","@id":"https:\/\/brandgioielli.it\/#\/schema\/logo\/image\/","url":"https:\/\/brandgioielli.it\/wp-content\/uploads\/2025\/07\/LogoBrand.png","contentUrl":"https:\/\/brandgioielli.it\/wp-content\/uploads\/2025\/07\/LogoBrand.png","width":600,"height":170,"caption":"Brand Gioielli"},"image":{"@id":"https:\/\/brandgioielli.it\/#\/schema\/logo\/image\/"}}]}},"_links":{"self":[{"href":"https:\/\/brandgioielli.it\/fr\/wp-json\/wp\/v2\/product\/6953","targetHints":{"allow":["GET"]}}],"collection":[{"href":"https:\/\/brandgioielli.it\/fr\/wp-json\/wp\/v2\/product"}],"about":[{"href":"https:\/\/brandgioielli.it\/fr\/wp-json\/wp\/v2\/types\/product"}],"version-history":[{"count":4,"href":"https:\/\/brandgioielli.it\/fr\/wp-json\/wp\/v2\/product\/6953\/revisions"}],"predecessor-version":[{"id":99870,"href":"https:\/\/brandgioielli.it\/fr\/wp-json\/wp\/v2\/product\/6953\/revisions\/99870"}],"wp:featuredmedia":[{"embeddable":true,"href":"https:\/\/brandgioielli.it\/fr\/wp-json\/wp\/v2\/media\/64426"}],"wp:attachment":[{"href":"https:\/\/brandgioielli.it\/fr\/wp-json\/wp\/v2\/media?parent=6953"}],"wp:term":[{"taxonomy":"product_brand","embeddable":true,"href":"https:\/\/brandgioielli.it\/fr\/wp-json\/wp\/v2\/product_brand?post=6953"},{"taxonomy":"product_cat","embeddable":true,"href":"https:\/\/brandgioielli.it\/fr\/wp-json\/wp\/v2\/product_cat?post=6953"},{"taxonomy":"product_tag","embeddable":true,"href":"https:\/\/brandgioielli.it\/fr\/wp-json\/wp\/v2\/product_tag?post=6953"}],"curies":[{"name":"wp","href":"https:\/\/api.w.org\/{rel}","templated":true}]}}