{"id":6788,"date":"2025-09-20T14:24:13","date_gmt":"2025-09-20T12:24:13","guid":{"rendered":"https:\/\/sandybrown-lark-277155.hostingersite.com\/prodotto\/bracciale-catena-cerchio\/"},"modified":"2026-04-23T12:18:28","modified_gmt":"2026-04-23T10:18:28","slug":"bracciale-catena-cerchio","status":"publish","type":"product","link":"https:\/\/brandgioielli.it\/fr\/produit\/bracciale-catena-cerchio\/","title":{"rendered":"Bracelet \u00e0 pendentif rond"},"content":{"rendered":"<h2>Bracelet \u00e0 pendentif rond<\/h2>\n<p data-start=\"518\" data-end=\"721\">Le bracelet \u00e0 pendentif rond de la marque #Brand Gioielli est un accessoire minimaliste, mais riche de sens. Fabriqu\u00e9 en <strong data-start=\"531\" data-end=\"560\">acier inoxydable<\/strong>, r\u00e9sistant et hypoallerg\u00e9nique. <strong data-start=\"676\" data-end=\"722\">surface lisse et brillante<\/strong>\u00a0Il est parfait pour la gravure\u00a0: un nom, une date importante, un mot-cl\u00e9, une initiale ou un message secret. C\u2019est aussi une id\u00e9e parfaite pour un <strong data-start=\"990\" data-end=\"1015\">cadeau personnalis\u00e9<\/strong>, d\u00e9dier ou partager.<\/p>\n<p><strong>SP\u00c9CIFICATIONS TECHNIQUES<\/strong><\/p>\n<ul>\n<li>Bracelet \u00e0 pendentif rond<\/li>\n<li>Taille du bord : 1,8 cm<\/li>\n<li>Longueur : 17 cm<\/li>\n<li>Finition : acier<\/li>\n<li>Mat\u00e9riau : acier inoxydable<\/li>\n<\/ul>\n<p><em>Tous les bijoux de la marque #Brand sont fabriqu\u00e9s \u00e0 partir de l'acier inoxydable chirurgical le plus pur du march\u00e9, test\u00e9 pour le nickel et con\u00e7u pour \u00eatre port\u00e9 tous les jours sans crainte de d\u00e9coloration ou de signes d'usure et r\u00e9sistant \u00e0 l'eau.<\/em><\/p>","protected":false},"excerpt":{"rendered":"<p>Bracciale Catena Cerchio Pendente Il bracciale catena cerchio pendente firmato #Brand Gioielli \u00e8 un accessorio minimalista nel design, ma carico di significato. Realizzato in acciaio inossidabile, resistente e ipoallergenica. La superficie liscia e lucida\u00a0\u00e8 perfetta per un\u2019incisione: un nome, una data importante, una parola chiave, un&#8217;iniziale o un messaggio segreto. Un\u2019idea perfetta anche per un [&hellip;]<\/p>\n","protected":false},"featured_media":103887,"template":"","meta":[],"product_brand":[],"product_cat":[459,20,38,19,483,506,39],"product_tag":[113],"class_list":{"0":"post-6788","1":"product","2":"type-product","3":"status-publish","4":"has-post-thumbnail","6":"product_cat-bracciali","7":"product_cat-bracciali-donna","8":"product_cat-bracciali-uomo","9":"product_cat-donna","10":"product_cat-incidibili","11":"product_cat-sotto-i-20e","12":"product_cat-uomo","13":"product_tag-collezione-basic","15":"first","16":"instock","17":"shipping-taxable","18":"purchasable","19":"product-type-simple"},"yoast_head":"<!-- This site is optimized with the Yoast SEO plugin v27.4 - https:\/\/yoast.com\/product\/yoast-seo-wordpress\/ -->\n<title>Bracciale Catena Cerchio Pendente - #BrandGioielli<\/title>\n<meta name=\"description\" content=\"Acquista ora su Brand Gioielli: Bracciale Catena Cerchio Pendente\" \/>\n<meta name=\"robots\" content=\"index, follow, max-snippet:-1, max-image-preview:large, max-video-preview:-1\" \/>\n<link rel=\"canonical\" href=\"https:\/\/brandgioielli.it\/fr\/produit\/bracciale-catena-cerchio\/\" \/>\n<meta property=\"og:locale\" content=\"fr_FR\" \/>\n<meta property=\"og:type\" content=\"article\" \/>\n<meta property=\"og:title\" content=\"Bracciale Catena Cerchio Pendente - #BrandGioielli\" \/>\n<meta property=\"og:description\" content=\"Acquista ora su Brand Gioielli: Bracciale Catena Cerchio Pendente\" \/>\n<meta property=\"og:url\" content=\"https:\/\/brandgioielli.it\/fr\/produit\/bracciale-catena-cerchio\/\" \/>\n<meta property=\"og:site_name\" content=\"#BrandGioielli\" \/>\n<meta property=\"article:modified_time\" content=\"2026-04-23T10:18:28+00:00\" \/>\n<meta property=\"og:image\" content=\"https:\/\/brandgioielli.it\/wp-content\/uploads\/2026\/02\/bracciale-catena-targa-pendente.jpg\" \/>\n\t<meta property=\"og:image:width\" content=\"800\" \/>\n\t<meta property=\"og:image:height\" content=\"800\" \/>\n\t<meta property=\"og:image:type\" content=\"image\/jpeg\" \/>\n<meta name=\"twitter:card\" content=\"summary_large_image\" \/>\n<meta name=\"twitter:label1\" content=\"Dur\u00e9e de lecture estim\u00e9e\" \/>\n\t<meta name=\"twitter:data1\" content=\"1 minute\" \/>\n<script type=\"application\/ld+json\" class=\"yoast-schema-graph\">{\"@context\":\"https:\\\/\\\/schema.org\",\"@graph\":[{\"@type\":\"WebPage\",\"@id\":\"https:\\\/\\\/brandgioielli.it\\\/prodotto\\\/bracciale-catena-cerchio\\\/\",\"url\":\"https:\\\/\\\/brandgioielli.it\\\/prodotto\\\/bracciale-catena-cerchio\\\/\",\"name\":\"Bracciale Catena Cerchio Pendente - #BrandGioielli\",\"isPartOf\":{\"@id\":\"https:\\\/\\\/brandgioielli.it\\\/#website\"},\"primaryImageOfPage\":{\"@id\":\"https:\\\/\\\/brandgioielli.it\\\/prodotto\\\/bracciale-catena-cerchio\\\/#primaryimage\"},\"image\":{\"@id\":\"https:\\\/\\\/brandgioielli.it\\\/prodotto\\\/bracciale-catena-cerchio\\\/#primaryimage\"},\"thumbnailUrl\":\"https:\\\/\\\/brandgioielli.it\\\/wp-content\\\/uploads\\\/2026\\\/02\\\/bracciale-catena-targa-pendente.jpg\",\"datePublished\":\"2025-09-20T12:24:13+00:00\",\"dateModified\":\"2026-04-23T10:18:28+00:00\",\"description\":\"Acquista ora su Brand Gioielli: Bracciale Catena Cerchio Pendente\",\"breadcrumb\":{\"@id\":\"https:\\\/\\\/brandgioielli.it\\\/prodotto\\\/bracciale-catena-cerchio\\\/#breadcrumb\"},\"inLanguage\":\"fr-FR\",\"potentialAction\":[{\"@type\":\"ReadAction\",\"target\":[\"https:\\\/\\\/brandgioielli.it\\\/prodotto\\\/bracciale-catena-cerchio\\\/\"]}]},{\"@type\":\"ImageObject\",\"inLanguage\":\"fr-FR\",\"@id\":\"https:\\\/\\\/brandgioielli.it\\\/prodotto\\\/bracciale-catena-cerchio\\\/#primaryimage\",\"url\":\"https:\\\/\\\/brandgioielli.it\\\/wp-content\\\/uploads\\\/2026\\\/02\\\/bracciale-catena-targa-pendente.jpg\",\"contentUrl\":\"https:\\\/\\\/brandgioielli.it\\\/wp-content\\\/uploads\\\/2026\\\/02\\\/bracciale-catena-targa-pendente.jpg\",\"width\":800,\"height\":800},{\"@type\":\"BreadcrumbList\",\"@id\":\"https:\\\/\\\/brandgioielli.it\\\/prodotto\\\/bracciale-catena-cerchio\\\/#breadcrumb\",\"itemListElement\":[{\"@type\":\"ListItem\",\"position\":1,\"name\":\"Home\",\"item\":\"https:\\\/\\\/brandgioielli.it\\\/\"},{\"@type\":\"ListItem\",\"position\":2,\"name\":\"Shop\",\"item\":\"https:\\\/\\\/brandgioielli.it\\\/shop\\\/\"},{\"@type\":\"ListItem\",\"position\":3,\"name\":\"Bracciale Catena Cerchio Pendente\"}]},{\"@type\":\"WebSite\",\"@id\":\"https:\\\/\\\/brandgioielli.it\\\/#website\",\"url\":\"https:\\\/\\\/brandgioielli.it\\\/\",\"name\":\"#BrandGioielli\",\"description\":\"\",\"publisher\":{\"@id\":\"https:\\\/\\\/brandgioielli.it\\\/#organization\"},\"potentialAction\":[{\"@type\":\"SearchAction\",\"target\":{\"@type\":\"EntryPoint\",\"urlTemplate\":\"https:\\\/\\\/brandgioielli.it\\\/?s={search_term_string}\"},\"query-input\":{\"@type\":\"PropertyValueSpecification\",\"valueRequired\":true,\"valueName\":\"search_term_string\"}}],\"inLanguage\":\"fr-FR\"},{\"@type\":\"Organization\",\"@id\":\"https:\\\/\\\/brandgioielli.it\\\/#organization\",\"name\":\"Brand Gioielli\",\"url\":\"https:\\\/\\\/brandgioielli.it\\\/\",\"logo\":{\"@type\":\"ImageObject\",\"inLanguage\":\"fr-FR\",\"@id\":\"https:\\\/\\\/brandgioielli.it\\\/#\\\/schema\\\/logo\\\/image\\\/\",\"url\":\"https:\\\/\\\/brandgioielli.it\\\/wp-content\\\/uploads\\\/2025\\\/07\\\/LogoBrand.png\",\"contentUrl\":\"https:\\\/\\\/brandgioielli.it\\\/wp-content\\\/uploads\\\/2025\\\/07\\\/LogoBrand.png\",\"width\":600,\"height\":170,\"caption\":\"Brand Gioielli\"},\"image\":{\"@id\":\"https:\\\/\\\/brandgioielli.it\\\/#\\\/schema\\\/logo\\\/image\\\/\"}}]}<\/script>\n<!-- \/ Yoast SEO plugin. -->","yoast_head_json":{"title":"Bracelet \u00e0 pendentif rond - #BrandGioielli","description":"Achetez d\u00e8s maintenant chez Brand Gioielli : Bracelet \u00e0 pendentif rond","robots":{"index":"index","follow":"follow","max-snippet":"max-snippet:-1","max-image-preview":"max-image-preview:large","max-video-preview":"max-video-preview:-1"},"canonical":"https:\/\/brandgioielli.it\/fr\/produit\/bracciale-catena-cerchio\/","og_locale":"fr_FR","og_type":"article","og_title":"Bracciale Catena Cerchio Pendente - #BrandGioielli","og_description":"Acquista ora su Brand Gioielli: Bracciale Catena Cerchio Pendente","og_url":"https:\/\/brandgioielli.it\/fr\/produit\/bracciale-catena-cerchio\/","og_site_name":"#BrandGioielli","article_modified_time":"2026-04-23T10:18:28+00:00","og_image":[{"width":800,"height":800,"url":"https:\/\/brandgioielli.it\/wp-content\/uploads\/2026\/02\/bracciale-catena-targa-pendente.jpg","type":"image\/jpeg"}],"twitter_card":"summary_large_image","twitter_misc":{"Dur\u00e9e de lecture estim\u00e9e":"1 minute"},"schema":{"@context":"https:\/\/schema.org","@graph":[{"@type":"WebPage","@id":"https:\/\/brandgioielli.it\/prodotto\/bracciale-catena-cerchio\/","url":"https:\/\/brandgioielli.it\/prodotto\/bracciale-catena-cerchio\/","name":"Bracelet \u00e0 pendentif rond - #BrandGioielli","isPartOf":{"@id":"https:\/\/brandgioielli.it\/#website"},"primaryImageOfPage":{"@id":"https:\/\/brandgioielli.it\/prodotto\/bracciale-catena-cerchio\/#primaryimage"},"image":{"@id":"https:\/\/brandgioielli.it\/prodotto\/bracciale-catena-cerchio\/#primaryimage"},"thumbnailUrl":"https:\/\/brandgioielli.it\/wp-content\/uploads\/2026\/02\/bracciale-catena-targa-pendente.jpg","datePublished":"2025-09-20T12:24:13+00:00","dateModified":"2026-04-23T10:18:28+00:00","description":"Achetez d\u00e8s maintenant chez Brand Gioielli : Bracelet \u00e0 pendentif rond","breadcrumb":{"@id":"https:\/\/brandgioielli.it\/prodotto\/bracciale-catena-cerchio\/#breadcrumb"},"inLanguage":"fr-FR","potentialAction":[{"@type":"ReadAction","target":["https:\/\/brandgioielli.it\/prodotto\/bracciale-catena-cerchio\/"]}]},{"@type":"ImageObject","inLanguage":"fr-FR","@id":"https:\/\/brandgioielli.it\/prodotto\/bracciale-catena-cerchio\/#primaryimage","url":"https:\/\/brandgioielli.it\/wp-content\/uploads\/2026\/02\/bracciale-catena-targa-pendente.jpg","contentUrl":"https:\/\/brandgioielli.it\/wp-content\/uploads\/2026\/02\/bracciale-catena-targa-pendente.jpg","width":800,"height":800},{"@type":"BreadcrumbList","@id":"https:\/\/brandgioielli.it\/prodotto\/bracciale-catena-cerchio\/#breadcrumb","itemListElement":[{"@type":"ListItem","position":1,"name":"Home","item":"https:\/\/brandgioielli.it\/"},{"@type":"ListItem","position":2,"name":"Shop","item":"https:\/\/brandgioielli.it\/shop\/"},{"@type":"ListItem","position":3,"name":"Bracciale Catena Cerchio Pendente"}]},{"@type":"WebSite","@id":"https:\/\/brandgioielli.it\/#website","url":"https:\/\/brandgioielli.it\/","name":"#BrandJewellery","description":"","publisher":{"@id":"https:\/\/brandgioielli.it\/#organization"},"potentialAction":[{"@type":"SearchAction","target":{"@type":"EntryPoint","urlTemplate":"https:\/\/brandgioielli.it\/?s={search_term_string}"},"query-input":{"@type":"PropertyValueSpecification","valueRequired":true,"valueName":"search_term_string"}}],"inLanguage":"fr-FR"},{"@type":"Organization","@id":"https:\/\/brandgioielli.it\/#organization","name":"Bijoux de marque","url":"https:\/\/brandgioielli.it\/","logo":{"@type":"ImageObject","inLanguage":"fr-FR","@id":"https:\/\/brandgioielli.it\/#\/schema\/logo\/image\/","url":"https:\/\/brandgioielli.it\/wp-content\/uploads\/2025\/07\/LogoBrand.png","contentUrl":"https:\/\/brandgioielli.it\/wp-content\/uploads\/2025\/07\/LogoBrand.png","width":600,"height":170,"caption":"Brand Gioielli"},"image":{"@id":"https:\/\/brandgioielli.it\/#\/schema\/logo\/image\/"}}]}},"_links":{"self":[{"href":"https:\/\/brandgioielli.it\/fr\/wp-json\/wp\/v2\/product\/6788","targetHints":{"allow":["GET"]}}],"collection":[{"href":"https:\/\/brandgioielli.it\/fr\/wp-json\/wp\/v2\/product"}],"about":[{"href":"https:\/\/brandgioielli.it\/fr\/wp-json\/wp\/v2\/types\/product"}],"version-history":[{"count":3,"href":"https:\/\/brandgioielli.it\/fr\/wp-json\/wp\/v2\/product\/6788\/revisions"}],"predecessor-version":[{"id":103998,"href":"https:\/\/brandgioielli.it\/fr\/wp-json\/wp\/v2\/product\/6788\/revisions\/103998"}],"wp:featuredmedia":[{"embeddable":true,"href":"https:\/\/brandgioielli.it\/fr\/wp-json\/wp\/v2\/media\/103887"}],"wp:attachment":[{"href":"https:\/\/brandgioielli.it\/fr\/wp-json\/wp\/v2\/media?parent=6788"}],"wp:term":[{"taxonomy":"product_brand","embeddable":true,"href":"https:\/\/brandgioielli.it\/fr\/wp-json\/wp\/v2\/product_brand?post=6788"},{"taxonomy":"product_cat","embeddable":true,"href":"https:\/\/brandgioielli.it\/fr\/wp-json\/wp\/v2\/product_cat?post=6788"},{"taxonomy":"product_tag","embeddable":true,"href":"https:\/\/brandgioielli.it\/fr\/wp-json\/wp\/v2\/product_tag?post=6788"}],"curies":[{"name":"wp","href":"https:\/\/api.w.org\/{rel}","templated":true}]}}