{"id":6351,"date":"2025-09-20T12:34:17","date_gmt":"2025-09-20T10:34:17","guid":{"rendered":"https:\/\/sandybrown-lark-277155.hostingersite.com\/prodotto\/collana-triplo-filo-cristalli-verdi-acqua-e-piume-pvd-dorato\/"},"modified":"2026-04-17T18:18:26","modified_gmt":"2026-04-17T16:18:26","slug":"collana-triplo-filo-cristalli-verdi-acqua-e-piume-pvd-dorato","status":"publish","type":"product","link":"https:\/\/brandgioielli.it\/fr\/produit\/collana-triplo-filo-cristalli-verdi-acqua-e-piume-pvd-dorato\/","title":{"rendered":"Collier Triple Strand Green Crystals Water and Feathers or pvd"},"content":{"rendered":"<p><strong>Collier \u00e0 trois brins avec cristaux et plumes sarcelle <\/strong><strong>pendentifs<\/strong><\/p>\n<p>Mat\u00e9riau : acier inoxydable, hypoallerg\u00e9nique, test\u00e9 pour le nickel<\/p>\n<p>Pvd or<\/p>\n<p>Longueur du collier : 40, 42, 45 cm + 8 cm de rallonge<\/p>\n<p>&nbsp;<\/p>\n<p>&nbsp;<\/p>\n<p>&nbsp;<\/p>","protected":false},"excerpt":{"rendered":"<p>Collana triplo filo con cristalli verde acqua e piume pendenti Materiale: acciaio inossidabile, ipoallergenico testato per il nichel Pvd dorato Lunghezza collana: 40, 42, 45 cm + 8 cm di estensione &nbsp; &nbsp; &nbsp;<\/p>","protected":false},"featured_media":63857,"template":"","meta":[],"product_brand":[],"product_cat":[458,23,19,507],"product_tag":[99,49],"class_list":{"0":"post-6351","1":"product","2":"type-product","3":"status-publish","4":"has-post-thumbnail","6":"product_cat-collane","7":"product_cat-collane-donna","8":"product_cat-donna","9":"product_cat-sotto-i-30e","10":"product_tag-collezione-layers","11":"product_tag-summer-selection","13":"first","14":"instock","15":"shipping-taxable","16":"purchasable","17":"product-type-simple"},"yoast_head":"<!-- This site is optimized with the Yoast SEO plugin v27.4 - https:\/\/yoast.com\/product\/yoast-seo-wordpress\/ -->\n<title>Collana Triplo Filo Cristalli Verdi Acqua e Piume pvd dorato - #BrandGioielli<\/title>\n<meta name=\"description\" content=\"Acquista ora su Brand Gioielli: Collana Triplo Filo Cristalli Verdi Acqua e Piume pvd dorato\" \/>\n<meta name=\"robots\" content=\"index, follow, max-snippet:-1, max-image-preview:large, max-video-preview:-1\" \/>\n<link rel=\"canonical\" href=\"https:\/\/brandgioielli.it\/fr\/produit\/collana-triplo-filo-cristalli-verdi-acqua-e-piume-pvd-dorato\/\" \/>\n<meta property=\"og:locale\" content=\"fr_FR\" \/>\n<meta property=\"og:type\" content=\"article\" \/>\n<meta property=\"og:title\" content=\"Collana Triplo Filo Cristalli Verdi Acqua e Piume pvd dorato - #BrandGioielli\" \/>\n<meta property=\"og:description\" content=\"Acquista ora su Brand Gioielli: Collana Triplo Filo Cristalli Verdi Acqua e Piume pvd dorato\" \/>\n<meta property=\"og:url\" content=\"https:\/\/brandgioielli.it\/fr\/produit\/collana-triplo-filo-cristalli-verdi-acqua-e-piume-pvd-dorato\/\" \/>\n<meta property=\"og:site_name\" content=\"#BrandGioielli\" \/>\n<meta property=\"article:modified_time\" content=\"2026-04-17T16:18:26+00:00\" \/>\n<meta property=\"og:image\" content=\"http:\/\/brandgioielli.it\/wp-content\/uploads\/2025\/09\/30NK008G.jpg\" \/>\n\t<meta property=\"og:image:width\" content=\"800\" \/>\n\t<meta property=\"og:image:height\" content=\"800\" \/>\n\t<meta property=\"og:image:type\" content=\"image\/jpeg\" \/>\n<meta name=\"twitter:card\" content=\"summary_large_image\" \/>\n<script type=\"application\/ld+json\" class=\"yoast-schema-graph\">{\"@context\":\"https:\\\/\\\/schema.org\",\"@graph\":[{\"@type\":\"WebPage\",\"@id\":\"https:\\\/\\\/brandgioielli.it\\\/prodotto\\\/collana-triplo-filo-cristalli-verdi-acqua-e-piume-pvd-dorato\\\/\",\"url\":\"https:\\\/\\\/brandgioielli.it\\\/prodotto\\\/collana-triplo-filo-cristalli-verdi-acqua-e-piume-pvd-dorato\\\/\",\"name\":\"Collana Triplo Filo Cristalli Verdi Acqua e Piume pvd dorato - #BrandGioielli\",\"isPartOf\":{\"@id\":\"https:\\\/\\\/brandgioielli.it\\\/#website\"},\"primaryImageOfPage\":{\"@id\":\"https:\\\/\\\/brandgioielli.it\\\/prodotto\\\/collana-triplo-filo-cristalli-verdi-acqua-e-piume-pvd-dorato\\\/#primaryimage\"},\"image\":{\"@id\":\"https:\\\/\\\/brandgioielli.it\\\/prodotto\\\/collana-triplo-filo-cristalli-verdi-acqua-e-piume-pvd-dorato\\\/#primaryimage\"},\"thumbnailUrl\":\"https:\\\/\\\/brandgioielli.it\\\/wp-content\\\/uploads\\\/2025\\\/09\\\/30NK008G.jpg\",\"datePublished\":\"2025-09-20T10:34:17+00:00\",\"dateModified\":\"2026-04-17T16:18:26+00:00\",\"description\":\"Acquista ora su Brand Gioielli: Collana Triplo Filo Cristalli Verdi Acqua e Piume pvd dorato\",\"breadcrumb\":{\"@id\":\"https:\\\/\\\/brandgioielli.it\\\/prodotto\\\/collana-triplo-filo-cristalli-verdi-acqua-e-piume-pvd-dorato\\\/#breadcrumb\"},\"inLanguage\":\"fr-FR\",\"potentialAction\":[{\"@type\":\"ReadAction\",\"target\":[\"https:\\\/\\\/brandgioielli.it\\\/prodotto\\\/collana-triplo-filo-cristalli-verdi-acqua-e-piume-pvd-dorato\\\/\"]}]},{\"@type\":\"ImageObject\",\"inLanguage\":\"fr-FR\",\"@id\":\"https:\\\/\\\/brandgioielli.it\\\/prodotto\\\/collana-triplo-filo-cristalli-verdi-acqua-e-piume-pvd-dorato\\\/#primaryimage\",\"url\":\"https:\\\/\\\/brandgioielli.it\\\/wp-content\\\/uploads\\\/2025\\\/09\\\/30NK008G.jpg\",\"contentUrl\":\"https:\\\/\\\/brandgioielli.it\\\/wp-content\\\/uploads\\\/2025\\\/09\\\/30NK008G.jpg\",\"width\":800,\"height\":800},{\"@type\":\"BreadcrumbList\",\"@id\":\"https:\\\/\\\/brandgioielli.it\\\/prodotto\\\/collana-triplo-filo-cristalli-verdi-acqua-e-piume-pvd-dorato\\\/#breadcrumb\",\"itemListElement\":[{\"@type\":\"ListItem\",\"position\":1,\"name\":\"Home\",\"item\":\"https:\\\/\\\/brandgioielli.it\\\/\"},{\"@type\":\"ListItem\",\"position\":2,\"name\":\"Shop\",\"item\":\"https:\\\/\\\/brandgioielli.it\\\/shop\\\/\"},{\"@type\":\"ListItem\",\"position\":3,\"name\":\"Collana Triplo Filo Cristalli Verdi Acqua e Piume pvd dorato\"}]},{\"@type\":\"WebSite\",\"@id\":\"https:\\\/\\\/brandgioielli.it\\\/#website\",\"url\":\"https:\\\/\\\/brandgioielli.it\\\/\",\"name\":\"#BrandGioielli\",\"description\":\"\",\"publisher\":{\"@id\":\"https:\\\/\\\/brandgioielli.it\\\/#organization\"},\"potentialAction\":[{\"@type\":\"SearchAction\",\"target\":{\"@type\":\"EntryPoint\",\"urlTemplate\":\"https:\\\/\\\/brandgioielli.it\\\/?s={search_term_string}\"},\"query-input\":{\"@type\":\"PropertyValueSpecification\",\"valueRequired\":true,\"valueName\":\"search_term_string\"}}],\"inLanguage\":\"fr-FR\"},{\"@type\":\"Organization\",\"@id\":\"https:\\\/\\\/brandgioielli.it\\\/#organization\",\"name\":\"Brand Gioielli\",\"url\":\"https:\\\/\\\/brandgioielli.it\\\/\",\"logo\":{\"@type\":\"ImageObject\",\"inLanguage\":\"fr-FR\",\"@id\":\"https:\\\/\\\/brandgioielli.it\\\/#\\\/schema\\\/logo\\\/image\\\/\",\"url\":\"https:\\\/\\\/brandgioielli.it\\\/wp-content\\\/uploads\\\/2025\\\/07\\\/LogoBrand.png\",\"contentUrl\":\"https:\\\/\\\/brandgioielli.it\\\/wp-content\\\/uploads\\\/2025\\\/07\\\/LogoBrand.png\",\"width\":600,\"height\":170,\"caption\":\"Brand Gioielli\"},\"image\":{\"@id\":\"https:\\\/\\\/brandgioielli.it\\\/#\\\/schema\\\/logo\\\/image\\\/\"}}]}<\/script>\n<!-- \/ Yoast SEO plugin. -->","yoast_head_json":{"title":"Collana Triplo Filo Cristalli Verdi Acqua e Piume pvd dorato - #BrandGioielli","description":"Acquista ora su Brand Gioielli: Collana Triplo Filo Cristalli Verdi Acqua e Piume pvd dorato","robots":{"index":"index","follow":"follow","max-snippet":"max-snippet:-1","max-image-preview":"max-image-preview:large","max-video-preview":"max-video-preview:-1"},"canonical":"https:\/\/brandgioielli.it\/fr\/produit\/collana-triplo-filo-cristalli-verdi-acqua-e-piume-pvd-dorato\/","og_locale":"fr_FR","og_type":"article","og_title":"Collana Triplo Filo Cristalli Verdi Acqua e Piume pvd dorato - #BrandGioielli","og_description":"Acquista ora su Brand Gioielli: Collana Triplo Filo Cristalli Verdi Acqua e Piume pvd dorato","og_url":"https:\/\/brandgioielli.it\/fr\/produit\/collana-triplo-filo-cristalli-verdi-acqua-e-piume-pvd-dorato\/","og_site_name":"#BrandGioielli","article_modified_time":"2026-04-17T16:18:26+00:00","og_image":[{"width":800,"height":800,"url":"http:\/\/brandgioielli.it\/wp-content\/uploads\/2025\/09\/30NK008G.jpg","type":"image\/jpeg"}],"twitter_card":"summary_large_image","schema":{"@context":"https:\/\/schema.org","@graph":[{"@type":"WebPage","@id":"https:\/\/brandgioielli.it\/prodotto\/collana-triplo-filo-cristalli-verdi-acqua-e-piume-pvd-dorato\/","url":"https:\/\/brandgioielli.it\/prodotto\/collana-triplo-filo-cristalli-verdi-acqua-e-piume-pvd-dorato\/","name":"Collana Triplo Filo Cristalli Verdi Acqua e Piume pvd dorato - #BrandGioielli","isPartOf":{"@id":"https:\/\/brandgioielli.it\/#website"},"primaryImageOfPage":{"@id":"https:\/\/brandgioielli.it\/prodotto\/collana-triplo-filo-cristalli-verdi-acqua-e-piume-pvd-dorato\/#primaryimage"},"image":{"@id":"https:\/\/brandgioielli.it\/prodotto\/collana-triplo-filo-cristalli-verdi-acqua-e-piume-pvd-dorato\/#primaryimage"},"thumbnailUrl":"https:\/\/brandgioielli.it\/wp-content\/uploads\/2025\/09\/30NK008G.jpg","datePublished":"2025-09-20T10:34:17+00:00","dateModified":"2026-04-17T16:18:26+00:00","description":"Acquista ora su Brand Gioielli: Collana Triplo Filo Cristalli Verdi Acqua e Piume pvd dorato","breadcrumb":{"@id":"https:\/\/brandgioielli.it\/prodotto\/collana-triplo-filo-cristalli-verdi-acqua-e-piume-pvd-dorato\/#breadcrumb"},"inLanguage":"fr-FR","potentialAction":[{"@type":"ReadAction","target":["https:\/\/brandgioielli.it\/prodotto\/collana-triplo-filo-cristalli-verdi-acqua-e-piume-pvd-dorato\/"]}]},{"@type":"ImageObject","inLanguage":"fr-FR","@id":"https:\/\/brandgioielli.it\/prodotto\/collana-triplo-filo-cristalli-verdi-acqua-e-piume-pvd-dorato\/#primaryimage","url":"https:\/\/brandgioielli.it\/wp-content\/uploads\/2025\/09\/30NK008G.jpg","contentUrl":"https:\/\/brandgioielli.it\/wp-content\/uploads\/2025\/09\/30NK008G.jpg","width":800,"height":800},{"@type":"BreadcrumbList","@id":"https:\/\/brandgioielli.it\/prodotto\/collana-triplo-filo-cristalli-verdi-acqua-e-piume-pvd-dorato\/#breadcrumb","itemListElement":[{"@type":"ListItem","position":1,"name":"Home","item":"https:\/\/brandgioielli.it\/"},{"@type":"ListItem","position":2,"name":"Shop","item":"https:\/\/brandgioielli.it\/shop\/"},{"@type":"ListItem","position":3,"name":"Collana Triplo Filo Cristalli Verdi Acqua e Piume pvd dorato"}]},{"@type":"WebSite","@id":"https:\/\/brandgioielli.it\/#website","url":"https:\/\/brandgioielli.it\/","name":"#BrandJewellery","description":"","publisher":{"@id":"https:\/\/brandgioielli.it\/#organization"},"potentialAction":[{"@type":"SearchAction","target":{"@type":"EntryPoint","urlTemplate":"https:\/\/brandgioielli.it\/?s={search_term_string}"},"query-input":{"@type":"PropertyValueSpecification","valueRequired":true,"valueName":"search_term_string"}}],"inLanguage":"fr-FR"},{"@type":"Organization","@id":"https:\/\/brandgioielli.it\/#organization","name":"Bijoux de marque","url":"https:\/\/brandgioielli.it\/","logo":{"@type":"ImageObject","inLanguage":"fr-FR","@id":"https:\/\/brandgioielli.it\/#\/schema\/logo\/image\/","url":"https:\/\/brandgioielli.it\/wp-content\/uploads\/2025\/07\/LogoBrand.png","contentUrl":"https:\/\/brandgioielli.it\/wp-content\/uploads\/2025\/07\/LogoBrand.png","width":600,"height":170,"caption":"Brand Gioielli"},"image":{"@id":"https:\/\/brandgioielli.it\/#\/schema\/logo\/image\/"}}]}},"_links":{"self":[{"href":"https:\/\/brandgioielli.it\/fr\/wp-json\/wp\/v2\/product\/6351","targetHints":{"allow":["GET"]}}],"collection":[{"href":"https:\/\/brandgioielli.it\/fr\/wp-json\/wp\/v2\/product"}],"about":[{"href":"https:\/\/brandgioielli.it\/fr\/wp-json\/wp\/v2\/types\/product"}],"version-history":[{"count":1,"href":"https:\/\/brandgioielli.it\/fr\/wp-json\/wp\/v2\/product\/6351\/revisions"}],"predecessor-version":[{"id":6386,"href":"https:\/\/brandgioielli.it\/fr\/wp-json\/wp\/v2\/product\/6351\/revisions\/6386"}],"wp:featuredmedia":[{"embeddable":true,"href":"https:\/\/brandgioielli.it\/fr\/wp-json\/wp\/v2\/media\/63857"}],"wp:attachment":[{"href":"https:\/\/brandgioielli.it\/fr\/wp-json\/wp\/v2\/media?parent=6351"}],"wp:term":[{"taxonomy":"product_brand","embeddable":true,"href":"https:\/\/brandgioielli.it\/fr\/wp-json\/wp\/v2\/product_brand?post=6351"},{"taxonomy":"product_cat","embeddable":true,"href":"https:\/\/brandgioielli.it\/fr\/wp-json\/wp\/v2\/product_cat?post=6351"},{"taxonomy":"product_tag","embeddable":true,"href":"https:\/\/brandgioielli.it\/fr\/wp-json\/wp\/v2\/product_tag?post=6351"}],"curies":[{"name":"wp","href":"https:\/\/api.w.org\/{rel}","templated":true}]}}