{"id":5702,"date":"2025-09-20T09:38:22","date_gmt":"2025-09-20T07:38:22","guid":{"rendered":"https:\/\/sandybrown-lark-277155.hostingersite.com\/prodotto\/bracciale-tennis-2mm-con-catena-flower\/"},"modified":"2026-04-17T18:17:52","modified_gmt":"2026-04-17T16:17:52","slug":"bracciale-doppio-con-tennis-2mm-e-catena-flower","status":"publish","type":"product","link":"https:\/\/brandgioielli.it\/fr\/produit\/bracciale-doppio-con-tennis-2mm-e-catena-flower\/","title":{"rendered":"Bracelet double avec cha\u00eene tennis de 2 mm et cha\u00eene fleur"},"content":{"rendered":"<h2 data-start=\"122\" data-end=\"653\">Bracelet double avec cha\u00eene tennis de 2 mm et cha\u00eene fleur<\/h2>\n<p data-start=\"454\" data-end=\"871\">Le bracelet double de la marque Gioielli, compos\u00e9 d&#039;une cha\u00eene tennis et d&#039;une cha\u00eene fleur, se distingue par son design \u00e9l\u00e9gant et sophistiqu\u00e9. Il associe harmonieusement une cha\u00eene tennis lumineuse \u00e0 une cha\u00eene textur\u00e9e, cr\u00e9ant un jeu raffin\u00e9 de volumes et de textures. La rang\u00e9e r\u00e9guli\u00e8re de cristaux apporte \u00e9clat et lumi\u00e8re au poignet, tandis que la seconde cha\u00eene lui conf\u00e8re caract\u00e8re et profondeur, rendant la pi\u00e8ce unique et raffin\u00e9e sans compromettre l&#039;\u00e9quilibre de ses formes. Ses lignes \u00e9pur\u00e9es et sa finition en acier inoxydable soulignent un style contemporain et f\u00e9minin, faisant de ce bracelet un accessoire polyvalent, id\u00e9al au quotidien ou pour parfaire des tenues plus \u00e9l\u00e9gantes d&#039;une touche lumineuse et distinctive.<\/p>\n<p><strong>SP\u00c9CIFICATIONS TECHNIQUES<\/strong><\/p>\n<ul>\n<li>Bracelet double avec cha\u00eene tennis de 2 mm et cha\u00eene fleur<\/li>\n<li>Dimensions : 16 cm + 3 cm d&#039;extension, cha\u00eene en forme de c\u0153ur<\/li>\n<li>Diam\u00e8tre du cristal : 2 mm<\/li>\n<li>Couleur du cristal : blanc<\/li>\n<li>Finition : acier<\/li>\n<li>Mat\u00e9riaux : Acier inoxydable, cristaux<\/li>\n<\/ul>\n<p><em>Tous les bijoux de la marque #Brand sont fabriqu\u00e9s \u00e0 partir de l'acier inoxydable chirurgical le plus pur du march\u00e9, test\u00e9 pour le nickel et con\u00e7u pour \u00eatre port\u00e9 tous les jours sans crainte de d\u00e9coloration ou de signes d'usure.\u00a0<\/em><\/p>","protected":false},"excerpt":{"rendered":"<p>Bracciale Doppio con Tennis 2mm e Catena Flower Il bracciale doppio con il tennis e con la catena flower firmato #Brand Gioielli si distingue per il suo design elegante e sofisticato, caratterizzato dall\u2019unione armoniosa di una fila tennis luminosa e di una catena lavorata che crea un raffinato gioco di volumi e texture. La sequenza [&hellip;]<\/p>\n","protected":false},"featured_media":104708,"template":"","meta":[],"product_brand":[],"product_cat":[459,20,567,19,507],"product_tag":[578],"class_list":{"0":"post-5702","1":"product","2":"type-product","3":"status-publish","4":"has-post-thumbnail","6":"product_cat-bracciali","7":"product_cat-bracciali-donna","8":"product_cat-brand-carpet","9":"product_cat-donna","10":"product_cat-sotto-i-30e","11":"product_tag-collezione-red-carpet","13":"first","14":"instock","15":"shipping-taxable","16":"purchasable","17":"product-type-simple"},"yoast_head":"<!-- This site is optimized with the Yoast SEO plugin v27.4 - https:\/\/yoast.com\/product\/yoast-seo-wordpress\/ -->\n<title>Bracciale Doppio con Tennis e Catena Flower - Brand Gioielli<\/title>\n<meta name=\"description\" content=\"Il bracciale a doppio filo con tennis e catena flower firmato Brand Gioielli \u00e8 un gioiello raffinato e moderno, pensato per chi ama un accessorio discreto ma di carattere. Realizzato in acciaio inossidabile ipoallergenico e testato per il nichel, unisce resistenza e comfort, garantendo lucentezza e durata nel tempo.\" \/>\n<meta name=\"robots\" content=\"index, follow, max-snippet:-1, max-image-preview:large, max-video-preview:-1\" \/>\n<link rel=\"canonical\" href=\"https:\/\/brandgioielli.it\/fr\/produit\/bracciale-doppio-con-tennis-2mm-e-catena-flower\/\" \/>\n<meta property=\"og:locale\" content=\"fr_FR\" \/>\n<meta property=\"og:type\" content=\"article\" \/>\n<meta property=\"og:title\" content=\"Bracciale Doppio con Tennis e Catena Flower - Brand Gioielli\" \/>\n<meta property=\"og:description\" content=\"Il bracciale a doppio filo con tennis e catena flower firmato Brand Gioielli \u00e8 un gioiello raffinato e moderno, pensato per chi ama un accessorio discreto ma di carattere. Realizzato in acciaio inossidabile ipoallergenico e testato per il nichel, unisce resistenza e comfort, garantendo lucentezza e durata nel tempo.\" \/>\n<meta property=\"og:url\" content=\"https:\/\/brandgioielli.it\/fr\/produit\/bracciale-doppio-con-tennis-2mm-e-catena-flower\/\" \/>\n<meta property=\"og:site_name\" content=\"#BrandGioielli\" \/>\n<meta property=\"article:modified_time\" content=\"2026-04-17T16:17:52+00:00\" \/>\n<meta property=\"og:image\" content=\"https:\/\/brandgioielli.it\/wp-content\/uploads\/2025\/09\/Bracciale-Doppio-con-Tennis-2mm-e-Catena-Flower.jpg\" \/>\n\t<meta property=\"og:image:width\" content=\"800\" \/>\n\t<meta property=\"og:image:height\" content=\"800\" \/>\n\t<meta property=\"og:image:type\" content=\"image\/jpeg\" \/>\n<meta name=\"twitter:card\" content=\"summary_large_image\" \/>\n<meta name=\"twitter:label1\" content=\"Dur\u00e9e de lecture estim\u00e9e\" \/>\n\t<meta name=\"twitter:data1\" content=\"2 minutes\" \/>\n<script type=\"application\/ld+json\" class=\"yoast-schema-graph\">{\"@context\":\"https:\\\/\\\/schema.org\",\"@graph\":[{\"@type\":\"WebPage\",\"@id\":\"https:\\\/\\\/brandgioielli.it\\\/prodotto\\\/bracciale-doppio-con-tennis-2mm-e-catena-flower\\\/\",\"url\":\"https:\\\/\\\/brandgioielli.it\\\/prodotto\\\/bracciale-doppio-con-tennis-2mm-e-catena-flower\\\/\",\"name\":\"Bracciale Doppio con Tennis e Catena Flower - Brand Gioielli\",\"isPartOf\":{\"@id\":\"https:\\\/\\\/brandgioielli.it\\\/#website\"},\"primaryImageOfPage\":{\"@id\":\"https:\\\/\\\/brandgioielli.it\\\/prodotto\\\/bracciale-doppio-con-tennis-2mm-e-catena-flower\\\/#primaryimage\"},\"image\":{\"@id\":\"https:\\\/\\\/brandgioielli.it\\\/prodotto\\\/bracciale-doppio-con-tennis-2mm-e-catena-flower\\\/#primaryimage\"},\"thumbnailUrl\":\"https:\\\/\\\/brandgioielli.it\\\/wp-content\\\/uploads\\\/2025\\\/09\\\/Bracciale-Doppio-con-Tennis-2mm-e-Catena-Flower.jpg\",\"datePublished\":\"2025-09-20T07:38:22+00:00\",\"dateModified\":\"2026-04-17T16:17:52+00:00\",\"description\":\"Il bracciale a doppio filo con tennis e catena flower firmato Brand Gioielli \u00e8 un gioiello raffinato e moderno, pensato per chi ama un accessorio discreto ma di carattere. Realizzato in acciaio inossidabile ipoallergenico e testato per il nichel, unisce resistenza e comfort, garantendo lucentezza e durata nel tempo.\",\"breadcrumb\":{\"@id\":\"https:\\\/\\\/brandgioielli.it\\\/prodotto\\\/bracciale-doppio-con-tennis-2mm-e-catena-flower\\\/#breadcrumb\"},\"inLanguage\":\"fr-FR\",\"potentialAction\":[{\"@type\":\"ReadAction\",\"target\":[\"https:\\\/\\\/brandgioielli.it\\\/prodotto\\\/bracciale-doppio-con-tennis-2mm-e-catena-flower\\\/\"]}]},{\"@type\":\"ImageObject\",\"inLanguage\":\"fr-FR\",\"@id\":\"https:\\\/\\\/brandgioielli.it\\\/prodotto\\\/bracciale-doppio-con-tennis-2mm-e-catena-flower\\\/#primaryimage\",\"url\":\"https:\\\/\\\/brandgioielli.it\\\/wp-content\\\/uploads\\\/2025\\\/09\\\/Bracciale-Doppio-con-Tennis-2mm-e-Catena-Flower.jpg\",\"contentUrl\":\"https:\\\/\\\/brandgioielli.it\\\/wp-content\\\/uploads\\\/2025\\\/09\\\/Bracciale-Doppio-con-Tennis-2mm-e-Catena-Flower.jpg\",\"width\":800,\"height\":800},{\"@type\":\"BreadcrumbList\",\"@id\":\"https:\\\/\\\/brandgioielli.it\\\/prodotto\\\/bracciale-doppio-con-tennis-2mm-e-catena-flower\\\/#breadcrumb\",\"itemListElement\":[{\"@type\":\"ListItem\",\"position\":1,\"name\":\"Home\",\"item\":\"https:\\\/\\\/brandgioielli.it\\\/\"},{\"@type\":\"ListItem\",\"position\":2,\"name\":\"Shop\",\"item\":\"https:\\\/\\\/brandgioielli.it\\\/shop\\\/\"},{\"@type\":\"ListItem\",\"position\":3,\"name\":\"Bracciale Doppio con Tennis 2mm e Catena Flower\"}]},{\"@type\":\"WebSite\",\"@id\":\"https:\\\/\\\/brandgioielli.it\\\/#website\",\"url\":\"https:\\\/\\\/brandgioielli.it\\\/\",\"name\":\"#BrandGioielli\",\"description\":\"\",\"publisher\":{\"@id\":\"https:\\\/\\\/brandgioielli.it\\\/#organization\"},\"potentialAction\":[{\"@type\":\"SearchAction\",\"target\":{\"@type\":\"EntryPoint\",\"urlTemplate\":\"https:\\\/\\\/brandgioielli.it\\\/?s={search_term_string}\"},\"query-input\":{\"@type\":\"PropertyValueSpecification\",\"valueRequired\":true,\"valueName\":\"search_term_string\"}}],\"inLanguage\":\"fr-FR\"},{\"@type\":\"Organization\",\"@id\":\"https:\\\/\\\/brandgioielli.it\\\/#organization\",\"name\":\"Brand Gioielli\",\"url\":\"https:\\\/\\\/brandgioielli.it\\\/\",\"logo\":{\"@type\":\"ImageObject\",\"inLanguage\":\"fr-FR\",\"@id\":\"https:\\\/\\\/brandgioielli.it\\\/#\\\/schema\\\/logo\\\/image\\\/\",\"url\":\"https:\\\/\\\/brandgioielli.it\\\/wp-content\\\/uploads\\\/2025\\\/07\\\/LogoBrand.png\",\"contentUrl\":\"https:\\\/\\\/brandgioielli.it\\\/wp-content\\\/uploads\\\/2025\\\/07\\\/LogoBrand.png\",\"width\":600,\"height\":170,\"caption\":\"Brand Gioielli\"},\"image\":{\"@id\":\"https:\\\/\\\/brandgioielli.it\\\/#\\\/schema\\\/logo\\\/image\\\/\"}}]}<\/script>\n<!-- \/ Yoast SEO plugin. -->","yoast_head_json":{"title":"Bracelet double tennis avec cha\u00eene \u00e0 fleurs - Marque Gioielli","description":"Le bracelet tennis double rang \u00e0 maillons fleuris de la marque Gioielli est une pi\u00e8ce raffin\u00e9e et moderne, con\u00e7ue pour celles et ceux qui appr\u00e9cient un accessoire discret mais distinctif. Fabriqu\u00e9 en acier inoxydable hypoallerg\u00e9nique et test\u00e9 sans nickel, il allie r\u00e9sistance et confort, garantissant brillance et durabilit\u00e9.","robots":{"index":"index","follow":"follow","max-snippet":"max-snippet:-1","max-image-preview":"max-image-preview:large","max-video-preview":"max-video-preview:-1"},"canonical":"https:\/\/brandgioielli.it\/fr\/produit\/bracciale-doppio-con-tennis-2mm-e-catena-flower\/","og_locale":"fr_FR","og_type":"article","og_title":"Bracciale Doppio con Tennis e Catena Flower - Brand Gioielli","og_description":"Il bracciale a doppio filo con tennis e catena flower firmato Brand Gioielli \u00e8 un gioiello raffinato e moderno, pensato per chi ama un accessorio discreto ma di carattere. Realizzato in acciaio inossidabile ipoallergenico e testato per il nichel, unisce resistenza e comfort, garantendo lucentezza e durata nel tempo.","og_url":"https:\/\/brandgioielli.it\/fr\/produit\/bracciale-doppio-con-tennis-2mm-e-catena-flower\/","og_site_name":"#BrandGioielli","article_modified_time":"2026-04-17T16:17:52+00:00","og_image":[{"width":800,"height":800,"url":"https:\/\/brandgioielli.it\/wp-content\/uploads\/2025\/09\/Bracciale-Doppio-con-Tennis-2mm-e-Catena-Flower.jpg","type":"image\/jpeg"}],"twitter_card":"summary_large_image","twitter_misc":{"Dur\u00e9e de lecture estim\u00e9e":"2 minutes"},"schema":{"@context":"https:\/\/schema.org","@graph":[{"@type":"WebPage","@id":"https:\/\/brandgioielli.it\/prodotto\/bracciale-doppio-con-tennis-2mm-e-catena-flower\/","url":"https:\/\/brandgioielli.it\/prodotto\/bracciale-doppio-con-tennis-2mm-e-catena-flower\/","name":"Bracelet double tennis avec cha\u00eene \u00e0 fleurs - Marque Gioielli","isPartOf":{"@id":"https:\/\/brandgioielli.it\/#website"},"primaryImageOfPage":{"@id":"https:\/\/brandgioielli.it\/prodotto\/bracciale-doppio-con-tennis-2mm-e-catena-flower\/#primaryimage"},"image":{"@id":"https:\/\/brandgioielli.it\/prodotto\/bracciale-doppio-con-tennis-2mm-e-catena-flower\/#primaryimage"},"thumbnailUrl":"https:\/\/brandgioielli.it\/wp-content\/uploads\/2025\/09\/Bracciale-Doppio-con-Tennis-2mm-e-Catena-Flower.jpg","datePublished":"2025-09-20T07:38:22+00:00","dateModified":"2026-04-17T16:17:52+00:00","description":"Le bracelet tennis double rang \u00e0 maillons fleuris de la marque Gioielli est une pi\u00e8ce raffin\u00e9e et moderne, con\u00e7ue pour celles et ceux qui appr\u00e9cient un accessoire discret mais distinctif. Fabriqu\u00e9 en acier inoxydable hypoallerg\u00e9nique et test\u00e9 sans nickel, il allie r\u00e9sistance et confort, garantissant brillance et durabilit\u00e9.","breadcrumb":{"@id":"https:\/\/brandgioielli.it\/prodotto\/bracciale-doppio-con-tennis-2mm-e-catena-flower\/#breadcrumb"},"inLanguage":"fr-FR","potentialAction":[{"@type":"ReadAction","target":["https:\/\/brandgioielli.it\/prodotto\/bracciale-doppio-con-tennis-2mm-e-catena-flower\/"]}]},{"@type":"ImageObject","inLanguage":"fr-FR","@id":"https:\/\/brandgioielli.it\/prodotto\/bracciale-doppio-con-tennis-2mm-e-catena-flower\/#primaryimage","url":"https:\/\/brandgioielli.it\/wp-content\/uploads\/2025\/09\/Bracciale-Doppio-con-Tennis-2mm-e-Catena-Flower.jpg","contentUrl":"https:\/\/brandgioielli.it\/wp-content\/uploads\/2025\/09\/Bracciale-Doppio-con-Tennis-2mm-e-Catena-Flower.jpg","width":800,"height":800},{"@type":"BreadcrumbList","@id":"https:\/\/brandgioielli.it\/prodotto\/bracciale-doppio-con-tennis-2mm-e-catena-flower\/#breadcrumb","itemListElement":[{"@type":"ListItem","position":1,"name":"Home","item":"https:\/\/brandgioielli.it\/"},{"@type":"ListItem","position":2,"name":"Shop","item":"https:\/\/brandgioielli.it\/shop\/"},{"@type":"ListItem","position":3,"name":"Bracciale Doppio con Tennis 2mm e Catena Flower"}]},{"@type":"WebSite","@id":"https:\/\/brandgioielli.it\/#website","url":"https:\/\/brandgioielli.it\/","name":"#BrandJewellery","description":"","publisher":{"@id":"https:\/\/brandgioielli.it\/#organization"},"potentialAction":[{"@type":"SearchAction","target":{"@type":"EntryPoint","urlTemplate":"https:\/\/brandgioielli.it\/?s={search_term_string}"},"query-input":{"@type":"PropertyValueSpecification","valueRequired":true,"valueName":"search_term_string"}}],"inLanguage":"fr-FR"},{"@type":"Organization","@id":"https:\/\/brandgioielli.it\/#organization","name":"Bijoux de marque","url":"https:\/\/brandgioielli.it\/","logo":{"@type":"ImageObject","inLanguage":"fr-FR","@id":"https:\/\/brandgioielli.it\/#\/schema\/logo\/image\/","url":"https:\/\/brandgioielli.it\/wp-content\/uploads\/2025\/07\/LogoBrand.png","contentUrl":"https:\/\/brandgioielli.it\/wp-content\/uploads\/2025\/07\/LogoBrand.png","width":600,"height":170,"caption":"Brand Gioielli"},"image":{"@id":"https:\/\/brandgioielli.it\/#\/schema\/logo\/image\/"}}]}},"_links":{"self":[{"href":"https:\/\/brandgioielli.it\/fr\/wp-json\/wp\/v2\/product\/5702","targetHints":{"allow":["GET"]}}],"collection":[{"href":"https:\/\/brandgioielli.it\/fr\/wp-json\/wp\/v2\/product"}],"about":[{"href":"https:\/\/brandgioielli.it\/fr\/wp-json\/wp\/v2\/types\/product"}],"version-history":[{"count":7,"href":"https:\/\/brandgioielli.it\/fr\/wp-json\/wp\/v2\/product\/5702\/revisions"}],"predecessor-version":[{"id":104712,"href":"https:\/\/brandgioielli.it\/fr\/wp-json\/wp\/v2\/product\/5702\/revisions\/104712"}],"wp:featuredmedia":[{"embeddable":true,"href":"https:\/\/brandgioielli.it\/fr\/wp-json\/wp\/v2\/media\/104708"}],"wp:attachment":[{"href":"https:\/\/brandgioielli.it\/fr\/wp-json\/wp\/v2\/media?parent=5702"}],"wp:term":[{"taxonomy":"product_brand","embeddable":true,"href":"https:\/\/brandgioielli.it\/fr\/wp-json\/wp\/v2\/product_brand?post=5702"},{"taxonomy":"product_cat","embeddable":true,"href":"https:\/\/brandgioielli.it\/fr\/wp-json\/wp\/v2\/product_cat?post=5702"},{"taxonomy":"product_tag","embeddable":true,"href":"https:\/\/brandgioielli.it\/fr\/wp-json\/wp\/v2\/product_tag?post=5702"}],"curies":[{"name":"wp","href":"https:\/\/api.w.org\/{rel}","templated":true}]}}