{"id":55394,"date":"2025-10-03T08:50:51","date_gmt":"2025-10-03T06:50:51","guid":{"rendered":"https:\/\/sandybrown-lark-277155.hostingersite.com\/prodotto\/orecchino-singolo-scattino-bianco-12-mm-2\/"},"modified":"2026-04-17T18:18:09","modified_gmt":"2026-04-17T16:18:09","slug":"orecchino-scattino-12-mm-cristallo","status":"publish","type":"product","link":"https:\/\/brandgioielli.it\/fr\/produit\/orecchino-scattino-12-mm-cristallo\/","title":{"rendered":"Boucles d&#039;oreilles \u00e0 clip en cristal de 12 mm"},"content":{"rendered":"<h2><strong>Boucles d&#039;oreilles \u00e0 clip en cristal de 12 mm<\/strong><\/h2>\n<p>La boucle d&#039;oreille cr\u00e9ole de 12 mm orn\u00e9e de cristaux color\u00e9s de la marque Gioielli (#Brand) est un accessoire indispensable pour celles et ceux qui aiment les bijoux lumineux, pratiques et polyvalents. Confectionn\u00e9e en acier inoxydable durable et hypoallerg\u00e9nique, elle est disponible en finition acier ou dor\u00e9e et avec une vari\u00e9t\u00e9 de couleurs de cristaux, parfaite pour ajouter une touche d&#039;\u00e9clat et de personnalit\u00e9 \u00e0 toutes vos tenues. Id\u00e9ale au quotidien ou comme cadeau unique et color\u00e9, elle est con\u00e7ue pour celles et ceux qui recherchent une boucle d&#039;oreille en acier inoxydable au design minimaliste, confortable et contemporain. De style unisexe, elle s&#039;accorde avec tous les styles et allie simplicit\u00e9, caract\u00e8re et brillance en un seul d\u00e9tail.<\/p>\n<p><strong>SP\u00c9CIFICATIONS TECHNIQUES<\/strong><\/p>\n<ul>\n<li>Boucles d&#039;oreilles Crystal Scattino<\/li>\n<li>Diam\u00e8tre du bouton-pression : 12 mm<\/li>\n<li>Couleurs du cristal : orange, azur, blanc, bleu, jaune, rose, rouge, vert, violet, noir<\/li>\n<li>Finition : Acier ou PVD or<\/li>\n<li>Mat\u00e9riaux : Acier inoxydable, cristaux<\/li>\n<\/ul>\n<p><em>Tous les bijoux de la marque #Brand sont fabriqu\u00e9s \u00e0 partir de l'acier inoxydable chirurgical le plus pur du march\u00e9, test\u00e9 pour le nickel et con\u00e7u pour \u00eatre port\u00e9 tous les jours sans crainte de d\u00e9coloration ou de signes d'usure.\u00a0<\/em><\/p>","protected":false},"excerpt":{"rendered":"<p>Orecchino Scattino 12 mm Cristalli L&#8217;orecchino a cerchio singolo da 12 mm con cristallini \u00a0colorati firmato #Brand Gioielli \u00e8 un accessorio essenziale per chi ama i gioielli luminosi, pratici e versatili. Realizzato in acciaio inossidabile, resistente e ipoallergenico, \u00e8 disponibile in finitura acciaio o oro e in diverse varianti colore di cristallini, perfette per aggiungere [&hellip;]<\/p>\n","protected":false},"featured_media":98569,"template":"","meta":[],"product_brand":[],"product_cat":[567,474,19,36,24,505],"product_tag":[456,100],"class_list":{"0":"post-55394","1":"product","2":"type-product","3":"status-publish","4":"has-post-thumbnail","6":"product_cat-brand-carpet","7":"product_cat-componibili","8":"product_cat-donna","9":"product_cat-orecchini","10":"product_cat-orecchini-donna","11":"product_cat-sotto-i-10e","12":"product_tag-collezione-scattini","13":"product_tag-collezione-summer-soul","15":"first","16":"instock","17":"shipping-taxable","18":"purchasable","19":"product-type-variable"},"yoast_head":"<!-- This site is optimized with the Yoast SEO plugin v27.4 - https:\/\/yoast.com\/product\/yoast-seo-wordpress\/ -->\n<title>Orecchino Scattino 12 mm Cristalli - #BrandGioielli<\/title>\n<meta name=\"description\" content=\"Acquista ora su Brand Gioielli: Orecchino Scattino 12 mm Cristalli\" \/>\n<meta name=\"robots\" content=\"index, follow, max-snippet:-1, max-image-preview:large, max-video-preview:-1\" \/>\n<link rel=\"canonical\" href=\"https:\/\/brandgioielli.it\/fr\/produit\/orecchino-scattino-12-mm-cristallo\/\" \/>\n<meta property=\"og:locale\" content=\"fr_FR\" \/>\n<meta property=\"og:type\" content=\"article\" \/>\n<meta property=\"og:title\" content=\"Orecchino Scattino 12 mm Cristalli - #BrandGioielli\" \/>\n<meta property=\"og:description\" content=\"Acquista ora su Brand Gioielli: Orecchino Scattino 12 mm Cristalli\" \/>\n<meta property=\"og:url\" content=\"https:\/\/brandgioielli.it\/fr\/produit\/orecchino-scattino-12-mm-cristallo\/\" \/>\n<meta property=\"og:site_name\" content=\"#BrandGioielli\" \/>\n<meta property=\"article:modified_time\" content=\"2026-04-17T16:18:09+00:00\" \/>\n<meta property=\"og:image\" content=\"https:\/\/brandgioielli.it\/wp-content\/uploads\/2025\/10\/scattino-acciaio-12-mm-bianco-2.jpg\" \/>\n\t<meta property=\"og:image:width\" content=\"1600\" \/>\n\t<meta property=\"og:image:height\" content=\"1600\" \/>\n\t<meta property=\"og:image:type\" content=\"image\/jpeg\" \/>\n<meta name=\"twitter:card\" content=\"summary_large_image\" \/>\n<meta name=\"twitter:label1\" content=\"Dur\u00e9e de lecture estim\u00e9e\" \/>\n\t<meta name=\"twitter:data1\" content=\"2 minutes\" \/>\n<script type=\"application\/ld+json\" class=\"yoast-schema-graph\">{\"@context\":\"https:\\\/\\\/schema.org\",\"@graph\":[{\"@type\":\"WebPage\",\"@id\":\"https:\\\/\\\/brandgioielli.it\\\/prodotto\\\/orecchino-scattino-12-mm-cristallo\\\/\",\"url\":\"https:\\\/\\\/brandgioielli.it\\\/prodotto\\\/orecchino-scattino-12-mm-cristallo\\\/\",\"name\":\"Orecchino Scattino 12 mm Cristalli - #BrandGioielli\",\"isPartOf\":{\"@id\":\"https:\\\/\\\/brandgioielli.it\\\/#website\"},\"primaryImageOfPage\":{\"@id\":\"https:\\\/\\\/brandgioielli.it\\\/prodotto\\\/orecchino-scattino-12-mm-cristallo\\\/#primaryimage\"},\"image\":{\"@id\":\"https:\\\/\\\/brandgioielli.it\\\/prodotto\\\/orecchino-scattino-12-mm-cristallo\\\/#primaryimage\"},\"thumbnailUrl\":\"https:\\\/\\\/brandgioielli.it\\\/wp-content\\\/uploads\\\/2025\\\/10\\\/scattino-acciaio-12-mm-bianco-2.jpg\",\"datePublished\":\"2025-10-03T06:50:51+00:00\",\"dateModified\":\"2026-04-17T16:18:09+00:00\",\"description\":\"Acquista ora su Brand Gioielli: Orecchino Scattino 12 mm Cristalli\",\"breadcrumb\":{\"@id\":\"https:\\\/\\\/brandgioielli.it\\\/prodotto\\\/orecchino-scattino-12-mm-cristallo\\\/#breadcrumb\"},\"inLanguage\":\"fr-FR\",\"potentialAction\":[{\"@type\":\"ReadAction\",\"target\":[\"https:\\\/\\\/brandgioielli.it\\\/prodotto\\\/orecchino-scattino-12-mm-cristallo\\\/\"]}]},{\"@type\":\"ImageObject\",\"inLanguage\":\"fr-FR\",\"@id\":\"https:\\\/\\\/brandgioielli.it\\\/prodotto\\\/orecchino-scattino-12-mm-cristallo\\\/#primaryimage\",\"url\":\"https:\\\/\\\/brandgioielli.it\\\/wp-content\\\/uploads\\\/2025\\\/10\\\/scattino-acciaio-12-mm-bianco-2.jpg\",\"contentUrl\":\"https:\\\/\\\/brandgioielli.it\\\/wp-content\\\/uploads\\\/2025\\\/10\\\/scattino-acciaio-12-mm-bianco-2.jpg\",\"width\":1600,\"height\":1600},{\"@type\":\"BreadcrumbList\",\"@id\":\"https:\\\/\\\/brandgioielli.it\\\/prodotto\\\/orecchino-scattino-12-mm-cristallo\\\/#breadcrumb\",\"itemListElement\":[{\"@type\":\"ListItem\",\"position\":1,\"name\":\"Home\",\"item\":\"https:\\\/\\\/brandgioielli.it\\\/\"},{\"@type\":\"ListItem\",\"position\":2,\"name\":\"Shop\",\"item\":\"https:\\\/\\\/brandgioielli.it\\\/shop\\\/\"},{\"@type\":\"ListItem\",\"position\":3,\"name\":\"Orecchino Scattino 12 mm Cristalli\"}]},{\"@type\":\"WebSite\",\"@id\":\"https:\\\/\\\/brandgioielli.it\\\/#website\",\"url\":\"https:\\\/\\\/brandgioielli.it\\\/\",\"name\":\"#BrandGioielli\",\"description\":\"\",\"publisher\":{\"@id\":\"https:\\\/\\\/brandgioielli.it\\\/#organization\"},\"potentialAction\":[{\"@type\":\"SearchAction\",\"target\":{\"@type\":\"EntryPoint\",\"urlTemplate\":\"https:\\\/\\\/brandgioielli.it\\\/?s={search_term_string}\"},\"query-input\":{\"@type\":\"PropertyValueSpecification\",\"valueRequired\":true,\"valueName\":\"search_term_string\"}}],\"inLanguage\":\"fr-FR\"},{\"@type\":\"Organization\",\"@id\":\"https:\\\/\\\/brandgioielli.it\\\/#organization\",\"name\":\"Brand Gioielli\",\"url\":\"https:\\\/\\\/brandgioielli.it\\\/\",\"logo\":{\"@type\":\"ImageObject\",\"inLanguage\":\"fr-FR\",\"@id\":\"https:\\\/\\\/brandgioielli.it\\\/#\\\/schema\\\/logo\\\/image\\\/\",\"url\":\"https:\\\/\\\/brandgioielli.it\\\/wp-content\\\/uploads\\\/2025\\\/07\\\/LogoBrand.png\",\"contentUrl\":\"https:\\\/\\\/brandgioielli.it\\\/wp-content\\\/uploads\\\/2025\\\/07\\\/LogoBrand.png\",\"width\":600,\"height\":170,\"caption\":\"Brand Gioielli\"},\"image\":{\"@id\":\"https:\\\/\\\/brandgioielli.it\\\/#\\\/schema\\\/logo\\\/image\\\/\"}}]}<\/script>\n<!-- \/ Yoast SEO plugin. -->","yoast_head_json":{"title":"Orecchino Scattino 12 mm Cristalli - #BrandGioielli","description":"Acquista ora su Brand Gioielli: Orecchino Scattino 12 mm Cristalli","robots":{"index":"index","follow":"follow","max-snippet":"max-snippet:-1","max-image-preview":"max-image-preview:large","max-video-preview":"max-video-preview:-1"},"canonical":"https:\/\/brandgioielli.it\/fr\/produit\/orecchino-scattino-12-mm-cristallo\/","og_locale":"fr_FR","og_type":"article","og_title":"Orecchino Scattino 12 mm Cristalli - #BrandGioielli","og_description":"Acquista ora su Brand Gioielli: Orecchino Scattino 12 mm Cristalli","og_url":"https:\/\/brandgioielli.it\/fr\/produit\/orecchino-scattino-12-mm-cristallo\/","og_site_name":"#BrandGioielli","article_modified_time":"2026-04-17T16:18:09+00:00","og_image":[{"width":1600,"height":1600,"url":"https:\/\/brandgioielli.it\/wp-content\/uploads\/2025\/10\/scattino-acciaio-12-mm-bianco-2.jpg","type":"image\/jpeg"}],"twitter_card":"summary_large_image","twitter_misc":{"Dur\u00e9e de lecture estim\u00e9e":"2 minutes"},"schema":{"@context":"https:\/\/schema.org","@graph":[{"@type":"WebPage","@id":"https:\/\/brandgioielli.it\/prodotto\/orecchino-scattino-12-mm-cristallo\/","url":"https:\/\/brandgioielli.it\/prodotto\/orecchino-scattino-12-mm-cristallo\/","name":"Orecchino Scattino 12 mm Cristalli - #BrandGioielli","isPartOf":{"@id":"https:\/\/brandgioielli.it\/#website"},"primaryImageOfPage":{"@id":"https:\/\/brandgioielli.it\/prodotto\/orecchino-scattino-12-mm-cristallo\/#primaryimage"},"image":{"@id":"https:\/\/brandgioielli.it\/prodotto\/orecchino-scattino-12-mm-cristallo\/#primaryimage"},"thumbnailUrl":"https:\/\/brandgioielli.it\/wp-content\/uploads\/2025\/10\/scattino-acciaio-12-mm-bianco-2.jpg","datePublished":"2025-10-03T06:50:51+00:00","dateModified":"2026-04-17T16:18:09+00:00","description":"Acquista ora su Brand Gioielli: Orecchino Scattino 12 mm Cristalli","breadcrumb":{"@id":"https:\/\/brandgioielli.it\/prodotto\/orecchino-scattino-12-mm-cristallo\/#breadcrumb"},"inLanguage":"fr-FR","potentialAction":[{"@type":"ReadAction","target":["https:\/\/brandgioielli.it\/prodotto\/orecchino-scattino-12-mm-cristallo\/"]}]},{"@type":"ImageObject","inLanguage":"fr-FR","@id":"https:\/\/brandgioielli.it\/prodotto\/orecchino-scattino-12-mm-cristallo\/#primaryimage","url":"https:\/\/brandgioielli.it\/wp-content\/uploads\/2025\/10\/scattino-acciaio-12-mm-bianco-2.jpg","contentUrl":"https:\/\/brandgioielli.it\/wp-content\/uploads\/2025\/10\/scattino-acciaio-12-mm-bianco-2.jpg","width":1600,"height":1600},{"@type":"BreadcrumbList","@id":"https:\/\/brandgioielli.it\/prodotto\/orecchino-scattino-12-mm-cristallo\/#breadcrumb","itemListElement":[{"@type":"ListItem","position":1,"name":"Home","item":"https:\/\/brandgioielli.it\/"},{"@type":"ListItem","position":2,"name":"Shop","item":"https:\/\/brandgioielli.it\/shop\/"},{"@type":"ListItem","position":3,"name":"Orecchino Scattino 12 mm Cristalli"}]},{"@type":"WebSite","@id":"https:\/\/brandgioielli.it\/#website","url":"https:\/\/brandgioielli.it\/","name":"#BrandJewellery","description":"","publisher":{"@id":"https:\/\/brandgioielli.it\/#organization"},"potentialAction":[{"@type":"SearchAction","target":{"@type":"EntryPoint","urlTemplate":"https:\/\/brandgioielli.it\/?s={search_term_string}"},"query-input":{"@type":"PropertyValueSpecification","valueRequired":true,"valueName":"search_term_string"}}],"inLanguage":"fr-FR"},{"@type":"Organization","@id":"https:\/\/brandgioielli.it\/#organization","name":"Bijoux de marque","url":"https:\/\/brandgioielli.it\/","logo":{"@type":"ImageObject","inLanguage":"fr-FR","@id":"https:\/\/brandgioielli.it\/#\/schema\/logo\/image\/","url":"https:\/\/brandgioielli.it\/wp-content\/uploads\/2025\/07\/LogoBrand.png","contentUrl":"https:\/\/brandgioielli.it\/wp-content\/uploads\/2025\/07\/LogoBrand.png","width":600,"height":170,"caption":"Brand Gioielli"},"image":{"@id":"https:\/\/brandgioielli.it\/#\/schema\/logo\/image\/"}}]}},"_links":{"self":[{"href":"https:\/\/brandgioielli.it\/fr\/wp-json\/wp\/v2\/product\/55394","targetHints":{"allow":["GET"]}}],"collection":[{"href":"https:\/\/brandgioielli.it\/fr\/wp-json\/wp\/v2\/product"}],"about":[{"href":"https:\/\/brandgioielli.it\/fr\/wp-json\/wp\/v2\/types\/product"}],"version-history":[{"count":5,"href":"https:\/\/brandgioielli.it\/fr\/wp-json\/wp\/v2\/product\/55394\/revisions"}],"predecessor-version":[{"id":104375,"href":"https:\/\/brandgioielli.it\/fr\/wp-json\/wp\/v2\/product\/55394\/revisions\/104375"}],"wp:featuredmedia":[{"embeddable":true,"href":"https:\/\/brandgioielli.it\/fr\/wp-json\/wp\/v2\/media\/98569"}],"wp:attachment":[{"href":"https:\/\/brandgioielli.it\/fr\/wp-json\/wp\/v2\/media?parent=55394"}],"wp:term":[{"taxonomy":"product_brand","embeddable":true,"href":"https:\/\/brandgioielli.it\/fr\/wp-json\/wp\/v2\/product_brand?post=55394"},{"taxonomy":"product_cat","embeddable":true,"href":"https:\/\/brandgioielli.it\/fr\/wp-json\/wp\/v2\/product_cat?post=55394"},{"taxonomy":"product_tag","embeddable":true,"href":"https:\/\/brandgioielli.it\/fr\/wp-json\/wp\/v2\/product_tag?post=55394"}],"curies":[{"name":"wp","href":"https:\/\/api.w.org\/{rel}","templated":true}]}}