{"id":5140,"date":"2025-09-20T06:34:21","date_gmt":"2025-09-20T04:34:21","guid":{"rendered":"https:\/\/sandybrown-lark-277155.hostingersite.com\/prodotto\/bracciale-sfere-di-agata-nera-ed-ematite\/"},"modified":"2026-04-20T18:18:48","modified_gmt":"2026-04-20T16:18:48","slug":"bracciale-uomo-sfere-agata-nera-ed-ematite","status":"publish","type":"product","link":"https:\/\/brandgioielli.it\/fr\/produit\/bracciale-uomo-sfere-agata-nera-ed-ematite\/","title":{"rendered":"Bracelet pour homme avec sph\u00e8res d&#039;agate noire et d&#039;h\u00e9matite\u00a0"},"content":{"rendered":"<h2><strong>Bracelet pour homme avec sph\u00e8res d&#039;agate noire et d&#039;h\u00e9matite\u00a0<\/strong><\/h2>\n<p>Le bracelet pour homme de la marque Gioielli, orn\u00e9 de sph\u00e8res d&#039;agate noire et d&#039;h\u00e9matite, se distingue par son design audacieux et \u00e9pur\u00e9. Il pr\u00e9sente une harmonieuse succession de sph\u00e8res aux finitions brillantes et mates, cr\u00e9ant un jeu de contrastes raffin\u00e9. La composition \u00e9quilibr\u00e9e et le profil net conf\u00e8rent \u00e0 la pi\u00e8ce un style moderne et masculin, sublim\u00e9 par l&#039;\u00e9clat de l&#039;acier et l&#039;\u00e9l\u00e9gance des pierres sombres. Con\u00e7u pour les amateurs d&#039;accessoires \u00e0 la fois affirm\u00e9s et polyvalents, ce bracelet est id\u00e9al au quotidien, port\u00e9 seul ou associ\u00e9 \u00e0 d&#039;autres bijoux, pour une touche contemporaine et sophistiqu\u00e9e.<\/p>\n<p><strong>SP\u00c9CIFICATIONS TECHNIQUES<\/strong><\/p>\n<ul>\n<li>Bracelet pour homme avec sph\u00e8res d&#039;agate noire et d&#039;h\u00e9matite<\/li>\n<li>Longueur : 19 cm + 3 cm de rallonge<\/li>\n<li>Diam\u00e8tre de la bille : 3,5 mm<\/li>\n<li>Finition : acier<\/li>\n<li>Mat\u00e9riau : acier inoxydable<\/li>\n<\/ul>\n<p><em>Tous les bijoux de la marque #Brand sont fabriqu\u00e9s \u00e0 partir de l'acier inoxydable chirurgical le plus pur du march\u00e9, test\u00e9 pour le nickel et con\u00e7u pour \u00eatre port\u00e9 tous les jours sans crainte de d\u00e9coloration ou de signes d'usure.<\/em><\/p>","protected":false},"excerpt":{"rendered":"<p>Bracciale Uomo Sfere Agata Nera ed Ematite\u00a0 Il bracciale uomo con sfere di agata nera ed ematite firmato #Brand Gioielli si distingue per il suo design deciso ed essenziale, caratterizzato da una sequenza armoniosa di sfere che alternano finiture lucide e opache, creando un raffinato gioco di contrasti. La composizione equilibrata e il profilo pulito [&hellip;]<\/p>\n","protected":false},"featured_media":102938,"template":"","meta":[],"product_brand":[],"product_cat":[459,38,474,506,39],"product_tag":[30],"class_list":{"0":"post-5140","1":"product","2":"type-product","3":"status-publish","4":"has-post-thumbnail","6":"product_cat-bracciali","7":"product_cat-bracciali-uomo","8":"product_cat-componibili","9":"product_cat-sotto-i-20e","10":"product_cat-uomo","11":"product_tag-collezione-zodiaco","13":"first","14":"instock","15":"shipping-taxable","16":"purchasable","17":"product-type-simple"},"yoast_head":"<!-- This site is optimized with the Yoast SEO plugin v27.4 - https:\/\/yoast.com\/product\/yoast-seo-wordpress\/ -->\n<title>Bracciale Uomo Sfere Agata Nera ed Ematite\u00a0 - #BrandGioielli<\/title>\n<meta name=\"description\" content=\"Acquista ora su Brand Gioielli: Bracciale Uomo Sfere Agata Nera ed Ematite\u00a0\" \/>\n<meta name=\"robots\" content=\"index, follow, max-snippet:-1, max-image-preview:large, max-video-preview:-1\" \/>\n<link rel=\"canonical\" href=\"https:\/\/brandgioielli.it\/fr\/produit\/bracciale-uomo-sfere-agata-nera-ed-ematite\/\" \/>\n<meta property=\"og:locale\" content=\"fr_FR\" \/>\n<meta property=\"og:type\" content=\"article\" \/>\n<meta property=\"og:title\" content=\"Bracciale Uomo Sfere Agata Nera ed Ematite\u00a0 - #BrandGioielli\" \/>\n<meta property=\"og:description\" content=\"Acquista ora su Brand Gioielli: Bracciale Uomo Sfere Agata Nera ed Ematite\u00a0\" \/>\n<meta property=\"og:url\" content=\"https:\/\/brandgioielli.it\/fr\/produit\/bracciale-uomo-sfere-agata-nera-ed-ematite\/\" \/>\n<meta property=\"og:site_name\" content=\"#BrandGioielli\" \/>\n<meta property=\"article:modified_time\" content=\"2026-04-20T16:18:48+00:00\" \/>\n<meta property=\"og:image\" content=\"https:\/\/brandgioielli.it\/wp-content\/uploads\/2025\/09\/bracciale-sfere-agata-nere-e-ematite-uomo.jpg\" \/>\n\t<meta property=\"og:image:width\" content=\"800\" \/>\n\t<meta property=\"og:image:height\" content=\"800\" \/>\n\t<meta property=\"og:image:type\" content=\"image\/jpeg\" \/>\n<meta name=\"twitter:card\" content=\"summary_large_image\" \/>\n<meta name=\"twitter:label1\" content=\"Dur\u00e9e de lecture estim\u00e9e\" \/>\n\t<meta name=\"twitter:data1\" content=\"2 minutes\" \/>\n<script type=\"application\/ld+json\" class=\"yoast-schema-graph\">{\"@context\":\"https:\\\/\\\/schema.org\",\"@graph\":[{\"@type\":\"WebPage\",\"@id\":\"https:\\\/\\\/brandgioielli.it\\\/prodotto\\\/bracciale-uomo-sfere-agata-nera-ed-ematite\\\/\",\"url\":\"https:\\\/\\\/brandgioielli.it\\\/prodotto\\\/bracciale-uomo-sfere-agata-nera-ed-ematite\\\/\",\"name\":\"Bracciale Uomo Sfere Agata Nera ed Ematite\u00a0 - #BrandGioielli\",\"isPartOf\":{\"@id\":\"https:\\\/\\\/brandgioielli.it\\\/#website\"},\"primaryImageOfPage\":{\"@id\":\"https:\\\/\\\/brandgioielli.it\\\/prodotto\\\/bracciale-uomo-sfere-agata-nera-ed-ematite\\\/#primaryimage\"},\"image\":{\"@id\":\"https:\\\/\\\/brandgioielli.it\\\/prodotto\\\/bracciale-uomo-sfere-agata-nera-ed-ematite\\\/#primaryimage\"},\"thumbnailUrl\":\"https:\\\/\\\/brandgioielli.it\\\/wp-content\\\/uploads\\\/2025\\\/09\\\/bracciale-sfere-agata-nere-e-ematite-uomo.jpg\",\"datePublished\":\"2025-09-20T04:34:21+00:00\",\"dateModified\":\"2026-04-20T16:18:48+00:00\",\"description\":\"Acquista ora su Brand Gioielli: Bracciale Uomo Sfere Agata Nera ed Ematite\u00a0\",\"breadcrumb\":{\"@id\":\"https:\\\/\\\/brandgioielli.it\\\/prodotto\\\/bracciale-uomo-sfere-agata-nera-ed-ematite\\\/#breadcrumb\"},\"inLanguage\":\"fr-FR\",\"potentialAction\":[{\"@type\":\"ReadAction\",\"target\":[\"https:\\\/\\\/brandgioielli.it\\\/prodotto\\\/bracciale-uomo-sfere-agata-nera-ed-ematite\\\/\"]}]},{\"@type\":\"ImageObject\",\"inLanguage\":\"fr-FR\",\"@id\":\"https:\\\/\\\/brandgioielli.it\\\/prodotto\\\/bracciale-uomo-sfere-agata-nera-ed-ematite\\\/#primaryimage\",\"url\":\"https:\\\/\\\/brandgioielli.it\\\/wp-content\\\/uploads\\\/2025\\\/09\\\/bracciale-sfere-agata-nere-e-ematite-uomo.jpg\",\"contentUrl\":\"https:\\\/\\\/brandgioielli.it\\\/wp-content\\\/uploads\\\/2025\\\/09\\\/bracciale-sfere-agata-nere-e-ematite-uomo.jpg\",\"width\":800,\"height\":800},{\"@type\":\"BreadcrumbList\",\"@id\":\"https:\\\/\\\/brandgioielli.it\\\/prodotto\\\/bracciale-uomo-sfere-agata-nera-ed-ematite\\\/#breadcrumb\",\"itemListElement\":[{\"@type\":\"ListItem\",\"position\":1,\"name\":\"Home\",\"item\":\"https:\\\/\\\/brandgioielli.it\\\/\"},{\"@type\":\"ListItem\",\"position\":2,\"name\":\"Shop\",\"item\":\"https:\\\/\\\/brandgioielli.it\\\/shop\\\/\"},{\"@type\":\"ListItem\",\"position\":3,\"name\":\"Bracciale Uomo Sfere Agata Nera ed Ematite\u00a0\"}]},{\"@type\":\"WebSite\",\"@id\":\"https:\\\/\\\/brandgioielli.it\\\/#website\",\"url\":\"https:\\\/\\\/brandgioielli.it\\\/\",\"name\":\"#BrandGioielli\",\"description\":\"\",\"publisher\":{\"@id\":\"https:\\\/\\\/brandgioielli.it\\\/#organization\"},\"potentialAction\":[{\"@type\":\"SearchAction\",\"target\":{\"@type\":\"EntryPoint\",\"urlTemplate\":\"https:\\\/\\\/brandgioielli.it\\\/?s={search_term_string}\"},\"query-input\":{\"@type\":\"PropertyValueSpecification\",\"valueRequired\":true,\"valueName\":\"search_term_string\"}}],\"inLanguage\":\"fr-FR\"},{\"@type\":\"Organization\",\"@id\":\"https:\\\/\\\/brandgioielli.it\\\/#organization\",\"name\":\"Brand Gioielli\",\"url\":\"https:\\\/\\\/brandgioielli.it\\\/\",\"logo\":{\"@type\":\"ImageObject\",\"inLanguage\":\"fr-FR\",\"@id\":\"https:\\\/\\\/brandgioielli.it\\\/#\\\/schema\\\/logo\\\/image\\\/\",\"url\":\"https:\\\/\\\/brandgioielli.it\\\/wp-content\\\/uploads\\\/2025\\\/07\\\/LogoBrand.png\",\"contentUrl\":\"https:\\\/\\\/brandgioielli.it\\\/wp-content\\\/uploads\\\/2025\\\/07\\\/LogoBrand.png\",\"width\":600,\"height\":170,\"caption\":\"Brand Gioielli\"},\"image\":{\"@id\":\"https:\\\/\\\/brandgioielli.it\\\/#\\\/schema\\\/logo\\\/image\\\/\"}}]}<\/script>\n<!-- \/ Yoast SEO plugin. -->","yoast_head_json":{"title":"Bracciale Uomo Sfere Agata Nera ed Ematite\u00a0 - #BrandGioielli","description":"Acquista ora su Brand Gioielli: Bracciale Uomo Sfere Agata Nera ed Ematite\u00a0","robots":{"index":"index","follow":"follow","max-snippet":"max-snippet:-1","max-image-preview":"max-image-preview:large","max-video-preview":"max-video-preview:-1"},"canonical":"https:\/\/brandgioielli.it\/fr\/produit\/bracciale-uomo-sfere-agata-nera-ed-ematite\/","og_locale":"fr_FR","og_type":"article","og_title":"Bracciale Uomo Sfere Agata Nera ed Ematite\u00a0 - #BrandGioielli","og_description":"Acquista ora su Brand Gioielli: Bracciale Uomo Sfere Agata Nera ed Ematite\u00a0","og_url":"https:\/\/brandgioielli.it\/fr\/produit\/bracciale-uomo-sfere-agata-nera-ed-ematite\/","og_site_name":"#BrandGioielli","article_modified_time":"2026-04-20T16:18:48+00:00","og_image":[{"width":800,"height":800,"url":"https:\/\/brandgioielli.it\/wp-content\/uploads\/2025\/09\/bracciale-sfere-agata-nere-e-ematite-uomo.jpg","type":"image\/jpeg"}],"twitter_card":"summary_large_image","twitter_misc":{"Dur\u00e9e de lecture estim\u00e9e":"2 minutes"},"schema":{"@context":"https:\/\/schema.org","@graph":[{"@type":"WebPage","@id":"https:\/\/brandgioielli.it\/prodotto\/bracciale-uomo-sfere-agata-nera-ed-ematite\/","url":"https:\/\/brandgioielli.it\/prodotto\/bracciale-uomo-sfere-agata-nera-ed-ematite\/","name":"Bracciale Uomo Sfere Agata Nera ed Ematite\u00a0 - #BrandGioielli","isPartOf":{"@id":"https:\/\/brandgioielli.it\/#website"},"primaryImageOfPage":{"@id":"https:\/\/brandgioielli.it\/prodotto\/bracciale-uomo-sfere-agata-nera-ed-ematite\/#primaryimage"},"image":{"@id":"https:\/\/brandgioielli.it\/prodotto\/bracciale-uomo-sfere-agata-nera-ed-ematite\/#primaryimage"},"thumbnailUrl":"https:\/\/brandgioielli.it\/wp-content\/uploads\/2025\/09\/bracciale-sfere-agata-nere-e-ematite-uomo.jpg","datePublished":"2025-09-20T04:34:21+00:00","dateModified":"2026-04-20T16:18:48+00:00","description":"Acquista ora su Brand Gioielli: Bracciale Uomo Sfere Agata Nera ed Ematite\u00a0","breadcrumb":{"@id":"https:\/\/brandgioielli.it\/prodotto\/bracciale-uomo-sfere-agata-nera-ed-ematite\/#breadcrumb"},"inLanguage":"fr-FR","potentialAction":[{"@type":"ReadAction","target":["https:\/\/brandgioielli.it\/prodotto\/bracciale-uomo-sfere-agata-nera-ed-ematite\/"]}]},{"@type":"ImageObject","inLanguage":"fr-FR","@id":"https:\/\/brandgioielli.it\/prodotto\/bracciale-uomo-sfere-agata-nera-ed-ematite\/#primaryimage","url":"https:\/\/brandgioielli.it\/wp-content\/uploads\/2025\/09\/bracciale-sfere-agata-nere-e-ematite-uomo.jpg","contentUrl":"https:\/\/brandgioielli.it\/wp-content\/uploads\/2025\/09\/bracciale-sfere-agata-nere-e-ematite-uomo.jpg","width":800,"height":800},{"@type":"BreadcrumbList","@id":"https:\/\/brandgioielli.it\/prodotto\/bracciale-uomo-sfere-agata-nera-ed-ematite\/#breadcrumb","itemListElement":[{"@type":"ListItem","position":1,"name":"Home","item":"https:\/\/brandgioielli.it\/"},{"@type":"ListItem","position":2,"name":"Shop","item":"https:\/\/brandgioielli.it\/shop\/"},{"@type":"ListItem","position":3,"name":"Bracciale Uomo Sfere Agata Nera ed Ematite\u00a0"}]},{"@type":"WebSite","@id":"https:\/\/brandgioielli.it\/#website","url":"https:\/\/brandgioielli.it\/","name":"#BrandJewellery","description":"","publisher":{"@id":"https:\/\/brandgioielli.it\/#organization"},"potentialAction":[{"@type":"SearchAction","target":{"@type":"EntryPoint","urlTemplate":"https:\/\/brandgioielli.it\/?s={search_term_string}"},"query-input":{"@type":"PropertyValueSpecification","valueRequired":true,"valueName":"search_term_string"}}],"inLanguage":"fr-FR"},{"@type":"Organization","@id":"https:\/\/brandgioielli.it\/#organization","name":"Bijoux de marque","url":"https:\/\/brandgioielli.it\/","logo":{"@type":"ImageObject","inLanguage":"fr-FR","@id":"https:\/\/brandgioielli.it\/#\/schema\/logo\/image\/","url":"https:\/\/brandgioielli.it\/wp-content\/uploads\/2025\/07\/LogoBrand.png","contentUrl":"https:\/\/brandgioielli.it\/wp-content\/uploads\/2025\/07\/LogoBrand.png","width":600,"height":170,"caption":"Brand Gioielli"},"image":{"@id":"https:\/\/brandgioielli.it\/#\/schema\/logo\/image\/"}}]}},"_links":{"self":[{"href":"https:\/\/brandgioielli.it\/fr\/wp-json\/wp\/v2\/product\/5140","targetHints":{"allow":["GET"]}}],"collection":[{"href":"https:\/\/brandgioielli.it\/fr\/wp-json\/wp\/v2\/product"}],"about":[{"href":"https:\/\/brandgioielli.it\/fr\/wp-json\/wp\/v2\/types\/product"}],"version-history":[{"count":4,"href":"https:\/\/brandgioielli.it\/fr\/wp-json\/wp\/v2\/product\/5140\/revisions"}],"predecessor-version":[{"id":102939,"href":"https:\/\/brandgioielli.it\/fr\/wp-json\/wp\/v2\/product\/5140\/revisions\/102939"}],"wp:featuredmedia":[{"embeddable":true,"href":"https:\/\/brandgioielli.it\/fr\/wp-json\/wp\/v2\/media\/102938"}],"wp:attachment":[{"href":"https:\/\/brandgioielli.it\/fr\/wp-json\/wp\/v2\/media?parent=5140"}],"wp:term":[{"taxonomy":"product_brand","embeddable":true,"href":"https:\/\/brandgioielli.it\/fr\/wp-json\/wp\/v2\/product_brand?post=5140"},{"taxonomy":"product_cat","embeddable":true,"href":"https:\/\/brandgioielli.it\/fr\/wp-json\/wp\/v2\/product_cat?post=5140"},{"taxonomy":"product_tag","embeddable":true,"href":"https:\/\/brandgioielli.it\/fr\/wp-json\/wp\/v2\/product_tag?post=5140"}],"curies":[{"name":"wp","href":"https:\/\/api.w.org\/{rel}","templated":true}]}}