{"id":4733,"date":"2025-09-20T04:40:31","date_gmt":"2025-09-20T02:40:31","guid":{"rendered":"https:\/\/sandybrown-lark-277155.hostingersite.com\/prodotto\/bracciale-tennis-simboli-fortuna\/"},"modified":"2026-04-16T18:20:04","modified_gmt":"2026-04-16T16:20:04","slug":"bracciale-tennis-con-pendenti-fortuna","status":"publish","type":"product","link":"https:\/\/brandgioielli.it\/fr\/produit\/bracciale-tennis-con-pendenti-fortuna\/","title":{"rendered":"Bracelet de tennis avec pendentifs porte-bonheur"},"content":{"rendered":"<h2 data-start=\"122\" data-end=\"653\">Bracelet de tennis avec pendentifs porte-bonheur<\/h2>\n<p data-start=\"98\" data-end=\"452\">Le bracelet tennis orn\u00e9 de charms porte-bonheur de la marque #Brand Gioielli se distingue par son design lumineux et symbolique. Une d\u00e9licate s\u00e9quence de cristaux \u00e9pouse harmonieusement le poignet. S&#039;inscrivant dans la lign\u00e9e des bracelets tennis classiques, de d\u00e9licats charms symboliques, inspir\u00e9s par la chance, apportent mouvement et personnalit\u00e9, cr\u00e9ant un jeu de d\u00e9tails qui rend ce bijou unique et distinctif. L&#039;\u00e9clat de l&#039;acier et des cristaux sublime un style \u00e9l\u00e9gant et contemporain, faisant de ce bracelet un accessoire polyvalent et pr\u00e9cieux, id\u00e9al au quotidien ou associ\u00e9 \u00e0 d&#039;autres bijoux pour une allure raffin\u00e9e et sophistiqu\u00e9e.<\/p>\n<p><strong>SP\u00c9CIFICATIONS TECHNIQUES<\/strong><\/p>\n<ul>\n<li>Bracelet de tennis avec pendentifs porte-bonheur<\/li>\n<li>Longueur : 16 cm + 3 cm d&#039;extension, cha\u00eene en forme de c\u0153ur<\/li>\n<li>Taille des symboles porte-bonheur\u00a0: 6\u00a0mm<\/li>\n<li>Taille du cristal : 2 mm<\/li>\n<li>Couleur du cristal : blanc<\/li>\n<li>Finition : acier<\/li>\n<li>Mat\u00e9riaux : Acier inoxydable, cristaux<\/li>\n<\/ul>\n<p><em>Tous les bijoux de la marque #Brand sont fabriqu\u00e9s \u00e0 partir de l&#039;acier inoxydable chirurgical le plus pur du march\u00e9, test\u00e9s pour le nickel et con\u00e7us pour \u00eatre port\u00e9s tous les jours sans crainte de d\u00e9coloration ou de signes d&#039;usure.<\/em><\/p>\n<p>&nbsp;<\/p>","protected":false},"excerpt":{"rendered":"<p>Bracciale Tennis con Pendenti Fortuna Il bracciale tennis con pendenti fortuna firmato #Brand Gioielli si distingue per il suo design luminoso e ricco di significato, caratterizzato da una raffinata sequenza di cristalli che avvolge il polso con armonia ed equilibrio. Lungo la linea classica del tennis, delicati pendenti simbolici ispirati alla fortuna aggiungono movimento e [&hellip;]<\/p>\n","protected":false},"featured_media":104010,"template":"","meta":[],"product_brand":[],"product_cat":[459,20,567,19,506],"product_tag":[53],"class_list":{"0":"post-4733","1":"product","2":"type-product","3":"status-publish","4":"has-post-thumbnail","6":"product_cat-bracciali","7":"product_cat-bracciali-donna","8":"product_cat-brand-carpet","9":"product_cat-donna","10":"product_cat-sotto-i-20e","11":"product_tag-collezione-crystal","13":"first","14":"instock","15":"shipping-taxable","16":"purchasable","17":"product-type-simple"},"yoast_head":"<!-- This site is optimized with the Yoast SEO plugin v27.4 - https:\/\/yoast.com\/product\/yoast-seo-wordpress\/ -->\n<title>Bracciale Tennis con Simboli della Fortuna- Brand Gioielli<\/title>\n<meta name=\"description\" content=\"Il bracciale tennis con simboli di fortuna firmato Brand Gioielli unisce eleganza, significato e versatilit\u00e0 in un unico gioiello contemporaneo. Realizzato in acciaio inossidabile ipoallergenico con zirconi bianchi da 2 mm, garantisce resistenza, comfort e brillantezza costante anche con uso quotidiano.\u00a0\" \/>\n<meta name=\"robots\" content=\"index, follow, max-snippet:-1, max-image-preview:large, max-video-preview:-1\" \/>\n<link rel=\"canonical\" href=\"https:\/\/brandgioielli.it\/fr\/produit\/bracciale-tennis-con-pendenti-fortuna\/\" \/>\n<meta property=\"og:locale\" content=\"fr_FR\" \/>\n<meta property=\"og:type\" content=\"article\" \/>\n<meta property=\"og:title\" content=\"Bracciale Tennis con Simboli della Fortuna- Brand Gioielli\" \/>\n<meta property=\"og:description\" content=\"Il bracciale tennis con simboli di fortuna firmato Brand Gioielli unisce eleganza, significato e versatilit\u00e0 in un unico gioiello contemporaneo. Realizzato in acciaio inossidabile ipoallergenico con zirconi bianchi da 2 mm, garantisce resistenza, comfort e brillantezza costante anche con uso quotidiano.\u00a0\" \/>\n<meta property=\"og:url\" content=\"https:\/\/brandgioielli.it\/fr\/produit\/bracciale-tennis-con-pendenti-fortuna\/\" \/>\n<meta property=\"og:site_name\" content=\"#BrandGioielli\" \/>\n<meta property=\"article:modified_time\" content=\"2026-04-16T16:20:04+00:00\" \/>\n<meta property=\"og:image\" content=\"https:\/\/brandgioielli.it\/wp-content\/uploads\/2025\/09\/bracciale-tennis-bianchi-pendenti-fortuna.jpg\" \/>\n\t<meta property=\"og:image:width\" content=\"800\" \/>\n\t<meta property=\"og:image:height\" content=\"800\" \/>\n\t<meta property=\"og:image:type\" content=\"image\/jpeg\" \/>\n<meta name=\"twitter:card\" content=\"summary_large_image\" \/>\n<meta name=\"twitter:label1\" content=\"Dur\u00e9e de lecture estim\u00e9e\" \/>\n\t<meta name=\"twitter:data1\" content=\"2 minutes\" \/>\n<script type=\"application\/ld+json\" class=\"yoast-schema-graph\">{\"@context\":\"https:\\\/\\\/schema.org\",\"@graph\":[{\"@type\":\"WebPage\",\"@id\":\"https:\\\/\\\/brandgioielli.it\\\/prodotto\\\/bracciale-tennis-con-pendenti-fortuna\\\/\",\"url\":\"https:\\\/\\\/brandgioielli.it\\\/prodotto\\\/bracciale-tennis-con-pendenti-fortuna\\\/\",\"name\":\"Bracciale Tennis con Simboli della Fortuna- Brand Gioielli\",\"isPartOf\":{\"@id\":\"https:\\\/\\\/brandgioielli.it\\\/#website\"},\"primaryImageOfPage\":{\"@id\":\"https:\\\/\\\/brandgioielli.it\\\/prodotto\\\/bracciale-tennis-con-pendenti-fortuna\\\/#primaryimage\"},\"image\":{\"@id\":\"https:\\\/\\\/brandgioielli.it\\\/prodotto\\\/bracciale-tennis-con-pendenti-fortuna\\\/#primaryimage\"},\"thumbnailUrl\":\"https:\\\/\\\/brandgioielli.it\\\/wp-content\\\/uploads\\\/2025\\\/09\\\/bracciale-tennis-bianchi-pendenti-fortuna.jpg\",\"datePublished\":\"2025-09-20T02:40:31+00:00\",\"dateModified\":\"2026-04-16T16:20:04+00:00\",\"description\":\"Il bracciale tennis con simboli di fortuna firmato Brand Gioielli unisce eleganza, significato e versatilit\u00e0 in un unico gioiello contemporaneo. Realizzato in acciaio inossidabile ipoallergenico con zirconi bianchi da 2 mm, garantisce resistenza, comfort e brillantezza costante anche con uso quotidiano.\u00a0\",\"breadcrumb\":{\"@id\":\"https:\\\/\\\/brandgioielli.it\\\/prodotto\\\/bracciale-tennis-con-pendenti-fortuna\\\/#breadcrumb\"},\"inLanguage\":\"fr-FR\",\"potentialAction\":[{\"@type\":\"ReadAction\",\"target\":[\"https:\\\/\\\/brandgioielli.it\\\/prodotto\\\/bracciale-tennis-con-pendenti-fortuna\\\/\"]}]},{\"@type\":\"ImageObject\",\"inLanguage\":\"fr-FR\",\"@id\":\"https:\\\/\\\/brandgioielli.it\\\/prodotto\\\/bracciale-tennis-con-pendenti-fortuna\\\/#primaryimage\",\"url\":\"https:\\\/\\\/brandgioielli.it\\\/wp-content\\\/uploads\\\/2025\\\/09\\\/bracciale-tennis-bianchi-pendenti-fortuna.jpg\",\"contentUrl\":\"https:\\\/\\\/brandgioielli.it\\\/wp-content\\\/uploads\\\/2025\\\/09\\\/bracciale-tennis-bianchi-pendenti-fortuna.jpg\",\"width\":800,\"height\":800},{\"@type\":\"BreadcrumbList\",\"@id\":\"https:\\\/\\\/brandgioielli.it\\\/prodotto\\\/bracciale-tennis-con-pendenti-fortuna\\\/#breadcrumb\",\"itemListElement\":[{\"@type\":\"ListItem\",\"position\":1,\"name\":\"Home\",\"item\":\"https:\\\/\\\/brandgioielli.it\\\/\"},{\"@type\":\"ListItem\",\"position\":2,\"name\":\"Shop\",\"item\":\"https:\\\/\\\/brandgioielli.it\\\/shop\\\/\"},{\"@type\":\"ListItem\",\"position\":3,\"name\":\"Bracciale Tennis con Pendenti Fortuna\"}]},{\"@type\":\"WebSite\",\"@id\":\"https:\\\/\\\/brandgioielli.it\\\/#website\",\"url\":\"https:\\\/\\\/brandgioielli.it\\\/\",\"name\":\"#BrandGioielli\",\"description\":\"\",\"publisher\":{\"@id\":\"https:\\\/\\\/brandgioielli.it\\\/#organization\"},\"potentialAction\":[{\"@type\":\"SearchAction\",\"target\":{\"@type\":\"EntryPoint\",\"urlTemplate\":\"https:\\\/\\\/brandgioielli.it\\\/?s={search_term_string}\"},\"query-input\":{\"@type\":\"PropertyValueSpecification\",\"valueRequired\":true,\"valueName\":\"search_term_string\"}}],\"inLanguage\":\"fr-FR\"},{\"@type\":\"Organization\",\"@id\":\"https:\\\/\\\/brandgioielli.it\\\/#organization\",\"name\":\"Brand Gioielli\",\"url\":\"https:\\\/\\\/brandgioielli.it\\\/\",\"logo\":{\"@type\":\"ImageObject\",\"inLanguage\":\"fr-FR\",\"@id\":\"https:\\\/\\\/brandgioielli.it\\\/#\\\/schema\\\/logo\\\/image\\\/\",\"url\":\"https:\\\/\\\/brandgioielli.it\\\/wp-content\\\/uploads\\\/2025\\\/07\\\/LogoBrand.png\",\"contentUrl\":\"https:\\\/\\\/brandgioielli.it\\\/wp-content\\\/uploads\\\/2025\\\/07\\\/LogoBrand.png\",\"width\":600,\"height\":170,\"caption\":\"Brand Gioielli\"},\"image\":{\"@id\":\"https:\\\/\\\/brandgioielli.it\\\/#\\\/schema\\\/logo\\\/image\\\/\"}}]}<\/script>\n<!-- \/ Yoast SEO plugin. -->","yoast_head_json":{"title":"Bracciale Tennis con Simboli della Fortuna- Brand Gioielli","description":"Il bracciale tennis con simboli di fortuna firmato Brand Gioielli unisce eleganza, significato e versatilit\u00e0 in un unico gioiello contemporaneo. Realizzato in acciaio inossidabile ipoallergenico con zirconi bianchi da 2 mm, garantisce resistenza, comfort e brillantezza costante anche con uso quotidiano.\u00a0","robots":{"index":"index","follow":"follow","max-snippet":"max-snippet:-1","max-image-preview":"max-image-preview:large","max-video-preview":"max-video-preview:-1"},"canonical":"https:\/\/brandgioielli.it\/fr\/produit\/bracciale-tennis-con-pendenti-fortuna\/","og_locale":"fr_FR","og_type":"article","og_title":"Bracciale Tennis con Simboli della Fortuna- Brand Gioielli","og_description":"Il bracciale tennis con simboli di fortuna firmato Brand Gioielli unisce eleganza, significato e versatilit\u00e0 in un unico gioiello contemporaneo. Realizzato in acciaio inossidabile ipoallergenico con zirconi bianchi da 2 mm, garantisce resistenza, comfort e brillantezza costante anche con uso quotidiano.\u00a0","og_url":"https:\/\/brandgioielli.it\/fr\/produit\/bracciale-tennis-con-pendenti-fortuna\/","og_site_name":"#BrandGioielli","article_modified_time":"2026-04-16T16:20:04+00:00","og_image":[{"width":800,"height":800,"url":"https:\/\/brandgioielli.it\/wp-content\/uploads\/2025\/09\/bracciale-tennis-bianchi-pendenti-fortuna.jpg","type":"image\/jpeg"}],"twitter_card":"summary_large_image","twitter_misc":{"Dur\u00e9e de lecture estim\u00e9e":"2 minutes"},"schema":{"@context":"https:\/\/schema.org","@graph":[{"@type":"WebPage","@id":"https:\/\/brandgioielli.it\/prodotto\/bracciale-tennis-con-pendenti-fortuna\/","url":"https:\/\/brandgioielli.it\/prodotto\/bracciale-tennis-con-pendenti-fortuna\/","name":"Bracciale Tennis con Simboli della Fortuna- Brand Gioielli","isPartOf":{"@id":"https:\/\/brandgioielli.it\/#website"},"primaryImageOfPage":{"@id":"https:\/\/brandgioielli.it\/prodotto\/bracciale-tennis-con-pendenti-fortuna\/#primaryimage"},"image":{"@id":"https:\/\/brandgioielli.it\/prodotto\/bracciale-tennis-con-pendenti-fortuna\/#primaryimage"},"thumbnailUrl":"https:\/\/brandgioielli.it\/wp-content\/uploads\/2025\/09\/bracciale-tennis-bianchi-pendenti-fortuna.jpg","datePublished":"2025-09-20T02:40:31+00:00","dateModified":"2026-04-16T16:20:04+00:00","description":"Il bracciale tennis con simboli di fortuna firmato Brand Gioielli unisce eleganza, significato e versatilit\u00e0 in un unico gioiello contemporaneo. Realizzato in acciaio inossidabile ipoallergenico con zirconi bianchi da 2 mm, garantisce resistenza, comfort e brillantezza costante anche con uso quotidiano.\u00a0","breadcrumb":{"@id":"https:\/\/brandgioielli.it\/prodotto\/bracciale-tennis-con-pendenti-fortuna\/#breadcrumb"},"inLanguage":"fr-FR","potentialAction":[{"@type":"ReadAction","target":["https:\/\/brandgioielli.it\/prodotto\/bracciale-tennis-con-pendenti-fortuna\/"]}]},{"@type":"ImageObject","inLanguage":"fr-FR","@id":"https:\/\/brandgioielli.it\/prodotto\/bracciale-tennis-con-pendenti-fortuna\/#primaryimage","url":"https:\/\/brandgioielli.it\/wp-content\/uploads\/2025\/09\/bracciale-tennis-bianchi-pendenti-fortuna.jpg","contentUrl":"https:\/\/brandgioielli.it\/wp-content\/uploads\/2025\/09\/bracciale-tennis-bianchi-pendenti-fortuna.jpg","width":800,"height":800},{"@type":"BreadcrumbList","@id":"https:\/\/brandgioielli.it\/prodotto\/bracciale-tennis-con-pendenti-fortuna\/#breadcrumb","itemListElement":[{"@type":"ListItem","position":1,"name":"Home","item":"https:\/\/brandgioielli.it\/"},{"@type":"ListItem","position":2,"name":"Shop","item":"https:\/\/brandgioielli.it\/shop\/"},{"@type":"ListItem","position":3,"name":"Bracciale Tennis con Pendenti Fortuna"}]},{"@type":"WebSite","@id":"https:\/\/brandgioielli.it\/#website","url":"https:\/\/brandgioielli.it\/","name":"#BrandJewellery","description":"","publisher":{"@id":"https:\/\/brandgioielli.it\/#organization"},"potentialAction":[{"@type":"SearchAction","target":{"@type":"EntryPoint","urlTemplate":"https:\/\/brandgioielli.it\/?s={search_term_string}"},"query-input":{"@type":"PropertyValueSpecification","valueRequired":true,"valueName":"search_term_string"}}],"inLanguage":"fr-FR"},{"@type":"Organization","@id":"https:\/\/brandgioielli.it\/#organization","name":"Bijoux de marque","url":"https:\/\/brandgioielli.it\/","logo":{"@type":"ImageObject","inLanguage":"fr-FR","@id":"https:\/\/brandgioielli.it\/#\/schema\/logo\/image\/","url":"https:\/\/brandgioielli.it\/wp-content\/uploads\/2025\/07\/LogoBrand.png","contentUrl":"https:\/\/brandgioielli.it\/wp-content\/uploads\/2025\/07\/LogoBrand.png","width":600,"height":170,"caption":"Brand Gioielli"},"image":{"@id":"https:\/\/brandgioielli.it\/#\/schema\/logo\/image\/"}}]}},"_links":{"self":[{"href":"https:\/\/brandgioielli.it\/fr\/wp-json\/wp\/v2\/product\/4733","targetHints":{"allow":["GET"]}}],"collection":[{"href":"https:\/\/brandgioielli.it\/fr\/wp-json\/wp\/v2\/product"}],"about":[{"href":"https:\/\/brandgioielli.it\/fr\/wp-json\/wp\/v2\/types\/product"}],"version-history":[{"count":7,"href":"https:\/\/brandgioielli.it\/fr\/wp-json\/wp\/v2\/product\/4733\/revisions"}],"predecessor-version":[{"id":104018,"href":"https:\/\/brandgioielli.it\/fr\/wp-json\/wp\/v2\/product\/4733\/revisions\/104018"}],"wp:featuredmedia":[{"embeddable":true,"href":"https:\/\/brandgioielli.it\/fr\/wp-json\/wp\/v2\/media\/104010"}],"wp:attachment":[{"href":"https:\/\/brandgioielli.it\/fr\/wp-json\/wp\/v2\/media?parent=4733"}],"wp:term":[{"taxonomy":"product_brand","embeddable":true,"href":"https:\/\/brandgioielli.it\/fr\/wp-json\/wp\/v2\/product_brand?post=4733"},{"taxonomy":"product_cat","embeddable":true,"href":"https:\/\/brandgioielli.it\/fr\/wp-json\/wp\/v2\/product_cat?post=4733"},{"taxonomy":"product_tag","embeddable":true,"href":"https:\/\/brandgioielli.it\/fr\/wp-json\/wp\/v2\/product_tag?post=4733"}],"curies":[{"name":"wp","href":"https:\/\/api.w.org\/{rel}","templated":true}]}}