{"id":4454,"date":"2025-09-20T03:18:22","date_gmt":"2025-09-20T01:18:22","guid":{"rendered":"https:\/\/sandybrown-lark-277155.hostingersite.com\/prodotto\/anello-fede-con-cristallo-pvd-oro\/"},"modified":"2026-04-20T15:17:34","modified_gmt":"2026-04-20T13:17:34","slug":"anello-fede-con-cristallo-pvd-oro","status":"publish","type":"product","link":"https:\/\/brandgioielli.it\/fr\/produit\/anello-fede-con-cristallo-pvd-oro\/","title":{"rendered":"Bague de foi en or et cristal\u00a0"},"content":{"rendered":"<h2>Bague Foi en or avec cristal<\/h2>\n<p>La bague en or Noi de la marque Gioielli (#Brand) est con\u00e7ue pour symboliser les liens authentiques. Son design minimaliste et intemporel en fait un cadeau id\u00e9al. <strong data-start=\"526\" data-end=\"546\">bague de couple<\/strong>, \u00e0 porter au quotidien comme signe d&#039;amour, de lien ou de promesse mutuelle. Fabriqu\u00e9 en <strong data-start=\"642\" data-end=\"671\">acier inoxydable<\/strong>, \u00c0 l&#039;int\u00e9rieur, une gravure en \u00e9mail repr\u00e9sente le mot \u201c\u00a0NOI\u00a0\u201d et deux c\u0153urs, faisant de cette bague un v\u00e9ritable symbole de l&#039;amour entre un homme et une femme. Id\u00e9ale pour un anniversaire, la Saint-Valentin ou toute autre occasion sp\u00e9ciale, c&#039;est un choix raffin\u00e9 pour ceux qui recherchent un bijou \u00e0 partager.<\/p>\n<p><strong>SP\u00c9CIFICATIONS TECHNIQUES<\/strong><\/p>\n<ul>\n<li>Bague de foi en or et cristal<\/li>\n<li>Disponible dans les tailles\u00a0: 08-10-12-14-16-18-20-22-24-26-28-30-32-34<\/li>\n<li>Finition : PVD or<\/li>\n<li>Mat\u00e9riaux : Acier inoxydable, \u00e9mail, cristaux<\/li>\n<\/ul>\n<p><em>Tous les bijoux de la marque #Brand sont fabriqu\u00e9s \u00e0 partir de l'acier inoxydable chirurgical le plus pur du march\u00e9, test\u00e9 pour le nickel et con\u00e7u pour \u00eatre port\u00e9 tous les jours sans crainte de d\u00e9coloration ou de signes d'usure et r\u00e9sistant \u00e0 l'eau.<\/em><\/p>","protected":false},"excerpt":{"rendered":"<p>Anello Fede Oro con Cristallo L&#8217;anello Noi oro firmato #Brand Gioielli \u00e8 pensato per rappresentare i legami autentici. Il suo design minimal e senza tempo la rende perfetta come anello di coppia, da indossare ogni giorno come segno d\u2019amore, connessione o promessa reciproca. Realizzata in acciaio inossidabile, all\u2019interno ha l\u2019incisione smaltata con la scritta \u201cNOI\u201d [&hellip;]<\/p>\n","protected":false},"featured_media":61870,"template":"","meta":[],"product_brand":[],"product_cat":[457,25,42,476,19,505,39],"product_tag":[88],"class_list":{"0":"post-4454","1":"product","2":"type-product","3":"status-publish","4":"has-post-thumbnail","6":"product_cat-anelli","7":"product_cat-anelli-donna","8":"product_cat-anelli-uomo","9":"product_cat-coppia","10":"product_cat-donna","11":"product_cat-sotto-i-10e","12":"product_cat-uomo","13":"product_tag-collezione-noi","15":"first","16":"instock","17":"shipping-taxable","18":"purchasable","19":"product-type-variable"},"yoast_head":"<!-- This site is optimized with the Yoast SEO plugin v27.4 - https:\/\/yoast.com\/product\/yoast-seo-wordpress\/ -->\n<title>Anello Fede Oro Cristallo\u00a0 - #BrandGioielli<\/title>\n<meta name=\"description\" content=\"Acquista ora su Brand Gioielli: Anello Fede Oro Cristallo\u00a0\" \/>\n<meta name=\"robots\" content=\"index, follow, max-snippet:-1, max-image-preview:large, max-video-preview:-1\" \/>\n<link rel=\"canonical\" href=\"https:\/\/brandgioielli.it\/fr\/produit\/anello-fede-con-cristallo-pvd-oro\/\" \/>\n<meta property=\"og:locale\" content=\"fr_FR\" \/>\n<meta property=\"og:type\" content=\"article\" \/>\n<meta property=\"og:title\" content=\"Anello Fede Oro Cristallo\u00a0 - #BrandGioielli\" \/>\n<meta property=\"og:description\" content=\"Acquista ora su Brand Gioielli: Anello Fede Oro Cristallo\u00a0\" \/>\n<meta property=\"og:url\" content=\"https:\/\/brandgioielli.it\/fr\/produit\/anello-fede-con-cristallo-pvd-oro\/\" \/>\n<meta property=\"og:site_name\" content=\"#BrandGioielli\" \/>\n<meta property=\"article:modified_time\" content=\"2026-04-20T13:17:34+00:00\" \/>\n<meta property=\"og:image\" content=\"http:\/\/brandgioielli.it\/wp-content\/uploads\/2025\/09\/11RG004G-26.jpg\" \/>\n\t<meta property=\"og:image:width\" content=\"800\" \/>\n\t<meta property=\"og:image:height\" content=\"800\" \/>\n\t<meta property=\"og:image:type\" content=\"image\/jpeg\" \/>\n<meta name=\"twitter:card\" content=\"summary_large_image\" \/>\n<meta name=\"twitter:label1\" content=\"Dur\u00e9e de lecture estim\u00e9e\" \/>\n\t<meta name=\"twitter:data1\" content=\"1 minute\" \/>\n<script type=\"application\/ld+json\" class=\"yoast-schema-graph\">{\"@context\":\"https:\\\/\\\/schema.org\",\"@graph\":[{\"@type\":\"WebPage\",\"@id\":\"https:\\\/\\\/brandgioielli.it\\\/prodotto\\\/anello-fede-con-cristallo-pvd-oro\\\/\",\"url\":\"https:\\\/\\\/brandgioielli.it\\\/prodotto\\\/anello-fede-con-cristallo-pvd-oro\\\/\",\"name\":\"Anello Fede Oro Cristallo\u00a0 - #BrandGioielli\",\"isPartOf\":{\"@id\":\"https:\\\/\\\/brandgioielli.it\\\/#website\"},\"primaryImageOfPage\":{\"@id\":\"https:\\\/\\\/brandgioielli.it\\\/prodotto\\\/anello-fede-con-cristallo-pvd-oro\\\/#primaryimage\"},\"image\":{\"@id\":\"https:\\\/\\\/brandgioielli.it\\\/prodotto\\\/anello-fede-con-cristallo-pvd-oro\\\/#primaryimage\"},\"thumbnailUrl\":\"https:\\\/\\\/brandgioielli.it\\\/wp-content\\\/uploads\\\/2025\\\/09\\\/11RG004G-26.jpg\",\"datePublished\":\"2025-09-20T01:18:22+00:00\",\"dateModified\":\"2026-04-20T13:17:34+00:00\",\"description\":\"Acquista ora su Brand Gioielli: Anello Fede Oro Cristallo\u00a0\",\"breadcrumb\":{\"@id\":\"https:\\\/\\\/brandgioielli.it\\\/prodotto\\\/anello-fede-con-cristallo-pvd-oro\\\/#breadcrumb\"},\"inLanguage\":\"fr-FR\",\"potentialAction\":[{\"@type\":\"ReadAction\",\"target\":[\"https:\\\/\\\/brandgioielli.it\\\/prodotto\\\/anello-fede-con-cristallo-pvd-oro\\\/\"]}]},{\"@type\":\"ImageObject\",\"inLanguage\":\"fr-FR\",\"@id\":\"https:\\\/\\\/brandgioielli.it\\\/prodotto\\\/anello-fede-con-cristallo-pvd-oro\\\/#primaryimage\",\"url\":\"https:\\\/\\\/brandgioielli.it\\\/wp-content\\\/uploads\\\/2025\\\/09\\\/11RG004G-26.jpg\",\"contentUrl\":\"https:\\\/\\\/brandgioielli.it\\\/wp-content\\\/uploads\\\/2025\\\/09\\\/11RG004G-26.jpg\",\"width\":800,\"height\":800},{\"@type\":\"BreadcrumbList\",\"@id\":\"https:\\\/\\\/brandgioielli.it\\\/prodotto\\\/anello-fede-con-cristallo-pvd-oro\\\/#breadcrumb\",\"itemListElement\":[{\"@type\":\"ListItem\",\"position\":1,\"name\":\"Home\",\"item\":\"https:\\\/\\\/brandgioielli.it\\\/\"},{\"@type\":\"ListItem\",\"position\":2,\"name\":\"Shop\",\"item\":\"https:\\\/\\\/brandgioielli.it\\\/shop\\\/\"},{\"@type\":\"ListItem\",\"position\":3,\"name\":\"Anello Fede Oro Cristallo\u00a0\"}]},{\"@type\":\"WebSite\",\"@id\":\"https:\\\/\\\/brandgioielli.it\\\/#website\",\"url\":\"https:\\\/\\\/brandgioielli.it\\\/\",\"name\":\"#BrandGioielli\",\"description\":\"\",\"publisher\":{\"@id\":\"https:\\\/\\\/brandgioielli.it\\\/#organization\"},\"potentialAction\":[{\"@type\":\"SearchAction\",\"target\":{\"@type\":\"EntryPoint\",\"urlTemplate\":\"https:\\\/\\\/brandgioielli.it\\\/?s={search_term_string}\"},\"query-input\":{\"@type\":\"PropertyValueSpecification\",\"valueRequired\":true,\"valueName\":\"search_term_string\"}}],\"inLanguage\":\"fr-FR\"},{\"@type\":\"Organization\",\"@id\":\"https:\\\/\\\/brandgioielli.it\\\/#organization\",\"name\":\"Brand Gioielli\",\"url\":\"https:\\\/\\\/brandgioielli.it\\\/\",\"logo\":{\"@type\":\"ImageObject\",\"inLanguage\":\"fr-FR\",\"@id\":\"https:\\\/\\\/brandgioielli.it\\\/#\\\/schema\\\/logo\\\/image\\\/\",\"url\":\"https:\\\/\\\/brandgioielli.it\\\/wp-content\\\/uploads\\\/2025\\\/07\\\/LogoBrand.png\",\"contentUrl\":\"https:\\\/\\\/brandgioielli.it\\\/wp-content\\\/uploads\\\/2025\\\/07\\\/LogoBrand.png\",\"width\":600,\"height\":170,\"caption\":\"Brand Gioielli\"},\"image\":{\"@id\":\"https:\\\/\\\/brandgioielli.it\\\/#\\\/schema\\\/logo\\\/image\\\/\"}}]}<\/script>\n<!-- \/ Yoast SEO plugin. -->","yoast_head_json":{"title":"Anello Fede Oro Cristallo\u00a0 - #BrandGioielli","description":"Acquista ora su Brand Gioielli: Anello Fede Oro Cristallo\u00a0","robots":{"index":"index","follow":"follow","max-snippet":"max-snippet:-1","max-image-preview":"max-image-preview:large","max-video-preview":"max-video-preview:-1"},"canonical":"https:\/\/brandgioielli.it\/fr\/produit\/anello-fede-con-cristallo-pvd-oro\/","og_locale":"fr_FR","og_type":"article","og_title":"Anello Fede Oro Cristallo\u00a0 - #BrandGioielli","og_description":"Acquista ora su Brand Gioielli: Anello Fede Oro Cristallo\u00a0","og_url":"https:\/\/brandgioielli.it\/fr\/produit\/anello-fede-con-cristallo-pvd-oro\/","og_site_name":"#BrandGioielli","article_modified_time":"2026-04-20T13:17:34+00:00","og_image":[{"width":800,"height":800,"url":"http:\/\/brandgioielli.it\/wp-content\/uploads\/2025\/09\/11RG004G-26.jpg","type":"image\/jpeg"}],"twitter_card":"summary_large_image","twitter_misc":{"Dur\u00e9e de lecture estim\u00e9e":"1 minute"},"schema":{"@context":"https:\/\/schema.org","@graph":[{"@type":"WebPage","@id":"https:\/\/brandgioielli.it\/prodotto\/anello-fede-con-cristallo-pvd-oro\/","url":"https:\/\/brandgioielli.it\/prodotto\/anello-fede-con-cristallo-pvd-oro\/","name":"Anello Fede Oro Cristallo\u00a0 - #BrandGioielli","isPartOf":{"@id":"https:\/\/brandgioielli.it\/#website"},"primaryImageOfPage":{"@id":"https:\/\/brandgioielli.it\/prodotto\/anello-fede-con-cristallo-pvd-oro\/#primaryimage"},"image":{"@id":"https:\/\/brandgioielli.it\/prodotto\/anello-fede-con-cristallo-pvd-oro\/#primaryimage"},"thumbnailUrl":"https:\/\/brandgioielli.it\/wp-content\/uploads\/2025\/09\/11RG004G-26.jpg","datePublished":"2025-09-20T01:18:22+00:00","dateModified":"2026-04-20T13:17:34+00:00","description":"Acquista ora su Brand Gioielli: Anello Fede Oro Cristallo\u00a0","breadcrumb":{"@id":"https:\/\/brandgioielli.it\/prodotto\/anello-fede-con-cristallo-pvd-oro\/#breadcrumb"},"inLanguage":"fr-FR","potentialAction":[{"@type":"ReadAction","target":["https:\/\/brandgioielli.it\/prodotto\/anello-fede-con-cristallo-pvd-oro\/"]}]},{"@type":"ImageObject","inLanguage":"fr-FR","@id":"https:\/\/brandgioielli.it\/prodotto\/anello-fede-con-cristallo-pvd-oro\/#primaryimage","url":"https:\/\/brandgioielli.it\/wp-content\/uploads\/2025\/09\/11RG004G-26.jpg","contentUrl":"https:\/\/brandgioielli.it\/wp-content\/uploads\/2025\/09\/11RG004G-26.jpg","width":800,"height":800},{"@type":"BreadcrumbList","@id":"https:\/\/brandgioielli.it\/prodotto\/anello-fede-con-cristallo-pvd-oro\/#breadcrumb","itemListElement":[{"@type":"ListItem","position":1,"name":"Home","item":"https:\/\/brandgioielli.it\/"},{"@type":"ListItem","position":2,"name":"Shop","item":"https:\/\/brandgioielli.it\/shop\/"},{"@type":"ListItem","position":3,"name":"Anello Fede Oro Cristallo\u00a0"}]},{"@type":"WebSite","@id":"https:\/\/brandgioielli.it\/#website","url":"https:\/\/brandgioielli.it\/","name":"#BrandJewellery","description":"","publisher":{"@id":"https:\/\/brandgioielli.it\/#organization"},"potentialAction":[{"@type":"SearchAction","target":{"@type":"EntryPoint","urlTemplate":"https:\/\/brandgioielli.it\/?s={search_term_string}"},"query-input":{"@type":"PropertyValueSpecification","valueRequired":true,"valueName":"search_term_string"}}],"inLanguage":"fr-FR"},{"@type":"Organization","@id":"https:\/\/brandgioielli.it\/#organization","name":"Bijoux de marque","url":"https:\/\/brandgioielli.it\/","logo":{"@type":"ImageObject","inLanguage":"fr-FR","@id":"https:\/\/brandgioielli.it\/#\/schema\/logo\/image\/","url":"https:\/\/brandgioielli.it\/wp-content\/uploads\/2025\/07\/LogoBrand.png","contentUrl":"https:\/\/brandgioielli.it\/wp-content\/uploads\/2025\/07\/LogoBrand.png","width":600,"height":170,"caption":"Brand Gioielli"},"image":{"@id":"https:\/\/brandgioielli.it\/#\/schema\/logo\/image\/"}}]}},"_links":{"self":[{"href":"https:\/\/brandgioielli.it\/fr\/wp-json\/wp\/v2\/product\/4454","targetHints":{"allow":["GET"]}}],"collection":[{"href":"https:\/\/brandgioielli.it\/fr\/wp-json\/wp\/v2\/product"}],"about":[{"href":"https:\/\/brandgioielli.it\/fr\/wp-json\/wp\/v2\/types\/product"}],"version-history":[{"count":3,"href":"https:\/\/brandgioielli.it\/fr\/wp-json\/wp\/v2\/product\/4454\/revisions"}],"predecessor-version":[{"id":102520,"href":"https:\/\/brandgioielli.it\/fr\/wp-json\/wp\/v2\/product\/4454\/revisions\/102520"}],"wp:featuredmedia":[{"embeddable":true,"href":"https:\/\/brandgioielli.it\/fr\/wp-json\/wp\/v2\/media\/61870"}],"wp:attachment":[{"href":"https:\/\/brandgioielli.it\/fr\/wp-json\/wp\/v2\/media?parent=4454"}],"wp:term":[{"taxonomy":"product_brand","embeddable":true,"href":"https:\/\/brandgioielli.it\/fr\/wp-json\/wp\/v2\/product_brand?post=4454"},{"taxonomy":"product_cat","embeddable":true,"href":"https:\/\/brandgioielli.it\/fr\/wp-json\/wp\/v2\/product_cat?post=4454"},{"taxonomy":"product_tag","embeddable":true,"href":"https:\/\/brandgioielli.it\/fr\/wp-json\/wp\/v2\/product_tag?post=4454"}],"curies":[{"name":"wp","href":"https:\/\/api.w.org\/{rel}","templated":true}]}}