{"id":4373,"date":"2025-09-20T02:58:20","date_gmt":"2025-09-20T00:58:20","guid":{"rendered":"https:\/\/sandybrown-lark-277155.hostingersite.com\/prodotto\/bracciale-tennis-con-catena-freedom\/"},"modified":"2026-04-17T18:17:52","modified_gmt":"2026-04-17T16:17:52","slug":"bracciale-tennis-con-catena-freedom","status":"publish","type":"product","link":"https:\/\/brandgioielli.it\/fr\/produit\/bracciale-tennis-con-catena-freedom\/","title":{"rendered":"Bracelet de tennis Freedom Chain"},"content":{"rendered":"<h2 data-start=\"122\" data-end=\"653\">Bracelet de tennis Freedom Chain<\/h2>\n<p>Le bracelet tennis Freedom Chain de Gioielli (#Brand) allie harmonieusement deux \u00e9l\u00e9ments iconiques\u00a0: l\u2019\u00e9clat raffin\u00e9 des cristaux et le caract\u00e8re affirm\u00e9 de la cha\u00eene. Le contraste entre les cristaux scintillants et les lignes \u00e9pur\u00e9es de la cha\u00eene cr\u00e9e un design moderne et \u00e9l\u00e9gant, capable de sublimer n\u2019importe quel style avec une sophistication naturelle. Con\u00e7u pour celles et ceux qui appr\u00e9cient les accessoires \u00e0 la fois polyvalents et originaux, ce bracelet est id\u00e9al au quotidien, port\u00e9 seul comme pi\u00e8ce ma\u00eetresse ou associ\u00e9 \u00e0 d\u2019autres bijoux pour cr\u00e9er des compositions contemporaines et sophistiqu\u00e9es.<\/p>\n<p><strong>SP\u00c9CIFICATIONS TECHNIQUES<\/strong><\/p>\n<ul>\n<li>Bracelet de tennis Freedom Chain<\/li>\n<li>Longueur : 16 cm + 3 cm d&#039;extension, cha\u00eene en forme de c\u0153ur<\/li>\n<li>Taille du cristal : 2 mm<\/li>\n<li>Taille de la cha\u00eene : 7,5 mm<\/li>\n<li>Couleur du cristal : blanc<\/li>\n<li>Finition : acier<\/li>\n<li>Mat\u00e9riaux : Acier inoxydable, cristaux<\/li>\n<\/ul>\n<p><em>Tous les bijoux de la marque #Brand sont fabriqu\u00e9s \u00e0 partir de l'acier inoxydable chirurgical le plus pur du march\u00e9, test\u00e9 pour le nickel et con\u00e7u pour \u00eatre port\u00e9 tous les jours sans crainte de d\u00e9coloration ou de signes d'usure.<\/em><\/p>\n<p>&nbsp;<\/p>","protected":false},"excerpt":{"rendered":"<p>Bracciale Tennis con Catena Freedom Il bracciale tennis con catena freedom firmato #Brand Gioielli unisce in modo armonioso due elementi iconici, la luminosit\u00e0 raffinata del tennis di cristalli e il carattere deciso della catena a maglie. Il contrasto tra la sequenza brillante dei cristalli e le linee essenziali della catena crea un design moderno ed [&hellip;]<\/p>\n","protected":false},"featured_media":103920,"template":"","meta":[],"product_brand":[],"product_cat":[459,20,567,474,19,506],"product_tag":[53],"class_list":{"0":"post-4373","1":"product","2":"type-product","3":"status-publish","4":"has-post-thumbnail","6":"product_cat-bracciali","7":"product_cat-bracciali-donna","8":"product_cat-brand-carpet","9":"product_cat-componibili","10":"product_cat-donna","11":"product_cat-sotto-i-20e","12":"product_tag-collezione-crystal","14":"first","15":"instock","16":"shipping-taxable","17":"purchasable","18":"product-type-simple"},"yoast_head":"<!-- This site is optimized with the Yoast SEO plugin v27.4 - https:\/\/yoast.com\/product\/yoast-seo-wordpress\/ -->\n<title>Bracciale Tennis con Catena Freedom - Brand Gioielli<\/title>\n<meta name=\"description\" content=\"Il bracciale con catena Freedom Brand Gioielli \u00e8 un gioiello raffinato e moderno, pensato per chi ama un accessorio discreto ma di carattere. Realizzato in acciaio inossidabile ipoallergenico e testato per il nichel, unisce resistenza e comfort, garantendo lucentezza e durata nel tempo.\" \/>\n<meta name=\"robots\" content=\"index, follow, max-snippet:-1, max-image-preview:large, max-video-preview:-1\" \/>\n<link rel=\"canonical\" href=\"https:\/\/brandgioielli.it\/fr\/produit\/bracciale-tennis-con-catena-freedom\/\" \/>\n<meta property=\"og:locale\" content=\"fr_FR\" \/>\n<meta property=\"og:type\" content=\"article\" \/>\n<meta property=\"og:title\" content=\"Bracciale Tennis con Catena Freedom - Brand Gioielli\" \/>\n<meta property=\"og:description\" content=\"Il bracciale con catena Freedom Brand Gioielli \u00e8 un gioiello raffinato e moderno, pensato per chi ama un accessorio discreto ma di carattere. Realizzato in acciaio inossidabile ipoallergenico e testato per il nichel, unisce resistenza e comfort, garantendo lucentezza e durata nel tempo.\" \/>\n<meta property=\"og:url\" content=\"https:\/\/brandgioielli.it\/fr\/produit\/bracciale-tennis-con-catena-freedom\/\" \/>\n<meta property=\"og:site_name\" content=\"#BrandGioielli\" \/>\n<meta property=\"article:modified_time\" content=\"2026-04-17T16:17:52+00:00\" \/>\n<meta property=\"og:image\" content=\"https:\/\/brandgioielli.it\/wp-content\/uploads\/2025\/09\/bracciale-tennis-cristalli-e-catena-freedom.jpg\" \/>\n\t<meta property=\"og:image:width\" content=\"800\" \/>\n\t<meta property=\"og:image:height\" content=\"800\" \/>\n\t<meta property=\"og:image:type\" content=\"image\/jpeg\" \/>\n<meta name=\"twitter:card\" content=\"summary_large_image\" \/>\n<meta name=\"twitter:label1\" content=\"Dur\u00e9e de lecture estim\u00e9e\" \/>\n\t<meta name=\"twitter:data1\" content=\"2 minutes\" \/>\n<script type=\"application\/ld+json\" class=\"yoast-schema-graph\">{\"@context\":\"https:\\\/\\\/schema.org\",\"@graph\":[{\"@type\":\"WebPage\",\"@id\":\"https:\\\/\\\/brandgioielli.it\\\/prodotto\\\/bracciale-tennis-con-catena-freedom\\\/\",\"url\":\"https:\\\/\\\/brandgioielli.it\\\/prodotto\\\/bracciale-tennis-con-catena-freedom\\\/\",\"name\":\"Bracciale Tennis con Catena Freedom - Brand Gioielli\",\"isPartOf\":{\"@id\":\"https:\\\/\\\/brandgioielli.it\\\/#website\"},\"primaryImageOfPage\":{\"@id\":\"https:\\\/\\\/brandgioielli.it\\\/prodotto\\\/bracciale-tennis-con-catena-freedom\\\/#primaryimage\"},\"image\":{\"@id\":\"https:\\\/\\\/brandgioielli.it\\\/prodotto\\\/bracciale-tennis-con-catena-freedom\\\/#primaryimage\"},\"thumbnailUrl\":\"https:\\\/\\\/brandgioielli.it\\\/wp-content\\\/uploads\\\/2025\\\/09\\\/bracciale-tennis-cristalli-e-catena-freedom.jpg\",\"datePublished\":\"2025-09-20T00:58:20+00:00\",\"dateModified\":\"2026-04-17T16:17:52+00:00\",\"description\":\"Il bracciale con catena Freedom Brand Gioielli \u00e8 un gioiello raffinato e moderno, pensato per chi ama un accessorio discreto ma di carattere. Realizzato in acciaio inossidabile ipoallergenico e testato per il nichel, unisce resistenza e comfort, garantendo lucentezza e durata nel tempo.\",\"breadcrumb\":{\"@id\":\"https:\\\/\\\/brandgioielli.it\\\/prodotto\\\/bracciale-tennis-con-catena-freedom\\\/#breadcrumb\"},\"inLanguage\":\"fr-FR\",\"potentialAction\":[{\"@type\":\"ReadAction\",\"target\":[\"https:\\\/\\\/brandgioielli.it\\\/prodotto\\\/bracciale-tennis-con-catena-freedom\\\/\"]}]},{\"@type\":\"ImageObject\",\"inLanguage\":\"fr-FR\",\"@id\":\"https:\\\/\\\/brandgioielli.it\\\/prodotto\\\/bracciale-tennis-con-catena-freedom\\\/#primaryimage\",\"url\":\"https:\\\/\\\/brandgioielli.it\\\/wp-content\\\/uploads\\\/2025\\\/09\\\/bracciale-tennis-cristalli-e-catena-freedom.jpg\",\"contentUrl\":\"https:\\\/\\\/brandgioielli.it\\\/wp-content\\\/uploads\\\/2025\\\/09\\\/bracciale-tennis-cristalli-e-catena-freedom.jpg\",\"width\":800,\"height\":800},{\"@type\":\"BreadcrumbList\",\"@id\":\"https:\\\/\\\/brandgioielli.it\\\/prodotto\\\/bracciale-tennis-con-catena-freedom\\\/#breadcrumb\",\"itemListElement\":[{\"@type\":\"ListItem\",\"position\":1,\"name\":\"Home\",\"item\":\"https:\\\/\\\/brandgioielli.it\\\/\"},{\"@type\":\"ListItem\",\"position\":2,\"name\":\"Shop\",\"item\":\"https:\\\/\\\/brandgioielli.it\\\/shop\\\/\"},{\"@type\":\"ListItem\",\"position\":3,\"name\":\"Bracciale Tennis con Catena Freedom\"}]},{\"@type\":\"WebSite\",\"@id\":\"https:\\\/\\\/brandgioielli.it\\\/#website\",\"url\":\"https:\\\/\\\/brandgioielli.it\\\/\",\"name\":\"#BrandGioielli\",\"description\":\"\",\"publisher\":{\"@id\":\"https:\\\/\\\/brandgioielli.it\\\/#organization\"},\"potentialAction\":[{\"@type\":\"SearchAction\",\"target\":{\"@type\":\"EntryPoint\",\"urlTemplate\":\"https:\\\/\\\/brandgioielli.it\\\/?s={search_term_string}\"},\"query-input\":{\"@type\":\"PropertyValueSpecification\",\"valueRequired\":true,\"valueName\":\"search_term_string\"}}],\"inLanguage\":\"fr-FR\"},{\"@type\":\"Organization\",\"@id\":\"https:\\\/\\\/brandgioielli.it\\\/#organization\",\"name\":\"Brand Gioielli\",\"url\":\"https:\\\/\\\/brandgioielli.it\\\/\",\"logo\":{\"@type\":\"ImageObject\",\"inLanguage\":\"fr-FR\",\"@id\":\"https:\\\/\\\/brandgioielli.it\\\/#\\\/schema\\\/logo\\\/image\\\/\",\"url\":\"https:\\\/\\\/brandgioielli.it\\\/wp-content\\\/uploads\\\/2025\\\/07\\\/LogoBrand.png\",\"contentUrl\":\"https:\\\/\\\/brandgioielli.it\\\/wp-content\\\/uploads\\\/2025\\\/07\\\/LogoBrand.png\",\"width\":600,\"height\":170,\"caption\":\"Brand Gioielli\"},\"image\":{\"@id\":\"https:\\\/\\\/brandgioielli.it\\\/#\\\/schema\\\/logo\\\/image\\\/\"}}]}<\/script>\n<!-- \/ Yoast SEO plugin. -->","yoast_head_json":{"title":"Bracciale Tennis con Catena Freedom - Brand Gioielli","description":"Il bracciale con catena Freedom Brand Gioielli \u00e8 un gioiello raffinato e moderno, pensato per chi ama un accessorio discreto ma di carattere. Realizzato in acciaio inossidabile ipoallergenico e testato per il nichel, unisce resistenza e comfort, garantendo lucentezza e durata nel tempo.","robots":{"index":"index","follow":"follow","max-snippet":"max-snippet:-1","max-image-preview":"max-image-preview:large","max-video-preview":"max-video-preview:-1"},"canonical":"https:\/\/brandgioielli.it\/fr\/produit\/bracciale-tennis-con-catena-freedom\/","og_locale":"fr_FR","og_type":"article","og_title":"Bracciale Tennis con Catena Freedom - Brand Gioielli","og_description":"Il bracciale con catena Freedom Brand Gioielli \u00e8 un gioiello raffinato e moderno, pensato per chi ama un accessorio discreto ma di carattere. Realizzato in acciaio inossidabile ipoallergenico e testato per il nichel, unisce resistenza e comfort, garantendo lucentezza e durata nel tempo.","og_url":"https:\/\/brandgioielli.it\/fr\/produit\/bracciale-tennis-con-catena-freedom\/","og_site_name":"#BrandGioielli","article_modified_time":"2026-04-17T16:17:52+00:00","og_image":[{"width":800,"height":800,"url":"https:\/\/brandgioielli.it\/wp-content\/uploads\/2025\/09\/bracciale-tennis-cristalli-e-catena-freedom.jpg","type":"image\/jpeg"}],"twitter_card":"summary_large_image","twitter_misc":{"Dur\u00e9e de lecture estim\u00e9e":"2 minutes"},"schema":{"@context":"https:\/\/schema.org","@graph":[{"@type":"WebPage","@id":"https:\/\/brandgioielli.it\/prodotto\/bracciale-tennis-con-catena-freedom\/","url":"https:\/\/brandgioielli.it\/prodotto\/bracciale-tennis-con-catena-freedom\/","name":"Bracciale Tennis con Catena Freedom - Brand Gioielli","isPartOf":{"@id":"https:\/\/brandgioielli.it\/#website"},"primaryImageOfPage":{"@id":"https:\/\/brandgioielli.it\/prodotto\/bracciale-tennis-con-catena-freedom\/#primaryimage"},"image":{"@id":"https:\/\/brandgioielli.it\/prodotto\/bracciale-tennis-con-catena-freedom\/#primaryimage"},"thumbnailUrl":"https:\/\/brandgioielli.it\/wp-content\/uploads\/2025\/09\/bracciale-tennis-cristalli-e-catena-freedom.jpg","datePublished":"2025-09-20T00:58:20+00:00","dateModified":"2026-04-17T16:17:52+00:00","description":"Il bracciale con catena Freedom Brand Gioielli \u00e8 un gioiello raffinato e moderno, pensato per chi ama un accessorio discreto ma di carattere. Realizzato in acciaio inossidabile ipoallergenico e testato per il nichel, unisce resistenza e comfort, garantendo lucentezza e durata nel tempo.","breadcrumb":{"@id":"https:\/\/brandgioielli.it\/prodotto\/bracciale-tennis-con-catena-freedom\/#breadcrumb"},"inLanguage":"fr-FR","potentialAction":[{"@type":"ReadAction","target":["https:\/\/brandgioielli.it\/prodotto\/bracciale-tennis-con-catena-freedom\/"]}]},{"@type":"ImageObject","inLanguage":"fr-FR","@id":"https:\/\/brandgioielli.it\/prodotto\/bracciale-tennis-con-catena-freedom\/#primaryimage","url":"https:\/\/brandgioielli.it\/wp-content\/uploads\/2025\/09\/bracciale-tennis-cristalli-e-catena-freedom.jpg","contentUrl":"https:\/\/brandgioielli.it\/wp-content\/uploads\/2025\/09\/bracciale-tennis-cristalli-e-catena-freedom.jpg","width":800,"height":800},{"@type":"BreadcrumbList","@id":"https:\/\/brandgioielli.it\/prodotto\/bracciale-tennis-con-catena-freedom\/#breadcrumb","itemListElement":[{"@type":"ListItem","position":1,"name":"Home","item":"https:\/\/brandgioielli.it\/"},{"@type":"ListItem","position":2,"name":"Shop","item":"https:\/\/brandgioielli.it\/shop\/"},{"@type":"ListItem","position":3,"name":"Bracciale Tennis con Catena Freedom"}]},{"@type":"WebSite","@id":"https:\/\/brandgioielli.it\/#website","url":"https:\/\/brandgioielli.it\/","name":"#BrandJewellery","description":"","publisher":{"@id":"https:\/\/brandgioielli.it\/#organization"},"potentialAction":[{"@type":"SearchAction","target":{"@type":"EntryPoint","urlTemplate":"https:\/\/brandgioielli.it\/?s={search_term_string}"},"query-input":{"@type":"PropertyValueSpecification","valueRequired":true,"valueName":"search_term_string"}}],"inLanguage":"fr-FR"},{"@type":"Organization","@id":"https:\/\/brandgioielli.it\/#organization","name":"Bijoux de marque","url":"https:\/\/brandgioielli.it\/","logo":{"@type":"ImageObject","inLanguage":"fr-FR","@id":"https:\/\/brandgioielli.it\/#\/schema\/logo\/image\/","url":"https:\/\/brandgioielli.it\/wp-content\/uploads\/2025\/07\/LogoBrand.png","contentUrl":"https:\/\/brandgioielli.it\/wp-content\/uploads\/2025\/07\/LogoBrand.png","width":600,"height":170,"caption":"Brand Gioielli"},"image":{"@id":"https:\/\/brandgioielli.it\/#\/schema\/logo\/image\/"}}]}},"_links":{"self":[{"href":"https:\/\/brandgioielli.it\/fr\/wp-json\/wp\/v2\/product\/4373","targetHints":{"allow":["GET"]}}],"collection":[{"href":"https:\/\/brandgioielli.it\/fr\/wp-json\/wp\/v2\/product"}],"about":[{"href":"https:\/\/brandgioielli.it\/fr\/wp-json\/wp\/v2\/types\/product"}],"version-history":[{"count":6,"href":"https:\/\/brandgioielli.it\/fr\/wp-json\/wp\/v2\/product\/4373\/revisions"}],"predecessor-version":[{"id":103914,"href":"https:\/\/brandgioielli.it\/fr\/wp-json\/wp\/v2\/product\/4373\/revisions\/103914"}],"wp:featuredmedia":[{"embeddable":true,"href":"https:\/\/brandgioielli.it\/fr\/wp-json\/wp\/v2\/media\/103920"}],"wp:attachment":[{"href":"https:\/\/brandgioielli.it\/fr\/wp-json\/wp\/v2\/media?parent=4373"}],"wp:term":[{"taxonomy":"product_brand","embeddable":true,"href":"https:\/\/brandgioielli.it\/fr\/wp-json\/wp\/v2\/product_brand?post=4373"},{"taxonomy":"product_cat","embeddable":true,"href":"https:\/\/brandgioielli.it\/fr\/wp-json\/wp\/v2\/product_cat?post=4373"},{"taxonomy":"product_tag","embeddable":true,"href":"https:\/\/brandgioielli.it\/fr\/wp-json\/wp\/v2\/product_tag?post=4373"}],"curies":[{"name":"wp","href":"https:\/\/api.w.org\/{rel}","templated":true}]}}