{"id":4364,"date":"2025-09-20T02:56:22","date_gmt":"2025-09-20T00:56:22","guid":{"rendered":"https:\/\/sandybrown-lark-277155.hostingersite.com\/prodotto\/bracciale-doppio-tennis-e-sfere\/"},"modified":"2026-04-20T08:17:48","modified_gmt":"2026-04-20T06:17:48","slug":"bracciale-doppio-con-tennis-e-catena-pallini","status":"publish","type":"product","link":"https:\/\/brandgioielli.it\/fr\/produit\/bracciale-doppio-con-tennis-e-catena-pallini\/","title":{"rendered":"Bracelet double avec cha\u00eene tennis et balle"},"content":{"rendered":"<h2 data-start=\"122\" data-end=\"653\">Bracelet double avec cha\u00eene tennis et balle<\/h2>\n<p>Le bracelet double de la marque Gioielli, compos\u00e9 d&#039;un bracelet tennis et d&#039;une cha\u00eene \u00e0 billes, se distingue par son design \u00e9l\u00e9gant et raffin\u00e9. Il associe harmonieusement une rang\u00e9e d\u00e9licate de cristaux lumineux \u00e0 une fine cha\u00eene \u00e0 billes en acier. Le contraste entre l&#039;\u00e9clat du bracelet tennis et la douceur de la cha\u00eene cr\u00e9e un \u00e9quilibre sophistiqu\u00e9 et contemporain, rendant ce bijou unique et facile \u00e0 porter. La puret\u00e9 des lignes et le souci du d\u00e9tail soulignent un style polyvalent et raffin\u00e9, id\u00e9al pour sublimer le poignet avec discr\u00e9tion et \u00e9l\u00e9gance, qu&#039;il soit port\u00e9 seul ou associ\u00e9 \u00e0 d&#039;autres bracelets pour un look plus personnel et sophistiqu\u00e9.<\/p>\n<ul>\n<li>Bracelet double avec cha\u00eene tennis et balle<\/li>\n<li>Longueur : 16 cm + 3 cm d&#039;extension, cha\u00eene en forme de c\u0153ur<\/li>\n<li>Taille du cristal : 2 mm<\/li>\n<li>Couleur du cristal : blanc<\/li>\n<li>Finition : acier<\/li>\n<li>Mat\u00e9riaux : Acier inoxydable, cristaux<\/li>\n<\/ul>\n<p><em>Tous les bijoux de la marque #Brand sont fabriqu\u00e9s \u00e0 partir de l'acier inoxydable chirurgical le plus pur du march\u00e9, test\u00e9 pour le nickel et con\u00e7u pour \u00eatre port\u00e9 tous les jours sans crainte de d\u00e9coloration ou de signes d'usure.<\/em><\/p>","protected":false},"excerpt":{"rendered":"<p>Bracciale Doppio con Tennis e Catena Pallini Il bracciale doppio con tennis e catena di pallini firmato #Brand Gioielli si distingue per il suo design elegante e ricercato, che unisce in modo armonioso una raffinata fila di cristalli luminosi a una delicata catena di pallini in acciaio. Il contrasto tra la brillantezza del tennis e [&hellip;]<\/p>\n","protected":false},"featured_media":103939,"template":"","meta":[],"product_brand":[],"product_cat":[459,20,567,19,507],"product_tag":[53],"class_list":{"0":"post-4364","1":"product","2":"type-product","3":"status-publish","4":"has-post-thumbnail","6":"product_cat-bracciali","7":"product_cat-bracciali-donna","8":"product_cat-brand-carpet","9":"product_cat-donna","10":"product_cat-sotto-i-30e","11":"product_tag-collezione-crystal","13":"first","14":"instock","15":"shipping-taxable","16":"purchasable","17":"product-type-simple"},"yoast_head":"<!-- This site is optimized with the Yoast SEO plugin v27.4 - https:\/\/yoast.com\/product\/yoast-seo-wordpress\/ -->\n<title>Bracciale Doppio con Tennis e Sfere - Brand Gioielli<\/title>\n<meta name=\"description\" content=\"Il bracciale doppio tennis con sfere firmato Brand Gioielli \u00e8 la scelta perfetta per chi ama un accessorio elegante e distintivo. Realizzato in acciaio inossidabile ipoallergenico, unisce durata, comfort e stile in un\u2019unica proposta dai dettagli ricercati.\" \/>\n<meta name=\"robots\" content=\"index, follow, max-snippet:-1, max-image-preview:large, max-video-preview:-1\" \/>\n<link rel=\"canonical\" href=\"https:\/\/brandgioielli.it\/fr\/produit\/bracciale-doppio-con-tennis-e-catena-pallini\/\" \/>\n<meta property=\"og:locale\" content=\"fr_FR\" \/>\n<meta property=\"og:type\" content=\"article\" \/>\n<meta property=\"og:title\" content=\"Bracciale Doppio con Tennis e Sfere - Brand Gioielli\" \/>\n<meta property=\"og:description\" content=\"Il bracciale doppio tennis con sfere firmato Brand Gioielli \u00e8 la scelta perfetta per chi ama un accessorio elegante e distintivo. Realizzato in acciaio inossidabile ipoallergenico, unisce durata, comfort e stile in un\u2019unica proposta dai dettagli ricercati.\" \/>\n<meta property=\"og:url\" content=\"https:\/\/brandgioielli.it\/fr\/produit\/bracciale-doppio-con-tennis-e-catena-pallini\/\" \/>\n<meta property=\"og:site_name\" content=\"#BrandGioielli\" \/>\n<meta property=\"article:modified_time\" content=\"2026-04-20T06:17:48+00:00\" \/>\n<meta property=\"og:image\" content=\"https:\/\/brandgioielli.it\/wp-content\/uploads\/2025\/09\/bracciale-doppio-tennis-con-cristalli-e-pallini.jpg\" \/>\n\t<meta property=\"og:image:width\" content=\"800\" \/>\n\t<meta property=\"og:image:height\" content=\"800\" \/>\n\t<meta property=\"og:image:type\" content=\"image\/jpeg\" \/>\n<meta name=\"twitter:card\" content=\"summary_large_image\" \/>\n<meta name=\"twitter:label1\" content=\"Dur\u00e9e de lecture estim\u00e9e\" \/>\n\t<meta name=\"twitter:data1\" content=\"2 minutes\" \/>\n<script type=\"application\/ld+json\" class=\"yoast-schema-graph\">{\"@context\":\"https:\\\/\\\/schema.org\",\"@graph\":[{\"@type\":\"WebPage\",\"@id\":\"https:\\\/\\\/brandgioielli.it\\\/prodotto\\\/bracciale-doppio-con-tennis-e-catena-pallini\\\/\",\"url\":\"https:\\\/\\\/brandgioielli.it\\\/prodotto\\\/bracciale-doppio-con-tennis-e-catena-pallini\\\/\",\"name\":\"Bracciale Doppio con Tennis e Sfere - Brand Gioielli\",\"isPartOf\":{\"@id\":\"https:\\\/\\\/brandgioielli.it\\\/#website\"},\"primaryImageOfPage\":{\"@id\":\"https:\\\/\\\/brandgioielli.it\\\/prodotto\\\/bracciale-doppio-con-tennis-e-catena-pallini\\\/#primaryimage\"},\"image\":{\"@id\":\"https:\\\/\\\/brandgioielli.it\\\/prodotto\\\/bracciale-doppio-con-tennis-e-catena-pallini\\\/#primaryimage\"},\"thumbnailUrl\":\"https:\\\/\\\/brandgioielli.it\\\/wp-content\\\/uploads\\\/2025\\\/09\\\/bracciale-doppio-tennis-con-cristalli-e-pallini.jpg\",\"datePublished\":\"2025-09-20T00:56:22+00:00\",\"dateModified\":\"2026-04-20T06:17:48+00:00\",\"description\":\"Il bracciale doppio tennis con sfere firmato Brand Gioielli \u00e8 la scelta perfetta per chi ama un accessorio elegante e distintivo. Realizzato in acciaio inossidabile ipoallergenico, unisce durata, comfort e stile in un\u2019unica proposta dai dettagli ricercati.\",\"breadcrumb\":{\"@id\":\"https:\\\/\\\/brandgioielli.it\\\/prodotto\\\/bracciale-doppio-con-tennis-e-catena-pallini\\\/#breadcrumb\"},\"inLanguage\":\"fr-FR\",\"potentialAction\":[{\"@type\":\"ReadAction\",\"target\":[\"https:\\\/\\\/brandgioielli.it\\\/prodotto\\\/bracciale-doppio-con-tennis-e-catena-pallini\\\/\"]}]},{\"@type\":\"ImageObject\",\"inLanguage\":\"fr-FR\",\"@id\":\"https:\\\/\\\/brandgioielli.it\\\/prodotto\\\/bracciale-doppio-con-tennis-e-catena-pallini\\\/#primaryimage\",\"url\":\"https:\\\/\\\/brandgioielli.it\\\/wp-content\\\/uploads\\\/2025\\\/09\\\/bracciale-doppio-tennis-con-cristalli-e-pallini.jpg\",\"contentUrl\":\"https:\\\/\\\/brandgioielli.it\\\/wp-content\\\/uploads\\\/2025\\\/09\\\/bracciale-doppio-tennis-con-cristalli-e-pallini.jpg\",\"width\":800,\"height\":800},{\"@type\":\"BreadcrumbList\",\"@id\":\"https:\\\/\\\/brandgioielli.it\\\/prodotto\\\/bracciale-doppio-con-tennis-e-catena-pallini\\\/#breadcrumb\",\"itemListElement\":[{\"@type\":\"ListItem\",\"position\":1,\"name\":\"Home\",\"item\":\"https:\\\/\\\/brandgioielli.it\\\/\"},{\"@type\":\"ListItem\",\"position\":2,\"name\":\"Shop\",\"item\":\"https:\\\/\\\/brandgioielli.it\\\/shop\\\/\"},{\"@type\":\"ListItem\",\"position\":3,\"name\":\"Bracciale Doppio con Tennis e Catena Pallini\"}]},{\"@type\":\"WebSite\",\"@id\":\"https:\\\/\\\/brandgioielli.it\\\/#website\",\"url\":\"https:\\\/\\\/brandgioielli.it\\\/\",\"name\":\"#BrandGioielli\",\"description\":\"\",\"publisher\":{\"@id\":\"https:\\\/\\\/brandgioielli.it\\\/#organization\"},\"potentialAction\":[{\"@type\":\"SearchAction\",\"target\":{\"@type\":\"EntryPoint\",\"urlTemplate\":\"https:\\\/\\\/brandgioielli.it\\\/?s={search_term_string}\"},\"query-input\":{\"@type\":\"PropertyValueSpecification\",\"valueRequired\":true,\"valueName\":\"search_term_string\"}}],\"inLanguage\":\"fr-FR\"},{\"@type\":\"Organization\",\"@id\":\"https:\\\/\\\/brandgioielli.it\\\/#organization\",\"name\":\"Brand Gioielli\",\"url\":\"https:\\\/\\\/brandgioielli.it\\\/\",\"logo\":{\"@type\":\"ImageObject\",\"inLanguage\":\"fr-FR\",\"@id\":\"https:\\\/\\\/brandgioielli.it\\\/#\\\/schema\\\/logo\\\/image\\\/\",\"url\":\"https:\\\/\\\/brandgioielli.it\\\/wp-content\\\/uploads\\\/2025\\\/07\\\/LogoBrand.png\",\"contentUrl\":\"https:\\\/\\\/brandgioielli.it\\\/wp-content\\\/uploads\\\/2025\\\/07\\\/LogoBrand.png\",\"width\":600,\"height\":170,\"caption\":\"Brand Gioielli\"},\"image\":{\"@id\":\"https:\\\/\\\/brandgioielli.it\\\/#\\\/schema\\\/logo\\\/image\\\/\"}}]}<\/script>\n<!-- \/ Yoast SEO plugin. -->","yoast_head_json":{"title":"Bracelet double avec pendentif tennis et sph\u00e8res - Marque Gioielli","description":"Le bracelet tennis double \u00e0 sph\u00e8res de la marque Gioielli est le choix id\u00e9al pour celles et ceux qui appr\u00e9cient un accessoire \u00e9l\u00e9gant et original. Confectionn\u00e9 en acier inoxydable hypoallerg\u00e9nique, il allie durabilit\u00e9, confort et style dans une pi\u00e8ce aux finitions raffin\u00e9es.","robots":{"index":"index","follow":"follow","max-snippet":"max-snippet:-1","max-image-preview":"max-image-preview:large","max-video-preview":"max-video-preview:-1"},"canonical":"https:\/\/brandgioielli.it\/fr\/produit\/bracciale-doppio-con-tennis-e-catena-pallini\/","og_locale":"fr_FR","og_type":"article","og_title":"Bracciale Doppio con Tennis e Sfere - Brand Gioielli","og_description":"Il bracciale doppio tennis con sfere firmato Brand Gioielli \u00e8 la scelta perfetta per chi ama un accessorio elegante e distintivo. Realizzato in acciaio inossidabile ipoallergenico, unisce durata, comfort e stile in un\u2019unica proposta dai dettagli ricercati.","og_url":"https:\/\/brandgioielli.it\/fr\/produit\/bracciale-doppio-con-tennis-e-catena-pallini\/","og_site_name":"#BrandGioielli","article_modified_time":"2026-04-20T06:17:48+00:00","og_image":[{"width":800,"height":800,"url":"https:\/\/brandgioielli.it\/wp-content\/uploads\/2025\/09\/bracciale-doppio-tennis-con-cristalli-e-pallini.jpg","type":"image\/jpeg"}],"twitter_card":"summary_large_image","twitter_misc":{"Dur\u00e9e de lecture estim\u00e9e":"2 minutes"},"schema":{"@context":"https:\/\/schema.org","@graph":[{"@type":"WebPage","@id":"https:\/\/brandgioielli.it\/prodotto\/bracciale-doppio-con-tennis-e-catena-pallini\/","url":"https:\/\/brandgioielli.it\/prodotto\/bracciale-doppio-con-tennis-e-catena-pallini\/","name":"Bracelet double avec pendentif tennis et sph\u00e8res - Marque Gioielli","isPartOf":{"@id":"https:\/\/brandgioielli.it\/#website"},"primaryImageOfPage":{"@id":"https:\/\/brandgioielli.it\/prodotto\/bracciale-doppio-con-tennis-e-catena-pallini\/#primaryimage"},"image":{"@id":"https:\/\/brandgioielli.it\/prodotto\/bracciale-doppio-con-tennis-e-catena-pallini\/#primaryimage"},"thumbnailUrl":"https:\/\/brandgioielli.it\/wp-content\/uploads\/2025\/09\/bracciale-doppio-tennis-con-cristalli-e-pallini.jpg","datePublished":"2025-09-20T00:56:22+00:00","dateModified":"2026-04-20T06:17:48+00:00","description":"Le bracelet tennis double \u00e0 sph\u00e8res de la marque Gioielli est le choix id\u00e9al pour celles et ceux qui appr\u00e9cient un accessoire \u00e9l\u00e9gant et original. Confectionn\u00e9 en acier inoxydable hypoallerg\u00e9nique, il allie durabilit\u00e9, confort et style dans une pi\u00e8ce aux finitions raffin\u00e9es.","breadcrumb":{"@id":"https:\/\/brandgioielli.it\/prodotto\/bracciale-doppio-con-tennis-e-catena-pallini\/#breadcrumb"},"inLanguage":"fr-FR","potentialAction":[{"@type":"ReadAction","target":["https:\/\/brandgioielli.it\/prodotto\/bracciale-doppio-con-tennis-e-catena-pallini\/"]}]},{"@type":"ImageObject","inLanguage":"fr-FR","@id":"https:\/\/brandgioielli.it\/prodotto\/bracciale-doppio-con-tennis-e-catena-pallini\/#primaryimage","url":"https:\/\/brandgioielli.it\/wp-content\/uploads\/2025\/09\/bracciale-doppio-tennis-con-cristalli-e-pallini.jpg","contentUrl":"https:\/\/brandgioielli.it\/wp-content\/uploads\/2025\/09\/bracciale-doppio-tennis-con-cristalli-e-pallini.jpg","width":800,"height":800},{"@type":"BreadcrumbList","@id":"https:\/\/brandgioielli.it\/prodotto\/bracciale-doppio-con-tennis-e-catena-pallini\/#breadcrumb","itemListElement":[{"@type":"ListItem","position":1,"name":"Home","item":"https:\/\/brandgioielli.it\/"},{"@type":"ListItem","position":2,"name":"Shop","item":"https:\/\/brandgioielli.it\/shop\/"},{"@type":"ListItem","position":3,"name":"Bracciale Doppio con Tennis e Catena Pallini"}]},{"@type":"WebSite","@id":"https:\/\/brandgioielli.it\/#website","url":"https:\/\/brandgioielli.it\/","name":"#BrandJewellery","description":"","publisher":{"@id":"https:\/\/brandgioielli.it\/#organization"},"potentialAction":[{"@type":"SearchAction","target":{"@type":"EntryPoint","urlTemplate":"https:\/\/brandgioielli.it\/?s={search_term_string}"},"query-input":{"@type":"PropertyValueSpecification","valueRequired":true,"valueName":"search_term_string"}}],"inLanguage":"fr-FR"},{"@type":"Organization","@id":"https:\/\/brandgioielli.it\/#organization","name":"Bijoux de marque","url":"https:\/\/brandgioielli.it\/","logo":{"@type":"ImageObject","inLanguage":"fr-FR","@id":"https:\/\/brandgioielli.it\/#\/schema\/logo\/image\/","url":"https:\/\/brandgioielli.it\/wp-content\/uploads\/2025\/07\/LogoBrand.png","contentUrl":"https:\/\/brandgioielli.it\/wp-content\/uploads\/2025\/07\/LogoBrand.png","width":600,"height":170,"caption":"Brand Gioielli"},"image":{"@id":"https:\/\/brandgioielli.it\/#\/schema\/logo\/image\/"}}]}},"_links":{"self":[{"href":"https:\/\/brandgioielli.it\/fr\/wp-json\/wp\/v2\/product\/4364","targetHints":{"allow":["GET"]}}],"collection":[{"href":"https:\/\/brandgioielli.it\/fr\/wp-json\/wp\/v2\/product"}],"about":[{"href":"https:\/\/brandgioielli.it\/fr\/wp-json\/wp\/v2\/types\/product"}],"version-history":[{"count":8,"href":"https:\/\/brandgioielli.it\/fr\/wp-json\/wp\/v2\/product\/4364\/revisions"}],"predecessor-version":[{"id":103941,"href":"https:\/\/brandgioielli.it\/fr\/wp-json\/wp\/v2\/product\/4364\/revisions\/103941"}],"wp:featuredmedia":[{"embeddable":true,"href":"https:\/\/brandgioielli.it\/fr\/wp-json\/wp\/v2\/media\/103939"}],"wp:attachment":[{"href":"https:\/\/brandgioielli.it\/fr\/wp-json\/wp\/v2\/media?parent=4364"}],"wp:term":[{"taxonomy":"product_brand","embeddable":true,"href":"https:\/\/brandgioielli.it\/fr\/wp-json\/wp\/v2\/product_brand?post=4364"},{"taxonomy":"product_cat","embeddable":true,"href":"https:\/\/brandgioielli.it\/fr\/wp-json\/wp\/v2\/product_cat?post=4364"},{"taxonomy":"product_tag","embeddable":true,"href":"https:\/\/brandgioielli.it\/fr\/wp-json\/wp\/v2\/product_tag?post=4364"}],"curies":[{"name":"wp","href":"https:\/\/api.w.org\/{rel}","templated":true}]}}