{"id":3695,"date":"2025-09-20T00:56:19","date_gmt":"2025-09-19T22:56:19","guid":{"rendered":"https:\/\/sandybrown-lark-277155.hostingersite.com\/prodotto\/collana-pallini-sfaccettati-405cm\/"},"modified":"2026-04-20T18:17:16","modified_gmt":"2026-04-20T16:17:16","slug":"collana-pallini-sfaccettati","status":"publish","type":"product","link":"https:\/\/brandgioielli.it\/fr\/produit\/collana-pallini-sfaccettati\/","title":{"rendered":"Collier \u00e0 boules facett\u00e9es"},"content":{"rendered":"<h2><strong>Collier \u00e0 boules facett\u00e9es<\/strong><\/h2>\n<p>Le collier \u00e0 perles facett\u00e9es de #Brand Gioielli se distingue par son design simple et lumineux. Une succession r\u00e9guli\u00e8re de petites perles facett\u00e9es refl\u00e8te la lumi\u00e8re avec une \u00e9l\u00e9gance discr\u00e8te. La fabrication soign\u00e9e apporte mouvement et \u00e9clat \u00e0 la ligne, cr\u00e9ant un \u00e9quilibre parfait entre simplicit\u00e9 et raffinement. Ses proportions harmonieuses et ses lignes \u00e9pur\u00e9es lui conf\u00e8rent un style moderne et polyvalent. Portez-le seul pour un look minimaliste ou agr\u00e9mentez-le de pendentifs et de charms pour une personnalisation \u00e9l\u00e9gante et contemporaine.<\/p>\n<p><strong>SP\u00c9CIFICATIONS TECHNIQUES<\/strong><\/p>\n<ul>\n<li>Collier \u00e0 boules facett\u00e9es<\/li>\n<li>Longueur : 40 cm + 5 cm de rallonge<\/li>\n<li>Diam\u00e8tre de la bille : 3 mm<\/li>\n<li>Finition : acier<\/li>\n<li>Mat\u00e9riau : acier inoxydable<\/li>\n<\/ul>\n<p><em>Tous les bijoux de la marque #Brand sont fabriqu\u00e9s \u00e0 partir de l'acier inoxydable chirurgical le plus pur du march\u00e9, test\u00e9 pour le nickel et con\u00e7u pour \u00eatre port\u00e9 tous les jours sans crainte de d\u00e9coloration ou de signes d'usure.<\/em><\/p>","protected":false},"excerpt":{"rendered":"<p>Collana Pallini Sfaccettati La collana pallini sfaccettati firmato #Brand Gioielli si distingue per il suo design essenziale e luminoso, caratterizzato da una sequenza regolare di piccoli elementi sfaccettati che riflettono la luce con discreta eleganza. La lavorazione curata dona movimento e brillantezza alla linea, creando un equilibrio perfetto tra semplicit\u00e0 e raffinatezza. Le proporzioni armoniose [&hellip;]<\/p>\n","protected":false},"featured_media":102496,"template":"","meta":[],"product_brand":[],"product_cat":[458,23,19,505],"product_tag":[29,64,541],"class_list":{"0":"post-3695","1":"product","2":"type-product","3":"status-publish","4":"has-post-thumbnail","6":"product_cat-collane","7":"product_cat-collane-donna","8":"product_cat-donna","9":"product_cat-sotto-i-10e","10":"product_tag-collezione-basi","11":"product_tag-collezione-letterine","12":"product_tag-componibili","14":"first","15":"instock","16":"shipping-taxable","17":"purchasable","18":"product-type-simple"},"yoast_head":"<!-- This site is optimized with the Yoast SEO plugin v27.4 - https:\/\/yoast.com\/product\/yoast-seo-wordpress\/ -->\n<title>Collana Pallini Sfaccettati - #BrandGioielli<\/title>\n<meta name=\"description\" content=\"Acquista ora su Brand Gioielli: Collana Pallini Sfaccettati\" \/>\n<meta name=\"robots\" content=\"index, follow, max-snippet:-1, max-image-preview:large, max-video-preview:-1\" \/>\n<link rel=\"canonical\" href=\"https:\/\/brandgioielli.it\/fr\/produit\/collana-pallini-sfaccettati\/\" \/>\n<meta property=\"og:locale\" content=\"fr_FR\" \/>\n<meta property=\"og:type\" content=\"article\" \/>\n<meta property=\"og:title\" content=\"Collana Pallini Sfaccettati - #BrandGioielli\" \/>\n<meta property=\"og:description\" content=\"Acquista ora su Brand Gioielli: Collana Pallini Sfaccettati\" \/>\n<meta property=\"og:url\" content=\"https:\/\/brandgioielli.it\/fr\/produit\/collana-pallini-sfaccettati\/\" \/>\n<meta property=\"og:site_name\" content=\"#BrandGioielli\" \/>\n<meta property=\"article:modified_time\" content=\"2026-04-20T16:17:16+00:00\" \/>\n<meta property=\"og:image\" content=\"http:\/\/brandgioielli.it\/wp-content\/uploads\/2025\/09\/catena-pallini-sfaccettati.jpg\" \/>\n\t<meta property=\"og:image:width\" content=\"800\" \/>\n\t<meta property=\"og:image:height\" content=\"800\" \/>\n\t<meta property=\"og:image:type\" content=\"image\/jpeg\" \/>\n<meta name=\"twitter:card\" content=\"summary_large_image\" \/>\n<meta name=\"twitter:label1\" content=\"Dur\u00e9e de lecture estim\u00e9e\" \/>\n\t<meta name=\"twitter:data1\" content=\"1 minute\" \/>\n<script type=\"application\/ld+json\" class=\"yoast-schema-graph\">{\"@context\":\"https:\\\/\\\/schema.org\",\"@graph\":[{\"@type\":\"WebPage\",\"@id\":\"https:\\\/\\\/brandgioielli.it\\\/prodotto\\\/collana-pallini-sfaccettati\\\/\",\"url\":\"https:\\\/\\\/brandgioielli.it\\\/prodotto\\\/collana-pallini-sfaccettati\\\/\",\"name\":\"Collana Pallini Sfaccettati - #BrandGioielli\",\"isPartOf\":{\"@id\":\"https:\\\/\\\/brandgioielli.it\\\/#website\"},\"primaryImageOfPage\":{\"@id\":\"https:\\\/\\\/brandgioielli.it\\\/prodotto\\\/collana-pallini-sfaccettati\\\/#primaryimage\"},\"image\":{\"@id\":\"https:\\\/\\\/brandgioielli.it\\\/prodotto\\\/collana-pallini-sfaccettati\\\/#primaryimage\"},\"thumbnailUrl\":\"https:\\\/\\\/brandgioielli.it\\\/wp-content\\\/uploads\\\/2025\\\/09\\\/catena-pallini-sfaccettati.jpg\",\"datePublished\":\"2025-09-19T22:56:19+00:00\",\"dateModified\":\"2026-04-20T16:17:16+00:00\",\"description\":\"Acquista ora su Brand Gioielli: Collana Pallini Sfaccettati\",\"breadcrumb\":{\"@id\":\"https:\\\/\\\/brandgioielli.it\\\/prodotto\\\/collana-pallini-sfaccettati\\\/#breadcrumb\"},\"inLanguage\":\"fr-FR\",\"potentialAction\":[{\"@type\":\"ReadAction\",\"target\":[\"https:\\\/\\\/brandgioielli.it\\\/prodotto\\\/collana-pallini-sfaccettati\\\/\"]}]},{\"@type\":\"ImageObject\",\"inLanguage\":\"fr-FR\",\"@id\":\"https:\\\/\\\/brandgioielli.it\\\/prodotto\\\/collana-pallini-sfaccettati\\\/#primaryimage\",\"url\":\"https:\\\/\\\/brandgioielli.it\\\/wp-content\\\/uploads\\\/2025\\\/09\\\/catena-pallini-sfaccettati.jpg\",\"contentUrl\":\"https:\\\/\\\/brandgioielli.it\\\/wp-content\\\/uploads\\\/2025\\\/09\\\/catena-pallini-sfaccettati.jpg\",\"width\":800,\"height\":800},{\"@type\":\"BreadcrumbList\",\"@id\":\"https:\\\/\\\/brandgioielli.it\\\/prodotto\\\/collana-pallini-sfaccettati\\\/#breadcrumb\",\"itemListElement\":[{\"@type\":\"ListItem\",\"position\":1,\"name\":\"Home\",\"item\":\"https:\\\/\\\/brandgioielli.it\\\/\"},{\"@type\":\"ListItem\",\"position\":2,\"name\":\"Shop\",\"item\":\"https:\\\/\\\/brandgioielli.it\\\/shop\\\/\"},{\"@type\":\"ListItem\",\"position\":3,\"name\":\"Collana Pallini Sfaccettati\"}]},{\"@type\":\"WebSite\",\"@id\":\"https:\\\/\\\/brandgioielli.it\\\/#website\",\"url\":\"https:\\\/\\\/brandgioielli.it\\\/\",\"name\":\"#BrandGioielli\",\"description\":\"\",\"publisher\":{\"@id\":\"https:\\\/\\\/brandgioielli.it\\\/#organization\"},\"potentialAction\":[{\"@type\":\"SearchAction\",\"target\":{\"@type\":\"EntryPoint\",\"urlTemplate\":\"https:\\\/\\\/brandgioielli.it\\\/?s={search_term_string}\"},\"query-input\":{\"@type\":\"PropertyValueSpecification\",\"valueRequired\":true,\"valueName\":\"search_term_string\"}}],\"inLanguage\":\"fr-FR\"},{\"@type\":\"Organization\",\"@id\":\"https:\\\/\\\/brandgioielli.it\\\/#organization\",\"name\":\"Brand Gioielli\",\"url\":\"https:\\\/\\\/brandgioielli.it\\\/\",\"logo\":{\"@type\":\"ImageObject\",\"inLanguage\":\"fr-FR\",\"@id\":\"https:\\\/\\\/brandgioielli.it\\\/#\\\/schema\\\/logo\\\/image\\\/\",\"url\":\"https:\\\/\\\/brandgioielli.it\\\/wp-content\\\/uploads\\\/2025\\\/07\\\/LogoBrand.png\",\"contentUrl\":\"https:\\\/\\\/brandgioielli.it\\\/wp-content\\\/uploads\\\/2025\\\/07\\\/LogoBrand.png\",\"width\":600,\"height\":170,\"caption\":\"Brand Gioielli\"},\"image\":{\"@id\":\"https:\\\/\\\/brandgioielli.it\\\/#\\\/schema\\\/logo\\\/image\\\/\"}}]}<\/script>\n<!-- \/ Yoast SEO plugin. -->","yoast_head_json":{"title":"Collana Pallini Sfaccettati - #BrandGioielli","description":"Acquista ora su Brand Gioielli: Collana Pallini Sfaccettati","robots":{"index":"index","follow":"follow","max-snippet":"max-snippet:-1","max-image-preview":"max-image-preview:large","max-video-preview":"max-video-preview:-1"},"canonical":"https:\/\/brandgioielli.it\/fr\/produit\/collana-pallini-sfaccettati\/","og_locale":"fr_FR","og_type":"article","og_title":"Collana Pallini Sfaccettati - #BrandGioielli","og_description":"Acquista ora su Brand Gioielli: Collana Pallini Sfaccettati","og_url":"https:\/\/brandgioielli.it\/fr\/produit\/collana-pallini-sfaccettati\/","og_site_name":"#BrandGioielli","article_modified_time":"2026-04-20T16:17:16+00:00","og_image":[{"width":800,"height":800,"url":"http:\/\/brandgioielli.it\/wp-content\/uploads\/2025\/09\/catena-pallini-sfaccettati.jpg","type":"image\/jpeg"}],"twitter_card":"summary_large_image","twitter_misc":{"Dur\u00e9e de lecture estim\u00e9e":"1 minute"},"schema":{"@context":"https:\/\/schema.org","@graph":[{"@type":"WebPage","@id":"https:\/\/brandgioielli.it\/prodotto\/collana-pallini-sfaccettati\/","url":"https:\/\/brandgioielli.it\/prodotto\/collana-pallini-sfaccettati\/","name":"Collana Pallini Sfaccettati - #BrandGioielli","isPartOf":{"@id":"https:\/\/brandgioielli.it\/#website"},"primaryImageOfPage":{"@id":"https:\/\/brandgioielli.it\/prodotto\/collana-pallini-sfaccettati\/#primaryimage"},"image":{"@id":"https:\/\/brandgioielli.it\/prodotto\/collana-pallini-sfaccettati\/#primaryimage"},"thumbnailUrl":"https:\/\/brandgioielli.it\/wp-content\/uploads\/2025\/09\/catena-pallini-sfaccettati.jpg","datePublished":"2025-09-19T22:56:19+00:00","dateModified":"2026-04-20T16:17:16+00:00","description":"Acquista ora su Brand Gioielli: Collana Pallini Sfaccettati","breadcrumb":{"@id":"https:\/\/brandgioielli.it\/prodotto\/collana-pallini-sfaccettati\/#breadcrumb"},"inLanguage":"fr-FR","potentialAction":[{"@type":"ReadAction","target":["https:\/\/brandgioielli.it\/prodotto\/collana-pallini-sfaccettati\/"]}]},{"@type":"ImageObject","inLanguage":"fr-FR","@id":"https:\/\/brandgioielli.it\/prodotto\/collana-pallini-sfaccettati\/#primaryimage","url":"https:\/\/brandgioielli.it\/wp-content\/uploads\/2025\/09\/catena-pallini-sfaccettati.jpg","contentUrl":"https:\/\/brandgioielli.it\/wp-content\/uploads\/2025\/09\/catena-pallini-sfaccettati.jpg","width":800,"height":800},{"@type":"BreadcrumbList","@id":"https:\/\/brandgioielli.it\/prodotto\/collana-pallini-sfaccettati\/#breadcrumb","itemListElement":[{"@type":"ListItem","position":1,"name":"Home","item":"https:\/\/brandgioielli.it\/"},{"@type":"ListItem","position":2,"name":"Shop","item":"https:\/\/brandgioielli.it\/shop\/"},{"@type":"ListItem","position":3,"name":"Collana Pallini Sfaccettati"}]},{"@type":"WebSite","@id":"https:\/\/brandgioielli.it\/#website","url":"https:\/\/brandgioielli.it\/","name":"#BrandJewellery","description":"","publisher":{"@id":"https:\/\/brandgioielli.it\/#organization"},"potentialAction":[{"@type":"SearchAction","target":{"@type":"EntryPoint","urlTemplate":"https:\/\/brandgioielli.it\/?s={search_term_string}"},"query-input":{"@type":"PropertyValueSpecification","valueRequired":true,"valueName":"search_term_string"}}],"inLanguage":"fr-FR"},{"@type":"Organization","@id":"https:\/\/brandgioielli.it\/#organization","name":"Bijoux de marque","url":"https:\/\/brandgioielli.it\/","logo":{"@type":"ImageObject","inLanguage":"fr-FR","@id":"https:\/\/brandgioielli.it\/#\/schema\/logo\/image\/","url":"https:\/\/brandgioielli.it\/wp-content\/uploads\/2025\/07\/LogoBrand.png","contentUrl":"https:\/\/brandgioielli.it\/wp-content\/uploads\/2025\/07\/LogoBrand.png","width":600,"height":170,"caption":"Brand Gioielli"},"image":{"@id":"https:\/\/brandgioielli.it\/#\/schema\/logo\/image\/"}}]}},"_links":{"self":[{"href":"https:\/\/brandgioielli.it\/fr\/wp-json\/wp\/v2\/product\/3695","targetHints":{"allow":["GET"]}}],"collection":[{"href":"https:\/\/brandgioielli.it\/fr\/wp-json\/wp\/v2\/product"}],"about":[{"href":"https:\/\/brandgioielli.it\/fr\/wp-json\/wp\/v2\/types\/product"}],"version-history":[{"count":5,"href":"https:\/\/brandgioielli.it\/fr\/wp-json\/wp\/v2\/product\/3695\/revisions"}],"predecessor-version":[{"id":102501,"href":"https:\/\/brandgioielli.it\/fr\/wp-json\/wp\/v2\/product\/3695\/revisions\/102501"}],"wp:featuredmedia":[{"embeddable":true,"href":"https:\/\/brandgioielli.it\/fr\/wp-json\/wp\/v2\/media\/102496"}],"wp:attachment":[{"href":"https:\/\/brandgioielli.it\/fr\/wp-json\/wp\/v2\/media?parent=3695"}],"wp:term":[{"taxonomy":"product_brand","embeddable":true,"href":"https:\/\/brandgioielli.it\/fr\/wp-json\/wp\/v2\/product_brand?post=3695"},{"taxonomy":"product_cat","embeddable":true,"href":"https:\/\/brandgioielli.it\/fr\/wp-json\/wp\/v2\/product_cat?post=3695"},{"taxonomy":"product_tag","embeddable":true,"href":"https:\/\/brandgioielli.it\/fr\/wp-json\/wp\/v2\/product_tag?post=3695"}],"curies":[{"name":"wp","href":"https:\/\/api.w.org\/{rel}","templated":true}]}}