{"id":35503,"date":"2025-10-03T08:49:10","date_gmt":"2025-10-03T06:49:10","guid":{"rendered":"https:\/\/sandybrown-lark-277155.hostingersite.com\/prodotto\/bracciale-tennis-cuore-bianco-2-2\/"},"modified":"2026-04-17T18:17:54","modified_gmt":"2026-04-17T16:17:54","slug":"bracciale-tennis-cuore-bianco-2-2","status":"publish","type":"product","link":"https:\/\/brandgioielli.it\/fr\/produit\/bracciale-tennis-cuore-bianco-2-2\/","title":{"rendered":"Bracelet de tennis avec c\u0153ur en cristal"},"content":{"rendered":"<h2><strong>Bracelet de tennis avec c\u0153ur en cristal<\/strong><\/h2>\n<p>Le Bracelet de Tennis avec Coeur en Cristal sign\u00e9 #Brand Jewellery est le <strong data-start=\"312\" data-end=\"353\">un cadeau id\u00e9al pour c\u00e9l\u00e9brer l'amour<\/strong>, une id\u00e9e romantique \u00e0 offrir lors d'occasions sp\u00e9ciales telles que\u00a0<strong data-start=\"414\" data-end=\"431\">Saint-Valentin<\/strong>, anniversaire. Fabriqu\u00e9 en acier inoxydable et orn\u00e9 d'un cristal en forme de c\u0153ur, il allie un design \u00e9l\u00e9gant \u00e0 une signification symbolique. Disponible en <strong data-start=\"621\" data-end=\"647\">acier ou finition dor\u00e9e<\/strong>\u00a0et en\u00a0<strong data-start=\"653\" data-end=\"670\">cinq couleurs<\/strong>, Cet accessoire romantique est con\u00e7u pour s'adapter \u00e0 tous les styles et pour \u00eatre port\u00e9 tous les jours comme un symbole d'affection, de passion ou de connexion profonde.<\/p>\n<p><strong>SP\u00c9CIFICATIONS TECHNIQUES<\/strong><\/p>\n<ul>\n<li>Bracelet de tennis avec c\u0153ur en cristal<\/li>\n<li>Longueur : 16 cm + 3 cm de rallonge<\/li>\n<li>Tennis avec cristaux blancs de 2 mm<\/li>\n<li>Taille du cristal : 6 mm<\/li>\n<li>Couleurs du cristal : blanc, rose, rouge, vert, bleu<\/li>\n<li>Finition : Acier ou PVD or<\/li>\n<li>Mat\u00e9riaux : Acier inoxydable, cristaux<\/li>\n<\/ul>\n<p><em>Tous les bijoux de la marque #Brand sont fabriqu\u00e9s \u00e0 partir de l'acier inoxydable chirurgical le plus pur du march\u00e9, test\u00e9 pour le nickel et con\u00e7u pour \u00eatre port\u00e9 tous les jours sans crainte de d\u00e9coloration ou de signes d'usure.\u00a0<\/em><\/p>","protected":false},"excerpt":{"rendered":"<p>Bracciale Tennis con Cristallo a Cuore Il Bracciale Tennis con Cristallo a Cuore firmato #Brand Gioielli \u00e8 il regalo perfetto per celebrare l\u2019amore, un pensiero romantico da donare in occasioni speciali come\u00a0San Valentino, un anniversario o un compleanno. Realizzato in acciaio inossidabile e impreziosito da un cristallo a forma di cuore, unisce design elegante e [&hellip;]<\/p>\n","protected":false},"featured_media":98280,"template":"","meta":[],"product_brand":[],"product_cat":[459,20,567,476,19,506,611],"product_tag":[93],"class_list":{"0":"post-35503","1":"product","2":"type-product","3":"status-publish","4":"has-post-thumbnail","6":"product_cat-bracciali","7":"product_cat-bracciali-donna","8":"product_cat-brand-carpet","9":"product_cat-coppia","10":"product_cat-donna","11":"product_cat-sotto-i-20e","12":"product_cat-spring-selection","13":"product_tag-collezione-attimi","15":"first","16":"instock","17":"shipping-taxable","18":"purchasable","19":"product-type-variable"},"yoast_head":"<!-- This site is optimized with the Yoast SEO plugin v27.4 - https:\/\/yoast.com\/product\/yoast-seo-wordpress\/ -->\n<title>Bracciale Tennis con Cristallo a Cuore - #BrandGioielli<\/title>\n<meta name=\"description\" content=\"Acquista ora su Brand Gioielli: Bracciale Tennis con Cristallo a Cuore\" \/>\n<meta name=\"robots\" content=\"index, follow, max-snippet:-1, max-image-preview:large, max-video-preview:-1\" \/>\n<link rel=\"canonical\" href=\"https:\/\/brandgioielli.it\/fr\/produit\/bracciale-tennis-cuore-bianco-2-2\/\" \/>\n<meta property=\"og:locale\" content=\"fr_FR\" \/>\n<meta property=\"og:type\" content=\"article\" \/>\n<meta property=\"og:title\" content=\"Bracciale Tennis con Cristallo a Cuore - #BrandGioielli\" \/>\n<meta property=\"og:description\" content=\"Acquista ora su Brand Gioielli: Bracciale Tennis con Cristallo a Cuore\" \/>\n<meta property=\"og:url\" content=\"https:\/\/brandgioielli.it\/fr\/produit\/bracciale-tennis-cuore-bianco-2-2\/\" \/>\n<meta property=\"og:site_name\" content=\"#BrandGioielli\" \/>\n<meta property=\"article:modified_time\" content=\"2026-04-17T16:17:54+00:00\" \/>\n<meta property=\"og:image\" content=\"https:\/\/brandgioielli.it\/wp-content\/uploads\/2025\/10\/14BR029W.jpg\" \/>\n\t<meta property=\"og:image:width\" content=\"800\" \/>\n\t<meta property=\"og:image:height\" content=\"800\" \/>\n\t<meta property=\"og:image:type\" content=\"image\/jpeg\" \/>\n<meta name=\"twitter:card\" content=\"summary_large_image\" \/>\n<meta name=\"twitter:label1\" content=\"Dur\u00e9e de lecture estim\u00e9e\" \/>\n\t<meta name=\"twitter:data1\" content=\"2 minutes\" \/>\n<script type=\"application\/ld+json\" class=\"yoast-schema-graph\">{\"@context\":\"https:\\\/\\\/schema.org\",\"@graph\":[{\"@type\":\"WebPage\",\"@id\":\"https:\\\/\\\/brandgioielli.it\\\/prodotto\\\/bracciale-tennis-cuore-bianco-2-2\\\/\",\"url\":\"https:\\\/\\\/brandgioielli.it\\\/prodotto\\\/bracciale-tennis-cuore-bianco-2-2\\\/\",\"name\":\"Bracciale Tennis con Cristallo a Cuore - #BrandGioielli\",\"isPartOf\":{\"@id\":\"https:\\\/\\\/brandgioielli.it\\\/#website\"},\"primaryImageOfPage\":{\"@id\":\"https:\\\/\\\/brandgioielli.it\\\/prodotto\\\/bracciale-tennis-cuore-bianco-2-2\\\/#primaryimage\"},\"image\":{\"@id\":\"https:\\\/\\\/brandgioielli.it\\\/prodotto\\\/bracciale-tennis-cuore-bianco-2-2\\\/#primaryimage\"},\"thumbnailUrl\":\"https:\\\/\\\/brandgioielli.it\\\/wp-content\\\/uploads\\\/2025\\\/10\\\/14BR029W.jpg\",\"datePublished\":\"2025-10-03T06:49:10+00:00\",\"dateModified\":\"2026-04-17T16:17:54+00:00\",\"description\":\"Acquista ora su Brand Gioielli: Bracciale Tennis con Cristallo a Cuore\",\"breadcrumb\":{\"@id\":\"https:\\\/\\\/brandgioielli.it\\\/prodotto\\\/bracciale-tennis-cuore-bianco-2-2\\\/#breadcrumb\"},\"inLanguage\":\"fr-FR\",\"potentialAction\":[{\"@type\":\"ReadAction\",\"target\":[\"https:\\\/\\\/brandgioielli.it\\\/prodotto\\\/bracciale-tennis-cuore-bianco-2-2\\\/\"]}]},{\"@type\":\"ImageObject\",\"inLanguage\":\"fr-FR\",\"@id\":\"https:\\\/\\\/brandgioielli.it\\\/prodotto\\\/bracciale-tennis-cuore-bianco-2-2\\\/#primaryimage\",\"url\":\"https:\\\/\\\/brandgioielli.it\\\/wp-content\\\/uploads\\\/2025\\\/10\\\/14BR029W.jpg\",\"contentUrl\":\"https:\\\/\\\/brandgioielli.it\\\/wp-content\\\/uploads\\\/2025\\\/10\\\/14BR029W.jpg\",\"width\":800,\"height\":800},{\"@type\":\"BreadcrumbList\",\"@id\":\"https:\\\/\\\/brandgioielli.it\\\/prodotto\\\/bracciale-tennis-cuore-bianco-2-2\\\/#breadcrumb\",\"itemListElement\":[{\"@type\":\"ListItem\",\"position\":1,\"name\":\"Home\",\"item\":\"https:\\\/\\\/brandgioielli.it\\\/\"},{\"@type\":\"ListItem\",\"position\":2,\"name\":\"Shop\",\"item\":\"https:\\\/\\\/brandgioielli.it\\\/shop\\\/\"},{\"@type\":\"ListItem\",\"position\":3,\"name\":\"Bracciale Tennis con Cristallo a Cuore\"}]},{\"@type\":\"WebSite\",\"@id\":\"https:\\\/\\\/brandgioielli.it\\\/#website\",\"url\":\"https:\\\/\\\/brandgioielli.it\\\/\",\"name\":\"#BrandGioielli\",\"description\":\"\",\"publisher\":{\"@id\":\"https:\\\/\\\/brandgioielli.it\\\/#organization\"},\"potentialAction\":[{\"@type\":\"SearchAction\",\"target\":{\"@type\":\"EntryPoint\",\"urlTemplate\":\"https:\\\/\\\/brandgioielli.it\\\/?s={search_term_string}\"},\"query-input\":{\"@type\":\"PropertyValueSpecification\",\"valueRequired\":true,\"valueName\":\"search_term_string\"}}],\"inLanguage\":\"fr-FR\"},{\"@type\":\"Organization\",\"@id\":\"https:\\\/\\\/brandgioielli.it\\\/#organization\",\"name\":\"Brand Gioielli\",\"url\":\"https:\\\/\\\/brandgioielli.it\\\/\",\"logo\":{\"@type\":\"ImageObject\",\"inLanguage\":\"fr-FR\",\"@id\":\"https:\\\/\\\/brandgioielli.it\\\/#\\\/schema\\\/logo\\\/image\\\/\",\"url\":\"https:\\\/\\\/brandgioielli.it\\\/wp-content\\\/uploads\\\/2025\\\/07\\\/LogoBrand.png\",\"contentUrl\":\"https:\\\/\\\/brandgioielli.it\\\/wp-content\\\/uploads\\\/2025\\\/07\\\/LogoBrand.png\",\"width\":600,\"height\":170,\"caption\":\"Brand Gioielli\"},\"image\":{\"@id\":\"https:\\\/\\\/brandgioielli.it\\\/#\\\/schema\\\/logo\\\/image\\\/\"}}]}<\/script>\n<!-- \/ Yoast SEO plugin. -->","yoast_head_json":{"title":"Bracciale Tennis con Cristallo a Cuore - #BrandGioielli","description":"Acquista ora su Brand Gioielli: Bracciale Tennis con Cristallo a Cuore","robots":{"index":"index","follow":"follow","max-snippet":"max-snippet:-1","max-image-preview":"max-image-preview:large","max-video-preview":"max-video-preview:-1"},"canonical":"https:\/\/brandgioielli.it\/fr\/produit\/bracciale-tennis-cuore-bianco-2-2\/","og_locale":"fr_FR","og_type":"article","og_title":"Bracciale Tennis con Cristallo a Cuore - #BrandGioielli","og_description":"Acquista ora su Brand Gioielli: Bracciale Tennis con Cristallo a Cuore","og_url":"https:\/\/brandgioielli.it\/fr\/produit\/bracciale-tennis-cuore-bianco-2-2\/","og_site_name":"#BrandGioielli","article_modified_time":"2026-04-17T16:17:54+00:00","og_image":[{"width":800,"height":800,"url":"https:\/\/brandgioielli.it\/wp-content\/uploads\/2025\/10\/14BR029W.jpg","type":"image\/jpeg"}],"twitter_card":"summary_large_image","twitter_misc":{"Dur\u00e9e de lecture estim\u00e9e":"2 minutes"},"schema":{"@context":"https:\/\/schema.org","@graph":[{"@type":"WebPage","@id":"https:\/\/brandgioielli.it\/prodotto\/bracciale-tennis-cuore-bianco-2-2\/","url":"https:\/\/brandgioielli.it\/prodotto\/bracciale-tennis-cuore-bianco-2-2\/","name":"Bracciale Tennis con Cristallo a Cuore - #BrandGioielli","isPartOf":{"@id":"https:\/\/brandgioielli.it\/#website"},"primaryImageOfPage":{"@id":"https:\/\/brandgioielli.it\/prodotto\/bracciale-tennis-cuore-bianco-2-2\/#primaryimage"},"image":{"@id":"https:\/\/brandgioielli.it\/prodotto\/bracciale-tennis-cuore-bianco-2-2\/#primaryimage"},"thumbnailUrl":"https:\/\/brandgioielli.it\/wp-content\/uploads\/2025\/10\/14BR029W.jpg","datePublished":"2025-10-03T06:49:10+00:00","dateModified":"2026-04-17T16:17:54+00:00","description":"Acquista ora su Brand Gioielli: Bracciale Tennis con Cristallo a Cuore","breadcrumb":{"@id":"https:\/\/brandgioielli.it\/prodotto\/bracciale-tennis-cuore-bianco-2-2\/#breadcrumb"},"inLanguage":"fr-FR","potentialAction":[{"@type":"ReadAction","target":["https:\/\/brandgioielli.it\/prodotto\/bracciale-tennis-cuore-bianco-2-2\/"]}]},{"@type":"ImageObject","inLanguage":"fr-FR","@id":"https:\/\/brandgioielli.it\/prodotto\/bracciale-tennis-cuore-bianco-2-2\/#primaryimage","url":"https:\/\/brandgioielli.it\/wp-content\/uploads\/2025\/10\/14BR029W.jpg","contentUrl":"https:\/\/brandgioielli.it\/wp-content\/uploads\/2025\/10\/14BR029W.jpg","width":800,"height":800},{"@type":"BreadcrumbList","@id":"https:\/\/brandgioielli.it\/prodotto\/bracciale-tennis-cuore-bianco-2-2\/#breadcrumb","itemListElement":[{"@type":"ListItem","position":1,"name":"Home","item":"https:\/\/brandgioielli.it\/"},{"@type":"ListItem","position":2,"name":"Shop","item":"https:\/\/brandgioielli.it\/shop\/"},{"@type":"ListItem","position":3,"name":"Bracciale Tennis con Cristallo a Cuore"}]},{"@type":"WebSite","@id":"https:\/\/brandgioielli.it\/#website","url":"https:\/\/brandgioielli.it\/","name":"#BrandJewellery","description":"","publisher":{"@id":"https:\/\/brandgioielli.it\/#organization"},"potentialAction":[{"@type":"SearchAction","target":{"@type":"EntryPoint","urlTemplate":"https:\/\/brandgioielli.it\/?s={search_term_string}"},"query-input":{"@type":"PropertyValueSpecification","valueRequired":true,"valueName":"search_term_string"}}],"inLanguage":"fr-FR"},{"@type":"Organization","@id":"https:\/\/brandgioielli.it\/#organization","name":"Bijoux de marque","url":"https:\/\/brandgioielli.it\/","logo":{"@type":"ImageObject","inLanguage":"fr-FR","@id":"https:\/\/brandgioielli.it\/#\/schema\/logo\/image\/","url":"https:\/\/brandgioielli.it\/wp-content\/uploads\/2025\/07\/LogoBrand.png","contentUrl":"https:\/\/brandgioielli.it\/wp-content\/uploads\/2025\/07\/LogoBrand.png","width":600,"height":170,"caption":"Brand Gioielli"},"image":{"@id":"https:\/\/brandgioielli.it\/#\/schema\/logo\/image\/"}}]}},"_links":{"self":[{"href":"https:\/\/brandgioielli.it\/fr\/wp-json\/wp\/v2\/product\/35503","targetHints":{"allow":["GET"]}}],"collection":[{"href":"https:\/\/brandgioielli.it\/fr\/wp-json\/wp\/v2\/product"}],"about":[{"href":"https:\/\/brandgioielli.it\/fr\/wp-json\/wp\/v2\/types\/product"}],"version-history":[{"count":3,"href":"https:\/\/brandgioielli.it\/fr\/wp-json\/wp\/v2\/product\/35503\/revisions"}],"predecessor-version":[{"id":103254,"href":"https:\/\/brandgioielli.it\/fr\/wp-json\/wp\/v2\/product\/35503\/revisions\/103254"}],"wp:featuredmedia":[{"embeddable":true,"href":"https:\/\/brandgioielli.it\/fr\/wp-json\/wp\/v2\/media\/98280"}],"wp:attachment":[{"href":"https:\/\/brandgioielli.it\/fr\/wp-json\/wp\/v2\/media?parent=35503"}],"wp:term":[{"taxonomy":"product_brand","embeddable":true,"href":"https:\/\/brandgioielli.it\/fr\/wp-json\/wp\/v2\/product_brand?post=35503"},{"taxonomy":"product_cat","embeddable":true,"href":"https:\/\/brandgioielli.it\/fr\/wp-json\/wp\/v2\/product_cat?post=35503"},{"taxonomy":"product_tag","embeddable":true,"href":"https:\/\/brandgioielli.it\/fr\/wp-json\/wp\/v2\/product_tag?post=35503"}],"curies":[{"name":"wp","href":"https:\/\/api.w.org\/{rel}","templated":true}]}}