{"id":2937,"date":"2026-03-29T22:58:22","date_gmt":"2026-03-29T20:58:22","guid":{"rendered":"https:\/\/sandybrown-lark-277155.hostingersite.com\/prodotto\/charm-mamma-i-love-you-mom\/"},"modified":"2026-04-24T18:17:39","modified_gmt":"2026-04-24T16:17:39","slug":"charm-mamma-i-love-you-mom","status":"publish","type":"product","link":"https:\/\/brandgioielli.it\/fr\/produit\/charm-mamma-i-love-you-mom\/","title":{"rendered":"Breloque \u201cI LOVE YOU MOM\u201d"},"content":{"rendered":"<h2><strong>Charme avec un texte \u201c Je t&#039;aime maman \u201d<\/strong><\/h2>\n<p>Le charm \u201c Je t&#039;aime maman \u201d de la marque #Brand Gioielli se distingue par son \u00e9l\u00e9gance et sa simplicit\u00e9. Le pendentif renferme un message sp\u00e9cial\u00a0: l&#039;inscription \u00e9maill\u00e9e \u201c\u00a0Je t&#039;aime maman\u00a0\u201d, d\u00e9licate et pourtant parfaitement lisible, con\u00e7ue pour exprimer une affection sinc\u00e8re et profonde. Bijou symbolique, il se marie \u00e0 merveille avec un collier ou un bracelet et constitue un cadeau id\u00e9al pour c\u00e9l\u00e9brer un lien unique en toute occasion, d&#039;un anniversaire \u00e0 un simple geste d&#039;affection. Raffin\u00e9 et charg\u00e9 de sens, ce charm allie qualit\u00e9 et \u00e9motion dans un accessoire \u00e0 porter au quotidien.<\/p>\n<p><strong>SP\u00c9CIFICATIONS TECHNIQUES<\/strong><\/p>\n<ul>\n<li>Diam\u00e8tre des breloques : 1,60 cm<\/li>\n<li>\u00e9quip\u00e9 d&#039;un mousqueton de 0,70 cm<\/li>\n<li>Finition : acier<\/li>\n<li>Mat\u00e9riau : acier inoxydable<\/li>\n<\/ul>\n<p><em>Tous les bijoux de la marque #Brand sont fabriqu\u00e9s \u00e0 partir de l'acier inoxydable chirurgical le plus pur du march\u00e9, test\u00e9 pour le nickel et con\u00e7u pour \u00eatre port\u00e9 tous les jours sans crainte de d\u00e9coloration ou de signes d'usure et r\u00e9sistant \u00e0 l'eau.\u00a0\u00a0<\/em><\/p>","protected":false},"excerpt":{"rendered":"<p>Charm con scritta &#8220;I love you mom&#8221; Il charm con scritta &#8220;I love you mom&#8221; firmato #Brand Gioielli si distingue nella sua eleganza e semplicit\u00e0. Il ciondolo racchiude un messaggio speciale: la scritta smaltata &#8220;I love you mom&#8221;, delicata ma ben visibile, pensata per esprimere affetto autentico e profondo. Un gioiello simbolico, perfetto da abbinare [&hellip;]<\/p>\n","protected":false},"featured_media":60074,"template":"","meta":[],"product_brand":[],"product_cat":[22,471,19,612,482,489,505],"product_tag":[28,51,541],"class_list":{"0":"post-2937","1":"product","2":"type-product","3":"status-publish","4":"has-post-thumbnail","6":"product_cat-charm","7":"product_cat-charms","8":"product_cat-donna","9":"product_cat-festa-della-mamma","10":"product_cat-idee-regalo","11":"product_cat-mamma","12":"product_cat-sotto-i-10e","13":"product_tag-collezione-mamma","14":"product_tag-collezione-pensieri","15":"product_tag-componibili","17":"first","18":"instock","19":"shipping-taxable","20":"purchasable","21":"product-type-simple"},"yoast_head":"<!-- This site is optimized with the Yoast SEO plugin v27.4 - https:\/\/yoast.com\/product\/yoast-seo-wordpress\/ -->\n<title>Charm Mamma &quot;I LOVE YOU MOM&quot; - #BrandGioielli<\/title>\n<meta name=\"description\" content=\"Acquista ora su Brand Gioielli: Charm Mamma &quot;I LOVE YOU MOM&quot;\" \/>\n<meta name=\"robots\" content=\"index, follow, max-snippet:-1, max-image-preview:large, max-video-preview:-1\" \/>\n<link rel=\"canonical\" href=\"https:\/\/brandgioielli.it\/fr\/produit\/charm-mamma-i-love-you-mom\/\" \/>\n<meta property=\"og:locale\" content=\"fr_FR\" \/>\n<meta property=\"og:type\" content=\"article\" \/>\n<meta property=\"og:title\" content=\"Charm Mamma &quot;I LOVE YOU MOM&quot; - #BrandGioielli\" \/>\n<meta property=\"og:description\" content=\"Acquista ora su Brand Gioielli: Charm Mamma &quot;I LOVE YOU MOM&quot;\" \/>\n<meta property=\"og:url\" content=\"https:\/\/brandgioielli.it\/fr\/produit\/charm-mamma-i-love-you-mom\/\" \/>\n<meta property=\"og:site_name\" content=\"#BrandGioielli\" \/>\n<meta property=\"article:modified_time\" content=\"2026-04-24T16:17:39+00:00\" \/>\n<meta property=\"og:image\" content=\"https:\/\/brandgioielli.it\/wp-content\/uploads\/2025\/09\/13CH063.jpg\" \/>\n\t<meta property=\"og:image:width\" content=\"800\" \/>\n\t<meta property=\"og:image:height\" content=\"800\" \/>\n\t<meta property=\"og:image:type\" content=\"image\/jpeg\" \/>\n<meta name=\"twitter:card\" content=\"summary_large_image\" \/>\n<meta name=\"twitter:label1\" content=\"Dur\u00e9e de lecture estim\u00e9e\" \/>\n\t<meta name=\"twitter:data1\" content=\"2 minutes\" \/>\n<script type=\"application\/ld+json\" class=\"yoast-schema-graph\">{\"@context\":\"https:\\\/\\\/schema.org\",\"@graph\":[{\"@type\":\"WebPage\",\"@id\":\"https:\\\/\\\/brandgioielli.it\\\/prodotto\\\/charm-mamma-i-love-you-mom\\\/\",\"url\":\"https:\\\/\\\/brandgioielli.it\\\/prodotto\\\/charm-mamma-i-love-you-mom\\\/\",\"name\":\"Charm Mamma \\\"I LOVE YOU MOM\\\" - #BrandGioielli\",\"isPartOf\":{\"@id\":\"https:\\\/\\\/brandgioielli.it\\\/#website\"},\"primaryImageOfPage\":{\"@id\":\"https:\\\/\\\/brandgioielli.it\\\/prodotto\\\/charm-mamma-i-love-you-mom\\\/#primaryimage\"},\"image\":{\"@id\":\"https:\\\/\\\/brandgioielli.it\\\/prodotto\\\/charm-mamma-i-love-you-mom\\\/#primaryimage\"},\"thumbnailUrl\":\"https:\\\/\\\/brandgioielli.it\\\/wp-content\\\/uploads\\\/2025\\\/09\\\/13CH063.jpg\",\"datePublished\":\"2026-03-29T20:58:22+00:00\",\"dateModified\":\"2026-04-24T16:17:39+00:00\",\"description\":\"Acquista ora su Brand Gioielli: Charm Mamma \\\"I LOVE YOU MOM\\\"\",\"breadcrumb\":{\"@id\":\"https:\\\/\\\/brandgioielli.it\\\/prodotto\\\/charm-mamma-i-love-you-mom\\\/#breadcrumb\"},\"inLanguage\":\"fr-FR\",\"potentialAction\":[{\"@type\":\"ReadAction\",\"target\":[\"https:\\\/\\\/brandgioielli.it\\\/prodotto\\\/charm-mamma-i-love-you-mom\\\/\"]}]},{\"@type\":\"ImageObject\",\"inLanguage\":\"fr-FR\",\"@id\":\"https:\\\/\\\/brandgioielli.it\\\/prodotto\\\/charm-mamma-i-love-you-mom\\\/#primaryimage\",\"url\":\"https:\\\/\\\/brandgioielli.it\\\/wp-content\\\/uploads\\\/2025\\\/09\\\/13CH063.jpg\",\"contentUrl\":\"https:\\\/\\\/brandgioielli.it\\\/wp-content\\\/uploads\\\/2025\\\/09\\\/13CH063.jpg\",\"width\":800,\"height\":800},{\"@type\":\"BreadcrumbList\",\"@id\":\"https:\\\/\\\/brandgioielli.it\\\/prodotto\\\/charm-mamma-i-love-you-mom\\\/#breadcrumb\",\"itemListElement\":[{\"@type\":\"ListItem\",\"position\":1,\"name\":\"Home\",\"item\":\"https:\\\/\\\/brandgioielli.it\\\/\"},{\"@type\":\"ListItem\",\"position\":2,\"name\":\"Shop\",\"item\":\"https:\\\/\\\/brandgioielli.it\\\/shop\\\/\"},{\"@type\":\"ListItem\",\"position\":3,\"name\":\"Charm Mamma &#8220;I LOVE YOU MOM&#8221;\"}]},{\"@type\":\"WebSite\",\"@id\":\"https:\\\/\\\/brandgioielli.it\\\/#website\",\"url\":\"https:\\\/\\\/brandgioielli.it\\\/\",\"name\":\"#BrandGioielli\",\"description\":\"\",\"publisher\":{\"@id\":\"https:\\\/\\\/brandgioielli.it\\\/#organization\"},\"potentialAction\":[{\"@type\":\"SearchAction\",\"target\":{\"@type\":\"EntryPoint\",\"urlTemplate\":\"https:\\\/\\\/brandgioielli.it\\\/?s={search_term_string}\"},\"query-input\":{\"@type\":\"PropertyValueSpecification\",\"valueRequired\":true,\"valueName\":\"search_term_string\"}}],\"inLanguage\":\"fr-FR\"},{\"@type\":\"Organization\",\"@id\":\"https:\\\/\\\/brandgioielli.it\\\/#organization\",\"name\":\"Brand Gioielli\",\"url\":\"https:\\\/\\\/brandgioielli.it\\\/\",\"logo\":{\"@type\":\"ImageObject\",\"inLanguage\":\"fr-FR\",\"@id\":\"https:\\\/\\\/brandgioielli.it\\\/#\\\/schema\\\/logo\\\/image\\\/\",\"url\":\"https:\\\/\\\/brandgioielli.it\\\/wp-content\\\/uploads\\\/2025\\\/07\\\/LogoBrand.png\",\"contentUrl\":\"https:\\\/\\\/brandgioielli.it\\\/wp-content\\\/uploads\\\/2025\\\/07\\\/LogoBrand.png\",\"width\":600,\"height\":170,\"caption\":\"Brand Gioielli\"},\"image\":{\"@id\":\"https:\\\/\\\/brandgioielli.it\\\/#\\\/schema\\\/logo\\\/image\\\/\"}}]}<\/script>\n<!-- \/ Yoast SEO plugin. -->","yoast_head_json":{"title":"Breloque Maman \" JE T&#039;AIME MAMAN \" - #BrandJewels","description":"Achetez d\u00e8s maintenant chez Brand Gioielli : Breloque \" JE T&#039;AIME MAMAN \"","robots":{"index":"index","follow":"follow","max-snippet":"max-snippet:-1","max-image-preview":"max-image-preview:large","max-video-preview":"max-video-preview:-1"},"canonical":"https:\/\/brandgioielli.it\/fr\/produit\/charm-mamma-i-love-you-mom\/","og_locale":"fr_FR","og_type":"article","og_title":"Charm Mamma \"I LOVE YOU MOM\" - #BrandGioielli","og_description":"Acquista ora su Brand Gioielli: Charm Mamma \"I LOVE YOU MOM\"","og_url":"https:\/\/brandgioielli.it\/fr\/produit\/charm-mamma-i-love-you-mom\/","og_site_name":"#BrandGioielli","article_modified_time":"2026-04-24T16:17:39+00:00","og_image":[{"width":800,"height":800,"url":"https:\/\/brandgioielli.it\/wp-content\/uploads\/2025\/09\/13CH063.jpg","type":"image\/jpeg"}],"twitter_card":"summary_large_image","twitter_misc":{"Dur\u00e9e de lecture estim\u00e9e":"2 minutes"},"schema":{"@context":"https:\/\/schema.org","@graph":[{"@type":"WebPage","@id":"https:\/\/brandgioielli.it\/prodotto\/charm-mamma-i-love-you-mom\/","url":"https:\/\/brandgioielli.it\/prodotto\/charm-mamma-i-love-you-mom\/","name":"Breloque Maman \" JE T&#039;AIME MAMAN \" - #BrandJewels","isPartOf":{"@id":"https:\/\/brandgioielli.it\/#website"},"primaryImageOfPage":{"@id":"https:\/\/brandgioielli.it\/prodotto\/charm-mamma-i-love-you-mom\/#primaryimage"},"image":{"@id":"https:\/\/brandgioielli.it\/prodotto\/charm-mamma-i-love-you-mom\/#primaryimage"},"thumbnailUrl":"https:\/\/brandgioielli.it\/wp-content\/uploads\/2025\/09\/13CH063.jpg","datePublished":"2026-03-29T20:58:22+00:00","dateModified":"2026-04-24T16:17:39+00:00","description":"Achetez d\u00e8s maintenant chez Brand Gioielli : Breloque \" JE T&#039;AIME MAMAN \"","breadcrumb":{"@id":"https:\/\/brandgioielli.it\/prodotto\/charm-mamma-i-love-you-mom\/#breadcrumb"},"inLanguage":"fr-FR","potentialAction":[{"@type":"ReadAction","target":["https:\/\/brandgioielli.it\/prodotto\/charm-mamma-i-love-you-mom\/"]}]},{"@type":"ImageObject","inLanguage":"fr-FR","@id":"https:\/\/brandgioielli.it\/prodotto\/charm-mamma-i-love-you-mom\/#primaryimage","url":"https:\/\/brandgioielli.it\/wp-content\/uploads\/2025\/09\/13CH063.jpg","contentUrl":"https:\/\/brandgioielli.it\/wp-content\/uploads\/2025\/09\/13CH063.jpg","width":800,"height":800},{"@type":"BreadcrumbList","@id":"https:\/\/brandgioielli.it\/prodotto\/charm-mamma-i-love-you-mom\/#breadcrumb","itemListElement":[{"@type":"ListItem","position":1,"name":"Home","item":"https:\/\/brandgioielli.it\/"},{"@type":"ListItem","position":2,"name":"Shop","item":"https:\/\/brandgioielli.it\/shop\/"},{"@type":"ListItem","position":3,"name":"Charm Mamma &#8220;I LOVE YOU MOM&#8221;"}]},{"@type":"WebSite","@id":"https:\/\/brandgioielli.it\/#website","url":"https:\/\/brandgioielli.it\/","name":"#BrandJewellery","description":"","publisher":{"@id":"https:\/\/brandgioielli.it\/#organization"},"potentialAction":[{"@type":"SearchAction","target":{"@type":"EntryPoint","urlTemplate":"https:\/\/brandgioielli.it\/?s={search_term_string}"},"query-input":{"@type":"PropertyValueSpecification","valueRequired":true,"valueName":"search_term_string"}}],"inLanguage":"fr-FR"},{"@type":"Organization","@id":"https:\/\/brandgioielli.it\/#organization","name":"Bijoux de marque","url":"https:\/\/brandgioielli.it\/","logo":{"@type":"ImageObject","inLanguage":"fr-FR","@id":"https:\/\/brandgioielli.it\/#\/schema\/logo\/image\/","url":"https:\/\/brandgioielli.it\/wp-content\/uploads\/2025\/07\/LogoBrand.png","contentUrl":"https:\/\/brandgioielli.it\/wp-content\/uploads\/2025\/07\/LogoBrand.png","width":600,"height":170,"caption":"Brand Gioielli"},"image":{"@id":"https:\/\/brandgioielli.it\/#\/schema\/logo\/image\/"}}]}},"_links":{"self":[{"href":"https:\/\/brandgioielli.it\/fr\/wp-json\/wp\/v2\/product\/2937","targetHints":{"allow":["GET"]}}],"collection":[{"href":"https:\/\/brandgioielli.it\/fr\/wp-json\/wp\/v2\/product"}],"about":[{"href":"https:\/\/brandgioielli.it\/fr\/wp-json\/wp\/v2\/types\/product"}],"version-history":[{"count":2,"href":"https:\/\/brandgioielli.it\/fr\/wp-json\/wp\/v2\/product\/2937\/revisions"}],"predecessor-version":[{"id":107753,"href":"https:\/\/brandgioielli.it\/fr\/wp-json\/wp\/v2\/product\/2937\/revisions\/107753"}],"wp:featuredmedia":[{"embeddable":true,"href":"https:\/\/brandgioielli.it\/fr\/wp-json\/wp\/v2\/media\/60074"}],"wp:attachment":[{"href":"https:\/\/brandgioielli.it\/fr\/wp-json\/wp\/v2\/media?parent=2937"}],"wp:term":[{"taxonomy":"product_brand","embeddable":true,"href":"https:\/\/brandgioielli.it\/fr\/wp-json\/wp\/v2\/product_brand?post=2937"},{"taxonomy":"product_cat","embeddable":true,"href":"https:\/\/brandgioielli.it\/fr\/wp-json\/wp\/v2\/product_cat?post=2937"},{"taxonomy":"product_tag","embeddable":true,"href":"https:\/\/brandgioielli.it\/fr\/wp-json\/wp\/v2\/product_tag?post=2937"}],"curies":[{"name":"wp","href":"https:\/\/api.w.org\/{rel}","templated":true}]}}