{"id":26343,"date":"2025-10-03T08:57:17","date_gmt":"2025-10-03T06:57:17","guid":{"rendered":"https:\/\/sandybrown-lark-277155.hostingersite.com\/prodotto\/collana-con-corna-e-cornetto\/"},"modified":"2026-04-21T13:17:24","modified_gmt":"2026-04-21T11:17:24","slug":"collana-con-corna-e-cornetto","status":"publish","type":"product","link":"https:\/\/brandgioielli.it\/fr\/produit\/collana-con-corna-e-cornetto\/","title":{"rendered":"Collier avec cornes et Cornetto"},"content":{"rendered":"<h3>Collier avec cornes et pendentif cornet rouge<\/h3>\n<p>Le collier en corne \u00e9maill\u00e9e rouge de #Brand Jewellery est con\u00e7u pour \u00eatre port\u00e9 tous les jours ou pour \u00eatre offert lors d'occasions sp\u00e9ciales comme symbole de chance. Disponible en <strong>acier et finitions PVD noir <\/strong>est le cadeau id\u00e9al pour celles qui recherchent un bijou qui s'adapte \u00e0 toutes les occasions.<\/p>\n<p><strong>SP\u00c9CIFICATIONS TECHNIQUES<\/strong><\/p>\n<ul>\n<li>Collier avec cornes et pendentif en corne \u00e9mail rouge ou PVD noir<\/li>\n<li>Longueur : 50 cm + 7 cm de rallonge<\/li>\n<li>Taille du cornetto : 2 cm<\/li>\n<li>Taille de la corne : 3 cm<\/li>\n<li>Finition : acier, noir PVD<\/li>\n<li>Mat\u00e9riau : acier inoxydable et hypoallerg\u00e9nique<\/li>\n<\/ul>\n<p><em>Tous les bijoux de la marque #Brand sont fabriqu\u00e9s \u00e0 partir de l'acier inoxydable chirurgical le plus pur du march\u00e9, test\u00e9 pour le nickel et con\u00e7u pour \u00eatre port\u00e9 tous les jours sans crainte de d\u00e9coloration ou de signes d'usure.\u00a0<\/em><\/p>","protected":false},"excerpt":{"rendered":"<p>Collana con Corna e Cornetto Rosso Pendente La collana con con mano con corna e cornetto smaltato rosso portafortuna #Brand Gioielli \u00e8 pensato per essere indossato tutti i giorni o per essere regalato nelle occasioni speciali come simbolo di buona fortuna. Disponibile nella finiture acciaio e PVD nero \u00e8 il regalo perfetto per chi cerca [&hellip;]<\/p>\n","protected":false},"featured_media":98504,"template":"","meta":[],"product_brand":[],"product_cat":[458,41,507,39],"product_tag":[355],"class_list":{"0":"post-26343","1":"product","2":"type-product","3":"status-publish","4":"has-post-thumbnail","6":"product_cat-collane","7":"product_cat-collane-uomo","8":"product_cat-sotto-i-30e","9":"product_cat-uomo","10":"product_tag-collezione-suerte-uomo","12":"first","13":"instock","14":"shipping-taxable","15":"purchasable","16":"product-type-variable"},"yoast_head":"<!-- This site is optimized with the Yoast SEO plugin v27.4 - https:\/\/yoast.com\/product\/yoast-seo-wordpress\/ -->\n<title>Collana Portafortuna Uomo con Corna e Cornetto<\/title>\n<meta name=\"description\" content=\"La collana portafortuna da uomo con corna e cornetto #Brand Gioielli \u00e8 pensato per essere indossato tutti i giorni o per essere regalato nelle occasioni speciali come simbolo di buona fortuna.\" \/>\n<meta name=\"robots\" content=\"index, follow, max-snippet:-1, max-image-preview:large, max-video-preview:-1\" \/>\n<link rel=\"canonical\" href=\"https:\/\/brandgioielli.it\/fr\/produit\/collana-con-corna-e-cornetto\/\" \/>\n<meta property=\"og:locale\" content=\"fr_FR\" \/>\n<meta property=\"og:type\" content=\"article\" \/>\n<meta property=\"og:title\" content=\"Collana Portafortuna Uomo con Corna e Cornetto\" \/>\n<meta property=\"og:description\" content=\"La collana portafortuna da uomo con corna e cornetto #Brand Gioielli \u00e8 pensato per essere indossato tutti i giorni o per essere regalato nelle occasioni speciali come simbolo di buona fortuna.\" \/>\n<meta property=\"og:url\" content=\"https:\/\/brandgioielli.it\/fr\/produit\/collana-con-corna-e-cornetto\/\" \/>\n<meta property=\"og:site_name\" content=\"#BrandGioielli\" \/>\n<meta property=\"article:modified_time\" content=\"2026-04-21T11:17:24+00:00\" \/>\n<meta property=\"og:image\" content=\"https:\/\/brandgioielli.it\/wp-content\/uploads\/2025\/10\/collana-uomo-corna-cornetto-acciaio-1.jpg\" \/>\n\t<meta property=\"og:image:width\" content=\"800\" \/>\n\t<meta property=\"og:image:height\" content=\"800\" \/>\n\t<meta property=\"og:image:type\" content=\"image\/jpeg\" \/>\n<meta name=\"twitter:card\" content=\"summary_large_image\" \/>\n<meta name=\"twitter:label1\" content=\"Dur\u00e9e de lecture estim\u00e9e\" \/>\n\t<meta name=\"twitter:data1\" content=\"1 minute\" \/>\n<script type=\"application\/ld+json\" class=\"yoast-schema-graph\">{\"@context\":\"https:\\\/\\\/schema.org\",\"@graph\":[{\"@type\":\"WebPage\",\"@id\":\"https:\\\/\\\/brandgioielli.it\\\/prodotto\\\/collana-con-corna-e-cornetto\\\/\",\"url\":\"https:\\\/\\\/brandgioielli.it\\\/prodotto\\\/collana-con-corna-e-cornetto\\\/\",\"name\":\"Collana Portafortuna Uomo con Corna e Cornetto\",\"isPartOf\":{\"@id\":\"https:\\\/\\\/brandgioielli.it\\\/#website\"},\"primaryImageOfPage\":{\"@id\":\"https:\\\/\\\/brandgioielli.it\\\/prodotto\\\/collana-con-corna-e-cornetto\\\/#primaryimage\"},\"image\":{\"@id\":\"https:\\\/\\\/brandgioielli.it\\\/prodotto\\\/collana-con-corna-e-cornetto\\\/#primaryimage\"},\"thumbnailUrl\":\"https:\\\/\\\/brandgioielli.it\\\/wp-content\\\/uploads\\\/2025\\\/10\\\/collana-uomo-corna-cornetto-acciaio-1.jpg\",\"datePublished\":\"2025-10-03T06:57:17+00:00\",\"dateModified\":\"2026-04-21T11:17:24+00:00\",\"description\":\"La collana portafortuna da uomo con corna e cornetto #Brand Gioielli \u00e8 pensato per essere indossato tutti i giorni o per essere regalato nelle occasioni speciali come simbolo di buona fortuna.\",\"breadcrumb\":{\"@id\":\"https:\\\/\\\/brandgioielli.it\\\/prodotto\\\/collana-con-corna-e-cornetto\\\/#breadcrumb\"},\"inLanguage\":\"fr-FR\",\"potentialAction\":[{\"@type\":\"ReadAction\",\"target\":[\"https:\\\/\\\/brandgioielli.it\\\/prodotto\\\/collana-con-corna-e-cornetto\\\/\"]}]},{\"@type\":\"ImageObject\",\"inLanguage\":\"fr-FR\",\"@id\":\"https:\\\/\\\/brandgioielli.it\\\/prodotto\\\/collana-con-corna-e-cornetto\\\/#primaryimage\",\"url\":\"https:\\\/\\\/brandgioielli.it\\\/wp-content\\\/uploads\\\/2025\\\/10\\\/collana-uomo-corna-cornetto-acciaio-1.jpg\",\"contentUrl\":\"https:\\\/\\\/brandgioielli.it\\\/wp-content\\\/uploads\\\/2025\\\/10\\\/collana-uomo-corna-cornetto-acciaio-1.jpg\",\"width\":800,\"height\":800},{\"@type\":\"BreadcrumbList\",\"@id\":\"https:\\\/\\\/brandgioielli.it\\\/prodotto\\\/collana-con-corna-e-cornetto\\\/#breadcrumb\",\"itemListElement\":[{\"@type\":\"ListItem\",\"position\":1,\"name\":\"Home\",\"item\":\"https:\\\/\\\/brandgioielli.it\\\/\"},{\"@type\":\"ListItem\",\"position\":2,\"name\":\"Shop\",\"item\":\"https:\\\/\\\/brandgioielli.it\\\/shop\\\/\"},{\"@type\":\"ListItem\",\"position\":3,\"name\":\"Collana con Corna e Cornetto\"}]},{\"@type\":\"WebSite\",\"@id\":\"https:\\\/\\\/brandgioielli.it\\\/#website\",\"url\":\"https:\\\/\\\/brandgioielli.it\\\/\",\"name\":\"#BrandGioielli\",\"description\":\"\",\"publisher\":{\"@id\":\"https:\\\/\\\/brandgioielli.it\\\/#organization\"},\"potentialAction\":[{\"@type\":\"SearchAction\",\"target\":{\"@type\":\"EntryPoint\",\"urlTemplate\":\"https:\\\/\\\/brandgioielli.it\\\/?s={search_term_string}\"},\"query-input\":{\"@type\":\"PropertyValueSpecification\",\"valueRequired\":true,\"valueName\":\"search_term_string\"}}],\"inLanguage\":\"fr-FR\"},{\"@type\":\"Organization\",\"@id\":\"https:\\\/\\\/brandgioielli.it\\\/#organization\",\"name\":\"Brand Gioielli\",\"url\":\"https:\\\/\\\/brandgioielli.it\\\/\",\"logo\":{\"@type\":\"ImageObject\",\"inLanguage\":\"fr-FR\",\"@id\":\"https:\\\/\\\/brandgioielli.it\\\/#\\\/schema\\\/logo\\\/image\\\/\",\"url\":\"https:\\\/\\\/brandgioielli.it\\\/wp-content\\\/uploads\\\/2025\\\/07\\\/LogoBrand.png\",\"contentUrl\":\"https:\\\/\\\/brandgioielli.it\\\/wp-content\\\/uploads\\\/2025\\\/07\\\/LogoBrand.png\",\"width\":600,\"height\":170,\"caption\":\"Brand Gioielli\"},\"image\":{\"@id\":\"https:\\\/\\\/brandgioielli.it\\\/#\\\/schema\\\/logo\\\/image\\\/\"}}]}<\/script>\n<!-- \/ Yoast SEO plugin. -->","yoast_head_json":{"title":"Collana Portafortuna Uomo con Corna e Cornetto","description":"La collana portafortuna da uomo con corna e cornetto #Brand Gioielli \u00e8 pensato per essere indossato tutti i giorni o per essere regalato nelle occasioni speciali come simbolo di buona fortuna.","robots":{"index":"index","follow":"follow","max-snippet":"max-snippet:-1","max-image-preview":"max-image-preview:large","max-video-preview":"max-video-preview:-1"},"canonical":"https:\/\/brandgioielli.it\/fr\/produit\/collana-con-corna-e-cornetto\/","og_locale":"fr_FR","og_type":"article","og_title":"Collana Portafortuna Uomo con Corna e Cornetto","og_description":"La collana portafortuna da uomo con corna e cornetto #Brand Gioielli \u00e8 pensato per essere indossato tutti i giorni o per essere regalato nelle occasioni speciali come simbolo di buona fortuna.","og_url":"https:\/\/brandgioielli.it\/fr\/produit\/collana-con-corna-e-cornetto\/","og_site_name":"#BrandGioielli","article_modified_time":"2026-04-21T11:17:24+00:00","og_image":[{"width":800,"height":800,"url":"https:\/\/brandgioielli.it\/wp-content\/uploads\/2025\/10\/collana-uomo-corna-cornetto-acciaio-1.jpg","type":"image\/jpeg"}],"twitter_card":"summary_large_image","twitter_misc":{"Dur\u00e9e de lecture estim\u00e9e":"1 minute"},"schema":{"@context":"https:\/\/schema.org","@graph":[{"@type":"WebPage","@id":"https:\/\/brandgioielli.it\/prodotto\/collana-con-corna-e-cornetto\/","url":"https:\/\/brandgioielli.it\/prodotto\/collana-con-corna-e-cornetto\/","name":"Collana Portafortuna Uomo con Corna e Cornetto","isPartOf":{"@id":"https:\/\/brandgioielli.it\/#website"},"primaryImageOfPage":{"@id":"https:\/\/brandgioielli.it\/prodotto\/collana-con-corna-e-cornetto\/#primaryimage"},"image":{"@id":"https:\/\/brandgioielli.it\/prodotto\/collana-con-corna-e-cornetto\/#primaryimage"},"thumbnailUrl":"https:\/\/brandgioielli.it\/wp-content\/uploads\/2025\/10\/collana-uomo-corna-cornetto-acciaio-1.jpg","datePublished":"2025-10-03T06:57:17+00:00","dateModified":"2026-04-21T11:17:24+00:00","description":"La collana portafortuna da uomo con corna e cornetto #Brand Gioielli \u00e8 pensato per essere indossato tutti i giorni o per essere regalato nelle occasioni speciali come simbolo di buona fortuna.","breadcrumb":{"@id":"https:\/\/brandgioielli.it\/prodotto\/collana-con-corna-e-cornetto\/#breadcrumb"},"inLanguage":"fr-FR","potentialAction":[{"@type":"ReadAction","target":["https:\/\/brandgioielli.it\/prodotto\/collana-con-corna-e-cornetto\/"]}]},{"@type":"ImageObject","inLanguage":"fr-FR","@id":"https:\/\/brandgioielli.it\/prodotto\/collana-con-corna-e-cornetto\/#primaryimage","url":"https:\/\/brandgioielli.it\/wp-content\/uploads\/2025\/10\/collana-uomo-corna-cornetto-acciaio-1.jpg","contentUrl":"https:\/\/brandgioielli.it\/wp-content\/uploads\/2025\/10\/collana-uomo-corna-cornetto-acciaio-1.jpg","width":800,"height":800},{"@type":"BreadcrumbList","@id":"https:\/\/brandgioielli.it\/prodotto\/collana-con-corna-e-cornetto\/#breadcrumb","itemListElement":[{"@type":"ListItem","position":1,"name":"Home","item":"https:\/\/brandgioielli.it\/"},{"@type":"ListItem","position":2,"name":"Shop","item":"https:\/\/brandgioielli.it\/shop\/"},{"@type":"ListItem","position":3,"name":"Collana con Corna e Cornetto"}]},{"@type":"WebSite","@id":"https:\/\/brandgioielli.it\/#website","url":"https:\/\/brandgioielli.it\/","name":"#BrandJewellery","description":"","publisher":{"@id":"https:\/\/brandgioielli.it\/#organization"},"potentialAction":[{"@type":"SearchAction","target":{"@type":"EntryPoint","urlTemplate":"https:\/\/brandgioielli.it\/?s={search_term_string}"},"query-input":{"@type":"PropertyValueSpecification","valueRequired":true,"valueName":"search_term_string"}}],"inLanguage":"fr-FR"},{"@type":"Organization","@id":"https:\/\/brandgioielli.it\/#organization","name":"Bijoux de marque","url":"https:\/\/brandgioielli.it\/","logo":{"@type":"ImageObject","inLanguage":"fr-FR","@id":"https:\/\/brandgioielli.it\/#\/schema\/logo\/image\/","url":"https:\/\/brandgioielli.it\/wp-content\/uploads\/2025\/07\/LogoBrand.png","contentUrl":"https:\/\/brandgioielli.it\/wp-content\/uploads\/2025\/07\/LogoBrand.png","width":600,"height":170,"caption":"Brand Gioielli"},"image":{"@id":"https:\/\/brandgioielli.it\/#\/schema\/logo\/image\/"}}]}},"_links":{"self":[{"href":"https:\/\/brandgioielli.it\/fr\/wp-json\/wp\/v2\/product\/26343","targetHints":{"allow":["GET"]}}],"collection":[{"href":"https:\/\/brandgioielli.it\/fr\/wp-json\/wp\/v2\/product"}],"about":[{"href":"https:\/\/brandgioielli.it\/fr\/wp-json\/wp\/v2\/types\/product"}],"version-history":[{"count":1,"href":"https:\/\/brandgioielli.it\/fr\/wp-json\/wp\/v2\/product\/26343\/revisions"}],"predecessor-version":[{"id":26473,"href":"https:\/\/brandgioielli.it\/fr\/wp-json\/wp\/v2\/product\/26343\/revisions\/26473"}],"wp:featuredmedia":[{"embeddable":true,"href":"https:\/\/brandgioielli.it\/fr\/wp-json\/wp\/v2\/media\/98504"}],"wp:attachment":[{"href":"https:\/\/brandgioielli.it\/fr\/wp-json\/wp\/v2\/media?parent=26343"}],"wp:term":[{"taxonomy":"product_brand","embeddable":true,"href":"https:\/\/brandgioielli.it\/fr\/wp-json\/wp\/v2\/product_brand?post=26343"},{"taxonomy":"product_cat","embeddable":true,"href":"https:\/\/brandgioielli.it\/fr\/wp-json\/wp\/v2\/product_cat?post=26343"},{"taxonomy":"product_tag","embeddable":true,"href":"https:\/\/brandgioielli.it\/fr\/wp-json\/wp\/v2\/product_tag?post=26343"}],"curies":[{"name":"wp","href":"https:\/\/api.w.org\/{rel}","templated":true}]}}