{"id":26297,"date":"2025-10-03T08:56:29","date_gmt":"2025-10-03T06:56:29","guid":{"rendered":"https:\/\/sandybrown-lark-277155.hostingersite.com\/prodotto\/bracciale-in-acciaio-ed-ematite-con-cornetto\/"},"modified":"2026-04-20T13:17:12","modified_gmt":"2026-04-20T11:17:12","slug":"bracciale-in-acciaio-ed-ematite-con-cornetto","status":"publish","type":"product","link":"https:\/\/brandgioielli.it\/fr\/produit\/bracciale-in-acciaio-ed-ematite-con-cornetto\/","title":{"rendered":"Bracelet d'acier et d'h\u00e9matite avec Cornetto"},"content":{"rendered":"<h3>Bracelet pour homme en acier et h\u00e9matite avec corne<\/h3>\n<p>Le bracelet porte-bonheur pour homme Gioielli de la marque #Brand, en acier et h\u00e9matite, est con\u00e7u pour \u00eatre port\u00e9 au quotidien ou offert en cadeau lors d&#039;occasions sp\u00e9ciales, comme symbole de chance. Disponible en acier et en noir, il est id\u00e9al pour ceux qui recherchent un bijou polyvalent ou un cadeau pr\u00e9cieux.<\/p>\n<p><strong>SP\u00c9CIFICATIONS TECHNIQUES<\/strong><\/p>\n<ul>\n<li>Bracelet en acier et h\u00e9matite avec pendentif en corne<\/li>\n<li>Dimensions : 19 cm + 3 cm d&#039;extension<\/li>\n<li>Taille du pendentif en forme de corne : 1,5 cm<\/li>\n<li>Finition : acier, noir PVD<\/li>\n<li>Mat\u00e9riau : acier inoxydable et hypoallerg\u00e9nique<\/li>\n<\/ul>\n<p><em>Tous les bijoux de la marque #Brand sont fabriqu\u00e9s \u00e0 partir de l'acier inoxydable chirurgical le plus pur du march\u00e9, test\u00e9 pour le nickel et con\u00e7u pour \u00eatre port\u00e9 tous les jours sans crainte de d\u00e9coloration ou de signes d'usure.\u00a0<\/em><\/p>","protected":false},"excerpt":{"rendered":"<p>Bracciale Uomo in Acciaio ed Ematite con Cornetto Il bracciale con cornetto portafortuna da uomo in acciaio ed ematite #Brand Gioielli \u00e8 pensato per essere indossato tutti i giorni o per essere regalato nelle occasioni speciali come simbolo di buona fortuna. Disponibile nella finitura acciaio e nero, \u00e8 perfetto per chi cerca un gioiello capace [&hellip;]<\/p>\n","protected":false},"featured_media":98482,"template":"","meta":[],"product_brand":[],"product_cat":[459,38,506,39],"product_tag":[355],"class_list":{"0":"post-26297","1":"product","2":"type-product","3":"status-publish","4":"has-post-thumbnail","6":"product_cat-bracciali","7":"product_cat-bracciali-uomo","8":"product_cat-sotto-i-20e","9":"product_cat-uomo","10":"product_tag-collezione-suerte-uomo","12":"first","13":"instock","14":"shipping-taxable","15":"purchasable","16":"product-type-variable"},"yoast_head":"<!-- This site is optimized with the Yoast SEO plugin v27.4 - https:\/\/yoast.com\/product\/yoast-seo-wordpress\/ -->\n<title>Bracciale Uomo con Cornetto Portafortuna in Acciaio ed Ematite - Brand Gioielli<\/title>\n<meta name=\"description\" content=\"Il bracciale con cornetto portafortuna da uomo in acciaio ed ematite #Brand Gioielli \u00e8 pensato per essere indossato tutti i giorni o per essere regalato nelle occasioni speciali come simbolo di buona fortuna.\" \/>\n<meta name=\"robots\" content=\"index, follow, max-snippet:-1, max-image-preview:large, max-video-preview:-1\" \/>\n<link rel=\"canonical\" href=\"https:\/\/brandgioielli.it\/fr\/produit\/bracciale-in-acciaio-ed-ematite-con-cornetto\/\" \/>\n<meta property=\"og:locale\" content=\"fr_FR\" \/>\n<meta property=\"og:type\" content=\"article\" \/>\n<meta property=\"og:title\" content=\"Bracciale Uomo con Cornetto Portafortuna in Acciaio ed Ematite - Brand Gioielli\" \/>\n<meta property=\"og:description\" content=\"Il bracciale con cornetto portafortuna da uomo in acciaio ed ematite #Brand Gioielli \u00e8 pensato per essere indossato tutti i giorni o per essere regalato nelle occasioni speciali come simbolo di buona fortuna.\" \/>\n<meta property=\"og:url\" content=\"https:\/\/brandgioielli.it\/fr\/produit\/bracciale-in-acciaio-ed-ematite-con-cornetto\/\" \/>\n<meta property=\"og:site_name\" content=\"#BrandGioielli\" \/>\n<meta property=\"article:modified_time\" content=\"2026-04-20T11:17:12+00:00\" \/>\n<meta property=\"og:image\" content=\"http:\/\/brandgioielli.it\/wp-content\/uploads\/2025\/10\/bracciale-uomo-acciaio-ematite-cornetto.jpg\" \/>\n\t<meta property=\"og:image:width\" content=\"800\" \/>\n\t<meta property=\"og:image:height\" content=\"800\" \/>\n\t<meta property=\"og:image:type\" content=\"image\/jpeg\" \/>\n<meta name=\"twitter:card\" content=\"summary_large_image\" \/>\n<meta name=\"twitter:label1\" content=\"Dur\u00e9e de lecture estim\u00e9e\" \/>\n\t<meta name=\"twitter:data1\" content=\"1 minute\" \/>\n<script type=\"application\/ld+json\" class=\"yoast-schema-graph\">{\"@context\":\"https:\\\/\\\/schema.org\",\"@graph\":[{\"@type\":\"WebPage\",\"@id\":\"https:\\\/\\\/brandgioielli.it\\\/prodotto\\\/bracciale-in-acciaio-ed-ematite-con-cornetto\\\/\",\"url\":\"https:\\\/\\\/brandgioielli.it\\\/prodotto\\\/bracciale-in-acciaio-ed-ematite-con-cornetto\\\/\",\"name\":\"Bracciale Uomo con Cornetto Portafortuna in Acciaio ed Ematite - Brand Gioielli\",\"isPartOf\":{\"@id\":\"https:\\\/\\\/brandgioielli.it\\\/#website\"},\"primaryImageOfPage\":{\"@id\":\"https:\\\/\\\/brandgioielli.it\\\/prodotto\\\/bracciale-in-acciaio-ed-ematite-con-cornetto\\\/#primaryimage\"},\"image\":{\"@id\":\"https:\\\/\\\/brandgioielli.it\\\/prodotto\\\/bracciale-in-acciaio-ed-ematite-con-cornetto\\\/#primaryimage\"},\"thumbnailUrl\":\"https:\\\/\\\/brandgioielli.it\\\/wp-content\\\/uploads\\\/2025\\\/10\\\/bracciale-uomo-acciaio-ematite-cornetto.jpg\",\"datePublished\":\"2025-10-03T06:56:29+00:00\",\"dateModified\":\"2026-04-20T11:17:12+00:00\",\"description\":\"Il bracciale con cornetto portafortuna da uomo in acciaio ed ematite #Brand Gioielli \u00e8 pensato per essere indossato tutti i giorni o per essere regalato nelle occasioni speciali come simbolo di buona fortuna.\",\"breadcrumb\":{\"@id\":\"https:\\\/\\\/brandgioielli.it\\\/prodotto\\\/bracciale-in-acciaio-ed-ematite-con-cornetto\\\/#breadcrumb\"},\"inLanguage\":\"fr-FR\",\"potentialAction\":[{\"@type\":\"ReadAction\",\"target\":[\"https:\\\/\\\/brandgioielli.it\\\/prodotto\\\/bracciale-in-acciaio-ed-ematite-con-cornetto\\\/\"]}]},{\"@type\":\"ImageObject\",\"inLanguage\":\"fr-FR\",\"@id\":\"https:\\\/\\\/brandgioielli.it\\\/prodotto\\\/bracciale-in-acciaio-ed-ematite-con-cornetto\\\/#primaryimage\",\"url\":\"https:\\\/\\\/brandgioielli.it\\\/wp-content\\\/uploads\\\/2025\\\/10\\\/bracciale-uomo-acciaio-ematite-cornetto.jpg\",\"contentUrl\":\"https:\\\/\\\/brandgioielli.it\\\/wp-content\\\/uploads\\\/2025\\\/10\\\/bracciale-uomo-acciaio-ematite-cornetto.jpg\",\"width\":800,\"height\":800},{\"@type\":\"BreadcrumbList\",\"@id\":\"https:\\\/\\\/brandgioielli.it\\\/prodotto\\\/bracciale-in-acciaio-ed-ematite-con-cornetto\\\/#breadcrumb\",\"itemListElement\":[{\"@type\":\"ListItem\",\"position\":1,\"name\":\"Home\",\"item\":\"https:\\\/\\\/brandgioielli.it\\\/\"},{\"@type\":\"ListItem\",\"position\":2,\"name\":\"Shop\",\"item\":\"https:\\\/\\\/brandgioielli.it\\\/shop\\\/\"},{\"@type\":\"ListItem\",\"position\":3,\"name\":\"Bracciale in Acciaio ed Ematite con Cornetto\"}]},{\"@type\":\"WebSite\",\"@id\":\"https:\\\/\\\/brandgioielli.it\\\/#website\",\"url\":\"https:\\\/\\\/brandgioielli.it\\\/\",\"name\":\"#BrandGioielli\",\"description\":\"\",\"publisher\":{\"@id\":\"https:\\\/\\\/brandgioielli.it\\\/#organization\"},\"potentialAction\":[{\"@type\":\"SearchAction\",\"target\":{\"@type\":\"EntryPoint\",\"urlTemplate\":\"https:\\\/\\\/brandgioielli.it\\\/?s={search_term_string}\"},\"query-input\":{\"@type\":\"PropertyValueSpecification\",\"valueRequired\":true,\"valueName\":\"search_term_string\"}}],\"inLanguage\":\"fr-FR\"},{\"@type\":\"Organization\",\"@id\":\"https:\\\/\\\/brandgioielli.it\\\/#organization\",\"name\":\"Brand Gioielli\",\"url\":\"https:\\\/\\\/brandgioielli.it\\\/\",\"logo\":{\"@type\":\"ImageObject\",\"inLanguage\":\"fr-FR\",\"@id\":\"https:\\\/\\\/brandgioielli.it\\\/#\\\/schema\\\/logo\\\/image\\\/\",\"url\":\"https:\\\/\\\/brandgioielli.it\\\/wp-content\\\/uploads\\\/2025\\\/07\\\/LogoBrand.png\",\"contentUrl\":\"https:\\\/\\\/brandgioielli.it\\\/wp-content\\\/uploads\\\/2025\\\/07\\\/LogoBrand.png\",\"width\":600,\"height\":170,\"caption\":\"Brand Gioielli\"},\"image\":{\"@id\":\"https:\\\/\\\/brandgioielli.it\\\/#\\\/schema\\\/logo\\\/image\\\/\"}}]}<\/script>\n<!-- \/ Yoast SEO plugin. -->","yoast_head_json":{"title":"Bracciale Uomo con Cornetto Portafortuna in Acciaio ed Ematite - Brand Gioielli","description":"Il bracciale con cornetto portafortuna da uomo in acciaio ed ematite #Brand Gioielli \u00e8 pensato per essere indossato tutti i giorni o per essere regalato nelle occasioni speciali come simbolo di buona fortuna.","robots":{"index":"index","follow":"follow","max-snippet":"max-snippet:-1","max-image-preview":"max-image-preview:large","max-video-preview":"max-video-preview:-1"},"canonical":"https:\/\/brandgioielli.it\/fr\/produit\/bracciale-in-acciaio-ed-ematite-con-cornetto\/","og_locale":"fr_FR","og_type":"article","og_title":"Bracciale Uomo con Cornetto Portafortuna in Acciaio ed Ematite - Brand Gioielli","og_description":"Il bracciale con cornetto portafortuna da uomo in acciaio ed ematite #Brand Gioielli \u00e8 pensato per essere indossato tutti i giorni o per essere regalato nelle occasioni speciali come simbolo di buona fortuna.","og_url":"https:\/\/brandgioielli.it\/fr\/produit\/bracciale-in-acciaio-ed-ematite-con-cornetto\/","og_site_name":"#BrandGioielli","article_modified_time":"2026-04-20T11:17:12+00:00","og_image":[{"width":800,"height":800,"url":"http:\/\/brandgioielli.it\/wp-content\/uploads\/2025\/10\/bracciale-uomo-acciaio-ematite-cornetto.jpg","type":"image\/jpeg"}],"twitter_card":"summary_large_image","twitter_misc":{"Dur\u00e9e de lecture estim\u00e9e":"1 minute"},"schema":{"@context":"https:\/\/schema.org","@graph":[{"@type":"WebPage","@id":"https:\/\/brandgioielli.it\/prodotto\/bracciale-in-acciaio-ed-ematite-con-cornetto\/","url":"https:\/\/brandgioielli.it\/prodotto\/bracciale-in-acciaio-ed-ematite-con-cornetto\/","name":"Bracciale Uomo con Cornetto Portafortuna in Acciaio ed Ematite - Brand Gioielli","isPartOf":{"@id":"https:\/\/brandgioielli.it\/#website"},"primaryImageOfPage":{"@id":"https:\/\/brandgioielli.it\/prodotto\/bracciale-in-acciaio-ed-ematite-con-cornetto\/#primaryimage"},"image":{"@id":"https:\/\/brandgioielli.it\/prodotto\/bracciale-in-acciaio-ed-ematite-con-cornetto\/#primaryimage"},"thumbnailUrl":"https:\/\/brandgioielli.it\/wp-content\/uploads\/2025\/10\/bracciale-uomo-acciaio-ematite-cornetto.jpg","datePublished":"2025-10-03T06:56:29+00:00","dateModified":"2026-04-20T11:17:12+00:00","description":"Il bracciale con cornetto portafortuna da uomo in acciaio ed ematite #Brand Gioielli \u00e8 pensato per essere indossato tutti i giorni o per essere regalato nelle occasioni speciali come simbolo di buona fortuna.","breadcrumb":{"@id":"https:\/\/brandgioielli.it\/prodotto\/bracciale-in-acciaio-ed-ematite-con-cornetto\/#breadcrumb"},"inLanguage":"fr-FR","potentialAction":[{"@type":"ReadAction","target":["https:\/\/brandgioielli.it\/prodotto\/bracciale-in-acciaio-ed-ematite-con-cornetto\/"]}]},{"@type":"ImageObject","inLanguage":"fr-FR","@id":"https:\/\/brandgioielli.it\/prodotto\/bracciale-in-acciaio-ed-ematite-con-cornetto\/#primaryimage","url":"https:\/\/brandgioielli.it\/wp-content\/uploads\/2025\/10\/bracciale-uomo-acciaio-ematite-cornetto.jpg","contentUrl":"https:\/\/brandgioielli.it\/wp-content\/uploads\/2025\/10\/bracciale-uomo-acciaio-ematite-cornetto.jpg","width":800,"height":800},{"@type":"BreadcrumbList","@id":"https:\/\/brandgioielli.it\/prodotto\/bracciale-in-acciaio-ed-ematite-con-cornetto\/#breadcrumb","itemListElement":[{"@type":"ListItem","position":1,"name":"Home","item":"https:\/\/brandgioielli.it\/"},{"@type":"ListItem","position":2,"name":"Shop","item":"https:\/\/brandgioielli.it\/shop\/"},{"@type":"ListItem","position":3,"name":"Bracciale in Acciaio ed Ematite con Cornetto"}]},{"@type":"WebSite","@id":"https:\/\/brandgioielli.it\/#website","url":"https:\/\/brandgioielli.it\/","name":"#BrandJewellery","description":"","publisher":{"@id":"https:\/\/brandgioielli.it\/#organization"},"potentialAction":[{"@type":"SearchAction","target":{"@type":"EntryPoint","urlTemplate":"https:\/\/brandgioielli.it\/?s={search_term_string}"},"query-input":{"@type":"PropertyValueSpecification","valueRequired":true,"valueName":"search_term_string"}}],"inLanguage":"fr-FR"},{"@type":"Organization","@id":"https:\/\/brandgioielli.it\/#organization","name":"Bijoux de marque","url":"https:\/\/brandgioielli.it\/","logo":{"@type":"ImageObject","inLanguage":"fr-FR","@id":"https:\/\/brandgioielli.it\/#\/schema\/logo\/image\/","url":"https:\/\/brandgioielli.it\/wp-content\/uploads\/2025\/07\/LogoBrand.png","contentUrl":"https:\/\/brandgioielli.it\/wp-content\/uploads\/2025\/07\/LogoBrand.png","width":600,"height":170,"caption":"Brand Gioielli"},"image":{"@id":"https:\/\/brandgioielli.it\/#\/schema\/logo\/image\/"}}]}},"_links":{"self":[{"href":"https:\/\/brandgioielli.it\/fr\/wp-json\/wp\/v2\/product\/26297","targetHints":{"allow":["GET"]}}],"collection":[{"href":"https:\/\/brandgioielli.it\/fr\/wp-json\/wp\/v2\/product"}],"about":[{"href":"https:\/\/brandgioielli.it\/fr\/wp-json\/wp\/v2\/types\/product"}],"version-history":[{"count":3,"href":"https:\/\/brandgioielli.it\/fr\/wp-json\/wp\/v2\/product\/26297\/revisions"}],"predecessor-version":[{"id":100192,"href":"https:\/\/brandgioielli.it\/fr\/wp-json\/wp\/v2\/product\/26297\/revisions\/100192"}],"wp:featuredmedia":[{"embeddable":true,"href":"https:\/\/brandgioielli.it\/fr\/wp-json\/wp\/v2\/media\/98482"}],"wp:attachment":[{"href":"https:\/\/brandgioielli.it\/fr\/wp-json\/wp\/v2\/media?parent=26297"}],"wp:term":[{"taxonomy":"product_brand","embeddable":true,"href":"https:\/\/brandgioielli.it\/fr\/wp-json\/wp\/v2\/product_brand?post=26297"},{"taxonomy":"product_cat","embeddable":true,"href":"https:\/\/brandgioielli.it\/fr\/wp-json\/wp\/v2\/product_cat?post=26297"},{"taxonomy":"product_tag","embeddable":true,"href":"https:\/\/brandgioielli.it\/fr\/wp-json\/wp\/v2\/product_tag?post=26297"}],"curies":[{"name":"wp","href":"https:\/\/api.w.org\/{rel}","templated":true}]}}