{"id":26253,"date":"2025-09-19T16:30:53","date_gmt":"2025-09-19T14:30:53","guid":{"rendered":"https:\/\/sandybrown-lark-277155.hostingersite.com\/prodotto\/bracciale-ferro-di-cavallo-quadrifoglio-e-coccinella-color-oro-e-acciaio\/"},"modified":"2026-04-21T12:17:11","modified_gmt":"2026-04-21T10:17:11","slug":"bracciale-ferro-di-cavallo-quadrifoglio-e-coccinella-color-oro-e-acciaio","status":"publish","type":"product","link":"https:\/\/brandgioielli.it\/fr\/produit\/bracciale-ferro-di-cavallo-quadrifoglio-e-coccinella-color-oro-e-acciaio\/","title":{"rendered":"Bracelet en fer \u00e0 cheval Tr\u00e8fle et coccinelle Or et acier"},"content":{"rendered":"<h3>Bracelet cube avec fer \u00e0 cheval, tr\u00e8fle \u00e0 quatre feuilles et coccinelle<\/h3>\n<p>Le bracelet cube avec fer \u00e0 cheval, tr\u00e8fle \u00e0 quatre feuilles avec cristaux et porte-bonheur coccinelle \u00e9maill\u00e9 rouge #BrandGioielli est con\u00e7u pour celles qui souhaitent toujours porter sur elles un symbole de <strong>Bonne chance<\/strong> sans sacrifier le style et la f\u00e9minit\u00e9. Ce bracelet est le bijou id\u00e9al pour celles qui recherchent une touche de couleur discr\u00e8te pouvant s'adapter \u00e0 diff\u00e9rents styles.<\/p>\n<p><strong>SP\u00c9CIFICATIONS TECHNIQUES<\/strong><\/p>\n<ul>\n<li>Bracelet cube avec symboles de chance et pendentifs en cristal<\/li>\n<li>Longueur : 16 cm + 3 cm de rallonge<\/li>\n<li>Taille de la breloque : environ 8 mm<\/li>\n<li>Finition : acier et or PVD<\/li>\n<li>Taille des cubes : 4 mm<\/li>\n<li>Type de cristaux : Zircone cubique 4 mm<\/li>\n<li>Couleur du cristal : blanc<\/li>\n<li>Mat\u00e9riau : acier inoxydable et hypoallerg\u00e9nique<\/li>\n<\/ul>\n<p><em>Tous les bijoux de la marque #Brand sont fabriqu\u00e9s \u00e0 partir de l'acier inoxydable chirurgical le plus pur du march\u00e9, test\u00e9 pour le nickel et con\u00e7u pour \u00eatre port\u00e9 tous les jours sans crainte de d\u00e9coloration ou de signes d'usure.\u00a0<\/em><\/p>","protected":false},"excerpt":{"rendered":"<p>Bracciale a Cubetti con Ferro di Cavallo, Quadrifoglio e Coccinella Il bracciale a cubetti con ferro di cavallo, quadrifoglio con cristalli e coccinella smaltata rossa portafortuna #BrandGioielli \u00e8 pensato per chi desidera portare sempre con s\u00e9 un simbolo di buona fortuna senza rinunciare a stile e femminilit\u00e0. Questo bracciale \u00e8 il gioiello perfetto per chi [&hellip;]<\/p>\n","protected":false},"featured_media":57120,"template":"","meta":[],"product_brand":[],"product_cat":[459,20,19,507],"product_tag":[354],"class_list":{"0":"post-26253","1":"product","2":"type-product","3":"status-publish","4":"has-post-thumbnail","6":"product_cat-bracciali","7":"product_cat-bracciali-donna","8":"product_cat-donna","9":"product_cat-sotto-i-30e","10":"product_tag-collezione-suerte-donna","12":"first","13":"instock","14":"shipping-taxable","15":"purchasable","16":"product-type-simple"},"yoast_head":"<!-- This site is optimized with the Yoast SEO plugin v27.4 - https:\/\/yoast.com\/product\/yoast-seo-wordpress\/ -->\n<title>Bracciale Ferro di Cavallo Quadrifoglio e Coccinella Color Oro e Acciaio - #BrandGioielli<\/title>\n<meta name=\"description\" content=\"Acquista ora su Brand Gioielli: Bracciale Ferro di Cavallo Quadrifoglio e Coccinella Color Oro e Acciaio\" \/>\n<meta name=\"robots\" content=\"index, follow, max-snippet:-1, max-image-preview:large, max-video-preview:-1\" \/>\n<link rel=\"canonical\" href=\"https:\/\/brandgioielli.it\/fr\/produit\/bracciale-ferro-di-cavallo-quadrifoglio-e-coccinella-color-oro-e-acciaio\/\" \/>\n<meta property=\"og:locale\" content=\"fr_FR\" \/>\n<meta property=\"og:type\" content=\"article\" \/>\n<meta property=\"og:title\" content=\"Bracciale Ferro di Cavallo Quadrifoglio e Coccinella Color Oro e Acciaio - #BrandGioielli\" \/>\n<meta property=\"og:description\" content=\"Acquista ora su Brand Gioielli: Bracciale Ferro di Cavallo Quadrifoglio e Coccinella Color Oro e Acciaio\" \/>\n<meta property=\"og:url\" content=\"https:\/\/brandgioielli.it\/fr\/produit\/bracciale-ferro-di-cavallo-quadrifoglio-e-coccinella-color-oro-e-acciaio\/\" \/>\n<meta property=\"og:site_name\" content=\"#BrandGioielli\" \/>\n<meta property=\"article:modified_time\" content=\"2026-04-21T10:17:11+00:00\" \/>\n<meta property=\"og:image\" content=\"http:\/\/brandgioielli.it\/wp-content\/uploads\/2025\/09\/03BR035.jpg\" \/>\n\t<meta property=\"og:image:width\" content=\"800\" \/>\n\t<meta property=\"og:image:height\" content=\"800\" \/>\n\t<meta property=\"og:image:type\" content=\"image\/jpeg\" \/>\n<meta name=\"twitter:card\" content=\"summary_large_image\" \/>\n<meta name=\"twitter:label1\" content=\"Dur\u00e9e de lecture estim\u00e9e\" \/>\n\t<meta name=\"twitter:data1\" content=\"1 minute\" \/>\n<script type=\"application\/ld+json\" class=\"yoast-schema-graph\">{\"@context\":\"https:\\\/\\\/schema.org\",\"@graph\":[{\"@type\":\"WebPage\",\"@id\":\"https:\\\/\\\/brandgioielli.it\\\/prodotto\\\/bracciale-ferro-di-cavallo-quadrifoglio-e-coccinella-color-oro-e-acciaio\\\/\",\"url\":\"https:\\\/\\\/brandgioielli.it\\\/prodotto\\\/bracciale-ferro-di-cavallo-quadrifoglio-e-coccinella-color-oro-e-acciaio\\\/\",\"name\":\"Bracciale Ferro di Cavallo Quadrifoglio e Coccinella Color Oro e Acciaio - #BrandGioielli\",\"isPartOf\":{\"@id\":\"https:\\\/\\\/brandgioielli.it\\\/#website\"},\"primaryImageOfPage\":{\"@id\":\"https:\\\/\\\/brandgioielli.it\\\/prodotto\\\/bracciale-ferro-di-cavallo-quadrifoglio-e-coccinella-color-oro-e-acciaio\\\/#primaryimage\"},\"image\":{\"@id\":\"https:\\\/\\\/brandgioielli.it\\\/prodotto\\\/bracciale-ferro-di-cavallo-quadrifoglio-e-coccinella-color-oro-e-acciaio\\\/#primaryimage\"},\"thumbnailUrl\":\"https:\\\/\\\/brandgioielli.it\\\/wp-content\\\/uploads\\\/2025\\\/09\\\/03BR035.jpg\",\"datePublished\":\"2025-09-19T14:30:53+00:00\",\"dateModified\":\"2026-04-21T10:17:11+00:00\",\"description\":\"Acquista ora su Brand Gioielli: Bracciale Ferro di Cavallo Quadrifoglio e Coccinella Color Oro e Acciaio\",\"breadcrumb\":{\"@id\":\"https:\\\/\\\/brandgioielli.it\\\/prodotto\\\/bracciale-ferro-di-cavallo-quadrifoglio-e-coccinella-color-oro-e-acciaio\\\/#breadcrumb\"},\"inLanguage\":\"fr-FR\",\"potentialAction\":[{\"@type\":\"ReadAction\",\"target\":[\"https:\\\/\\\/brandgioielli.it\\\/prodotto\\\/bracciale-ferro-di-cavallo-quadrifoglio-e-coccinella-color-oro-e-acciaio\\\/\"]}]},{\"@type\":\"ImageObject\",\"inLanguage\":\"fr-FR\",\"@id\":\"https:\\\/\\\/brandgioielli.it\\\/prodotto\\\/bracciale-ferro-di-cavallo-quadrifoglio-e-coccinella-color-oro-e-acciaio\\\/#primaryimage\",\"url\":\"https:\\\/\\\/brandgioielli.it\\\/wp-content\\\/uploads\\\/2025\\\/09\\\/03BR035.jpg\",\"contentUrl\":\"https:\\\/\\\/brandgioielli.it\\\/wp-content\\\/uploads\\\/2025\\\/09\\\/03BR035.jpg\",\"width\":800,\"height\":800},{\"@type\":\"BreadcrumbList\",\"@id\":\"https:\\\/\\\/brandgioielli.it\\\/prodotto\\\/bracciale-ferro-di-cavallo-quadrifoglio-e-coccinella-color-oro-e-acciaio\\\/#breadcrumb\",\"itemListElement\":[{\"@type\":\"ListItem\",\"position\":1,\"name\":\"Home\",\"item\":\"https:\\\/\\\/brandgioielli.it\\\/\"},{\"@type\":\"ListItem\",\"position\":2,\"name\":\"Shop\",\"item\":\"https:\\\/\\\/brandgioielli.it\\\/shop\\\/\"},{\"@type\":\"ListItem\",\"position\":3,\"name\":\"Bracciale Ferro di Cavallo Quadrifoglio e Coccinella Color Oro e Acciaio\"}]},{\"@type\":\"WebSite\",\"@id\":\"https:\\\/\\\/brandgioielli.it\\\/#website\",\"url\":\"https:\\\/\\\/brandgioielli.it\\\/\",\"name\":\"#BrandGioielli\",\"description\":\"\",\"publisher\":{\"@id\":\"https:\\\/\\\/brandgioielli.it\\\/#organization\"},\"potentialAction\":[{\"@type\":\"SearchAction\",\"target\":{\"@type\":\"EntryPoint\",\"urlTemplate\":\"https:\\\/\\\/brandgioielli.it\\\/?s={search_term_string}\"},\"query-input\":{\"@type\":\"PropertyValueSpecification\",\"valueRequired\":true,\"valueName\":\"search_term_string\"}}],\"inLanguage\":\"fr-FR\"},{\"@type\":\"Organization\",\"@id\":\"https:\\\/\\\/brandgioielli.it\\\/#organization\",\"name\":\"Brand Gioielli\",\"url\":\"https:\\\/\\\/brandgioielli.it\\\/\",\"logo\":{\"@type\":\"ImageObject\",\"inLanguage\":\"fr-FR\",\"@id\":\"https:\\\/\\\/brandgioielli.it\\\/#\\\/schema\\\/logo\\\/image\\\/\",\"url\":\"https:\\\/\\\/brandgioielli.it\\\/wp-content\\\/uploads\\\/2025\\\/07\\\/LogoBrand.png\",\"contentUrl\":\"https:\\\/\\\/brandgioielli.it\\\/wp-content\\\/uploads\\\/2025\\\/07\\\/LogoBrand.png\",\"width\":600,\"height\":170,\"caption\":\"Brand Gioielli\"},\"image\":{\"@id\":\"https:\\\/\\\/brandgioielli.it\\\/#\\\/schema\\\/logo\\\/image\\\/\"}}]}<\/script>\n<!-- \/ Yoast SEO plugin. -->","yoast_head_json":{"title":"Bracelet en or et acier avec fer \u00e0 cheval, tr\u00e8fle \u00e0 quatre feuilles et coccinelle - #BrandGioielli","description":"Achetez d\u00e8s maintenant chez Brand Gioielli : Bracelet fer \u00e0 cheval, tr\u00e8fle \u00e0 quatre feuilles et coccinelle en or et acier","robots":{"index":"index","follow":"follow","max-snippet":"max-snippet:-1","max-image-preview":"max-image-preview:large","max-video-preview":"max-video-preview:-1"},"canonical":"https:\/\/brandgioielli.it\/fr\/produit\/bracciale-ferro-di-cavallo-quadrifoglio-e-coccinella-color-oro-e-acciaio\/","og_locale":"fr_FR","og_type":"article","og_title":"Bracciale Ferro di Cavallo Quadrifoglio e Coccinella Color Oro e Acciaio - #BrandGioielli","og_description":"Acquista ora su Brand Gioielli: Bracciale Ferro di Cavallo Quadrifoglio e Coccinella Color Oro e Acciaio","og_url":"https:\/\/brandgioielli.it\/fr\/produit\/bracciale-ferro-di-cavallo-quadrifoglio-e-coccinella-color-oro-e-acciaio\/","og_site_name":"#BrandGioielli","article_modified_time":"2026-04-21T10:17:11+00:00","og_image":[{"width":800,"height":800,"url":"http:\/\/brandgioielli.it\/wp-content\/uploads\/2025\/09\/03BR035.jpg","type":"image\/jpeg"}],"twitter_card":"summary_large_image","twitter_misc":{"Dur\u00e9e de lecture estim\u00e9e":"1 minute"},"schema":{"@context":"https:\/\/schema.org","@graph":[{"@type":"WebPage","@id":"https:\/\/brandgioielli.it\/prodotto\/bracciale-ferro-di-cavallo-quadrifoglio-e-coccinella-color-oro-e-acciaio\/","url":"https:\/\/brandgioielli.it\/prodotto\/bracciale-ferro-di-cavallo-quadrifoglio-e-coccinella-color-oro-e-acciaio\/","name":"Bracelet en or et acier avec fer \u00e0 cheval, tr\u00e8fle \u00e0 quatre feuilles et coccinelle - #BrandGioielli","isPartOf":{"@id":"https:\/\/brandgioielli.it\/#website"},"primaryImageOfPage":{"@id":"https:\/\/brandgioielli.it\/prodotto\/bracciale-ferro-di-cavallo-quadrifoglio-e-coccinella-color-oro-e-acciaio\/#primaryimage"},"image":{"@id":"https:\/\/brandgioielli.it\/prodotto\/bracciale-ferro-di-cavallo-quadrifoglio-e-coccinella-color-oro-e-acciaio\/#primaryimage"},"thumbnailUrl":"https:\/\/brandgioielli.it\/wp-content\/uploads\/2025\/09\/03BR035.jpg","datePublished":"2025-09-19T14:30:53+00:00","dateModified":"2026-04-21T10:17:11+00:00","description":"Achetez d\u00e8s maintenant chez Brand Gioielli : Bracelet fer \u00e0 cheval, tr\u00e8fle \u00e0 quatre feuilles et coccinelle en or et acier","breadcrumb":{"@id":"https:\/\/brandgioielli.it\/prodotto\/bracciale-ferro-di-cavallo-quadrifoglio-e-coccinella-color-oro-e-acciaio\/#breadcrumb"},"inLanguage":"fr-FR","potentialAction":[{"@type":"ReadAction","target":["https:\/\/brandgioielli.it\/prodotto\/bracciale-ferro-di-cavallo-quadrifoglio-e-coccinella-color-oro-e-acciaio\/"]}]},{"@type":"ImageObject","inLanguage":"fr-FR","@id":"https:\/\/brandgioielli.it\/prodotto\/bracciale-ferro-di-cavallo-quadrifoglio-e-coccinella-color-oro-e-acciaio\/#primaryimage","url":"https:\/\/brandgioielli.it\/wp-content\/uploads\/2025\/09\/03BR035.jpg","contentUrl":"https:\/\/brandgioielli.it\/wp-content\/uploads\/2025\/09\/03BR035.jpg","width":800,"height":800},{"@type":"BreadcrumbList","@id":"https:\/\/brandgioielli.it\/prodotto\/bracciale-ferro-di-cavallo-quadrifoglio-e-coccinella-color-oro-e-acciaio\/#breadcrumb","itemListElement":[{"@type":"ListItem","position":1,"name":"Home","item":"https:\/\/brandgioielli.it\/"},{"@type":"ListItem","position":2,"name":"Shop","item":"https:\/\/brandgioielli.it\/shop\/"},{"@type":"ListItem","position":3,"name":"Bracciale Ferro di Cavallo Quadrifoglio e Coccinella Color Oro e Acciaio"}]},{"@type":"WebSite","@id":"https:\/\/brandgioielli.it\/#website","url":"https:\/\/brandgioielli.it\/","name":"#BrandJewellery","description":"","publisher":{"@id":"https:\/\/brandgioielli.it\/#organization"},"potentialAction":[{"@type":"SearchAction","target":{"@type":"EntryPoint","urlTemplate":"https:\/\/brandgioielli.it\/?s={search_term_string}"},"query-input":{"@type":"PropertyValueSpecification","valueRequired":true,"valueName":"search_term_string"}}],"inLanguage":"fr-FR"},{"@type":"Organization","@id":"https:\/\/brandgioielli.it\/#organization","name":"Bijoux de marque","url":"https:\/\/brandgioielli.it\/","logo":{"@type":"ImageObject","inLanguage":"fr-FR","@id":"https:\/\/brandgioielli.it\/#\/schema\/logo\/image\/","url":"https:\/\/brandgioielli.it\/wp-content\/uploads\/2025\/07\/LogoBrand.png","contentUrl":"https:\/\/brandgioielli.it\/wp-content\/uploads\/2025\/07\/LogoBrand.png","width":600,"height":170,"caption":"Brand Gioielli"},"image":{"@id":"https:\/\/brandgioielli.it\/#\/schema\/logo\/image\/"}}]}},"_links":{"self":[{"href":"https:\/\/brandgioielli.it\/fr\/wp-json\/wp\/v2\/product\/26253","targetHints":{"allow":["GET"]}}],"collection":[{"href":"https:\/\/brandgioielli.it\/fr\/wp-json\/wp\/v2\/product"}],"about":[{"href":"https:\/\/brandgioielli.it\/fr\/wp-json\/wp\/v2\/types\/product"}],"version-history":[{"count":1,"href":"https:\/\/brandgioielli.it\/fr\/wp-json\/wp\/v2\/product\/26253\/revisions"}],"predecessor-version":[{"id":26459,"href":"https:\/\/brandgioielli.it\/fr\/wp-json\/wp\/v2\/product\/26253\/revisions\/26459"}],"wp:featuredmedia":[{"embeddable":true,"href":"https:\/\/brandgioielli.it\/fr\/wp-json\/wp\/v2\/media\/57120"}],"wp:attachment":[{"href":"https:\/\/brandgioielli.it\/fr\/wp-json\/wp\/v2\/media?parent=26253"}],"wp:term":[{"taxonomy":"product_brand","embeddable":true,"href":"https:\/\/brandgioielli.it\/fr\/wp-json\/wp\/v2\/product_brand?post=26253"},{"taxonomy":"product_cat","embeddable":true,"href":"https:\/\/brandgioielli.it\/fr\/wp-json\/wp\/v2\/product_cat?post=26253"},{"taxonomy":"product_tag","embeddable":true,"href":"https:\/\/brandgioielli.it\/fr\/wp-json\/wp\/v2\/product_tag?post=26253"}],"curies":[{"name":"wp","href":"https:\/\/api.w.org\/{rel}","templated":true}]}}