{"id":26044,"date":"2025-09-19T16:27:02","date_gmt":"2025-09-19T14:27:02","guid":{"rendered":"https:\/\/sandybrown-lark-277155.hostingersite.com\/prodotto\/bracciale-micro-tennis-punti-colore-donna\/"},"modified":"2026-04-17T18:17:55","modified_gmt":"2026-04-17T16:17:55","slug":"bracciale-micro-tennis-punti-colore-donna","status":"publish","type":"product","link":"https:\/\/brandgioielli.it\/fr\/produit\/bracciale-micro-tennis-punti-colore-donna\/","title":{"rendered":"Bracelet Micro Tennis Dots Colour pour femmes"},"content":{"rendered":"<h3>Bracelet Micro Tennis Dots Colour pour femmes<\/h3>\n<p>Le bracelet tennis micro \u00e0 pois color\u00e9s pour femme de la marque Gioielli (#Brand) se distingue par son design \u00e9l\u00e9gant et intemporel, orn\u00e9 d&#039;une subtile succession de cristaux lumineux harmonieusement agenc\u00e9s. Ce bracelet tennis classique est revisit\u00e9 dans un esprit contemporain gr\u00e2ce \u00e0 un rythme \u00e9quilibr\u00e9 qui alterne cristaux blancs et touches de couleur, cr\u00e9ant un jeu de lumi\u00e8re et de mouvement raffin\u00e9. Ses lignes \u00e9pur\u00e9es et son acier brillant soulignent un style simple et sophistiqu\u00e9, faisant de ce bracelet un accessoire polyvalent, id\u00e9al au quotidien ou pour apporter une touche d&#039;\u00e9clat et d&#039;originalit\u00e9 \u00e0 des tenues plus habill\u00e9es.<\/p>\n<p><strong>SP\u00c9CIFICATIONS TECHNIQUES<\/strong><\/p>\n<ul>\n<li>Bracelet Micro Tennis Dots Colour pour femmes<\/li>\n<li>Longueur : 16cm + 3cm de rallonge, avec cha\u00eene en forme de c\u0153ur<\/li>\n<li>Taille du cristal : 1,5 mm<\/li>\n<li>Cristaux de couleur : blanc, rose, rouge, bleu, vert<\/li>\n<li>Finition : Acier ou PVD or<\/li>\n<li>Mat\u00e9riaux : Acier inoxydable, cristaux<\/li>\n<\/ul>\n<p><em>Tous les bijoux de la marque #Brand sont fabriqu\u00e9s \u00e0 partir de l'acier inoxydable chirurgical le plus pur du march\u00e9, test\u00e9 pour le nickel et con\u00e7u pour \u00eatre port\u00e9 tous les jours sans crainte de d\u00e9coloration ou de signes d'usure.<\/em><\/p>","protected":false},"excerpt":{"rendered":"<p>Bracciale Micro Tennis Punti Colore Donna Il bracciale micro tennis a punti colore da donna firmato #Brand Gioielli si distingue per il suo design elegante e senza tempo, caratterizzato da una raffinata sequenza di cristalli luminosi disposti in modo armonioso. La classica struttura tennis viene reinterpretata in chiave contemporanea attraverso un ritmo equilibrato che alterna [&hellip;]<\/p>\n","protected":false},"featured_media":103704,"template":"","meta":[],"product_brand":[],"product_cat":[459,20,567,19,506,611],"product_tag":[353],"class_list":{"0":"post-26044","1":"product","2":"type-product","3":"status-publish","4":"has-post-thumbnail","6":"product_cat-bracciali","7":"product_cat-bracciali-donna","8":"product_cat-brand-carpet","9":"product_cat-donna","10":"product_cat-sotto-i-20e","11":"product_cat-spring-selection","12":"product_tag-collezione-tennis","14":"first","15":"instock","16":"shipping-taxable","17":"purchasable","18":"product-type-variable"},"yoast_head":"<!-- This site is optimized with the Yoast SEO plugin v27.4 - https:\/\/yoast.com\/product\/yoast-seo-wordpress\/ -->\n<title>Bracciale Micro Tennis da Donna con Punto Colore - Brand Gioielli<\/title>\n<meta name=\"description\" content=\"Il Bracciale Micro Tennis da donna Brand Gioielli \u00e8 pensato per chi ama l\u2019eleganza essenziale e senza tempo. La sua linea sottile, arricchita da una sequenza di\u00a0cristalli da 1,5mm, cattura la luce in modo delicato e raffinato valorizzando ogni movimento del polso con discrezione.\" \/>\n<meta name=\"robots\" content=\"index, follow, max-snippet:-1, max-image-preview:large, max-video-preview:-1\" \/>\n<link rel=\"canonical\" href=\"https:\/\/brandgioielli.it\/fr\/produit\/bracciale-micro-tennis-punti-colore-donna\/\" \/>\n<meta property=\"og:locale\" content=\"fr_FR\" \/>\n<meta property=\"og:type\" content=\"article\" \/>\n<meta property=\"og:title\" content=\"Bracciale Micro Tennis da Donna con Punto Colore - Brand Gioielli\" \/>\n<meta property=\"og:description\" content=\"Il Bracciale Micro Tennis da donna Brand Gioielli \u00e8 pensato per chi ama l\u2019eleganza essenziale e senza tempo. La sua linea sottile, arricchita da una sequenza di\u00a0cristalli da 1,5mm, cattura la luce in modo delicato e raffinato valorizzando ogni movimento del polso con discrezione.\" \/>\n<meta property=\"og:url\" content=\"https:\/\/brandgioielli.it\/fr\/produit\/bracciale-micro-tennis-punti-colore-donna\/\" \/>\n<meta property=\"og:site_name\" content=\"#BrandGioielli\" \/>\n<meta property=\"article:modified_time\" content=\"2026-04-17T16:17:55+00:00\" \/>\n<meta property=\"og:image\" content=\"https:\/\/brandgioielli.it\/wp-content\/uploads\/2025\/09\/bracciale-micro-cristalli-5-bianchi-rosa-alternato-15mm.jpg\" \/>\n\t<meta property=\"og:image:width\" content=\"800\" \/>\n\t<meta property=\"og:image:height\" content=\"800\" \/>\n\t<meta property=\"og:image:type\" content=\"image\/jpeg\" \/>\n<meta name=\"twitter:card\" content=\"summary_large_image\" \/>\n<meta name=\"twitter:label1\" content=\"Dur\u00e9e de lecture estim\u00e9e\" \/>\n\t<meta name=\"twitter:data1\" content=\"2 minutes\" \/>\n<script type=\"application\/ld+json\" class=\"yoast-schema-graph\">{\"@context\":\"https:\\\/\\\/schema.org\",\"@graph\":[{\"@type\":\"WebPage\",\"@id\":\"https:\\\/\\\/brandgioielli.it\\\/prodotto\\\/bracciale-micro-tennis-punti-colore-donna\\\/\",\"url\":\"https:\\\/\\\/brandgioielli.it\\\/prodotto\\\/bracciale-micro-tennis-punti-colore-donna\\\/\",\"name\":\"Bracciale Micro Tennis da Donna con Punto Colore - Brand Gioielli\",\"isPartOf\":{\"@id\":\"https:\\\/\\\/brandgioielli.it\\\/#website\"},\"primaryImageOfPage\":{\"@id\":\"https:\\\/\\\/brandgioielli.it\\\/prodotto\\\/bracciale-micro-tennis-punti-colore-donna\\\/#primaryimage\"},\"image\":{\"@id\":\"https:\\\/\\\/brandgioielli.it\\\/prodotto\\\/bracciale-micro-tennis-punti-colore-donna\\\/#primaryimage\"},\"thumbnailUrl\":\"https:\\\/\\\/brandgioielli.it\\\/wp-content\\\/uploads\\\/2025\\\/09\\\/bracciale-micro-cristalli-5-bianchi-rosa-alternato-15mm.jpg\",\"datePublished\":\"2025-09-19T14:27:02+00:00\",\"dateModified\":\"2026-04-17T16:17:55+00:00\",\"description\":\"Il Bracciale Micro Tennis da donna Brand Gioielli \u00e8 pensato per chi ama l\u2019eleganza essenziale e senza tempo. La sua linea sottile, arricchita da una sequenza di\u00a0cristalli da 1,5mm, cattura la luce in modo delicato e raffinato valorizzando ogni movimento del polso con discrezione.\",\"breadcrumb\":{\"@id\":\"https:\\\/\\\/brandgioielli.it\\\/prodotto\\\/bracciale-micro-tennis-punti-colore-donna\\\/#breadcrumb\"},\"inLanguage\":\"fr-FR\",\"potentialAction\":[{\"@type\":\"ReadAction\",\"target\":[\"https:\\\/\\\/brandgioielli.it\\\/prodotto\\\/bracciale-micro-tennis-punti-colore-donna\\\/\"]}]},{\"@type\":\"ImageObject\",\"inLanguage\":\"fr-FR\",\"@id\":\"https:\\\/\\\/brandgioielli.it\\\/prodotto\\\/bracciale-micro-tennis-punti-colore-donna\\\/#primaryimage\",\"url\":\"https:\\\/\\\/brandgioielli.it\\\/wp-content\\\/uploads\\\/2025\\\/09\\\/bracciale-micro-cristalli-5-bianchi-rosa-alternato-15mm.jpg\",\"contentUrl\":\"https:\\\/\\\/brandgioielli.it\\\/wp-content\\\/uploads\\\/2025\\\/09\\\/bracciale-micro-cristalli-5-bianchi-rosa-alternato-15mm.jpg\",\"width\":800,\"height\":800},{\"@type\":\"BreadcrumbList\",\"@id\":\"https:\\\/\\\/brandgioielli.it\\\/prodotto\\\/bracciale-micro-tennis-punti-colore-donna\\\/#breadcrumb\",\"itemListElement\":[{\"@type\":\"ListItem\",\"position\":1,\"name\":\"Home\",\"item\":\"https:\\\/\\\/brandgioielli.it\\\/\"},{\"@type\":\"ListItem\",\"position\":2,\"name\":\"Shop\",\"item\":\"https:\\\/\\\/brandgioielli.it\\\/shop\\\/\"},{\"@type\":\"ListItem\",\"position\":3,\"name\":\"Bracciale Micro Tennis Punti Colore Donna\"}]},{\"@type\":\"WebSite\",\"@id\":\"https:\\\/\\\/brandgioielli.it\\\/#website\",\"url\":\"https:\\\/\\\/brandgioielli.it\\\/\",\"name\":\"#BrandGioielli\",\"description\":\"\",\"publisher\":{\"@id\":\"https:\\\/\\\/brandgioielli.it\\\/#organization\"},\"potentialAction\":[{\"@type\":\"SearchAction\",\"target\":{\"@type\":\"EntryPoint\",\"urlTemplate\":\"https:\\\/\\\/brandgioielli.it\\\/?s={search_term_string}\"},\"query-input\":{\"@type\":\"PropertyValueSpecification\",\"valueRequired\":true,\"valueName\":\"search_term_string\"}}],\"inLanguage\":\"fr-FR\"},{\"@type\":\"Organization\",\"@id\":\"https:\\\/\\\/brandgioielli.it\\\/#organization\",\"name\":\"Brand Gioielli\",\"url\":\"https:\\\/\\\/brandgioielli.it\\\/\",\"logo\":{\"@type\":\"ImageObject\",\"inLanguage\":\"fr-FR\",\"@id\":\"https:\\\/\\\/brandgioielli.it\\\/#\\\/schema\\\/logo\\\/image\\\/\",\"url\":\"https:\\\/\\\/brandgioielli.it\\\/wp-content\\\/uploads\\\/2025\\\/07\\\/LogoBrand.png\",\"contentUrl\":\"https:\\\/\\\/brandgioielli.it\\\/wp-content\\\/uploads\\\/2025\\\/07\\\/LogoBrand.png\",\"width\":600,\"height\":170,\"caption\":\"Brand Gioielli\"},\"image\":{\"@id\":\"https:\\\/\\\/brandgioielli.it\\\/#\\\/schema\\\/logo\\\/image\\\/\"}}]}<\/script>\n<!-- \/ Yoast SEO plugin. -->","yoast_head_json":{"title":"Bracciale Micro Tennis da Donna con Punto Colore - Brand Gioielli","description":"Il Bracciale Micro Tennis da donna Brand Gioielli \u00e8 pensato per chi ama l\u2019eleganza essenziale e senza tempo. La sua linea sottile, arricchita da una sequenza di\u00a0cristalli da 1,5mm, cattura la luce in modo delicato e raffinato valorizzando ogni movimento del polso con discrezione.","robots":{"index":"index","follow":"follow","max-snippet":"max-snippet:-1","max-image-preview":"max-image-preview:large","max-video-preview":"max-video-preview:-1"},"canonical":"https:\/\/brandgioielli.it\/fr\/produit\/bracciale-micro-tennis-punti-colore-donna\/","og_locale":"fr_FR","og_type":"article","og_title":"Bracciale Micro Tennis da Donna con Punto Colore - Brand Gioielli","og_description":"Il Bracciale Micro Tennis da donna Brand Gioielli \u00e8 pensato per chi ama l\u2019eleganza essenziale e senza tempo. La sua linea sottile, arricchita da una sequenza di\u00a0cristalli da 1,5mm, cattura la luce in modo delicato e raffinato valorizzando ogni movimento del polso con discrezione.","og_url":"https:\/\/brandgioielli.it\/fr\/produit\/bracciale-micro-tennis-punti-colore-donna\/","og_site_name":"#BrandGioielli","article_modified_time":"2026-04-17T16:17:55+00:00","og_image":[{"width":800,"height":800,"url":"https:\/\/brandgioielli.it\/wp-content\/uploads\/2025\/09\/bracciale-micro-cristalli-5-bianchi-rosa-alternato-15mm.jpg","type":"image\/jpeg"}],"twitter_card":"summary_large_image","twitter_misc":{"Dur\u00e9e de lecture estim\u00e9e":"2 minutes"},"schema":{"@context":"https:\/\/schema.org","@graph":[{"@type":"WebPage","@id":"https:\/\/brandgioielli.it\/prodotto\/bracciale-micro-tennis-punti-colore-donna\/","url":"https:\/\/brandgioielli.it\/prodotto\/bracciale-micro-tennis-punti-colore-donna\/","name":"Bracciale Micro Tennis da Donna con Punto Colore - Brand Gioielli","isPartOf":{"@id":"https:\/\/brandgioielli.it\/#website"},"primaryImageOfPage":{"@id":"https:\/\/brandgioielli.it\/prodotto\/bracciale-micro-tennis-punti-colore-donna\/#primaryimage"},"image":{"@id":"https:\/\/brandgioielli.it\/prodotto\/bracciale-micro-tennis-punti-colore-donna\/#primaryimage"},"thumbnailUrl":"https:\/\/brandgioielli.it\/wp-content\/uploads\/2025\/09\/bracciale-micro-cristalli-5-bianchi-rosa-alternato-15mm.jpg","datePublished":"2025-09-19T14:27:02+00:00","dateModified":"2026-04-17T16:17:55+00:00","description":"Il Bracciale Micro Tennis da donna Brand Gioielli \u00e8 pensato per chi ama l\u2019eleganza essenziale e senza tempo. La sua linea sottile, arricchita da una sequenza di\u00a0cristalli da 1,5mm, cattura la luce in modo delicato e raffinato valorizzando ogni movimento del polso con discrezione.","breadcrumb":{"@id":"https:\/\/brandgioielli.it\/prodotto\/bracciale-micro-tennis-punti-colore-donna\/#breadcrumb"},"inLanguage":"fr-FR","potentialAction":[{"@type":"ReadAction","target":["https:\/\/brandgioielli.it\/prodotto\/bracciale-micro-tennis-punti-colore-donna\/"]}]},{"@type":"ImageObject","inLanguage":"fr-FR","@id":"https:\/\/brandgioielli.it\/prodotto\/bracciale-micro-tennis-punti-colore-donna\/#primaryimage","url":"https:\/\/brandgioielli.it\/wp-content\/uploads\/2025\/09\/bracciale-micro-cristalli-5-bianchi-rosa-alternato-15mm.jpg","contentUrl":"https:\/\/brandgioielli.it\/wp-content\/uploads\/2025\/09\/bracciale-micro-cristalli-5-bianchi-rosa-alternato-15mm.jpg","width":800,"height":800},{"@type":"BreadcrumbList","@id":"https:\/\/brandgioielli.it\/prodotto\/bracciale-micro-tennis-punti-colore-donna\/#breadcrumb","itemListElement":[{"@type":"ListItem","position":1,"name":"Home","item":"https:\/\/brandgioielli.it\/"},{"@type":"ListItem","position":2,"name":"Shop","item":"https:\/\/brandgioielli.it\/shop\/"},{"@type":"ListItem","position":3,"name":"Bracciale Micro Tennis Punti Colore Donna"}]},{"@type":"WebSite","@id":"https:\/\/brandgioielli.it\/#website","url":"https:\/\/brandgioielli.it\/","name":"#BrandJewellery","description":"","publisher":{"@id":"https:\/\/brandgioielli.it\/#organization"},"potentialAction":[{"@type":"SearchAction","target":{"@type":"EntryPoint","urlTemplate":"https:\/\/brandgioielli.it\/?s={search_term_string}"},"query-input":{"@type":"PropertyValueSpecification","valueRequired":true,"valueName":"search_term_string"}}],"inLanguage":"fr-FR"},{"@type":"Organization","@id":"https:\/\/brandgioielli.it\/#organization","name":"Bijoux de marque","url":"https:\/\/brandgioielli.it\/","logo":{"@type":"ImageObject","inLanguage":"fr-FR","@id":"https:\/\/brandgioielli.it\/#\/schema\/logo\/image\/","url":"https:\/\/brandgioielli.it\/wp-content\/uploads\/2025\/07\/LogoBrand.png","contentUrl":"https:\/\/brandgioielli.it\/wp-content\/uploads\/2025\/07\/LogoBrand.png","width":600,"height":170,"caption":"Brand Gioielli"},"image":{"@id":"https:\/\/brandgioielli.it\/#\/schema\/logo\/image\/"}}]}},"_links":{"self":[{"href":"https:\/\/brandgioielli.it\/fr\/wp-json\/wp\/v2\/product\/26044","targetHints":{"allow":["GET"]}}],"collection":[{"href":"https:\/\/brandgioielli.it\/fr\/wp-json\/wp\/v2\/product"}],"about":[{"href":"https:\/\/brandgioielli.it\/fr\/wp-json\/wp\/v2\/types\/product"}],"version-history":[{"count":7,"href":"https:\/\/brandgioielli.it\/fr\/wp-json\/wp\/v2\/product\/26044\/revisions"}],"predecessor-version":[{"id":103713,"href":"https:\/\/brandgioielli.it\/fr\/wp-json\/wp\/v2\/product\/26044\/revisions\/103713"}],"wp:featuredmedia":[{"embeddable":true,"href":"https:\/\/brandgioielli.it\/fr\/wp-json\/wp\/v2\/media\/103704"}],"wp:attachment":[{"href":"https:\/\/brandgioielli.it\/fr\/wp-json\/wp\/v2\/media?parent=26044"}],"wp:term":[{"taxonomy":"product_brand","embeddable":true,"href":"https:\/\/brandgioielli.it\/fr\/wp-json\/wp\/v2\/product_brand?post=26044"},{"taxonomy":"product_cat","embeddable":true,"href":"https:\/\/brandgioielli.it\/fr\/wp-json\/wp\/v2\/product_cat?post=26044"},{"taxonomy":"product_tag","embeddable":true,"href":"https:\/\/brandgioielli.it\/fr\/wp-json\/wp\/v2\/product_tag?post=26044"}],"curies":[{"name":"wp","href":"https:\/\/api.w.org\/{rel}","templated":true}]}}