{"id":26014,"date":"2025-09-19T16:26:19","date_gmt":"2025-09-19T14:26:19","guid":{"rendered":"https:\/\/sandybrown-lark-277155.hostingersite.com\/prodotto\/bracciale-tennis-classico-colore-alternato-donna\/"},"modified":"2026-04-17T18:18:00","modified_gmt":"2026-04-17T16:18:00","slug":"bracciale-tennis-classico-alternato-donna","status":"publish","type":"product","link":"https:\/\/brandgioielli.it\/fr\/produit\/bracciale-tennis-classico-alternato-donna\/","title":{"rendered":"Bracelet de tennis classique \u00e0 maillons altern\u00e9s pour femme"},"content":{"rendered":"<h3>Bracelet de tennis classique \u00e0 maillons altern\u00e9s pour femme<\/h3>\n<p>Le bracelet tennis classique \u00e0 couleurs altern\u00e9es pour femme de la marque Gioielli (#) se distingue par son design \u00e9l\u00e9gant et intemporel, orn\u00e9 d&#039;une subtile succession de cristaux lumineux harmonieusement agenc\u00e9s. Ce bracelet tennis classique est revisit\u00e9 de fa\u00e7on contemporaine gr\u00e2ce \u00e0 l&#039;alternance de cristaux blancs et de d\u00e9licates touches de couleur, qui lui conf\u00e8rent mouvement et personnalit\u00e9 sans rien perdre de son \u00e9l\u00e9gance. Ses lignes \u00e9pur\u00e9es et son acier inoxydable brillant soulignent un style f\u00e9minin et sophistiqu\u00e9, faisant de ce bracelet un accessoire polyvalent, id\u00e9al au quotidien ou pour parfaire des tenues plus habill\u00e9es d&#039;une touche lumineuse et raffin\u00e9e.<\/p>\n<p><strong>SP\u00c9CIFICATIONS TECHNIQUES<\/strong><\/p>\n<ul>\n<li>Bracelet de tennis classique \u00e0 maillons altern\u00e9s pour femme<\/li>\n<li>Longueur : 16cm + 3cm de rallonge, avec cha\u00eene en forme de c\u0153ur<\/li>\n<li>Taille du cristal : 2 mm<\/li>\n<li>Couleur des cristaux : Blanc alternant avec du rose, du rouge, du bleu ou du vert<\/li>\n<li>Finition : acier<\/li>\n<li>Mat\u00e9riaux : Acier inoxydable, cristaux<\/li>\n<\/ul>\n<p><em>Tous les bijoux de la marque #Brand sont fabriqu\u00e9s \u00e0 partir de l'acier inoxydable chirurgical le plus pur du march\u00e9, test\u00e9 pour le nickel et con\u00e7u pour \u00eatre port\u00e9 tous les jours sans crainte de d\u00e9coloration ou de signes d'usure.\u00a0<\/em><\/p>","protected":false},"excerpt":{"rendered":"<p>Bracciale Tennis Classico Alternato Donna Il bracciale tennis classico con colore alternato da donna firmato #Brand Gioielli si distingue per il suo design elegante e senza tempo, caratterizzato da una raffinata sequenza di cristalli luminosi disposti in modo armonioso. La classica struttura tennis viene reinterpretata in chiave contemporanea grazie all\u2019alternanza del cristallo bianco a delicati [&hellip;]<\/p>\n","protected":false},"featured_media":103545,"template":"","meta":[],"product_brand":[],"product_cat":[459,20,567,19,506,611],"product_tag":[353],"class_list":{"0":"post-26014","1":"product","2":"type-product","3":"status-publish","4":"has-post-thumbnail","6":"product_cat-bracciali","7":"product_cat-bracciali-donna","8":"product_cat-brand-carpet","9":"product_cat-donna","10":"product_cat-sotto-i-20e","11":"product_cat-spring-selection","12":"product_tag-collezione-tennis","14":"first","15":"instock","16":"shipping-taxable","17":"purchasable","18":"product-type-variable"},"yoast_head":"<!-- This site is optimized with the Yoast SEO plugin v27.4 - https:\/\/yoast.com\/product\/yoast-seo-wordpress\/ -->\n<title>Bracciale Tennis Classico da Donna a Cristalli Alternati - Brand Gioielli<\/title>\n<meta name=\"description\" content=\"Il Bracciale Tennis Classico Bicolore da donna Brand Gioielli \u00e8 pensato per chi ama l\u2019eleganza essenziale e senza tempo. La sua linea sottile, arricchita da una sequenza di cristalli da 2mm, cattura la luce in modo delicato e raffinato valorizzando ogni movimento del polso con discrezione.\" \/>\n<meta name=\"robots\" content=\"index, follow, max-snippet:-1, max-image-preview:large, max-video-preview:-1\" \/>\n<link rel=\"canonical\" href=\"https:\/\/brandgioielli.it\/fr\/produit\/bracciale-tennis-classico-alternato-donna\/\" \/>\n<meta property=\"og:locale\" content=\"fr_FR\" \/>\n<meta property=\"og:type\" content=\"article\" \/>\n<meta property=\"og:title\" content=\"Bracciale Tennis Classico da Donna a Cristalli Alternati - Brand Gioielli\" \/>\n<meta property=\"og:description\" content=\"Il Bracciale Tennis Classico Bicolore da donna Brand Gioielli \u00e8 pensato per chi ama l\u2019eleganza essenziale e senza tempo. La sua linea sottile, arricchita da una sequenza di cristalli da 2mm, cattura la luce in modo delicato e raffinato valorizzando ogni movimento del polso con discrezione.\" \/>\n<meta property=\"og:url\" content=\"https:\/\/brandgioielli.it\/fr\/produit\/bracciale-tennis-classico-alternato-donna\/\" \/>\n<meta property=\"og:site_name\" content=\"#BrandGioielli\" \/>\n<meta property=\"article:modified_time\" content=\"2026-04-17T16:18:00+00:00\" \/>\n<meta property=\"og:image\" content=\"https:\/\/brandgioielli.it\/wp-content\/uploads\/2025\/09\/bracciale-classico-cristalli-rosa-alternato-2mm.jpg\" \/>\n\t<meta property=\"og:image:width\" content=\"800\" \/>\n\t<meta property=\"og:image:height\" content=\"800\" \/>\n\t<meta property=\"og:image:type\" content=\"image\/jpeg\" \/>\n<meta name=\"twitter:card\" content=\"summary_large_image\" \/>\n<meta name=\"twitter:label1\" content=\"Dur\u00e9e de lecture estim\u00e9e\" \/>\n\t<meta name=\"twitter:data1\" content=\"2 minutes\" \/>\n<script type=\"application\/ld+json\" class=\"yoast-schema-graph\">{\"@context\":\"https:\\\/\\\/schema.org\",\"@graph\":[{\"@type\":\"WebPage\",\"@id\":\"https:\\\/\\\/brandgioielli.it\\\/prodotto\\\/bracciale-tennis-classico-alternato-donna\\\/\",\"url\":\"https:\\\/\\\/brandgioielli.it\\\/prodotto\\\/bracciale-tennis-classico-alternato-donna\\\/\",\"name\":\"Bracciale Tennis Classico da Donna a Cristalli Alternati - Brand Gioielli\",\"isPartOf\":{\"@id\":\"https:\\\/\\\/brandgioielli.it\\\/#website\"},\"primaryImageOfPage\":{\"@id\":\"https:\\\/\\\/brandgioielli.it\\\/prodotto\\\/bracciale-tennis-classico-alternato-donna\\\/#primaryimage\"},\"image\":{\"@id\":\"https:\\\/\\\/brandgioielli.it\\\/prodotto\\\/bracciale-tennis-classico-alternato-donna\\\/#primaryimage\"},\"thumbnailUrl\":\"https:\\\/\\\/brandgioielli.it\\\/wp-content\\\/uploads\\\/2025\\\/09\\\/bracciale-classico-cristalli-rosa-alternato-2mm.jpg\",\"datePublished\":\"2025-09-19T14:26:19+00:00\",\"dateModified\":\"2026-04-17T16:18:00+00:00\",\"description\":\"Il Bracciale Tennis Classico Bicolore da donna Brand Gioielli \u00e8 pensato per chi ama l\u2019eleganza essenziale e senza tempo. La sua linea sottile, arricchita da una sequenza di cristalli da 2mm, cattura la luce in modo delicato e raffinato valorizzando ogni movimento del polso con discrezione.\",\"breadcrumb\":{\"@id\":\"https:\\\/\\\/brandgioielli.it\\\/prodotto\\\/bracciale-tennis-classico-alternato-donna\\\/#breadcrumb\"},\"inLanguage\":\"fr-FR\",\"potentialAction\":[{\"@type\":\"ReadAction\",\"target\":[\"https:\\\/\\\/brandgioielli.it\\\/prodotto\\\/bracciale-tennis-classico-alternato-donna\\\/\"]}]},{\"@type\":\"ImageObject\",\"inLanguage\":\"fr-FR\",\"@id\":\"https:\\\/\\\/brandgioielli.it\\\/prodotto\\\/bracciale-tennis-classico-alternato-donna\\\/#primaryimage\",\"url\":\"https:\\\/\\\/brandgioielli.it\\\/wp-content\\\/uploads\\\/2025\\\/09\\\/bracciale-classico-cristalli-rosa-alternato-2mm.jpg\",\"contentUrl\":\"https:\\\/\\\/brandgioielli.it\\\/wp-content\\\/uploads\\\/2025\\\/09\\\/bracciale-classico-cristalli-rosa-alternato-2mm.jpg\",\"width\":800,\"height\":800},{\"@type\":\"BreadcrumbList\",\"@id\":\"https:\\\/\\\/brandgioielli.it\\\/prodotto\\\/bracciale-tennis-classico-alternato-donna\\\/#breadcrumb\",\"itemListElement\":[{\"@type\":\"ListItem\",\"position\":1,\"name\":\"Home\",\"item\":\"https:\\\/\\\/brandgioielli.it\\\/\"},{\"@type\":\"ListItem\",\"position\":2,\"name\":\"Shop\",\"item\":\"https:\\\/\\\/brandgioielli.it\\\/shop\\\/\"},{\"@type\":\"ListItem\",\"position\":3,\"name\":\"Bracciale Tennis Classico Alternato Donna\"}]},{\"@type\":\"WebSite\",\"@id\":\"https:\\\/\\\/brandgioielli.it\\\/#website\",\"url\":\"https:\\\/\\\/brandgioielli.it\\\/\",\"name\":\"#BrandGioielli\",\"description\":\"\",\"publisher\":{\"@id\":\"https:\\\/\\\/brandgioielli.it\\\/#organization\"},\"potentialAction\":[{\"@type\":\"SearchAction\",\"target\":{\"@type\":\"EntryPoint\",\"urlTemplate\":\"https:\\\/\\\/brandgioielli.it\\\/?s={search_term_string}\"},\"query-input\":{\"@type\":\"PropertyValueSpecification\",\"valueRequired\":true,\"valueName\":\"search_term_string\"}}],\"inLanguage\":\"fr-FR\"},{\"@type\":\"Organization\",\"@id\":\"https:\\\/\\\/brandgioielli.it\\\/#organization\",\"name\":\"Brand Gioielli\",\"url\":\"https:\\\/\\\/brandgioielli.it\\\/\",\"logo\":{\"@type\":\"ImageObject\",\"inLanguage\":\"fr-FR\",\"@id\":\"https:\\\/\\\/brandgioielli.it\\\/#\\\/schema\\\/logo\\\/image\\\/\",\"url\":\"https:\\\/\\\/brandgioielli.it\\\/wp-content\\\/uploads\\\/2025\\\/07\\\/LogoBrand.png\",\"contentUrl\":\"https:\\\/\\\/brandgioielli.it\\\/wp-content\\\/uploads\\\/2025\\\/07\\\/LogoBrand.png\",\"width\":600,\"height\":170,\"caption\":\"Brand Gioielli\"},\"image\":{\"@id\":\"https:\\\/\\\/brandgioielli.it\\\/#\\\/schema\\\/logo\\\/image\\\/\"}}]}<\/script>\n<!-- \/ Yoast SEO plugin. -->","yoast_head_json":{"title":"Bracciale Tennis Classico da Donna a Cristalli Alternati - Brand Gioielli","description":"Il Bracciale Tennis Classico Bicolore da donna Brand Gioielli \u00e8 pensato per chi ama l\u2019eleganza essenziale e senza tempo. La sua linea sottile, arricchita da una sequenza di cristalli da 2mm, cattura la luce in modo delicato e raffinato valorizzando ogni movimento del polso con discrezione.","robots":{"index":"index","follow":"follow","max-snippet":"max-snippet:-1","max-image-preview":"max-image-preview:large","max-video-preview":"max-video-preview:-1"},"canonical":"https:\/\/brandgioielli.it\/fr\/produit\/bracciale-tennis-classico-alternato-donna\/","og_locale":"fr_FR","og_type":"article","og_title":"Bracciale Tennis Classico da Donna a Cristalli Alternati - Brand Gioielli","og_description":"Il Bracciale Tennis Classico Bicolore da donna Brand Gioielli \u00e8 pensato per chi ama l\u2019eleganza essenziale e senza tempo. La sua linea sottile, arricchita da una sequenza di cristalli da 2mm, cattura la luce in modo delicato e raffinato valorizzando ogni movimento del polso con discrezione.","og_url":"https:\/\/brandgioielli.it\/fr\/produit\/bracciale-tennis-classico-alternato-donna\/","og_site_name":"#BrandGioielli","article_modified_time":"2026-04-17T16:18:00+00:00","og_image":[{"width":800,"height":800,"url":"https:\/\/brandgioielli.it\/wp-content\/uploads\/2025\/09\/bracciale-classico-cristalli-rosa-alternato-2mm.jpg","type":"image\/jpeg"}],"twitter_card":"summary_large_image","twitter_misc":{"Dur\u00e9e de lecture estim\u00e9e":"2 minutes"},"schema":{"@context":"https:\/\/schema.org","@graph":[{"@type":"WebPage","@id":"https:\/\/brandgioielli.it\/prodotto\/bracciale-tennis-classico-alternato-donna\/","url":"https:\/\/brandgioielli.it\/prodotto\/bracciale-tennis-classico-alternato-donna\/","name":"Bracciale Tennis Classico da Donna a Cristalli Alternati - Brand Gioielli","isPartOf":{"@id":"https:\/\/brandgioielli.it\/#website"},"primaryImageOfPage":{"@id":"https:\/\/brandgioielli.it\/prodotto\/bracciale-tennis-classico-alternato-donna\/#primaryimage"},"image":{"@id":"https:\/\/brandgioielli.it\/prodotto\/bracciale-tennis-classico-alternato-donna\/#primaryimage"},"thumbnailUrl":"https:\/\/brandgioielli.it\/wp-content\/uploads\/2025\/09\/bracciale-classico-cristalli-rosa-alternato-2mm.jpg","datePublished":"2025-09-19T14:26:19+00:00","dateModified":"2026-04-17T16:18:00+00:00","description":"Il Bracciale Tennis Classico Bicolore da donna Brand Gioielli \u00e8 pensato per chi ama l\u2019eleganza essenziale e senza tempo. La sua linea sottile, arricchita da una sequenza di cristalli da 2mm, cattura la luce in modo delicato e raffinato valorizzando ogni movimento del polso con discrezione.","breadcrumb":{"@id":"https:\/\/brandgioielli.it\/prodotto\/bracciale-tennis-classico-alternato-donna\/#breadcrumb"},"inLanguage":"fr-FR","potentialAction":[{"@type":"ReadAction","target":["https:\/\/brandgioielli.it\/prodotto\/bracciale-tennis-classico-alternato-donna\/"]}]},{"@type":"ImageObject","inLanguage":"fr-FR","@id":"https:\/\/brandgioielli.it\/prodotto\/bracciale-tennis-classico-alternato-donna\/#primaryimage","url":"https:\/\/brandgioielli.it\/wp-content\/uploads\/2025\/09\/bracciale-classico-cristalli-rosa-alternato-2mm.jpg","contentUrl":"https:\/\/brandgioielli.it\/wp-content\/uploads\/2025\/09\/bracciale-classico-cristalli-rosa-alternato-2mm.jpg","width":800,"height":800},{"@type":"BreadcrumbList","@id":"https:\/\/brandgioielli.it\/prodotto\/bracciale-tennis-classico-alternato-donna\/#breadcrumb","itemListElement":[{"@type":"ListItem","position":1,"name":"Home","item":"https:\/\/brandgioielli.it\/"},{"@type":"ListItem","position":2,"name":"Shop","item":"https:\/\/brandgioielli.it\/shop\/"},{"@type":"ListItem","position":3,"name":"Bracciale Tennis Classico Alternato Donna"}]},{"@type":"WebSite","@id":"https:\/\/brandgioielli.it\/#website","url":"https:\/\/brandgioielli.it\/","name":"#BrandJewellery","description":"","publisher":{"@id":"https:\/\/brandgioielli.it\/#organization"},"potentialAction":[{"@type":"SearchAction","target":{"@type":"EntryPoint","urlTemplate":"https:\/\/brandgioielli.it\/?s={search_term_string}"},"query-input":{"@type":"PropertyValueSpecification","valueRequired":true,"valueName":"search_term_string"}}],"inLanguage":"fr-FR"},{"@type":"Organization","@id":"https:\/\/brandgioielli.it\/#organization","name":"Bijoux de marque","url":"https:\/\/brandgioielli.it\/","logo":{"@type":"ImageObject","inLanguage":"fr-FR","@id":"https:\/\/brandgioielli.it\/#\/schema\/logo\/image\/","url":"https:\/\/brandgioielli.it\/wp-content\/uploads\/2025\/07\/LogoBrand.png","contentUrl":"https:\/\/brandgioielli.it\/wp-content\/uploads\/2025\/07\/LogoBrand.png","width":600,"height":170,"caption":"Brand Gioielli"},"image":{"@id":"https:\/\/brandgioielli.it\/#\/schema\/logo\/image\/"}}]}},"_links":{"self":[{"href":"https:\/\/brandgioielli.it\/fr\/wp-json\/wp\/v2\/product\/26014","targetHints":{"allow":["GET"]}}],"collection":[{"href":"https:\/\/brandgioielli.it\/fr\/wp-json\/wp\/v2\/product"}],"about":[{"href":"https:\/\/brandgioielli.it\/fr\/wp-json\/wp\/v2\/types\/product"}],"version-history":[{"count":9,"href":"https:\/\/brandgioielli.it\/fr\/wp-json\/wp\/v2\/product\/26014\/revisions"}],"predecessor-version":[{"id":103736,"href":"https:\/\/brandgioielli.it\/fr\/wp-json\/wp\/v2\/product\/26014\/revisions\/103736"}],"wp:featuredmedia":[{"embeddable":true,"href":"https:\/\/brandgioielli.it\/fr\/wp-json\/wp\/v2\/media\/103545"}],"wp:attachment":[{"href":"https:\/\/brandgioielli.it\/fr\/wp-json\/wp\/v2\/media?parent=26014"}],"wp:term":[{"taxonomy":"product_brand","embeddable":true,"href":"https:\/\/brandgioielli.it\/fr\/wp-json\/wp\/v2\/product_brand?post=26014"},{"taxonomy":"product_cat","embeddable":true,"href":"https:\/\/brandgioielli.it\/fr\/wp-json\/wp\/v2\/product_cat?post=26014"},{"taxonomy":"product_tag","embeddable":true,"href":"https:\/\/brandgioielli.it\/fr\/wp-json\/wp\/v2\/product_tag?post=26014"}],"curies":[{"name":"wp","href":"https:\/\/api.w.org\/{rel}","templated":true}]}}