{"id":25978,"date":"2025-10-03T08:52:37","date_gmt":"2025-10-03T06:52:37","guid":{"rendered":"https:\/\/sandybrown-lark-277155.hostingersite.com\/prodotto\/bracciale-maxi-tennis-colorato-donna\/"},"modified":"2026-04-16T18:20:07","modified_gmt":"2026-04-16T16:20:07","slug":"bracciale-maxi-tennis","status":"publish","type":"product","link":"https:\/\/brandgioielli.it\/fr\/produit\/bracciale-maxi-tennis\/","title":{"rendered":"Bracelet de tennis Maxi"},"content":{"rendered":"<h3>Bracelet de tennis Maxi<\/h3>\n<p>Le bracelet maxi tennis de la marque #Brand Gioielli se distingue par son style \u00e9l\u00e9gant et intemporel. Une rang\u00e9e r\u00e9guli\u00e8re de cristaux apporte lumi\u00e8re et sophistication au design. Ses lignes \u00e9pur\u00e9es et ses proportions harmonieuses subliment une esth\u00e9tique classique, revisit\u00e9e avec une touche contemporaine pour s&#039;adapter \u00e0 toutes les occasions. Disponible en plusieurs couleurs et finitions, ce bracelet vous permet de choisir la version qui correspond le mieux \u00e0 votre style. Pi\u00e8ce polyvalente et sophistiqu\u00e9e, il se porte aussi bien seul qu&#039;associ\u00e9 \u00e0 d&#039;autres accessoires pour parfaire votre tenue d&#039;une \u00e9l\u00e9gance discr\u00e8te.<\/p>\n<p><strong>SP\u00c9CIFICATIONS TECHNIQUES<\/strong><\/p>\n<ul>\n<li>Bracelet de tennis Maxi<\/li>\n<li>Longueur : 16cm + 3cm d'extension<\/li>\n<li>Taille du cristal : 3 mm<\/li>\n<li>Couleur des cristaux : blanc, rose, rouge, bleu, vert, noir<\/li>\n<li>Finition : Acier ou PVD or<\/li>\n<li>Mat\u00e9riaux : Acier inoxydable, cristaux<\/li>\n<\/ul>\n<p><em>Tous les bijoux de la marque #Brand sont fabriqu\u00e9s \u00e0 partir de l'acier inoxydable chirurgical le plus pur du march\u00e9, test\u00e9 pour le nickel et con\u00e7u pour \u00eatre port\u00e9 tous les jours sans crainte de d\u00e9coloration ou de signes d'usure.<\/em><\/p>","protected":false},"excerpt":{"rendered":"<p>Bracciale Maxi Tennis Il bracciale maxi tennis firmato #Brand Gioielli si distingue per il suo stile elegante e intramontabile, caratterizzato da una sequenza regolare di cristalli che donano luce e raffinatezza al design. Le linee pulite e l\u2019equilibrio delle proporzioni esaltano un\u2019estetica classica, reinterpretata in chiave contemporanea per adattarsi a ogni occasione. Disponibile in diverse [&hellip;]<\/p>\n","protected":false},"featured_media":103672,"template":"","meta":[],"product_brand":[],"product_cat":[459,20,567,19,506,611],"product_tag":[353],"class_list":{"0":"post-25978","1":"product","2":"type-product","3":"status-publish","4":"has-post-thumbnail","6":"product_cat-bracciali","7":"product_cat-bracciali-donna","8":"product_cat-brand-carpet","9":"product_cat-donna","10":"product_cat-sotto-i-20e","11":"product_cat-spring-selection","12":"product_tag-collezione-tennis","14":"first","15":"instock","16":"shipping-taxable","17":"purchasable","18":"product-type-variable"},"yoast_head":"<!-- This site is optimized with the Yoast SEO plugin v27.4 - https:\/\/yoast.com\/product\/yoast-seo-wordpress\/ -->\n<title>Bracciale Maxi Tennis da Donna Colorato - Brand Gioielli<\/title>\n<meta name=\"description\" content=\"Il Bracciale Maxi Tennis da Donna Brand Gioielli \u00e8 pensato per chi ama l\u2019eleganza essenziale e senza tempo. La sua linea sottile, arricchita da una sequenza di cristalli da 3 mm, cattura la luce in modo delicato e raffinato valorizzando ogni movimento del polso con discrezione.\" \/>\n<meta name=\"robots\" content=\"index, follow, max-snippet:-1, max-image-preview:large, max-video-preview:-1\" \/>\n<link rel=\"canonical\" href=\"https:\/\/brandgioielli.it\/fr\/produit\/bracciale-maxi-tennis\/\" \/>\n<meta property=\"og:locale\" content=\"fr_FR\" \/>\n<meta property=\"og:type\" content=\"article\" \/>\n<meta property=\"og:title\" content=\"Bracciale Maxi Tennis da Donna Colorato - Brand Gioielli\" \/>\n<meta property=\"og:description\" content=\"Il Bracciale Maxi Tennis da Donna Brand Gioielli \u00e8 pensato per chi ama l\u2019eleganza essenziale e senza tempo. La sua linea sottile, arricchita da una sequenza di cristalli da 3 mm, cattura la luce in modo delicato e raffinato valorizzando ogni movimento del polso con discrezione.\" \/>\n<meta property=\"og:url\" content=\"https:\/\/brandgioielli.it\/fr\/produit\/bracciale-maxi-tennis\/\" \/>\n<meta property=\"og:site_name\" content=\"#BrandGioielli\" \/>\n<meta property=\"article:modified_time\" content=\"2026-04-16T16:20:07+00:00\" \/>\n<meta property=\"og:image\" content=\"https:\/\/brandgioielli.it\/wp-content\/uploads\/2025\/10\/bracciale-maxi-cristalli-bianchi-3mm.jpg\" \/>\n\t<meta property=\"og:image:width\" content=\"800\" \/>\n\t<meta property=\"og:image:height\" content=\"800\" \/>\n\t<meta property=\"og:image:type\" content=\"image\/jpeg\" \/>\n<meta name=\"twitter:card\" content=\"summary_large_image\" \/>\n<meta name=\"twitter:label1\" content=\"Dur\u00e9e de lecture estim\u00e9e\" \/>\n\t<meta name=\"twitter:data1\" content=\"2 minutes\" \/>\n<script type=\"application\/ld+json\" class=\"yoast-schema-graph\">{\"@context\":\"https:\\\/\\\/schema.org\",\"@graph\":[{\"@type\":\"WebPage\",\"@id\":\"https:\\\/\\\/brandgioielli.it\\\/prodotto\\\/bracciale-maxi-tennis\\\/\",\"url\":\"https:\\\/\\\/brandgioielli.it\\\/prodotto\\\/bracciale-maxi-tennis\\\/\",\"name\":\"Bracciale Maxi Tennis da Donna Colorato - Brand Gioielli\",\"isPartOf\":{\"@id\":\"https:\\\/\\\/brandgioielli.it\\\/#website\"},\"primaryImageOfPage\":{\"@id\":\"https:\\\/\\\/brandgioielli.it\\\/prodotto\\\/bracciale-maxi-tennis\\\/#primaryimage\"},\"image\":{\"@id\":\"https:\\\/\\\/brandgioielli.it\\\/prodotto\\\/bracciale-maxi-tennis\\\/#primaryimage\"},\"thumbnailUrl\":\"https:\\\/\\\/brandgioielli.it\\\/wp-content\\\/uploads\\\/2025\\\/10\\\/bracciale-maxi-cristalli-bianchi-3mm.jpg\",\"datePublished\":\"2025-10-03T06:52:37+00:00\",\"dateModified\":\"2026-04-16T16:20:07+00:00\",\"description\":\"Il Bracciale Maxi Tennis da Donna Brand Gioielli \u00e8 pensato per chi ama l\u2019eleganza essenziale e senza tempo. La sua linea sottile, arricchita da una sequenza di cristalli da 3 mm, cattura la luce in modo delicato e raffinato valorizzando ogni movimento del polso con discrezione.\",\"breadcrumb\":{\"@id\":\"https:\\\/\\\/brandgioielli.it\\\/prodotto\\\/bracciale-maxi-tennis\\\/#breadcrumb\"},\"inLanguage\":\"fr-FR\",\"potentialAction\":[{\"@type\":\"ReadAction\",\"target\":[\"https:\\\/\\\/brandgioielli.it\\\/prodotto\\\/bracciale-maxi-tennis\\\/\"]}]},{\"@type\":\"ImageObject\",\"inLanguage\":\"fr-FR\",\"@id\":\"https:\\\/\\\/brandgioielli.it\\\/prodotto\\\/bracciale-maxi-tennis\\\/#primaryimage\",\"url\":\"https:\\\/\\\/brandgioielli.it\\\/wp-content\\\/uploads\\\/2025\\\/10\\\/bracciale-maxi-cristalli-bianchi-3mm.jpg\",\"contentUrl\":\"https:\\\/\\\/brandgioielli.it\\\/wp-content\\\/uploads\\\/2025\\\/10\\\/bracciale-maxi-cristalli-bianchi-3mm.jpg\",\"width\":800,\"height\":800},{\"@type\":\"BreadcrumbList\",\"@id\":\"https:\\\/\\\/brandgioielli.it\\\/prodotto\\\/bracciale-maxi-tennis\\\/#breadcrumb\",\"itemListElement\":[{\"@type\":\"ListItem\",\"position\":1,\"name\":\"Home\",\"item\":\"https:\\\/\\\/brandgioielli.it\\\/\"},{\"@type\":\"ListItem\",\"position\":2,\"name\":\"Shop\",\"item\":\"https:\\\/\\\/brandgioielli.it\\\/shop\\\/\"},{\"@type\":\"ListItem\",\"position\":3,\"name\":\"Bracciale Maxi Tennis\"}]},{\"@type\":\"WebSite\",\"@id\":\"https:\\\/\\\/brandgioielli.it\\\/#website\",\"url\":\"https:\\\/\\\/brandgioielli.it\\\/\",\"name\":\"#BrandGioielli\",\"description\":\"\",\"publisher\":{\"@id\":\"https:\\\/\\\/brandgioielli.it\\\/#organization\"},\"potentialAction\":[{\"@type\":\"SearchAction\",\"target\":{\"@type\":\"EntryPoint\",\"urlTemplate\":\"https:\\\/\\\/brandgioielli.it\\\/?s={search_term_string}\"},\"query-input\":{\"@type\":\"PropertyValueSpecification\",\"valueRequired\":true,\"valueName\":\"search_term_string\"}}],\"inLanguage\":\"fr-FR\"},{\"@type\":\"Organization\",\"@id\":\"https:\\\/\\\/brandgioielli.it\\\/#organization\",\"name\":\"Brand Gioielli\",\"url\":\"https:\\\/\\\/brandgioielli.it\\\/\",\"logo\":{\"@type\":\"ImageObject\",\"inLanguage\":\"fr-FR\",\"@id\":\"https:\\\/\\\/brandgioielli.it\\\/#\\\/schema\\\/logo\\\/image\\\/\",\"url\":\"https:\\\/\\\/brandgioielli.it\\\/wp-content\\\/uploads\\\/2025\\\/07\\\/LogoBrand.png\",\"contentUrl\":\"https:\\\/\\\/brandgioielli.it\\\/wp-content\\\/uploads\\\/2025\\\/07\\\/LogoBrand.png\",\"width\":600,\"height\":170,\"caption\":\"Brand Gioielli\"},\"image\":{\"@id\":\"https:\\\/\\\/brandgioielli.it\\\/#\\\/schema\\\/logo\\\/image\\\/\"}}]}<\/script>\n<!-- \/ Yoast SEO plugin. -->","yoast_head_json":{"title":"Bracciale Maxi Tennis da Donna Colorato - Brand Gioielli","description":"Il Bracciale Maxi Tennis da Donna Brand Gioielli \u00e8 pensato per chi ama l\u2019eleganza essenziale e senza tempo. La sua linea sottile, arricchita da una sequenza di cristalli da 3 mm, cattura la luce in modo delicato e raffinato valorizzando ogni movimento del polso con discrezione.","robots":{"index":"index","follow":"follow","max-snippet":"max-snippet:-1","max-image-preview":"max-image-preview:large","max-video-preview":"max-video-preview:-1"},"canonical":"https:\/\/brandgioielli.it\/fr\/produit\/bracciale-maxi-tennis\/","og_locale":"fr_FR","og_type":"article","og_title":"Bracciale Maxi Tennis da Donna Colorato - Brand Gioielli","og_description":"Il Bracciale Maxi Tennis da Donna Brand Gioielli \u00e8 pensato per chi ama l\u2019eleganza essenziale e senza tempo. La sua linea sottile, arricchita da una sequenza di cristalli da 3 mm, cattura la luce in modo delicato e raffinato valorizzando ogni movimento del polso con discrezione.","og_url":"https:\/\/brandgioielli.it\/fr\/produit\/bracciale-maxi-tennis\/","og_site_name":"#BrandGioielli","article_modified_time":"2026-04-16T16:20:07+00:00","og_image":[{"width":800,"height":800,"url":"https:\/\/brandgioielli.it\/wp-content\/uploads\/2025\/10\/bracciale-maxi-cristalli-bianchi-3mm.jpg","type":"image\/jpeg"}],"twitter_card":"summary_large_image","twitter_misc":{"Dur\u00e9e de lecture estim\u00e9e":"2 minutes"},"schema":{"@context":"https:\/\/schema.org","@graph":[{"@type":"WebPage","@id":"https:\/\/brandgioielli.it\/prodotto\/bracciale-maxi-tennis\/","url":"https:\/\/brandgioielli.it\/prodotto\/bracciale-maxi-tennis\/","name":"Bracciale Maxi Tennis da Donna Colorato - Brand Gioielli","isPartOf":{"@id":"https:\/\/brandgioielli.it\/#website"},"primaryImageOfPage":{"@id":"https:\/\/brandgioielli.it\/prodotto\/bracciale-maxi-tennis\/#primaryimage"},"image":{"@id":"https:\/\/brandgioielli.it\/prodotto\/bracciale-maxi-tennis\/#primaryimage"},"thumbnailUrl":"https:\/\/brandgioielli.it\/wp-content\/uploads\/2025\/10\/bracciale-maxi-cristalli-bianchi-3mm.jpg","datePublished":"2025-10-03T06:52:37+00:00","dateModified":"2026-04-16T16:20:07+00:00","description":"Il Bracciale Maxi Tennis da Donna Brand Gioielli \u00e8 pensato per chi ama l\u2019eleganza essenziale e senza tempo. La sua linea sottile, arricchita da una sequenza di cristalli da 3 mm, cattura la luce in modo delicato e raffinato valorizzando ogni movimento del polso con discrezione.","breadcrumb":{"@id":"https:\/\/brandgioielli.it\/prodotto\/bracciale-maxi-tennis\/#breadcrumb"},"inLanguage":"fr-FR","potentialAction":[{"@type":"ReadAction","target":["https:\/\/brandgioielli.it\/prodotto\/bracciale-maxi-tennis\/"]}]},{"@type":"ImageObject","inLanguage":"fr-FR","@id":"https:\/\/brandgioielli.it\/prodotto\/bracciale-maxi-tennis\/#primaryimage","url":"https:\/\/brandgioielli.it\/wp-content\/uploads\/2025\/10\/bracciale-maxi-cristalli-bianchi-3mm.jpg","contentUrl":"https:\/\/brandgioielli.it\/wp-content\/uploads\/2025\/10\/bracciale-maxi-cristalli-bianchi-3mm.jpg","width":800,"height":800},{"@type":"BreadcrumbList","@id":"https:\/\/brandgioielli.it\/prodotto\/bracciale-maxi-tennis\/#breadcrumb","itemListElement":[{"@type":"ListItem","position":1,"name":"Home","item":"https:\/\/brandgioielli.it\/"},{"@type":"ListItem","position":2,"name":"Shop","item":"https:\/\/brandgioielli.it\/shop\/"},{"@type":"ListItem","position":3,"name":"Bracciale Maxi Tennis"}]},{"@type":"WebSite","@id":"https:\/\/brandgioielli.it\/#website","url":"https:\/\/brandgioielli.it\/","name":"#BrandJewellery","description":"","publisher":{"@id":"https:\/\/brandgioielli.it\/#organization"},"potentialAction":[{"@type":"SearchAction","target":{"@type":"EntryPoint","urlTemplate":"https:\/\/brandgioielli.it\/?s={search_term_string}"},"query-input":{"@type":"PropertyValueSpecification","valueRequired":true,"valueName":"search_term_string"}}],"inLanguage":"fr-FR"},{"@type":"Organization","@id":"https:\/\/brandgioielli.it\/#organization","name":"Bijoux de marque","url":"https:\/\/brandgioielli.it\/","logo":{"@type":"ImageObject","inLanguage":"fr-FR","@id":"https:\/\/brandgioielli.it\/#\/schema\/logo\/image\/","url":"https:\/\/brandgioielli.it\/wp-content\/uploads\/2025\/07\/LogoBrand.png","contentUrl":"https:\/\/brandgioielli.it\/wp-content\/uploads\/2025\/07\/LogoBrand.png","width":600,"height":170,"caption":"Brand Gioielli"},"image":{"@id":"https:\/\/brandgioielli.it\/#\/schema\/logo\/image\/"}}]}},"_links":{"self":[{"href":"https:\/\/brandgioielli.it\/fr\/wp-json\/wp\/v2\/product\/25978","targetHints":{"allow":["GET"]}}],"collection":[{"href":"https:\/\/brandgioielli.it\/fr\/wp-json\/wp\/v2\/product"}],"about":[{"href":"https:\/\/brandgioielli.it\/fr\/wp-json\/wp\/v2\/types\/product"}],"version-history":[{"count":6,"href":"https:\/\/brandgioielli.it\/fr\/wp-json\/wp\/v2\/product\/25978\/revisions"}],"predecessor-version":[{"id":103677,"href":"https:\/\/brandgioielli.it\/fr\/wp-json\/wp\/v2\/product\/25978\/revisions\/103677"}],"wp:featuredmedia":[{"embeddable":true,"href":"https:\/\/brandgioielli.it\/fr\/wp-json\/wp\/v2\/media\/103672"}],"wp:attachment":[{"href":"https:\/\/brandgioielli.it\/fr\/wp-json\/wp\/v2\/media?parent=25978"}],"wp:term":[{"taxonomy":"product_brand","embeddable":true,"href":"https:\/\/brandgioielli.it\/fr\/wp-json\/wp\/v2\/product_brand?post=25978"},{"taxonomy":"product_cat","embeddable":true,"href":"https:\/\/brandgioielli.it\/fr\/wp-json\/wp\/v2\/product_cat?post=25978"},{"taxonomy":"product_tag","embeddable":true,"href":"https:\/\/brandgioielli.it\/fr\/wp-json\/wp\/v2\/product_tag?post=25978"}],"curies":[{"name":"wp","href":"https:\/\/api.w.org\/{rel}","templated":true}]}}