{"id":2282,"date":"2025-09-19T21:58:19","date_gmt":"2025-09-19T19:58:19","guid":{"rendered":"https:\/\/sandybrown-lark-277155.hostingersite.com\/prodotto\/orecchino-cerchio-singolo-12mm\/"},"modified":"2026-04-20T07:17:25","modified_gmt":"2026-04-20T05:17:25","slug":"orecchino-cerchio-singolo-12mm","status":"publish","type":"product","link":"https:\/\/brandgioielli.it\/fr\/produit\/orecchino-cerchio-singolo-12mm\/","title":{"rendered":"Petite boucle d'oreille lisse"},"content":{"rendered":"<h2>Petite boucle d'oreille lisse<\/h2>\n<p>Les boucles d'oreilles de la collection sont disponibles en trois fantaisies et tailles, et sont parfaites soit comme base pour composer votre propre boucle d'oreille, soit pour \u00eatre port\u00e9es individuellement dans un style plus classique.<\/p>\n<p><strong>SP\u00c9CIFICATIONS TECHNIQUES<\/strong><\/p>\n<ul>\n<li>Finition : acier<\/li>\n<li>Diam\u00e8tre : 12 mm<\/li>\n<li>\u00c9paisseur : 2 mm<\/li>\n<li>Mat\u00e9riau : acier inoxydable et hypoallerg\u00e9nique<\/li>\n<\/ul>\n<p><em>Tous les bijoux de la marque #Brand sont fabriqu\u00e9s \u00e0 partir de l'acier inoxydable chirurgical le plus pur du march\u00e9, test\u00e9 pour le nickel et con\u00e7u pour \u00eatre port\u00e9 tous les jours sans crainte de d\u00e9coloration ou de signes d'usure.\u00a0<\/em><\/p>","protected":false},"excerpt":{"rendered":"<p>Orecchino a Cerchio Liscio Piccolo Gli orecchini a cerchio della collezione sono disponibili in tre fantasie e dimensioni, e sono perfetti sia come base per comporre il tuo orecchino personalizzato, sia da indossare singolarmente come da stile pi\u00f9 classico. SPECIFICHE TECNICHE Finitura: Acciaio Diametro: 12mm Spessore: 2mm Materiale: Acciaio Inossidabile e Ipoallergenico Tutti i gioielli [&hellip;]<\/p>\n","protected":false},"featured_media":59296,"template":"","meta":[],"product_brand":[],"product_cat":[19,36,24,65,508,611,39],"product_tag":[67,66],"class_list":{"0":"post-2282","1":"product","2":"type-product","3":"status-publish","4":"has-post-thumbnail","6":"product_cat-donna","7":"product_cat-orecchini","8":"product_cat-orecchini-donna","9":"product_cat-orecchini-uomo","10":"product_cat-sotto-i-5e","11":"product_cat-spring-selection","12":"product_cat-uomo","13":"product_tag-collezione-hoola","14":"product_tag-collezione-iris","16":"first","17":"instock","18":"shipping-taxable","19":"purchasable","20":"product-type-simple"},"yoast_head":"<!-- This site is optimized with the Yoast SEO plugin v27.4 - https:\/\/yoast.com\/product\/yoast-seo-wordpress\/ -->\n<title>Orecchino Piccolo a Cerchio Liscio - Brand Gioielli<\/title>\n<meta name=\"description\" content=\"Gli orecchini a cerchio della collezione sono disponibili in tre fantasie e dimensioni, e sono perfetti sia come base per comporre il tuo orecchino personalizzato, sia da indossare singolarmente come da stile pi\u00f9 classico.\" \/>\n<meta name=\"robots\" content=\"index, follow, max-snippet:-1, max-image-preview:large, max-video-preview:-1\" \/>\n<link rel=\"canonical\" href=\"https:\/\/brandgioielli.it\/fr\/produit\/orecchino-cerchio-singolo-12mm\/\" \/>\n<meta property=\"og:locale\" content=\"fr_FR\" \/>\n<meta property=\"og:type\" content=\"article\" \/>\n<meta property=\"og:title\" content=\"Orecchino Piccolo a Cerchio Liscio - Brand Gioielli\" \/>\n<meta property=\"og:description\" content=\"Gli orecchini a cerchio della collezione sono disponibili in tre fantasie e dimensioni, e sono perfetti sia come base per comporre il tuo orecchino personalizzato, sia da indossare singolarmente come da stile pi\u00f9 classico.\" \/>\n<meta property=\"og:url\" content=\"https:\/\/brandgioielli.it\/fr\/produit\/orecchino-cerchio-singolo-12mm\/\" \/>\n<meta property=\"og:site_name\" content=\"#BrandGioielli\" \/>\n<meta property=\"article:modified_time\" content=\"2026-04-20T05:17:25+00:00\" \/>\n<meta property=\"og:image\" content=\"https:\/\/brandgioielli.it\/wp-content\/uploads\/2025\/09\/09ER007.jpg\" \/>\n\t<meta property=\"og:image:width\" content=\"800\" \/>\n\t<meta property=\"og:image:height\" content=\"800\" \/>\n\t<meta property=\"og:image:type\" content=\"image\/jpeg\" \/>\n<meta name=\"twitter:card\" content=\"summary_large_image\" \/>\n<meta name=\"twitter:label1\" content=\"Dur\u00e9e de lecture estim\u00e9e\" \/>\n\t<meta name=\"twitter:data1\" content=\"1 minute\" \/>\n<script type=\"application\/ld+json\" class=\"yoast-schema-graph\">{\"@context\":\"https:\\\/\\\/schema.org\",\"@graph\":[{\"@type\":\"WebPage\",\"@id\":\"https:\\\/\\\/brandgioielli.it\\\/prodotto\\\/orecchino-cerchio-singolo-12mm\\\/\",\"url\":\"https:\\\/\\\/brandgioielli.it\\\/prodotto\\\/orecchino-cerchio-singolo-12mm\\\/\",\"name\":\"Orecchino Piccolo a Cerchio Liscio - Brand Gioielli\",\"isPartOf\":{\"@id\":\"https:\\\/\\\/brandgioielli.it\\\/#website\"},\"primaryImageOfPage\":{\"@id\":\"https:\\\/\\\/brandgioielli.it\\\/prodotto\\\/orecchino-cerchio-singolo-12mm\\\/#primaryimage\"},\"image\":{\"@id\":\"https:\\\/\\\/brandgioielli.it\\\/prodotto\\\/orecchino-cerchio-singolo-12mm\\\/#primaryimage\"},\"thumbnailUrl\":\"https:\\\/\\\/brandgioielli.it\\\/wp-content\\\/uploads\\\/2025\\\/09\\\/09ER007.jpg\",\"datePublished\":\"2025-09-19T19:58:19+00:00\",\"dateModified\":\"2026-04-20T05:17:25+00:00\",\"description\":\"Gli orecchini a cerchio della collezione sono disponibili in tre fantasie e dimensioni, e sono perfetti sia come base per comporre il tuo orecchino personalizzato, sia da indossare singolarmente come da stile pi\u00f9 classico.\",\"breadcrumb\":{\"@id\":\"https:\\\/\\\/brandgioielli.it\\\/prodotto\\\/orecchino-cerchio-singolo-12mm\\\/#breadcrumb\"},\"inLanguage\":\"fr-FR\",\"potentialAction\":[{\"@type\":\"ReadAction\",\"target\":[\"https:\\\/\\\/brandgioielli.it\\\/prodotto\\\/orecchino-cerchio-singolo-12mm\\\/\"]}]},{\"@type\":\"ImageObject\",\"inLanguage\":\"fr-FR\",\"@id\":\"https:\\\/\\\/brandgioielli.it\\\/prodotto\\\/orecchino-cerchio-singolo-12mm\\\/#primaryimage\",\"url\":\"https:\\\/\\\/brandgioielli.it\\\/wp-content\\\/uploads\\\/2025\\\/09\\\/09ER007.jpg\",\"contentUrl\":\"https:\\\/\\\/brandgioielli.it\\\/wp-content\\\/uploads\\\/2025\\\/09\\\/09ER007.jpg\",\"width\":800,\"height\":800},{\"@type\":\"BreadcrumbList\",\"@id\":\"https:\\\/\\\/brandgioielli.it\\\/prodotto\\\/orecchino-cerchio-singolo-12mm\\\/#breadcrumb\",\"itemListElement\":[{\"@type\":\"ListItem\",\"position\":1,\"name\":\"Home\",\"item\":\"https:\\\/\\\/brandgioielli.it\\\/\"},{\"@type\":\"ListItem\",\"position\":2,\"name\":\"Shop\",\"item\":\"https:\\\/\\\/brandgioielli.it\\\/shop\\\/\"},{\"@type\":\"ListItem\",\"position\":3,\"name\":\"Orecchino a Cerchio Liscio Piccolo\"}]},{\"@type\":\"WebSite\",\"@id\":\"https:\\\/\\\/brandgioielli.it\\\/#website\",\"url\":\"https:\\\/\\\/brandgioielli.it\\\/\",\"name\":\"#BrandGioielli\",\"description\":\"\",\"publisher\":{\"@id\":\"https:\\\/\\\/brandgioielli.it\\\/#organization\"},\"potentialAction\":[{\"@type\":\"SearchAction\",\"target\":{\"@type\":\"EntryPoint\",\"urlTemplate\":\"https:\\\/\\\/brandgioielli.it\\\/?s={search_term_string}\"},\"query-input\":{\"@type\":\"PropertyValueSpecification\",\"valueRequired\":true,\"valueName\":\"search_term_string\"}}],\"inLanguage\":\"fr-FR\"},{\"@type\":\"Organization\",\"@id\":\"https:\\\/\\\/brandgioielli.it\\\/#organization\",\"name\":\"Brand Gioielli\",\"url\":\"https:\\\/\\\/brandgioielli.it\\\/\",\"logo\":{\"@type\":\"ImageObject\",\"inLanguage\":\"fr-FR\",\"@id\":\"https:\\\/\\\/brandgioielli.it\\\/#\\\/schema\\\/logo\\\/image\\\/\",\"url\":\"https:\\\/\\\/brandgioielli.it\\\/wp-content\\\/uploads\\\/2025\\\/07\\\/LogoBrand.png\",\"contentUrl\":\"https:\\\/\\\/brandgioielli.it\\\/wp-content\\\/uploads\\\/2025\\\/07\\\/LogoBrand.png\",\"width\":600,\"height\":170,\"caption\":\"Brand Gioielli\"},\"image\":{\"@id\":\"https:\\\/\\\/brandgioielli.it\\\/#\\\/schema\\\/logo\\\/image\\\/\"}}]}<\/script>\n<!-- \/ Yoast SEO plugin. -->","yoast_head_json":{"title":"Orecchino Piccolo a Cerchio Liscio - Brand Gioielli","description":"Les boucles d'oreilles de la collection sont disponibles en trois fantaisies et tailles, et sont parfaites soit comme base pour composer votre propre boucle d'oreille, soit pour \u00eatre port\u00e9es individuellement dans un style plus classique.","robots":{"index":"index","follow":"follow","max-snippet":"max-snippet:-1","max-image-preview":"max-image-preview:large","max-video-preview":"max-video-preview:-1"},"canonical":"https:\/\/brandgioielli.it\/fr\/produit\/orecchino-cerchio-singolo-12mm\/","og_locale":"fr_FR","og_type":"article","og_title":"Orecchino Piccolo a Cerchio Liscio - Brand Gioielli","og_description":"Gli orecchini a cerchio della collezione sono disponibili in tre fantasie e dimensioni, e sono perfetti sia come base per comporre il tuo orecchino personalizzato, sia da indossare singolarmente come da stile pi\u00f9 classico.","og_url":"https:\/\/brandgioielli.it\/fr\/produit\/orecchino-cerchio-singolo-12mm\/","og_site_name":"#BrandGioielli","article_modified_time":"2026-04-20T05:17:25+00:00","og_image":[{"width":800,"height":800,"url":"https:\/\/brandgioielli.it\/wp-content\/uploads\/2025\/09\/09ER007.jpg","type":"image\/jpeg"}],"twitter_card":"summary_large_image","twitter_misc":{"Dur\u00e9e de lecture estim\u00e9e":"1 minute"},"schema":{"@context":"https:\/\/schema.org","@graph":[{"@type":"WebPage","@id":"https:\/\/brandgioielli.it\/prodotto\/orecchino-cerchio-singolo-12mm\/","url":"https:\/\/brandgioielli.it\/prodotto\/orecchino-cerchio-singolo-12mm\/","name":"Orecchino Piccolo a Cerchio Liscio - Brand Gioielli","isPartOf":{"@id":"https:\/\/brandgioielli.it\/#website"},"primaryImageOfPage":{"@id":"https:\/\/brandgioielli.it\/prodotto\/orecchino-cerchio-singolo-12mm\/#primaryimage"},"image":{"@id":"https:\/\/brandgioielli.it\/prodotto\/orecchino-cerchio-singolo-12mm\/#primaryimage"},"thumbnailUrl":"https:\/\/brandgioielli.it\/wp-content\/uploads\/2025\/09\/09ER007.jpg","datePublished":"2025-09-19T19:58:19+00:00","dateModified":"2026-04-20T05:17:25+00:00","description":"Les boucles d'oreilles de la collection sont disponibles en trois fantaisies et tailles, et sont parfaites soit comme base pour composer votre propre boucle d'oreille, soit pour \u00eatre port\u00e9es individuellement dans un style plus classique.","breadcrumb":{"@id":"https:\/\/brandgioielli.it\/prodotto\/orecchino-cerchio-singolo-12mm\/#breadcrumb"},"inLanguage":"fr-FR","potentialAction":[{"@type":"ReadAction","target":["https:\/\/brandgioielli.it\/prodotto\/orecchino-cerchio-singolo-12mm\/"]}]},{"@type":"ImageObject","inLanguage":"fr-FR","@id":"https:\/\/brandgioielli.it\/prodotto\/orecchino-cerchio-singolo-12mm\/#primaryimage","url":"https:\/\/brandgioielli.it\/wp-content\/uploads\/2025\/09\/09ER007.jpg","contentUrl":"https:\/\/brandgioielli.it\/wp-content\/uploads\/2025\/09\/09ER007.jpg","width":800,"height":800},{"@type":"BreadcrumbList","@id":"https:\/\/brandgioielli.it\/prodotto\/orecchino-cerchio-singolo-12mm\/#breadcrumb","itemListElement":[{"@type":"ListItem","position":1,"name":"Home","item":"https:\/\/brandgioielli.it\/"},{"@type":"ListItem","position":2,"name":"Shop","item":"https:\/\/brandgioielli.it\/shop\/"},{"@type":"ListItem","position":3,"name":"Orecchino a Cerchio Liscio Piccolo"}]},{"@type":"WebSite","@id":"https:\/\/brandgioielli.it\/#website","url":"https:\/\/brandgioielli.it\/","name":"#BrandJewellery","description":"","publisher":{"@id":"https:\/\/brandgioielli.it\/#organization"},"potentialAction":[{"@type":"SearchAction","target":{"@type":"EntryPoint","urlTemplate":"https:\/\/brandgioielli.it\/?s={search_term_string}"},"query-input":{"@type":"PropertyValueSpecification","valueRequired":true,"valueName":"search_term_string"}}],"inLanguage":"fr-FR"},{"@type":"Organization","@id":"https:\/\/brandgioielli.it\/#organization","name":"Bijoux de marque","url":"https:\/\/brandgioielli.it\/","logo":{"@type":"ImageObject","inLanguage":"fr-FR","@id":"https:\/\/brandgioielli.it\/#\/schema\/logo\/image\/","url":"https:\/\/brandgioielli.it\/wp-content\/uploads\/2025\/07\/LogoBrand.png","contentUrl":"https:\/\/brandgioielli.it\/wp-content\/uploads\/2025\/07\/LogoBrand.png","width":600,"height":170,"caption":"Brand Gioielli"},"image":{"@id":"https:\/\/brandgioielli.it\/#\/schema\/logo\/image\/"}}]}},"_links":{"self":[{"href":"https:\/\/brandgioielli.it\/fr\/wp-json\/wp\/v2\/product\/2282","targetHints":{"allow":["GET"]}}],"collection":[{"href":"https:\/\/brandgioielli.it\/fr\/wp-json\/wp\/v2\/product"}],"about":[{"href":"https:\/\/brandgioielli.it\/fr\/wp-json\/wp\/v2\/types\/product"}],"version-history":[{"count":4,"href":"https:\/\/brandgioielli.it\/fr\/wp-json\/wp\/v2\/product\/2282\/revisions"}],"predecessor-version":[{"id":100552,"href":"https:\/\/brandgioielli.it\/fr\/wp-json\/wp\/v2\/product\/2282\/revisions\/100552"}],"wp:featuredmedia":[{"embeddable":true,"href":"https:\/\/brandgioielli.it\/fr\/wp-json\/wp\/v2\/media\/59296"}],"wp:attachment":[{"href":"https:\/\/brandgioielli.it\/fr\/wp-json\/wp\/v2\/media?parent=2282"}],"wp:term":[{"taxonomy":"product_brand","embeddable":true,"href":"https:\/\/brandgioielli.it\/fr\/wp-json\/wp\/v2\/product_brand?post=2282"},{"taxonomy":"product_cat","embeddable":true,"href":"https:\/\/brandgioielli.it\/fr\/wp-json\/wp\/v2\/product_cat?post=2282"},{"taxonomy":"product_tag","embeddable":true,"href":"https:\/\/brandgioielli.it\/fr\/wp-json\/wp\/v2\/product_tag?post=2282"}],"curies":[{"name":"wp","href":"https:\/\/api.w.org\/{rel}","templated":true}]}}