{"id":1375,"date":"2025-09-19T18:54:46","date_gmt":"2025-09-19T16:54:46","guid":{"rendered":"https:\/\/sandybrown-lark-277155.hostingersite.com\/prodotto\/bracciale-ematite-sfaccettata-4mm-con-anellini\/"},"modified":"2026-04-20T18:17:15","modified_gmt":"2026-04-20T16:17:15","slug":"bracciale-elastico-ematite-sfaccettata","status":"publish","type":"product","link":"https:\/\/brandgioielli.it\/fr\/produit\/bracciale-elastico-ematite-sfaccettata\/","title":{"rendered":"Bracelet \u00e9lastique en h\u00e9matite facett\u00e9e"},"content":{"rendered":"<h2><strong>Bracelet \u00e9lastique en h\u00e9matite facett\u00e9e\u00a0<\/strong><\/h2>\n<p>Le bracelet extensible en h\u00e9matite facett\u00e9e de #Brand Gioielli se distingue par son design raffin\u00e9 et contemporain. Compos\u00e9 d&#039;une succession de perles d&#039;h\u00e9matite facett\u00e9es, il capte la lumi\u00e8re avec une \u00e9l\u00e9gance discr\u00e8te. Les surfaces brillantes et les g\u00e9om\u00e9tries harmonieuses cr\u00e9ent un jeu de reflets sophistiqu\u00e9, tandis que les maillons m\u00e9talliques apportent \u00e9quilibre et caract\u00e8re \u00e0 l&#039;ensemble. Pi\u00e8ce polyvalente et moderne, ce bracelet est con\u00e7u pour sublimer toutes les tenues d&#039;une touche \u00e0 la fois audacieuse et f\u00e9minine, alliant style, confort et qualit\u00e9 intemporelle.<\/p>\n<p><strong>SP\u00c9CIFICATIONS TECHNIQUES<\/strong><\/p>\n<ul>\n<li>Bracelet \u00e9lastique en h\u00e9matite facett\u00e9e<\/li>\n<li>Longueur : convient \u00e0 un poignet de 16 cm<\/li>\n<li>Diam\u00e8tre de la bille : 4 mm<\/li>\n<li>Finition : Acier ou PVD noir<\/li>\n<li>Mat\u00e9riaux : Acier inoxydable, h\u00e9matite facett\u00e9e et h\u00e9matite rhodi\u00e9e<\/li>\n<\/ul>\n<p><em>Tous les bijoux de la marque #Brand sont fabriqu\u00e9s \u00e0 partir de l'acier inoxydable chirurgical le plus pur du march\u00e9, test\u00e9 pour le nickel et con\u00e7u pour \u00eatre port\u00e9 tous les jours sans crainte de d\u00e9coloration ou de signes d'usure.<\/em><\/p>","protected":false},"excerpt":{"rendered":"<p>Bracciale Elastico Ematite Sfaccettata\u00a0 Il bracciale elastico in ematite sfaccettata firmato #Brand Gioielli si distingue per il suo design raffinato e contemporaneo, caratterizzato da una sequenza di perle in ematite sfaccettata che catturano la luce con discreta eleganza. Le superfici brillanti e le geometrie armoniose creano un gioco di riflessi sofisticato, mentre gli anellini metallici [&hellip;]<\/p>\n","protected":false},"featured_media":102041,"template":"","meta":[],"product_brand":[],"product_cat":[459,20,19,506,15],"product_tag":[29,541],"class_list":{"0":"post-1375","1":"product","2":"type-product","3":"status-publish","4":"has-post-thumbnail","6":"product_cat-bracciali","7":"product_cat-bracciali-donna","8":"product_cat-donna","9":"product_cat-sotto-i-20e","10":"product_cat-uncategorized","11":"product_tag-collezione-basi","12":"product_tag-componibili","14":"first","15":"instock","16":"shipping-taxable","17":"purchasable","18":"product-type-variable"},"yoast_head":"<!-- This site is optimized with the Yoast SEO plugin v27.4 - https:\/\/yoast.com\/product\/yoast-seo-wordpress\/ -->\n<title>Bracciale Elastico Ematite Sfaccettata - #BrandGioielli<\/title>\n<meta name=\"description\" content=\"Acquista ora su Brand Gioielli: Bracciale Elastico Ematite Sfaccettata\" \/>\n<meta name=\"robots\" content=\"index, follow, max-snippet:-1, max-image-preview:large, max-video-preview:-1\" \/>\n<link rel=\"canonical\" href=\"https:\/\/brandgioielli.it\/fr\/produit\/bracciale-elastico-ematite-sfaccettata\/\" \/>\n<meta property=\"og:locale\" content=\"fr_FR\" \/>\n<meta property=\"og:type\" content=\"article\" \/>\n<meta property=\"og:title\" content=\"Bracciale Elastico Ematite Sfaccettata - #BrandGioielli\" \/>\n<meta property=\"og:description\" content=\"Acquista ora su Brand Gioielli: Bracciale Elastico Ematite Sfaccettata\" \/>\n<meta property=\"og:url\" content=\"https:\/\/brandgioielli.it\/fr\/produit\/bracciale-elastico-ematite-sfaccettata\/\" \/>\n<meta property=\"og:site_name\" content=\"#BrandGioielli\" \/>\n<meta property=\"article:modified_time\" content=\"2026-04-20T16:17:15+00:00\" \/>\n<meta property=\"og:image\" content=\"http:\/\/brandgioielli.it\/wp-content\/uploads\/2026\/01\/bracciale-donna-ematite-rodiato-sfaccettate.jpg\" \/>\n\t<meta property=\"og:image:width\" content=\"800\" \/>\n\t<meta property=\"og:image:height\" content=\"800\" \/>\n\t<meta property=\"og:image:type\" content=\"image\/jpeg\" \/>\n<meta name=\"twitter:card\" content=\"summary_large_image\" \/>\n<meta name=\"twitter:label1\" content=\"Dur\u00e9e de lecture estim\u00e9e\" \/>\n\t<meta name=\"twitter:data1\" content=\"1 minute\" \/>\n<script type=\"application\/ld+json\" class=\"yoast-schema-graph\">{\"@context\":\"https:\\\/\\\/schema.org\",\"@graph\":[{\"@type\":\"WebPage\",\"@id\":\"https:\\\/\\\/brandgioielli.it\\\/prodotto\\\/bracciale-elastico-ematite-sfaccettata\\\/\",\"url\":\"https:\\\/\\\/brandgioielli.it\\\/prodotto\\\/bracciale-elastico-ematite-sfaccettata\\\/\",\"name\":\"Bracciale Elastico Ematite Sfaccettata - #BrandGioielli\",\"isPartOf\":{\"@id\":\"https:\\\/\\\/brandgioielli.it\\\/#website\"},\"primaryImageOfPage\":{\"@id\":\"https:\\\/\\\/brandgioielli.it\\\/prodotto\\\/bracciale-elastico-ematite-sfaccettata\\\/#primaryimage\"},\"image\":{\"@id\":\"https:\\\/\\\/brandgioielli.it\\\/prodotto\\\/bracciale-elastico-ematite-sfaccettata\\\/#primaryimage\"},\"thumbnailUrl\":\"https:\\\/\\\/brandgioielli.it\\\/wp-content\\\/uploads\\\/2026\\\/01\\\/bracciale-donna-ematite-rodiato-sfaccettate.jpg\",\"datePublished\":\"2025-09-19T16:54:46+00:00\",\"dateModified\":\"2026-04-20T16:17:15+00:00\",\"description\":\"Acquista ora su Brand Gioielli: Bracciale Elastico Ematite Sfaccettata\",\"breadcrumb\":{\"@id\":\"https:\\\/\\\/brandgioielli.it\\\/prodotto\\\/bracciale-elastico-ematite-sfaccettata\\\/#breadcrumb\"},\"inLanguage\":\"fr-FR\",\"potentialAction\":[{\"@type\":\"ReadAction\",\"target\":[\"https:\\\/\\\/brandgioielli.it\\\/prodotto\\\/bracciale-elastico-ematite-sfaccettata\\\/\"]}]},{\"@type\":\"ImageObject\",\"inLanguage\":\"fr-FR\",\"@id\":\"https:\\\/\\\/brandgioielli.it\\\/prodotto\\\/bracciale-elastico-ematite-sfaccettata\\\/#primaryimage\",\"url\":\"https:\\\/\\\/brandgioielli.it\\\/wp-content\\\/uploads\\\/2026\\\/01\\\/bracciale-donna-ematite-rodiato-sfaccettate.jpg\",\"contentUrl\":\"https:\\\/\\\/brandgioielli.it\\\/wp-content\\\/uploads\\\/2026\\\/01\\\/bracciale-donna-ematite-rodiato-sfaccettate.jpg\",\"width\":800,\"height\":800},{\"@type\":\"BreadcrumbList\",\"@id\":\"https:\\\/\\\/brandgioielli.it\\\/prodotto\\\/bracciale-elastico-ematite-sfaccettata\\\/#breadcrumb\",\"itemListElement\":[{\"@type\":\"ListItem\",\"position\":1,\"name\":\"Home\",\"item\":\"https:\\\/\\\/brandgioielli.it\\\/\"},{\"@type\":\"ListItem\",\"position\":2,\"name\":\"Shop\",\"item\":\"https:\\\/\\\/brandgioielli.it\\\/shop\\\/\"},{\"@type\":\"ListItem\",\"position\":3,\"name\":\"Bracciale Elastico Ematite Sfaccettata\"}]},{\"@type\":\"WebSite\",\"@id\":\"https:\\\/\\\/brandgioielli.it\\\/#website\",\"url\":\"https:\\\/\\\/brandgioielli.it\\\/\",\"name\":\"#BrandGioielli\",\"description\":\"\",\"publisher\":{\"@id\":\"https:\\\/\\\/brandgioielli.it\\\/#organization\"},\"potentialAction\":[{\"@type\":\"SearchAction\",\"target\":{\"@type\":\"EntryPoint\",\"urlTemplate\":\"https:\\\/\\\/brandgioielli.it\\\/?s={search_term_string}\"},\"query-input\":{\"@type\":\"PropertyValueSpecification\",\"valueRequired\":true,\"valueName\":\"search_term_string\"}}],\"inLanguage\":\"fr-FR\"},{\"@type\":\"Organization\",\"@id\":\"https:\\\/\\\/brandgioielli.it\\\/#organization\",\"name\":\"Brand Gioielli\",\"url\":\"https:\\\/\\\/brandgioielli.it\\\/\",\"logo\":{\"@type\":\"ImageObject\",\"inLanguage\":\"fr-FR\",\"@id\":\"https:\\\/\\\/brandgioielli.it\\\/#\\\/schema\\\/logo\\\/image\\\/\",\"url\":\"https:\\\/\\\/brandgioielli.it\\\/wp-content\\\/uploads\\\/2025\\\/07\\\/LogoBrand.png\",\"contentUrl\":\"https:\\\/\\\/brandgioielli.it\\\/wp-content\\\/uploads\\\/2025\\\/07\\\/LogoBrand.png\",\"width\":600,\"height\":170,\"caption\":\"Brand Gioielli\"},\"image\":{\"@id\":\"https:\\\/\\\/brandgioielli.it\\\/#\\\/schema\\\/logo\\\/image\\\/\"}}]}<\/script>\n<!-- \/ Yoast SEO plugin. -->","yoast_head_json":{"title":"Bracciale Elastico Ematite Sfaccettata - #BrandGioielli","description":"Acquista ora su Brand Gioielli: Bracciale Elastico Ematite Sfaccettata","robots":{"index":"index","follow":"follow","max-snippet":"max-snippet:-1","max-image-preview":"max-image-preview:large","max-video-preview":"max-video-preview:-1"},"canonical":"https:\/\/brandgioielli.it\/fr\/produit\/bracciale-elastico-ematite-sfaccettata\/","og_locale":"fr_FR","og_type":"article","og_title":"Bracciale Elastico Ematite Sfaccettata - #BrandGioielli","og_description":"Acquista ora su Brand Gioielli: Bracciale Elastico Ematite Sfaccettata","og_url":"https:\/\/brandgioielli.it\/fr\/produit\/bracciale-elastico-ematite-sfaccettata\/","og_site_name":"#BrandGioielli","article_modified_time":"2026-04-20T16:17:15+00:00","og_image":[{"width":800,"height":800,"url":"http:\/\/brandgioielli.it\/wp-content\/uploads\/2026\/01\/bracciale-donna-ematite-rodiato-sfaccettate.jpg","type":"image\/jpeg"}],"twitter_card":"summary_large_image","twitter_misc":{"Dur\u00e9e de lecture estim\u00e9e":"1 minute"},"schema":{"@context":"https:\/\/schema.org","@graph":[{"@type":"WebPage","@id":"https:\/\/brandgioielli.it\/prodotto\/bracciale-elastico-ematite-sfaccettata\/","url":"https:\/\/brandgioielli.it\/prodotto\/bracciale-elastico-ematite-sfaccettata\/","name":"Bracciale Elastico Ematite Sfaccettata - #BrandGioielli","isPartOf":{"@id":"https:\/\/brandgioielli.it\/#website"},"primaryImageOfPage":{"@id":"https:\/\/brandgioielli.it\/prodotto\/bracciale-elastico-ematite-sfaccettata\/#primaryimage"},"image":{"@id":"https:\/\/brandgioielli.it\/prodotto\/bracciale-elastico-ematite-sfaccettata\/#primaryimage"},"thumbnailUrl":"https:\/\/brandgioielli.it\/wp-content\/uploads\/2026\/01\/bracciale-donna-ematite-rodiato-sfaccettate.jpg","datePublished":"2025-09-19T16:54:46+00:00","dateModified":"2026-04-20T16:17:15+00:00","description":"Acquista ora su Brand Gioielli: Bracciale Elastico Ematite Sfaccettata","breadcrumb":{"@id":"https:\/\/brandgioielli.it\/prodotto\/bracciale-elastico-ematite-sfaccettata\/#breadcrumb"},"inLanguage":"fr-FR","potentialAction":[{"@type":"ReadAction","target":["https:\/\/brandgioielli.it\/prodotto\/bracciale-elastico-ematite-sfaccettata\/"]}]},{"@type":"ImageObject","inLanguage":"fr-FR","@id":"https:\/\/brandgioielli.it\/prodotto\/bracciale-elastico-ematite-sfaccettata\/#primaryimage","url":"https:\/\/brandgioielli.it\/wp-content\/uploads\/2026\/01\/bracciale-donna-ematite-rodiato-sfaccettate.jpg","contentUrl":"https:\/\/brandgioielli.it\/wp-content\/uploads\/2026\/01\/bracciale-donna-ematite-rodiato-sfaccettate.jpg","width":800,"height":800},{"@type":"BreadcrumbList","@id":"https:\/\/brandgioielli.it\/prodotto\/bracciale-elastico-ematite-sfaccettata\/#breadcrumb","itemListElement":[{"@type":"ListItem","position":1,"name":"Home","item":"https:\/\/brandgioielli.it\/"},{"@type":"ListItem","position":2,"name":"Shop","item":"https:\/\/brandgioielli.it\/shop\/"},{"@type":"ListItem","position":3,"name":"Bracciale Elastico Ematite Sfaccettata"}]},{"@type":"WebSite","@id":"https:\/\/brandgioielli.it\/#website","url":"https:\/\/brandgioielli.it\/","name":"#BrandJewellery","description":"","publisher":{"@id":"https:\/\/brandgioielli.it\/#organization"},"potentialAction":[{"@type":"SearchAction","target":{"@type":"EntryPoint","urlTemplate":"https:\/\/brandgioielli.it\/?s={search_term_string}"},"query-input":{"@type":"PropertyValueSpecification","valueRequired":true,"valueName":"search_term_string"}}],"inLanguage":"fr-FR"},{"@type":"Organization","@id":"https:\/\/brandgioielli.it\/#organization","name":"Bijoux de marque","url":"https:\/\/brandgioielli.it\/","logo":{"@type":"ImageObject","inLanguage":"fr-FR","@id":"https:\/\/brandgioielli.it\/#\/schema\/logo\/image\/","url":"https:\/\/brandgioielli.it\/wp-content\/uploads\/2025\/07\/LogoBrand.png","contentUrl":"https:\/\/brandgioielli.it\/wp-content\/uploads\/2025\/07\/LogoBrand.png","width":600,"height":170,"caption":"Brand Gioielli"},"image":{"@id":"https:\/\/brandgioielli.it\/#\/schema\/logo\/image\/"}}]}},"_links":{"self":[{"href":"https:\/\/brandgioielli.it\/fr\/wp-json\/wp\/v2\/product\/1375","targetHints":{"allow":["GET"]}}],"collection":[{"href":"https:\/\/brandgioielli.it\/fr\/wp-json\/wp\/v2\/product"}],"about":[{"href":"https:\/\/brandgioielli.it\/fr\/wp-json\/wp\/v2\/types\/product"}],"version-history":[{"count":5,"href":"https:\/\/brandgioielli.it\/fr\/wp-json\/wp\/v2\/product\/1375\/revisions"}],"predecessor-version":[{"id":102068,"href":"https:\/\/brandgioielli.it\/fr\/wp-json\/wp\/v2\/product\/1375\/revisions\/102068"}],"wp:featuredmedia":[{"embeddable":true,"href":"https:\/\/brandgioielli.it\/fr\/wp-json\/wp\/v2\/media\/102041"}],"wp:attachment":[{"href":"https:\/\/brandgioielli.it\/fr\/wp-json\/wp\/v2\/media?parent=1375"}],"wp:term":[{"taxonomy":"product_brand","embeddable":true,"href":"https:\/\/brandgioielli.it\/fr\/wp-json\/wp\/v2\/product_brand?post=1375"},{"taxonomy":"product_cat","embeddable":true,"href":"https:\/\/brandgioielli.it\/fr\/wp-json\/wp\/v2\/product_cat?post=1375"},{"taxonomy":"product_tag","embeddable":true,"href":"https:\/\/brandgioielli.it\/fr\/wp-json\/wp\/v2\/product_tag?post=1375"}],"curies":[{"name":"wp","href":"https:\/\/api.w.org\/{rel}","templated":true}]}}