{"id":1172,"date":"2025-09-19T18:46:23","date_gmt":"2025-09-19T16:46:23","guid":{"rendered":"https:\/\/sandybrown-lark-277155.hostingersite.com\/prodotto\/anello-tennis-cristalli-bianchi-e1900\/"},"modified":"2026-04-17T18:18:10","modified_gmt":"2026-04-17T16:18:10","slug":"anello-tennis-cristalli-bianchi","status":"publish","type":"product","link":"https:\/\/brandgioielli.it\/fr\/produit\/anello-tennis-cristalli-bianchi\/","title":{"rendered":"Bague de tennis en cristaux blancs"},"content":{"rendered":"<h2 data-start=\"122\" data-end=\"653\">Bague de tennis en cristaux blancs<\/h2>\n<p data-start=\"104\" data-end=\"383\">La bague tennis orn\u00e9e de cristaux blancs de la marque Gioielli (#) se distingue par son design simple et \u00e9l\u00e9gant. Ses lignes \u00e9pur\u00e9es sont sublim\u00e9es par une d\u00e9licate s\u00e9quence de cristaux lumineux sertis avec pr\u00e9cision. La finesse et l&#039;harmonie de sa structure mettent en valeur l&#039;\u00e9clat des d\u00e9tails, cr\u00e9ant un \u00e9quilibre parfait entre simplicit\u00e9 et l\u00e9g\u00e8ret\u00e9. Con\u00e7ue pour s&#039;adapter \u00e0 tous les styles, cette bague est id\u00e9ale au quotidien, port\u00e9e seule pour un look minimaliste ou associ\u00e9e \u00e0 d&#039;autres bijoux pour une allure plus sophistiqu\u00e9e. Disponible en plusieurs tailles, elle offre un confort optimal et une grande polyvalence, exprimant une \u00e9l\u00e9gance discr\u00e8te et contemporaine, parfaite en toute occasion.<\/p>\n<p><strong>SP\u00c9CIFICATIONS TECHNIQUES<\/strong><\/p>\n<ul>\n<li>Bague de tennis en cristaux blancs<\/li>\n<li>Tailles disponibles : 10, 12, 14, 16, 18, 20, 22<\/li>\n<li>\u00c9paisseur de l&#039;anneau : 2,7 mm<\/li>\n<li>Couleur du cristal : Blanc<\/li>\n<li>Finition : acier<\/li>\n<li>Mat\u00e9riaux : Acier inoxydable, cristaux<\/li>\n<\/ul>\n<p><em>Tous les bijoux de la marque #Brand sont fabriqu\u00e9s \u00e0 partir de l'acier inoxydable chirurgical le plus pur du march\u00e9, test\u00e9 pour le nickel et con\u00e7u pour \u00eatre port\u00e9 tous les jours sans crainte de d\u00e9coloration ou de signes d'usure.\u00a0<\/em><\/p>\n<p>&nbsp;<\/p>","protected":false},"excerpt":{"rendered":"<p>Anello Tennis Cristalli Bianchi L\u2019anello tennis con i cristalli bianchi firmato #Brand Gioielli si distingue per il suo design essenziale ed elegante, caratterizzato da una linea pulita impreziosita da una raffinata sequenza di cristalli luminosi incastonati con precisione. La struttura sottile e armoniosa valorizza la brillantezza dei dettagli, creando un equilibrio perfetto tra sobriet\u00e0 e [&hellip;]<\/p>\n","protected":false},"featured_media":104023,"template":"","meta":[],"product_brand":[],"product_cat":[457,25,567,476,19,506],"product_tag":[53],"class_list":{"0":"post-1172","1":"product","2":"type-product","3":"status-publish","4":"has-post-thumbnail","6":"product_cat-anelli","7":"product_cat-anelli-donna","8":"product_cat-brand-carpet","9":"product_cat-coppia","10":"product_cat-donna","11":"product_cat-sotto-i-20e","12":"product_tag-collezione-crystal","14":"first","15":"instock","16":"shipping-taxable","17":"purchasable","18":"product-type-variable"},"yoast_head":"<!-- This site is optimized with the Yoast SEO plugin v27.4 - https:\/\/yoast.com\/product\/yoast-seo-wordpress\/ -->\n<title>Anello Tennis in Acciaio con Cristalli Bianchi - Brand Gioielli<\/title>\n<meta name=\"description\" content=\"L\u2019Anello Tennis con Cristalli Bianchi firmato Brand Gioielli unisce eleganza e praticit\u00e0 in un Design essenziale e luminoso. Realizzato in acciaio inossidabile ipoallergenico, offre comfort e resistenza all\u2019usura, mantenendo nel tempo la brillantezza dei suoi cristalli.\" \/>\n<meta name=\"robots\" content=\"index, follow, max-snippet:-1, max-image-preview:large, max-video-preview:-1\" \/>\n<link rel=\"canonical\" href=\"https:\/\/brandgioielli.it\/fr\/produit\/anello-tennis-cristalli-bianchi\/\" \/>\n<meta property=\"og:locale\" content=\"fr_FR\" \/>\n<meta property=\"og:type\" content=\"article\" \/>\n<meta property=\"og:title\" content=\"Anello Tennis in Acciaio con Cristalli Bianchi - Brand Gioielli\" \/>\n<meta property=\"og:description\" content=\"L\u2019Anello Tennis con Cristalli Bianchi firmato Brand Gioielli unisce eleganza e praticit\u00e0 in un Design essenziale e luminoso. Realizzato in acciaio inossidabile ipoallergenico, offre comfort e resistenza all\u2019usura, mantenendo nel tempo la brillantezza dei suoi cristalli.\" \/>\n<meta property=\"og:url\" content=\"https:\/\/brandgioielli.it\/fr\/produit\/anello-tennis-cristalli-bianchi\/\" \/>\n<meta property=\"og:site_name\" content=\"#BrandGioielli\" \/>\n<meta property=\"article:modified_time\" content=\"2026-04-17T16:18:10+00:00\" \/>\n<meta property=\"og:image\" content=\"https:\/\/brandgioielli.it\/wp-content\/uploads\/2025\/09\/anello-soft-wearing-cristalli-bianchi.jpg\" \/>\n\t<meta property=\"og:image:width\" content=\"800\" \/>\n\t<meta property=\"og:image:height\" content=\"800\" \/>\n\t<meta property=\"og:image:type\" content=\"image\/jpeg\" \/>\n<meta name=\"twitter:card\" content=\"summary_large_image\" \/>\n<meta name=\"twitter:label1\" content=\"Dur\u00e9e de lecture estim\u00e9e\" \/>\n\t<meta name=\"twitter:data1\" content=\"2 minutes\" \/>\n<script type=\"application\/ld+json\" class=\"yoast-schema-graph\">{\"@context\":\"https:\\\/\\\/schema.org\",\"@graph\":[{\"@type\":\"WebPage\",\"@id\":\"https:\\\/\\\/brandgioielli.it\\\/prodotto\\\/anello-tennis-cristalli-bianchi\\\/\",\"url\":\"https:\\\/\\\/brandgioielli.it\\\/prodotto\\\/anello-tennis-cristalli-bianchi\\\/\",\"name\":\"Anello Tennis in Acciaio con Cristalli Bianchi - Brand Gioielli\",\"isPartOf\":{\"@id\":\"https:\\\/\\\/brandgioielli.it\\\/#website\"},\"primaryImageOfPage\":{\"@id\":\"https:\\\/\\\/brandgioielli.it\\\/prodotto\\\/anello-tennis-cristalli-bianchi\\\/#primaryimage\"},\"image\":{\"@id\":\"https:\\\/\\\/brandgioielli.it\\\/prodotto\\\/anello-tennis-cristalli-bianchi\\\/#primaryimage\"},\"thumbnailUrl\":\"https:\\\/\\\/brandgioielli.it\\\/wp-content\\\/uploads\\\/2025\\\/09\\\/anello-soft-wearing-cristalli-bianchi.jpg\",\"datePublished\":\"2025-09-19T16:46:23+00:00\",\"dateModified\":\"2026-04-17T16:18:10+00:00\",\"description\":\"L\u2019Anello Tennis con Cristalli Bianchi firmato Brand Gioielli unisce eleganza e praticit\u00e0 in un Design essenziale e luminoso. Realizzato in acciaio inossidabile ipoallergenico, offre comfort e resistenza all\u2019usura, mantenendo nel tempo la brillantezza dei suoi cristalli.\",\"breadcrumb\":{\"@id\":\"https:\\\/\\\/brandgioielli.it\\\/prodotto\\\/anello-tennis-cristalli-bianchi\\\/#breadcrumb\"},\"inLanguage\":\"fr-FR\",\"potentialAction\":[{\"@type\":\"ReadAction\",\"target\":[\"https:\\\/\\\/brandgioielli.it\\\/prodotto\\\/anello-tennis-cristalli-bianchi\\\/\"]}]},{\"@type\":\"ImageObject\",\"inLanguage\":\"fr-FR\",\"@id\":\"https:\\\/\\\/brandgioielli.it\\\/prodotto\\\/anello-tennis-cristalli-bianchi\\\/#primaryimage\",\"url\":\"https:\\\/\\\/brandgioielli.it\\\/wp-content\\\/uploads\\\/2025\\\/09\\\/anello-soft-wearing-cristalli-bianchi.jpg\",\"contentUrl\":\"https:\\\/\\\/brandgioielli.it\\\/wp-content\\\/uploads\\\/2025\\\/09\\\/anello-soft-wearing-cristalli-bianchi.jpg\",\"width\":800,\"height\":800},{\"@type\":\"BreadcrumbList\",\"@id\":\"https:\\\/\\\/brandgioielli.it\\\/prodotto\\\/anello-tennis-cristalli-bianchi\\\/#breadcrumb\",\"itemListElement\":[{\"@type\":\"ListItem\",\"position\":1,\"name\":\"Home\",\"item\":\"https:\\\/\\\/brandgioielli.it\\\/\"},{\"@type\":\"ListItem\",\"position\":2,\"name\":\"Shop\",\"item\":\"https:\\\/\\\/brandgioielli.it\\\/shop\\\/\"},{\"@type\":\"ListItem\",\"position\":3,\"name\":\"Anello Tennis Cristalli Bianchi\"}]},{\"@type\":\"WebSite\",\"@id\":\"https:\\\/\\\/brandgioielli.it\\\/#website\",\"url\":\"https:\\\/\\\/brandgioielli.it\\\/\",\"name\":\"#BrandGioielli\",\"description\":\"\",\"publisher\":{\"@id\":\"https:\\\/\\\/brandgioielli.it\\\/#organization\"},\"potentialAction\":[{\"@type\":\"SearchAction\",\"target\":{\"@type\":\"EntryPoint\",\"urlTemplate\":\"https:\\\/\\\/brandgioielli.it\\\/?s={search_term_string}\"},\"query-input\":{\"@type\":\"PropertyValueSpecification\",\"valueRequired\":true,\"valueName\":\"search_term_string\"}}],\"inLanguage\":\"fr-FR\"},{\"@type\":\"Organization\",\"@id\":\"https:\\\/\\\/brandgioielli.it\\\/#organization\",\"name\":\"Brand Gioielli\",\"url\":\"https:\\\/\\\/brandgioielli.it\\\/\",\"logo\":{\"@type\":\"ImageObject\",\"inLanguage\":\"fr-FR\",\"@id\":\"https:\\\/\\\/brandgioielli.it\\\/#\\\/schema\\\/logo\\\/image\\\/\",\"url\":\"https:\\\/\\\/brandgioielli.it\\\/wp-content\\\/uploads\\\/2025\\\/07\\\/LogoBrand.png\",\"contentUrl\":\"https:\\\/\\\/brandgioielli.it\\\/wp-content\\\/uploads\\\/2025\\\/07\\\/LogoBrand.png\",\"width\":600,\"height\":170,\"caption\":\"Brand Gioielli\"},\"image\":{\"@id\":\"https:\\\/\\\/brandgioielli.it\\\/#\\\/schema\\\/logo\\\/image\\\/\"}}]}<\/script>\n<!-- \/ Yoast SEO plugin. -->","yoast_head_json":{"title":"Bague de tennis en acier avec cristaux blancs - Marque Gioielli","description":"La bague de tennis White Crystal de la marque Gioielli allie \u00e9l\u00e9gance et praticit\u00e9 dans un design simple et lumineux. Fabriqu\u00e9e en acier inoxydable hypoallerg\u00e9nique, elle offre confort et durabilit\u00e9, tout en pr\u00e9servant l&#039;\u00e9clat de ses cristaux au fil du temps.","robots":{"index":"index","follow":"follow","max-snippet":"max-snippet:-1","max-image-preview":"max-image-preview:large","max-video-preview":"max-video-preview:-1"},"canonical":"https:\/\/brandgioielli.it\/fr\/produit\/anello-tennis-cristalli-bianchi\/","og_locale":"fr_FR","og_type":"article","og_title":"Anello Tennis in Acciaio con Cristalli Bianchi - Brand Gioielli","og_description":"L\u2019Anello Tennis con Cristalli Bianchi firmato Brand Gioielli unisce eleganza e praticit\u00e0 in un Design essenziale e luminoso. Realizzato in acciaio inossidabile ipoallergenico, offre comfort e resistenza all\u2019usura, mantenendo nel tempo la brillantezza dei suoi cristalli.","og_url":"https:\/\/brandgioielli.it\/fr\/produit\/anello-tennis-cristalli-bianchi\/","og_site_name":"#BrandGioielli","article_modified_time":"2026-04-17T16:18:10+00:00","og_image":[{"width":800,"height":800,"url":"https:\/\/brandgioielli.it\/wp-content\/uploads\/2025\/09\/anello-soft-wearing-cristalli-bianchi.jpg","type":"image\/jpeg"}],"twitter_card":"summary_large_image","twitter_misc":{"Dur\u00e9e de lecture estim\u00e9e":"2 minutes"},"schema":{"@context":"https:\/\/schema.org","@graph":[{"@type":"WebPage","@id":"https:\/\/brandgioielli.it\/prodotto\/anello-tennis-cristalli-bianchi\/","url":"https:\/\/brandgioielli.it\/prodotto\/anello-tennis-cristalli-bianchi\/","name":"Bague de tennis en acier avec cristaux blancs - Marque Gioielli","isPartOf":{"@id":"https:\/\/brandgioielli.it\/#website"},"primaryImageOfPage":{"@id":"https:\/\/brandgioielli.it\/prodotto\/anello-tennis-cristalli-bianchi\/#primaryimage"},"image":{"@id":"https:\/\/brandgioielli.it\/prodotto\/anello-tennis-cristalli-bianchi\/#primaryimage"},"thumbnailUrl":"https:\/\/brandgioielli.it\/wp-content\/uploads\/2025\/09\/anello-soft-wearing-cristalli-bianchi.jpg","datePublished":"2025-09-19T16:46:23+00:00","dateModified":"2026-04-17T16:18:10+00:00","description":"La bague de tennis White Crystal de la marque Gioielli allie \u00e9l\u00e9gance et praticit\u00e9 dans un design simple et lumineux. Fabriqu\u00e9e en acier inoxydable hypoallerg\u00e9nique, elle offre confort et durabilit\u00e9, tout en pr\u00e9servant l&#039;\u00e9clat de ses cristaux au fil du temps.","breadcrumb":{"@id":"https:\/\/brandgioielli.it\/prodotto\/anello-tennis-cristalli-bianchi\/#breadcrumb"},"inLanguage":"fr-FR","potentialAction":[{"@type":"ReadAction","target":["https:\/\/brandgioielli.it\/prodotto\/anello-tennis-cristalli-bianchi\/"]}]},{"@type":"ImageObject","inLanguage":"fr-FR","@id":"https:\/\/brandgioielli.it\/prodotto\/anello-tennis-cristalli-bianchi\/#primaryimage","url":"https:\/\/brandgioielli.it\/wp-content\/uploads\/2025\/09\/anello-soft-wearing-cristalli-bianchi.jpg","contentUrl":"https:\/\/brandgioielli.it\/wp-content\/uploads\/2025\/09\/anello-soft-wearing-cristalli-bianchi.jpg","width":800,"height":800},{"@type":"BreadcrumbList","@id":"https:\/\/brandgioielli.it\/prodotto\/anello-tennis-cristalli-bianchi\/#breadcrumb","itemListElement":[{"@type":"ListItem","position":1,"name":"Home","item":"https:\/\/brandgioielli.it\/"},{"@type":"ListItem","position":2,"name":"Shop","item":"https:\/\/brandgioielli.it\/shop\/"},{"@type":"ListItem","position":3,"name":"Anello Tennis Cristalli Bianchi"}]},{"@type":"WebSite","@id":"https:\/\/brandgioielli.it\/#website","url":"https:\/\/brandgioielli.it\/","name":"#BrandJewellery","description":"","publisher":{"@id":"https:\/\/brandgioielli.it\/#organization"},"potentialAction":[{"@type":"SearchAction","target":{"@type":"EntryPoint","urlTemplate":"https:\/\/brandgioielli.it\/?s={search_term_string}"},"query-input":{"@type":"PropertyValueSpecification","valueRequired":true,"valueName":"search_term_string"}}],"inLanguage":"fr-FR"},{"@type":"Organization","@id":"https:\/\/brandgioielli.it\/#organization","name":"Bijoux de marque","url":"https:\/\/brandgioielli.it\/","logo":{"@type":"ImageObject","inLanguage":"fr-FR","@id":"https:\/\/brandgioielli.it\/#\/schema\/logo\/image\/","url":"https:\/\/brandgioielli.it\/wp-content\/uploads\/2025\/07\/LogoBrand.png","contentUrl":"https:\/\/brandgioielli.it\/wp-content\/uploads\/2025\/07\/LogoBrand.png","width":600,"height":170,"caption":"Brand Gioielli"},"image":{"@id":"https:\/\/brandgioielli.it\/#\/schema\/logo\/image\/"}}]}},"_links":{"self":[{"href":"https:\/\/brandgioielli.it\/fr\/wp-json\/wp\/v2\/product\/1172","targetHints":{"allow":["GET"]}}],"collection":[{"href":"https:\/\/brandgioielli.it\/fr\/wp-json\/wp\/v2\/product"}],"about":[{"href":"https:\/\/brandgioielli.it\/fr\/wp-json\/wp\/v2\/types\/product"}],"version-history":[{"count":8,"href":"https:\/\/brandgioielli.it\/fr\/wp-json\/wp\/v2\/product\/1172\/revisions"}],"predecessor-version":[{"id":104027,"href":"https:\/\/brandgioielli.it\/fr\/wp-json\/wp\/v2\/product\/1172\/revisions\/104027"}],"wp:featuredmedia":[{"embeddable":true,"href":"https:\/\/brandgioielli.it\/fr\/wp-json\/wp\/v2\/media\/104023"}],"wp:attachment":[{"href":"https:\/\/brandgioielli.it\/fr\/wp-json\/wp\/v2\/media?parent=1172"}],"wp:term":[{"taxonomy":"product_brand","embeddable":true,"href":"https:\/\/brandgioielli.it\/fr\/wp-json\/wp\/v2\/product_brand?post=1172"},{"taxonomy":"product_cat","embeddable":true,"href":"https:\/\/brandgioielli.it\/fr\/wp-json\/wp\/v2\/product_cat?post=1172"},{"taxonomy":"product_tag","embeddable":true,"href":"https:\/\/brandgioielli.it\/fr\/wp-json\/wp\/v2\/product_tag?post=1172"}],"curies":[{"name":"wp","href":"https:\/\/api.w.org\/{rel}","templated":true}]}}