{"id":106554,"date":"2026-05-11T14:49:38","date_gmt":"2026-05-11T12:49:38","guid":{"rendered":"https:\/\/brandgioielli.it\/?post_type=product&#038;p=106554"},"modified":"2026-05-11T14:49:38","modified_gmt":"2026-05-11T12:49:38","slug":"telo-mare-con-custodia","status":"publish","type":"product","link":"https:\/\/brandgioielli.it\/fr\/produit\/telo-mare-con-custodia\/","title":{"rendered":"Serviette de plage avec \u00e9tui"},"content":{"rendered":"<h2>Serviette de plage avec \u00e9tui<\/h2>\n<p data-start=\"0\" data-end=\"263\">La serviette de plage Gioielli de la marque #Brand, avec sa pochette, est con\u00e7ue pour vous accompagner lors de vos journ\u00e9es d&#039;\u00e9t\u00e9 \u00e0 la plage, \u00e0 la piscine ou en voyage. Fabriqu\u00e9e en microfibre douce, l\u00e9g\u00e8re et \u00e0 s\u00e9chage rapide, elle offre confort et praticit\u00e9 sans sacrifier le style. Disponible en quatre couleurs, elle arbore un motif \u00e0 rayures verticales et un lettrage d\u00e9coratif pour un look frais et original. Gr\u00e2ce \u00e0 sa mati\u00e8re en microfibre, elle se plie facilement et se range dans sa pochette assortie orn\u00e9e du logo Gioielli de la marque #Brand, id\u00e9ale pour la glisser dans votre sac \u00e0 main ou votre sac \u00e0 dos. Parfaite comme serviette de plage, de piscine ou de voyage, elle allie praticit\u00e9 et design. Les diff\u00e9rentes couleurs et lettrages vous permettent de choisir le style qui correspond le mieux \u00e0 votre humeur estivale.<\/p>\n<p><strong>SP\u00c9CIFICATIONS TECHNIQUES<\/strong><\/p>\n<ul>\n<li>Serviette de plage avec \u00e9tui<\/li>\n<li>Dimensions de la feuille : 160 x 80 cm<\/li>\n<li>Couleurs et graphismes :<\/li>\n<\/ul>\n<p><strong>L'azur<\/strong> con scritta &#8220;<em data-start=\"1467\" data-end=\"1486\">Get your shine on&#8221;<\/em><\/p>\n<p><strong>Rose<\/strong> con scritta &#8220;<em data-start=\"1555\" data-end=\"1581\">Girl just wanna have sun&#8221;<\/em><\/p>\n<p><strong>Vert<\/strong> con scritta &#8220;<em data-start=\"1515\" data-end=\"1533\">Dolce far niente&#8221;<\/em><\/p>\n<p><strong>Viola<\/strong> con scritta &#8220;<em data-start=\"1427\" data-end=\"1442\">La dolce vita&#8221;<\/em><\/p>\n<ul>\n<li>Mati\u00e8re : Microfibre<\/li>\n<\/ul>","protected":false},"excerpt":{"rendered":"<p>Telo Mare con Custodia Il telo mare con custodia firmato #Brand Gioielli \u00e8 pensato per accompagnarti nelle giornate estive al mare, in piscina o in viaggio. Realizzato in microfibra morbida, leggera e ad asciugatura rapida, offre comfort e praticit\u00e0 senza rinunciare allo stile. \u00c8 disponibile in 4 varianti colore, caratterizzate da un design a righe [&hellip;]<\/p>\n","protected":false},"featured_media":106565,"template":"","meta":[],"product_brand":[],"product_cat":[534,507,605],"product_tag":[105],"class_list":{"0":"post-106554","1":"product","2":"type-product","3":"status-publish","4":"has-post-thumbnail","6":"product_cat-accessori","7":"product_cat-sotto-i-30e","8":"product_cat-teli-mare","9":"product_tag-gadget","11":"first","12":"instock","13":"shipping-taxable","14":"purchasable","15":"product-type-variable"},"yoast_head":"<!-- This site is optimized with the Yoast SEO plugin v27.5 - https:\/\/yoast.com\/product\/yoast-seo-wordpress\/ -->\n<title>Telo Mare con Custodia - #BrandGioielli<\/title>\n<meta name=\"description\" content=\"Acquista ora su Brand Gioielli: Telo Mare con Custodia\" \/>\n<meta name=\"robots\" content=\"index, follow, max-snippet:-1, max-image-preview:large, max-video-preview:-1\" \/>\n<link rel=\"canonical\" href=\"https:\/\/brandgioielli.it\/fr\/produit\/telo-mare-con-custodia\/\" \/>\n<meta property=\"og:locale\" content=\"fr_FR\" \/>\n<meta property=\"og:type\" content=\"article\" \/>\n<meta property=\"og:title\" content=\"Telo Mare con Custodia - #BrandGioielli\" \/>\n<meta property=\"og:description\" content=\"Acquista ora su Brand Gioielli: Telo Mare con Custodia\" \/>\n<meta property=\"og:url\" content=\"https:\/\/brandgioielli.it\/fr\/produit\/telo-mare-con-custodia\/\" \/>\n<meta property=\"og:site_name\" content=\"#BrandGioielli\" \/>\n<meta property=\"og:image\" content=\"https:\/\/brandgioielli.it\/wp-content\/uploads\/2026\/03\/telo-rosa.jpg\" \/>\n\t<meta property=\"og:image:width\" content=\"800\" \/>\n\t<meta property=\"og:image:height\" content=\"800\" \/>\n\t<meta property=\"og:image:type\" content=\"image\/jpeg\" \/>\n<meta name=\"twitter:card\" content=\"summary_large_image\" \/>\n<meta name=\"twitter:label1\" content=\"Dur\u00e9e de lecture estim\u00e9e\" \/>\n\t<meta name=\"twitter:data1\" content=\"2 minutes\" \/>\n<script type=\"application\/ld+json\" class=\"yoast-schema-graph\">{\"@context\":\"https:\\\/\\\/schema.org\",\"@graph\":[{\"@type\":\"WebPage\",\"@id\":\"https:\\\/\\\/brandgioielli.it\\\/prodotto\\\/telo-mare-con-custodia\\\/\",\"url\":\"https:\\\/\\\/brandgioielli.it\\\/prodotto\\\/telo-mare-con-custodia\\\/\",\"name\":\"Telo Mare con Custodia - #BrandGioielli\",\"isPartOf\":{\"@id\":\"https:\\\/\\\/brandgioielli.it\\\/#website\"},\"primaryImageOfPage\":{\"@id\":\"https:\\\/\\\/brandgioielli.it\\\/prodotto\\\/telo-mare-con-custodia\\\/#primaryimage\"},\"image\":{\"@id\":\"https:\\\/\\\/brandgioielli.it\\\/prodotto\\\/telo-mare-con-custodia\\\/#primaryimage\"},\"thumbnailUrl\":\"https:\\\/\\\/brandgioielli.it\\\/wp-content\\\/uploads\\\/2026\\\/03\\\/telo-rosa.jpg\",\"datePublished\":\"2026-05-11T12:49:38+00:00\",\"description\":\"Acquista ora su Brand Gioielli: Telo Mare con Custodia\",\"breadcrumb\":{\"@id\":\"https:\\\/\\\/brandgioielli.it\\\/prodotto\\\/telo-mare-con-custodia\\\/#breadcrumb\"},\"inLanguage\":\"fr-FR\",\"potentialAction\":[{\"@type\":\"ReadAction\",\"target\":[\"https:\\\/\\\/brandgioielli.it\\\/prodotto\\\/telo-mare-con-custodia\\\/\"]}]},{\"@type\":\"ImageObject\",\"inLanguage\":\"fr-FR\",\"@id\":\"https:\\\/\\\/brandgioielli.it\\\/prodotto\\\/telo-mare-con-custodia\\\/#primaryimage\",\"url\":\"https:\\\/\\\/brandgioielli.it\\\/wp-content\\\/uploads\\\/2026\\\/03\\\/telo-rosa.jpg\",\"contentUrl\":\"https:\\\/\\\/brandgioielli.it\\\/wp-content\\\/uploads\\\/2026\\\/03\\\/telo-rosa.jpg\",\"width\":800,\"height\":800},{\"@type\":\"BreadcrumbList\",\"@id\":\"https:\\\/\\\/brandgioielli.it\\\/prodotto\\\/telo-mare-con-custodia\\\/#breadcrumb\",\"itemListElement\":[{\"@type\":\"ListItem\",\"position\":1,\"name\":\"Home\",\"item\":\"https:\\\/\\\/brandgioielli.it\\\/\"},{\"@type\":\"ListItem\",\"position\":2,\"name\":\"Shop\",\"item\":\"https:\\\/\\\/brandgioielli.it\\\/shop\\\/\"},{\"@type\":\"ListItem\",\"position\":3,\"name\":\"Telo Mare con Custodia\"}]},{\"@type\":\"WebSite\",\"@id\":\"https:\\\/\\\/brandgioielli.it\\\/#website\",\"url\":\"https:\\\/\\\/brandgioielli.it\\\/\",\"name\":\"#BrandGioielli\",\"description\":\"\",\"publisher\":{\"@id\":\"https:\\\/\\\/brandgioielli.it\\\/#organization\"},\"potentialAction\":[{\"@type\":\"SearchAction\",\"target\":{\"@type\":\"EntryPoint\",\"urlTemplate\":\"https:\\\/\\\/brandgioielli.it\\\/?s={search_term_string}\"},\"query-input\":{\"@type\":\"PropertyValueSpecification\",\"valueRequired\":true,\"valueName\":\"search_term_string\"}}],\"inLanguage\":\"fr-FR\"},{\"@type\":\"Organization\",\"@id\":\"https:\\\/\\\/brandgioielli.it\\\/#organization\",\"name\":\"Brand Gioielli\",\"url\":\"https:\\\/\\\/brandgioielli.it\\\/\",\"logo\":{\"@type\":\"ImageObject\",\"inLanguage\":\"fr-FR\",\"@id\":\"https:\\\/\\\/brandgioielli.it\\\/#\\\/schema\\\/logo\\\/image\\\/\",\"url\":\"https:\\\/\\\/brandgioielli.it\\\/wp-content\\\/uploads\\\/2025\\\/07\\\/LogoBrand.png\",\"contentUrl\":\"https:\\\/\\\/brandgioielli.it\\\/wp-content\\\/uploads\\\/2025\\\/07\\\/LogoBrand.png\",\"width\":600,\"height\":170,\"caption\":\"Brand Gioielli\"},\"image\":{\"@id\":\"https:\\\/\\\/brandgioielli.it\\\/#\\\/schema\\\/logo\\\/image\\\/\"}}]}<\/script>\n<!-- \/ Yoast SEO plugin. -->","yoast_head_json":{"title":"Telo Mare con Custodia - #BrandGioielli","description":"Acquista ora su Brand Gioielli: Telo Mare con Custodia","robots":{"index":"index","follow":"follow","max-snippet":"max-snippet:-1","max-image-preview":"max-image-preview:large","max-video-preview":"max-video-preview:-1"},"canonical":"https:\/\/brandgioielli.it\/fr\/produit\/telo-mare-con-custodia\/","og_locale":"fr_FR","og_type":"article","og_title":"Telo Mare con Custodia - #BrandGioielli","og_description":"Acquista ora su Brand Gioielli: Telo Mare con Custodia","og_url":"https:\/\/brandgioielli.it\/fr\/produit\/telo-mare-con-custodia\/","og_site_name":"#BrandGioielli","og_image":[{"width":800,"height":800,"url":"https:\/\/brandgioielli.it\/wp-content\/uploads\/2026\/03\/telo-rosa.jpg","type":"image\/jpeg"}],"twitter_card":"summary_large_image","twitter_misc":{"Dur\u00e9e de lecture estim\u00e9e":"2 minutes"},"schema":{"@context":"https:\/\/schema.org","@graph":[{"@type":"WebPage","@id":"https:\/\/brandgioielli.it\/prodotto\/telo-mare-con-custodia\/","url":"https:\/\/brandgioielli.it\/prodotto\/telo-mare-con-custodia\/","name":"Telo Mare con Custodia - #BrandGioielli","isPartOf":{"@id":"https:\/\/brandgioielli.it\/#website"},"primaryImageOfPage":{"@id":"https:\/\/brandgioielli.it\/prodotto\/telo-mare-con-custodia\/#primaryimage"},"image":{"@id":"https:\/\/brandgioielli.it\/prodotto\/telo-mare-con-custodia\/#primaryimage"},"thumbnailUrl":"https:\/\/brandgioielli.it\/wp-content\/uploads\/2026\/03\/telo-rosa.jpg","datePublished":"2026-05-11T12:49:38+00:00","description":"Acquista ora su Brand Gioielli: Telo Mare con Custodia","breadcrumb":{"@id":"https:\/\/brandgioielli.it\/prodotto\/telo-mare-con-custodia\/#breadcrumb"},"inLanguage":"fr-FR","potentialAction":[{"@type":"ReadAction","target":["https:\/\/brandgioielli.it\/prodotto\/telo-mare-con-custodia\/"]}]},{"@type":"ImageObject","inLanguage":"fr-FR","@id":"https:\/\/brandgioielli.it\/prodotto\/telo-mare-con-custodia\/#primaryimage","url":"https:\/\/brandgioielli.it\/wp-content\/uploads\/2026\/03\/telo-rosa.jpg","contentUrl":"https:\/\/brandgioielli.it\/wp-content\/uploads\/2026\/03\/telo-rosa.jpg","width":800,"height":800},{"@type":"BreadcrumbList","@id":"https:\/\/brandgioielli.it\/prodotto\/telo-mare-con-custodia\/#breadcrumb","itemListElement":[{"@type":"ListItem","position":1,"name":"Home","item":"https:\/\/brandgioielli.it\/"},{"@type":"ListItem","position":2,"name":"Shop","item":"https:\/\/brandgioielli.it\/shop\/"},{"@type":"ListItem","position":3,"name":"Telo Mare con Custodia"}]},{"@type":"WebSite","@id":"https:\/\/brandgioielli.it\/#website","url":"https:\/\/brandgioielli.it\/","name":"#BrandJewellery","description":"","publisher":{"@id":"https:\/\/brandgioielli.it\/#organization"},"potentialAction":[{"@type":"SearchAction","target":{"@type":"EntryPoint","urlTemplate":"https:\/\/brandgioielli.it\/?s={search_term_string}"},"query-input":{"@type":"PropertyValueSpecification","valueRequired":true,"valueName":"search_term_string"}}],"inLanguage":"fr-FR"},{"@type":"Organization","@id":"https:\/\/brandgioielli.it\/#organization","name":"Bijoux de marque","url":"https:\/\/brandgioielli.it\/","logo":{"@type":"ImageObject","inLanguage":"fr-FR","@id":"https:\/\/brandgioielli.it\/#\/schema\/logo\/image\/","url":"https:\/\/brandgioielli.it\/wp-content\/uploads\/2025\/07\/LogoBrand.png","contentUrl":"https:\/\/brandgioielli.it\/wp-content\/uploads\/2025\/07\/LogoBrand.png","width":600,"height":170,"caption":"Brand Gioielli"},"image":{"@id":"https:\/\/brandgioielli.it\/#\/schema\/logo\/image\/"}}]}},"_links":{"self":[{"href":"https:\/\/brandgioielli.it\/fr\/wp-json\/wp\/v2\/product\/106554","targetHints":{"allow":["GET"]}}],"collection":[{"href":"https:\/\/brandgioielli.it\/fr\/wp-json\/wp\/v2\/product"}],"about":[{"href":"https:\/\/brandgioielli.it\/fr\/wp-json\/wp\/v2\/types\/product"}],"version-history":[{"count":5,"href":"https:\/\/brandgioielli.it\/fr\/wp-json\/wp\/v2\/product\/106554\/revisions"}],"predecessor-version":[{"id":106564,"href":"https:\/\/brandgioielli.it\/fr\/wp-json\/wp\/v2\/product\/106554\/revisions\/106564"}],"wp:featuredmedia":[{"embeddable":true,"href":"https:\/\/brandgioielli.it\/fr\/wp-json\/wp\/v2\/media\/106565"}],"wp:attachment":[{"href":"https:\/\/brandgioielli.it\/fr\/wp-json\/wp\/v2\/media?parent=106554"}],"wp:term":[{"taxonomy":"product_brand","embeddable":true,"href":"https:\/\/brandgioielli.it\/fr\/wp-json\/wp\/v2\/product_brand?post=106554"},{"taxonomy":"product_cat","embeddable":true,"href":"https:\/\/brandgioielli.it\/fr\/wp-json\/wp\/v2\/product_cat?post=106554"},{"taxonomy":"product_tag","embeddable":true,"href":"https:\/\/brandgioielli.it\/fr\/wp-json\/wp\/v2\/product_tag?post=106554"}],"curies":[{"name":"wp","href":"https:\/\/api.w.org\/{rel}","templated":true}]}}