{"id":106314,"date":"2026-03-06T15:26:44","date_gmt":"2026-03-06T14:26:44","guid":{"rendered":"https:\/\/brandgioielli.it\/?post_type=product&#038;p=106314"},"modified":"2026-04-22T16:18:23","modified_gmt":"2026-04-22T14:18:23","slug":"anello-cristallo-rettangolare","status":"publish","type":"product","link":"https:\/\/brandgioielli.it\/fr\/produit\/anello-cristallo-rettangolare\/","title":{"rendered":"Bague rectangulaire en cristal"},"content":{"rendered":"<h2>Bague rectangulaire en cristal<\/h2>\n<p data-start=\"215\" data-end=\"539\">La bague rectangulaire en cristal de la marque Gioielli (#Brand) se distingue par son style \u00e9l\u00e9gant et lumineux. Orn\u00e9e d&#039;un cristal rectangulaire central entour\u00e9 d&#039;une couronne de petits cristaux qui en rehaussent l&#039;\u00e9clat, elle offre un jeu de lumi\u00e8re d\u00e9licat qui sublime la main d&#039;une \u00e9l\u00e9gance intemporelle. Ses lignes harmonieuses et sa finesse la rendent parfaite au quotidien comme pour les grandes occasions. Disponible en plusieurs finitions, elle s&#039;adapte \u00e0 tous les styles et se porte aussi bien seule pour un look sophistiqu\u00e9 qu&#039;associ\u00e9e \u00e0 d&#039;autres bagues pour cr\u00e9er des compositions modernes et lumineuses. Un bijou f\u00e9minin et polyvalent, con\u00e7u pour celles qui appr\u00e9cient les d\u00e9tails \u00e9tincelants et l&#039;\u00e9l\u00e9gance discr\u00e8te.<\/p>\n<p><strong>SP\u00c9CIFICATIONS TECHNIQUES<\/strong><\/p>\n<ul>\n<li>Bague rectangulaire en cristal<\/li>\n<li>Tailles : 12 \u00e0 18<\/li>\n<li>Taille de la base de support pour le cristal : 1 cm x 0,8 cm<\/li>\n<li>Couleur des cristaux : bleu, blanc, rose, rouge, vert, noir<\/li>\n<li>Finition : acier<\/li>\n<li>Mat\u00e9riaux : Acier inoxydable, cristaux<\/li>\n<\/ul>\n<p><em>Tous les bijoux de la marque #Brand sont fabriqu\u00e9s \u00e0 partir de l'acier inoxydable chirurgical le plus pur du march\u00e9, test\u00e9 pour le nickel et con\u00e7u pour \u00eatre port\u00e9 tous les jours sans crainte de d\u00e9coloration ou de signes d'usure.<\/em><\/p>","protected":false},"excerpt":{"rendered":"<p>Anello Cristallo Rettangolare L\u2019anello cristallo rettangolare firmato #Brand Gioielli si distingue per il suo stile elegante e luminoso, impreziosito da un cristallo centrale rettangolare circondato da una corona di piccoli cristalli che ne esaltano la brillantezza. Il design raffinato crea un delicato effetto di luce che valorizza la mano con un tocco di eleganza senza [&hellip;]<\/p>\n","protected":false},"featured_media":106593,"template":"","meta":[],"product_brand":[],"product_cat":[457,25,503,506],"product_tag":[112],"class_list":{"0":"post-106314","1":"product","2":"type-product","3":"status-publish","4":"has-post-thumbnail","6":"product_cat-anelli","7":"product_cat-anelli-donna","8":"product_cat-ring","9":"product_cat-sotto-i-20e","10":"product_tag-collezione-royale","12":"first","13":"instock","14":"shipping-taxable","15":"purchasable","16":"product-type-variable"},"yoast_head":"<!-- This site is optimized with the Yoast SEO plugin v27.4 - https:\/\/yoast.com\/product\/yoast-seo-wordpress\/ -->\n<title>Anello Cristallo Rettangolare - #BrandGioielli<\/title>\n<meta name=\"description\" content=\"Acquista ora su Brand Gioielli: Anello Cristallo Rettangolare\" \/>\n<meta name=\"robots\" content=\"index, follow, max-snippet:-1, max-image-preview:large, max-video-preview:-1\" \/>\n<link rel=\"canonical\" href=\"https:\/\/brandgioielli.it\/fr\/produit\/anello-cristallo-rettangolare\/\" \/>\n<meta property=\"og:locale\" content=\"fr_FR\" \/>\n<meta property=\"og:type\" content=\"article\" \/>\n<meta property=\"og:title\" content=\"Anello Cristallo Rettangolare - #BrandGioielli\" \/>\n<meta property=\"og:description\" content=\"Acquista ora su Brand Gioielli: Anello Cristallo Rettangolare\" \/>\n<meta property=\"og:url\" content=\"https:\/\/brandgioielli.it\/fr\/produit\/anello-cristallo-rettangolare\/\" \/>\n<meta property=\"og:site_name\" content=\"#BrandGioielli\" \/>\n<meta property=\"article:modified_time\" content=\"2026-04-22T14:18:23+00:00\" \/>\n<meta property=\"og:image\" content=\"https:\/\/brandgioielli.it\/wp-content\/uploads\/2026\/03\/anello-cristallo-rettangolare-1.jpg\" \/>\n\t<meta property=\"og:image:width\" content=\"800\" \/>\n\t<meta property=\"og:image:height\" content=\"800\" \/>\n\t<meta property=\"og:image:type\" content=\"image\/jpeg\" \/>\n<meta name=\"twitter:card\" content=\"summary_large_image\" \/>\n<meta name=\"twitter:label1\" content=\"Dur\u00e9e de lecture estim\u00e9e\" \/>\n\t<meta name=\"twitter:data1\" content=\"2 minutes\" \/>\n<script type=\"application\/ld+json\" class=\"yoast-schema-graph\">{\"@context\":\"https:\\\/\\\/schema.org\",\"@graph\":[{\"@type\":\"WebPage\",\"@id\":\"https:\\\/\\\/brandgioielli.it\\\/prodotto\\\/anello-cristallo-rettangolare\\\/\",\"url\":\"https:\\\/\\\/brandgioielli.it\\\/prodotto\\\/anello-cristallo-rettangolare\\\/\",\"name\":\"Anello Cristallo Rettangolare - #BrandGioielli\",\"isPartOf\":{\"@id\":\"https:\\\/\\\/brandgioielli.it\\\/#website\"},\"primaryImageOfPage\":{\"@id\":\"https:\\\/\\\/brandgioielli.it\\\/prodotto\\\/anello-cristallo-rettangolare\\\/#primaryimage\"},\"image\":{\"@id\":\"https:\\\/\\\/brandgioielli.it\\\/prodotto\\\/anello-cristallo-rettangolare\\\/#primaryimage\"},\"thumbnailUrl\":\"https:\\\/\\\/brandgioielli.it\\\/wp-content\\\/uploads\\\/2026\\\/03\\\/anello-cristallo-rettangolare-1.jpg\",\"datePublished\":\"2026-03-06T14:26:44+00:00\",\"dateModified\":\"2026-04-22T14:18:23+00:00\",\"description\":\"Acquista ora su Brand Gioielli: Anello Cristallo Rettangolare\",\"breadcrumb\":{\"@id\":\"https:\\\/\\\/brandgioielli.it\\\/prodotto\\\/anello-cristallo-rettangolare\\\/#breadcrumb\"},\"inLanguage\":\"fr-FR\",\"potentialAction\":[{\"@type\":\"ReadAction\",\"target\":[\"https:\\\/\\\/brandgioielli.it\\\/prodotto\\\/anello-cristallo-rettangolare\\\/\"]}]},{\"@type\":\"ImageObject\",\"inLanguage\":\"fr-FR\",\"@id\":\"https:\\\/\\\/brandgioielli.it\\\/prodotto\\\/anello-cristallo-rettangolare\\\/#primaryimage\",\"url\":\"https:\\\/\\\/brandgioielli.it\\\/wp-content\\\/uploads\\\/2026\\\/03\\\/anello-cristallo-rettangolare-1.jpg\",\"contentUrl\":\"https:\\\/\\\/brandgioielli.it\\\/wp-content\\\/uploads\\\/2026\\\/03\\\/anello-cristallo-rettangolare-1.jpg\",\"width\":800,\"height\":800},{\"@type\":\"BreadcrumbList\",\"@id\":\"https:\\\/\\\/brandgioielli.it\\\/prodotto\\\/anello-cristallo-rettangolare\\\/#breadcrumb\",\"itemListElement\":[{\"@type\":\"ListItem\",\"position\":1,\"name\":\"Home\",\"item\":\"https:\\\/\\\/brandgioielli.it\\\/\"},{\"@type\":\"ListItem\",\"position\":2,\"name\":\"Shop\",\"item\":\"https:\\\/\\\/brandgioielli.it\\\/shop\\\/\"},{\"@type\":\"ListItem\",\"position\":3,\"name\":\"Anello Cristallo Rettangolare\"}]},{\"@type\":\"WebSite\",\"@id\":\"https:\\\/\\\/brandgioielli.it\\\/#website\",\"url\":\"https:\\\/\\\/brandgioielli.it\\\/\",\"name\":\"#BrandGioielli\",\"description\":\"\",\"publisher\":{\"@id\":\"https:\\\/\\\/brandgioielli.it\\\/#organization\"},\"potentialAction\":[{\"@type\":\"SearchAction\",\"target\":{\"@type\":\"EntryPoint\",\"urlTemplate\":\"https:\\\/\\\/brandgioielli.it\\\/?s={search_term_string}\"},\"query-input\":{\"@type\":\"PropertyValueSpecification\",\"valueRequired\":true,\"valueName\":\"search_term_string\"}}],\"inLanguage\":\"fr-FR\"},{\"@type\":\"Organization\",\"@id\":\"https:\\\/\\\/brandgioielli.it\\\/#organization\",\"name\":\"Brand Gioielli\",\"url\":\"https:\\\/\\\/brandgioielli.it\\\/\",\"logo\":{\"@type\":\"ImageObject\",\"inLanguage\":\"fr-FR\",\"@id\":\"https:\\\/\\\/brandgioielli.it\\\/#\\\/schema\\\/logo\\\/image\\\/\",\"url\":\"https:\\\/\\\/brandgioielli.it\\\/wp-content\\\/uploads\\\/2025\\\/07\\\/LogoBrand.png\",\"contentUrl\":\"https:\\\/\\\/brandgioielli.it\\\/wp-content\\\/uploads\\\/2025\\\/07\\\/LogoBrand.png\",\"width\":600,\"height\":170,\"caption\":\"Brand Gioielli\"},\"image\":{\"@id\":\"https:\\\/\\\/brandgioielli.it\\\/#\\\/schema\\\/logo\\\/image\\\/\"}}]}<\/script>\n<!-- \/ Yoast SEO plugin. -->","yoast_head_json":{"title":"Anello Cristallo Rettangolare - #BrandGioielli","description":"Acquista ora su Brand Gioielli: Anello Cristallo Rettangolare","robots":{"index":"index","follow":"follow","max-snippet":"max-snippet:-1","max-image-preview":"max-image-preview:large","max-video-preview":"max-video-preview:-1"},"canonical":"https:\/\/brandgioielli.it\/fr\/produit\/anello-cristallo-rettangolare\/","og_locale":"fr_FR","og_type":"article","og_title":"Anello Cristallo Rettangolare - #BrandGioielli","og_description":"Acquista ora su Brand Gioielli: Anello Cristallo Rettangolare","og_url":"https:\/\/brandgioielli.it\/fr\/produit\/anello-cristallo-rettangolare\/","og_site_name":"#BrandGioielli","article_modified_time":"2026-04-22T14:18:23+00:00","og_image":[{"width":800,"height":800,"url":"https:\/\/brandgioielli.it\/wp-content\/uploads\/2026\/03\/anello-cristallo-rettangolare-1.jpg","type":"image\/jpeg"}],"twitter_card":"summary_large_image","twitter_misc":{"Dur\u00e9e de lecture estim\u00e9e":"2 minutes"},"schema":{"@context":"https:\/\/schema.org","@graph":[{"@type":"WebPage","@id":"https:\/\/brandgioielli.it\/prodotto\/anello-cristallo-rettangolare\/","url":"https:\/\/brandgioielli.it\/prodotto\/anello-cristallo-rettangolare\/","name":"Anello Cristallo Rettangolare - #BrandGioielli","isPartOf":{"@id":"https:\/\/brandgioielli.it\/#website"},"primaryImageOfPage":{"@id":"https:\/\/brandgioielli.it\/prodotto\/anello-cristallo-rettangolare\/#primaryimage"},"image":{"@id":"https:\/\/brandgioielli.it\/prodotto\/anello-cristallo-rettangolare\/#primaryimage"},"thumbnailUrl":"https:\/\/brandgioielli.it\/wp-content\/uploads\/2026\/03\/anello-cristallo-rettangolare-1.jpg","datePublished":"2026-03-06T14:26:44+00:00","dateModified":"2026-04-22T14:18:23+00:00","description":"Acquista ora su Brand Gioielli: Anello Cristallo Rettangolare","breadcrumb":{"@id":"https:\/\/brandgioielli.it\/prodotto\/anello-cristallo-rettangolare\/#breadcrumb"},"inLanguage":"fr-FR","potentialAction":[{"@type":"ReadAction","target":["https:\/\/brandgioielli.it\/prodotto\/anello-cristallo-rettangolare\/"]}]},{"@type":"ImageObject","inLanguage":"fr-FR","@id":"https:\/\/brandgioielli.it\/prodotto\/anello-cristallo-rettangolare\/#primaryimage","url":"https:\/\/brandgioielli.it\/wp-content\/uploads\/2026\/03\/anello-cristallo-rettangolare-1.jpg","contentUrl":"https:\/\/brandgioielli.it\/wp-content\/uploads\/2026\/03\/anello-cristallo-rettangolare-1.jpg","width":800,"height":800},{"@type":"BreadcrumbList","@id":"https:\/\/brandgioielli.it\/prodotto\/anello-cristallo-rettangolare\/#breadcrumb","itemListElement":[{"@type":"ListItem","position":1,"name":"Home","item":"https:\/\/brandgioielli.it\/"},{"@type":"ListItem","position":2,"name":"Shop","item":"https:\/\/brandgioielli.it\/shop\/"},{"@type":"ListItem","position":3,"name":"Anello Cristallo Rettangolare"}]},{"@type":"WebSite","@id":"https:\/\/brandgioielli.it\/#website","url":"https:\/\/brandgioielli.it\/","name":"#BrandJewellery","description":"","publisher":{"@id":"https:\/\/brandgioielli.it\/#organization"},"potentialAction":[{"@type":"SearchAction","target":{"@type":"EntryPoint","urlTemplate":"https:\/\/brandgioielli.it\/?s={search_term_string}"},"query-input":{"@type":"PropertyValueSpecification","valueRequired":true,"valueName":"search_term_string"}}],"inLanguage":"fr-FR"},{"@type":"Organization","@id":"https:\/\/brandgioielli.it\/#organization","name":"Bijoux de marque","url":"https:\/\/brandgioielli.it\/","logo":{"@type":"ImageObject","inLanguage":"fr-FR","@id":"https:\/\/brandgioielli.it\/#\/schema\/logo\/image\/","url":"https:\/\/brandgioielli.it\/wp-content\/uploads\/2025\/07\/LogoBrand.png","contentUrl":"https:\/\/brandgioielli.it\/wp-content\/uploads\/2025\/07\/LogoBrand.png","width":600,"height":170,"caption":"Brand Gioielli"},"image":{"@id":"https:\/\/brandgioielli.it\/#\/schema\/logo\/image\/"}}]}},"_links":{"self":[{"href":"https:\/\/brandgioielli.it\/fr\/wp-json\/wp\/v2\/product\/106314","targetHints":{"allow":["GET"]}}],"collection":[{"href":"https:\/\/brandgioielli.it\/fr\/wp-json\/wp\/v2\/product"}],"about":[{"href":"https:\/\/brandgioielli.it\/fr\/wp-json\/wp\/v2\/types\/product"}],"version-history":[{"count":1,"href":"https:\/\/brandgioielli.it\/fr\/wp-json\/wp\/v2\/product\/106314\/revisions"}],"predecessor-version":[{"id":106336,"href":"https:\/\/brandgioielli.it\/fr\/wp-json\/wp\/v2\/product\/106314\/revisions\/106336"}],"wp:featuredmedia":[{"embeddable":true,"href":"https:\/\/brandgioielli.it\/fr\/wp-json\/wp\/v2\/media\/106593"}],"wp:attachment":[{"href":"https:\/\/brandgioielli.it\/fr\/wp-json\/wp\/v2\/media?parent=106314"}],"wp:term":[{"taxonomy":"product_brand","embeddable":true,"href":"https:\/\/brandgioielli.it\/fr\/wp-json\/wp\/v2\/product_brand?post=106314"},{"taxonomy":"product_cat","embeddable":true,"href":"https:\/\/brandgioielli.it\/fr\/wp-json\/wp\/v2\/product_cat?post=106314"},{"taxonomy":"product_tag","embeddable":true,"href":"https:\/\/brandgioielli.it\/fr\/wp-json\/wp\/v2\/product_tag?post=106314"}],"curies":[{"name":"wp","href":"https:\/\/api.w.org\/{rel}","templated":true}]}}