{"id":106121,"date":"2026-03-05T12:52:25","date_gmt":"2026-03-05T11:52:25","guid":{"rendered":"https:\/\/brandgioielli.it\/?post_type=product&#038;p=106121"},"modified":"2026-04-20T08:17:13","modified_gmt":"2026-04-20T06:17:13","slug":"collana-quadrifoglio-ferro-di-cavallo","status":"publish","type":"product","link":"https:\/\/brandgioielli.it\/fr\/produit\/collana-quadrifoglio-ferro-di-cavallo\/","title":{"rendered":"Collier fer \u00e0 cheval tr\u00e8fle \u00e0 quatre feuilles"},"content":{"rendered":"<h2>Collier tr\u00e8fle \u00e0 quatre feuilles et fer \u00e0 cheval<\/h2>\n<p data-start=\"49\" data-end=\"423\">Le collier Gioielli de la marque #Brand, orn\u00e9 d&#039;une corne et d&#039;un fer \u00e0 cheval, est un bijou symbolique au design contemporain, confectionn\u00e9 en acier hypoallerg\u00e9nique. Sa fine cha\u00eene est agr\u00e9ment\u00e9e de deux pendentifs embl\u00e9matiques issus de la tradition des porte-bonheur\u00a0: un tr\u00e8fle \u00e0 quatre feuilles, symbole de chance, et un fer \u00e0 cheval, symbole de prosp\u00e9rit\u00e9. L\u00e9ger et polyvalent, ce collier est id\u00e9al au quotidien, port\u00e9 seul pour un effet d\u00e9licat ou associ\u00e9 \u00e0 d&#039;autres colliers pour un style plus moderne et superpos\u00e9. Gr\u00e2ce \u00e0 son fermoir mousqueton et sa cha\u00eenette d&#039;extension, il s&#039;ajuste facilement pour un confort optimal. Fabriqu\u00e9 en acier hypoallerg\u00e9nique, il est con\u00e7u pour conserver son \u00e9clat, sa r\u00e9sistance et sa qualit\u00e9 au fil du temps, m\u00eame avec un usage quotidien.<\/p>\n<p><strong>SP\u00c9CIFICATIONS TECHNIQUES<\/strong><\/p>\n<ul>\n<li>Collier fer \u00e0 cheval tr\u00e8fle \u00e0 quatre feuilles<\/li>\n<li>Dimensions : 40 cm + 5 cm d&#039;extension<\/li>\n<li>Finition : Acier, PVD or<\/li>\n<li>Mat\u00e9riau : acier inoxydable<\/li>\n<\/ul>\n<p><em>Tous les bijoux de la marque #Brand sont fabriqu\u00e9s \u00e0 partir de l'acier inoxydable chirurgical le plus pur du march\u00e9, test\u00e9 pour le nickel et con\u00e7u pour \u00eatre port\u00e9 tous les jours sans crainte de d\u00e9coloration ou de signes d'usure et r\u00e9sistant \u00e0 l'eau.<\/em><\/p>","protected":false},"excerpt":{"rendered":"<p>Collana Quadrifoglio e Ferro di Cavallo La collana con cornetto e ferro di cavallo firmata #Brand Gioielli \u00e8 un gioiello dal significato simbolico e dal design contemporaneo, realizzata in acciaio anallergico. La catena sottile \u00e8 impreziosita da due pendenti iconici della tradizione portafortuna: il quadrifoglio, simbolo di buon auspicio, e il ferro di cavallo, da [&hellip;]<\/p>\n","protected":false},"featured_media":106132,"template":"","meta":[],"product_brand":[],"product_cat":[458,23,19,507],"product_tag":[56],"class_list":{"0":"post-106121","1":"product","2":"type-product","3":"status-publish","4":"has-post-thumbnail","6":"product_cat-collane","7":"product_cat-collane-donna","8":"product_cat-donna","9":"product_cat-sotto-i-30e","10":"product_tag-collezione-good-luck","12":"first","13":"instock","14":"shipping-taxable","15":"purchasable","16":"product-type-variable"},"yoast_head":"<!-- This site is optimized with the Yoast SEO plugin v27.4 - https:\/\/yoast.com\/product\/yoast-seo-wordpress\/ -->\n<title>Collana Quadrifoglio Ferro di Cavallo - #BrandGioielli<\/title>\n<meta name=\"description\" content=\"Acquista ora su Brand Gioielli: Collana Quadrifoglio Ferro di Cavallo\" \/>\n<meta name=\"robots\" content=\"index, follow, max-snippet:-1, max-image-preview:large, max-video-preview:-1\" \/>\n<link rel=\"canonical\" href=\"https:\/\/brandgioielli.it\/fr\/produit\/collana-quadrifoglio-ferro-di-cavallo\/\" \/>\n<meta property=\"og:locale\" content=\"fr_FR\" \/>\n<meta property=\"og:type\" content=\"article\" \/>\n<meta property=\"og:title\" content=\"Collana Quadrifoglio Ferro di Cavallo - #BrandGioielli\" \/>\n<meta property=\"og:description\" content=\"Acquista ora su Brand Gioielli: Collana Quadrifoglio Ferro di Cavallo\" \/>\n<meta property=\"og:url\" content=\"https:\/\/brandgioielli.it\/fr\/produit\/collana-quadrifoglio-ferro-di-cavallo\/\" \/>\n<meta property=\"og:site_name\" content=\"#BrandGioielli\" \/>\n<meta property=\"article:modified_time\" content=\"2026-04-20T06:17:13+00:00\" \/>\n<meta property=\"og:image\" content=\"https:\/\/brandgioielli.it\/wp-content\/uploads\/2026\/03\/collana-quadrifoglio-peperoncino-acciai-1.jpg\" \/>\n\t<meta property=\"og:image:width\" content=\"800\" \/>\n\t<meta property=\"og:image:height\" content=\"800\" \/>\n\t<meta property=\"og:image:type\" content=\"image\/jpeg\" \/>\n<meta name=\"twitter:card\" content=\"summary_large_image\" \/>\n<meta name=\"twitter:label1\" content=\"Dur\u00e9e de lecture estim\u00e9e\" \/>\n\t<meta name=\"twitter:data1\" content=\"2 minutes\" \/>\n<script type=\"application\/ld+json\" class=\"yoast-schema-graph\">{\"@context\":\"https:\\\/\\\/schema.org\",\"@graph\":[{\"@type\":\"WebPage\",\"@id\":\"https:\\\/\\\/brandgioielli.it\\\/prodotto\\\/collana-quadrifoglio-ferro-di-cavallo\\\/\",\"url\":\"https:\\\/\\\/brandgioielli.it\\\/prodotto\\\/collana-quadrifoglio-ferro-di-cavallo\\\/\",\"name\":\"Collana Quadrifoglio Ferro di Cavallo - #BrandGioielli\",\"isPartOf\":{\"@id\":\"https:\\\/\\\/brandgioielli.it\\\/#website\"},\"primaryImageOfPage\":{\"@id\":\"https:\\\/\\\/brandgioielli.it\\\/prodotto\\\/collana-quadrifoglio-ferro-di-cavallo\\\/#primaryimage\"},\"image\":{\"@id\":\"https:\\\/\\\/brandgioielli.it\\\/prodotto\\\/collana-quadrifoglio-ferro-di-cavallo\\\/#primaryimage\"},\"thumbnailUrl\":\"https:\\\/\\\/brandgioielli.it\\\/wp-content\\\/uploads\\\/2026\\\/03\\\/collana-quadrifoglio-peperoncino-acciai-1.jpg\",\"datePublished\":\"2026-03-05T11:52:25+00:00\",\"dateModified\":\"2026-04-20T06:17:13+00:00\",\"description\":\"Acquista ora su Brand Gioielli: Collana Quadrifoglio Ferro di Cavallo\",\"breadcrumb\":{\"@id\":\"https:\\\/\\\/brandgioielli.it\\\/prodotto\\\/collana-quadrifoglio-ferro-di-cavallo\\\/#breadcrumb\"},\"inLanguage\":\"fr-FR\",\"potentialAction\":[{\"@type\":\"ReadAction\",\"target\":[\"https:\\\/\\\/brandgioielli.it\\\/prodotto\\\/collana-quadrifoglio-ferro-di-cavallo\\\/\"]}]},{\"@type\":\"ImageObject\",\"inLanguage\":\"fr-FR\",\"@id\":\"https:\\\/\\\/brandgioielli.it\\\/prodotto\\\/collana-quadrifoglio-ferro-di-cavallo\\\/#primaryimage\",\"url\":\"https:\\\/\\\/brandgioielli.it\\\/wp-content\\\/uploads\\\/2026\\\/03\\\/collana-quadrifoglio-peperoncino-acciai-1.jpg\",\"contentUrl\":\"https:\\\/\\\/brandgioielli.it\\\/wp-content\\\/uploads\\\/2026\\\/03\\\/collana-quadrifoglio-peperoncino-acciai-1.jpg\",\"width\":800,\"height\":800},{\"@type\":\"BreadcrumbList\",\"@id\":\"https:\\\/\\\/brandgioielli.it\\\/prodotto\\\/collana-quadrifoglio-ferro-di-cavallo\\\/#breadcrumb\",\"itemListElement\":[{\"@type\":\"ListItem\",\"position\":1,\"name\":\"Home\",\"item\":\"https:\\\/\\\/brandgioielli.it\\\/\"},{\"@type\":\"ListItem\",\"position\":2,\"name\":\"Shop\",\"item\":\"https:\\\/\\\/brandgioielli.it\\\/shop\\\/\"},{\"@type\":\"ListItem\",\"position\":3,\"name\":\"Collana Quadrifoglio Ferro di Cavallo\"}]},{\"@type\":\"WebSite\",\"@id\":\"https:\\\/\\\/brandgioielli.it\\\/#website\",\"url\":\"https:\\\/\\\/brandgioielli.it\\\/\",\"name\":\"#BrandGioielli\",\"description\":\"\",\"publisher\":{\"@id\":\"https:\\\/\\\/brandgioielli.it\\\/#organization\"},\"potentialAction\":[{\"@type\":\"SearchAction\",\"target\":{\"@type\":\"EntryPoint\",\"urlTemplate\":\"https:\\\/\\\/brandgioielli.it\\\/?s={search_term_string}\"},\"query-input\":{\"@type\":\"PropertyValueSpecification\",\"valueRequired\":true,\"valueName\":\"search_term_string\"}}],\"inLanguage\":\"fr-FR\"},{\"@type\":\"Organization\",\"@id\":\"https:\\\/\\\/brandgioielli.it\\\/#organization\",\"name\":\"Brand Gioielli\",\"url\":\"https:\\\/\\\/brandgioielli.it\\\/\",\"logo\":{\"@type\":\"ImageObject\",\"inLanguage\":\"fr-FR\",\"@id\":\"https:\\\/\\\/brandgioielli.it\\\/#\\\/schema\\\/logo\\\/image\\\/\",\"url\":\"https:\\\/\\\/brandgioielli.it\\\/wp-content\\\/uploads\\\/2025\\\/07\\\/LogoBrand.png\",\"contentUrl\":\"https:\\\/\\\/brandgioielli.it\\\/wp-content\\\/uploads\\\/2025\\\/07\\\/LogoBrand.png\",\"width\":600,\"height\":170,\"caption\":\"Brand Gioielli\"},\"image\":{\"@id\":\"https:\\\/\\\/brandgioielli.it\\\/#\\\/schema\\\/logo\\\/image\\\/\"}}]}<\/script>\n<!-- \/ Yoast SEO plugin. -->","yoast_head_json":{"title":"Collana Quadrifoglio Ferro di Cavallo - #BrandGioielli","description":"Acquista ora su Brand Gioielli: Collana Quadrifoglio Ferro di Cavallo","robots":{"index":"index","follow":"follow","max-snippet":"max-snippet:-1","max-image-preview":"max-image-preview:large","max-video-preview":"max-video-preview:-1"},"canonical":"https:\/\/brandgioielli.it\/fr\/produit\/collana-quadrifoglio-ferro-di-cavallo\/","og_locale":"fr_FR","og_type":"article","og_title":"Collana Quadrifoglio Ferro di Cavallo - #BrandGioielli","og_description":"Acquista ora su Brand Gioielli: Collana Quadrifoglio Ferro di Cavallo","og_url":"https:\/\/brandgioielli.it\/fr\/produit\/collana-quadrifoglio-ferro-di-cavallo\/","og_site_name":"#BrandGioielli","article_modified_time":"2026-04-20T06:17:13+00:00","og_image":[{"width":800,"height":800,"url":"https:\/\/brandgioielli.it\/wp-content\/uploads\/2026\/03\/collana-quadrifoglio-peperoncino-acciai-1.jpg","type":"image\/jpeg"}],"twitter_card":"summary_large_image","twitter_misc":{"Dur\u00e9e de lecture estim\u00e9e":"2 minutes"},"schema":{"@context":"https:\/\/schema.org","@graph":[{"@type":"WebPage","@id":"https:\/\/brandgioielli.it\/prodotto\/collana-quadrifoglio-ferro-di-cavallo\/","url":"https:\/\/brandgioielli.it\/prodotto\/collana-quadrifoglio-ferro-di-cavallo\/","name":"Collana Quadrifoglio Ferro di Cavallo - #BrandGioielli","isPartOf":{"@id":"https:\/\/brandgioielli.it\/#website"},"primaryImageOfPage":{"@id":"https:\/\/brandgioielli.it\/prodotto\/collana-quadrifoglio-ferro-di-cavallo\/#primaryimage"},"image":{"@id":"https:\/\/brandgioielli.it\/prodotto\/collana-quadrifoglio-ferro-di-cavallo\/#primaryimage"},"thumbnailUrl":"https:\/\/brandgioielli.it\/wp-content\/uploads\/2026\/03\/collana-quadrifoglio-peperoncino-acciai-1.jpg","datePublished":"2026-03-05T11:52:25+00:00","dateModified":"2026-04-20T06:17:13+00:00","description":"Acquista ora su Brand Gioielli: Collana Quadrifoglio Ferro di Cavallo","breadcrumb":{"@id":"https:\/\/brandgioielli.it\/prodotto\/collana-quadrifoglio-ferro-di-cavallo\/#breadcrumb"},"inLanguage":"fr-FR","potentialAction":[{"@type":"ReadAction","target":["https:\/\/brandgioielli.it\/prodotto\/collana-quadrifoglio-ferro-di-cavallo\/"]}]},{"@type":"ImageObject","inLanguage":"fr-FR","@id":"https:\/\/brandgioielli.it\/prodotto\/collana-quadrifoglio-ferro-di-cavallo\/#primaryimage","url":"https:\/\/brandgioielli.it\/wp-content\/uploads\/2026\/03\/collana-quadrifoglio-peperoncino-acciai-1.jpg","contentUrl":"https:\/\/brandgioielli.it\/wp-content\/uploads\/2026\/03\/collana-quadrifoglio-peperoncino-acciai-1.jpg","width":800,"height":800},{"@type":"BreadcrumbList","@id":"https:\/\/brandgioielli.it\/prodotto\/collana-quadrifoglio-ferro-di-cavallo\/#breadcrumb","itemListElement":[{"@type":"ListItem","position":1,"name":"Home","item":"https:\/\/brandgioielli.it\/"},{"@type":"ListItem","position":2,"name":"Shop","item":"https:\/\/brandgioielli.it\/shop\/"},{"@type":"ListItem","position":3,"name":"Collana Quadrifoglio Ferro di Cavallo"}]},{"@type":"WebSite","@id":"https:\/\/brandgioielli.it\/#website","url":"https:\/\/brandgioielli.it\/","name":"#BrandJewellery","description":"","publisher":{"@id":"https:\/\/brandgioielli.it\/#organization"},"potentialAction":[{"@type":"SearchAction","target":{"@type":"EntryPoint","urlTemplate":"https:\/\/brandgioielli.it\/?s={search_term_string}"},"query-input":{"@type":"PropertyValueSpecification","valueRequired":true,"valueName":"search_term_string"}}],"inLanguage":"fr-FR"},{"@type":"Organization","@id":"https:\/\/brandgioielli.it\/#organization","name":"Bijoux de marque","url":"https:\/\/brandgioielli.it\/","logo":{"@type":"ImageObject","inLanguage":"fr-FR","@id":"https:\/\/brandgioielli.it\/#\/schema\/logo\/image\/","url":"https:\/\/brandgioielli.it\/wp-content\/uploads\/2025\/07\/LogoBrand.png","contentUrl":"https:\/\/brandgioielli.it\/wp-content\/uploads\/2025\/07\/LogoBrand.png","width":600,"height":170,"caption":"Brand Gioielli"},"image":{"@id":"https:\/\/brandgioielli.it\/#\/schema\/logo\/image\/"}}]}},"_links":{"self":[{"href":"https:\/\/brandgioielli.it\/fr\/wp-json\/wp\/v2\/product\/106121","targetHints":{"allow":["GET"]}}],"collection":[{"href":"https:\/\/brandgioielli.it\/fr\/wp-json\/wp\/v2\/product"}],"about":[{"href":"https:\/\/brandgioielli.it\/fr\/wp-json\/wp\/v2\/types\/product"}],"version-history":[{"count":1,"href":"https:\/\/brandgioielli.it\/fr\/wp-json\/wp\/v2\/product\/106121\/revisions"}],"predecessor-version":[{"id":106134,"href":"https:\/\/brandgioielli.it\/fr\/wp-json\/wp\/v2\/product\/106121\/revisions\/106134"}],"wp:featuredmedia":[{"embeddable":true,"href":"https:\/\/brandgioielli.it\/fr\/wp-json\/wp\/v2\/media\/106132"}],"wp:attachment":[{"href":"https:\/\/brandgioielli.it\/fr\/wp-json\/wp\/v2\/media?parent=106121"}],"wp:term":[{"taxonomy":"product_brand","embeddable":true,"href":"https:\/\/brandgioielli.it\/fr\/wp-json\/wp\/v2\/product_brand?post=106121"},{"taxonomy":"product_cat","embeddable":true,"href":"https:\/\/brandgioielli.it\/fr\/wp-json\/wp\/v2\/product_cat?post=106121"},{"taxonomy":"product_tag","embeddable":true,"href":"https:\/\/brandgioielli.it\/fr\/wp-json\/wp\/v2\/product_tag?post=106121"}],"curies":[{"name":"wp","href":"https:\/\/api.w.org\/{rel}","templated":true}]}}