{"id":106102,"date":"2026-03-05T12:41:10","date_gmt":"2026-03-05T11:41:10","guid":{"rendered":"https:\/\/brandgioielli.it\/?post_type=product&#038;p=106102"},"modified":"2026-04-20T08:17:13","modified_gmt":"2026-04-20T06:17:13","slug":"collana-quadrifoglio-con-cristalli","status":"publish","type":"product","link":"https:\/\/brandgioielli.it\/fr\/produit\/collana-quadrifoglio-con-cristalli\/","title":{"rendered":"Collier en cristal tr\u00e8fle \u00e0 quatre feuilles"},"content":{"rendered":"<h2><strong>Collier tr\u00e8fle \u00e0 quatre feuilles orn\u00e9 de cristaux<\/strong><\/h2>\n<p data-start=\"49\" data-end=\"423\">Le collier tr\u00e8fle \u00e0 quatre feuilles orn\u00e9 de cristaux de la marque #Brand Gioielli est un bijou symbolique au design contemporain, confectionn\u00e9 en acier hypoallerg\u00e9nique. La fine cha\u00eene est orn\u00e9e d&#039;un pendentif tr\u00e8fle \u00e0 quatre feuilles, symbole de chance depuis toujours. L\u00e9ger et polyvalent, ce collier est id\u00e9al au quotidien\u00a0: port\u00e9 seul pour un effet d\u00e9licat ou associ\u00e9 \u00e0 d&#039;autres colliers pour un style plus moderne et superpos\u00e9. Gr\u00e2ce \u00e0 son fermoir mousqueton et sa cha\u00eenette d&#039;extension, il s&#039;ajuste facilement pour un confort optimal. Fabriqu\u00e9 en acier hypoallerg\u00e9nique, il est con\u00e7u pour conserver son \u00e9clat, sa r\u00e9sistance et sa qualit\u00e9 au fil du temps, m\u00eame avec un usage quotidien.<\/p>\n<p><strong>SP\u00c9CIFICATIONS TECHNIQUES<\/strong><\/p>\n<ul>\n<li>Collier en cristal tr\u00e8fle \u00e0 quatre feuilles<\/li>\n<li>Dimensions : 40 cm + 5 cm d&#039;extension<\/li>\n<li>Finition : Acier, PVD or<\/li>\n<li>Mat\u00e9riau : acier inoxydable<\/li>\n<\/ul>\n<p><em>Tous les bijoux de la marque #Brand sont fabriqu\u00e9s \u00e0 partir de l'acier inoxydable chirurgical le plus pur du march\u00e9, test\u00e9 pour le nickel et con\u00e7u pour \u00eatre port\u00e9 tous les jours sans crainte de d\u00e9coloration ou de signes d'usure et r\u00e9sistant \u00e0 l'eau.<\/em><\/p>","protected":false},"excerpt":{"rendered":"<p>Collana Quadrifoglio con Cristalli La collana quadrifoglio con cristalli firmata #Brand Gioielli \u00e8 un gioiello dal significato simbolico e dal design contemporaneo, realizzata in acciaio anallergico. La catena sottile \u00e8 impreziosita da un pendente, il quadrifoglio, da sempre associato alla fortuna. \u00a0Il design leggero e versatile rende questa collana perfetta da indossare ogni giorno, sia [&hellip;]<\/p>\n","protected":false},"featured_media":106106,"template":"","meta":[],"product_brand":[],"product_cat":[458,23,19,507],"product_tag":[56],"class_list":{"0":"post-106102","1":"product","2":"type-product","3":"status-publish","4":"has-post-thumbnail","6":"product_cat-collane","7":"product_cat-collane-donna","8":"product_cat-donna","9":"product_cat-sotto-i-30e","10":"product_tag-collezione-good-luck","12":"first","13":"instock","14":"shipping-taxable","15":"purchasable","16":"product-type-variable"},"yoast_head":"<!-- This site is optimized with the Yoast SEO plugin v27.4 - https:\/\/yoast.com\/product\/yoast-seo-wordpress\/ -->\n<title>Collana Quadrifoglio Cristalli - #BrandGioielli<\/title>\n<meta name=\"description\" content=\"Acquista ora su Brand Gioielli: Collana Quadrifoglio Cristalli\" \/>\n<meta name=\"robots\" content=\"index, follow, max-snippet:-1, max-image-preview:large, max-video-preview:-1\" \/>\n<link rel=\"canonical\" href=\"https:\/\/brandgioielli.it\/fr\/produit\/collana-quadrifoglio-con-cristalli\/\" \/>\n<meta property=\"og:locale\" content=\"fr_FR\" \/>\n<meta property=\"og:type\" content=\"article\" \/>\n<meta property=\"og:title\" content=\"Collana Quadrifoglio Cristalli - #BrandGioielli\" \/>\n<meta property=\"og:description\" content=\"Acquista ora su Brand Gioielli: Collana Quadrifoglio Cristalli\" \/>\n<meta property=\"og:url\" content=\"https:\/\/brandgioielli.it\/fr\/produit\/collana-quadrifoglio-con-cristalli\/\" \/>\n<meta property=\"og:site_name\" content=\"#BrandGioielli\" \/>\n<meta property=\"article:modified_time\" content=\"2026-04-20T06:17:13+00:00\" \/>\n<meta property=\"og:image\" content=\"https:\/\/brandgioielli.it\/wp-content\/uploads\/2026\/03\/collana-quadrifoglio-acciaio-cristalli.jpg\" \/>\n\t<meta property=\"og:image:width\" content=\"800\" \/>\n\t<meta property=\"og:image:height\" content=\"800\" \/>\n\t<meta property=\"og:image:type\" content=\"image\/jpeg\" \/>\n<meta name=\"twitter:card\" content=\"summary_large_image\" \/>\n<meta name=\"twitter:label1\" content=\"Dur\u00e9e de lecture estim\u00e9e\" \/>\n\t<meta name=\"twitter:data1\" content=\"2 minutes\" \/>\n<script type=\"application\/ld+json\" class=\"yoast-schema-graph\">{\"@context\":\"https:\\\/\\\/schema.org\",\"@graph\":[{\"@type\":\"WebPage\",\"@id\":\"https:\\\/\\\/brandgioielli.it\\\/prodotto\\\/collana-quadrifoglio-con-cristalli\\\/\",\"url\":\"https:\\\/\\\/brandgioielli.it\\\/prodotto\\\/collana-quadrifoglio-con-cristalli\\\/\",\"name\":\"Collana Quadrifoglio Cristalli - #BrandGioielli\",\"isPartOf\":{\"@id\":\"https:\\\/\\\/brandgioielli.it\\\/#website\"},\"primaryImageOfPage\":{\"@id\":\"https:\\\/\\\/brandgioielli.it\\\/prodotto\\\/collana-quadrifoglio-con-cristalli\\\/#primaryimage\"},\"image\":{\"@id\":\"https:\\\/\\\/brandgioielli.it\\\/prodotto\\\/collana-quadrifoglio-con-cristalli\\\/#primaryimage\"},\"thumbnailUrl\":\"https:\\\/\\\/brandgioielli.it\\\/wp-content\\\/uploads\\\/2026\\\/03\\\/collana-quadrifoglio-acciaio-cristalli.jpg\",\"datePublished\":\"2026-03-05T11:41:10+00:00\",\"dateModified\":\"2026-04-20T06:17:13+00:00\",\"description\":\"Acquista ora su Brand Gioielli: Collana Quadrifoglio Cristalli\",\"breadcrumb\":{\"@id\":\"https:\\\/\\\/brandgioielli.it\\\/prodotto\\\/collana-quadrifoglio-con-cristalli\\\/#breadcrumb\"},\"inLanguage\":\"fr-FR\",\"potentialAction\":[{\"@type\":\"ReadAction\",\"target\":[\"https:\\\/\\\/brandgioielli.it\\\/prodotto\\\/collana-quadrifoglio-con-cristalli\\\/\"]}]},{\"@type\":\"ImageObject\",\"inLanguage\":\"fr-FR\",\"@id\":\"https:\\\/\\\/brandgioielli.it\\\/prodotto\\\/collana-quadrifoglio-con-cristalli\\\/#primaryimage\",\"url\":\"https:\\\/\\\/brandgioielli.it\\\/wp-content\\\/uploads\\\/2026\\\/03\\\/collana-quadrifoglio-acciaio-cristalli.jpg\",\"contentUrl\":\"https:\\\/\\\/brandgioielli.it\\\/wp-content\\\/uploads\\\/2026\\\/03\\\/collana-quadrifoglio-acciaio-cristalli.jpg\",\"width\":800,\"height\":800},{\"@type\":\"BreadcrumbList\",\"@id\":\"https:\\\/\\\/brandgioielli.it\\\/prodotto\\\/collana-quadrifoglio-con-cristalli\\\/#breadcrumb\",\"itemListElement\":[{\"@type\":\"ListItem\",\"position\":1,\"name\":\"Home\",\"item\":\"https:\\\/\\\/brandgioielli.it\\\/\"},{\"@type\":\"ListItem\",\"position\":2,\"name\":\"Shop\",\"item\":\"https:\\\/\\\/brandgioielli.it\\\/shop\\\/\"},{\"@type\":\"ListItem\",\"position\":3,\"name\":\"Collana Quadrifoglio Cristalli\"}]},{\"@type\":\"WebSite\",\"@id\":\"https:\\\/\\\/brandgioielli.it\\\/#website\",\"url\":\"https:\\\/\\\/brandgioielli.it\\\/\",\"name\":\"#BrandGioielli\",\"description\":\"\",\"publisher\":{\"@id\":\"https:\\\/\\\/brandgioielli.it\\\/#organization\"},\"potentialAction\":[{\"@type\":\"SearchAction\",\"target\":{\"@type\":\"EntryPoint\",\"urlTemplate\":\"https:\\\/\\\/brandgioielli.it\\\/?s={search_term_string}\"},\"query-input\":{\"@type\":\"PropertyValueSpecification\",\"valueRequired\":true,\"valueName\":\"search_term_string\"}}],\"inLanguage\":\"fr-FR\"},{\"@type\":\"Organization\",\"@id\":\"https:\\\/\\\/brandgioielli.it\\\/#organization\",\"name\":\"Brand Gioielli\",\"url\":\"https:\\\/\\\/brandgioielli.it\\\/\",\"logo\":{\"@type\":\"ImageObject\",\"inLanguage\":\"fr-FR\",\"@id\":\"https:\\\/\\\/brandgioielli.it\\\/#\\\/schema\\\/logo\\\/image\\\/\",\"url\":\"https:\\\/\\\/brandgioielli.it\\\/wp-content\\\/uploads\\\/2025\\\/07\\\/LogoBrand.png\",\"contentUrl\":\"https:\\\/\\\/brandgioielli.it\\\/wp-content\\\/uploads\\\/2025\\\/07\\\/LogoBrand.png\",\"width\":600,\"height\":170,\"caption\":\"Brand Gioielli\"},\"image\":{\"@id\":\"https:\\\/\\\/brandgioielli.it\\\/#\\\/schema\\\/logo\\\/image\\\/\"}}]}<\/script>\n<!-- \/ Yoast SEO plugin. -->","yoast_head_json":{"title":"Collana Quadrifoglio Cristalli - #BrandGioielli","description":"Acquista ora su Brand Gioielli: Collana Quadrifoglio Cristalli","robots":{"index":"index","follow":"follow","max-snippet":"max-snippet:-1","max-image-preview":"max-image-preview:large","max-video-preview":"max-video-preview:-1"},"canonical":"https:\/\/brandgioielli.it\/fr\/produit\/collana-quadrifoglio-con-cristalli\/","og_locale":"fr_FR","og_type":"article","og_title":"Collana Quadrifoglio Cristalli - #BrandGioielli","og_description":"Acquista ora su Brand Gioielli: Collana Quadrifoglio Cristalli","og_url":"https:\/\/brandgioielli.it\/fr\/produit\/collana-quadrifoglio-con-cristalli\/","og_site_name":"#BrandGioielli","article_modified_time":"2026-04-20T06:17:13+00:00","og_image":[{"width":800,"height":800,"url":"https:\/\/brandgioielli.it\/wp-content\/uploads\/2026\/03\/collana-quadrifoglio-acciaio-cristalli.jpg","type":"image\/jpeg"}],"twitter_card":"summary_large_image","twitter_misc":{"Dur\u00e9e de lecture estim\u00e9e":"2 minutes"},"schema":{"@context":"https:\/\/schema.org","@graph":[{"@type":"WebPage","@id":"https:\/\/brandgioielli.it\/prodotto\/collana-quadrifoglio-con-cristalli\/","url":"https:\/\/brandgioielli.it\/prodotto\/collana-quadrifoglio-con-cristalli\/","name":"Collana Quadrifoglio Cristalli - #BrandGioielli","isPartOf":{"@id":"https:\/\/brandgioielli.it\/#website"},"primaryImageOfPage":{"@id":"https:\/\/brandgioielli.it\/prodotto\/collana-quadrifoglio-con-cristalli\/#primaryimage"},"image":{"@id":"https:\/\/brandgioielli.it\/prodotto\/collana-quadrifoglio-con-cristalli\/#primaryimage"},"thumbnailUrl":"https:\/\/brandgioielli.it\/wp-content\/uploads\/2026\/03\/collana-quadrifoglio-acciaio-cristalli.jpg","datePublished":"2026-03-05T11:41:10+00:00","dateModified":"2026-04-20T06:17:13+00:00","description":"Acquista ora su Brand Gioielli: Collana Quadrifoglio Cristalli","breadcrumb":{"@id":"https:\/\/brandgioielli.it\/prodotto\/collana-quadrifoglio-con-cristalli\/#breadcrumb"},"inLanguage":"fr-FR","potentialAction":[{"@type":"ReadAction","target":["https:\/\/brandgioielli.it\/prodotto\/collana-quadrifoglio-con-cristalli\/"]}]},{"@type":"ImageObject","inLanguage":"fr-FR","@id":"https:\/\/brandgioielli.it\/prodotto\/collana-quadrifoglio-con-cristalli\/#primaryimage","url":"https:\/\/brandgioielli.it\/wp-content\/uploads\/2026\/03\/collana-quadrifoglio-acciaio-cristalli.jpg","contentUrl":"https:\/\/brandgioielli.it\/wp-content\/uploads\/2026\/03\/collana-quadrifoglio-acciaio-cristalli.jpg","width":800,"height":800},{"@type":"BreadcrumbList","@id":"https:\/\/brandgioielli.it\/prodotto\/collana-quadrifoglio-con-cristalli\/#breadcrumb","itemListElement":[{"@type":"ListItem","position":1,"name":"Home","item":"https:\/\/brandgioielli.it\/"},{"@type":"ListItem","position":2,"name":"Shop","item":"https:\/\/brandgioielli.it\/shop\/"},{"@type":"ListItem","position":3,"name":"Collana Quadrifoglio Cristalli"}]},{"@type":"WebSite","@id":"https:\/\/brandgioielli.it\/#website","url":"https:\/\/brandgioielli.it\/","name":"#BrandJewellery","description":"","publisher":{"@id":"https:\/\/brandgioielli.it\/#organization"},"potentialAction":[{"@type":"SearchAction","target":{"@type":"EntryPoint","urlTemplate":"https:\/\/brandgioielli.it\/?s={search_term_string}"},"query-input":{"@type":"PropertyValueSpecification","valueRequired":true,"valueName":"search_term_string"}}],"inLanguage":"fr-FR"},{"@type":"Organization","@id":"https:\/\/brandgioielli.it\/#organization","name":"Bijoux de marque","url":"https:\/\/brandgioielli.it\/","logo":{"@type":"ImageObject","inLanguage":"fr-FR","@id":"https:\/\/brandgioielli.it\/#\/schema\/logo\/image\/","url":"https:\/\/brandgioielli.it\/wp-content\/uploads\/2025\/07\/LogoBrand.png","contentUrl":"https:\/\/brandgioielli.it\/wp-content\/uploads\/2025\/07\/LogoBrand.png","width":600,"height":170,"caption":"Brand Gioielli"},"image":{"@id":"https:\/\/brandgioielli.it\/#\/schema\/logo\/image\/"}}]}},"_links":{"self":[{"href":"https:\/\/brandgioielli.it\/fr\/wp-json\/wp\/v2\/product\/106102","targetHints":{"allow":["GET"]}}],"collection":[{"href":"https:\/\/brandgioielli.it\/fr\/wp-json\/wp\/v2\/product"}],"about":[{"href":"https:\/\/brandgioielli.it\/fr\/wp-json\/wp\/v2\/types\/product"}],"version-history":[{"count":2,"href":"https:\/\/brandgioielli.it\/fr\/wp-json\/wp\/v2\/product\/106102\/revisions"}],"predecessor-version":[{"id":106136,"href":"https:\/\/brandgioielli.it\/fr\/wp-json\/wp\/v2\/product\/106102\/revisions\/106136"}],"wp:featuredmedia":[{"embeddable":true,"href":"https:\/\/brandgioielli.it\/fr\/wp-json\/wp\/v2\/media\/106106"}],"wp:attachment":[{"href":"https:\/\/brandgioielli.it\/fr\/wp-json\/wp\/v2\/media?parent=106102"}],"wp:term":[{"taxonomy":"product_brand","embeddable":true,"href":"https:\/\/brandgioielli.it\/fr\/wp-json\/wp\/v2\/product_brand?post=106102"},{"taxonomy":"product_cat","embeddable":true,"href":"https:\/\/brandgioielli.it\/fr\/wp-json\/wp\/v2\/product_cat?post=106102"},{"taxonomy":"product_tag","embeddable":true,"href":"https:\/\/brandgioielli.it\/fr\/wp-json\/wp\/v2\/product_tag?post=106102"}],"curies":[{"name":"wp","href":"https:\/\/api.w.org\/{rel}","templated":true}]}}