{"id":106076,"date":"2026-03-05T12:14:29","date_gmt":"2026-03-05T11:14:29","guid":{"rendered":"https:\/\/brandgioielli.it\/?post_type=product&#038;p=106076"},"modified":"2026-04-20T08:17:12","modified_gmt":"2026-04-20T06:17:12","slug":"bracciale-quadrifoglio-ferro-di-cavallo-cornetto","status":"publish","type":"product","link":"https:\/\/brandgioielli.it\/fr\/produit\/bracciale-quadrifoglio-ferro-di-cavallo-cornetto\/","title":{"rendered":"Bracelet en corne de fer \u00e0 cheval et tr\u00e8fle \u00e0 quatre feuilles"},"content":{"rendered":"<h2>Bracelet orn\u00e9 d&#039;un tr\u00e8fle \u00e0 quatre feuilles, d&#039;un fer \u00e0 cheval et d&#039;une corne<\/h2>\n<p data-start=\"63\" data-end=\"451\">Le bracelet Gioielli de la marque #Brand, orn\u00e9 d&#039;un tr\u00e8fle \u00e0 quatre feuilles, d&#039;un fer \u00e0 cheval et d&#039;une corne, est un accessoire symbolique puissant en acier inoxydable. Sa fine cha\u00eene est rehauss\u00e9e de trois pendentifs embl\u00e9matiques issus de la tradition des porte-bonheur\u00a0: un tr\u00e8fle \u00e0 quatre feuilles, un fer \u00e0 cheval et une corne, symboles de chance, de protection et de positivit\u00e9. Son design d\u00e9licat et contemporain en fait un bijou polyvalent et confortable au quotidien. Le contraste entre l&#039;acier brillant et le rouge \u00e9clatant de la corne cr\u00e9e un d\u00e9tail original qui apporte du caract\u00e8re au poignet. Il se porte aussi bien seul qu&#039;associ\u00e9 \u00e0 d&#039;autres bracelets pour un style plus personnel. Le fermoir mousqueton et la cha\u00eenette d&#039;extension permettent un ajustement facile et confortable. Fabriqu\u00e9 en acier inoxydable, il est con\u00e7u pour conserver son \u00e9clat et sa durabilit\u00e9 au fil du temps, m\u00eame avec un usage quotidien.<\/p>\n<p><strong>SP\u00c9CIFICATIONS TECHNIQUES<\/strong><\/p>\n<ul>\n<li>Bracelet en corne de fer \u00e0 cheval et tr\u00e8fle \u00e0 quatre feuilles<\/li>\n<li>Dimensions : 16 cm + 3 cm d&#039;extension<\/li>\n<li>Finition : Acier, PVD or<\/li>\n<li>Mat\u00e9riau : acier inoxydable<\/li>\n<\/ul>\n<p><em>Tous les bijoux de la marque #Brand sont fabriqu\u00e9s \u00e0 partir de l'acier inoxydable chirurgical le plus pur du march\u00e9, test\u00e9 pour le nickel et con\u00e7u pour \u00eatre port\u00e9 tous les jours sans crainte de d\u00e9coloration ou de signes d'usure et r\u00e9sistant \u00e0 l'eau.\u00a0<\/em><\/p>","protected":false},"excerpt":{"rendered":"<p>Bracciale con Quadrifoglio, Ferro di Cavallo e Cornetto Il bracciale con quadrifoglio, ferro di cavallo e cornetto firmato #Brand Gioielli \u00e8 un accessorio dal forte significato simbolico, realizzato in acciaio inossidabile. La sottile catena \u00e8 arricchita da tre pendenti iconici della tradizione portafortuna: il quadrifoglio, il ferro di cavallo e il cornetto, elementi che insieme [&hellip;]<\/p>\n","protected":false},"featured_media":106090,"template":"","meta":[],"product_brand":[],"product_cat":[459,20,19,506],"product_tag":[56],"class_list":{"0":"post-106076","1":"product","2":"type-product","3":"status-publish","4":"has-post-thumbnail","6":"product_cat-bracciali","7":"product_cat-bracciali-donna","8":"product_cat-donna","9":"product_cat-sotto-i-20e","10":"product_tag-collezione-good-luck","12":"first","13":"instock","14":"shipping-taxable","15":"purchasable","16":"product-type-variable"},"yoast_head":"<!-- This site is optimized with the Yoast SEO plugin v27.4 - https:\/\/yoast.com\/product\/yoast-seo-wordpress\/ -->\n<title>Bracciale Quadrifoglio Ferro di Cavallo Cornetto - #BrandGioielli<\/title>\n<meta name=\"description\" content=\"Acquista ora su Brand Gioielli: Bracciale Quadrifoglio Ferro di Cavallo Cornetto\" \/>\n<meta name=\"robots\" content=\"index, follow, max-snippet:-1, max-image-preview:large, max-video-preview:-1\" \/>\n<link rel=\"canonical\" href=\"https:\/\/brandgioielli.it\/fr\/produit\/bracciale-quadrifoglio-ferro-di-cavallo-cornetto\/\" \/>\n<meta property=\"og:locale\" content=\"fr_FR\" \/>\n<meta property=\"og:type\" content=\"article\" \/>\n<meta property=\"og:title\" content=\"Bracciale Quadrifoglio Ferro di Cavallo Cornetto - #BrandGioielli\" \/>\n<meta property=\"og:description\" content=\"Acquista ora su Brand Gioielli: Bracciale Quadrifoglio Ferro di Cavallo Cornetto\" \/>\n<meta property=\"og:url\" content=\"https:\/\/brandgioielli.it\/fr\/produit\/bracciale-quadrifoglio-ferro-di-cavallo-cornetto\/\" \/>\n<meta property=\"og:site_name\" content=\"#BrandGioielli\" \/>\n<meta property=\"article:modified_time\" content=\"2026-04-20T06:17:12+00:00\" \/>\n<meta property=\"og:image\" content=\"https:\/\/brandgioielli.it\/wp-content\/uploads\/2026\/03\/bracciale-peperoncino-ferro-di-cavallo-acciaioi.jpg\" \/>\n\t<meta property=\"og:image:width\" content=\"800\" \/>\n\t<meta property=\"og:image:height\" content=\"800\" \/>\n\t<meta property=\"og:image:type\" content=\"image\/jpeg\" \/>\n<meta name=\"twitter:card\" content=\"summary_large_image\" \/>\n<meta name=\"twitter:label1\" content=\"Dur\u00e9e de lecture estim\u00e9e\" \/>\n\t<meta name=\"twitter:data1\" content=\"2 minutes\" \/>\n<script type=\"application\/ld+json\" class=\"yoast-schema-graph\">{\"@context\":\"https:\\\/\\\/schema.org\",\"@graph\":[{\"@type\":\"WebPage\",\"@id\":\"https:\\\/\\\/brandgioielli.it\\\/prodotto\\\/bracciale-quadrifoglio-ferro-di-cavallo-cornetto\\\/\",\"url\":\"https:\\\/\\\/brandgioielli.it\\\/prodotto\\\/bracciale-quadrifoglio-ferro-di-cavallo-cornetto\\\/\",\"name\":\"Bracciale Quadrifoglio Ferro di Cavallo Cornetto - #BrandGioielli\",\"isPartOf\":{\"@id\":\"https:\\\/\\\/brandgioielli.it\\\/#website\"},\"primaryImageOfPage\":{\"@id\":\"https:\\\/\\\/brandgioielli.it\\\/prodotto\\\/bracciale-quadrifoglio-ferro-di-cavallo-cornetto\\\/#primaryimage\"},\"image\":{\"@id\":\"https:\\\/\\\/brandgioielli.it\\\/prodotto\\\/bracciale-quadrifoglio-ferro-di-cavallo-cornetto\\\/#primaryimage\"},\"thumbnailUrl\":\"https:\\\/\\\/brandgioielli.it\\\/wp-content\\\/uploads\\\/2026\\\/03\\\/bracciale-peperoncino-ferro-di-cavallo-acciaioi.jpg\",\"datePublished\":\"2026-03-05T11:14:29+00:00\",\"dateModified\":\"2026-04-20T06:17:12+00:00\",\"description\":\"Acquista ora su Brand Gioielli: Bracciale Quadrifoglio Ferro di Cavallo Cornetto\",\"breadcrumb\":{\"@id\":\"https:\\\/\\\/brandgioielli.it\\\/prodotto\\\/bracciale-quadrifoglio-ferro-di-cavallo-cornetto\\\/#breadcrumb\"},\"inLanguage\":\"fr-FR\",\"potentialAction\":[{\"@type\":\"ReadAction\",\"target\":[\"https:\\\/\\\/brandgioielli.it\\\/prodotto\\\/bracciale-quadrifoglio-ferro-di-cavallo-cornetto\\\/\"]}]},{\"@type\":\"ImageObject\",\"inLanguage\":\"fr-FR\",\"@id\":\"https:\\\/\\\/brandgioielli.it\\\/prodotto\\\/bracciale-quadrifoglio-ferro-di-cavallo-cornetto\\\/#primaryimage\",\"url\":\"https:\\\/\\\/brandgioielli.it\\\/wp-content\\\/uploads\\\/2026\\\/03\\\/bracciale-peperoncino-ferro-di-cavallo-acciaioi.jpg\",\"contentUrl\":\"https:\\\/\\\/brandgioielli.it\\\/wp-content\\\/uploads\\\/2026\\\/03\\\/bracciale-peperoncino-ferro-di-cavallo-acciaioi.jpg\",\"width\":800,\"height\":800},{\"@type\":\"BreadcrumbList\",\"@id\":\"https:\\\/\\\/brandgioielli.it\\\/prodotto\\\/bracciale-quadrifoglio-ferro-di-cavallo-cornetto\\\/#breadcrumb\",\"itemListElement\":[{\"@type\":\"ListItem\",\"position\":1,\"name\":\"Home\",\"item\":\"https:\\\/\\\/brandgioielli.it\\\/\"},{\"@type\":\"ListItem\",\"position\":2,\"name\":\"Shop\",\"item\":\"https:\\\/\\\/brandgioielli.it\\\/shop\\\/\"},{\"@type\":\"ListItem\",\"position\":3,\"name\":\"Bracciale Quadrifoglio Ferro di Cavallo Cornetto\"}]},{\"@type\":\"WebSite\",\"@id\":\"https:\\\/\\\/brandgioielli.it\\\/#website\",\"url\":\"https:\\\/\\\/brandgioielli.it\\\/\",\"name\":\"#BrandGioielli\",\"description\":\"\",\"publisher\":{\"@id\":\"https:\\\/\\\/brandgioielli.it\\\/#organization\"},\"potentialAction\":[{\"@type\":\"SearchAction\",\"target\":{\"@type\":\"EntryPoint\",\"urlTemplate\":\"https:\\\/\\\/brandgioielli.it\\\/?s={search_term_string}\"},\"query-input\":{\"@type\":\"PropertyValueSpecification\",\"valueRequired\":true,\"valueName\":\"search_term_string\"}}],\"inLanguage\":\"fr-FR\"},{\"@type\":\"Organization\",\"@id\":\"https:\\\/\\\/brandgioielli.it\\\/#organization\",\"name\":\"Brand Gioielli\",\"url\":\"https:\\\/\\\/brandgioielli.it\\\/\",\"logo\":{\"@type\":\"ImageObject\",\"inLanguage\":\"fr-FR\",\"@id\":\"https:\\\/\\\/brandgioielli.it\\\/#\\\/schema\\\/logo\\\/image\\\/\",\"url\":\"https:\\\/\\\/brandgioielli.it\\\/wp-content\\\/uploads\\\/2025\\\/07\\\/LogoBrand.png\",\"contentUrl\":\"https:\\\/\\\/brandgioielli.it\\\/wp-content\\\/uploads\\\/2025\\\/07\\\/LogoBrand.png\",\"width\":600,\"height\":170,\"caption\":\"Brand Gioielli\"},\"image\":{\"@id\":\"https:\\\/\\\/brandgioielli.it\\\/#\\\/schema\\\/logo\\\/image\\\/\"}}]}<\/script>\n<!-- \/ Yoast SEO plugin. -->","yoast_head_json":{"title":"Bracelet en corne de fer \u00e0 cheval et tr\u00e8fle \u00e0 quatre feuilles - #BrandGioielli","description":"Achetez d\u00e8s maintenant chez Brand Gioielli : Bracelet en corne de fer \u00e0 cheval et tr\u00e8fle \u00e0 quatre feuilles","robots":{"index":"index","follow":"follow","max-snippet":"max-snippet:-1","max-image-preview":"max-image-preview:large","max-video-preview":"max-video-preview:-1"},"canonical":"https:\/\/brandgioielli.it\/fr\/produit\/bracciale-quadrifoglio-ferro-di-cavallo-cornetto\/","og_locale":"fr_FR","og_type":"article","og_title":"Bracciale Quadrifoglio Ferro di Cavallo Cornetto - #BrandGioielli","og_description":"Acquista ora su Brand Gioielli: Bracciale Quadrifoglio Ferro di Cavallo Cornetto","og_url":"https:\/\/brandgioielli.it\/fr\/produit\/bracciale-quadrifoglio-ferro-di-cavallo-cornetto\/","og_site_name":"#BrandGioielli","article_modified_time":"2026-04-20T06:17:12+00:00","og_image":[{"width":800,"height":800,"url":"https:\/\/brandgioielli.it\/wp-content\/uploads\/2026\/03\/bracciale-peperoncino-ferro-di-cavallo-acciaioi.jpg","type":"image\/jpeg"}],"twitter_card":"summary_large_image","twitter_misc":{"Dur\u00e9e de lecture estim\u00e9e":"2 minutes"},"schema":{"@context":"https:\/\/schema.org","@graph":[{"@type":"WebPage","@id":"https:\/\/brandgioielli.it\/prodotto\/bracciale-quadrifoglio-ferro-di-cavallo-cornetto\/","url":"https:\/\/brandgioielli.it\/prodotto\/bracciale-quadrifoglio-ferro-di-cavallo-cornetto\/","name":"Bracelet en corne de fer \u00e0 cheval et tr\u00e8fle \u00e0 quatre feuilles - #BrandGioielli","isPartOf":{"@id":"https:\/\/brandgioielli.it\/#website"},"primaryImageOfPage":{"@id":"https:\/\/brandgioielli.it\/prodotto\/bracciale-quadrifoglio-ferro-di-cavallo-cornetto\/#primaryimage"},"image":{"@id":"https:\/\/brandgioielli.it\/prodotto\/bracciale-quadrifoglio-ferro-di-cavallo-cornetto\/#primaryimage"},"thumbnailUrl":"https:\/\/brandgioielli.it\/wp-content\/uploads\/2026\/03\/bracciale-peperoncino-ferro-di-cavallo-acciaioi.jpg","datePublished":"2026-03-05T11:14:29+00:00","dateModified":"2026-04-20T06:17:12+00:00","description":"Achetez d\u00e8s maintenant chez Brand Gioielli : Bracelet en corne de fer \u00e0 cheval et tr\u00e8fle \u00e0 quatre feuilles","breadcrumb":{"@id":"https:\/\/brandgioielli.it\/prodotto\/bracciale-quadrifoglio-ferro-di-cavallo-cornetto\/#breadcrumb"},"inLanguage":"fr-FR","potentialAction":[{"@type":"ReadAction","target":["https:\/\/brandgioielli.it\/prodotto\/bracciale-quadrifoglio-ferro-di-cavallo-cornetto\/"]}]},{"@type":"ImageObject","inLanguage":"fr-FR","@id":"https:\/\/brandgioielli.it\/prodotto\/bracciale-quadrifoglio-ferro-di-cavallo-cornetto\/#primaryimage","url":"https:\/\/brandgioielli.it\/wp-content\/uploads\/2026\/03\/bracciale-peperoncino-ferro-di-cavallo-acciaioi.jpg","contentUrl":"https:\/\/brandgioielli.it\/wp-content\/uploads\/2026\/03\/bracciale-peperoncino-ferro-di-cavallo-acciaioi.jpg","width":800,"height":800},{"@type":"BreadcrumbList","@id":"https:\/\/brandgioielli.it\/prodotto\/bracciale-quadrifoglio-ferro-di-cavallo-cornetto\/#breadcrumb","itemListElement":[{"@type":"ListItem","position":1,"name":"Home","item":"https:\/\/brandgioielli.it\/"},{"@type":"ListItem","position":2,"name":"Shop","item":"https:\/\/brandgioielli.it\/shop\/"},{"@type":"ListItem","position":3,"name":"Bracciale Quadrifoglio Ferro di Cavallo Cornetto"}]},{"@type":"WebSite","@id":"https:\/\/brandgioielli.it\/#website","url":"https:\/\/brandgioielli.it\/","name":"#BrandJewellery","description":"","publisher":{"@id":"https:\/\/brandgioielli.it\/#organization"},"potentialAction":[{"@type":"SearchAction","target":{"@type":"EntryPoint","urlTemplate":"https:\/\/brandgioielli.it\/?s={search_term_string}"},"query-input":{"@type":"PropertyValueSpecification","valueRequired":true,"valueName":"search_term_string"}}],"inLanguage":"fr-FR"},{"@type":"Organization","@id":"https:\/\/brandgioielli.it\/#organization","name":"Bijoux de marque","url":"https:\/\/brandgioielli.it\/","logo":{"@type":"ImageObject","inLanguage":"fr-FR","@id":"https:\/\/brandgioielli.it\/#\/schema\/logo\/image\/","url":"https:\/\/brandgioielli.it\/wp-content\/uploads\/2025\/07\/LogoBrand.png","contentUrl":"https:\/\/brandgioielli.it\/wp-content\/uploads\/2025\/07\/LogoBrand.png","width":600,"height":170,"caption":"Brand Gioielli"},"image":{"@id":"https:\/\/brandgioielli.it\/#\/schema\/logo\/image\/"}}]}},"_links":{"self":[{"href":"https:\/\/brandgioielli.it\/fr\/wp-json\/wp\/v2\/product\/106076","targetHints":{"allow":["GET"]}}],"collection":[{"href":"https:\/\/brandgioielli.it\/fr\/wp-json\/wp\/v2\/product"}],"about":[{"href":"https:\/\/brandgioielli.it\/fr\/wp-json\/wp\/v2\/types\/product"}],"version-history":[{"count":2,"href":"https:\/\/brandgioielli.it\/fr\/wp-json\/wp\/v2\/product\/106076\/revisions"}],"predecessor-version":[{"id":106139,"href":"https:\/\/brandgioielli.it\/fr\/wp-json\/wp\/v2\/product\/106076\/revisions\/106139"}],"wp:featuredmedia":[{"embeddable":true,"href":"https:\/\/brandgioielli.it\/fr\/wp-json\/wp\/v2\/media\/106090"}],"wp:attachment":[{"href":"https:\/\/brandgioielli.it\/fr\/wp-json\/wp\/v2\/media?parent=106076"}],"wp:term":[{"taxonomy":"product_brand","embeddable":true,"href":"https:\/\/brandgioielli.it\/fr\/wp-json\/wp\/v2\/product_brand?post=106076"},{"taxonomy":"product_cat","embeddable":true,"href":"https:\/\/brandgioielli.it\/fr\/wp-json\/wp\/v2\/product_cat?post=106076"},{"taxonomy":"product_tag","embeddable":true,"href":"https:\/\/brandgioielli.it\/fr\/wp-json\/wp\/v2\/product_tag?post=106076"}],"curies":[{"name":"wp","href":"https:\/\/api.w.org\/{rel}","templated":true}]}}