{"id":106025,"date":"2026-03-05T11:00:26","date_gmt":"2026-03-05T10:00:26","guid":{"rendered":"https:\/\/brandgioielli.it\/?post_type=product&#038;p=106025"},"modified":"2026-04-20T12:17:16","modified_gmt":"2026-04-20T10:17:16","slug":"charm-quadrifoglio-cristalli","status":"publish","type":"product","link":"https:\/\/brandgioielli.it\/fr\/produit\/charm-quadrifoglio-cristalli\/","title":{"rendered":"Breloque en cristal en forme de tr\u00e8fle \u00e0 quatre feuilles"},"content":{"rendered":"<h2><strong>Breloque tr\u00e8fle \u00e0 quatre feuilles avec cristaux<\/strong><\/h2>\n<p data-start=\"48\" data-end=\"391\">Le charm tr\u00e8fle \u00e0 quatre feuilles orn\u00e9 de cristaux de la marque #Brand Gioielli est un petit bijou raffin\u00e9 qui sublimera tous vos accessoires. Son design \u00e9pur\u00e9 met en valeur un d\u00e9licat tr\u00e8fle \u00e0 quatre feuilles, symbole de chance, serti de cristaux qui lui conf\u00e8rent une touche subtile et sophistiqu\u00e9e. La finition PVD dor\u00e9e rehausse le charm et lui apporte une note chaleureuse, le rendant id\u00e9al au quotidien. Fabriqu\u00e9 en acier inoxydable, il garantit robustesse, durabilit\u00e9 et confort au quotidien, tout en conservant son \u00e9clat et sa qualit\u00e9 au fil du temps.<\/p>\n<p><strong>SP\u00c9CIFICATIONS TECHNIQUES<\/strong><\/p>\n<ul>\n<li>Breloque en cristal en forme de tr\u00e8fle \u00e0 quatre feuilles<\/li>\n<li>Taille : 2,2 cm<\/li>\n<li>Finition : Acier, PVD or<\/li>\n<li>Mati\u00e8re : Acier inoxydable, cristaux<\/li>\n<\/ul>\n<p><em>Tous les bijoux de la marque #Brand sont fabriqu\u00e9s \u00e0 partir de l'acier inoxydable chirurgical le plus pur du march\u00e9, test\u00e9 pour le nickel et con\u00e7u pour \u00eatre port\u00e9 tous les jours sans crainte de d\u00e9coloration ou de signes d'usure et r\u00e9sistant \u00e0 l'eau.\u00a0<\/em><\/p>","protected":false},"excerpt":{"rendered":"<p>Charm Quadrifoglio con Cristalli Il charm quadrifoglio con cristalli firmato #Brand Gioielli \u00e8 un piccolo gioiello raffinato che\u00a0 impreziosir\u00e0 ogni tuo accessorio. Il design essenziale \u00e8 impreziosito da un delicato quadrifoglio, simbolo di fortuna, con cristalli incastonati che donano un punto luce discreto e sofisticato. La variante in pvd oro esalta e conferisce un tocco [&hellip;]<\/p>\n","protected":false},"featured_media":106036,"template":"","meta":[],"product_brand":[],"product_cat":[22,19,505],"product_tag":[56],"class_list":{"0":"post-106025","1":"product","2":"type-product","3":"status-publish","4":"has-post-thumbnail","6":"product_cat-charm","7":"product_cat-donna","8":"product_cat-sotto-i-10e","9":"product_tag-collezione-good-luck","11":"first","12":"instock","13":"shipping-taxable","14":"purchasable","15":"product-type-variable"},"yoast_head":"<!-- This site is optimized with the Yoast SEO plugin v27.4 - https:\/\/yoast.com\/product\/yoast-seo-wordpress\/ -->\n<title>Charm Quadrifoglio Cristalli - #BrandGioielli<\/title>\n<meta name=\"description\" content=\"Acquista ora su Brand Gioielli: Charm Quadrifoglio Cristalli\" \/>\n<meta name=\"robots\" content=\"index, follow, max-snippet:-1, max-image-preview:large, max-video-preview:-1\" \/>\n<link rel=\"canonical\" href=\"https:\/\/brandgioielli.it\/fr\/produit\/charm-quadrifoglio-cristalli\/\" \/>\n<meta property=\"og:locale\" content=\"fr_FR\" \/>\n<meta property=\"og:type\" content=\"article\" \/>\n<meta property=\"og:title\" content=\"Charm Quadrifoglio Cristalli - #BrandGioielli\" \/>\n<meta property=\"og:description\" content=\"Acquista ora su Brand Gioielli: Charm Quadrifoglio Cristalli\" \/>\n<meta property=\"og:url\" content=\"https:\/\/brandgioielli.it\/fr\/produit\/charm-quadrifoglio-cristalli\/\" \/>\n<meta property=\"og:site_name\" content=\"#BrandGioielli\" \/>\n<meta property=\"article:modified_time\" content=\"2026-04-20T10:17:16+00:00\" \/>\n<meta property=\"og:image\" content=\"https:\/\/brandgioielli.it\/wp-content\/uploads\/2026\/03\/ciondolo-quadrifoglio-acciaio-cristalli.jpg\" \/>\n\t<meta property=\"og:image:width\" content=\"800\" \/>\n\t<meta property=\"og:image:height\" content=\"800\" \/>\n\t<meta property=\"og:image:type\" content=\"image\/jpeg\" \/>\n<meta name=\"twitter:card\" content=\"summary_large_image\" \/>\n<meta name=\"twitter:label1\" content=\"Dur\u00e9e de lecture estim\u00e9e\" \/>\n\t<meta name=\"twitter:data1\" content=\"1 minute\" \/>\n<script type=\"application\/ld+json\" class=\"yoast-schema-graph\">{\"@context\":\"https:\\\/\\\/schema.org\",\"@graph\":[{\"@type\":\"WebPage\",\"@id\":\"https:\\\/\\\/brandgioielli.it\\\/prodotto\\\/charm-quadrifoglio-cristalli\\\/\",\"url\":\"https:\\\/\\\/brandgioielli.it\\\/prodotto\\\/charm-quadrifoglio-cristalli\\\/\",\"name\":\"Charm Quadrifoglio Cristalli - #BrandGioielli\",\"isPartOf\":{\"@id\":\"https:\\\/\\\/brandgioielli.it\\\/#website\"},\"primaryImageOfPage\":{\"@id\":\"https:\\\/\\\/brandgioielli.it\\\/prodotto\\\/charm-quadrifoglio-cristalli\\\/#primaryimage\"},\"image\":{\"@id\":\"https:\\\/\\\/brandgioielli.it\\\/prodotto\\\/charm-quadrifoglio-cristalli\\\/#primaryimage\"},\"thumbnailUrl\":\"https:\\\/\\\/brandgioielli.it\\\/wp-content\\\/uploads\\\/2026\\\/03\\\/ciondolo-quadrifoglio-acciaio-cristalli.jpg\",\"datePublished\":\"2026-03-05T10:00:26+00:00\",\"dateModified\":\"2026-04-20T10:17:16+00:00\",\"description\":\"Acquista ora su Brand Gioielli: Charm Quadrifoglio Cristalli\",\"breadcrumb\":{\"@id\":\"https:\\\/\\\/brandgioielli.it\\\/prodotto\\\/charm-quadrifoglio-cristalli\\\/#breadcrumb\"},\"inLanguage\":\"fr-FR\",\"potentialAction\":[{\"@type\":\"ReadAction\",\"target\":[\"https:\\\/\\\/brandgioielli.it\\\/prodotto\\\/charm-quadrifoglio-cristalli\\\/\"]}]},{\"@type\":\"ImageObject\",\"inLanguage\":\"fr-FR\",\"@id\":\"https:\\\/\\\/brandgioielli.it\\\/prodotto\\\/charm-quadrifoglio-cristalli\\\/#primaryimage\",\"url\":\"https:\\\/\\\/brandgioielli.it\\\/wp-content\\\/uploads\\\/2026\\\/03\\\/ciondolo-quadrifoglio-acciaio-cristalli.jpg\",\"contentUrl\":\"https:\\\/\\\/brandgioielli.it\\\/wp-content\\\/uploads\\\/2026\\\/03\\\/ciondolo-quadrifoglio-acciaio-cristalli.jpg\",\"width\":800,\"height\":800},{\"@type\":\"BreadcrumbList\",\"@id\":\"https:\\\/\\\/brandgioielli.it\\\/prodotto\\\/charm-quadrifoglio-cristalli\\\/#breadcrumb\",\"itemListElement\":[{\"@type\":\"ListItem\",\"position\":1,\"name\":\"Home\",\"item\":\"https:\\\/\\\/brandgioielli.it\\\/\"},{\"@type\":\"ListItem\",\"position\":2,\"name\":\"Shop\",\"item\":\"https:\\\/\\\/brandgioielli.it\\\/shop\\\/\"},{\"@type\":\"ListItem\",\"position\":3,\"name\":\"Charm Quadrifoglio Cristalli\"}]},{\"@type\":\"WebSite\",\"@id\":\"https:\\\/\\\/brandgioielli.it\\\/#website\",\"url\":\"https:\\\/\\\/brandgioielli.it\\\/\",\"name\":\"#BrandGioielli\",\"description\":\"\",\"publisher\":{\"@id\":\"https:\\\/\\\/brandgioielli.it\\\/#organization\"},\"potentialAction\":[{\"@type\":\"SearchAction\",\"target\":{\"@type\":\"EntryPoint\",\"urlTemplate\":\"https:\\\/\\\/brandgioielli.it\\\/?s={search_term_string}\"},\"query-input\":{\"@type\":\"PropertyValueSpecification\",\"valueRequired\":true,\"valueName\":\"search_term_string\"}}],\"inLanguage\":\"fr-FR\"},{\"@type\":\"Organization\",\"@id\":\"https:\\\/\\\/brandgioielli.it\\\/#organization\",\"name\":\"Brand Gioielli\",\"url\":\"https:\\\/\\\/brandgioielli.it\\\/\",\"logo\":{\"@type\":\"ImageObject\",\"inLanguage\":\"fr-FR\",\"@id\":\"https:\\\/\\\/brandgioielli.it\\\/#\\\/schema\\\/logo\\\/image\\\/\",\"url\":\"https:\\\/\\\/brandgioielli.it\\\/wp-content\\\/uploads\\\/2025\\\/07\\\/LogoBrand.png\",\"contentUrl\":\"https:\\\/\\\/brandgioielli.it\\\/wp-content\\\/uploads\\\/2025\\\/07\\\/LogoBrand.png\",\"width\":600,\"height\":170,\"caption\":\"Brand Gioielli\"},\"image\":{\"@id\":\"https:\\\/\\\/brandgioielli.it\\\/#\\\/schema\\\/logo\\\/image\\\/\"}}]}<\/script>\n<!-- \/ Yoast SEO plugin. -->","yoast_head_json":{"title":"Charm Quadrifoglio Cristalli - #BrandGioielli","description":"Acquista ora su Brand Gioielli: Charm Quadrifoglio Cristalli","robots":{"index":"index","follow":"follow","max-snippet":"max-snippet:-1","max-image-preview":"max-image-preview:large","max-video-preview":"max-video-preview:-1"},"canonical":"https:\/\/brandgioielli.it\/fr\/produit\/charm-quadrifoglio-cristalli\/","og_locale":"fr_FR","og_type":"article","og_title":"Charm Quadrifoglio Cristalli - #BrandGioielli","og_description":"Acquista ora su Brand Gioielli: Charm Quadrifoglio Cristalli","og_url":"https:\/\/brandgioielli.it\/fr\/produit\/charm-quadrifoglio-cristalli\/","og_site_name":"#BrandGioielli","article_modified_time":"2026-04-20T10:17:16+00:00","og_image":[{"width":800,"height":800,"url":"https:\/\/brandgioielli.it\/wp-content\/uploads\/2026\/03\/ciondolo-quadrifoglio-acciaio-cristalli.jpg","type":"image\/jpeg"}],"twitter_card":"summary_large_image","twitter_misc":{"Dur\u00e9e de lecture estim\u00e9e":"1 minute"},"schema":{"@context":"https:\/\/schema.org","@graph":[{"@type":"WebPage","@id":"https:\/\/brandgioielli.it\/prodotto\/charm-quadrifoglio-cristalli\/","url":"https:\/\/brandgioielli.it\/prodotto\/charm-quadrifoglio-cristalli\/","name":"Charm Quadrifoglio Cristalli - #BrandGioielli","isPartOf":{"@id":"https:\/\/brandgioielli.it\/#website"},"primaryImageOfPage":{"@id":"https:\/\/brandgioielli.it\/prodotto\/charm-quadrifoglio-cristalli\/#primaryimage"},"image":{"@id":"https:\/\/brandgioielli.it\/prodotto\/charm-quadrifoglio-cristalli\/#primaryimage"},"thumbnailUrl":"https:\/\/brandgioielli.it\/wp-content\/uploads\/2026\/03\/ciondolo-quadrifoglio-acciaio-cristalli.jpg","datePublished":"2026-03-05T10:00:26+00:00","dateModified":"2026-04-20T10:17:16+00:00","description":"Acquista ora su Brand Gioielli: Charm Quadrifoglio Cristalli","breadcrumb":{"@id":"https:\/\/brandgioielli.it\/prodotto\/charm-quadrifoglio-cristalli\/#breadcrumb"},"inLanguage":"fr-FR","potentialAction":[{"@type":"ReadAction","target":["https:\/\/brandgioielli.it\/prodotto\/charm-quadrifoglio-cristalli\/"]}]},{"@type":"ImageObject","inLanguage":"fr-FR","@id":"https:\/\/brandgioielli.it\/prodotto\/charm-quadrifoglio-cristalli\/#primaryimage","url":"https:\/\/brandgioielli.it\/wp-content\/uploads\/2026\/03\/ciondolo-quadrifoglio-acciaio-cristalli.jpg","contentUrl":"https:\/\/brandgioielli.it\/wp-content\/uploads\/2026\/03\/ciondolo-quadrifoglio-acciaio-cristalli.jpg","width":800,"height":800},{"@type":"BreadcrumbList","@id":"https:\/\/brandgioielli.it\/prodotto\/charm-quadrifoglio-cristalli\/#breadcrumb","itemListElement":[{"@type":"ListItem","position":1,"name":"Home","item":"https:\/\/brandgioielli.it\/"},{"@type":"ListItem","position":2,"name":"Shop","item":"https:\/\/brandgioielli.it\/shop\/"},{"@type":"ListItem","position":3,"name":"Charm Quadrifoglio Cristalli"}]},{"@type":"WebSite","@id":"https:\/\/brandgioielli.it\/#website","url":"https:\/\/brandgioielli.it\/","name":"#BrandJewellery","description":"","publisher":{"@id":"https:\/\/brandgioielli.it\/#organization"},"potentialAction":[{"@type":"SearchAction","target":{"@type":"EntryPoint","urlTemplate":"https:\/\/brandgioielli.it\/?s={search_term_string}"},"query-input":{"@type":"PropertyValueSpecification","valueRequired":true,"valueName":"search_term_string"}}],"inLanguage":"fr-FR"},{"@type":"Organization","@id":"https:\/\/brandgioielli.it\/#organization","name":"Bijoux de marque","url":"https:\/\/brandgioielli.it\/","logo":{"@type":"ImageObject","inLanguage":"fr-FR","@id":"https:\/\/brandgioielli.it\/#\/schema\/logo\/image\/","url":"https:\/\/brandgioielli.it\/wp-content\/uploads\/2025\/07\/LogoBrand.png","contentUrl":"https:\/\/brandgioielli.it\/wp-content\/uploads\/2025\/07\/LogoBrand.png","width":600,"height":170,"caption":"Brand Gioielli"},"image":{"@id":"https:\/\/brandgioielli.it\/#\/schema\/logo\/image\/"}}]}},"_links":{"self":[{"href":"https:\/\/brandgioielli.it\/fr\/wp-json\/wp\/v2\/product\/106025","targetHints":{"allow":["GET"]}}],"collection":[{"href":"https:\/\/brandgioielli.it\/fr\/wp-json\/wp\/v2\/product"}],"about":[{"href":"https:\/\/brandgioielli.it\/fr\/wp-json\/wp\/v2\/types\/product"}],"version-history":[{"count":1,"href":"https:\/\/brandgioielli.it\/fr\/wp-json\/wp\/v2\/product\/106025\/revisions"}],"predecessor-version":[{"id":106039,"href":"https:\/\/brandgioielli.it\/fr\/wp-json\/wp\/v2\/product\/106025\/revisions\/106039"}],"wp:featuredmedia":[{"embeddable":true,"href":"https:\/\/brandgioielli.it\/fr\/wp-json\/wp\/v2\/media\/106036"}],"wp:attachment":[{"href":"https:\/\/brandgioielli.it\/fr\/wp-json\/wp\/v2\/media?parent=106025"}],"wp:term":[{"taxonomy":"product_brand","embeddable":true,"href":"https:\/\/brandgioielli.it\/fr\/wp-json\/wp\/v2\/product_brand?post=106025"},{"taxonomy":"product_cat","embeddable":true,"href":"https:\/\/brandgioielli.it\/fr\/wp-json\/wp\/v2\/product_cat?post=106025"},{"taxonomy":"product_tag","embeddable":true,"href":"https:\/\/brandgioielli.it\/fr\/wp-json\/wp\/v2\/product_tag?post=106025"}],"curies":[{"name":"wp","href":"https:\/\/api.w.org\/{rel}","templated":true}]}}