{"id":106015,"date":"2026-03-05T10:49:07","date_gmt":"2026-03-05T09:49:07","guid":{"rendered":"https:\/\/brandgioielli.it\/?post_type=product&#038;p=106015"},"modified":"2026-04-22T10:17:16","modified_gmt":"2026-04-22T08:17:16","slug":"orecchini-pendenti-quadrifoglio-cristalli","status":"publish","type":"product","link":"https:\/\/brandgioielli.it\/fr\/produit\/orecchini-pendenti-quadrifoglio-cristalli\/","title":{"rendered":"Boucles d&#039;oreilles pendantes en cristal en forme de tr\u00e8fle \u00e0 quatre feuilles"},"content":{"rendered":"<h2>Boucles d&#039;oreilles pendantes tr\u00e8fle \u00e0 quatre feuilles avec cristaux<\/h2>\n<p data-start=\"48\" data-end=\"391\">Les boucles d&#039;oreilles pendantes tr\u00e8fle \u00e0 quatre feuilles et cristaux de la marque Gioielli (#Brand) sont des pi\u00e8ces raffin\u00e9es en acier inoxydable. Leur design moderne et ludique est orn\u00e9 d&#039;un d\u00e9licat tr\u00e8fle \u00e0 quatre feuilles central, symbole de chance, serti de cristaux qui lui conf\u00e8rent une touche subtile et sophistiqu\u00e9e. La finition PVD dor\u00e9e sublime leur allure et leur apporte une note chaleureuse et f\u00e9minine, les rendant parfaites au quotidien. Gr\u00e2ce \u00e0 leur design minimaliste, ces boucles d&#039;oreilles s&#039;adaptent facilement \u00e0 diff\u00e9rents styles, id\u00e9ales pour des tenues \u00e9l\u00e9gantes ou plus d\u00e9licates, ou \u00e0 associer \u00e0 d&#039;autres boucles d&#039;oreilles pour cr\u00e9er des compositions contemporaines. Fabriqu\u00e9es en acier inoxydable, elles garantissent r\u00e9sistance, durabilit\u00e9 et confort au quotidien, tout en conservant leur \u00e9clat et leur qualit\u00e9 au fil du temps.<\/p>\n<p><strong>SP\u00c9CIFICATIONS TECHNIQUES<\/strong><\/p>\n<ul>\n<li>Boucles d&#039;oreilles pendantes en cristal en forme de tr\u00e8fle \u00e0 quatre feuilles<\/li>\n<li>Longueur : 3,5 cm<\/li>\n<li>Finition : Acier, PVD or<\/li>\n<li>Mati\u00e8re : Acier inoxydable, cristaux<\/li>\n<\/ul>\n<p><em>Tous les bijoux de la marque #Brand sont fabriqu\u00e9s \u00e0 partir de l'acier inoxydable chirurgical le plus pur du march\u00e9, test\u00e9 pour le nickel et con\u00e7u pour \u00eatre port\u00e9 tous les jours sans crainte de d\u00e9coloration ou de signes d'usure et r\u00e9sistant \u00e0 l'eau.\u00a0<\/em><\/p>","protected":false},"excerpt":{"rendered":"<p>Orecchini Pendenti Quadrifoglio con Cristalli Gli Orecchini pendenti quadrifoglio con cristalli firmato #Brand Gioielli sono gioielli raffinato, realizzato in acciaio inossidabile. Il design moderno e simpatico \u00e8 impreziosito da un delicato quadrifoglio centrale, simbolo di fortuna, con cristalli incastonati che donano un punto luce discreto e sofisticato. La variante in pvd oro esalta e conferisce [&hellip;]<\/p>\n","protected":false},"featured_media":106020,"template":"","meta":[],"product_brand":[],"product_cat":[19,24,506],"product_tag":[56],"class_list":{"0":"post-106015","1":"product","2":"type-product","3":"status-publish","4":"has-post-thumbnail","6":"product_cat-donna","7":"product_cat-orecchini-donna","8":"product_cat-sotto-i-20e","9":"product_tag-collezione-good-luck","11":"first","12":"instock","13":"shipping-taxable","14":"purchasable","15":"product-type-variable"},"yoast_head":"<!-- This site is optimized with the Yoast SEO plugin v27.4 - https:\/\/yoast.com\/product\/yoast-seo-wordpress\/ -->\n<title>Orecchini Pendenti Quadrifoglio Cristalli - #BrandGioielli<\/title>\n<meta name=\"description\" content=\"Acquista ora su Brand Gioielli: Orecchini Pendenti Quadrifoglio Cristalli\" \/>\n<meta name=\"robots\" content=\"index, follow, max-snippet:-1, max-image-preview:large, max-video-preview:-1\" \/>\n<link rel=\"canonical\" href=\"https:\/\/brandgioielli.it\/fr\/produit\/orecchini-pendenti-quadrifoglio-cristalli\/\" \/>\n<meta property=\"og:locale\" content=\"fr_FR\" \/>\n<meta property=\"og:type\" content=\"article\" \/>\n<meta property=\"og:title\" content=\"Orecchini Pendenti Quadrifoglio Cristalli - #BrandGioielli\" \/>\n<meta property=\"og:description\" content=\"Acquista ora su Brand Gioielli: Orecchini Pendenti Quadrifoglio Cristalli\" \/>\n<meta property=\"og:url\" content=\"https:\/\/brandgioielli.it\/fr\/produit\/orecchini-pendenti-quadrifoglio-cristalli\/\" \/>\n<meta property=\"og:site_name\" content=\"#BrandGioielli\" \/>\n<meta property=\"article:modified_time\" content=\"2026-04-22T08:17:16+00:00\" \/>\n<meta property=\"og:image\" content=\"https:\/\/brandgioielli.it\/wp-content\/uploads\/2026\/03\/pendentii-quadrifoglio-acciaio-cristalli.jpg\" \/>\n\t<meta property=\"og:image:width\" content=\"800\" \/>\n\t<meta property=\"og:image:height\" content=\"800\" \/>\n\t<meta property=\"og:image:type\" content=\"image\/jpeg\" \/>\n<meta name=\"twitter:card\" content=\"summary_large_image\" \/>\n<meta name=\"twitter:label1\" content=\"Dur\u00e9e de lecture estim\u00e9e\" \/>\n\t<meta name=\"twitter:data1\" content=\"2 minutes\" \/>\n<script type=\"application\/ld+json\" class=\"yoast-schema-graph\">{\"@context\":\"https:\\\/\\\/schema.org\",\"@graph\":[{\"@type\":\"WebPage\",\"@id\":\"https:\\\/\\\/brandgioielli.it\\\/prodotto\\\/orecchini-pendenti-quadrifoglio-cristalli\\\/\",\"url\":\"https:\\\/\\\/brandgioielli.it\\\/prodotto\\\/orecchini-pendenti-quadrifoglio-cristalli\\\/\",\"name\":\"Orecchini Pendenti Quadrifoglio Cristalli - #BrandGioielli\",\"isPartOf\":{\"@id\":\"https:\\\/\\\/brandgioielli.it\\\/#website\"},\"primaryImageOfPage\":{\"@id\":\"https:\\\/\\\/brandgioielli.it\\\/prodotto\\\/orecchini-pendenti-quadrifoglio-cristalli\\\/#primaryimage\"},\"image\":{\"@id\":\"https:\\\/\\\/brandgioielli.it\\\/prodotto\\\/orecchini-pendenti-quadrifoglio-cristalli\\\/#primaryimage\"},\"thumbnailUrl\":\"https:\\\/\\\/brandgioielli.it\\\/wp-content\\\/uploads\\\/2026\\\/03\\\/pendentii-quadrifoglio-acciaio-cristalli.jpg\",\"datePublished\":\"2026-03-05T09:49:07+00:00\",\"dateModified\":\"2026-04-22T08:17:16+00:00\",\"description\":\"Acquista ora su Brand Gioielli: Orecchini Pendenti Quadrifoglio Cristalli\",\"breadcrumb\":{\"@id\":\"https:\\\/\\\/brandgioielli.it\\\/prodotto\\\/orecchini-pendenti-quadrifoglio-cristalli\\\/#breadcrumb\"},\"inLanguage\":\"fr-FR\",\"potentialAction\":[{\"@type\":\"ReadAction\",\"target\":[\"https:\\\/\\\/brandgioielli.it\\\/prodotto\\\/orecchini-pendenti-quadrifoglio-cristalli\\\/\"]}]},{\"@type\":\"ImageObject\",\"inLanguage\":\"fr-FR\",\"@id\":\"https:\\\/\\\/brandgioielli.it\\\/prodotto\\\/orecchini-pendenti-quadrifoglio-cristalli\\\/#primaryimage\",\"url\":\"https:\\\/\\\/brandgioielli.it\\\/wp-content\\\/uploads\\\/2026\\\/03\\\/pendentii-quadrifoglio-acciaio-cristalli.jpg\",\"contentUrl\":\"https:\\\/\\\/brandgioielli.it\\\/wp-content\\\/uploads\\\/2026\\\/03\\\/pendentii-quadrifoglio-acciaio-cristalli.jpg\",\"width\":800,\"height\":800},{\"@type\":\"BreadcrumbList\",\"@id\":\"https:\\\/\\\/brandgioielli.it\\\/prodotto\\\/orecchini-pendenti-quadrifoglio-cristalli\\\/#breadcrumb\",\"itemListElement\":[{\"@type\":\"ListItem\",\"position\":1,\"name\":\"Home\",\"item\":\"https:\\\/\\\/brandgioielli.it\\\/\"},{\"@type\":\"ListItem\",\"position\":2,\"name\":\"Shop\",\"item\":\"https:\\\/\\\/brandgioielli.it\\\/shop\\\/\"},{\"@type\":\"ListItem\",\"position\":3,\"name\":\"Orecchini Pendenti Quadrifoglio Cristalli\"}]},{\"@type\":\"WebSite\",\"@id\":\"https:\\\/\\\/brandgioielli.it\\\/#website\",\"url\":\"https:\\\/\\\/brandgioielli.it\\\/\",\"name\":\"#BrandGioielli\",\"description\":\"\",\"publisher\":{\"@id\":\"https:\\\/\\\/brandgioielli.it\\\/#organization\"},\"potentialAction\":[{\"@type\":\"SearchAction\",\"target\":{\"@type\":\"EntryPoint\",\"urlTemplate\":\"https:\\\/\\\/brandgioielli.it\\\/?s={search_term_string}\"},\"query-input\":{\"@type\":\"PropertyValueSpecification\",\"valueRequired\":true,\"valueName\":\"search_term_string\"}}],\"inLanguage\":\"fr-FR\"},{\"@type\":\"Organization\",\"@id\":\"https:\\\/\\\/brandgioielli.it\\\/#organization\",\"name\":\"Brand Gioielli\",\"url\":\"https:\\\/\\\/brandgioielli.it\\\/\",\"logo\":{\"@type\":\"ImageObject\",\"inLanguage\":\"fr-FR\",\"@id\":\"https:\\\/\\\/brandgioielli.it\\\/#\\\/schema\\\/logo\\\/image\\\/\",\"url\":\"https:\\\/\\\/brandgioielli.it\\\/wp-content\\\/uploads\\\/2025\\\/07\\\/LogoBrand.png\",\"contentUrl\":\"https:\\\/\\\/brandgioielli.it\\\/wp-content\\\/uploads\\\/2025\\\/07\\\/LogoBrand.png\",\"width\":600,\"height\":170,\"caption\":\"Brand Gioielli\"},\"image\":{\"@id\":\"https:\\\/\\\/brandgioielli.it\\\/#\\\/schema\\\/logo\\\/image\\\/\"}}]}<\/script>\n<!-- \/ Yoast SEO plugin. -->","yoast_head_json":{"title":"Boucles d&#039;oreilles pendantes en cristal en forme de tr\u00e8fle \u00e0 quatre feuilles - #BrandGioielli","description":"Achetez d\u00e8s maintenant chez Brand Gioielli\u00a0: Boucles d\u2019oreilles pendantes en cristal Tr\u00e8fle \u00e0 quatre feuilles","robots":{"index":"index","follow":"follow","max-snippet":"max-snippet:-1","max-image-preview":"max-image-preview:large","max-video-preview":"max-video-preview:-1"},"canonical":"https:\/\/brandgioielli.it\/fr\/produit\/orecchini-pendenti-quadrifoglio-cristalli\/","og_locale":"fr_FR","og_type":"article","og_title":"Orecchini Pendenti Quadrifoglio Cristalli - #BrandGioielli","og_description":"Acquista ora su Brand Gioielli: Orecchini Pendenti Quadrifoglio Cristalli","og_url":"https:\/\/brandgioielli.it\/fr\/produit\/orecchini-pendenti-quadrifoglio-cristalli\/","og_site_name":"#BrandGioielli","article_modified_time":"2026-04-22T08:17:16+00:00","og_image":[{"width":800,"height":800,"url":"https:\/\/brandgioielli.it\/wp-content\/uploads\/2026\/03\/pendentii-quadrifoglio-acciaio-cristalli.jpg","type":"image\/jpeg"}],"twitter_card":"summary_large_image","twitter_misc":{"Dur\u00e9e de lecture estim\u00e9e":"2 minutes"},"schema":{"@context":"https:\/\/schema.org","@graph":[{"@type":"WebPage","@id":"https:\/\/brandgioielli.it\/prodotto\/orecchini-pendenti-quadrifoglio-cristalli\/","url":"https:\/\/brandgioielli.it\/prodotto\/orecchini-pendenti-quadrifoglio-cristalli\/","name":"Boucles d&#039;oreilles pendantes en cristal en forme de tr\u00e8fle \u00e0 quatre feuilles - #BrandGioielli","isPartOf":{"@id":"https:\/\/brandgioielli.it\/#website"},"primaryImageOfPage":{"@id":"https:\/\/brandgioielli.it\/prodotto\/orecchini-pendenti-quadrifoglio-cristalli\/#primaryimage"},"image":{"@id":"https:\/\/brandgioielli.it\/prodotto\/orecchini-pendenti-quadrifoglio-cristalli\/#primaryimage"},"thumbnailUrl":"https:\/\/brandgioielli.it\/wp-content\/uploads\/2026\/03\/pendentii-quadrifoglio-acciaio-cristalli.jpg","datePublished":"2026-03-05T09:49:07+00:00","dateModified":"2026-04-22T08:17:16+00:00","description":"Achetez d\u00e8s maintenant chez Brand Gioielli\u00a0: Boucles d\u2019oreilles pendantes en cristal Tr\u00e8fle \u00e0 quatre feuilles","breadcrumb":{"@id":"https:\/\/brandgioielli.it\/prodotto\/orecchini-pendenti-quadrifoglio-cristalli\/#breadcrumb"},"inLanguage":"fr-FR","potentialAction":[{"@type":"ReadAction","target":["https:\/\/brandgioielli.it\/prodotto\/orecchini-pendenti-quadrifoglio-cristalli\/"]}]},{"@type":"ImageObject","inLanguage":"fr-FR","@id":"https:\/\/brandgioielli.it\/prodotto\/orecchini-pendenti-quadrifoglio-cristalli\/#primaryimage","url":"https:\/\/brandgioielli.it\/wp-content\/uploads\/2026\/03\/pendentii-quadrifoglio-acciaio-cristalli.jpg","contentUrl":"https:\/\/brandgioielli.it\/wp-content\/uploads\/2026\/03\/pendentii-quadrifoglio-acciaio-cristalli.jpg","width":800,"height":800},{"@type":"BreadcrumbList","@id":"https:\/\/brandgioielli.it\/prodotto\/orecchini-pendenti-quadrifoglio-cristalli\/#breadcrumb","itemListElement":[{"@type":"ListItem","position":1,"name":"Home","item":"https:\/\/brandgioielli.it\/"},{"@type":"ListItem","position":2,"name":"Shop","item":"https:\/\/brandgioielli.it\/shop\/"},{"@type":"ListItem","position":3,"name":"Orecchini Pendenti Quadrifoglio Cristalli"}]},{"@type":"WebSite","@id":"https:\/\/brandgioielli.it\/#website","url":"https:\/\/brandgioielli.it\/","name":"#BrandJewellery","description":"","publisher":{"@id":"https:\/\/brandgioielli.it\/#organization"},"potentialAction":[{"@type":"SearchAction","target":{"@type":"EntryPoint","urlTemplate":"https:\/\/brandgioielli.it\/?s={search_term_string}"},"query-input":{"@type":"PropertyValueSpecification","valueRequired":true,"valueName":"search_term_string"}}],"inLanguage":"fr-FR"},{"@type":"Organization","@id":"https:\/\/brandgioielli.it\/#organization","name":"Bijoux de marque","url":"https:\/\/brandgioielli.it\/","logo":{"@type":"ImageObject","inLanguage":"fr-FR","@id":"https:\/\/brandgioielli.it\/#\/schema\/logo\/image\/","url":"https:\/\/brandgioielli.it\/wp-content\/uploads\/2025\/07\/LogoBrand.png","contentUrl":"https:\/\/brandgioielli.it\/wp-content\/uploads\/2025\/07\/LogoBrand.png","width":600,"height":170,"caption":"Brand Gioielli"},"image":{"@id":"https:\/\/brandgioielli.it\/#\/schema\/logo\/image\/"}}]}},"_links":{"self":[{"href":"https:\/\/brandgioielli.it\/fr\/wp-json\/wp\/v2\/product\/106015","targetHints":{"allow":["GET"]}}],"collection":[{"href":"https:\/\/brandgioielli.it\/fr\/wp-json\/wp\/v2\/product"}],"about":[{"href":"https:\/\/brandgioielli.it\/fr\/wp-json\/wp\/v2\/types\/product"}],"version-history":[{"count":1,"href":"https:\/\/brandgioielli.it\/fr\/wp-json\/wp\/v2\/product\/106015\/revisions"}],"predecessor-version":[{"id":106022,"href":"https:\/\/brandgioielli.it\/fr\/wp-json\/wp\/v2\/product\/106015\/revisions\/106022"}],"wp:featuredmedia":[{"embeddable":true,"href":"https:\/\/brandgioielli.it\/fr\/wp-json\/wp\/v2\/media\/106020"}],"wp:attachment":[{"href":"https:\/\/brandgioielli.it\/fr\/wp-json\/wp\/v2\/media?parent=106015"}],"wp:term":[{"taxonomy":"product_brand","embeddable":true,"href":"https:\/\/brandgioielli.it\/fr\/wp-json\/wp\/v2\/product_brand?post=106015"},{"taxonomy":"product_cat","embeddable":true,"href":"https:\/\/brandgioielli.it\/fr\/wp-json\/wp\/v2\/product_cat?post=106015"},{"taxonomy":"product_tag","embeddable":true,"href":"https:\/\/brandgioielli.it\/fr\/wp-json\/wp\/v2\/product_tag?post=106015"}],"curies":[{"name":"wp","href":"https:\/\/api.w.org\/{rel}","templated":true}]}}