{"id":105957,"date":"2026-03-04T17:10:07","date_gmt":"2026-03-04T16:10:07","guid":{"rendered":"https:\/\/brandgioielli.it\/?post_type=product&#038;p=105957"},"modified":"2026-04-21T16:18:55","modified_gmt":"2026-04-21T14:18:55","slug":"bracciale-ematite-bianca-e-nera-papa-e-figlio","status":"publish","type":"product","link":"https:\/\/brandgioielli.it\/fr\/produit\/bracciale-ematite-bianca-e-nera-papa-e-figlio\/","title":{"rendered":"Bracelet en h\u00e9matite noire et blanche pour p\u00e8re et fils"},"content":{"rendered":"<h2>Bracelet en h\u00e9matite noire et blanche pour p\u00e8re et fils<\/h2>\n<p data-start=\"0\" data-end=\"731\">Le <strong data-start=\"43\" data-end=\"105\">Bracelet Gioielli en h\u00e9matite noire et blanche #Brand pour p\u00e8re et fils<\/strong> C&#039;est un accessoire \u00e9l\u00e9gant et symbolique, con\u00e7u pour les enfants et leurs papas. Son design associe des sph\u00e8res en acier inoxydable poli \u00e0 des inserts en h\u00e9matite, cr\u00e9ant un contraste raffin\u00e9 entre brillance et nuances sombres qui conf\u00e8re au bracelet caract\u00e8re et modernit\u00e9. L&#039;alternance des sph\u00e8res et des \u00e9l\u00e9ments en h\u00e9matite rend la pi\u00e8ce harmonieuse et polyvalente, parfaite pour toutes les occasions gr\u00e2ce \u00e0 son style \u00e0 la fois simple et sophistiqu\u00e9. Son fermoir mousqueton et sa cha\u00eenette d&#039;extension assurent praticit\u00e9 et ajustement, id\u00e9al pour les poignets d&#039;enfants. Fabriqu\u00e9 \u00e0 partir de mat\u00e9riaux durables et de qualit\u00e9, il est con\u00e7u pour un usage quotidien tout en conservant son \u00e9clat au fil du temps.<\/p>\n<p data-start=\"733\" data-end=\"756\"><strong data-start=\"733\" data-end=\"756\">SP\u00c9CIFICATIONS TECHNIQUES<\/strong><\/p>\n<ul>\n<li>Bracelet en acier et h\u00e9matite pour enfants<\/li>\n<li>Longueur L (Papa) : 19 cm + 3 cm d&#039;extension<\/li>\n<li>Longueur S (enfant) : 13 cm + 3 cm d&#039;extension<\/li>\n<li>Finition : acier<\/li>\n<li>Mat\u00e9riaux : Acier inoxydable, pierres<\/li>\n<\/ul>\n<p><em>Tous les bijoux de la marque #Brand sont fabriqu\u00e9s \u00e0 partir de l'acier inoxydable chirurgical le plus pur du march\u00e9, test\u00e9 pour le nickel et con\u00e7u pour \u00eatre port\u00e9 tous les jours sans crainte de d\u00e9coloration ou de signes d'usure.<\/em><\/p>","protected":false},"excerpt":{"rendered":"<p>Bracciale con Ematite Bianca e Nera per Pap\u00e0 e Figlio Il bracciale con ematite bianca e nera per pap\u00e0 e figlio firmato #Brand Gioielli \u00e8 un accessorio elegante e simbolico pensato per i pi\u00f9 piccoli ed i loro pap\u00e0. Il design combina sfere lucide in acciaio inossidabile con inserti in ematite, creando un raffinato contrasto [&hellip;]<\/p>\n","protected":false},"featured_media":105964,"template":"","meta":[],"product_brand":[],"product_cat":[466,459,469,38,506,15],"product_tag":[75],"class_list":{"0":"post-105957","1":"product","2":"type-product","3":"status-publish","4":"has-post-thumbnail","6":"product_cat-bimbo","7":"product_cat-bracciali","8":"product_cat-bracciali-papa-figlio","9":"product_cat-bracciali-uomo","10":"product_cat-sotto-i-20e","11":"product_cat-uncategorized","12":"product_tag-collezione-fierce-baby","14":"first","15":"instock","16":"shipping-taxable","17":"purchasable","18":"product-type-variable"},"yoast_head":"<!-- This site is optimized with the Yoast SEO plugin v27.4 - https:\/\/yoast.com\/product\/yoast-seo-wordpress\/ -->\n<title>Bracciale Ematite Bianca Nera Pap\u00e0 e Figlio - #BrandGioielli<\/title>\n<meta name=\"description\" content=\"Acquista ora su Brand Gioielli: Bracciale Ematite Bianca Nera Pap\u00e0 e Figlio\" \/>\n<meta name=\"robots\" content=\"index, follow, max-snippet:-1, max-image-preview:large, max-video-preview:-1\" \/>\n<link rel=\"canonical\" href=\"https:\/\/brandgioielli.it\/fr\/produit\/bracciale-ematite-bianca-e-nera-papa-e-figlio\/\" \/>\n<meta property=\"og:locale\" content=\"fr_FR\" \/>\n<meta property=\"og:type\" content=\"article\" \/>\n<meta property=\"og:title\" content=\"Bracciale Ematite Bianca Nera Pap\u00e0 e Figlio - #BrandGioielli\" \/>\n<meta property=\"og:description\" content=\"Acquista ora su Brand Gioielli: Bracciale Ematite Bianca Nera Pap\u00e0 e Figlio\" \/>\n<meta property=\"og:url\" content=\"https:\/\/brandgioielli.it\/fr\/produit\/bracciale-ematite-bianca-e-nera-papa-e-figlio\/\" \/>\n<meta property=\"og:site_name\" content=\"#BrandGioielli\" \/>\n<meta property=\"article:modified_time\" content=\"2026-04-21T14:18:55+00:00\" \/>\n<meta property=\"og:image\" content=\"https:\/\/brandgioielli.it\/wp-content\/uploads\/2026\/03\/bracciale-ematite-bianco-e-nero-papa-e-figlio.jpg\" \/>\n\t<meta property=\"og:image:width\" content=\"800\" \/>\n\t<meta property=\"og:image:height\" content=\"800\" \/>\n\t<meta property=\"og:image:type\" content=\"image\/jpeg\" \/>\n<meta name=\"twitter:card\" content=\"summary_large_image\" \/>\n<meta name=\"twitter:label1\" content=\"Dur\u00e9e de lecture estim\u00e9e\" \/>\n\t<meta name=\"twitter:data1\" content=\"2 minutes\" \/>\n<script type=\"application\/ld+json\" class=\"yoast-schema-graph\">{\"@context\":\"https:\\\/\\\/schema.org\",\"@graph\":[{\"@type\":\"WebPage\",\"@id\":\"https:\\\/\\\/brandgioielli.it\\\/prodotto\\\/bracciale-ematite-bianca-e-nera-papa-e-figlio\\\/\",\"url\":\"https:\\\/\\\/brandgioielli.it\\\/prodotto\\\/bracciale-ematite-bianca-e-nera-papa-e-figlio\\\/\",\"name\":\"Bracciale Ematite Bianca Nera Pap\u00e0 e Figlio - #BrandGioielli\",\"isPartOf\":{\"@id\":\"https:\\\/\\\/brandgioielli.it\\\/#website\"},\"primaryImageOfPage\":{\"@id\":\"https:\\\/\\\/brandgioielli.it\\\/prodotto\\\/bracciale-ematite-bianca-e-nera-papa-e-figlio\\\/#primaryimage\"},\"image\":{\"@id\":\"https:\\\/\\\/brandgioielli.it\\\/prodotto\\\/bracciale-ematite-bianca-e-nera-papa-e-figlio\\\/#primaryimage\"},\"thumbnailUrl\":\"https:\\\/\\\/brandgioielli.it\\\/wp-content\\\/uploads\\\/2026\\\/03\\\/bracciale-ematite-bianco-e-nero-papa-e-figlio.jpg\",\"datePublished\":\"2026-03-04T16:10:07+00:00\",\"dateModified\":\"2026-04-21T14:18:55+00:00\",\"description\":\"Acquista ora su Brand Gioielli: Bracciale Ematite Bianca Nera Pap\u00e0 e Figlio\",\"breadcrumb\":{\"@id\":\"https:\\\/\\\/brandgioielli.it\\\/prodotto\\\/bracciale-ematite-bianca-e-nera-papa-e-figlio\\\/#breadcrumb\"},\"inLanguage\":\"fr-FR\",\"potentialAction\":[{\"@type\":\"ReadAction\",\"target\":[\"https:\\\/\\\/brandgioielli.it\\\/prodotto\\\/bracciale-ematite-bianca-e-nera-papa-e-figlio\\\/\"]}]},{\"@type\":\"ImageObject\",\"inLanguage\":\"fr-FR\",\"@id\":\"https:\\\/\\\/brandgioielli.it\\\/prodotto\\\/bracciale-ematite-bianca-e-nera-papa-e-figlio\\\/#primaryimage\",\"url\":\"https:\\\/\\\/brandgioielli.it\\\/wp-content\\\/uploads\\\/2026\\\/03\\\/bracciale-ematite-bianco-e-nero-papa-e-figlio.jpg\",\"contentUrl\":\"https:\\\/\\\/brandgioielli.it\\\/wp-content\\\/uploads\\\/2026\\\/03\\\/bracciale-ematite-bianco-e-nero-papa-e-figlio.jpg\",\"width\":800,\"height\":800},{\"@type\":\"BreadcrumbList\",\"@id\":\"https:\\\/\\\/brandgioielli.it\\\/prodotto\\\/bracciale-ematite-bianca-e-nera-papa-e-figlio\\\/#breadcrumb\",\"itemListElement\":[{\"@type\":\"ListItem\",\"position\":1,\"name\":\"Home\",\"item\":\"https:\\\/\\\/brandgioielli.it\\\/\"},{\"@type\":\"ListItem\",\"position\":2,\"name\":\"Shop\",\"item\":\"https:\\\/\\\/brandgioielli.it\\\/shop\\\/\"},{\"@type\":\"ListItem\",\"position\":3,\"name\":\"Bracciale Ematite Bianca Nera Pap\u00e0 e Figlio\"}]},{\"@type\":\"WebSite\",\"@id\":\"https:\\\/\\\/brandgioielli.it\\\/#website\",\"url\":\"https:\\\/\\\/brandgioielli.it\\\/\",\"name\":\"#BrandGioielli\",\"description\":\"\",\"publisher\":{\"@id\":\"https:\\\/\\\/brandgioielli.it\\\/#organization\"},\"potentialAction\":[{\"@type\":\"SearchAction\",\"target\":{\"@type\":\"EntryPoint\",\"urlTemplate\":\"https:\\\/\\\/brandgioielli.it\\\/?s={search_term_string}\"},\"query-input\":{\"@type\":\"PropertyValueSpecification\",\"valueRequired\":true,\"valueName\":\"search_term_string\"}}],\"inLanguage\":\"fr-FR\"},{\"@type\":\"Organization\",\"@id\":\"https:\\\/\\\/brandgioielli.it\\\/#organization\",\"name\":\"Brand Gioielli\",\"url\":\"https:\\\/\\\/brandgioielli.it\\\/\",\"logo\":{\"@type\":\"ImageObject\",\"inLanguage\":\"fr-FR\",\"@id\":\"https:\\\/\\\/brandgioielli.it\\\/#\\\/schema\\\/logo\\\/image\\\/\",\"url\":\"https:\\\/\\\/brandgioielli.it\\\/wp-content\\\/uploads\\\/2025\\\/07\\\/LogoBrand.png\",\"contentUrl\":\"https:\\\/\\\/brandgioielli.it\\\/wp-content\\\/uploads\\\/2025\\\/07\\\/LogoBrand.png\",\"width\":600,\"height\":170,\"caption\":\"Brand Gioielli\"},\"image\":{\"@id\":\"https:\\\/\\\/brandgioielli.it\\\/#\\\/schema\\\/logo\\\/image\\\/\"}}]}<\/script>\n<!-- \/ Yoast SEO plugin. -->","yoast_head_json":{"title":"Bracelet en h\u00e9matite noire et blanche pour p\u00e8re et fils - #BrandGioielli","description":"Achetez d\u00e8s maintenant chez Brand Gioielli : Bracelet en h\u00e9matite noire et blanche pour p\u00e8re et fils","robots":{"index":"index","follow":"follow","max-snippet":"max-snippet:-1","max-image-preview":"max-image-preview:large","max-video-preview":"max-video-preview:-1"},"canonical":"https:\/\/brandgioielli.it\/fr\/produit\/bracciale-ematite-bianca-e-nera-papa-e-figlio\/","og_locale":"fr_FR","og_type":"article","og_title":"Bracciale Ematite Bianca Nera Pap\u00e0 e Figlio - #BrandGioielli","og_description":"Acquista ora su Brand Gioielli: Bracciale Ematite Bianca Nera Pap\u00e0 e Figlio","og_url":"https:\/\/brandgioielli.it\/fr\/produit\/bracciale-ematite-bianca-e-nera-papa-e-figlio\/","og_site_name":"#BrandGioielli","article_modified_time":"2026-04-21T14:18:55+00:00","og_image":[{"width":800,"height":800,"url":"https:\/\/brandgioielli.it\/wp-content\/uploads\/2026\/03\/bracciale-ematite-bianco-e-nero-papa-e-figlio.jpg","type":"image\/jpeg"}],"twitter_card":"summary_large_image","twitter_misc":{"Dur\u00e9e de lecture estim\u00e9e":"2 minutes"},"schema":{"@context":"https:\/\/schema.org","@graph":[{"@type":"WebPage","@id":"https:\/\/brandgioielli.it\/prodotto\/bracciale-ematite-bianca-e-nera-papa-e-figlio\/","url":"https:\/\/brandgioielli.it\/prodotto\/bracciale-ematite-bianca-e-nera-papa-e-figlio\/","name":"Bracelet en h\u00e9matite noire et blanche pour p\u00e8re et fils - #BrandGioielli","isPartOf":{"@id":"https:\/\/brandgioielli.it\/#website"},"primaryImageOfPage":{"@id":"https:\/\/brandgioielli.it\/prodotto\/bracciale-ematite-bianca-e-nera-papa-e-figlio\/#primaryimage"},"image":{"@id":"https:\/\/brandgioielli.it\/prodotto\/bracciale-ematite-bianca-e-nera-papa-e-figlio\/#primaryimage"},"thumbnailUrl":"https:\/\/brandgioielli.it\/wp-content\/uploads\/2026\/03\/bracciale-ematite-bianco-e-nero-papa-e-figlio.jpg","datePublished":"2026-03-04T16:10:07+00:00","dateModified":"2026-04-21T14:18:55+00:00","description":"Achetez d\u00e8s maintenant chez Brand Gioielli : Bracelet en h\u00e9matite noire et blanche pour p\u00e8re et fils","breadcrumb":{"@id":"https:\/\/brandgioielli.it\/prodotto\/bracciale-ematite-bianca-e-nera-papa-e-figlio\/#breadcrumb"},"inLanguage":"fr-FR","potentialAction":[{"@type":"ReadAction","target":["https:\/\/brandgioielli.it\/prodotto\/bracciale-ematite-bianca-e-nera-papa-e-figlio\/"]}]},{"@type":"ImageObject","inLanguage":"fr-FR","@id":"https:\/\/brandgioielli.it\/prodotto\/bracciale-ematite-bianca-e-nera-papa-e-figlio\/#primaryimage","url":"https:\/\/brandgioielli.it\/wp-content\/uploads\/2026\/03\/bracciale-ematite-bianco-e-nero-papa-e-figlio.jpg","contentUrl":"https:\/\/brandgioielli.it\/wp-content\/uploads\/2026\/03\/bracciale-ematite-bianco-e-nero-papa-e-figlio.jpg","width":800,"height":800},{"@type":"BreadcrumbList","@id":"https:\/\/brandgioielli.it\/prodotto\/bracciale-ematite-bianca-e-nera-papa-e-figlio\/#breadcrumb","itemListElement":[{"@type":"ListItem","position":1,"name":"Home","item":"https:\/\/brandgioielli.it\/"},{"@type":"ListItem","position":2,"name":"Shop","item":"https:\/\/brandgioielli.it\/shop\/"},{"@type":"ListItem","position":3,"name":"Bracciale Ematite Bianca Nera Pap\u00e0 e Figlio"}]},{"@type":"WebSite","@id":"https:\/\/brandgioielli.it\/#website","url":"https:\/\/brandgioielli.it\/","name":"#BrandJewellery","description":"","publisher":{"@id":"https:\/\/brandgioielli.it\/#organization"},"potentialAction":[{"@type":"SearchAction","target":{"@type":"EntryPoint","urlTemplate":"https:\/\/brandgioielli.it\/?s={search_term_string}"},"query-input":{"@type":"PropertyValueSpecification","valueRequired":true,"valueName":"search_term_string"}}],"inLanguage":"fr-FR"},{"@type":"Organization","@id":"https:\/\/brandgioielli.it\/#organization","name":"Bijoux de marque","url":"https:\/\/brandgioielli.it\/","logo":{"@type":"ImageObject","inLanguage":"fr-FR","@id":"https:\/\/brandgioielli.it\/#\/schema\/logo\/image\/","url":"https:\/\/brandgioielli.it\/wp-content\/uploads\/2025\/07\/LogoBrand.png","contentUrl":"https:\/\/brandgioielli.it\/wp-content\/uploads\/2025\/07\/LogoBrand.png","width":600,"height":170,"caption":"Brand Gioielli"},"image":{"@id":"https:\/\/brandgioielli.it\/#\/schema\/logo\/image\/"}}]}},"_links":{"self":[{"href":"https:\/\/brandgioielli.it\/fr\/wp-json\/wp\/v2\/product\/105957","targetHints":{"allow":["GET"]}}],"collection":[{"href":"https:\/\/brandgioielli.it\/fr\/wp-json\/wp\/v2\/product"}],"about":[{"href":"https:\/\/brandgioielli.it\/fr\/wp-json\/wp\/v2\/types\/product"}],"version-history":[{"count":2,"href":"https:\/\/brandgioielli.it\/fr\/wp-json\/wp\/v2\/product\/105957\/revisions"}],"predecessor-version":[{"id":105967,"href":"https:\/\/brandgioielli.it\/fr\/wp-json\/wp\/v2\/product\/105957\/revisions\/105967"}],"wp:featuredmedia":[{"embeddable":true,"href":"https:\/\/brandgioielli.it\/fr\/wp-json\/wp\/v2\/media\/105964"}],"wp:attachment":[{"href":"https:\/\/brandgioielli.it\/fr\/wp-json\/wp\/v2\/media?parent=105957"}],"wp:term":[{"taxonomy":"product_brand","embeddable":true,"href":"https:\/\/brandgioielli.it\/fr\/wp-json\/wp\/v2\/product_brand?post=105957"},{"taxonomy":"product_cat","embeddable":true,"href":"https:\/\/brandgioielli.it\/fr\/wp-json\/wp\/v2\/product_cat?post=105957"},{"taxonomy":"product_tag","embeddable":true,"href":"https:\/\/brandgioielli.it\/fr\/wp-json\/wp\/v2\/product_tag?post=105957"}],"curies":[{"name":"wp","href":"https:\/\/api.w.org\/{rel}","templated":true}]}}