{"id":105939,"date":"2026-03-04T15:49:21","date_gmt":"2026-03-04T14:49:21","guid":{"rendered":"https:\/\/brandgioielli.it\/?post_type=product&#038;p=105939"},"modified":"2026-04-21T18:19:01","modified_gmt":"2026-04-21T16:19:01","slug":"bracciale-silicone-targhetta-satinato","status":"publish","type":"product","link":"https:\/\/brandgioielli.it\/fr\/produit\/bracciale-silicone-targhetta-satinato\/","title":{"rendered":"Bracelet en silicone \u00e0 plaque satin\u00e9e"},"content":{"rendered":"<h2>Bracelet en silicone avec \u00e9tiquette en acier satin\u00e9<\/h2>\n<p data-start=\"0\" data-end=\"731\">Le bracelet en silicone avec plaque en acier satin\u00e9 de la marque Gioielli (#) est un accessoire au design sportif et contemporain, con\u00e7u pour celles et ceux qui recherchent un style moderne et audacieux. Le bracelet en silicone noir offre confort et souplesse au poignet, tandis que la plaque centrale en acier satin\u00e9 apporte une touche d&#039;\u00e9l\u00e9gance et de singularit\u00e9. Les inserts en acier cr\u00e9ent un contraste harmonieux entre les mat\u00e9riaux, sublimant le design minimaliste et rendant le bracelet adapt\u00e9 aussi bien aux tenues d\u00e9contract\u00e9es qu&#039;aux looks plus sophistiqu\u00e9s. Le fermoir en acier garantit s\u00e9curit\u00e9 et praticit\u00e9 au quotidien. Ce bracelet allie durabilit\u00e9, l\u00e9g\u00e8ret\u00e9 et style, ce qui le rend id\u00e9al pour \u00eatre port\u00e9 tous les jours.<\/p>\n<p data-start=\"733\" data-end=\"756\"><strong data-start=\"733\" data-end=\"756\">SP\u00c9CIFICATIONS TECHNIQUES<\/strong><\/p>\n<ul>\n<li>Bracelet en silicone \u00e0 plaque satin\u00e9e<\/li>\n<li>Longueur : 22 cm, peut \u00eatre raccourcie<\/li>\n<li>Finition : Acier, PVD noir<\/li>\n<li>Mat\u00e9riaux : acier inoxydable, silicone<\/li>\n<\/ul>\n<p><em>Tous les bijoux de la marque #Brand sont fabriqu\u00e9s \u00e0 partir de l'acier inoxydable chirurgical le plus pur du march\u00e9, test\u00e9 pour le nickel et con\u00e7u pour \u00eatre port\u00e9 tous les jours sans crainte de d\u00e9coloration ou de signes d'usure.<\/em><\/p>","protected":false},"excerpt":{"rendered":"<p>Bracciale in Silicone con Targhetta in Acciaio Satinato Il Bracciale in Silicone con Targhetta in Acciaio Satinato firmato #Brand Gioielli \u00e8 un accessorio dal design sportivo e contemporaneo, pensato per chi cerca uno stile moderno e deciso. Il cinturino in silicone nero dona comfort e flessibilit\u00e0 al polso, mentre la targhetta centrale in acciaio satinato [&hellip;]<\/p>\n","protected":false},"featured_media":105942,"template":"","meta":[],"product_brand":[],"product_cat":[38,507,39],"product_tag":[61],"class_list":{"0":"post-105939","1":"product","2":"type-product","3":"status-publish","4":"has-post-thumbnail","6":"product_cat-bracciali-uomo","7":"product_cat-sotto-i-30e","8":"product_cat-uomo","9":"product_tag-collezione-strong","11":"first","12":"instock","13":"shipping-taxable","14":"purchasable","15":"product-type-variable"},"yoast_head":"<!-- This site is optimized with the Yoast SEO plugin v27.4 - https:\/\/yoast.com\/product\/yoast-seo-wordpress\/ -->\n<title>Bracciale Silicone Targhetta Satinato - #BrandGioielli<\/title>\n<meta name=\"description\" content=\"Acquista ora su Brand Gioielli: Bracciale Silicone Targhetta Satinato\" \/>\n<meta name=\"robots\" content=\"index, follow, max-snippet:-1, max-image-preview:large, max-video-preview:-1\" \/>\n<link rel=\"canonical\" href=\"https:\/\/brandgioielli.it\/fr\/produit\/bracciale-silicone-targhetta-satinato\/\" \/>\n<meta property=\"og:locale\" content=\"fr_FR\" \/>\n<meta property=\"og:type\" content=\"article\" \/>\n<meta property=\"og:title\" content=\"Bracciale Silicone Targhetta Satinato - #BrandGioielli\" \/>\n<meta property=\"og:description\" content=\"Acquista ora su Brand Gioielli: Bracciale Silicone Targhetta Satinato\" \/>\n<meta property=\"og:url\" content=\"https:\/\/brandgioielli.it\/fr\/produit\/bracciale-silicone-targhetta-satinato\/\" \/>\n<meta property=\"og:site_name\" content=\"#BrandGioielli\" \/>\n<meta property=\"article:modified_time\" content=\"2026-04-21T16:19:01+00:00\" \/>\n<meta property=\"og:image\" content=\"https:\/\/brandgioielli.it\/wp-content\/uploads\/2026\/03\/53BR012.jpg\" \/>\n\t<meta property=\"og:image:width\" content=\"2000\" \/>\n\t<meta property=\"og:image:height\" content=\"2000\" \/>\n\t<meta property=\"og:image:type\" content=\"image\/jpeg\" \/>\n<meta name=\"twitter:card\" content=\"summary_large_image\" \/>\n<meta name=\"twitter:label1\" content=\"Dur\u00e9e de lecture estim\u00e9e\" \/>\n\t<meta name=\"twitter:data1\" content=\"2 minutes\" \/>\n<script type=\"application\/ld+json\" class=\"yoast-schema-graph\">{\"@context\":\"https:\\\/\\\/schema.org\",\"@graph\":[{\"@type\":\"WebPage\",\"@id\":\"https:\\\/\\\/brandgioielli.it\\\/prodotto\\\/bracciale-silicone-targhetta-satinato\\\/\",\"url\":\"https:\\\/\\\/brandgioielli.it\\\/prodotto\\\/bracciale-silicone-targhetta-satinato\\\/\",\"name\":\"Bracciale Silicone Targhetta Satinato - #BrandGioielli\",\"isPartOf\":{\"@id\":\"https:\\\/\\\/brandgioielli.it\\\/#website\"},\"primaryImageOfPage\":{\"@id\":\"https:\\\/\\\/brandgioielli.it\\\/prodotto\\\/bracciale-silicone-targhetta-satinato\\\/#primaryimage\"},\"image\":{\"@id\":\"https:\\\/\\\/brandgioielli.it\\\/prodotto\\\/bracciale-silicone-targhetta-satinato\\\/#primaryimage\"},\"thumbnailUrl\":\"https:\\\/\\\/brandgioielli.it\\\/wp-content\\\/uploads\\\/2026\\\/03\\\/53BR012.jpg\",\"datePublished\":\"2026-03-04T14:49:21+00:00\",\"dateModified\":\"2026-04-21T16:19:01+00:00\",\"description\":\"Acquista ora su Brand Gioielli: Bracciale Silicone Targhetta Satinato\",\"breadcrumb\":{\"@id\":\"https:\\\/\\\/brandgioielli.it\\\/prodotto\\\/bracciale-silicone-targhetta-satinato\\\/#breadcrumb\"},\"inLanguage\":\"fr-FR\",\"potentialAction\":[{\"@type\":\"ReadAction\",\"target\":[\"https:\\\/\\\/brandgioielli.it\\\/prodotto\\\/bracciale-silicone-targhetta-satinato\\\/\"]}]},{\"@type\":\"ImageObject\",\"inLanguage\":\"fr-FR\",\"@id\":\"https:\\\/\\\/brandgioielli.it\\\/prodotto\\\/bracciale-silicone-targhetta-satinato\\\/#primaryimage\",\"url\":\"https:\\\/\\\/brandgioielli.it\\\/wp-content\\\/uploads\\\/2026\\\/03\\\/53BR012.jpg\",\"contentUrl\":\"https:\\\/\\\/brandgioielli.it\\\/wp-content\\\/uploads\\\/2026\\\/03\\\/53BR012.jpg\",\"width\":2000,\"height\":2000},{\"@type\":\"BreadcrumbList\",\"@id\":\"https:\\\/\\\/brandgioielli.it\\\/prodotto\\\/bracciale-silicone-targhetta-satinato\\\/#breadcrumb\",\"itemListElement\":[{\"@type\":\"ListItem\",\"position\":1,\"name\":\"Home\",\"item\":\"https:\\\/\\\/brandgioielli.it\\\/\"},{\"@type\":\"ListItem\",\"position\":2,\"name\":\"Shop\",\"item\":\"https:\\\/\\\/brandgioielli.it\\\/shop\\\/\"},{\"@type\":\"ListItem\",\"position\":3,\"name\":\"Bracciale Silicone Targhetta Satinato\"}]},{\"@type\":\"WebSite\",\"@id\":\"https:\\\/\\\/brandgioielli.it\\\/#website\",\"url\":\"https:\\\/\\\/brandgioielli.it\\\/\",\"name\":\"#BrandGioielli\",\"description\":\"\",\"publisher\":{\"@id\":\"https:\\\/\\\/brandgioielli.it\\\/#organization\"},\"potentialAction\":[{\"@type\":\"SearchAction\",\"target\":{\"@type\":\"EntryPoint\",\"urlTemplate\":\"https:\\\/\\\/brandgioielli.it\\\/?s={search_term_string}\"},\"query-input\":{\"@type\":\"PropertyValueSpecification\",\"valueRequired\":true,\"valueName\":\"search_term_string\"}}],\"inLanguage\":\"fr-FR\"},{\"@type\":\"Organization\",\"@id\":\"https:\\\/\\\/brandgioielli.it\\\/#organization\",\"name\":\"Brand Gioielli\",\"url\":\"https:\\\/\\\/brandgioielli.it\\\/\",\"logo\":{\"@type\":\"ImageObject\",\"inLanguage\":\"fr-FR\",\"@id\":\"https:\\\/\\\/brandgioielli.it\\\/#\\\/schema\\\/logo\\\/image\\\/\",\"url\":\"https:\\\/\\\/brandgioielli.it\\\/wp-content\\\/uploads\\\/2025\\\/07\\\/LogoBrand.png\",\"contentUrl\":\"https:\\\/\\\/brandgioielli.it\\\/wp-content\\\/uploads\\\/2025\\\/07\\\/LogoBrand.png\",\"width\":600,\"height\":170,\"caption\":\"Brand Gioielli\"},\"image\":{\"@id\":\"https:\\\/\\\/brandgioielli.it\\\/#\\\/schema\\\/logo\\\/image\\\/\"}}]}<\/script>\n<!-- \/ Yoast SEO plugin. -->","yoast_head_json":{"title":"Bracelet en silicone satin\u00e9 - #BrandGioielli","description":"Achetez d\u00e8s maintenant sur Brand Gioielli : Bracelet en silicone \u00e0 plaque satin\u00e9e","robots":{"index":"index","follow":"follow","max-snippet":"max-snippet:-1","max-image-preview":"max-image-preview:large","max-video-preview":"max-video-preview:-1"},"canonical":"https:\/\/brandgioielli.it\/fr\/produit\/bracciale-silicone-targhetta-satinato\/","og_locale":"fr_FR","og_type":"article","og_title":"Bracciale Silicone Targhetta Satinato - #BrandGioielli","og_description":"Acquista ora su Brand Gioielli: Bracciale Silicone Targhetta Satinato","og_url":"https:\/\/brandgioielli.it\/fr\/produit\/bracciale-silicone-targhetta-satinato\/","og_site_name":"#BrandGioielli","article_modified_time":"2026-04-21T16:19:01+00:00","og_image":[{"width":2000,"height":2000,"url":"https:\/\/brandgioielli.it\/wp-content\/uploads\/2026\/03\/53BR012.jpg","type":"image\/jpeg"}],"twitter_card":"summary_large_image","twitter_misc":{"Dur\u00e9e de lecture estim\u00e9e":"2 minutes"},"schema":{"@context":"https:\/\/schema.org","@graph":[{"@type":"WebPage","@id":"https:\/\/brandgioielli.it\/prodotto\/bracciale-silicone-targhetta-satinato\/","url":"https:\/\/brandgioielli.it\/prodotto\/bracciale-silicone-targhetta-satinato\/","name":"Bracelet en silicone satin\u00e9 - #BrandGioielli","isPartOf":{"@id":"https:\/\/brandgioielli.it\/#website"},"primaryImageOfPage":{"@id":"https:\/\/brandgioielli.it\/prodotto\/bracciale-silicone-targhetta-satinato\/#primaryimage"},"image":{"@id":"https:\/\/brandgioielli.it\/prodotto\/bracciale-silicone-targhetta-satinato\/#primaryimage"},"thumbnailUrl":"https:\/\/brandgioielli.it\/wp-content\/uploads\/2026\/03\/53BR012.jpg","datePublished":"2026-03-04T14:49:21+00:00","dateModified":"2026-04-21T16:19:01+00:00","description":"Achetez d\u00e8s maintenant sur Brand Gioielli : Bracelet en silicone \u00e0 plaque satin\u00e9e","breadcrumb":{"@id":"https:\/\/brandgioielli.it\/prodotto\/bracciale-silicone-targhetta-satinato\/#breadcrumb"},"inLanguage":"fr-FR","potentialAction":[{"@type":"ReadAction","target":["https:\/\/brandgioielli.it\/prodotto\/bracciale-silicone-targhetta-satinato\/"]}]},{"@type":"ImageObject","inLanguage":"fr-FR","@id":"https:\/\/brandgioielli.it\/prodotto\/bracciale-silicone-targhetta-satinato\/#primaryimage","url":"https:\/\/brandgioielli.it\/wp-content\/uploads\/2026\/03\/53BR012.jpg","contentUrl":"https:\/\/brandgioielli.it\/wp-content\/uploads\/2026\/03\/53BR012.jpg","width":2000,"height":2000},{"@type":"BreadcrumbList","@id":"https:\/\/brandgioielli.it\/prodotto\/bracciale-silicone-targhetta-satinato\/#breadcrumb","itemListElement":[{"@type":"ListItem","position":1,"name":"Home","item":"https:\/\/brandgioielli.it\/"},{"@type":"ListItem","position":2,"name":"Shop","item":"https:\/\/brandgioielli.it\/shop\/"},{"@type":"ListItem","position":3,"name":"Bracciale Silicone Targhetta Satinato"}]},{"@type":"WebSite","@id":"https:\/\/brandgioielli.it\/#website","url":"https:\/\/brandgioielli.it\/","name":"#BrandJewellery","description":"","publisher":{"@id":"https:\/\/brandgioielli.it\/#organization"},"potentialAction":[{"@type":"SearchAction","target":{"@type":"EntryPoint","urlTemplate":"https:\/\/brandgioielli.it\/?s={search_term_string}"},"query-input":{"@type":"PropertyValueSpecification","valueRequired":true,"valueName":"search_term_string"}}],"inLanguage":"fr-FR"},{"@type":"Organization","@id":"https:\/\/brandgioielli.it\/#organization","name":"Bijoux de marque","url":"https:\/\/brandgioielli.it\/","logo":{"@type":"ImageObject","inLanguage":"fr-FR","@id":"https:\/\/brandgioielli.it\/#\/schema\/logo\/image\/","url":"https:\/\/brandgioielli.it\/wp-content\/uploads\/2025\/07\/LogoBrand.png","contentUrl":"https:\/\/brandgioielli.it\/wp-content\/uploads\/2025\/07\/LogoBrand.png","width":600,"height":170,"caption":"Brand Gioielli"},"image":{"@id":"https:\/\/brandgioielli.it\/#\/schema\/logo\/image\/"}}]}},"_links":{"self":[{"href":"https:\/\/brandgioielli.it\/fr\/wp-json\/wp\/v2\/product\/105939","targetHints":{"allow":["GET"]}}],"collection":[{"href":"https:\/\/brandgioielli.it\/fr\/wp-json\/wp\/v2\/product"}],"about":[{"href":"https:\/\/brandgioielli.it\/fr\/wp-json\/wp\/v2\/types\/product"}],"version-history":[{"count":1,"href":"https:\/\/brandgioielli.it\/fr\/wp-json\/wp\/v2\/product\/105939\/revisions"}],"predecessor-version":[{"id":105946,"href":"https:\/\/brandgioielli.it\/fr\/wp-json\/wp\/v2\/product\/105939\/revisions\/105946"}],"wp:featuredmedia":[{"embeddable":true,"href":"https:\/\/brandgioielli.it\/fr\/wp-json\/wp\/v2\/media\/105942"}],"wp:attachment":[{"href":"https:\/\/brandgioielli.it\/fr\/wp-json\/wp\/v2\/media?parent=105939"}],"wp:term":[{"taxonomy":"product_brand","embeddable":true,"href":"https:\/\/brandgioielli.it\/fr\/wp-json\/wp\/v2\/product_brand?post=105939"},{"taxonomy":"product_cat","embeddable":true,"href":"https:\/\/brandgioielli.it\/fr\/wp-json\/wp\/v2\/product_cat?post=105939"},{"taxonomy":"product_tag","embeddable":true,"href":"https:\/\/brandgioielli.it\/fr\/wp-json\/wp\/v2\/product_tag?post=105939"}],"curies":[{"name":"wp","href":"https:\/\/api.w.org\/{rel}","templated":true}]}}