{"id":105890,"date":"2026-03-04T14:56:05","date_gmt":"2026-03-04T13:56:05","guid":{"rendered":"https:\/\/brandgioielli.it\/?post_type=product&#038;p=105890"},"modified":"2026-04-17T18:18:38","modified_gmt":"2026-04-17T16:18:38","slug":"rosario-ematite-croce","status":"publish","type":"product","link":"https:\/\/brandgioielli.it\/fr\/produit\/rosario-ematite-croce\/","title":{"rendered":"Chapelet en croix d&#039;h\u00e9matite"},"content":{"rendered":"<h2>Chapelet avec grains d&#039;h\u00e9matite et croix en acier satin\u00e9<\/h2>\n<p>Le <strong data-start=\"3\" data-end=\"87\">Chapelet \u00e0 grains d&#039;h\u00e9matite et croix en acier satin\u00e9, sign\u00e9 #, marque Gioielli<\/strong> Ce collier poss\u00e8de une forte valeur symbolique, alliant spiritualit\u00e9, \u00e9l\u00e9gance et design contemporain. La cha\u00eene est orn\u00e9e de petites perles d&#039;h\u00e9matite polies qui cr\u00e9ent un effet chapelet raffin\u00e9, rythmant et illuminant le collier. Le contraste entre l&#039;\u00e9clat de l&#039;h\u00e9matite et la finition satin\u00e9e de la croix conf\u00e8re \u00e0 la pi\u00e8ce une allure unique et moderne. Confectionn\u00e9 en acier inoxydable, ce collier chapelet est con\u00e7u pour \u00eatre port\u00e9 au quotidien, conservant sa beaut\u00e9 et sa durabilit\u00e9 au fil du temps.<\/p>\n<p data-start=\"733\" data-end=\"756\"><strong data-start=\"733\" data-end=\"756\">SP\u00c9CIFICATIONS TECHNIQUES<\/strong><\/p>\n<ul>\n<li>Chapelet en croix d&#039;h\u00e9matite<\/li>\n<li>Longueur : 58 cm (+9 cm) + 5 cm d&#039;extension<\/li>\n<li>Finition : Acier, PVD noir<\/li>\n<li>Mat\u00e9riaux : acier inoxydable, h\u00e9matite<\/li>\n<\/ul>\n<p><em>Tous les bijoux de la marque #Brand sont fabriqu\u00e9s \u00e0 partir de l'acier inoxydable chirurgical le plus pur du march\u00e9, test\u00e9 pour le nickel et con\u00e7u pour \u00eatre port\u00e9 tous les jours sans crainte de d\u00e9coloration ou de signes d'usure.<\/em><\/p>\n<p><strong>Chapelet avec perles d&#039;h\u00e9matite et croix en acier satin\u00e9.<\/strong><\/p>","protected":false},"excerpt":{"rendered":"<p>Rosario con Grani in Ematite e Croce in Acciaio Satinato Il Rosario con Grani in Ematite e Croce in Acciaio Satinato firmato #Brand Gioielli \u00e8 una collana dal forte valore simbolico che unisce spiritualit\u00e0, eleganza e design contemporaneo. La catena \u00e8 impreziosita da piccoli grani lucidi in ematite che creano un raffinato effetto rosario, donando [&hellip;]<\/p>\n","protected":false},"featured_media":105909,"template":"","meta":[],"product_brand":[],"product_cat":[458,41,507,39],"product_tag":[61],"class_list":{"0":"post-105890","1":"product","2":"type-product","3":"status-publish","4":"has-post-thumbnail","6":"product_cat-collane","7":"product_cat-collane-uomo","8":"product_cat-sotto-i-30e","9":"product_cat-uomo","10":"product_tag-collezione-strong","12":"first","13":"instock","14":"shipping-taxable","15":"purchasable","16":"product-type-variable"},"yoast_head":"<!-- This site is optimized with the Yoast SEO plugin v27.4 - https:\/\/yoast.com\/product\/yoast-seo-wordpress\/ -->\n<title>Rosario Ematite Croce - #BrandGioielli<\/title>\n<meta name=\"description\" content=\"Acquista ora su Brand Gioielli: Rosario Ematite Croce\" \/>\n<meta name=\"robots\" content=\"index, follow, max-snippet:-1, max-image-preview:large, max-video-preview:-1\" \/>\n<link rel=\"canonical\" href=\"https:\/\/brandgioielli.it\/fr\/produit\/rosario-ematite-croce\/\" \/>\n<meta property=\"og:locale\" content=\"fr_FR\" \/>\n<meta property=\"og:type\" content=\"article\" \/>\n<meta property=\"og:title\" content=\"Rosario Ematite Croce - #BrandGioielli\" \/>\n<meta property=\"og:description\" content=\"Acquista ora su Brand Gioielli: Rosario Ematite Croce\" \/>\n<meta property=\"og:url\" content=\"https:\/\/brandgioielli.it\/fr\/produit\/rosario-ematite-croce\/\" \/>\n<meta property=\"og:site_name\" content=\"#BrandGioielli\" \/>\n<meta property=\"article:modified_time\" content=\"2026-04-17T16:18:38+00:00\" \/>\n<meta property=\"og:image\" content=\"https:\/\/brandgioielli.it\/wp-content\/uploads\/2026\/03\/collana-rosario-uomo-acciaio.jpg\" \/>\n\t<meta property=\"og:image:width\" content=\"800\" \/>\n\t<meta property=\"og:image:height\" content=\"800\" \/>\n\t<meta property=\"og:image:type\" content=\"image\/jpeg\" \/>\n<meta name=\"twitter:card\" content=\"summary_large_image\" \/>\n<meta name=\"twitter:label1\" content=\"Dur\u00e9e de lecture estim\u00e9e\" \/>\n\t<meta name=\"twitter:data1\" content=\"2 minutes\" \/>\n<script type=\"application\/ld+json\" class=\"yoast-schema-graph\">{\"@context\":\"https:\\\/\\\/schema.org\",\"@graph\":[{\"@type\":\"WebPage\",\"@id\":\"https:\\\/\\\/brandgioielli.it\\\/prodotto\\\/rosario-ematite-croce\\\/\",\"url\":\"https:\\\/\\\/brandgioielli.it\\\/prodotto\\\/rosario-ematite-croce\\\/\",\"name\":\"Rosario Ematite Croce - #BrandGioielli\",\"isPartOf\":{\"@id\":\"https:\\\/\\\/brandgioielli.it\\\/#website\"},\"primaryImageOfPage\":{\"@id\":\"https:\\\/\\\/brandgioielli.it\\\/prodotto\\\/rosario-ematite-croce\\\/#primaryimage\"},\"image\":{\"@id\":\"https:\\\/\\\/brandgioielli.it\\\/prodotto\\\/rosario-ematite-croce\\\/#primaryimage\"},\"thumbnailUrl\":\"https:\\\/\\\/brandgioielli.it\\\/wp-content\\\/uploads\\\/2026\\\/03\\\/collana-rosario-uomo-acciaio.jpg\",\"datePublished\":\"2026-03-04T13:56:05+00:00\",\"dateModified\":\"2026-04-17T16:18:38+00:00\",\"description\":\"Acquista ora su Brand Gioielli: Rosario Ematite Croce\",\"breadcrumb\":{\"@id\":\"https:\\\/\\\/brandgioielli.it\\\/prodotto\\\/rosario-ematite-croce\\\/#breadcrumb\"},\"inLanguage\":\"fr-FR\",\"potentialAction\":[{\"@type\":\"ReadAction\",\"target\":[\"https:\\\/\\\/brandgioielli.it\\\/prodotto\\\/rosario-ematite-croce\\\/\"]}]},{\"@type\":\"ImageObject\",\"inLanguage\":\"fr-FR\",\"@id\":\"https:\\\/\\\/brandgioielli.it\\\/prodotto\\\/rosario-ematite-croce\\\/#primaryimage\",\"url\":\"https:\\\/\\\/brandgioielli.it\\\/wp-content\\\/uploads\\\/2026\\\/03\\\/collana-rosario-uomo-acciaio.jpg\",\"contentUrl\":\"https:\\\/\\\/brandgioielli.it\\\/wp-content\\\/uploads\\\/2026\\\/03\\\/collana-rosario-uomo-acciaio.jpg\",\"width\":800,\"height\":800},{\"@type\":\"BreadcrumbList\",\"@id\":\"https:\\\/\\\/brandgioielli.it\\\/prodotto\\\/rosario-ematite-croce\\\/#breadcrumb\",\"itemListElement\":[{\"@type\":\"ListItem\",\"position\":1,\"name\":\"Home\",\"item\":\"https:\\\/\\\/brandgioielli.it\\\/\"},{\"@type\":\"ListItem\",\"position\":2,\"name\":\"Shop\",\"item\":\"https:\\\/\\\/brandgioielli.it\\\/shop\\\/\"},{\"@type\":\"ListItem\",\"position\":3,\"name\":\"Rosario Ematite Croce\"}]},{\"@type\":\"WebSite\",\"@id\":\"https:\\\/\\\/brandgioielli.it\\\/#website\",\"url\":\"https:\\\/\\\/brandgioielli.it\\\/\",\"name\":\"#BrandGioielli\",\"description\":\"\",\"publisher\":{\"@id\":\"https:\\\/\\\/brandgioielli.it\\\/#organization\"},\"potentialAction\":[{\"@type\":\"SearchAction\",\"target\":{\"@type\":\"EntryPoint\",\"urlTemplate\":\"https:\\\/\\\/brandgioielli.it\\\/?s={search_term_string}\"},\"query-input\":{\"@type\":\"PropertyValueSpecification\",\"valueRequired\":true,\"valueName\":\"search_term_string\"}}],\"inLanguage\":\"fr-FR\"},{\"@type\":\"Organization\",\"@id\":\"https:\\\/\\\/brandgioielli.it\\\/#organization\",\"name\":\"Brand Gioielli\",\"url\":\"https:\\\/\\\/brandgioielli.it\\\/\",\"logo\":{\"@type\":\"ImageObject\",\"inLanguage\":\"fr-FR\",\"@id\":\"https:\\\/\\\/brandgioielli.it\\\/#\\\/schema\\\/logo\\\/image\\\/\",\"url\":\"https:\\\/\\\/brandgioielli.it\\\/wp-content\\\/uploads\\\/2025\\\/07\\\/LogoBrand.png\",\"contentUrl\":\"https:\\\/\\\/brandgioielli.it\\\/wp-content\\\/uploads\\\/2025\\\/07\\\/LogoBrand.png\",\"width\":600,\"height\":170,\"caption\":\"Brand Gioielli\"},\"image\":{\"@id\":\"https:\\\/\\\/brandgioielli.it\\\/#\\\/schema\\\/logo\\\/image\\\/\"}}]}<\/script>\n<!-- \/ Yoast SEO plugin. -->","yoast_head_json":{"title":"Chapelet en croix d&#039;h\u00e9matite - #BrandGioielli","description":"Achetez d\u00e8s maintenant chez Brand Gioielli : Chapelet en croix d&#039;h\u00e9matite","robots":{"index":"index","follow":"follow","max-snippet":"max-snippet:-1","max-image-preview":"max-image-preview:large","max-video-preview":"max-video-preview:-1"},"canonical":"https:\/\/brandgioielli.it\/fr\/produit\/rosario-ematite-croce\/","og_locale":"fr_FR","og_type":"article","og_title":"Rosario Ematite Croce - #BrandGioielli","og_description":"Acquista ora su Brand Gioielli: Rosario Ematite Croce","og_url":"https:\/\/brandgioielli.it\/fr\/produit\/rosario-ematite-croce\/","og_site_name":"#BrandGioielli","article_modified_time":"2026-04-17T16:18:38+00:00","og_image":[{"width":800,"height":800,"url":"https:\/\/brandgioielli.it\/wp-content\/uploads\/2026\/03\/collana-rosario-uomo-acciaio.jpg","type":"image\/jpeg"}],"twitter_card":"summary_large_image","twitter_misc":{"Dur\u00e9e de lecture estim\u00e9e":"2 minutes"},"schema":{"@context":"https:\/\/schema.org","@graph":[{"@type":"WebPage","@id":"https:\/\/brandgioielli.it\/prodotto\/rosario-ematite-croce\/","url":"https:\/\/brandgioielli.it\/prodotto\/rosario-ematite-croce\/","name":"Chapelet en croix d&#039;h\u00e9matite - #BrandGioielli","isPartOf":{"@id":"https:\/\/brandgioielli.it\/#website"},"primaryImageOfPage":{"@id":"https:\/\/brandgioielli.it\/prodotto\/rosario-ematite-croce\/#primaryimage"},"image":{"@id":"https:\/\/brandgioielli.it\/prodotto\/rosario-ematite-croce\/#primaryimage"},"thumbnailUrl":"https:\/\/brandgioielli.it\/wp-content\/uploads\/2026\/03\/collana-rosario-uomo-acciaio.jpg","datePublished":"2026-03-04T13:56:05+00:00","dateModified":"2026-04-17T16:18:38+00:00","description":"Achetez d\u00e8s maintenant chez Brand Gioielli : Chapelet en croix d&#039;h\u00e9matite","breadcrumb":{"@id":"https:\/\/brandgioielli.it\/prodotto\/rosario-ematite-croce\/#breadcrumb"},"inLanguage":"fr-FR","potentialAction":[{"@type":"ReadAction","target":["https:\/\/brandgioielli.it\/prodotto\/rosario-ematite-croce\/"]}]},{"@type":"ImageObject","inLanguage":"fr-FR","@id":"https:\/\/brandgioielli.it\/prodotto\/rosario-ematite-croce\/#primaryimage","url":"https:\/\/brandgioielli.it\/wp-content\/uploads\/2026\/03\/collana-rosario-uomo-acciaio.jpg","contentUrl":"https:\/\/brandgioielli.it\/wp-content\/uploads\/2026\/03\/collana-rosario-uomo-acciaio.jpg","width":800,"height":800},{"@type":"BreadcrumbList","@id":"https:\/\/brandgioielli.it\/prodotto\/rosario-ematite-croce\/#breadcrumb","itemListElement":[{"@type":"ListItem","position":1,"name":"Home","item":"https:\/\/brandgioielli.it\/"},{"@type":"ListItem","position":2,"name":"Shop","item":"https:\/\/brandgioielli.it\/shop\/"},{"@type":"ListItem","position":3,"name":"Rosario Ematite Croce"}]},{"@type":"WebSite","@id":"https:\/\/brandgioielli.it\/#website","url":"https:\/\/brandgioielli.it\/","name":"#BrandJewellery","description":"","publisher":{"@id":"https:\/\/brandgioielli.it\/#organization"},"potentialAction":[{"@type":"SearchAction","target":{"@type":"EntryPoint","urlTemplate":"https:\/\/brandgioielli.it\/?s={search_term_string}"},"query-input":{"@type":"PropertyValueSpecification","valueRequired":true,"valueName":"search_term_string"}}],"inLanguage":"fr-FR"},{"@type":"Organization","@id":"https:\/\/brandgioielli.it\/#organization","name":"Bijoux de marque","url":"https:\/\/brandgioielli.it\/","logo":{"@type":"ImageObject","inLanguage":"fr-FR","@id":"https:\/\/brandgioielli.it\/#\/schema\/logo\/image\/","url":"https:\/\/brandgioielli.it\/wp-content\/uploads\/2025\/07\/LogoBrand.png","contentUrl":"https:\/\/brandgioielli.it\/wp-content\/uploads\/2025\/07\/LogoBrand.png","width":600,"height":170,"caption":"Brand Gioielli"},"image":{"@id":"https:\/\/brandgioielli.it\/#\/schema\/logo\/image\/"}}]}},"_links":{"self":[{"href":"https:\/\/brandgioielli.it\/fr\/wp-json\/wp\/v2\/product\/105890","targetHints":{"allow":["GET"]}}],"collection":[{"href":"https:\/\/brandgioielli.it\/fr\/wp-json\/wp\/v2\/product"}],"about":[{"href":"https:\/\/brandgioielli.it\/fr\/wp-json\/wp\/v2\/types\/product"}],"version-history":[{"count":1,"href":"https:\/\/brandgioielli.it\/fr\/wp-json\/wp\/v2\/product\/105890\/revisions"}],"predecessor-version":[{"id":105914,"href":"https:\/\/brandgioielli.it\/fr\/wp-json\/wp\/v2\/product\/105890\/revisions\/105914"}],"wp:featuredmedia":[{"embeddable":true,"href":"https:\/\/brandgioielli.it\/fr\/wp-json\/wp\/v2\/media\/105909"}],"wp:attachment":[{"href":"https:\/\/brandgioielli.it\/fr\/wp-json\/wp\/v2\/media?parent=105890"}],"wp:term":[{"taxonomy":"product_brand","embeddable":true,"href":"https:\/\/brandgioielli.it\/fr\/wp-json\/wp\/v2\/product_brand?post=105890"},{"taxonomy":"product_cat","embeddable":true,"href":"https:\/\/brandgioielli.it\/fr\/wp-json\/wp\/v2\/product_cat?post=105890"},{"taxonomy":"product_tag","embeddable":true,"href":"https:\/\/brandgioielli.it\/fr\/wp-json\/wp\/v2\/product_tag?post=105890"}],"curies":[{"name":"wp","href":"https:\/\/api.w.org\/{rel}","templated":true}]}}