{"id":105880,"date":"2026-03-04T13:10:51","date_gmt":"2026-03-04T12:10:51","guid":{"rendered":"https:\/\/brandgioielli.it\/?post_type=product&#038;p=105880"},"modified":"2026-04-17T18:18:38","modified_gmt":"2026-04-17T16:18:38","slug":"portachiavi-con-targhetta","status":"publish","type":"product","link":"https:\/\/brandgioielli.it\/fr\/produit\/portachiavi-con-targhetta\/","title":{"rendered":"Porte-cl\u00e9s"},"content":{"rendered":"<h2>Porte-cl\u00e9s avec \u00e9tiquette<\/h2>\n<p data-start=\"0\" data-end=\"702\">Le <strong data-start=\"3\" data-end=\"56\">Porte-cl\u00e9s Gioielli avec \u00e9tiquette #<\/strong> C&#039;est un accessoire au design simple et contemporain, con\u00e7u pour celles et ceux qui appr\u00e9cient l&#039;\u00e9l\u00e9gance jusque dans les moindres d\u00e9tails. Son \u00e9tiquette rectangulaire \u00e0 la finition satin\u00e9e lui conf\u00e8re une allure raffin\u00e9e et moderne, tandis que sa construction robuste garantit durabilit\u00e9 et praticit\u00e9 au quotidien. Gr\u00e2ce \u00e0 son design minimaliste et \u00e9pur\u00e9, ce porte-cl\u00e9s est \u00e9galement une excellente id\u00e9e cadeau ou un accessoire personnalisable par gravure, pour un objet unique et charg\u00e9 de sens. Fabriqu\u00e9 en acier inoxydable, il conserve son \u00e9clat et sa r\u00e9sistance \u00e0 l&#039;usure au fil du temps, apportant une touche d&#039;\u00e9l\u00e9gance \u00e0 celles et ceux qui l&#039;utilisent chaque jour.<\/p>\n<p data-start=\"704\" data-end=\"727\"><strong data-start=\"704\" data-end=\"727\">SP\u00c9CIFICATIONS TECHNIQUES<\/strong><\/p>\n<p data-start=\"729\" data-end=\"839\">Porte-cl\u00e9s<br data-start=\"754\" data-end=\"757\" \/>Taille de l&#039;\u00e9tiquette\u00a0: 3,5\u00a0cm<br data-start=\"783\" data-end=\"786\" \/>Finition : Acier, PVD noir<br data-start=\"803\" data-end=\"806\" \/>Mat\u00e9riau : Acier inoxydable<\/p>\n<p data-start=\"729\" data-end=\"839\"><em>Tous les bijoux de la marque #Brand sont fabriqu\u00e9s \u00e0 partir de l'acier inoxydable chirurgical le plus pur du march\u00e9, test\u00e9 pour le nickel et con\u00e7u pour \u00eatre port\u00e9 tous les jours sans crainte de d\u00e9coloration ou de signes d'usure.<\/em><\/p>","protected":false},"excerpt":{"rendered":"<p>Portachiavi con Targhetta Il Portachiavi con Targhetta firmato #Brand Gioielli \u00e8 un accessorio dal design essenziale e contemporaneo, pensato per chi ama uno stile elegante anche nei dettagli quotidiani. La targhetta rettangolare con finitura satinata dona al portachiavi un aspetto raffinato e moderno, mentre la struttura solida garantisce resistenza e praticit\u00e0 nell\u2019uso di tutti i [&hellip;]<\/p>\n","protected":false},"featured_media":105883,"template":"","meta":[],"product_brand":[],"product_cat":[26,506,39],"product_tag":[61],"class_list":{"0":"post-105880","1":"product","2":"type-product","3":"status-publish","4":"has-post-thumbnail","6":"product_cat-portachiavi","7":"product_cat-sotto-i-20e","8":"product_cat-uomo","9":"product_tag-collezione-strong","11":"first","12":"instock","13":"shipping-taxable","14":"purchasable","15":"product-type-variable"},"yoast_head":"<!-- This site is optimized with the Yoast SEO plugin v27.4 - https:\/\/yoast.com\/product\/yoast-seo-wordpress\/ -->\n<title>Portachiavi Targhetta - #BrandGioielli<\/title>\n<meta name=\"description\" content=\"Acquista ora su Brand Gioielli: Portachiavi Targhetta\" \/>\n<meta name=\"robots\" content=\"index, follow, max-snippet:-1, max-image-preview:large, max-video-preview:-1\" \/>\n<link rel=\"canonical\" href=\"https:\/\/brandgioielli.it\/fr\/produit\/portachiavi-con-targhetta\/\" \/>\n<meta property=\"og:locale\" content=\"fr_FR\" \/>\n<meta property=\"og:type\" content=\"article\" \/>\n<meta property=\"og:title\" content=\"Portachiavi Targhetta - #BrandGioielli\" \/>\n<meta property=\"og:description\" content=\"Acquista ora su Brand Gioielli: Portachiavi Targhetta\" \/>\n<meta property=\"og:url\" content=\"https:\/\/brandgioielli.it\/fr\/produit\/portachiavi-con-targhetta\/\" \/>\n<meta property=\"og:site_name\" content=\"#BrandGioielli\" \/>\n<meta property=\"article:modified_time\" content=\"2026-04-17T16:18:38+00:00\" \/>\n<meta property=\"og:image\" content=\"https:\/\/brandgioielli.it\/wp-content\/uploads\/2026\/03\/portachiavi-uomo-targhetta-acciaio.jpg\" \/>\n\t<meta property=\"og:image:width\" content=\"800\" \/>\n\t<meta property=\"og:image:height\" content=\"800\" \/>\n\t<meta property=\"og:image:type\" content=\"image\/jpeg\" \/>\n<meta name=\"twitter:card\" content=\"summary_large_image\" \/>\n<meta name=\"twitter:label1\" content=\"Dur\u00e9e de lecture estim\u00e9e\" \/>\n\t<meta name=\"twitter:data1\" content=\"2 minutes\" \/>\n<script type=\"application\/ld+json\" class=\"yoast-schema-graph\">{\"@context\":\"https:\\\/\\\/schema.org\",\"@graph\":[{\"@type\":\"WebPage\",\"@id\":\"https:\\\/\\\/brandgioielli.it\\\/prodotto\\\/portachiavi-con-targhetta\\\/\",\"url\":\"https:\\\/\\\/brandgioielli.it\\\/prodotto\\\/portachiavi-con-targhetta\\\/\",\"name\":\"Portachiavi Targhetta - #BrandGioielli\",\"isPartOf\":{\"@id\":\"https:\\\/\\\/brandgioielli.it\\\/#website\"},\"primaryImageOfPage\":{\"@id\":\"https:\\\/\\\/brandgioielli.it\\\/prodotto\\\/portachiavi-con-targhetta\\\/#primaryimage\"},\"image\":{\"@id\":\"https:\\\/\\\/brandgioielli.it\\\/prodotto\\\/portachiavi-con-targhetta\\\/#primaryimage\"},\"thumbnailUrl\":\"https:\\\/\\\/brandgioielli.it\\\/wp-content\\\/uploads\\\/2026\\\/03\\\/portachiavi-uomo-targhetta-acciaio.jpg\",\"datePublished\":\"2026-03-04T12:10:51+00:00\",\"dateModified\":\"2026-04-17T16:18:38+00:00\",\"description\":\"Acquista ora su Brand Gioielli: Portachiavi Targhetta\",\"breadcrumb\":{\"@id\":\"https:\\\/\\\/brandgioielli.it\\\/prodotto\\\/portachiavi-con-targhetta\\\/#breadcrumb\"},\"inLanguage\":\"fr-FR\",\"potentialAction\":[{\"@type\":\"ReadAction\",\"target\":[\"https:\\\/\\\/brandgioielli.it\\\/prodotto\\\/portachiavi-con-targhetta\\\/\"]}]},{\"@type\":\"ImageObject\",\"inLanguage\":\"fr-FR\",\"@id\":\"https:\\\/\\\/brandgioielli.it\\\/prodotto\\\/portachiavi-con-targhetta\\\/#primaryimage\",\"url\":\"https:\\\/\\\/brandgioielli.it\\\/wp-content\\\/uploads\\\/2026\\\/03\\\/portachiavi-uomo-targhetta-acciaio.jpg\",\"contentUrl\":\"https:\\\/\\\/brandgioielli.it\\\/wp-content\\\/uploads\\\/2026\\\/03\\\/portachiavi-uomo-targhetta-acciaio.jpg\",\"width\":800,\"height\":800},{\"@type\":\"BreadcrumbList\",\"@id\":\"https:\\\/\\\/brandgioielli.it\\\/prodotto\\\/portachiavi-con-targhetta\\\/#breadcrumb\",\"itemListElement\":[{\"@type\":\"ListItem\",\"position\":1,\"name\":\"Home\",\"item\":\"https:\\\/\\\/brandgioielli.it\\\/\"},{\"@type\":\"ListItem\",\"position\":2,\"name\":\"Shop\",\"item\":\"https:\\\/\\\/brandgioielli.it\\\/shop\\\/\"},{\"@type\":\"ListItem\",\"position\":3,\"name\":\"Portachiavi Targhetta\"}]},{\"@type\":\"WebSite\",\"@id\":\"https:\\\/\\\/brandgioielli.it\\\/#website\",\"url\":\"https:\\\/\\\/brandgioielli.it\\\/\",\"name\":\"#BrandGioielli\",\"description\":\"\",\"publisher\":{\"@id\":\"https:\\\/\\\/brandgioielli.it\\\/#organization\"},\"potentialAction\":[{\"@type\":\"SearchAction\",\"target\":{\"@type\":\"EntryPoint\",\"urlTemplate\":\"https:\\\/\\\/brandgioielli.it\\\/?s={search_term_string}\"},\"query-input\":{\"@type\":\"PropertyValueSpecification\",\"valueRequired\":true,\"valueName\":\"search_term_string\"}}],\"inLanguage\":\"fr-FR\"},{\"@type\":\"Organization\",\"@id\":\"https:\\\/\\\/brandgioielli.it\\\/#organization\",\"name\":\"Brand Gioielli\",\"url\":\"https:\\\/\\\/brandgioielli.it\\\/\",\"logo\":{\"@type\":\"ImageObject\",\"inLanguage\":\"fr-FR\",\"@id\":\"https:\\\/\\\/brandgioielli.it\\\/#\\\/schema\\\/logo\\\/image\\\/\",\"url\":\"https:\\\/\\\/brandgioielli.it\\\/wp-content\\\/uploads\\\/2025\\\/07\\\/LogoBrand.png\",\"contentUrl\":\"https:\\\/\\\/brandgioielli.it\\\/wp-content\\\/uploads\\\/2025\\\/07\\\/LogoBrand.png\",\"width\":600,\"height\":170,\"caption\":\"Brand Gioielli\"},\"image\":{\"@id\":\"https:\\\/\\\/brandgioielli.it\\\/#\\\/schema\\\/logo\\\/image\\\/\"}}]}<\/script>\n<!-- \/ Yoast SEO plugin. -->","yoast_head_json":{"title":"Porte-cl\u00e9s \u00e9tiquette - #BrandGioielli","description":"Achetez d\u00e8s maintenant chez Brand Gioielli : Porte-cl\u00e9s Tag","robots":{"index":"index","follow":"follow","max-snippet":"max-snippet:-1","max-image-preview":"max-image-preview:large","max-video-preview":"max-video-preview:-1"},"canonical":"https:\/\/brandgioielli.it\/fr\/produit\/portachiavi-con-targhetta\/","og_locale":"fr_FR","og_type":"article","og_title":"Portachiavi Targhetta - #BrandGioielli","og_description":"Acquista ora su Brand Gioielli: Portachiavi Targhetta","og_url":"https:\/\/brandgioielli.it\/fr\/produit\/portachiavi-con-targhetta\/","og_site_name":"#BrandGioielli","article_modified_time":"2026-04-17T16:18:38+00:00","og_image":[{"width":800,"height":800,"url":"https:\/\/brandgioielli.it\/wp-content\/uploads\/2026\/03\/portachiavi-uomo-targhetta-acciaio.jpg","type":"image\/jpeg"}],"twitter_card":"summary_large_image","twitter_misc":{"Dur\u00e9e de lecture estim\u00e9e":"2 minutes"},"schema":{"@context":"https:\/\/schema.org","@graph":[{"@type":"WebPage","@id":"https:\/\/brandgioielli.it\/prodotto\/portachiavi-con-targhetta\/","url":"https:\/\/brandgioielli.it\/prodotto\/portachiavi-con-targhetta\/","name":"Porte-cl\u00e9s \u00e9tiquette - #BrandGioielli","isPartOf":{"@id":"https:\/\/brandgioielli.it\/#website"},"primaryImageOfPage":{"@id":"https:\/\/brandgioielli.it\/prodotto\/portachiavi-con-targhetta\/#primaryimage"},"image":{"@id":"https:\/\/brandgioielli.it\/prodotto\/portachiavi-con-targhetta\/#primaryimage"},"thumbnailUrl":"https:\/\/brandgioielli.it\/wp-content\/uploads\/2026\/03\/portachiavi-uomo-targhetta-acciaio.jpg","datePublished":"2026-03-04T12:10:51+00:00","dateModified":"2026-04-17T16:18:38+00:00","description":"Achetez d\u00e8s maintenant chez Brand Gioielli : Porte-cl\u00e9s Tag","breadcrumb":{"@id":"https:\/\/brandgioielli.it\/prodotto\/portachiavi-con-targhetta\/#breadcrumb"},"inLanguage":"fr-FR","potentialAction":[{"@type":"ReadAction","target":["https:\/\/brandgioielli.it\/prodotto\/portachiavi-con-targhetta\/"]}]},{"@type":"ImageObject","inLanguage":"fr-FR","@id":"https:\/\/brandgioielli.it\/prodotto\/portachiavi-con-targhetta\/#primaryimage","url":"https:\/\/brandgioielli.it\/wp-content\/uploads\/2026\/03\/portachiavi-uomo-targhetta-acciaio.jpg","contentUrl":"https:\/\/brandgioielli.it\/wp-content\/uploads\/2026\/03\/portachiavi-uomo-targhetta-acciaio.jpg","width":800,"height":800},{"@type":"BreadcrumbList","@id":"https:\/\/brandgioielli.it\/prodotto\/portachiavi-con-targhetta\/#breadcrumb","itemListElement":[{"@type":"ListItem","position":1,"name":"Home","item":"https:\/\/brandgioielli.it\/"},{"@type":"ListItem","position":2,"name":"Shop","item":"https:\/\/brandgioielli.it\/shop\/"},{"@type":"ListItem","position":3,"name":"Portachiavi Targhetta"}]},{"@type":"WebSite","@id":"https:\/\/brandgioielli.it\/#website","url":"https:\/\/brandgioielli.it\/","name":"#BrandJewellery","description":"","publisher":{"@id":"https:\/\/brandgioielli.it\/#organization"},"potentialAction":[{"@type":"SearchAction","target":{"@type":"EntryPoint","urlTemplate":"https:\/\/brandgioielli.it\/?s={search_term_string}"},"query-input":{"@type":"PropertyValueSpecification","valueRequired":true,"valueName":"search_term_string"}}],"inLanguage":"fr-FR"},{"@type":"Organization","@id":"https:\/\/brandgioielli.it\/#organization","name":"Bijoux de marque","url":"https:\/\/brandgioielli.it\/","logo":{"@type":"ImageObject","inLanguage":"fr-FR","@id":"https:\/\/brandgioielli.it\/#\/schema\/logo\/image\/","url":"https:\/\/brandgioielli.it\/wp-content\/uploads\/2025\/07\/LogoBrand.png","contentUrl":"https:\/\/brandgioielli.it\/wp-content\/uploads\/2025\/07\/LogoBrand.png","width":600,"height":170,"caption":"Brand Gioielli"},"image":{"@id":"https:\/\/brandgioielli.it\/#\/schema\/logo\/image\/"}}]}},"_links":{"self":[{"href":"https:\/\/brandgioielli.it\/fr\/wp-json\/wp\/v2\/product\/105880","targetHints":{"allow":["GET"]}}],"collection":[{"href":"https:\/\/brandgioielli.it\/fr\/wp-json\/wp\/v2\/product"}],"about":[{"href":"https:\/\/brandgioielli.it\/fr\/wp-json\/wp\/v2\/types\/product"}],"version-history":[{"count":1,"href":"https:\/\/brandgioielli.it\/fr\/wp-json\/wp\/v2\/product\/105880\/revisions"}],"predecessor-version":[{"id":105886,"href":"https:\/\/brandgioielli.it\/fr\/wp-json\/wp\/v2\/product\/105880\/revisions\/105886"}],"wp:featuredmedia":[{"embeddable":true,"href":"https:\/\/brandgioielli.it\/fr\/wp-json\/wp\/v2\/media\/105883"}],"wp:attachment":[{"href":"https:\/\/brandgioielli.it\/fr\/wp-json\/wp\/v2\/media?parent=105880"}],"wp:term":[{"taxonomy":"product_brand","embeddable":true,"href":"https:\/\/brandgioielli.it\/fr\/wp-json\/wp\/v2\/product_brand?post=105880"},{"taxonomy":"product_cat","embeddable":true,"href":"https:\/\/brandgioielli.it\/fr\/wp-json\/wp\/v2\/product_cat?post=105880"},{"taxonomy":"product_tag","embeddable":true,"href":"https:\/\/brandgioielli.it\/fr\/wp-json\/wp\/v2\/product_tag?post=105880"}],"curies":[{"name":"wp","href":"https:\/\/api.w.org\/{rel}","templated":true}]}}