{"id":104751,"date":"2026-02-18T16:54:22","date_gmt":"2026-02-18T15:54:22","guid":{"rendered":"https:\/\/brandgioielli.it\/?post_type=product&#038;p=104751"},"modified":"2026-04-17T18:17:55","modified_gmt":"2026-04-17T16:17:55","slug":"bracciale-tennis-quadrato","status":"publish","type":"product","link":"https:\/\/brandgioielli.it\/fr\/produit\/bracciale-tennis-quadrato\/","title":{"rendered":"Bracelet de tennis carr\u00e9"},"content":{"rendered":"<h2>Bracciale Tennis Quadrato<\/h2>\n<p>Il bracciale tennis quadrato firmato #Brand Gioielli si distingue per il suo design elegante e senza tempo, caratterizzato da una sequenza regolare di cristalli dalla forma squadrata che donano una luce intensa e contemporanea al gioiello. La struttura lineare e armoniosa esalta la brillantezza delle pietre, creando un effetto raffinato e moderno che valorizza ogni movimento del polso. Realizzato in acciaio con finitura luminosa, \u00e8 disponibile in diverse dimensioni di cristallo, permettendo di scegliere un effetto pi\u00f9 delicato oppure pi\u00f9 deciso in base al proprio stile. Versatile e sofisticato, pu\u00f2 essere indossato da solo per un look essenziale ed elegante oppure abbinato ad altri bracciali per creare combinazioni luminose e ricercate, perfette sia per tutti i giorni che per occasioni speciali.<\/p>\n<div class=\"flex flex-col text-sm pb-25\">\n<article class=\"text-token-text-primary w-full focus:outline-none [--shadow-height:45px] has-data-writing-block:pointer-events-none has-data-writing-block:-mt-(--shadow-height) has-data-writing-block:pt-(--shadow-height) [&amp;:has([data-writing-block])&gt;*]:pointer-events-auto scroll-mt-[calc(var(--header-height)+min(200px,max(70px,20svh)))]\" dir=\"auto\" tabindex=\"-1\" data-turn-id=\"request-693c1ef8-369c-8327-b513-59ed25edd9bb-3\" data-testid=\"conversation-turn-344\" data-scroll-anchor=\"true\" data-turn=\"assistant\">\n<div class=\"text-base my-auto mx-auto pb-10 [--thread-content-margin:--spacing(4)] @w-sm\/main:[--thread-content-margin:--spacing(6)] @w-lg\/main:[--thread-content-margin:--spacing(16)] px-(--thread-content-margin)\">\n<div class=\"[--thread-content-max-width:40rem] @w-lg\/main:[--thread-content-max-width:48rem] mx-auto max-w-(--thread-content-max-width) flex-1 group\/turn-messages focus-visible:outline-hidden relative flex w-full min-w-0 flex-col agent-turn\" tabindex=\"-1\">\n<div class=\"z-0 flex min-h-[46px] justify-start\"><strong>SPECIFICHE TECNICHE<\/strong><\/div>\n<\/div>\n<\/div>\n<\/article>\n<\/div>\n<ul>\n<li>Bracciale Tennis Quadrato<\/li>\n<li>Lunghezza Taglia M: 16cm + 3cm di estensione<\/li>\n<li>Lunghezza Taglia L: 19cm + 3cm di estensione<\/li>\n<li>Dimensione Cristalli Quadrati: 3&#215;3 mm<\/li>\n<li>Colore Cristalli: Bianco<\/li>\n<li>Finitura: Acciaio<\/li>\n<li>Materiale: Acciaio Inossidabile, Cristalli<\/li>\n<\/ul>\n<p><em>Tutti i gioielli #Brand sono realizzati con l\u2019acciaio chirurgico inossidabile pi\u00f9 puro presente sul mercato, testati per il Nichel e progettati per essere indossati ogni giorno senza timore di scolorimento o segni di usura.<\/em><\/p>\n","protected":false},"excerpt":{"rendered":"<p>Bracciale Tennis Quadrato Il bracciale tennis quadrato firmato #Brand Gioielli si distingue per il suo design elegante e senza tempo, caratterizzato da una sequenza regolare di cristalli dalla forma squadrata che donano una luce intensa e contemporanea al gioiello. La struttura lineare e armoniosa esalta la brillantezza delle pietre, creando un effetto raffinato e moderno [&hellip;]<\/p>\n","protected":false},"featured_media":104752,"template":"","meta":[],"product_brand":[],"product_cat":[459,20,38,567,19,506,39],"product_tag":[116],"class_list":{"0":"post-104751","1":"product","2":"type-product","3":"status-publish","4":"has-post-thumbnail","6":"product_cat-bracciali","7":"product_cat-bracciali-donna","8":"product_cat-bracciali-uomo","9":"product_cat-brand-carpet","10":"product_cat-donna","11":"product_cat-sotto-i-20e","12":"product_cat-uomo","13":"product_tag-collezione-gala","15":"first","16":"instock","17":"shipping-taxable","18":"purchasable","19":"product-type-variable"},"yoast_head":"<!-- This site is optimized with the Yoast SEO plugin v27.4 - https:\/\/yoast.com\/product\/yoast-seo-wordpress\/ -->\n<title>Bracciale Tennis Quadrato - #BrandGioielli<\/title>\n<meta name=\"description\" content=\"Acquista ora su Brand Gioielli: Bracciale Tennis Quadrato\" \/>\n<meta name=\"robots\" content=\"index, follow, max-snippet:-1, max-image-preview:large, max-video-preview:-1\" \/>\n<link rel=\"canonical\" href=\"https:\/\/brandgioielli.it\/fr\/produit\/bracciale-tennis-quadrato\/\" \/>\n<meta property=\"og:locale\" content=\"fr_FR\" \/>\n<meta property=\"og:type\" content=\"article\" \/>\n<meta property=\"og:title\" content=\"Bracciale Tennis Quadrato - #BrandGioielli\" \/>\n<meta property=\"og:description\" content=\"Acquista ora su Brand Gioielli: Bracciale Tennis Quadrato\" \/>\n<meta property=\"og:url\" content=\"https:\/\/brandgioielli.it\/fr\/produit\/bracciale-tennis-quadrato\/\" \/>\n<meta property=\"og:site_name\" content=\"#BrandGioielli\" \/>\n<meta property=\"article:modified_time\" content=\"2026-04-17T16:17:55+00:00\" \/>\n<meta property=\"og:image\" content=\"https:\/\/brandgioielli.it\/wp-content\/uploads\/2026\/02\/Bracciale-Tennis-Quadrato-Donna.jpg\" \/>\n\t<meta property=\"og:image:width\" content=\"800\" \/>\n\t<meta property=\"og:image:height\" content=\"800\" \/>\n\t<meta property=\"og:image:type\" content=\"image\/jpeg\" \/>\n<meta name=\"twitter:card\" content=\"summary_large_image\" \/>\n<meta name=\"twitter:label1\" content=\"Dur\u00e9e de lecture estim\u00e9e\" \/>\n\t<meta name=\"twitter:data1\" content=\"2 minutes\" \/>\n<script type=\"application\/ld+json\" class=\"yoast-schema-graph\">{\"@context\":\"https:\\\/\\\/schema.org\",\"@graph\":[{\"@type\":\"WebPage\",\"@id\":\"https:\\\/\\\/brandgioielli.it\\\/prodotto\\\/bracciale-tennis-quadrato\\\/\",\"url\":\"https:\\\/\\\/brandgioielli.it\\\/prodotto\\\/bracciale-tennis-quadrato\\\/\",\"name\":\"Bracciale Tennis Quadrato - #BrandGioielli\",\"isPartOf\":{\"@id\":\"https:\\\/\\\/brandgioielli.it\\\/#website\"},\"primaryImageOfPage\":{\"@id\":\"https:\\\/\\\/brandgioielli.it\\\/prodotto\\\/bracciale-tennis-quadrato\\\/#primaryimage\"},\"image\":{\"@id\":\"https:\\\/\\\/brandgioielli.it\\\/prodotto\\\/bracciale-tennis-quadrato\\\/#primaryimage\"},\"thumbnailUrl\":\"https:\\\/\\\/brandgioielli.it\\\/wp-content\\\/uploads\\\/2026\\\/02\\\/Bracciale-Tennis-Quadrato-Donna.jpg\",\"datePublished\":\"2026-02-18T15:54:22+00:00\",\"dateModified\":\"2026-04-17T16:17:55+00:00\",\"description\":\"Acquista ora su Brand Gioielli: Bracciale Tennis Quadrato\",\"breadcrumb\":{\"@id\":\"https:\\\/\\\/brandgioielli.it\\\/prodotto\\\/bracciale-tennis-quadrato\\\/#breadcrumb\"},\"inLanguage\":\"fr-FR\",\"potentialAction\":[{\"@type\":\"ReadAction\",\"target\":[\"https:\\\/\\\/brandgioielli.it\\\/prodotto\\\/bracciale-tennis-quadrato\\\/\"]}]},{\"@type\":\"ImageObject\",\"inLanguage\":\"fr-FR\",\"@id\":\"https:\\\/\\\/brandgioielli.it\\\/prodotto\\\/bracciale-tennis-quadrato\\\/#primaryimage\",\"url\":\"https:\\\/\\\/brandgioielli.it\\\/wp-content\\\/uploads\\\/2026\\\/02\\\/Bracciale-Tennis-Quadrato-Donna.jpg\",\"contentUrl\":\"https:\\\/\\\/brandgioielli.it\\\/wp-content\\\/uploads\\\/2026\\\/02\\\/Bracciale-Tennis-Quadrato-Donna.jpg\",\"width\":800,\"height\":800},{\"@type\":\"BreadcrumbList\",\"@id\":\"https:\\\/\\\/brandgioielli.it\\\/prodotto\\\/bracciale-tennis-quadrato\\\/#breadcrumb\",\"itemListElement\":[{\"@type\":\"ListItem\",\"position\":1,\"name\":\"Home\",\"item\":\"https:\\\/\\\/brandgioielli.it\\\/\"},{\"@type\":\"ListItem\",\"position\":2,\"name\":\"Shop\",\"item\":\"https:\\\/\\\/brandgioielli.it\\\/shop\\\/\"},{\"@type\":\"ListItem\",\"position\":3,\"name\":\"Bracciale Tennis Quadrato\"}]},{\"@type\":\"WebSite\",\"@id\":\"https:\\\/\\\/brandgioielli.it\\\/#website\",\"url\":\"https:\\\/\\\/brandgioielli.it\\\/\",\"name\":\"#BrandGioielli\",\"description\":\"\",\"publisher\":{\"@id\":\"https:\\\/\\\/brandgioielli.it\\\/#organization\"},\"potentialAction\":[{\"@type\":\"SearchAction\",\"target\":{\"@type\":\"EntryPoint\",\"urlTemplate\":\"https:\\\/\\\/brandgioielli.it\\\/?s={search_term_string}\"},\"query-input\":{\"@type\":\"PropertyValueSpecification\",\"valueRequired\":true,\"valueName\":\"search_term_string\"}}],\"inLanguage\":\"fr-FR\"},{\"@type\":\"Organization\",\"@id\":\"https:\\\/\\\/brandgioielli.it\\\/#organization\",\"name\":\"Brand Gioielli\",\"url\":\"https:\\\/\\\/brandgioielli.it\\\/\",\"logo\":{\"@type\":\"ImageObject\",\"inLanguage\":\"fr-FR\",\"@id\":\"https:\\\/\\\/brandgioielli.it\\\/#\\\/schema\\\/logo\\\/image\\\/\",\"url\":\"https:\\\/\\\/brandgioielli.it\\\/wp-content\\\/uploads\\\/2025\\\/07\\\/LogoBrand.png\",\"contentUrl\":\"https:\\\/\\\/brandgioielli.it\\\/wp-content\\\/uploads\\\/2025\\\/07\\\/LogoBrand.png\",\"width\":600,\"height\":170,\"caption\":\"Brand Gioielli\"},\"image\":{\"@id\":\"https:\\\/\\\/brandgioielli.it\\\/#\\\/schema\\\/logo\\\/image\\\/\"}}]}<\/script>\n<!-- \/ Yoast SEO plugin. -->","yoast_head_json":{"title":"Bracciale Tennis Quadrato - #BrandGioielli","description":"Acquista ora su Brand Gioielli: Bracciale Tennis Quadrato","robots":{"index":"index","follow":"follow","max-snippet":"max-snippet:-1","max-image-preview":"max-image-preview:large","max-video-preview":"max-video-preview:-1"},"canonical":"https:\/\/brandgioielli.it\/fr\/produit\/bracciale-tennis-quadrato\/","og_locale":"fr_FR","og_type":"article","og_title":"Bracciale Tennis Quadrato - #BrandGioielli","og_description":"Acquista ora su Brand Gioielli: Bracciale Tennis Quadrato","og_url":"https:\/\/brandgioielli.it\/fr\/produit\/bracciale-tennis-quadrato\/","og_site_name":"#BrandGioielli","article_modified_time":"2026-04-17T16:17:55+00:00","og_image":[{"width":800,"height":800,"url":"https:\/\/brandgioielli.it\/wp-content\/uploads\/2026\/02\/Bracciale-Tennis-Quadrato-Donna.jpg","type":"image\/jpeg"}],"twitter_card":"summary_large_image","twitter_misc":{"Dur\u00e9e de lecture estim\u00e9e":"2 minutes"},"schema":{"@context":"https:\/\/schema.org","@graph":[{"@type":"WebPage","@id":"https:\/\/brandgioielli.it\/prodotto\/bracciale-tennis-quadrato\/","url":"https:\/\/brandgioielli.it\/prodotto\/bracciale-tennis-quadrato\/","name":"Bracciale Tennis Quadrato - #BrandGioielli","isPartOf":{"@id":"https:\/\/brandgioielli.it\/#website"},"primaryImageOfPage":{"@id":"https:\/\/brandgioielli.it\/prodotto\/bracciale-tennis-quadrato\/#primaryimage"},"image":{"@id":"https:\/\/brandgioielli.it\/prodotto\/bracciale-tennis-quadrato\/#primaryimage"},"thumbnailUrl":"https:\/\/brandgioielli.it\/wp-content\/uploads\/2026\/02\/Bracciale-Tennis-Quadrato-Donna.jpg","datePublished":"2026-02-18T15:54:22+00:00","dateModified":"2026-04-17T16:17:55+00:00","description":"Acquista ora su Brand Gioielli: Bracciale Tennis Quadrato","breadcrumb":{"@id":"https:\/\/brandgioielli.it\/prodotto\/bracciale-tennis-quadrato\/#breadcrumb"},"inLanguage":"fr-FR","potentialAction":[{"@type":"ReadAction","target":["https:\/\/brandgioielli.it\/prodotto\/bracciale-tennis-quadrato\/"]}]},{"@type":"ImageObject","inLanguage":"fr-FR","@id":"https:\/\/brandgioielli.it\/prodotto\/bracciale-tennis-quadrato\/#primaryimage","url":"https:\/\/brandgioielli.it\/wp-content\/uploads\/2026\/02\/Bracciale-Tennis-Quadrato-Donna.jpg","contentUrl":"https:\/\/brandgioielli.it\/wp-content\/uploads\/2026\/02\/Bracciale-Tennis-Quadrato-Donna.jpg","width":800,"height":800},{"@type":"BreadcrumbList","@id":"https:\/\/brandgioielli.it\/prodotto\/bracciale-tennis-quadrato\/#breadcrumb","itemListElement":[{"@type":"ListItem","position":1,"name":"Home","item":"https:\/\/brandgioielli.it\/"},{"@type":"ListItem","position":2,"name":"Shop","item":"https:\/\/brandgioielli.it\/shop\/"},{"@type":"ListItem","position":3,"name":"Bracciale Tennis Quadrato"}]},{"@type":"WebSite","@id":"https:\/\/brandgioielli.it\/#website","url":"https:\/\/brandgioielli.it\/","name":"#BrandJewellery","description":"","publisher":{"@id":"https:\/\/brandgioielli.it\/#organization"},"potentialAction":[{"@type":"SearchAction","target":{"@type":"EntryPoint","urlTemplate":"https:\/\/brandgioielli.it\/?s={search_term_string}"},"query-input":{"@type":"PropertyValueSpecification","valueRequired":true,"valueName":"search_term_string"}}],"inLanguage":"fr-FR"},{"@type":"Organization","@id":"https:\/\/brandgioielli.it\/#organization","name":"Bijoux de marque","url":"https:\/\/brandgioielli.it\/","logo":{"@type":"ImageObject","inLanguage":"fr-FR","@id":"https:\/\/brandgioielli.it\/#\/schema\/logo\/image\/","url":"https:\/\/brandgioielli.it\/wp-content\/uploads\/2025\/07\/LogoBrand.png","contentUrl":"https:\/\/brandgioielli.it\/wp-content\/uploads\/2025\/07\/LogoBrand.png","width":600,"height":170,"caption":"Brand Gioielli"},"image":{"@id":"https:\/\/brandgioielli.it\/#\/schema\/logo\/image\/"}}]}},"_links":{"self":[{"href":"https:\/\/brandgioielli.it\/fr\/wp-json\/wp\/v2\/product\/104751","targetHints":{"allow":["GET"]}}],"collection":[{"href":"https:\/\/brandgioielli.it\/fr\/wp-json\/wp\/v2\/product"}],"about":[{"href":"https:\/\/brandgioielli.it\/fr\/wp-json\/wp\/v2\/types\/product"}],"version-history":[{"count":3,"href":"https:\/\/brandgioielli.it\/fr\/wp-json\/wp\/v2\/product\/104751\/revisions"}],"predecessor-version":[{"id":104758,"href":"https:\/\/brandgioielli.it\/fr\/wp-json\/wp\/v2\/product\/104751\/revisions\/104758"}],"wp:featuredmedia":[{"embeddable":true,"href":"https:\/\/brandgioielli.it\/fr\/wp-json\/wp\/v2\/media\/104752"}],"wp:attachment":[{"href":"https:\/\/brandgioielli.it\/fr\/wp-json\/wp\/v2\/media?parent=104751"}],"wp:term":[{"taxonomy":"product_brand","embeddable":true,"href":"https:\/\/brandgioielli.it\/fr\/wp-json\/wp\/v2\/product_brand?post=104751"},{"taxonomy":"product_cat","embeddable":true,"href":"https:\/\/brandgioielli.it\/fr\/wp-json\/wp\/v2\/product_cat?post=104751"},{"taxonomy":"product_tag","embeddable":true,"href":"https:\/\/brandgioielli.it\/fr\/wp-json\/wp\/v2\/product_tag?post=104751"}],"curies":[{"name":"wp","href":"https:\/\/api.w.org\/{rel}","templated":true}]}}