{"id":104384,"date":"2026-02-16T15:22:19","date_gmt":"2026-02-16T14:22:19","guid":{"rendered":"https:\/\/brandgioielli.it\/?post_type=product&#038;p=104384"},"modified":"2026-04-22T14:17:09","modified_gmt":"2026-04-22T12:17:09","slug":"bracciale-5-cuori-pendenti","status":"publish","type":"product","link":"https:\/\/brandgioielli.it\/fr\/produit\/bracciale-5-cuori-pendenti\/","title":{"rendered":"Bracelet 5 pendentifs en forme de coeur"},"content":{"rendered":"<h2>Bracelet 5 pendentifs en forme de coeur<\/h2>\n<p data-start=\"518\" data-end=\"721\">Le bracelet Gioielli de la marque #Brand, orn\u00e9 de 5 c\u0153urs pendants, est un accessoire incontournable pour celles et ceux qui appr\u00e9cient un style contemporain et le souci du d\u00e9tail. Il s&#039;accorde facilement avec tous les styles\u00a0: d\u00e9contract\u00e9, \u00e9l\u00e9gant ou romantique. Disponible en acier et en PVD or, c&#039;est un accessoire discret et symbolique, id\u00e9al pour c\u00e9l\u00e9brer un \u00e9v\u00e9nement. <strong data-start=\"712\" data-end=\"741\">amour, amiti\u00e9 et affection<\/strong>. Fabriqu\u00e9 en <strong data-start=\"758\" data-end=\"787\">acier inoxydable<\/strong>, Il est durable, hypoallerg\u00e9nique et con\u00e7u pour conserver son \u00e9clat au fil du temps. Parfait comme <strong data-start=\"890\" data-end=\"915\">id\u00e9e de cadeau romantique<\/strong>, Cadeau de Saint-Valentin, d&#039;anniversaire ou pour faire plaisir.<\/p>\n<p><strong>SP\u00c9CIFICATIONS TECHNIQUES<\/strong><\/p>\n<ul>\n<li>Bracelet 5 pendentifs en forme de coeur<\/li>\n<li>Longueur : 16 cm + 3 cm de rallonge<\/li>\n<li>Finition : Acier, PVD or<\/li>\n<li>Mat\u00e9riau : acier inoxydable<\/li>\n<\/ul>\n<p><em>Tous les bijoux de la marque #Brand sont fabriqu\u00e9s \u00e0 partir de l'acier inoxydable chirurgical le plus pur du march\u00e9, test\u00e9 pour le nickel et con\u00e7u pour \u00eatre port\u00e9 tous les jours sans crainte de d\u00e9coloration ou de signes d'usure et r\u00e9sistant \u00e0 l'eau.<\/em><\/p>","protected":false},"excerpt":{"rendered":"<p>Bracciale 5 Cuori Pendenti Il bracciale con 5 cuori pendenti firmato #Brand Gioielli \u00e8 un accessorio essenziale per chi ama uno stile contemporaneo e curato nei dettagli. Si abbina facilmente a qualsiasi stile: casual, elegante o romantico. Disponibile nella versione acciaio e pvd oro, \u00e8 un accessorio discreto ma ricco di significato, ideale per celebrare [&hellip;]<\/p>\n","protected":false},"featured_media":104301,"template":"","meta":[],"product_brand":[],"product_cat":[459,20,19,507],"product_tag":[141],"class_list":{"0":"post-104384","1":"product","2":"type-product","3":"status-publish","4":"has-post-thumbnail","6":"product_cat-bracciali","7":"product_cat-bracciali-donna","8":"product_cat-donna","9":"product_cat-sotto-i-30e","10":"product_tag-collezione-love-story","12":"first","13":"instock","14":"shipping-taxable","15":"purchasable","16":"product-type-variable"},"yoast_head":"<!-- This site is optimized with the Yoast SEO plugin v27.4 - https:\/\/yoast.com\/product\/yoast-seo-wordpress\/ -->\n<title>Bracciale 5 Cuori Pendenti - #BrandGioielli<\/title>\n<meta name=\"description\" content=\"Acquista ora su Brand Gioielli: Bracciale 5 Cuori Pendenti\" \/>\n<meta name=\"robots\" content=\"index, follow, max-snippet:-1, max-image-preview:large, max-video-preview:-1\" \/>\n<link rel=\"canonical\" href=\"https:\/\/brandgioielli.it\/fr\/produit\/bracciale-5-cuori-pendenti\/\" \/>\n<meta property=\"og:locale\" content=\"fr_FR\" \/>\n<meta property=\"og:type\" content=\"article\" \/>\n<meta property=\"og:title\" content=\"Bracciale 5 Cuori Pendenti - #BrandGioielli\" \/>\n<meta property=\"og:description\" content=\"Acquista ora su Brand Gioielli: Bracciale 5 Cuori Pendenti\" \/>\n<meta property=\"og:url\" content=\"https:\/\/brandgioielli.it\/fr\/produit\/bracciale-5-cuori-pendenti\/\" \/>\n<meta property=\"og:site_name\" content=\"#BrandGioielli\" \/>\n<meta property=\"article:modified_time\" content=\"2026-04-22T12:17:09+00:00\" \/>\n<meta property=\"og:image\" content=\"https:\/\/brandgioielli.it\/wp-content\/uploads\/2026\/02\/bracciale-5-cuori-pendenti-acciaio.jpg\" \/>\n\t<meta property=\"og:image:width\" content=\"800\" \/>\n\t<meta property=\"og:image:height\" content=\"800\" \/>\n\t<meta property=\"og:image:type\" content=\"image\/jpeg\" \/>\n<meta name=\"twitter:card\" content=\"summary_large_image\" \/>\n<meta name=\"twitter:label1\" content=\"Dur\u00e9e de lecture estim\u00e9e\" \/>\n\t<meta name=\"twitter:data1\" content=\"1 minute\" \/>\n<script type=\"application\/ld+json\" class=\"yoast-schema-graph\">{\"@context\":\"https:\\\/\\\/schema.org\",\"@graph\":[{\"@type\":\"WebPage\",\"@id\":\"https:\\\/\\\/brandgioielli.it\\\/prodotto\\\/bracciale-5-cuori-pendenti\\\/\",\"url\":\"https:\\\/\\\/brandgioielli.it\\\/prodotto\\\/bracciale-5-cuori-pendenti\\\/\",\"name\":\"Bracciale 5 Cuori Pendenti - #BrandGioielli\",\"isPartOf\":{\"@id\":\"https:\\\/\\\/brandgioielli.it\\\/#website\"},\"primaryImageOfPage\":{\"@id\":\"https:\\\/\\\/brandgioielli.it\\\/prodotto\\\/bracciale-5-cuori-pendenti\\\/#primaryimage\"},\"image\":{\"@id\":\"https:\\\/\\\/brandgioielli.it\\\/prodotto\\\/bracciale-5-cuori-pendenti\\\/#primaryimage\"},\"thumbnailUrl\":\"https:\\\/\\\/brandgioielli.it\\\/wp-content\\\/uploads\\\/2026\\\/02\\\/bracciale-5-cuori-pendenti-acciaio.jpg\",\"datePublished\":\"2026-02-16T14:22:19+00:00\",\"dateModified\":\"2026-04-22T12:17:09+00:00\",\"description\":\"Acquista ora su Brand Gioielli: Bracciale 5 Cuori Pendenti\",\"breadcrumb\":{\"@id\":\"https:\\\/\\\/brandgioielli.it\\\/prodotto\\\/bracciale-5-cuori-pendenti\\\/#breadcrumb\"},\"inLanguage\":\"fr-FR\",\"potentialAction\":[{\"@type\":\"ReadAction\",\"target\":[\"https:\\\/\\\/brandgioielli.it\\\/prodotto\\\/bracciale-5-cuori-pendenti\\\/\"]}]},{\"@type\":\"ImageObject\",\"inLanguage\":\"fr-FR\",\"@id\":\"https:\\\/\\\/brandgioielli.it\\\/prodotto\\\/bracciale-5-cuori-pendenti\\\/#primaryimage\",\"url\":\"https:\\\/\\\/brandgioielli.it\\\/wp-content\\\/uploads\\\/2026\\\/02\\\/bracciale-5-cuori-pendenti-acciaio.jpg\",\"contentUrl\":\"https:\\\/\\\/brandgioielli.it\\\/wp-content\\\/uploads\\\/2026\\\/02\\\/bracciale-5-cuori-pendenti-acciaio.jpg\",\"width\":800,\"height\":800},{\"@type\":\"BreadcrumbList\",\"@id\":\"https:\\\/\\\/brandgioielli.it\\\/prodotto\\\/bracciale-5-cuori-pendenti\\\/#breadcrumb\",\"itemListElement\":[{\"@type\":\"ListItem\",\"position\":1,\"name\":\"Home\",\"item\":\"https:\\\/\\\/brandgioielli.it\\\/\"},{\"@type\":\"ListItem\",\"position\":2,\"name\":\"Shop\",\"item\":\"https:\\\/\\\/brandgioielli.it\\\/shop\\\/\"},{\"@type\":\"ListItem\",\"position\":3,\"name\":\"Bracciale 5 Cuori Pendenti\"}]},{\"@type\":\"WebSite\",\"@id\":\"https:\\\/\\\/brandgioielli.it\\\/#website\",\"url\":\"https:\\\/\\\/brandgioielli.it\\\/\",\"name\":\"#BrandGioielli\",\"description\":\"\",\"publisher\":{\"@id\":\"https:\\\/\\\/brandgioielli.it\\\/#organization\"},\"potentialAction\":[{\"@type\":\"SearchAction\",\"target\":{\"@type\":\"EntryPoint\",\"urlTemplate\":\"https:\\\/\\\/brandgioielli.it\\\/?s={search_term_string}\"},\"query-input\":{\"@type\":\"PropertyValueSpecification\",\"valueRequired\":true,\"valueName\":\"search_term_string\"}}],\"inLanguage\":\"fr-FR\"},{\"@type\":\"Organization\",\"@id\":\"https:\\\/\\\/brandgioielli.it\\\/#organization\",\"name\":\"Brand Gioielli\",\"url\":\"https:\\\/\\\/brandgioielli.it\\\/\",\"logo\":{\"@type\":\"ImageObject\",\"inLanguage\":\"fr-FR\",\"@id\":\"https:\\\/\\\/brandgioielli.it\\\/#\\\/schema\\\/logo\\\/image\\\/\",\"url\":\"https:\\\/\\\/brandgioielli.it\\\/wp-content\\\/uploads\\\/2025\\\/07\\\/LogoBrand.png\",\"contentUrl\":\"https:\\\/\\\/brandgioielli.it\\\/wp-content\\\/uploads\\\/2025\\\/07\\\/LogoBrand.png\",\"width\":600,\"height\":170,\"caption\":\"Brand Gioielli\"},\"image\":{\"@id\":\"https:\\\/\\\/brandgioielli.it\\\/#\\\/schema\\\/logo\\\/image\\\/\"}}]}<\/script>\n<!-- \/ Yoast SEO plugin. -->","yoast_head_json":{"title":"Bracelet pendentif 5 c\u0153urs - #BrandGioielli","description":"Achetez d\u00e8s maintenant chez Brand Gioielli : Bracelet pendentif 5 c\u0153urs","robots":{"index":"index","follow":"follow","max-snippet":"max-snippet:-1","max-image-preview":"max-image-preview:large","max-video-preview":"max-video-preview:-1"},"canonical":"https:\/\/brandgioielli.it\/fr\/produit\/bracciale-5-cuori-pendenti\/","og_locale":"fr_FR","og_type":"article","og_title":"Bracciale 5 Cuori Pendenti - #BrandGioielli","og_description":"Acquista ora su Brand Gioielli: Bracciale 5 Cuori Pendenti","og_url":"https:\/\/brandgioielli.it\/fr\/produit\/bracciale-5-cuori-pendenti\/","og_site_name":"#BrandGioielli","article_modified_time":"2026-04-22T12:17:09+00:00","og_image":[{"width":800,"height":800,"url":"https:\/\/brandgioielli.it\/wp-content\/uploads\/2026\/02\/bracciale-5-cuori-pendenti-acciaio.jpg","type":"image\/jpeg"}],"twitter_card":"summary_large_image","twitter_misc":{"Dur\u00e9e de lecture estim\u00e9e":"1 minute"},"schema":{"@context":"https:\/\/schema.org","@graph":[{"@type":"WebPage","@id":"https:\/\/brandgioielli.it\/prodotto\/bracciale-5-cuori-pendenti\/","url":"https:\/\/brandgioielli.it\/prodotto\/bracciale-5-cuori-pendenti\/","name":"Bracelet pendentif 5 c\u0153urs - #BrandGioielli","isPartOf":{"@id":"https:\/\/brandgioielli.it\/#website"},"primaryImageOfPage":{"@id":"https:\/\/brandgioielli.it\/prodotto\/bracciale-5-cuori-pendenti\/#primaryimage"},"image":{"@id":"https:\/\/brandgioielli.it\/prodotto\/bracciale-5-cuori-pendenti\/#primaryimage"},"thumbnailUrl":"https:\/\/brandgioielli.it\/wp-content\/uploads\/2026\/02\/bracciale-5-cuori-pendenti-acciaio.jpg","datePublished":"2026-02-16T14:22:19+00:00","dateModified":"2026-04-22T12:17:09+00:00","description":"Achetez d\u00e8s maintenant chez Brand Gioielli : Bracelet pendentif 5 c\u0153urs","breadcrumb":{"@id":"https:\/\/brandgioielli.it\/prodotto\/bracciale-5-cuori-pendenti\/#breadcrumb"},"inLanguage":"fr-FR","potentialAction":[{"@type":"ReadAction","target":["https:\/\/brandgioielli.it\/prodotto\/bracciale-5-cuori-pendenti\/"]}]},{"@type":"ImageObject","inLanguage":"fr-FR","@id":"https:\/\/brandgioielli.it\/prodotto\/bracciale-5-cuori-pendenti\/#primaryimage","url":"https:\/\/brandgioielli.it\/wp-content\/uploads\/2026\/02\/bracciale-5-cuori-pendenti-acciaio.jpg","contentUrl":"https:\/\/brandgioielli.it\/wp-content\/uploads\/2026\/02\/bracciale-5-cuori-pendenti-acciaio.jpg","width":800,"height":800},{"@type":"BreadcrumbList","@id":"https:\/\/brandgioielli.it\/prodotto\/bracciale-5-cuori-pendenti\/#breadcrumb","itemListElement":[{"@type":"ListItem","position":1,"name":"Home","item":"https:\/\/brandgioielli.it\/"},{"@type":"ListItem","position":2,"name":"Shop","item":"https:\/\/brandgioielli.it\/shop\/"},{"@type":"ListItem","position":3,"name":"Bracciale 5 Cuori Pendenti"}]},{"@type":"WebSite","@id":"https:\/\/brandgioielli.it\/#website","url":"https:\/\/brandgioielli.it\/","name":"#BrandJewellery","description":"","publisher":{"@id":"https:\/\/brandgioielli.it\/#organization"},"potentialAction":[{"@type":"SearchAction","target":{"@type":"EntryPoint","urlTemplate":"https:\/\/brandgioielli.it\/?s={search_term_string}"},"query-input":{"@type":"PropertyValueSpecification","valueRequired":true,"valueName":"search_term_string"}}],"inLanguage":"fr-FR"},{"@type":"Organization","@id":"https:\/\/brandgioielli.it\/#organization","name":"Bijoux de marque","url":"https:\/\/brandgioielli.it\/","logo":{"@type":"ImageObject","inLanguage":"fr-FR","@id":"https:\/\/brandgioielli.it\/#\/schema\/logo\/image\/","url":"https:\/\/brandgioielli.it\/wp-content\/uploads\/2025\/07\/LogoBrand.png","contentUrl":"https:\/\/brandgioielli.it\/wp-content\/uploads\/2025\/07\/LogoBrand.png","width":600,"height":170,"caption":"Brand Gioielli"},"image":{"@id":"https:\/\/brandgioielli.it\/#\/schema\/logo\/image\/"}}]}},"_links":{"self":[{"href":"https:\/\/brandgioielli.it\/fr\/wp-json\/wp\/v2\/product\/104384","targetHints":{"allow":["GET"]}}],"collection":[{"href":"https:\/\/brandgioielli.it\/fr\/wp-json\/wp\/v2\/product"}],"about":[{"href":"https:\/\/brandgioielli.it\/fr\/wp-json\/wp\/v2\/types\/product"}],"version-history":[{"count":1,"href":"https:\/\/brandgioielli.it\/fr\/wp-json\/wp\/v2\/product\/104384\/revisions"}],"predecessor-version":[{"id":104388,"href":"https:\/\/brandgioielli.it\/fr\/wp-json\/wp\/v2\/product\/104384\/revisions\/104388"}],"wp:featuredmedia":[{"embeddable":true,"href":"https:\/\/brandgioielli.it\/fr\/wp-json\/wp\/v2\/media\/104301"}],"wp:attachment":[{"href":"https:\/\/brandgioielli.it\/fr\/wp-json\/wp\/v2\/media?parent=104384"}],"wp:term":[{"taxonomy":"product_brand","embeddable":true,"href":"https:\/\/brandgioielli.it\/fr\/wp-json\/wp\/v2\/product_brand?post=104384"},{"taxonomy":"product_cat","embeddable":true,"href":"https:\/\/brandgioielli.it\/fr\/wp-json\/wp\/v2\/product_cat?post=104384"},{"taxonomy":"product_tag","embeddable":true,"href":"https:\/\/brandgioielli.it\/fr\/wp-json\/wp\/v2\/product_tag?post=104384"}],"curies":[{"name":"wp","href":"https:\/\/api.w.org\/{rel}","templated":true}]}}