{"id":104334,"date":"2026-02-16T12:48:18","date_gmt":"2026-02-16T11:48:18","guid":{"rendered":"https:\/\/brandgioielli.it\/?post_type=product&#038;p=104334"},"modified":"2026-04-21T17:17:20","modified_gmt":"2026-04-21T15:17:20","slug":"anello-veretta-cuori-bombati","status":"publish","type":"product","link":"https:\/\/brandgioielli.it\/fr\/produit\/anello-veretta-cuori-bombati\/","title":{"rendered":"Bague Veretta Hearts"},"content":{"rendered":"<h2>Bague Veretta Hearts<\/h2>\n<p data-start=\"518\" data-end=\"721\">La bague d&#039;\u00e9ternit\u00e9 orn\u00e9e de c\u0153urs incurv\u00e9s de la marque Gioielli (#Brand) est un accessoire incontournable pour celles et ceux qui appr\u00e9cient un style contemporain et le souci du d\u00e9tail. Elle s&#039;accorde facilement avec tous les styles\u00a0: d\u00e9contract\u00e9, \u00e9l\u00e9gant ou romantique. Disponible en acier et en plaqu\u00e9 or, c&#039;est un bijou discret et symbolique, id\u00e9al pour c\u00e9l\u00e9brer un \u00e9v\u00e9nement. <strong data-start=\"712\" data-end=\"741\">amour, amiti\u00e9 et affection<\/strong>. Fabriqu\u00e9 en <strong data-start=\"758\" data-end=\"787\">acier inoxydable<\/strong>, Il est durable, hypoallerg\u00e9nique et con\u00e7u pour conserver son \u00e9clat au fil du temps. Parfait comme <strong data-start=\"890\" data-end=\"915\">id\u00e9e de cadeau romantique<\/strong>, Cadeau de Saint-Valentin, d&#039;anniversaire ou pour faire plaisir.<\/p>\n<p><strong>SP\u00c9CIFICATIONS TECHNIQUES<\/strong><\/p>\n<ul>\n<li>Bague Veretta Hearts<\/li>\n<li>Disponible en tailles : 10, 12, 14, 16, 18 et 20<\/li>\n<li>Finition : Acier, PVD or<\/li>\n<li>Mat\u00e9riau : acier inoxydable<\/li>\n<\/ul>\n<p><em>Tous les bijoux de la marque #Brand sont fabriqu\u00e9s \u00e0 partir de l'acier inoxydable chirurgical le plus pur du march\u00e9, test\u00e9 pour le nickel et con\u00e7u pour \u00eatre port\u00e9 tous les jours sans crainte de d\u00e9coloration ou de signes d'usure et r\u00e9sistant \u00e0 l'eau.<\/em><\/p>","protected":false},"excerpt":{"rendered":"<p>Anello Veretta Cuori Bombati L&#8217;anello veretta con cuori bombati firmato #Brand Gioielli \u00e8 un accessorio essenziale per chi ama uno stile contemporaneo e curato nei dettagli. Si abbina facilmente a qualsiasi stile: casual, elegante o romantico. Disponibile nella versione acciaio e pvd oro, \u00e8 un accessorio discreto ma ricco di significato, ideale per celebrare amore, [&hellip;]<\/p>\n","protected":false},"featured_media":104296,"template":"","meta":[],"product_brand":[],"product_cat":[457,25,19,506],"product_tag":[141],"class_list":{"0":"post-104334","1":"product","2":"type-product","3":"status-publish","4":"has-post-thumbnail","6":"product_cat-anelli","7":"product_cat-anelli-donna","8":"product_cat-donna","9":"product_cat-sotto-i-20e","10":"product_tag-collezione-love-story","12":"first","13":"instock","14":"shipping-taxable","15":"purchasable","16":"product-type-variable"},"yoast_head":"<!-- This site is optimized with the Yoast SEO plugin v27.4 - https:\/\/yoast.com\/product\/yoast-seo-wordpress\/ -->\n<title>Anello Veretta Cuori Bombati - #BrandGioielli<\/title>\n<meta name=\"description\" content=\"Acquista ora su Brand Gioielli: Anello Veretta Cuori Bombati\" \/>\n<meta name=\"robots\" content=\"index, follow, max-snippet:-1, max-image-preview:large, max-video-preview:-1\" \/>\n<link rel=\"canonical\" href=\"https:\/\/brandgioielli.it\/fr\/produit\/anello-veretta-cuori-bombati\/\" \/>\n<meta property=\"og:locale\" content=\"fr_FR\" \/>\n<meta property=\"og:type\" content=\"article\" \/>\n<meta property=\"og:title\" content=\"Anello Veretta Cuori Bombati - #BrandGioielli\" \/>\n<meta property=\"og:description\" content=\"Acquista ora su Brand Gioielli: Anello Veretta Cuori Bombati\" \/>\n<meta property=\"og:url\" content=\"https:\/\/brandgioielli.it\/fr\/produit\/anello-veretta-cuori-bombati\/\" \/>\n<meta property=\"og:site_name\" content=\"#BrandGioielli\" \/>\n<meta property=\"article:modified_time\" content=\"2026-04-21T15:17:20+00:00\" \/>\n<meta property=\"og:image\" content=\"https:\/\/brandgioielli.it\/wp-content\/uploads\/2026\/02\/anello-fedina-cuori-acciaio.jpg\" \/>\n\t<meta property=\"og:image:width\" content=\"800\" \/>\n\t<meta property=\"og:image:height\" content=\"800\" \/>\n\t<meta property=\"og:image:type\" content=\"image\/jpeg\" \/>\n<meta name=\"twitter:card\" content=\"summary_large_image\" \/>\n<meta name=\"twitter:label1\" content=\"Dur\u00e9e de lecture estim\u00e9e\" \/>\n\t<meta name=\"twitter:data1\" content=\"1 minute\" \/>\n<script type=\"application\/ld+json\" class=\"yoast-schema-graph\">{\"@context\":\"https:\\\/\\\/schema.org\",\"@graph\":[{\"@type\":\"WebPage\",\"@id\":\"https:\\\/\\\/brandgioielli.it\\\/prodotto\\\/anello-veretta-cuori-bombati\\\/\",\"url\":\"https:\\\/\\\/brandgioielli.it\\\/prodotto\\\/anello-veretta-cuori-bombati\\\/\",\"name\":\"Anello Veretta Cuori Bombati - #BrandGioielli\",\"isPartOf\":{\"@id\":\"https:\\\/\\\/brandgioielli.it\\\/#website\"},\"primaryImageOfPage\":{\"@id\":\"https:\\\/\\\/brandgioielli.it\\\/prodotto\\\/anello-veretta-cuori-bombati\\\/#primaryimage\"},\"image\":{\"@id\":\"https:\\\/\\\/brandgioielli.it\\\/prodotto\\\/anello-veretta-cuori-bombati\\\/#primaryimage\"},\"thumbnailUrl\":\"https:\\\/\\\/brandgioielli.it\\\/wp-content\\\/uploads\\\/2026\\\/02\\\/anello-fedina-cuori-acciaio.jpg\",\"datePublished\":\"2026-02-16T11:48:18+00:00\",\"dateModified\":\"2026-04-21T15:17:20+00:00\",\"description\":\"Acquista ora su Brand Gioielli: Anello Veretta Cuori Bombati\",\"breadcrumb\":{\"@id\":\"https:\\\/\\\/brandgioielli.it\\\/prodotto\\\/anello-veretta-cuori-bombati\\\/#breadcrumb\"},\"inLanguage\":\"fr-FR\",\"potentialAction\":[{\"@type\":\"ReadAction\",\"target\":[\"https:\\\/\\\/brandgioielli.it\\\/prodotto\\\/anello-veretta-cuori-bombati\\\/\"]}]},{\"@type\":\"ImageObject\",\"inLanguage\":\"fr-FR\",\"@id\":\"https:\\\/\\\/brandgioielli.it\\\/prodotto\\\/anello-veretta-cuori-bombati\\\/#primaryimage\",\"url\":\"https:\\\/\\\/brandgioielli.it\\\/wp-content\\\/uploads\\\/2026\\\/02\\\/anello-fedina-cuori-acciaio.jpg\",\"contentUrl\":\"https:\\\/\\\/brandgioielli.it\\\/wp-content\\\/uploads\\\/2026\\\/02\\\/anello-fedina-cuori-acciaio.jpg\",\"width\":800,\"height\":800},{\"@type\":\"BreadcrumbList\",\"@id\":\"https:\\\/\\\/brandgioielli.it\\\/prodotto\\\/anello-veretta-cuori-bombati\\\/#breadcrumb\",\"itemListElement\":[{\"@type\":\"ListItem\",\"position\":1,\"name\":\"Home\",\"item\":\"https:\\\/\\\/brandgioielli.it\\\/\"},{\"@type\":\"ListItem\",\"position\":2,\"name\":\"Shop\",\"item\":\"https:\\\/\\\/brandgioielli.it\\\/shop\\\/\"},{\"@type\":\"ListItem\",\"position\":3,\"name\":\"Anello Veretta Cuori Bombati\"}]},{\"@type\":\"WebSite\",\"@id\":\"https:\\\/\\\/brandgioielli.it\\\/#website\",\"url\":\"https:\\\/\\\/brandgioielli.it\\\/\",\"name\":\"#BrandGioielli\",\"description\":\"\",\"publisher\":{\"@id\":\"https:\\\/\\\/brandgioielli.it\\\/#organization\"},\"potentialAction\":[{\"@type\":\"SearchAction\",\"target\":{\"@type\":\"EntryPoint\",\"urlTemplate\":\"https:\\\/\\\/brandgioielli.it\\\/?s={search_term_string}\"},\"query-input\":{\"@type\":\"PropertyValueSpecification\",\"valueRequired\":true,\"valueName\":\"search_term_string\"}}],\"inLanguage\":\"fr-FR\"},{\"@type\":\"Organization\",\"@id\":\"https:\\\/\\\/brandgioielli.it\\\/#organization\",\"name\":\"Brand Gioielli\",\"url\":\"https:\\\/\\\/brandgioielli.it\\\/\",\"logo\":{\"@type\":\"ImageObject\",\"inLanguage\":\"fr-FR\",\"@id\":\"https:\\\/\\\/brandgioielli.it\\\/#\\\/schema\\\/logo\\\/image\\\/\",\"url\":\"https:\\\/\\\/brandgioielli.it\\\/wp-content\\\/uploads\\\/2025\\\/07\\\/LogoBrand.png\",\"contentUrl\":\"https:\\\/\\\/brandgioielli.it\\\/wp-content\\\/uploads\\\/2025\\\/07\\\/LogoBrand.png\",\"width\":600,\"height\":170,\"caption\":\"Brand Gioielli\"},\"image\":{\"@id\":\"https:\\\/\\\/brandgioielli.it\\\/#\\\/schema\\\/logo\\\/image\\\/\"}}]}<\/script>\n<!-- \/ Yoast SEO plugin. -->","yoast_head_json":{"title":"Anello Veretta Cuori Bombati - #BrandGioielli","description":"Acquista ora su Brand Gioielli: Anello Veretta Cuori Bombati","robots":{"index":"index","follow":"follow","max-snippet":"max-snippet:-1","max-image-preview":"max-image-preview:large","max-video-preview":"max-video-preview:-1"},"canonical":"https:\/\/brandgioielli.it\/fr\/produit\/anello-veretta-cuori-bombati\/","og_locale":"fr_FR","og_type":"article","og_title":"Anello Veretta Cuori Bombati - #BrandGioielli","og_description":"Acquista ora su Brand Gioielli: Anello Veretta Cuori Bombati","og_url":"https:\/\/brandgioielli.it\/fr\/produit\/anello-veretta-cuori-bombati\/","og_site_name":"#BrandGioielli","article_modified_time":"2026-04-21T15:17:20+00:00","og_image":[{"width":800,"height":800,"url":"https:\/\/brandgioielli.it\/wp-content\/uploads\/2026\/02\/anello-fedina-cuori-acciaio.jpg","type":"image\/jpeg"}],"twitter_card":"summary_large_image","twitter_misc":{"Dur\u00e9e de lecture estim\u00e9e":"1 minute"},"schema":{"@context":"https:\/\/schema.org","@graph":[{"@type":"WebPage","@id":"https:\/\/brandgioielli.it\/prodotto\/anello-veretta-cuori-bombati\/","url":"https:\/\/brandgioielli.it\/prodotto\/anello-veretta-cuori-bombati\/","name":"Anello Veretta Cuori Bombati - #BrandGioielli","isPartOf":{"@id":"https:\/\/brandgioielli.it\/#website"},"primaryImageOfPage":{"@id":"https:\/\/brandgioielli.it\/prodotto\/anello-veretta-cuori-bombati\/#primaryimage"},"image":{"@id":"https:\/\/brandgioielli.it\/prodotto\/anello-veretta-cuori-bombati\/#primaryimage"},"thumbnailUrl":"https:\/\/brandgioielli.it\/wp-content\/uploads\/2026\/02\/anello-fedina-cuori-acciaio.jpg","datePublished":"2026-02-16T11:48:18+00:00","dateModified":"2026-04-21T15:17:20+00:00","description":"Acquista ora su Brand Gioielli: Anello Veretta Cuori Bombati","breadcrumb":{"@id":"https:\/\/brandgioielli.it\/prodotto\/anello-veretta-cuori-bombati\/#breadcrumb"},"inLanguage":"fr-FR","potentialAction":[{"@type":"ReadAction","target":["https:\/\/brandgioielli.it\/prodotto\/anello-veretta-cuori-bombati\/"]}]},{"@type":"ImageObject","inLanguage":"fr-FR","@id":"https:\/\/brandgioielli.it\/prodotto\/anello-veretta-cuori-bombati\/#primaryimage","url":"https:\/\/brandgioielli.it\/wp-content\/uploads\/2026\/02\/anello-fedina-cuori-acciaio.jpg","contentUrl":"https:\/\/brandgioielli.it\/wp-content\/uploads\/2026\/02\/anello-fedina-cuori-acciaio.jpg","width":800,"height":800},{"@type":"BreadcrumbList","@id":"https:\/\/brandgioielli.it\/prodotto\/anello-veretta-cuori-bombati\/#breadcrumb","itemListElement":[{"@type":"ListItem","position":1,"name":"Home","item":"https:\/\/brandgioielli.it\/"},{"@type":"ListItem","position":2,"name":"Shop","item":"https:\/\/brandgioielli.it\/shop\/"},{"@type":"ListItem","position":3,"name":"Anello Veretta Cuori Bombati"}]},{"@type":"WebSite","@id":"https:\/\/brandgioielli.it\/#website","url":"https:\/\/brandgioielli.it\/","name":"#BrandJewellery","description":"","publisher":{"@id":"https:\/\/brandgioielli.it\/#organization"},"potentialAction":[{"@type":"SearchAction","target":{"@type":"EntryPoint","urlTemplate":"https:\/\/brandgioielli.it\/?s={search_term_string}"},"query-input":{"@type":"PropertyValueSpecification","valueRequired":true,"valueName":"search_term_string"}}],"inLanguage":"fr-FR"},{"@type":"Organization","@id":"https:\/\/brandgioielli.it\/#organization","name":"Bijoux de marque","url":"https:\/\/brandgioielli.it\/","logo":{"@type":"ImageObject","inLanguage":"fr-FR","@id":"https:\/\/brandgioielli.it\/#\/schema\/logo\/image\/","url":"https:\/\/brandgioielli.it\/wp-content\/uploads\/2025\/07\/LogoBrand.png","contentUrl":"https:\/\/brandgioielli.it\/wp-content\/uploads\/2025\/07\/LogoBrand.png","width":600,"height":170,"caption":"Brand Gioielli"},"image":{"@id":"https:\/\/brandgioielli.it\/#\/schema\/logo\/image\/"}}]}},"_links":{"self":[{"href":"https:\/\/brandgioielli.it\/fr\/wp-json\/wp\/v2\/product\/104334","targetHints":{"allow":["GET"]}}],"collection":[{"href":"https:\/\/brandgioielli.it\/fr\/wp-json\/wp\/v2\/product"}],"about":[{"href":"https:\/\/brandgioielli.it\/fr\/wp-json\/wp\/v2\/types\/product"}],"version-history":[{"count":1,"href":"https:\/\/brandgioielli.it\/fr\/wp-json\/wp\/v2\/product\/104334\/revisions"}],"predecessor-version":[{"id":104349,"href":"https:\/\/brandgioielli.it\/fr\/wp-json\/wp\/v2\/product\/104334\/revisions\/104349"}],"wp:featuredmedia":[{"embeddable":true,"href":"https:\/\/brandgioielli.it\/fr\/wp-json\/wp\/v2\/media\/104296"}],"wp:attachment":[{"href":"https:\/\/brandgioielli.it\/fr\/wp-json\/wp\/v2\/media?parent=104334"}],"wp:term":[{"taxonomy":"product_brand","embeddable":true,"href":"https:\/\/brandgioielli.it\/fr\/wp-json\/wp\/v2\/product_brand?post=104334"},{"taxonomy":"product_cat","embeddable":true,"href":"https:\/\/brandgioielli.it\/fr\/wp-json\/wp\/v2\/product_cat?post=104334"},{"taxonomy":"product_tag","embeddable":true,"href":"https:\/\/brandgioielli.it\/fr\/wp-json\/wp\/v2\/product_tag?post=104334"}],"curies":[{"name":"wp","href":"https:\/\/api.w.org\/{rel}","templated":true}]}}