{"id":103148,"date":"2026-01-27T16:32:44","date_gmt":"2026-01-27T15:32:44","guid":{"rendered":"https:\/\/brandgioielli.it\/?post_type=product&#038;p=103148"},"modified":"2026-04-20T18:17:42","modified_gmt":"2026-04-20T16:17:42","slug":"charm-segno-zodiacale-pesci","status":"publish","type":"product","link":"https:\/\/brandgioielli.it\/fr\/produit\/charm-segno-zodiacale-pesci\/","title":{"rendered":"Charme du signe astrologique des Poissons"},"content":{"rendered":"<h2><strong>Charme du signe astrologique des Poissons<\/strong><\/h2>\n<p>Le charm Poissons de la marque #Brand Gioielli se distingue par son design audacieux et \u00e9pur\u00e9. Sa forme graphique, nette et reconnaissable entre toutes, exprime force, \u00e9nergie et personnalit\u00e9. Les lignes \u00e9pur\u00e9es et la surface lisse d\u00e9finissent un style moderne et contemporain, sublim\u00e9 par l&#039;\u00e9clat de l&#039;acier inoxydable et de l&#039;acier PVD dor\u00e9. Dot\u00e9 d&#039;un fermoir mousqueton de 5 mm, il se marie parfaitement avec les bracelets et les colliers pour cr\u00e9er des parures personnalis\u00e9es. Sans le fermoir, il peut \u00e9galement se porter avec des cr\u00e9oles, faisant de ce charm un accessoire polyvalent, id\u00e9al au quotidien pour affirmer son style.<\/p>\n<p><strong>SP\u00c9CIFICATIONS TECHNIQUES<\/strong><\/p>\n<ul>\n<li>Charme du signe astrologique des Poissons<\/li>\n<li>Taille du pendentif : 15 mm<\/li>\n<li>Finition : Acier ou PVD or<\/li>\n<li>Mat\u00e9riaux\u00a0: Acier inoxydable, \u00e9mail<\/li>\n<\/ul>\n<p><em>Tous les bijoux de la marque #Brand sont fabriqu\u00e9s \u00e0 partir de l'acier inoxydable chirurgical le plus pur du march\u00e9, test\u00e9 pour le nickel et con\u00e7u pour \u00eatre port\u00e9 tous les jours sans crainte de d\u00e9coloration ou de signes d'usure.<\/em><\/p>","protected":false},"excerpt":{"rendered":"<p>Charm Segno Zodiacale Pesci Il charm del segno zodiacale dei pesci firmato #Brand Gioielli si distingue per il suo design deciso ed essenziale, caratterizzato da una forma grafica pulita e riconoscibile, che esprime forza, energia e personalit\u00e0. Le linee nette e la superficie liscia definiscono uno stile moderno e contemporaneo, esaltato dalla brillantezza dell\u2019acciaio e [&hellip;]<\/p>\n","protected":false},"featured_media":103150,"template":"","meta":[],"product_brand":[],"product_cat":[22,471,474,19,505,39],"product_tag":[30],"class_list":{"0":"post-103148","1":"product","2":"type-product","3":"status-publish","4":"has-post-thumbnail","6":"product_cat-charm","7":"product_cat-charms","8":"product_cat-componibili","9":"product_cat-donna","10":"product_cat-sotto-i-10e","11":"product_cat-uomo","12":"product_tag-collezione-zodiaco","14":"first","15":"instock","16":"shipping-taxable","17":"purchasable","18":"product-type-variable"},"yoast_head":"<!-- This site is optimized with the Yoast SEO plugin v27.4 - https:\/\/yoast.com\/product\/yoast-seo-wordpress\/ -->\n<title>Charm Segno Zodiacale Pesci - #BrandGioielli<\/title>\n<meta name=\"description\" content=\"Acquista ora su Brand Gioielli: Charm Segno Zodiacale Pesci\" \/>\n<meta name=\"robots\" content=\"index, follow, max-snippet:-1, max-image-preview:large, max-video-preview:-1\" \/>\n<link rel=\"canonical\" href=\"https:\/\/brandgioielli.it\/fr\/produit\/charm-segno-zodiacale-pesci\/\" \/>\n<meta property=\"og:locale\" content=\"fr_FR\" \/>\n<meta property=\"og:type\" content=\"article\" \/>\n<meta property=\"og:title\" content=\"Charm Segno Zodiacale Pesci - #BrandGioielli\" \/>\n<meta property=\"og:description\" content=\"Acquista ora su Brand Gioielli: Charm Segno Zodiacale Pesci\" \/>\n<meta property=\"og:url\" content=\"https:\/\/brandgioielli.it\/fr\/produit\/charm-segno-zodiacale-pesci\/\" \/>\n<meta property=\"og:site_name\" content=\"#BrandGioielli\" \/>\n<meta property=\"article:modified_time\" content=\"2026-04-20T16:17:42+00:00\" \/>\n<meta property=\"og:image\" content=\"https:\/\/brandgioielli.it\/wp-content\/uploads\/2026\/01\/charm-pesci-acciaio.jpg\" \/>\n\t<meta property=\"og:image:width\" content=\"800\" \/>\n\t<meta property=\"og:image:height\" content=\"800\" \/>\n\t<meta property=\"og:image:type\" content=\"image\/jpeg\" \/>\n<meta name=\"twitter:card\" content=\"summary_large_image\" \/>\n<meta name=\"twitter:label1\" content=\"Dur\u00e9e de lecture estim\u00e9e\" \/>\n\t<meta name=\"twitter:data1\" content=\"2 minutes\" \/>\n<script type=\"application\/ld+json\" class=\"yoast-schema-graph\">{\"@context\":\"https:\\\/\\\/schema.org\",\"@graph\":[{\"@type\":\"WebPage\",\"@id\":\"https:\\\/\\\/brandgioielli.it\\\/prodotto\\\/charm-segno-zodiacale-pesci\\\/\",\"url\":\"https:\\\/\\\/brandgioielli.it\\\/prodotto\\\/charm-segno-zodiacale-pesci\\\/\",\"name\":\"Charm Segno Zodiacale Pesci - #BrandGioielli\",\"isPartOf\":{\"@id\":\"https:\\\/\\\/brandgioielli.it\\\/#website\"},\"primaryImageOfPage\":{\"@id\":\"https:\\\/\\\/brandgioielli.it\\\/prodotto\\\/charm-segno-zodiacale-pesci\\\/#primaryimage\"},\"image\":{\"@id\":\"https:\\\/\\\/brandgioielli.it\\\/prodotto\\\/charm-segno-zodiacale-pesci\\\/#primaryimage\"},\"thumbnailUrl\":\"https:\\\/\\\/brandgioielli.it\\\/wp-content\\\/uploads\\\/2026\\\/01\\\/charm-pesci-acciaio.jpg\",\"datePublished\":\"2026-01-27T15:32:44+00:00\",\"dateModified\":\"2026-04-20T16:17:42+00:00\",\"description\":\"Acquista ora su Brand Gioielli: Charm Segno Zodiacale Pesci\",\"breadcrumb\":{\"@id\":\"https:\\\/\\\/brandgioielli.it\\\/prodotto\\\/charm-segno-zodiacale-pesci\\\/#breadcrumb\"},\"inLanguage\":\"fr-FR\",\"potentialAction\":[{\"@type\":\"ReadAction\",\"target\":[\"https:\\\/\\\/brandgioielli.it\\\/prodotto\\\/charm-segno-zodiacale-pesci\\\/\"]}]},{\"@type\":\"ImageObject\",\"inLanguage\":\"fr-FR\",\"@id\":\"https:\\\/\\\/brandgioielli.it\\\/prodotto\\\/charm-segno-zodiacale-pesci\\\/#primaryimage\",\"url\":\"https:\\\/\\\/brandgioielli.it\\\/wp-content\\\/uploads\\\/2026\\\/01\\\/charm-pesci-acciaio.jpg\",\"contentUrl\":\"https:\\\/\\\/brandgioielli.it\\\/wp-content\\\/uploads\\\/2026\\\/01\\\/charm-pesci-acciaio.jpg\",\"width\":800,\"height\":800},{\"@type\":\"BreadcrumbList\",\"@id\":\"https:\\\/\\\/brandgioielli.it\\\/prodotto\\\/charm-segno-zodiacale-pesci\\\/#breadcrumb\",\"itemListElement\":[{\"@type\":\"ListItem\",\"position\":1,\"name\":\"Home\",\"item\":\"https:\\\/\\\/brandgioielli.it\\\/\"},{\"@type\":\"ListItem\",\"position\":2,\"name\":\"Shop\",\"item\":\"https:\\\/\\\/brandgioielli.it\\\/shop\\\/\"},{\"@type\":\"ListItem\",\"position\":3,\"name\":\"Charm Segno Zodiacale Pesci\"}]},{\"@type\":\"WebSite\",\"@id\":\"https:\\\/\\\/brandgioielli.it\\\/#website\",\"url\":\"https:\\\/\\\/brandgioielli.it\\\/\",\"name\":\"#BrandGioielli\",\"description\":\"\",\"publisher\":{\"@id\":\"https:\\\/\\\/brandgioielli.it\\\/#organization\"},\"potentialAction\":[{\"@type\":\"SearchAction\",\"target\":{\"@type\":\"EntryPoint\",\"urlTemplate\":\"https:\\\/\\\/brandgioielli.it\\\/?s={search_term_string}\"},\"query-input\":{\"@type\":\"PropertyValueSpecification\",\"valueRequired\":true,\"valueName\":\"search_term_string\"}}],\"inLanguage\":\"fr-FR\"},{\"@type\":\"Organization\",\"@id\":\"https:\\\/\\\/brandgioielli.it\\\/#organization\",\"name\":\"Brand Gioielli\",\"url\":\"https:\\\/\\\/brandgioielli.it\\\/\",\"logo\":{\"@type\":\"ImageObject\",\"inLanguage\":\"fr-FR\",\"@id\":\"https:\\\/\\\/brandgioielli.it\\\/#\\\/schema\\\/logo\\\/image\\\/\",\"url\":\"https:\\\/\\\/brandgioielli.it\\\/wp-content\\\/uploads\\\/2025\\\/07\\\/LogoBrand.png\",\"contentUrl\":\"https:\\\/\\\/brandgioielli.it\\\/wp-content\\\/uploads\\\/2025\\\/07\\\/LogoBrand.png\",\"width\":600,\"height\":170,\"caption\":\"Brand Gioielli\"},\"image\":{\"@id\":\"https:\\\/\\\/brandgioielli.it\\\/#\\\/schema\\\/logo\\\/image\\\/\"}}]}<\/script>\n<!-- \/ Yoast SEO plugin. -->","yoast_head_json":{"title":"Charm Segno Zodiacale Pesci - #BrandGioielli","description":"Acquista ora su Brand Gioielli: Charm Segno Zodiacale Pesci","robots":{"index":"index","follow":"follow","max-snippet":"max-snippet:-1","max-image-preview":"max-image-preview:large","max-video-preview":"max-video-preview:-1"},"canonical":"https:\/\/brandgioielli.it\/fr\/produit\/charm-segno-zodiacale-pesci\/","og_locale":"fr_FR","og_type":"article","og_title":"Charm Segno Zodiacale Pesci - #BrandGioielli","og_description":"Acquista ora su Brand Gioielli: Charm Segno Zodiacale Pesci","og_url":"https:\/\/brandgioielli.it\/fr\/produit\/charm-segno-zodiacale-pesci\/","og_site_name":"#BrandGioielli","article_modified_time":"2026-04-20T16:17:42+00:00","og_image":[{"width":800,"height":800,"url":"https:\/\/brandgioielli.it\/wp-content\/uploads\/2026\/01\/charm-pesci-acciaio.jpg","type":"image\/jpeg"}],"twitter_card":"summary_large_image","twitter_misc":{"Dur\u00e9e de lecture estim\u00e9e":"2 minutes"},"schema":{"@context":"https:\/\/schema.org","@graph":[{"@type":"WebPage","@id":"https:\/\/brandgioielli.it\/prodotto\/charm-segno-zodiacale-pesci\/","url":"https:\/\/brandgioielli.it\/prodotto\/charm-segno-zodiacale-pesci\/","name":"Charm Segno Zodiacale Pesci - #BrandGioielli","isPartOf":{"@id":"https:\/\/brandgioielli.it\/#website"},"primaryImageOfPage":{"@id":"https:\/\/brandgioielli.it\/prodotto\/charm-segno-zodiacale-pesci\/#primaryimage"},"image":{"@id":"https:\/\/brandgioielli.it\/prodotto\/charm-segno-zodiacale-pesci\/#primaryimage"},"thumbnailUrl":"https:\/\/brandgioielli.it\/wp-content\/uploads\/2026\/01\/charm-pesci-acciaio.jpg","datePublished":"2026-01-27T15:32:44+00:00","dateModified":"2026-04-20T16:17:42+00:00","description":"Acquista ora su Brand Gioielli: Charm Segno Zodiacale Pesci","breadcrumb":{"@id":"https:\/\/brandgioielli.it\/prodotto\/charm-segno-zodiacale-pesci\/#breadcrumb"},"inLanguage":"fr-FR","potentialAction":[{"@type":"ReadAction","target":["https:\/\/brandgioielli.it\/prodotto\/charm-segno-zodiacale-pesci\/"]}]},{"@type":"ImageObject","inLanguage":"fr-FR","@id":"https:\/\/brandgioielli.it\/prodotto\/charm-segno-zodiacale-pesci\/#primaryimage","url":"https:\/\/brandgioielli.it\/wp-content\/uploads\/2026\/01\/charm-pesci-acciaio.jpg","contentUrl":"https:\/\/brandgioielli.it\/wp-content\/uploads\/2026\/01\/charm-pesci-acciaio.jpg","width":800,"height":800},{"@type":"BreadcrumbList","@id":"https:\/\/brandgioielli.it\/prodotto\/charm-segno-zodiacale-pesci\/#breadcrumb","itemListElement":[{"@type":"ListItem","position":1,"name":"Home","item":"https:\/\/brandgioielli.it\/"},{"@type":"ListItem","position":2,"name":"Shop","item":"https:\/\/brandgioielli.it\/shop\/"},{"@type":"ListItem","position":3,"name":"Charm Segno Zodiacale Pesci"}]},{"@type":"WebSite","@id":"https:\/\/brandgioielli.it\/#website","url":"https:\/\/brandgioielli.it\/","name":"#BrandJewellery","description":"","publisher":{"@id":"https:\/\/brandgioielli.it\/#organization"},"potentialAction":[{"@type":"SearchAction","target":{"@type":"EntryPoint","urlTemplate":"https:\/\/brandgioielli.it\/?s={search_term_string}"},"query-input":{"@type":"PropertyValueSpecification","valueRequired":true,"valueName":"search_term_string"}}],"inLanguage":"fr-FR"},{"@type":"Organization","@id":"https:\/\/brandgioielli.it\/#organization","name":"Bijoux de marque","url":"https:\/\/brandgioielli.it\/","logo":{"@type":"ImageObject","inLanguage":"fr-FR","@id":"https:\/\/brandgioielli.it\/#\/schema\/logo\/image\/","url":"https:\/\/brandgioielli.it\/wp-content\/uploads\/2025\/07\/LogoBrand.png","contentUrl":"https:\/\/brandgioielli.it\/wp-content\/uploads\/2025\/07\/LogoBrand.png","width":600,"height":170,"caption":"Brand Gioielli"},"image":{"@id":"https:\/\/brandgioielli.it\/#\/schema\/logo\/image\/"}}]}},"_links":{"self":[{"href":"https:\/\/brandgioielli.it\/fr\/wp-json\/wp\/v2\/product\/103148","targetHints":{"allow":["GET"]}}],"collection":[{"href":"https:\/\/brandgioielli.it\/fr\/wp-json\/wp\/v2\/product"}],"about":[{"href":"https:\/\/brandgioielli.it\/fr\/wp-json\/wp\/v2\/types\/product"}],"version-history":[{"count":1,"href":"https:\/\/brandgioielli.it\/fr\/wp-json\/wp\/v2\/product\/103148\/revisions"}],"predecessor-version":[{"id":103149,"href":"https:\/\/brandgioielli.it\/fr\/wp-json\/wp\/v2\/product\/103148\/revisions\/103149"}],"wp:featuredmedia":[{"embeddable":true,"href":"https:\/\/brandgioielli.it\/fr\/wp-json\/wp\/v2\/media\/103150"}],"wp:attachment":[{"href":"https:\/\/brandgioielli.it\/fr\/wp-json\/wp\/v2\/media?parent=103148"}],"wp:term":[{"taxonomy":"product_brand","embeddable":true,"href":"https:\/\/brandgioielli.it\/fr\/wp-json\/wp\/v2\/product_brand?post=103148"},{"taxonomy":"product_cat","embeddable":true,"href":"https:\/\/brandgioielli.it\/fr\/wp-json\/wp\/v2\/product_cat?post=103148"},{"taxonomy":"product_tag","embeddable":true,"href":"https:\/\/brandgioielli.it\/fr\/wp-json\/wp\/v2\/product_tag?post=103148"}],"curies":[{"name":"wp","href":"https:\/\/api.w.org\/{rel}","templated":true}]}}