{"id":102751,"date":"2026-01-19T17:06:10","date_gmt":"2026-01-19T16:06:10","guid":{"rendered":"https:\/\/sandybrown-lark-277155.hostingersite.com\/?post_type=product&#038;p=102751"},"modified":"2026-04-17T18:17:54","modified_gmt":"2026-04-17T16:17:54","slug":"cavigliera-con-cristalli-pendenti","status":"publish","type":"product","link":"https:\/\/brandgioielli.it\/fr\/produit\/cavigliera-con-cristalli-pendenti\/","title":{"rendered":"Cheville avec pendentif en cristal"},"content":{"rendered":"<h2>Bracelet de cheville avec cristaux suspendus<\/h2>\n<p>Le bracelet de cheville orn\u00e9 de cristaux pendants de la marque #Brand Gioielli est le d\u00e9tail parfait pour exprimer f\u00e9minit\u00e9 et style en toute simplicit\u00e9. Fabriqu\u00e9 en <strong data-start=\"489\" data-end=\"518\">acier inoxydable<\/strong>, Ce bracelet de cheville est parfait au quotidien, m\u00eame en \u00e9t\u00e9. Orn\u00e9 de petits pendentifs qui bougent d\u00e9licatement \u00e0 chaque pas, il cr\u00e9e un jeu de lumi\u00e8re subtil et saisissant. \u00c9l\u00e9gant et intemporel, il se porte aussi bien avec des sandales, des baskets ou pieds nus pour un look frais et raffin\u00e9.<\/p>\n<p><strong>SP\u00c9CIFICATIONS TECHNIQUES<\/strong><\/p>\n<ul>\n<li>Cheville avec pendentif en cristal<\/li>\n<li>Longueur : 21 cm + 5 cm de rallonge<\/li>\n<li>Finition : Acier, PVD or<\/li>\n<li>Mati\u00e8re : Acier inoxydable, cristaux<\/li>\n<\/ul>\n<p><em>Tous les bijoux de la marque #Brand sont fabriqu\u00e9s \u00e0 partir de l'acier inoxydable chirurgical le plus pur du march\u00e9, test\u00e9 pour le nickel et con\u00e7u pour \u00eatre port\u00e9 tous les jours sans crainte de d\u00e9coloration ou de signes d'usure et r\u00e9sistant \u00e0 l'eau.<\/em><\/p>","protected":false},"excerpt":{"rendered":"<p>Cavigliera con Cristalli Pendenti La cavigliera con cristalli pendenti firmata #Brand Gioielli \u00e8 il dettaglio perfetto per esprimere femminilit\u00e0 e stile con semplicit\u00e0. Realizzata in acciaio inossidabile, \u00e8 perfetta per essere indossata ogni giorno, anche durante l\u2019estate. Impreziosita da piccoli pendenti che si muovono delicatamente ad ogni passo, creando un gioco di luce discreto ma [&hellip;]<\/p>\n","protected":false},"featured_media":102553,"template":"","meta":[],"product_brand":[],"product_cat":[59,470,19,507],"product_tag":[142],"class_list":{"0":"post-102751","1":"product","2":"type-product","3":"status-publish","4":"has-post-thumbnail","6":"product_cat-cavigliere","7":"product_cat-cavigliere-2","8":"product_cat-donna","9":"product_cat-sotto-i-30e","10":"product_tag-collezione-calypso","12":"first","13":"instock","14":"shipping-taxable","15":"purchasable","16":"product-type-variable"},"yoast_head":"<!-- This site is optimized with the Yoast SEO plugin v27.4 - https:\/\/yoast.com\/product\/yoast-seo-wordpress\/ -->\n<title>Cavigliera Cristalli Pendenti - #BrandGioielli<\/title>\n<meta name=\"description\" content=\"Acquista ora su Brand Gioielli: Cavigliera Cristalli Pendenti\" \/>\n<meta name=\"robots\" content=\"index, follow, max-snippet:-1, max-image-preview:large, max-video-preview:-1\" \/>\n<link rel=\"canonical\" href=\"https:\/\/brandgioielli.it\/fr\/produit\/cavigliera-con-cristalli-pendenti\/\" \/>\n<meta property=\"og:locale\" content=\"fr_FR\" \/>\n<meta property=\"og:type\" content=\"article\" \/>\n<meta property=\"og:title\" content=\"Cavigliera Cristalli Pendenti - #BrandGioielli\" \/>\n<meta property=\"og:description\" content=\"Acquista ora su Brand Gioielli: Cavigliera Cristalli Pendenti\" \/>\n<meta property=\"og:url\" content=\"https:\/\/brandgioielli.it\/fr\/produit\/cavigliera-con-cristalli-pendenti\/\" \/>\n<meta property=\"og:site_name\" content=\"#BrandGioielli\" \/>\n<meta property=\"article:modified_time\" content=\"2026-04-17T16:17:54+00:00\" \/>\n<meta property=\"og:image\" content=\"http:\/\/brandgioielli.it\/wp-content\/uploads\/2026\/01\/cavigliera-cristalli-bianchi.jpg\" \/>\n\t<meta property=\"og:image:width\" content=\"800\" \/>\n\t<meta property=\"og:image:height\" content=\"800\" \/>\n\t<meta property=\"og:image:type\" content=\"image\/jpeg\" \/>\n<meta name=\"twitter:card\" content=\"summary_large_image\" \/>\n<meta name=\"twitter:label1\" content=\"Dur\u00e9e de lecture estim\u00e9e\" \/>\n\t<meta name=\"twitter:data1\" content=\"1 minute\" \/>\n<script type=\"application\/ld+json\" class=\"yoast-schema-graph\">{\"@context\":\"https:\\\/\\\/schema.org\",\"@graph\":[{\"@type\":\"WebPage\",\"@id\":\"https:\\\/\\\/brandgioielli.it\\\/prodotto\\\/cavigliera-con-cristalli-pendenti\\\/\",\"url\":\"https:\\\/\\\/brandgioielli.it\\\/prodotto\\\/cavigliera-con-cristalli-pendenti\\\/\",\"name\":\"Cavigliera Cristalli Pendenti - #BrandGioielli\",\"isPartOf\":{\"@id\":\"https:\\\/\\\/brandgioielli.it\\\/#website\"},\"primaryImageOfPage\":{\"@id\":\"https:\\\/\\\/brandgioielli.it\\\/prodotto\\\/cavigliera-con-cristalli-pendenti\\\/#primaryimage\"},\"image\":{\"@id\":\"https:\\\/\\\/brandgioielli.it\\\/prodotto\\\/cavigliera-con-cristalli-pendenti\\\/#primaryimage\"},\"thumbnailUrl\":\"https:\\\/\\\/brandgioielli.it\\\/wp-content\\\/uploads\\\/2026\\\/01\\\/cavigliera-cristalli-bianchi.jpg\",\"datePublished\":\"2026-01-19T16:06:10+00:00\",\"dateModified\":\"2026-04-17T16:17:54+00:00\",\"description\":\"Acquista ora su Brand Gioielli: Cavigliera Cristalli Pendenti\",\"breadcrumb\":{\"@id\":\"https:\\\/\\\/brandgioielli.it\\\/prodotto\\\/cavigliera-con-cristalli-pendenti\\\/#breadcrumb\"},\"inLanguage\":\"fr-FR\",\"potentialAction\":[{\"@type\":\"ReadAction\",\"target\":[\"https:\\\/\\\/brandgioielli.it\\\/prodotto\\\/cavigliera-con-cristalli-pendenti\\\/\"]}]},{\"@type\":\"ImageObject\",\"inLanguage\":\"fr-FR\",\"@id\":\"https:\\\/\\\/brandgioielli.it\\\/prodotto\\\/cavigliera-con-cristalli-pendenti\\\/#primaryimage\",\"url\":\"https:\\\/\\\/brandgioielli.it\\\/wp-content\\\/uploads\\\/2026\\\/01\\\/cavigliera-cristalli-bianchi.jpg\",\"contentUrl\":\"https:\\\/\\\/brandgioielli.it\\\/wp-content\\\/uploads\\\/2026\\\/01\\\/cavigliera-cristalli-bianchi.jpg\",\"width\":800,\"height\":800},{\"@type\":\"BreadcrumbList\",\"@id\":\"https:\\\/\\\/brandgioielli.it\\\/prodotto\\\/cavigliera-con-cristalli-pendenti\\\/#breadcrumb\",\"itemListElement\":[{\"@type\":\"ListItem\",\"position\":1,\"name\":\"Home\",\"item\":\"https:\\\/\\\/brandgioielli.it\\\/\"},{\"@type\":\"ListItem\",\"position\":2,\"name\":\"Shop\",\"item\":\"https:\\\/\\\/brandgioielli.it\\\/shop\\\/\"},{\"@type\":\"ListItem\",\"position\":3,\"name\":\"Cavigliera Cristalli Pendenti\"}]},{\"@type\":\"WebSite\",\"@id\":\"https:\\\/\\\/brandgioielli.it\\\/#website\",\"url\":\"https:\\\/\\\/brandgioielli.it\\\/\",\"name\":\"#BrandGioielli\",\"description\":\"\",\"publisher\":{\"@id\":\"https:\\\/\\\/brandgioielli.it\\\/#organization\"},\"potentialAction\":[{\"@type\":\"SearchAction\",\"target\":{\"@type\":\"EntryPoint\",\"urlTemplate\":\"https:\\\/\\\/brandgioielli.it\\\/?s={search_term_string}\"},\"query-input\":{\"@type\":\"PropertyValueSpecification\",\"valueRequired\":true,\"valueName\":\"search_term_string\"}}],\"inLanguage\":\"fr-FR\"},{\"@type\":\"Organization\",\"@id\":\"https:\\\/\\\/brandgioielli.it\\\/#organization\",\"name\":\"Brand Gioielli\",\"url\":\"https:\\\/\\\/brandgioielli.it\\\/\",\"logo\":{\"@type\":\"ImageObject\",\"inLanguage\":\"fr-FR\",\"@id\":\"https:\\\/\\\/brandgioielli.it\\\/#\\\/schema\\\/logo\\\/image\\\/\",\"url\":\"https:\\\/\\\/brandgioielli.it\\\/wp-content\\\/uploads\\\/2025\\\/07\\\/LogoBrand.png\",\"contentUrl\":\"https:\\\/\\\/brandgioielli.it\\\/wp-content\\\/uploads\\\/2025\\\/07\\\/LogoBrand.png\",\"width\":600,\"height\":170,\"caption\":\"Brand Gioielli\"},\"image\":{\"@id\":\"https:\\\/\\\/brandgioielli.it\\\/#\\\/schema\\\/logo\\\/image\\\/\"}}]}<\/script>\n<!-- \/ Yoast SEO plugin. -->","yoast_head_json":{"title":"Bracelet de cheville avec pendentif en cristal - #BrandGioielli","description":"Achetez d\u00e8s maintenant chez Brand Gioielli : Bracelet de cheville avec pendentif en cristal","robots":{"index":"index","follow":"follow","max-snippet":"max-snippet:-1","max-image-preview":"max-image-preview:large","max-video-preview":"max-video-preview:-1"},"canonical":"https:\/\/brandgioielli.it\/fr\/produit\/cavigliera-con-cristalli-pendenti\/","og_locale":"fr_FR","og_type":"article","og_title":"Cavigliera Cristalli Pendenti - #BrandGioielli","og_description":"Acquista ora su Brand Gioielli: Cavigliera Cristalli Pendenti","og_url":"https:\/\/brandgioielli.it\/fr\/produit\/cavigliera-con-cristalli-pendenti\/","og_site_name":"#BrandGioielli","article_modified_time":"2026-04-17T16:17:54+00:00","og_image":[{"width":800,"height":800,"url":"http:\/\/brandgioielli.it\/wp-content\/uploads\/2026\/01\/cavigliera-cristalli-bianchi.jpg","type":"image\/jpeg"}],"twitter_card":"summary_large_image","twitter_misc":{"Dur\u00e9e de lecture estim\u00e9e":"1 minute"},"schema":{"@context":"https:\/\/schema.org","@graph":[{"@type":"WebPage","@id":"https:\/\/brandgioielli.it\/prodotto\/cavigliera-con-cristalli-pendenti\/","url":"https:\/\/brandgioielli.it\/prodotto\/cavigliera-con-cristalli-pendenti\/","name":"Bracelet de cheville avec pendentif en cristal - #BrandGioielli","isPartOf":{"@id":"https:\/\/brandgioielli.it\/#website"},"primaryImageOfPage":{"@id":"https:\/\/brandgioielli.it\/prodotto\/cavigliera-con-cristalli-pendenti\/#primaryimage"},"image":{"@id":"https:\/\/brandgioielli.it\/prodotto\/cavigliera-con-cristalli-pendenti\/#primaryimage"},"thumbnailUrl":"https:\/\/brandgioielli.it\/wp-content\/uploads\/2026\/01\/cavigliera-cristalli-bianchi.jpg","datePublished":"2026-01-19T16:06:10+00:00","dateModified":"2026-04-17T16:17:54+00:00","description":"Achetez d\u00e8s maintenant chez Brand Gioielli : Bracelet de cheville avec pendentif en cristal","breadcrumb":{"@id":"https:\/\/brandgioielli.it\/prodotto\/cavigliera-con-cristalli-pendenti\/#breadcrumb"},"inLanguage":"fr-FR","potentialAction":[{"@type":"ReadAction","target":["https:\/\/brandgioielli.it\/prodotto\/cavigliera-con-cristalli-pendenti\/"]}]},{"@type":"ImageObject","inLanguage":"fr-FR","@id":"https:\/\/brandgioielli.it\/prodotto\/cavigliera-con-cristalli-pendenti\/#primaryimage","url":"https:\/\/brandgioielli.it\/wp-content\/uploads\/2026\/01\/cavigliera-cristalli-bianchi.jpg","contentUrl":"https:\/\/brandgioielli.it\/wp-content\/uploads\/2026\/01\/cavigliera-cristalli-bianchi.jpg","width":800,"height":800},{"@type":"BreadcrumbList","@id":"https:\/\/brandgioielli.it\/prodotto\/cavigliera-con-cristalli-pendenti\/#breadcrumb","itemListElement":[{"@type":"ListItem","position":1,"name":"Home","item":"https:\/\/brandgioielli.it\/"},{"@type":"ListItem","position":2,"name":"Shop","item":"https:\/\/brandgioielli.it\/shop\/"},{"@type":"ListItem","position":3,"name":"Cavigliera Cristalli Pendenti"}]},{"@type":"WebSite","@id":"https:\/\/brandgioielli.it\/#website","url":"https:\/\/brandgioielli.it\/","name":"#BrandJewellery","description":"","publisher":{"@id":"https:\/\/brandgioielli.it\/#organization"},"potentialAction":[{"@type":"SearchAction","target":{"@type":"EntryPoint","urlTemplate":"https:\/\/brandgioielli.it\/?s={search_term_string}"},"query-input":{"@type":"PropertyValueSpecification","valueRequired":true,"valueName":"search_term_string"}}],"inLanguage":"fr-FR"},{"@type":"Organization","@id":"https:\/\/brandgioielli.it\/#organization","name":"Bijoux de marque","url":"https:\/\/brandgioielli.it\/","logo":{"@type":"ImageObject","inLanguage":"fr-FR","@id":"https:\/\/brandgioielli.it\/#\/schema\/logo\/image\/","url":"https:\/\/brandgioielli.it\/wp-content\/uploads\/2025\/07\/LogoBrand.png","contentUrl":"https:\/\/brandgioielli.it\/wp-content\/uploads\/2025\/07\/LogoBrand.png","width":600,"height":170,"caption":"Brand Gioielli"},"image":{"@id":"https:\/\/brandgioielli.it\/#\/schema\/logo\/image\/"}}]}},"_links":{"self":[{"href":"https:\/\/brandgioielli.it\/fr\/wp-json\/wp\/v2\/product\/102751","targetHints":{"allow":["GET"]}}],"collection":[{"href":"https:\/\/brandgioielli.it\/fr\/wp-json\/wp\/v2\/product"}],"about":[{"href":"https:\/\/brandgioielli.it\/fr\/wp-json\/wp\/v2\/types\/product"}],"version-history":[{"count":1,"href":"https:\/\/brandgioielli.it\/fr\/wp-json\/wp\/v2\/product\/102751\/revisions"}],"predecessor-version":[{"id":102764,"href":"https:\/\/brandgioielli.it\/fr\/wp-json\/wp\/v2\/product\/102751\/revisions\/102764"}],"wp:featuredmedia":[{"embeddable":true,"href":"https:\/\/brandgioielli.it\/fr\/wp-json\/wp\/v2\/media\/102553"}],"wp:attachment":[{"href":"https:\/\/brandgioielli.it\/fr\/wp-json\/wp\/v2\/media?parent=102751"}],"wp:term":[{"taxonomy":"product_brand","embeddable":true,"href":"https:\/\/brandgioielli.it\/fr\/wp-json\/wp\/v2\/product_brand?post=102751"},{"taxonomy":"product_cat","embeddable":true,"href":"https:\/\/brandgioielli.it\/fr\/wp-json\/wp\/v2\/product_cat?post=102751"},{"taxonomy":"product_tag","embeddable":true,"href":"https:\/\/brandgioielli.it\/fr\/wp-json\/wp\/v2\/product_tag?post=102751"}],"curies":[{"name":"wp","href":"https:\/\/api.w.org\/{rel}","templated":true}]}}