{"id":102378,"date":"2026-01-15T16:24:11","date_gmt":"2026-01-15T15:24:11","guid":{"rendered":"https:\/\/sandybrown-lark-277155.hostingersite.com\/?post_type=product&#038;p=102378"},"modified":"2026-04-17T18:18:20","modified_gmt":"2026-04-17T16:18:20","slug":"orecchino-singolo-cerchio-teschio-pendente","status":"publish","type":"product","link":"https:\/\/brandgioielli.it\/fr\/produit\/orecchino-singolo-cerchio-teschio-pendente\/","title":{"rendered":"Boucle d&#039;oreille pendante en forme de cr\u00e2ne \u00e0 cr\u00e9ole unique"},"content":{"rendered":"<h2>Boucle d&#039;oreille cr\u00e9ole simple avec pendentif en forme de cr\u00e2ne<\/h2>\n<p data-start=\"518\" data-end=\"721\">La boucle d&#039;oreille cr\u00e9ole unique orn\u00e9e d&#039;une t\u00eate de mort pendante de la marque #Brand Gioielli est un accessoire au style audacieux. Elle exprime une forte personnalit\u00e9 et se marie parfaitement avec les tenues d\u00e9contract\u00e9es du quotidien comme avec les looks plus sophistiqu\u00e9s. Fabriqu\u00e9e en <strong data-start=\"774\" data-end=\"803\">acier inoxydable <\/strong>Disponible en acier et en PVD noir. Un design unisexe, des lignes audacieuses et une forte personnalit\u00e9. Pour celles et ceux qui recherchent un bijou affirmant leur identit\u00e9, leur force et leur ind\u00e9pendance.<\/p>\n<p><strong>SP\u00c9CIFICATIONS TECHNIQUES<\/strong><\/p>\n<ul>\n<li>Boucle d&#039;oreille pendante en forme de cr\u00e2ne \u00e0 cr\u00e9ole unique<\/li>\n<li>Diam\u00e8tre de la boucle d'oreille : 16 mm<\/li>\n<li>Finition : Acier, PVD noir<\/li>\n<li>Mat\u00e9riau : acier inoxydable<\/li>\n<\/ul>\n<p><em>Tous les bijoux de la marque #Brand sont fabriqu\u00e9s \u00e0 partir de l'acier inoxydable chirurgical le plus pur du march\u00e9, test\u00e9 pour le nickel et con\u00e7u pour \u00eatre port\u00e9 tous les jours sans crainte de d\u00e9coloration ou de signes d'usure et r\u00e9sistant \u00e0 l'eau.<\/em><\/p>","protected":false},"excerpt":{"rendered":"<p>Orecchino Singolo a Cerchio con Teschio Pendente L&#8217;orecchino singolo a cerchio con teschio pendente firmato #Brand Gioielli \u00e8 un accessorio dallo stile deciso. Esprime un carattere forte e si adatta perfettamente sia a un outfit casual quotidiano che a look pi\u00f9 ricercati. Realizzato in acciaio inossidabile \u00e8 disponibile nella versione acciaio e pvd nero. Design [&hellip;]<\/p>\n","protected":false},"featured_media":102307,"template":"","meta":[],"product_brand":[],"product_cat":[19,36,24,65,505,39],"product_tag":[55],"class_list":{"0":"post-102378","1":"product","2":"type-product","3":"status-publish","4":"has-post-thumbnail","6":"product_cat-donna","7":"product_cat-orecchini","8":"product_cat-orecchini-donna","9":"product_cat-orecchini-uomo","10":"product_cat-sotto-i-10e","11":"product_cat-uomo","12":"product_tag-collezione-calaveras","14":"first","15":"instock","16":"shipping-taxable","17":"purchasable","18":"product-type-variable"},"yoast_head":"<!-- This site is optimized with the Yoast SEO plugin v27.4 - https:\/\/yoast.com\/product\/yoast-seo-wordpress\/ -->\n<title>Orecchino Singolo Cerchio Teschio Pendente - #BrandGioielli<\/title>\n<meta name=\"description\" content=\"Acquista ora su Brand Gioielli: Orecchino Singolo Cerchio Teschio Pendente\" \/>\n<meta name=\"robots\" content=\"index, follow, max-snippet:-1, max-image-preview:large, max-video-preview:-1\" \/>\n<link rel=\"canonical\" href=\"https:\/\/brandgioielli.it\/fr\/produit\/orecchino-singolo-cerchio-teschio-pendente\/\" \/>\n<meta property=\"og:locale\" content=\"fr_FR\" \/>\n<meta property=\"og:type\" content=\"article\" \/>\n<meta property=\"og:title\" content=\"Orecchino Singolo Cerchio Teschio Pendente - #BrandGioielli\" \/>\n<meta property=\"og:description\" content=\"Acquista ora su Brand Gioielli: Orecchino Singolo Cerchio Teschio Pendente\" \/>\n<meta property=\"og:url\" content=\"https:\/\/brandgioielli.it\/fr\/produit\/orecchino-singolo-cerchio-teschio-pendente\/\" \/>\n<meta property=\"og:site_name\" content=\"#BrandGioielli\" \/>\n<meta property=\"article:modified_time\" content=\"2026-04-17T16:18:20+00:00\" \/>\n<meta property=\"og:image\" content=\"http:\/\/brandgioielli.it\/wp-content\/uploads\/2026\/01\/orecchino-cerchio-teschio-acciaio.jpg\" \/>\n\t<meta property=\"og:image:width\" content=\"800\" \/>\n\t<meta property=\"og:image:height\" content=\"800\" \/>\n\t<meta property=\"og:image:type\" content=\"image\/jpeg\" \/>\n<meta name=\"twitter:card\" content=\"summary_large_image\" \/>\n<meta name=\"twitter:label1\" content=\"Dur\u00e9e de lecture estim\u00e9e\" \/>\n\t<meta name=\"twitter:data1\" content=\"1 minute\" \/>\n<script type=\"application\/ld+json\" class=\"yoast-schema-graph\">{\"@context\":\"https:\\\/\\\/schema.org\",\"@graph\":[{\"@type\":\"WebPage\",\"@id\":\"https:\\\/\\\/brandgioielli.it\\\/prodotto\\\/orecchino-singolo-cerchio-teschio-pendente\\\/\",\"url\":\"https:\\\/\\\/brandgioielli.it\\\/prodotto\\\/orecchino-singolo-cerchio-teschio-pendente\\\/\",\"name\":\"Orecchino Singolo Cerchio Teschio Pendente - #BrandGioielli\",\"isPartOf\":{\"@id\":\"https:\\\/\\\/brandgioielli.it\\\/#website\"},\"primaryImageOfPage\":{\"@id\":\"https:\\\/\\\/brandgioielli.it\\\/prodotto\\\/orecchino-singolo-cerchio-teschio-pendente\\\/#primaryimage\"},\"image\":{\"@id\":\"https:\\\/\\\/brandgioielli.it\\\/prodotto\\\/orecchino-singolo-cerchio-teschio-pendente\\\/#primaryimage\"},\"thumbnailUrl\":\"https:\\\/\\\/brandgioielli.it\\\/wp-content\\\/uploads\\\/2026\\\/01\\\/orecchino-cerchio-teschio-acciaio.jpg\",\"datePublished\":\"2026-01-15T15:24:11+00:00\",\"dateModified\":\"2026-04-17T16:18:20+00:00\",\"description\":\"Acquista ora su Brand Gioielli: Orecchino Singolo Cerchio Teschio Pendente\",\"breadcrumb\":{\"@id\":\"https:\\\/\\\/brandgioielli.it\\\/prodotto\\\/orecchino-singolo-cerchio-teschio-pendente\\\/#breadcrumb\"},\"inLanguage\":\"fr-FR\",\"potentialAction\":[{\"@type\":\"ReadAction\",\"target\":[\"https:\\\/\\\/brandgioielli.it\\\/prodotto\\\/orecchino-singolo-cerchio-teschio-pendente\\\/\"]}]},{\"@type\":\"ImageObject\",\"inLanguage\":\"fr-FR\",\"@id\":\"https:\\\/\\\/brandgioielli.it\\\/prodotto\\\/orecchino-singolo-cerchio-teschio-pendente\\\/#primaryimage\",\"url\":\"https:\\\/\\\/brandgioielli.it\\\/wp-content\\\/uploads\\\/2026\\\/01\\\/orecchino-cerchio-teschio-acciaio.jpg\",\"contentUrl\":\"https:\\\/\\\/brandgioielli.it\\\/wp-content\\\/uploads\\\/2026\\\/01\\\/orecchino-cerchio-teschio-acciaio.jpg\",\"width\":800,\"height\":800},{\"@type\":\"BreadcrumbList\",\"@id\":\"https:\\\/\\\/brandgioielli.it\\\/prodotto\\\/orecchino-singolo-cerchio-teschio-pendente\\\/#breadcrumb\",\"itemListElement\":[{\"@type\":\"ListItem\",\"position\":1,\"name\":\"Home\",\"item\":\"https:\\\/\\\/brandgioielli.it\\\/\"},{\"@type\":\"ListItem\",\"position\":2,\"name\":\"Shop\",\"item\":\"https:\\\/\\\/brandgioielli.it\\\/shop\\\/\"},{\"@type\":\"ListItem\",\"position\":3,\"name\":\"Orecchino Singolo Cerchio Teschio Pendente\"}]},{\"@type\":\"WebSite\",\"@id\":\"https:\\\/\\\/brandgioielli.it\\\/#website\",\"url\":\"https:\\\/\\\/brandgioielli.it\\\/\",\"name\":\"#BrandGioielli\",\"description\":\"\",\"publisher\":{\"@id\":\"https:\\\/\\\/brandgioielli.it\\\/#organization\"},\"potentialAction\":[{\"@type\":\"SearchAction\",\"target\":{\"@type\":\"EntryPoint\",\"urlTemplate\":\"https:\\\/\\\/brandgioielli.it\\\/?s={search_term_string}\"},\"query-input\":{\"@type\":\"PropertyValueSpecification\",\"valueRequired\":true,\"valueName\":\"search_term_string\"}}],\"inLanguage\":\"fr-FR\"},{\"@type\":\"Organization\",\"@id\":\"https:\\\/\\\/brandgioielli.it\\\/#organization\",\"name\":\"Brand Gioielli\",\"url\":\"https:\\\/\\\/brandgioielli.it\\\/\",\"logo\":{\"@type\":\"ImageObject\",\"inLanguage\":\"fr-FR\",\"@id\":\"https:\\\/\\\/brandgioielli.it\\\/#\\\/schema\\\/logo\\\/image\\\/\",\"url\":\"https:\\\/\\\/brandgioielli.it\\\/wp-content\\\/uploads\\\/2025\\\/07\\\/LogoBrand.png\",\"contentUrl\":\"https:\\\/\\\/brandgioielli.it\\\/wp-content\\\/uploads\\\/2025\\\/07\\\/LogoBrand.png\",\"width\":600,\"height\":170,\"caption\":\"Brand Gioielli\"},\"image\":{\"@id\":\"https:\\\/\\\/brandgioielli.it\\\/#\\\/schema\\\/logo\\\/image\\\/\"}}]}<\/script>\n<!-- \/ Yoast SEO plugin. -->","yoast_head_json":{"title":"Orecchino Singolo Cerchio Teschio Pendente - #BrandGioielli","description":"Acquista ora su Brand Gioielli: Orecchino Singolo Cerchio Teschio Pendente","robots":{"index":"index","follow":"follow","max-snippet":"max-snippet:-1","max-image-preview":"max-image-preview:large","max-video-preview":"max-video-preview:-1"},"canonical":"https:\/\/brandgioielli.it\/fr\/produit\/orecchino-singolo-cerchio-teschio-pendente\/","og_locale":"fr_FR","og_type":"article","og_title":"Orecchino Singolo Cerchio Teschio Pendente - #BrandGioielli","og_description":"Acquista ora su Brand Gioielli: Orecchino Singolo Cerchio Teschio Pendente","og_url":"https:\/\/brandgioielli.it\/fr\/produit\/orecchino-singolo-cerchio-teschio-pendente\/","og_site_name":"#BrandGioielli","article_modified_time":"2026-04-17T16:18:20+00:00","og_image":[{"width":800,"height":800,"url":"http:\/\/brandgioielli.it\/wp-content\/uploads\/2026\/01\/orecchino-cerchio-teschio-acciaio.jpg","type":"image\/jpeg"}],"twitter_card":"summary_large_image","twitter_misc":{"Dur\u00e9e de lecture estim\u00e9e":"1 minute"},"schema":{"@context":"https:\/\/schema.org","@graph":[{"@type":"WebPage","@id":"https:\/\/brandgioielli.it\/prodotto\/orecchino-singolo-cerchio-teschio-pendente\/","url":"https:\/\/brandgioielli.it\/prodotto\/orecchino-singolo-cerchio-teschio-pendente\/","name":"Orecchino Singolo Cerchio Teschio Pendente - #BrandGioielli","isPartOf":{"@id":"https:\/\/brandgioielli.it\/#website"},"primaryImageOfPage":{"@id":"https:\/\/brandgioielli.it\/prodotto\/orecchino-singolo-cerchio-teschio-pendente\/#primaryimage"},"image":{"@id":"https:\/\/brandgioielli.it\/prodotto\/orecchino-singolo-cerchio-teschio-pendente\/#primaryimage"},"thumbnailUrl":"https:\/\/brandgioielli.it\/wp-content\/uploads\/2026\/01\/orecchino-cerchio-teschio-acciaio.jpg","datePublished":"2026-01-15T15:24:11+00:00","dateModified":"2026-04-17T16:18:20+00:00","description":"Acquista ora su Brand Gioielli: Orecchino Singolo Cerchio Teschio Pendente","breadcrumb":{"@id":"https:\/\/brandgioielli.it\/prodotto\/orecchino-singolo-cerchio-teschio-pendente\/#breadcrumb"},"inLanguage":"fr-FR","potentialAction":[{"@type":"ReadAction","target":["https:\/\/brandgioielli.it\/prodotto\/orecchino-singolo-cerchio-teschio-pendente\/"]}]},{"@type":"ImageObject","inLanguage":"fr-FR","@id":"https:\/\/brandgioielli.it\/prodotto\/orecchino-singolo-cerchio-teschio-pendente\/#primaryimage","url":"https:\/\/brandgioielli.it\/wp-content\/uploads\/2026\/01\/orecchino-cerchio-teschio-acciaio.jpg","contentUrl":"https:\/\/brandgioielli.it\/wp-content\/uploads\/2026\/01\/orecchino-cerchio-teschio-acciaio.jpg","width":800,"height":800},{"@type":"BreadcrumbList","@id":"https:\/\/brandgioielli.it\/prodotto\/orecchino-singolo-cerchio-teschio-pendente\/#breadcrumb","itemListElement":[{"@type":"ListItem","position":1,"name":"Home","item":"https:\/\/brandgioielli.it\/"},{"@type":"ListItem","position":2,"name":"Shop","item":"https:\/\/brandgioielli.it\/shop\/"},{"@type":"ListItem","position":3,"name":"Orecchino Singolo Cerchio Teschio Pendente"}]},{"@type":"WebSite","@id":"https:\/\/brandgioielli.it\/#website","url":"https:\/\/brandgioielli.it\/","name":"#BrandJewellery","description":"","publisher":{"@id":"https:\/\/brandgioielli.it\/#organization"},"potentialAction":[{"@type":"SearchAction","target":{"@type":"EntryPoint","urlTemplate":"https:\/\/brandgioielli.it\/?s={search_term_string}"},"query-input":{"@type":"PropertyValueSpecification","valueRequired":true,"valueName":"search_term_string"}}],"inLanguage":"fr-FR"},{"@type":"Organization","@id":"https:\/\/brandgioielli.it\/#organization","name":"Bijoux de marque","url":"https:\/\/brandgioielli.it\/","logo":{"@type":"ImageObject","inLanguage":"fr-FR","@id":"https:\/\/brandgioielli.it\/#\/schema\/logo\/image\/","url":"https:\/\/brandgioielli.it\/wp-content\/uploads\/2025\/07\/LogoBrand.png","contentUrl":"https:\/\/brandgioielli.it\/wp-content\/uploads\/2025\/07\/LogoBrand.png","width":600,"height":170,"caption":"Brand Gioielli"},"image":{"@id":"https:\/\/brandgioielli.it\/#\/schema\/logo\/image\/"}}]}},"_links":{"self":[{"href":"https:\/\/brandgioielli.it\/fr\/wp-json\/wp\/v2\/product\/102378","targetHints":{"allow":["GET"]}}],"collection":[{"href":"https:\/\/brandgioielli.it\/fr\/wp-json\/wp\/v2\/product"}],"about":[{"href":"https:\/\/brandgioielli.it\/fr\/wp-json\/wp\/v2\/types\/product"}],"version-history":[{"count":1,"href":"https:\/\/brandgioielli.it\/fr\/wp-json\/wp\/v2\/product\/102378\/revisions"}],"predecessor-version":[{"id":102387,"href":"https:\/\/brandgioielli.it\/fr\/wp-json\/wp\/v2\/product\/102378\/revisions\/102387"}],"wp:featuredmedia":[{"embeddable":true,"href":"https:\/\/brandgioielli.it\/fr\/wp-json\/wp\/v2\/media\/102307"}],"wp:attachment":[{"href":"https:\/\/brandgioielli.it\/fr\/wp-json\/wp\/v2\/media?parent=102378"}],"wp:term":[{"taxonomy":"product_brand","embeddable":true,"href":"https:\/\/brandgioielli.it\/fr\/wp-json\/wp\/v2\/product_brand?post=102378"},{"taxonomy":"product_cat","embeddable":true,"href":"https:\/\/brandgioielli.it\/fr\/wp-json\/wp\/v2\/product_cat?post=102378"},{"taxonomy":"product_tag","embeddable":true,"href":"https:\/\/brandgioielli.it\/fr\/wp-json\/wp\/v2\/product_tag?post=102378"}],"curies":[{"name":"wp","href":"https:\/\/api.w.org\/{rel}","templated":true}]}}