{"id":101690,"date":"2025-12-23T11:50:34","date_gmt":"2025-12-23T10:50:34","guid":{"rendered":"https:\/\/sandybrown-lark-277155.hostingersite.com\/?post_type=product&#038;p=101690"},"modified":"2026-04-21T11:18:27","modified_gmt":"2026-04-21T09:18:27","slug":"collana-croce-piccola-uomo","status":"publish","type":"product","link":"https:\/\/brandgioielli.it\/fr\/produit\/collana-croce-piccola-uomo\/","title":{"rendered":"Collier croix fin pour homme"},"content":{"rendered":"<h2>Collier en forme de petite croix<\/h2>\n<p>Le collier croix de #Brand Gioielli se distingue par son style audacieux et contemporain. Sa cha\u00eene moderne met en valeur une croix orn\u00e9e d&#039;un insert contrastant. Les lignes \u00e9pur\u00e9es et g\u00e9om\u00e9triques de la croix, associ\u00e9es \u00e0 la finition polie de l&#039;acier, cr\u00e9ent un \u00e9quilibre parfait entre \u00e9l\u00e9gance et caract\u00e8re, conf\u00e9rant \u00e0 ce bijou une forte personnalit\u00e9. Un accessoire raffin\u00e9, id\u00e9al pour parfaire votre tenue d&#039;une touche contemporaine et distinctive.<\/p>\n<p><strong>SP\u00c9CIFICATIONS TECHNIQUES<\/strong><\/p>\n<ul>\n<li>Collier petit collier croix<\/li>\n<li>Longueur du collier : 45 cm + 8 cm d&#039;extension<\/li>\n<li>Dimensions de l&#039;assiette : 2,4 cm<\/li>\n<li>Finition : Acier, PVD or<\/li>\n<li>Mat\u00e9riau : Acier hypoallerg\u00e9nique<\/li>\n<\/ul>\n<p><em>Tous les bijoux de la marque #Brand sont fabriqu\u00e9s \u00e0 partir de l'acier inoxydable chirurgical le plus pur du march\u00e9, test\u00e9 pour le nickel et con\u00e7u pour \u00eatre port\u00e9 tous les jours sans crainte de d\u00e9coloration ou de signes d'usure et r\u00e9sistant \u00e0 l'eau.\u00a0<\/em><\/p>","protected":false},"excerpt":{"rendered":"<p>Collana Croce Piccola La collana croce firmata #Brand Gioielli si distingue per il suo stile deciso e contemporaneo, caratterizzato da una catena dal design moderno che accompagna una croce con inserto a contrasto. Le linee pulite e geometriche della croce, abbinate alla finitura lucida dell\u2019acciaio, creano un equilibrio perfetto tra eleganza e carattere, rendendo questo [&hellip;]<\/p>\n","protected":false},"featured_media":101396,"template":"","meta":[],"product_brand":[],"product_cat":[41,507,39],"product_tag":[138],"class_list":{"0":"post-101690","1":"product","2":"type-product","3":"status-publish","4":"has-post-thumbnail","6":"product_cat-collane-uomo","7":"product_cat-sotto-i-30e","8":"product_cat-uomo","9":"product_tag-collezione-aurum","11":"first","12":"instock","13":"shipping-taxable","14":"purchasable","15":"product-type-variable"},"yoast_head":"<!-- This site is optimized with the Yoast SEO plugin v27.4 - https:\/\/yoast.com\/product\/yoast-seo-wordpress\/ -->\n<title>Collana Croce Piccola Uomo - #BrandGioielli<\/title>\n<meta name=\"description\" content=\"Acquista ora su Brand Gioielli: Collana Croce Piccola Uomo\" \/>\n<meta name=\"robots\" content=\"index, follow, max-snippet:-1, max-image-preview:large, max-video-preview:-1\" \/>\n<link rel=\"canonical\" href=\"https:\/\/brandgioielli.it\/fr\/produit\/collana-croce-piccola-uomo\/\" \/>\n<meta property=\"og:locale\" content=\"fr_FR\" \/>\n<meta property=\"og:type\" content=\"article\" \/>\n<meta property=\"og:title\" content=\"Collana Croce Piccola Uomo - #BrandGioielli\" \/>\n<meta property=\"og:description\" content=\"Acquista ora su Brand Gioielli: Collana Croce Piccola Uomo\" \/>\n<meta property=\"og:url\" content=\"https:\/\/brandgioielli.it\/fr\/produit\/collana-croce-piccola-uomo\/\" \/>\n<meta property=\"og:site_name\" content=\"#BrandGioielli\" \/>\n<meta property=\"article:modified_time\" content=\"2026-04-21T09:18:27+00:00\" \/>\n<meta property=\"og:image\" content=\"http:\/\/brandgioielli.it\/wp-content\/uploads\/2025\/09\/collana-croce-piccola-nera-e-acciaio.jpg\" \/>\n\t<meta property=\"og:image:width\" content=\"800\" \/>\n\t<meta property=\"og:image:height\" content=\"800\" \/>\n\t<meta property=\"og:image:type\" content=\"image\/jpeg\" \/>\n<meta name=\"twitter:card\" content=\"summary_large_image\" \/>\n<meta name=\"twitter:label1\" content=\"Dur\u00e9e de lecture estim\u00e9e\" \/>\n\t<meta name=\"twitter:data1\" content=\"1 minute\" \/>\n<script type=\"application\/ld+json\" class=\"yoast-schema-graph\">{\"@context\":\"https:\\\/\\\/schema.org\",\"@graph\":[{\"@type\":\"WebPage\",\"@id\":\"https:\\\/\\\/brandgioielli.it\\\/prodotto\\\/collana-croce-piccola-uomo\\\/\",\"url\":\"https:\\\/\\\/brandgioielli.it\\\/prodotto\\\/collana-croce-piccola-uomo\\\/\",\"name\":\"Collana Croce Piccola Uomo - #BrandGioielli\",\"isPartOf\":{\"@id\":\"https:\\\/\\\/brandgioielli.it\\\/#website\"},\"primaryImageOfPage\":{\"@id\":\"https:\\\/\\\/brandgioielli.it\\\/prodotto\\\/collana-croce-piccola-uomo\\\/#primaryimage\"},\"image\":{\"@id\":\"https:\\\/\\\/brandgioielli.it\\\/prodotto\\\/collana-croce-piccola-uomo\\\/#primaryimage\"},\"thumbnailUrl\":\"https:\\\/\\\/brandgioielli.it\\\/wp-content\\\/uploads\\\/2025\\\/09\\\/collana-croce-piccola-nera-e-acciaio.jpg\",\"datePublished\":\"2025-12-23T10:50:34+00:00\",\"dateModified\":\"2026-04-21T09:18:27+00:00\",\"description\":\"Acquista ora su Brand Gioielli: Collana Croce Piccola Uomo\",\"breadcrumb\":{\"@id\":\"https:\\\/\\\/brandgioielli.it\\\/prodotto\\\/collana-croce-piccola-uomo\\\/#breadcrumb\"},\"inLanguage\":\"fr-FR\",\"potentialAction\":[{\"@type\":\"ReadAction\",\"target\":[\"https:\\\/\\\/brandgioielli.it\\\/prodotto\\\/collana-croce-piccola-uomo\\\/\"]}]},{\"@type\":\"ImageObject\",\"inLanguage\":\"fr-FR\",\"@id\":\"https:\\\/\\\/brandgioielli.it\\\/prodotto\\\/collana-croce-piccola-uomo\\\/#primaryimage\",\"url\":\"https:\\\/\\\/brandgioielli.it\\\/wp-content\\\/uploads\\\/2025\\\/09\\\/collana-croce-piccola-nera-e-acciaio.jpg\",\"contentUrl\":\"https:\\\/\\\/brandgioielli.it\\\/wp-content\\\/uploads\\\/2025\\\/09\\\/collana-croce-piccola-nera-e-acciaio.jpg\",\"width\":800,\"height\":800},{\"@type\":\"BreadcrumbList\",\"@id\":\"https:\\\/\\\/brandgioielli.it\\\/prodotto\\\/collana-croce-piccola-uomo\\\/#breadcrumb\",\"itemListElement\":[{\"@type\":\"ListItem\",\"position\":1,\"name\":\"Home\",\"item\":\"https:\\\/\\\/brandgioielli.it\\\/\"},{\"@type\":\"ListItem\",\"position\":2,\"name\":\"Shop\",\"item\":\"https:\\\/\\\/brandgioielli.it\\\/shop\\\/\"},{\"@type\":\"ListItem\",\"position\":3,\"name\":\"Collana Croce Piccola Uomo\"}]},{\"@type\":\"WebSite\",\"@id\":\"https:\\\/\\\/brandgioielli.it\\\/#website\",\"url\":\"https:\\\/\\\/brandgioielli.it\\\/\",\"name\":\"#BrandGioielli\",\"description\":\"\",\"publisher\":{\"@id\":\"https:\\\/\\\/brandgioielli.it\\\/#organization\"},\"potentialAction\":[{\"@type\":\"SearchAction\",\"target\":{\"@type\":\"EntryPoint\",\"urlTemplate\":\"https:\\\/\\\/brandgioielli.it\\\/?s={search_term_string}\"},\"query-input\":{\"@type\":\"PropertyValueSpecification\",\"valueRequired\":true,\"valueName\":\"search_term_string\"}}],\"inLanguage\":\"fr-FR\"},{\"@type\":\"Organization\",\"@id\":\"https:\\\/\\\/brandgioielli.it\\\/#organization\",\"name\":\"Brand Gioielli\",\"url\":\"https:\\\/\\\/brandgioielli.it\\\/\",\"logo\":{\"@type\":\"ImageObject\",\"inLanguage\":\"fr-FR\",\"@id\":\"https:\\\/\\\/brandgioielli.it\\\/#\\\/schema\\\/logo\\\/image\\\/\",\"url\":\"https:\\\/\\\/brandgioielli.it\\\/wp-content\\\/uploads\\\/2025\\\/07\\\/LogoBrand.png\",\"contentUrl\":\"https:\\\/\\\/brandgioielli.it\\\/wp-content\\\/uploads\\\/2025\\\/07\\\/LogoBrand.png\",\"width\":600,\"height\":170,\"caption\":\"Brand Gioielli\"},\"image\":{\"@id\":\"https:\\\/\\\/brandgioielli.it\\\/#\\\/schema\\\/logo\\\/image\\\/\"}}]}<\/script>\n<!-- \/ Yoast SEO plugin. -->","yoast_head_json":{"title":"Collier croix pour homme - #BrandGioielli","description":"Achetez d\u00e8s maintenant chez Brand Gioielli : Collier croix pour homme (petit mod\u00e8le)","robots":{"index":"index","follow":"follow","max-snippet":"max-snippet:-1","max-image-preview":"max-image-preview:large","max-video-preview":"max-video-preview:-1"},"canonical":"https:\/\/brandgioielli.it\/fr\/produit\/collana-croce-piccola-uomo\/","og_locale":"fr_FR","og_type":"article","og_title":"Collana Croce Piccola Uomo - #BrandGioielli","og_description":"Acquista ora su Brand Gioielli: Collana Croce Piccola Uomo","og_url":"https:\/\/brandgioielli.it\/fr\/produit\/collana-croce-piccola-uomo\/","og_site_name":"#BrandGioielli","article_modified_time":"2026-04-21T09:18:27+00:00","og_image":[{"width":800,"height":800,"url":"http:\/\/brandgioielli.it\/wp-content\/uploads\/2025\/09\/collana-croce-piccola-nera-e-acciaio.jpg","type":"image\/jpeg"}],"twitter_card":"summary_large_image","twitter_misc":{"Dur\u00e9e de lecture estim\u00e9e":"1 minute"},"schema":{"@context":"https:\/\/schema.org","@graph":[{"@type":"WebPage","@id":"https:\/\/brandgioielli.it\/prodotto\/collana-croce-piccola-uomo\/","url":"https:\/\/brandgioielli.it\/prodotto\/collana-croce-piccola-uomo\/","name":"Collier croix pour homme - #BrandGioielli","isPartOf":{"@id":"https:\/\/brandgioielli.it\/#website"},"primaryImageOfPage":{"@id":"https:\/\/brandgioielli.it\/prodotto\/collana-croce-piccola-uomo\/#primaryimage"},"image":{"@id":"https:\/\/brandgioielli.it\/prodotto\/collana-croce-piccola-uomo\/#primaryimage"},"thumbnailUrl":"https:\/\/brandgioielli.it\/wp-content\/uploads\/2025\/09\/collana-croce-piccola-nera-e-acciaio.jpg","datePublished":"2025-12-23T10:50:34+00:00","dateModified":"2026-04-21T09:18:27+00:00","description":"Achetez d\u00e8s maintenant chez Brand Gioielli : Collier croix pour homme (petit mod\u00e8le)","breadcrumb":{"@id":"https:\/\/brandgioielli.it\/prodotto\/collana-croce-piccola-uomo\/#breadcrumb"},"inLanguage":"fr-FR","potentialAction":[{"@type":"ReadAction","target":["https:\/\/brandgioielli.it\/prodotto\/collana-croce-piccola-uomo\/"]}]},{"@type":"ImageObject","inLanguage":"fr-FR","@id":"https:\/\/brandgioielli.it\/prodotto\/collana-croce-piccola-uomo\/#primaryimage","url":"https:\/\/brandgioielli.it\/wp-content\/uploads\/2025\/09\/collana-croce-piccola-nera-e-acciaio.jpg","contentUrl":"https:\/\/brandgioielli.it\/wp-content\/uploads\/2025\/09\/collana-croce-piccola-nera-e-acciaio.jpg","width":800,"height":800},{"@type":"BreadcrumbList","@id":"https:\/\/brandgioielli.it\/prodotto\/collana-croce-piccola-uomo\/#breadcrumb","itemListElement":[{"@type":"ListItem","position":1,"name":"Home","item":"https:\/\/brandgioielli.it\/"},{"@type":"ListItem","position":2,"name":"Shop","item":"https:\/\/brandgioielli.it\/shop\/"},{"@type":"ListItem","position":3,"name":"Collana Croce Piccola Uomo"}]},{"@type":"WebSite","@id":"https:\/\/brandgioielli.it\/#website","url":"https:\/\/brandgioielli.it\/","name":"#BrandJewellery","description":"","publisher":{"@id":"https:\/\/brandgioielli.it\/#organization"},"potentialAction":[{"@type":"SearchAction","target":{"@type":"EntryPoint","urlTemplate":"https:\/\/brandgioielli.it\/?s={search_term_string}"},"query-input":{"@type":"PropertyValueSpecification","valueRequired":true,"valueName":"search_term_string"}}],"inLanguage":"fr-FR"},{"@type":"Organization","@id":"https:\/\/brandgioielli.it\/#organization","name":"Bijoux de marque","url":"https:\/\/brandgioielli.it\/","logo":{"@type":"ImageObject","inLanguage":"fr-FR","@id":"https:\/\/brandgioielli.it\/#\/schema\/logo\/image\/","url":"https:\/\/brandgioielli.it\/wp-content\/uploads\/2025\/07\/LogoBrand.png","contentUrl":"https:\/\/brandgioielli.it\/wp-content\/uploads\/2025\/07\/LogoBrand.png","width":600,"height":170,"caption":"Brand Gioielli"},"image":{"@id":"https:\/\/brandgioielli.it\/#\/schema\/logo\/image\/"}}]}},"_links":{"self":[{"href":"https:\/\/brandgioielli.it\/fr\/wp-json\/wp\/v2\/product\/101690","targetHints":{"allow":["GET"]}}],"collection":[{"href":"https:\/\/brandgioielli.it\/fr\/wp-json\/wp\/v2\/product"}],"about":[{"href":"https:\/\/brandgioielli.it\/fr\/wp-json\/wp\/v2\/types\/product"}],"version-history":[{"count":3,"href":"https:\/\/brandgioielli.it\/fr\/wp-json\/wp\/v2\/product\/101690\/revisions"}],"predecessor-version":[{"id":101702,"href":"https:\/\/brandgioielli.it\/fr\/wp-json\/wp\/v2\/product\/101690\/revisions\/101702"}],"wp:featuredmedia":[{"embeddable":true,"href":"https:\/\/brandgioielli.it\/fr\/wp-json\/wp\/v2\/media\/101396"}],"wp:attachment":[{"href":"https:\/\/brandgioielli.it\/fr\/wp-json\/wp\/v2\/media?parent=101690"}],"wp:term":[{"taxonomy":"product_brand","embeddable":true,"href":"https:\/\/brandgioielli.it\/fr\/wp-json\/wp\/v2\/product_brand?post=101690"},{"taxonomy":"product_cat","embeddable":true,"href":"https:\/\/brandgioielli.it\/fr\/wp-json\/wp\/v2\/product_cat?post=101690"},{"taxonomy":"product_tag","embeddable":true,"href":"https:\/\/brandgioielli.it\/fr\/wp-json\/wp\/v2\/product_tag?post=101690"}],"curies":[{"name":"wp","href":"https:\/\/api.w.org\/{rel}","templated":true}]}}