{"id":101623,"date":"2026-01-12T15:36:09","date_gmt":"2026-01-12T14:36:09","guid":{"rendered":"https:\/\/sandybrown-lark-277155.hostingersite.com\/?post_type=product&#038;p=101623"},"modified":"2026-04-17T18:17:17","modified_gmt":"2026-04-17T16:17:17","slug":"anello-cuore-grande-vuoto","status":"publish","type":"product","link":"https:\/\/brandgioielli.it\/fr\/produit\/anello-cuore-grande-vuoto\/","title":{"rendered":"Grande bague en forme de c\u0153ur vide"},"content":{"rendered":"<h2><strong>Grande bague en forme de c\u0153ur vide<\/strong><\/h2>\n<p>La bague grand c\u0153ur ajour\u00e9 de #Brand Gioielli se distingue par son design essentiel et contemporain. Un c\u0153ur ajour\u00e9 aux lignes douces et enveloppantes devient la pi\u00e8ce ma\u00eetresse de la bague. Sa structure \u00e9pur\u00e9e et harmonieuse sublime la forme iconique du c\u0153ur, cr\u00e9ant un \u00e9quilibre parfait entre romantisme et modernit\u00e9. \u00c9l\u00e9gante et polyvalente, cette bague est con\u00e7ue pour celles qui appr\u00e9cient un style raffin\u00e9 et audacieux. Id\u00e9ale au quotidien ou comme d\u00e9tail symbolique, elle rehausse n&#039;importe quelle tenue.<\/p>\n<p><strong>SP\u00c9CIFICATIONS TECHNIQUES<\/strong><\/p>\n<ul>\n<li>Grande bague en forme de c\u0153ur vide<\/li>\n<li>Tailles disponibles : 10, 12, 14, 16, 18, 20, 22<\/li>\n<li>Taille du c\u0153ur : 12 mm<\/li>\n<li>Finition : Acier ou PVD or<\/li>\n<li>Mat\u00e9riau : acier inoxydable<\/li>\n<\/ul>\n<p><em>Tous les bijoux de la marque #Brand sont fabriqu\u00e9s \u00e0 partir de l'acier inoxydable chirurgical le plus pur du march\u00e9, test\u00e9 pour le nickel et con\u00e7u pour \u00eatre port\u00e9 tous les jours sans crainte de d\u00e9coloration ou de signes d'usure.\u00a0<\/em><\/p>","protected":false},"excerpt":{"rendered":"<p>Anello Cuore Grande Vuoto L&#8217;anello cuore grande vuoto firmato #Brand Gioielli si distingue per il suo design essenziale e contemporaneo, caratterizzato da un cuore vuoto dalle linee morbide e avvolgenti che diventa il protagonista assoluto del gioiello. La struttura pulita e armoniosa esalta la forma iconica del cuore, creando un equilibrio perfetto tra romanticismo e [&hellip;]<\/p>\n","protected":false},"featured_media":101624,"template":"","meta":[],"product_brand":[],"product_cat":[457,25,476,19,506],"product_tag":[554],"class_list":{"0":"post-101623","1":"product","2":"type-product","3":"status-publish","4":"has-post-thumbnail","6":"product_cat-anelli","7":"product_cat-anelli-donna","8":"product_cat-coppia","9":"product_cat-donna","10":"product_cat-sotto-i-20e","11":"product_tag-collezione-pure-love","13":"first","14":"instock","15":"shipping-taxable","16":"purchasable","17":"product-type-variable"},"yoast_head":"<!-- This site is optimized with the Yoast SEO plugin v27.4 - https:\/\/yoast.com\/product\/yoast-seo-wordpress\/ -->\n<title>Anello Cuore Grande Vuoto - #BrandGioielli<\/title>\n<meta name=\"description\" content=\"Acquista ora su Brand Gioielli: Anello Cuore Grande Vuoto\" \/>\n<meta name=\"robots\" content=\"index, follow, max-snippet:-1, max-image-preview:large, max-video-preview:-1\" \/>\n<link rel=\"canonical\" href=\"https:\/\/brandgioielli.it\/fr\/produit\/anello-cuore-grande-vuoto\/\" \/>\n<meta property=\"og:locale\" content=\"fr_FR\" \/>\n<meta property=\"og:type\" content=\"article\" \/>\n<meta property=\"og:title\" content=\"Anello Cuore Grande Vuoto - #BrandGioielli\" \/>\n<meta property=\"og:description\" content=\"Acquista ora su Brand Gioielli: Anello Cuore Grande Vuoto\" \/>\n<meta property=\"og:url\" content=\"https:\/\/brandgioielli.it\/fr\/produit\/anello-cuore-grande-vuoto\/\" \/>\n<meta property=\"og:site_name\" content=\"#BrandGioielli\" \/>\n<meta property=\"article:modified_time\" content=\"2026-04-17T16:17:17+00:00\" \/>\n<meta property=\"og:image\" content=\"https:\/\/brandgioielli.it\/wp-content\/uploads\/2025\/12\/anello-cuore-grande-vuoto-acciaio.jpg\" \/>\n\t<meta property=\"og:image:width\" content=\"800\" \/>\n\t<meta property=\"og:image:height\" content=\"800\" \/>\n\t<meta property=\"og:image:type\" content=\"image\/jpeg\" \/>\n<meta name=\"twitter:card\" content=\"summary_large_image\" \/>\n<meta name=\"twitter:label1\" content=\"Dur\u00e9e de lecture estim\u00e9e\" \/>\n\t<meta name=\"twitter:data1\" content=\"1 minute\" \/>\n<script type=\"application\/ld+json\" class=\"yoast-schema-graph\">{\"@context\":\"https:\\\/\\\/schema.org\",\"@graph\":[{\"@type\":\"WebPage\",\"@id\":\"https:\\\/\\\/brandgioielli.it\\\/prodotto\\\/anello-cuore-grande-vuoto\\\/\",\"url\":\"https:\\\/\\\/brandgioielli.it\\\/prodotto\\\/anello-cuore-grande-vuoto\\\/\",\"name\":\"Anello Cuore Grande Vuoto - #BrandGioielli\",\"isPartOf\":{\"@id\":\"https:\\\/\\\/brandgioielli.it\\\/#website\"},\"primaryImageOfPage\":{\"@id\":\"https:\\\/\\\/brandgioielli.it\\\/prodotto\\\/anello-cuore-grande-vuoto\\\/#primaryimage\"},\"image\":{\"@id\":\"https:\\\/\\\/brandgioielli.it\\\/prodotto\\\/anello-cuore-grande-vuoto\\\/#primaryimage\"},\"thumbnailUrl\":\"https:\\\/\\\/brandgioielli.it\\\/wp-content\\\/uploads\\\/2025\\\/12\\\/anello-cuore-grande-vuoto-acciaio.jpg\",\"datePublished\":\"2026-01-12T14:36:09+00:00\",\"dateModified\":\"2026-04-17T16:17:17+00:00\",\"description\":\"Acquista ora su Brand Gioielli: Anello Cuore Grande Vuoto\",\"breadcrumb\":{\"@id\":\"https:\\\/\\\/brandgioielli.it\\\/prodotto\\\/anello-cuore-grande-vuoto\\\/#breadcrumb\"},\"inLanguage\":\"fr-FR\",\"potentialAction\":[{\"@type\":\"ReadAction\",\"target\":[\"https:\\\/\\\/brandgioielli.it\\\/prodotto\\\/anello-cuore-grande-vuoto\\\/\"]}]},{\"@type\":\"ImageObject\",\"inLanguage\":\"fr-FR\",\"@id\":\"https:\\\/\\\/brandgioielli.it\\\/prodotto\\\/anello-cuore-grande-vuoto\\\/#primaryimage\",\"url\":\"https:\\\/\\\/brandgioielli.it\\\/wp-content\\\/uploads\\\/2025\\\/12\\\/anello-cuore-grande-vuoto-acciaio.jpg\",\"contentUrl\":\"https:\\\/\\\/brandgioielli.it\\\/wp-content\\\/uploads\\\/2025\\\/12\\\/anello-cuore-grande-vuoto-acciaio.jpg\",\"width\":800,\"height\":800},{\"@type\":\"BreadcrumbList\",\"@id\":\"https:\\\/\\\/brandgioielli.it\\\/prodotto\\\/anello-cuore-grande-vuoto\\\/#breadcrumb\",\"itemListElement\":[{\"@type\":\"ListItem\",\"position\":1,\"name\":\"Home\",\"item\":\"https:\\\/\\\/brandgioielli.it\\\/\"},{\"@type\":\"ListItem\",\"position\":2,\"name\":\"Shop\",\"item\":\"https:\\\/\\\/brandgioielli.it\\\/shop\\\/\"},{\"@type\":\"ListItem\",\"position\":3,\"name\":\"Anello Cuore Grande Vuoto\"}]},{\"@type\":\"WebSite\",\"@id\":\"https:\\\/\\\/brandgioielli.it\\\/#website\",\"url\":\"https:\\\/\\\/brandgioielli.it\\\/\",\"name\":\"#BrandGioielli\",\"description\":\"\",\"publisher\":{\"@id\":\"https:\\\/\\\/brandgioielli.it\\\/#organization\"},\"potentialAction\":[{\"@type\":\"SearchAction\",\"target\":{\"@type\":\"EntryPoint\",\"urlTemplate\":\"https:\\\/\\\/brandgioielli.it\\\/?s={search_term_string}\"},\"query-input\":{\"@type\":\"PropertyValueSpecification\",\"valueRequired\":true,\"valueName\":\"search_term_string\"}}],\"inLanguage\":\"fr-FR\"},{\"@type\":\"Organization\",\"@id\":\"https:\\\/\\\/brandgioielli.it\\\/#organization\",\"name\":\"Brand Gioielli\",\"url\":\"https:\\\/\\\/brandgioielli.it\\\/\",\"logo\":{\"@type\":\"ImageObject\",\"inLanguage\":\"fr-FR\",\"@id\":\"https:\\\/\\\/brandgioielli.it\\\/#\\\/schema\\\/logo\\\/image\\\/\",\"url\":\"https:\\\/\\\/brandgioielli.it\\\/wp-content\\\/uploads\\\/2025\\\/07\\\/LogoBrand.png\",\"contentUrl\":\"https:\\\/\\\/brandgioielli.it\\\/wp-content\\\/uploads\\\/2025\\\/07\\\/LogoBrand.png\",\"width\":600,\"height\":170,\"caption\":\"Brand Gioielli\"},\"image\":{\"@id\":\"https:\\\/\\\/brandgioielli.it\\\/#\\\/schema\\\/logo\\\/image\\\/\"}}]}<\/script>\n<!-- \/ Yoast SEO plugin. -->","yoast_head_json":{"title":"Bague c\u0153ur vide grand format - #BrandGioielli","description":"Achetez d\u00e8s maintenant chez Brand Gioielli : Bague Grand C\u0153ur Vide","robots":{"index":"index","follow":"follow","max-snippet":"max-snippet:-1","max-image-preview":"max-image-preview:large","max-video-preview":"max-video-preview:-1"},"canonical":"https:\/\/brandgioielli.it\/fr\/produit\/anello-cuore-grande-vuoto\/","og_locale":"fr_FR","og_type":"article","og_title":"Anello Cuore Grande Vuoto - #BrandGioielli","og_description":"Acquista ora su Brand Gioielli: Anello Cuore Grande Vuoto","og_url":"https:\/\/brandgioielli.it\/fr\/produit\/anello-cuore-grande-vuoto\/","og_site_name":"#BrandGioielli","article_modified_time":"2026-04-17T16:17:17+00:00","og_image":[{"width":800,"height":800,"url":"https:\/\/brandgioielli.it\/wp-content\/uploads\/2025\/12\/anello-cuore-grande-vuoto-acciaio.jpg","type":"image\/jpeg"}],"twitter_card":"summary_large_image","twitter_misc":{"Dur\u00e9e de lecture estim\u00e9e":"1 minute"},"schema":{"@context":"https:\/\/schema.org","@graph":[{"@type":"WebPage","@id":"https:\/\/brandgioielli.it\/prodotto\/anello-cuore-grande-vuoto\/","url":"https:\/\/brandgioielli.it\/prodotto\/anello-cuore-grande-vuoto\/","name":"Bague c\u0153ur vide grand format - #BrandGioielli","isPartOf":{"@id":"https:\/\/brandgioielli.it\/#website"},"primaryImageOfPage":{"@id":"https:\/\/brandgioielli.it\/prodotto\/anello-cuore-grande-vuoto\/#primaryimage"},"image":{"@id":"https:\/\/brandgioielli.it\/prodotto\/anello-cuore-grande-vuoto\/#primaryimage"},"thumbnailUrl":"https:\/\/brandgioielli.it\/wp-content\/uploads\/2025\/12\/anello-cuore-grande-vuoto-acciaio.jpg","datePublished":"2026-01-12T14:36:09+00:00","dateModified":"2026-04-17T16:17:17+00:00","description":"Achetez d\u00e8s maintenant chez Brand Gioielli : Bague Grand C\u0153ur Vide","breadcrumb":{"@id":"https:\/\/brandgioielli.it\/prodotto\/anello-cuore-grande-vuoto\/#breadcrumb"},"inLanguage":"fr-FR","potentialAction":[{"@type":"ReadAction","target":["https:\/\/brandgioielli.it\/prodotto\/anello-cuore-grande-vuoto\/"]}]},{"@type":"ImageObject","inLanguage":"fr-FR","@id":"https:\/\/brandgioielli.it\/prodotto\/anello-cuore-grande-vuoto\/#primaryimage","url":"https:\/\/brandgioielli.it\/wp-content\/uploads\/2025\/12\/anello-cuore-grande-vuoto-acciaio.jpg","contentUrl":"https:\/\/brandgioielli.it\/wp-content\/uploads\/2025\/12\/anello-cuore-grande-vuoto-acciaio.jpg","width":800,"height":800},{"@type":"BreadcrumbList","@id":"https:\/\/brandgioielli.it\/prodotto\/anello-cuore-grande-vuoto\/#breadcrumb","itemListElement":[{"@type":"ListItem","position":1,"name":"Home","item":"https:\/\/brandgioielli.it\/"},{"@type":"ListItem","position":2,"name":"Shop","item":"https:\/\/brandgioielli.it\/shop\/"},{"@type":"ListItem","position":3,"name":"Anello Cuore Grande Vuoto"}]},{"@type":"WebSite","@id":"https:\/\/brandgioielli.it\/#website","url":"https:\/\/brandgioielli.it\/","name":"#BrandJewellery","description":"","publisher":{"@id":"https:\/\/brandgioielli.it\/#organization"},"potentialAction":[{"@type":"SearchAction","target":{"@type":"EntryPoint","urlTemplate":"https:\/\/brandgioielli.it\/?s={search_term_string}"},"query-input":{"@type":"PropertyValueSpecification","valueRequired":true,"valueName":"search_term_string"}}],"inLanguage":"fr-FR"},{"@type":"Organization","@id":"https:\/\/brandgioielli.it\/#organization","name":"Bijoux de marque","url":"https:\/\/brandgioielli.it\/","logo":{"@type":"ImageObject","inLanguage":"fr-FR","@id":"https:\/\/brandgioielli.it\/#\/schema\/logo\/image\/","url":"https:\/\/brandgioielli.it\/wp-content\/uploads\/2025\/07\/LogoBrand.png","contentUrl":"https:\/\/brandgioielli.it\/wp-content\/uploads\/2025\/07\/LogoBrand.png","width":600,"height":170,"caption":"Brand Gioielli"},"image":{"@id":"https:\/\/brandgioielli.it\/#\/schema\/logo\/image\/"}}]}},"_links":{"self":[{"href":"https:\/\/brandgioielli.it\/fr\/wp-json\/wp\/v2\/product\/101623","targetHints":{"allow":["GET"]}}],"collection":[{"href":"https:\/\/brandgioielli.it\/fr\/wp-json\/wp\/v2\/product"}],"about":[{"href":"https:\/\/brandgioielli.it\/fr\/wp-json\/wp\/v2\/types\/product"}],"version-history":[{"count":2,"href":"https:\/\/brandgioielli.it\/fr\/wp-json\/wp\/v2\/product\/101623\/revisions"}],"predecessor-version":[{"id":101894,"href":"https:\/\/brandgioielli.it\/fr\/wp-json\/wp\/v2\/product\/101623\/revisions\/101894"}],"wp:featuredmedia":[{"embeddable":true,"href":"https:\/\/brandgioielli.it\/fr\/wp-json\/wp\/v2\/media\/101624"}],"wp:attachment":[{"href":"https:\/\/brandgioielli.it\/fr\/wp-json\/wp\/v2\/media?parent=101623"}],"wp:term":[{"taxonomy":"product_brand","embeddable":true,"href":"https:\/\/brandgioielli.it\/fr\/wp-json\/wp\/v2\/product_brand?post=101623"},{"taxonomy":"product_cat","embeddable":true,"href":"https:\/\/brandgioielli.it\/fr\/wp-json\/wp\/v2\/product_cat?post=101623"},{"taxonomy":"product_tag","embeddable":true,"href":"https:\/\/brandgioielli.it\/fr\/wp-json\/wp\/v2\/product_tag?post=101623"}],"curies":[{"name":"wp","href":"https:\/\/api.w.org\/{rel}","templated":true}]}}