{"id":101539,"date":"2026-01-15T16:34:26","date_gmt":"2026-01-15T15:34:26","guid":{"rendered":"https:\/\/sandybrown-lark-277155.hostingersite.com\/?post_type=product&#038;p=101539"},"modified":"2026-04-17T14:17:16","modified_gmt":"2026-04-17T12:17:16","slug":"collana-cuore-grande-vuoto-cristalli","status":"publish","type":"product","link":"https:\/\/brandgioielli.it\/fr\/produit\/collana-cuore-grande-vuoto-cristalli\/","title":{"rendered":"Collier en forme de grand c\u0153ur vide orn\u00e9 de cristaux"},"content":{"rendered":"<h2><strong>Collier en forme de grand c\u0153ur vide orn\u00e9 de cristaux<\/strong><\/h2>\n<p>Le grand collier c\u0153ur ajour\u00e9 orn\u00e9 de cristaux de la marque Gioielli (#) se distingue par son design \u00e9l\u00e9gant et lumineux. Sa cha\u00eene contemporaine est sublim\u00e9e par un c\u0153ur ajour\u00e9 harmonieux, orn\u00e9 de cristaux qui rehaussent son \u00e9clat. La forme iconique du c\u0153ur, alli\u00e9e \u00e0 ses lignes \u00e9pur\u00e9es, conf\u00e8re \u00e0 ce bijou un raffinement et un impact visuel saisissant, id\u00e9al pour apporter une touche romantique et moderne \u00e0 toutes vos tenues.<\/p>\n<p><strong>SP\u00c9CIFICATIONS TECHNIQUES<\/strong><\/p>\n<ul>\n<li>Collier en forme de grand c\u0153ur vide orn\u00e9 de cristaux<\/li>\n<li>Longueur : 60 cm + 5 cm d&#039;extension<\/li>\n<li>Taille du c\u0153ur : 42 mm<\/li>\n<li>Finition : Acier ou PVD or<\/li>\n<li>Mat\u00e9riau : acier inoxydable<\/li>\n<\/ul>\n<p><em>Tous les bijoux de la marque #Brand sont fabriqu\u00e9s \u00e0 partir de l'acier inoxydable chirurgical le plus pur du march\u00e9, test\u00e9 pour le nickel et con\u00e7u pour \u00eatre port\u00e9 tous les jours sans crainte de d\u00e9coloration ou de signes d'usure.\u00a0<\/em><\/p>","protected":false},"excerpt":{"rendered":"<p>Collana Cuore Grande Vuoto con Cristalli La collana cuore grande vuoto con cristalli firmato #Brand Gioielli si distingue per il suo design elegante e luminoso, caratterizzato da una catena dal gusto contemporaneo impreziosita da un cuore vuoto dal profilo armonioso, decorato con cristalli che ne esaltano la brillantezza. La forma iconica del cuore, unita alla [&hellip;]<\/p>\n","protected":false},"featured_media":101543,"template":"","meta":[],"product_brand":[],"product_cat":[567,458,23,476,19],"product_tag":[552],"class_list":{"0":"post-101539","1":"product","2":"type-product","3":"status-publish","4":"has-post-thumbnail","6":"product_cat-brand-carpet","7":"product_cat-collane","8":"product_cat-collane-donna","9":"product_cat-coppia","10":"product_cat-donna","11":"product_tag-collezione-crystal-love","13":"first","14":"instock","15":"shipping-taxable","16":"purchasable","17":"product-type-variable"},"yoast_head":"<!-- This site is optimized with the Yoast SEO plugin v27.4 - https:\/\/yoast.com\/product\/yoast-seo-wordpress\/ -->\n<title>Collana Cuore Grande Vuoto Cristalli - #BrandGioielli<\/title>\n<meta name=\"description\" content=\"Acquista ora su Brand Gioielli: Collana Cuore Grande Vuoto Cristalli\" \/>\n<meta name=\"robots\" content=\"index, follow, max-snippet:-1, max-image-preview:large, max-video-preview:-1\" \/>\n<link rel=\"canonical\" href=\"https:\/\/brandgioielli.it\/fr\/produit\/collana-cuore-grande-vuoto-cristalli\/\" \/>\n<meta property=\"og:locale\" content=\"fr_FR\" \/>\n<meta property=\"og:type\" content=\"article\" \/>\n<meta property=\"og:title\" content=\"Collana Cuore Grande Vuoto Cristalli - #BrandGioielli\" \/>\n<meta property=\"og:description\" content=\"Acquista ora su Brand Gioielli: Collana Cuore Grande Vuoto Cristalli\" \/>\n<meta property=\"og:url\" content=\"https:\/\/brandgioielli.it\/fr\/produit\/collana-cuore-grande-vuoto-cristalli\/\" \/>\n<meta property=\"og:site_name\" content=\"#BrandGioielli\" \/>\n<meta property=\"article:modified_time\" content=\"2026-04-17T12:17:16+00:00\" \/>\n<meta property=\"og:image\" content=\"https:\/\/brandgioielli.it\/wp-content\/uploads\/2025\/12\/collana-grande-cuore-vuoto-cristalli-acciaio.jpg\" \/>\n\t<meta property=\"og:image:width\" content=\"2000\" \/>\n\t<meta property=\"og:image:height\" content=\"2000\" \/>\n\t<meta property=\"og:image:type\" content=\"image\/jpeg\" \/>\n<meta name=\"twitter:card\" content=\"summary_large_image\" \/>\n<meta name=\"twitter:label1\" content=\"Dur\u00e9e de lecture estim\u00e9e\" \/>\n\t<meta name=\"twitter:data1\" content=\"1 minute\" \/>\n<script type=\"application\/ld+json\" class=\"yoast-schema-graph\">{\"@context\":\"https:\\\/\\\/schema.org\",\"@graph\":[{\"@type\":\"WebPage\",\"@id\":\"https:\\\/\\\/brandgioielli.it\\\/prodotto\\\/collana-cuore-grande-vuoto-cristalli\\\/\",\"url\":\"https:\\\/\\\/brandgioielli.it\\\/prodotto\\\/collana-cuore-grande-vuoto-cristalli\\\/\",\"name\":\"Collana Cuore Grande Vuoto Cristalli - #BrandGioielli\",\"isPartOf\":{\"@id\":\"https:\\\/\\\/brandgioielli.it\\\/#website\"},\"primaryImageOfPage\":{\"@id\":\"https:\\\/\\\/brandgioielli.it\\\/prodotto\\\/collana-cuore-grande-vuoto-cristalli\\\/#primaryimage\"},\"image\":{\"@id\":\"https:\\\/\\\/brandgioielli.it\\\/prodotto\\\/collana-cuore-grande-vuoto-cristalli\\\/#primaryimage\"},\"thumbnailUrl\":\"https:\\\/\\\/brandgioielli.it\\\/wp-content\\\/uploads\\\/2025\\\/12\\\/collana-grande-cuore-vuoto-cristalli-acciaio.jpg\",\"datePublished\":\"2026-01-15T15:34:26+00:00\",\"dateModified\":\"2026-04-17T12:17:16+00:00\",\"description\":\"Acquista ora su Brand Gioielli: Collana Cuore Grande Vuoto Cristalli\",\"breadcrumb\":{\"@id\":\"https:\\\/\\\/brandgioielli.it\\\/prodotto\\\/collana-cuore-grande-vuoto-cristalli\\\/#breadcrumb\"},\"inLanguage\":\"fr-FR\",\"potentialAction\":[{\"@type\":\"ReadAction\",\"target\":[\"https:\\\/\\\/brandgioielli.it\\\/prodotto\\\/collana-cuore-grande-vuoto-cristalli\\\/\"]}]},{\"@type\":\"ImageObject\",\"inLanguage\":\"fr-FR\",\"@id\":\"https:\\\/\\\/brandgioielli.it\\\/prodotto\\\/collana-cuore-grande-vuoto-cristalli\\\/#primaryimage\",\"url\":\"https:\\\/\\\/brandgioielli.it\\\/wp-content\\\/uploads\\\/2025\\\/12\\\/collana-grande-cuore-vuoto-cristalli-acciaio.jpg\",\"contentUrl\":\"https:\\\/\\\/brandgioielli.it\\\/wp-content\\\/uploads\\\/2025\\\/12\\\/collana-grande-cuore-vuoto-cristalli-acciaio.jpg\",\"width\":2000,\"height\":2000},{\"@type\":\"BreadcrumbList\",\"@id\":\"https:\\\/\\\/brandgioielli.it\\\/prodotto\\\/collana-cuore-grande-vuoto-cristalli\\\/#breadcrumb\",\"itemListElement\":[{\"@type\":\"ListItem\",\"position\":1,\"name\":\"Home\",\"item\":\"https:\\\/\\\/brandgioielli.it\\\/\"},{\"@type\":\"ListItem\",\"position\":2,\"name\":\"Shop\",\"item\":\"https:\\\/\\\/brandgioielli.it\\\/shop\\\/\"},{\"@type\":\"ListItem\",\"position\":3,\"name\":\"Collana Cuore Grande Vuoto Cristalli\"}]},{\"@type\":\"WebSite\",\"@id\":\"https:\\\/\\\/brandgioielli.it\\\/#website\",\"url\":\"https:\\\/\\\/brandgioielli.it\\\/\",\"name\":\"#BrandGioielli\",\"description\":\"\",\"publisher\":{\"@id\":\"https:\\\/\\\/brandgioielli.it\\\/#organization\"},\"potentialAction\":[{\"@type\":\"SearchAction\",\"target\":{\"@type\":\"EntryPoint\",\"urlTemplate\":\"https:\\\/\\\/brandgioielli.it\\\/?s={search_term_string}\"},\"query-input\":{\"@type\":\"PropertyValueSpecification\",\"valueRequired\":true,\"valueName\":\"search_term_string\"}}],\"inLanguage\":\"fr-FR\"},{\"@type\":\"Organization\",\"@id\":\"https:\\\/\\\/brandgioielli.it\\\/#organization\",\"name\":\"Brand Gioielli\",\"url\":\"https:\\\/\\\/brandgioielli.it\\\/\",\"logo\":{\"@type\":\"ImageObject\",\"inLanguage\":\"fr-FR\",\"@id\":\"https:\\\/\\\/brandgioielli.it\\\/#\\\/schema\\\/logo\\\/image\\\/\",\"url\":\"https:\\\/\\\/brandgioielli.it\\\/wp-content\\\/uploads\\\/2025\\\/07\\\/LogoBrand.png\",\"contentUrl\":\"https:\\\/\\\/brandgioielli.it\\\/wp-content\\\/uploads\\\/2025\\\/07\\\/LogoBrand.png\",\"width\":600,\"height\":170,\"caption\":\"Brand Gioielli\"},\"image\":{\"@id\":\"https:\\\/\\\/brandgioielli.it\\\/#\\\/schema\\\/logo\\\/image\\\/\"}}]}<\/script>\n<!-- \/ Yoast SEO plugin. -->","yoast_head_json":{"title":"Collier en forme de grand c\u0153ur vide orn\u00e9 de cristaux - #BrandGioielli","description":"Achetez d\u00e8s maintenant chez Brand Gioielli\u00a0: Collier grand c\u0153ur vide orn\u00e9 de cristaux","robots":{"index":"index","follow":"follow","max-snippet":"max-snippet:-1","max-image-preview":"max-image-preview:large","max-video-preview":"max-video-preview:-1"},"canonical":"https:\/\/brandgioielli.it\/fr\/produit\/collana-cuore-grande-vuoto-cristalli\/","og_locale":"fr_FR","og_type":"article","og_title":"Collana Cuore Grande Vuoto Cristalli - #BrandGioielli","og_description":"Acquista ora su Brand Gioielli: Collana Cuore Grande Vuoto Cristalli","og_url":"https:\/\/brandgioielli.it\/fr\/produit\/collana-cuore-grande-vuoto-cristalli\/","og_site_name":"#BrandGioielli","article_modified_time":"2026-04-17T12:17:16+00:00","og_image":[{"width":2000,"height":2000,"url":"https:\/\/brandgioielli.it\/wp-content\/uploads\/2025\/12\/collana-grande-cuore-vuoto-cristalli-acciaio.jpg","type":"image\/jpeg"}],"twitter_card":"summary_large_image","twitter_misc":{"Dur\u00e9e de lecture estim\u00e9e":"1 minute"},"schema":{"@context":"https:\/\/schema.org","@graph":[{"@type":"WebPage","@id":"https:\/\/brandgioielli.it\/prodotto\/collana-cuore-grande-vuoto-cristalli\/","url":"https:\/\/brandgioielli.it\/prodotto\/collana-cuore-grande-vuoto-cristalli\/","name":"Collier en forme de grand c\u0153ur vide orn\u00e9 de cristaux - #BrandGioielli","isPartOf":{"@id":"https:\/\/brandgioielli.it\/#website"},"primaryImageOfPage":{"@id":"https:\/\/brandgioielli.it\/prodotto\/collana-cuore-grande-vuoto-cristalli\/#primaryimage"},"image":{"@id":"https:\/\/brandgioielli.it\/prodotto\/collana-cuore-grande-vuoto-cristalli\/#primaryimage"},"thumbnailUrl":"https:\/\/brandgioielli.it\/wp-content\/uploads\/2025\/12\/collana-grande-cuore-vuoto-cristalli-acciaio.jpg","datePublished":"2026-01-15T15:34:26+00:00","dateModified":"2026-04-17T12:17:16+00:00","description":"Achetez d\u00e8s maintenant chez Brand Gioielli\u00a0: Collier grand c\u0153ur vide orn\u00e9 de cristaux","breadcrumb":{"@id":"https:\/\/brandgioielli.it\/prodotto\/collana-cuore-grande-vuoto-cristalli\/#breadcrumb"},"inLanguage":"fr-FR","potentialAction":[{"@type":"ReadAction","target":["https:\/\/brandgioielli.it\/prodotto\/collana-cuore-grande-vuoto-cristalli\/"]}]},{"@type":"ImageObject","inLanguage":"fr-FR","@id":"https:\/\/brandgioielli.it\/prodotto\/collana-cuore-grande-vuoto-cristalli\/#primaryimage","url":"https:\/\/brandgioielli.it\/wp-content\/uploads\/2025\/12\/collana-grande-cuore-vuoto-cristalli-acciaio.jpg","contentUrl":"https:\/\/brandgioielli.it\/wp-content\/uploads\/2025\/12\/collana-grande-cuore-vuoto-cristalli-acciaio.jpg","width":2000,"height":2000},{"@type":"BreadcrumbList","@id":"https:\/\/brandgioielli.it\/prodotto\/collana-cuore-grande-vuoto-cristalli\/#breadcrumb","itemListElement":[{"@type":"ListItem","position":1,"name":"Home","item":"https:\/\/brandgioielli.it\/"},{"@type":"ListItem","position":2,"name":"Shop","item":"https:\/\/brandgioielli.it\/shop\/"},{"@type":"ListItem","position":3,"name":"Collana Cuore Grande Vuoto Cristalli"}]},{"@type":"WebSite","@id":"https:\/\/brandgioielli.it\/#website","url":"https:\/\/brandgioielli.it\/","name":"#BrandJewellery","description":"","publisher":{"@id":"https:\/\/brandgioielli.it\/#organization"},"potentialAction":[{"@type":"SearchAction","target":{"@type":"EntryPoint","urlTemplate":"https:\/\/brandgioielli.it\/?s={search_term_string}"},"query-input":{"@type":"PropertyValueSpecification","valueRequired":true,"valueName":"search_term_string"}}],"inLanguage":"fr-FR"},{"@type":"Organization","@id":"https:\/\/brandgioielli.it\/#organization","name":"Bijoux de marque","url":"https:\/\/brandgioielli.it\/","logo":{"@type":"ImageObject","inLanguage":"fr-FR","@id":"https:\/\/brandgioielli.it\/#\/schema\/logo\/image\/","url":"https:\/\/brandgioielli.it\/wp-content\/uploads\/2025\/07\/LogoBrand.png","contentUrl":"https:\/\/brandgioielli.it\/wp-content\/uploads\/2025\/07\/LogoBrand.png","width":600,"height":170,"caption":"Brand Gioielli"},"image":{"@id":"https:\/\/brandgioielli.it\/#\/schema\/logo\/image\/"}}]}},"_links":{"self":[{"href":"https:\/\/brandgioielli.it\/fr\/wp-json\/wp\/v2\/product\/101539","targetHints":{"allow":["GET"]}}],"collection":[{"href":"https:\/\/brandgioielli.it\/fr\/wp-json\/wp\/v2\/product"}],"about":[{"href":"https:\/\/brandgioielli.it\/fr\/wp-json\/wp\/v2\/types\/product"}],"version-history":[{"count":2,"href":"https:\/\/brandgioielli.it\/fr\/wp-json\/wp\/v2\/product\/101539\/revisions"}],"predecessor-version":[{"id":101548,"href":"https:\/\/brandgioielli.it\/fr\/wp-json\/wp\/v2\/product\/101539\/revisions\/101548"}],"wp:featuredmedia":[{"embeddable":true,"href":"https:\/\/brandgioielli.it\/fr\/wp-json\/wp\/v2\/media\/101543"}],"wp:attachment":[{"href":"https:\/\/brandgioielli.it\/fr\/wp-json\/wp\/v2\/media?parent=101539"}],"wp:term":[{"taxonomy":"product_brand","embeddable":true,"href":"https:\/\/brandgioielli.it\/fr\/wp-json\/wp\/v2\/product_brand?post=101539"},{"taxonomy":"product_cat","embeddable":true,"href":"https:\/\/brandgioielli.it\/fr\/wp-json\/wp\/v2\/product_cat?post=101539"},{"taxonomy":"product_tag","embeddable":true,"href":"https:\/\/brandgioielli.it\/fr\/wp-json\/wp\/v2\/product_tag?post=101539"}],"curies":[{"name":"wp","href":"https:\/\/api.w.org\/{rel}","templated":true}]}}